{"id":102543,"date":"2021-12-22T08:37:44","date_gmt":"2021-12-22T06:37:44","guid":{"rendered":"https:\/\/www.raxxa.com\/shop\/gutscheinkarte\/"},"modified":"2021-12-22T13:37:10","modified_gmt":"2021-12-22T11:37:10","slug":"gutscheinkarte","status":"publish","type":"product","link":"https:\/\/www.raxxa.com\/fr\/shop\/gutscheinkarte\/","title":{"rendered":"Carte-cadeau raxxa"},"content":{"rendered":"<p>carte de bon raxxa.<\/p>\n<p>Offrir simplement une attention pour chaque occasion.<\/p>\n<p>Choisissez parmi une s\u00e9lection de diff\u00e9rents motifs et ajoutez un commentaire personnel \u00e0 la carte-cadeau.<\/p>\n<p>Vous recevrez imm\u00e9diatement apr\u00e8s le processus de commande une carte-cadeau avec le montant souhait\u00e9 \u00e0 transmettre ou \u00e0 imprimer, qui pourra \u00eatre utilis\u00e9e plus tard ici dans la boutique.<\/p>\n<p>&nbsp;<\/p>\n<p>&nbsp;<\/p>","protected":false},"excerpt":{"rendered":"<p>carte-cadeau raxxa. Offrir facilement une attention pour chaque occasion. Choisissez parmi une s\u00e9lection de diff\u00e9rents motifs et ajoutez un commentaire personnel sur la carte cadeau. Vous recevrez imm\u00e9diatement apr\u00e8s le processus de commande une carte-cadeau avec le montant souhait\u00e9 \u00e0 transmettre ou \u00e0 imprimer, qui pourra \u00eatre utilis\u00e9e plus tard ici dans la boutique. &nbsp; &nbsp;<\/p>","protected":false},"featured_media":102549,"comment_status":"open","ping_status":"closed","template":"","meta":[],"product_brand":[],"product_cat":[10231],"product_tag":[],"class_list":{"0":"post-102543","1":"product","2":"type-product","3":"status-publish","4":"has-post-thumbnail","6":"product_cat-gutschein","8":"first","9":"instock","10":"purchasable","11":"product-type-pw-gift-card"},"yoast_head":"<!-- This site is optimized with the Yoast SEO Premium plugin v27.4 (Yoast SEO v27.4) - https:\/\/yoast.com\/product\/yoast-seo-premium-wordpress\/ -->\n<title>raxxa Gutscheinkarte - raxxa<\/title>\n<meta name=\"robots\" content=\"index, follow, max-snippet:-1, max-image-preview:large, max-video-preview:-1\" \/>\n<link rel=\"canonical\" href=\"https:\/\/www.raxxa.com\/fr\/shop\/gutscheinkarte\/\" \/>\n<meta property=\"og:locale\" content=\"fr_FR\" \/>\n<meta property=\"og:type\" content=\"article\" \/>\n<meta property=\"og:title\" content=\"raxxa Gutscheinkarte\" \/>\n<meta property=\"og:description\" content=\"raxxa Gutscheinkarte. F\u00fcr jeden Anlass einfach eine Aufmerksamkeit verschenken. W\u00e4hlen Sie aus einer Auswahl von verschiedenen Motiven und versehen Sie die Gutscheinkarte mit einem pers\u00f6nlichen Kommentar. Sie erhalten sofort nach dem Bestellvorgang eine Gutscheinkarte mit Ihren gew\u00fcnschten Betrag zum weiterleiten oder ausdrucken, der sp\u00e4ter hier im Shop eingel\u00f6st werden kann. &nbsp; &nbsp;\" \/>\n<meta property=\"og:url\" content=\"https:\/\/www.raxxa.com\/fr\/shop\/gutscheinkarte\/\" \/>\n<meta property=\"og:site_name\" content=\"raxxa\" \/>\n<meta property=\"article:publisher\" content=\"https:\/\/facebook.com\/raxxacom\" \/>\n<meta property=\"article:modified_time\" content=\"2021-12-22T11:37:10+00:00\" \/>\n<meta property=\"og:image\" content=\"https:\/\/www.raxxa.com\/wp-content\/uploads\/2021\/12\/pw-gift-card.png\" \/>\n\t<meta property=\"og:image:width\" content=\"512\" \/>\n\t<meta property=\"og:image:height\" content=\"512\" \/>\n\t<meta property=\"og:image:type\" content=\"image\/png\" \/>\n<meta name=\"twitter:card\" content=\"summary_large_image\" \/>\n<meta name=\"twitter:label1\" content=\"Prix\" \/>\n\t<meta name=\"twitter:data1\" content=\"&euro;0,00\" \/>\n\t<meta name=\"twitter:label2\" content=\"Disponibilit\u00e9\" \/>\n\t<meta name=\"twitter:data2\" content=\"En stock\" \/>\n<script type=\"application\/ld+json\" class=\"yoast-schema-graph\">{\"@context\":\"https:\\\/\\\/schema.org\",\"@graph\":[{\"@type\":[\"WebPage\",\"ItemPage\"],\"@id\":\"https:\\\/\\\/www.raxxa.com\\\/shop\\\/gutscheinkarte\\\/\",\"url\":\"https:\\\/\\\/www.raxxa.com\\\/shop\\\/gutscheinkarte\\\/\",\"name\":\"raxxa Gutscheinkarte - raxxa\",\"isPartOf\":{\"@id\":\"https:\\\/\\\/www.raxxa.com\\\/#website\"},\"primaryImageOfPage\":{\"@id\":\"https:\\\/\\\/www.raxxa.com\\\/shop\\\/gutscheinkarte\\\/#primaryimage\"},\"image\":{\"@id\":\"https:\\\/\\\/www.raxxa.com\\\/shop\\\/gutscheinkarte\\\/#primaryimage\"},\"thumbnailUrl\":\"https:\\\/\\\/www.raxxa.com\\\/wp-content\\\/uploads\\\/2021\\\/12\\\/pw-gift-card.png\",\"datePublished\":\"2021-12-22T06:37:44+00:00\",\"dateModified\":\"2021-12-22T11:37:10+00:00\",\"breadcrumb\":{\"@id\":\"https:\\\/\\\/www.raxxa.com\\\/shop\\\/gutscheinkarte\\\/#breadcrumb\"},\"inLanguage\":\"fr-FR\",\"potentialAction\":[{\"@type\":\"ReadAction\",\"target\":[\"https:\\\/\\\/www.raxxa.com\\\/shop\\\/gutscheinkarte\\\/\"]}]},{\"@type\":\"ImageObject\",\"inLanguage\":\"fr-FR\",\"@id\":\"https:\\\/\\\/www.raxxa.com\\\/shop\\\/gutscheinkarte\\\/#primaryimage\",\"url\":\"https:\\\/\\\/www.raxxa.com\\\/wp-content\\\/uploads\\\/2021\\\/12\\\/pw-gift-card.png\",\"contentUrl\":\"https:\\\/\\\/www.raxxa.com\\\/wp-content\\\/uploads\\\/2021\\\/12\\\/pw-gift-card.png\",\"width\":512,\"height\":512},{\"@type\":\"BreadcrumbList\",\"@id\":\"https:\\\/\\\/www.raxxa.com\\\/shop\\\/gutscheinkarte\\\/#breadcrumb\",\"itemListElement\":[{\"@type\":\"ListItem\",\"position\":1,\"name\":\"Startseite\",\"item\":\"https:\\\/\\\/www.raxxa.com\\\/\"},{\"@type\":\"ListItem\",\"position\":2,\"name\":\"Shop\",\"item\":\"https:\\\/\\\/www.raxxa.com\\\/it\\\/shop\\\/\"},{\"@type\":\"ListItem\",\"position\":3,\"name\":\"raxxa Gutscheinkarte\"}]},{\"@type\":\"WebSite\",\"@id\":\"https:\\\/\\\/www.raxxa.com\\\/#website\",\"url\":\"https:\\\/\\\/www.raxxa.com\\\/\",\"name\":\"raxxa\",\"description\":\"Einzigartige individuelle Produkte von unseren Designern\",\"publisher\":{\"@id\":\"https:\\\/\\\/www.raxxa.com\\\/#organization\"},\"potentialAction\":[{\"@type\":\"SearchAction\",\"target\":{\"@type\":\"EntryPoint\",\"urlTemplate\":\"https:\\\/\\\/www.raxxa.com\\\/?s={search_term_string}\"},\"query-input\":{\"@type\":\"PropertyValueSpecification\",\"valueRequired\":true,\"valueName\":\"search_term_string\"}}],\"inLanguage\":\"fr-FR\"},{\"@type\":\"Organization\",\"@id\":\"https:\\\/\\\/www.raxxa.com\\\/#organization\",\"name\":\"raxxa\",\"url\":\"https:\\\/\\\/www.raxxa.com\\\/\",\"logo\":{\"@type\":\"ImageObject\",\"inLanguage\":\"fr-FR\",\"@id\":\"https:\\\/\\\/www.raxxa.com\\\/#\\\/schema\\\/logo\\\/image\\\/\",\"url\":\"https:\\\/\\\/www.raxxa.com\\\/wp-content\\\/uploads\\\/2022\\\/07\\\/logo_v2.png\",\"contentUrl\":\"https:\\\/\\\/www.raxxa.com\\\/wp-content\\\/uploads\\\/2022\\\/07\\\/logo_v2.png\",\"width\":380,\"height\":382,\"caption\":\"raxxa\"},\"image\":{\"@id\":\"https:\\\/\\\/www.raxxa.com\\\/#\\\/schema\\\/logo\\\/image\\\/\"},\"sameAs\":[\"https:\\\/\\\/facebook.com\\\/raxxacom\"]}]}<\/script>\n<meta property=\"product:price:amount\" content=\"0.00\" \/>\n<meta property=\"product:price:currency\" content=\"EUR\" \/>\n<meta property=\"og:availability\" content=\"instock\" \/>\n<meta property=\"product:availability\" content=\"instock\" \/>\n<meta property=\"product:condition\" content=\"new\" \/>\n<!-- \/ Yoast SEO Premium plugin. -->","yoast_head_json":{"title":"raxxa Gutscheinkarte - raxxa","robots":{"index":"index","follow":"follow","max-snippet":"max-snippet:-1","max-image-preview":"max-image-preview:large","max-video-preview":"max-video-preview:-1"},"canonical":"https:\/\/www.raxxa.com\/fr\/shop\/gutscheinkarte\/","og_locale":"fr_FR","og_type":"article","og_title":"raxxa Gutscheinkarte","og_description":"raxxa Gutscheinkarte. F\u00fcr jeden Anlass einfach eine Aufmerksamkeit verschenken. W\u00e4hlen Sie aus einer Auswahl von verschiedenen Motiven und versehen Sie die Gutscheinkarte mit einem pers\u00f6nlichen Kommentar. Sie erhalten sofort nach dem Bestellvorgang eine Gutscheinkarte mit Ihren gew\u00fcnschten Betrag zum weiterleiten oder ausdrucken, der sp\u00e4ter hier im Shop eingel\u00f6st werden kann. &nbsp; &nbsp;","og_url":"https:\/\/www.raxxa.com\/fr\/shop\/gutscheinkarte\/","og_site_name":"raxxa","article_publisher":"https:\/\/facebook.com\/raxxacom","article_modified_time":"2021-12-22T11:37:10+00:00","og_image":[{"width":512,"height":512,"url":"https:\/\/www.raxxa.com\/wp-content\/uploads\/2021\/12\/pw-gift-card.png","type":"image\/png"}],"twitter_card":"summary_large_image","twitter_misc":{"Prix":"&euro;0,00","Disponibilit\u00e9":"En stock"},"schema":{"@context":"https:\/\/schema.org","@graph":[{"@type":["WebPage","ItemPage"],"@id":"https:\/\/www.raxxa.com\/shop\/gutscheinkarte\/","url":"https:\/\/www.raxxa.com\/shop\/gutscheinkarte\/","name":"raxxa Gutscheinkarte - raxxa","isPartOf":{"@id":"https:\/\/www.raxxa.com\/#website"},"primaryImageOfPage":{"@id":"https:\/\/www.raxxa.com\/shop\/gutscheinkarte\/#primaryimage"},"image":{"@id":"https:\/\/www.raxxa.com\/shop\/gutscheinkarte\/#primaryimage"},"thumbnailUrl":"https:\/\/www.raxxa.com\/wp-content\/uploads\/2021\/12\/pw-gift-card.png","datePublished":"2021-12-22T06:37:44+00:00","dateModified":"2021-12-22T11:37:10+00:00","breadcrumb":{"@id":"https:\/\/www.raxxa.com\/shop\/gutscheinkarte\/#breadcrumb"},"inLanguage":"fr-FR","potentialAction":[{"@type":"ReadAction","target":["https:\/\/www.raxxa.com\/shop\/gutscheinkarte\/"]}]},{"@type":"ImageObject","inLanguage":"fr-FR","@id":"https:\/\/www.raxxa.com\/shop\/gutscheinkarte\/#primaryimage","url":"https:\/\/www.raxxa.com\/wp-content\/uploads\/2021\/12\/pw-gift-card.png","contentUrl":"https:\/\/www.raxxa.com\/wp-content\/uploads\/2021\/12\/pw-gift-card.png","width":512,"height":512},{"@type":"BreadcrumbList","@id":"https:\/\/www.raxxa.com\/shop\/gutscheinkarte\/#breadcrumb","itemListElement":[{"@type":"ListItem","position":1,"name":"Startseite","item":"https:\/\/www.raxxa.com\/"},{"@type":"ListItem","position":2,"name":"Shop","item":"https:\/\/www.raxxa.com\/it\/shop\/"},{"@type":"ListItem","position":3,"name":"raxxa Gutscheinkarte"}]},{"@type":"WebSite","@id":"https:\/\/www.raxxa.com\/#website","url":"https:\/\/www.raxxa.com\/","name":"raxxa","description":"Des produits uniques et personnalis\u00e9s cr\u00e9\u00e9s par nos designers","publisher":{"@id":"https:\/\/www.raxxa.com\/#organization"},"potentialAction":[{"@type":"SearchAction","target":{"@type":"EntryPoint","urlTemplate":"https:\/\/www.raxxa.com\/?s={search_term_string}"},"query-input":{"@type":"PropertyValueSpecification","valueRequired":true,"valueName":"search_term_string"}}],"inLanguage":"fr-FR"},{"@type":"Organization","@id":"https:\/\/www.raxxa.com\/#organization","name":"raxxa","url":"https:\/\/www.raxxa.com\/","logo":{"@type":"ImageObject","inLanguage":"fr-FR","@id":"https:\/\/www.raxxa.com\/#\/schema\/logo\/image\/","url":"https:\/\/www.raxxa.com\/wp-content\/uploads\/2022\/07\/logo_v2.png","contentUrl":"https:\/\/www.raxxa.com\/wp-content\/uploads\/2022\/07\/logo_v2.png","width":380,"height":382,"caption":"raxxa"},"image":{"@id":"https:\/\/www.raxxa.com\/#\/schema\/logo\/image\/"},"sameAs":["https:\/\/facebook.com\/raxxacom"]}]},"product_price_amount":"0.00","product_price_currency":"EUR","og_availability":"instock","product_availability":"instock","product_condition":"new"},"jetpack_sharing_enabled":true,"_links":{"self":[{"href":"https:\/\/www.raxxa.com\/fr\/wp-json\/wp\/v2\/product\/102543","targetHints":{"allow":["GET"]}}],"collection":[{"href":"https:\/\/www.raxxa.com\/fr\/wp-json\/wp\/v2\/product"}],"about":[{"href":"https:\/\/www.raxxa.com\/fr\/wp-json\/wp\/v2\/types\/product"}],"replies":[{"embeddable":true,"href":"https:\/\/www.raxxa.com\/fr\/wp-json\/wp\/v2\/comments?post=102543"}],"wp:featuredmedia":[{"embeddable":true,"href":"https:\/\/www.raxxa.com\/fr\/wp-json\/wp\/v2\/media\/102549"}],"wp:attachment":[{"href":"https:\/\/www.raxxa.com\/fr\/wp-json\/wp\/v2\/media?parent=102543"}],"wp:term":[{"taxonomy":"product_brand","embeddable":true,"href":"https:\/\/www.raxxa.com\/fr\/wp-json\/wp\/v2\/product_brand?post=102543"},{"taxonomy":"product_cat","embeddable":true,"href":"https:\/\/www.raxxa.com\/fr\/wp-json\/wp\/v2\/product_cat?post=102543"},{"taxonomy":"product_tag","embeddable":true,"href":"https:\/\/www.raxxa.com\/fr\/wp-json\/wp\/v2\/product_tag?post=102543"}],"curies":[{"name":"wp","href":"https:\/\/api.w.org\/{rel}","templated":true}]}}