{"id":62,"date":"2021-04-03T10:12:09","date_gmt":"2021-04-03T10:12:09","guid":{"rendered":"https:\/\/www.raxxa.com\/?page_id=62"},"modified":"2021-12-03T08:48:36","modified_gmt":"2021-12-03T06:48:36","slug":"widerrufsbelehrung","status":"publish","type":"page","link":"https:\/\/www.raxxa.com\/fr\/widerrufsbelehrung\/","title":{"rendered":"Information sur le droit de r\u00e9tractation"},"content":{"rendered":"<p><strong>Information sur le droit de r\u00e9tractation<\/strong><\/p>\n\n\n\n<p>Les consommateurs disposent d'un droit de r\u00e9tractation de quatorze jours.<\/p>\n\n\n\n<p><strong>Droit de r\u00e9tractation<\/strong><\/p>\n\n\n\n<p>Vous avez le droit de vous r\u00e9tracter du pr\u00e9sent contrat sans donner de motif dans un d\u00e9lai de quatorze jours. Le d\u00e9lai de r\u00e9tractation est de quatorze jours \u00e0 compter de la date \u00e0 laquelle vous, ou un tiers autre que le transporteur et d\u00e9sign\u00e9 par vous, avez pris possession des marchandises.<br><\/p>\n\n\n\n<p>Pour exercer votre droit de r\u00e9tractation, vous devez nous informer (Hans-J\u00fcrgen Herzig, Fritz-Schubert-Ring 10c, 60388 Francfort, Allemagne, info@raxxa.com, t\u00e9l\u00e9phone : 061095067928) de votre d\u00e9cision de vous r\u00e9tracter du pr\u00e9sent contrat au moyen d'une d\u00e9claration sans \u00e9quivoque (par exemple, lettre envoy\u00e9e par la poste, t\u00e9l\u00e9copie ou courrier \u00e9lectronique). Vous pouvez utiliser \u00e0 cet effet le mod\u00e8le de formulaire de r\u00e9tractation ci-joint, qui n'est toutefois pas obligatoire.<\/p>\n\n\n\n<p>Pour que le d\u00e9lai de r\u00e9tractation soit respect\u00e9, il suffit que vous envoyiez la communication relative \u00e0 l'exercice du droit de r\u00e9tractation avant l'expiration du d\u00e9lai de r\u00e9tractation.<\/p>\n\n\n\n<p><strong>Cons\u00e9quences de la r\u00e9vocation<\/strong><\/p>\n\n\n\n<p>En cas de r\u00e9tractation du pr\u00e9sent contrat, nous vous rembourserons tous les paiements re\u00e7us de vous, y compris les frais de livraison (\u00e0 l'exception des frais suppl\u00e9mentaires d\u00e9coulant du fait que vous avez choisi un mode de livraison autre que le mode moins co\u00fbteux de livraison standard propos\u00e9 par nous), sans retard excessif et au plus tard quatorze jours \u00e0 compter de la date \u00e0 laquelle nous aurons \u00e9t\u00e9 inform\u00e9s de votre d\u00e9cision de r\u00e9tractation du pr\u00e9sent contrat. Pour ce remboursement, nous utilisons le m\u00eame moyen de paiement que celui que vous avez utilis\u00e9 pour la transaction initiale, \u00e0 moins qu'il n'en ait \u00e9t\u00e9 express\u00e9ment convenu autrement avec vous ; en aucun cas, des frais ne vous seront factur\u00e9s pour ce remboursement. Nous pouvons refuser le remboursement jusqu'\u00e0 ce que nous ayons r\u00e9cup\u00e9r\u00e9 les marchandises ou jusqu'\u00e0 ce que vous ayez fourni la preuve que vous avez renvoy\u00e9 les marchandises, la date retenue \u00e9tant celle du premier de ces faits.<br><\/p>\n\n\n\n<p>Vous devez renvoyer ou remettre les marchandises \u00e0 nous ou \u00e0 Hans-J\u00fcrgen Herzig (Fritz-Schubert-Ring 10c, 60388 Francfort, Allemagne) sans retard excessif et, en tout \u00e9tat de cause, au plus tard quatorze jours \u00e0 compter du jour o\u00f9 vous nous informez de votre d\u00e9cision de r\u00e9tractation du pr\u00e9sent contrat. Le d\u00e9lai est respect\u00e9 si vous renvoyez les marchandises avant l'expiration du d\u00e9lai de quatorze jours. Les frais directs de renvoi des marchandises sont \u00e0 votre charge. Vous ne devez prendre en charge une \u00e9ventuelle perte de valeur des marchandises que si cette perte de valeur est due \u00e0 une manipulation non n\u00e9cessaire pour v\u00e9rifier la nature, les caract\u00e9ristiques et le fonctionnement des marchandises.<\/p>\n\n\n\n<p>Le droit de r\u00e9tractation ne s'applique pas aux contrats suivants :<\/p>\n\n\n\n<ul class=\"wp-block-list\"><li>les contrats de fourniture de biens qui ne sont pas pr\u00e9fabriqu\u00e9s et pour la production desquels le choix ou la d\u00e9termination individuels du consommateur sont d\u00e9terminants ou qui sont clairement adapt\u00e9s aux besoins personnels du consommateur.<\/li><\/ul>\n\n\n\n<figure class=\"wp-block-table\"><table><tbody><tr><td><strong>Mod\u00e8le de formulaire de r\u00e9tractation<\/strong> <em>(Si vous souhaitez vous r\u00e9tracter, veuillez remplir et renvoyer ce formulaire).<\/em> - A Hans-J\u00fcrgen Herzig, Fritz-Schubert-Ring 10c, 60388 Francfort, Allemagne, info@raxxa.com - Par la pr\u00e9sente, je\/nous (*) r\u00e9voque(ons) le contrat que j'ai\/nous avons (*) conclu pour l'achat des produits suivants<br>Marchandises (*)\/fourniture du service suivant (*) - Command\u00e9 le (*)\/re\u00e7u le (*) - Nom du\/des consommateur(s) - Adresse du\/des consommateur(s) - Signature du\/des consommateur(s) (uniquement en cas de communication sur papier) - Date<br><br><em>(*) Biffer la mention inutile.<\/em><\/td><\/tr><\/tbody><\/table><\/figure>\n\n\n\n<p><em><a target=\"_blank\" href=\"https:\/\/legal.trustedshops.com\/produkte\/rechtstexter\" rel=\"noreferrer noopener\">Information sur le droit de r\u00e9tractation<\/a> cr\u00e9\u00e9 avec le <a target=\"_blank\" rel=\"noreferrer noopener\">Trusted Shops<\/a> Texteur juridique en coop\u00e9ration avec <a target=\"_blank\" href=\"https:\/\/foehlisch.com\" rel=\"noreferrer noopener\">F\u00d6HLISCH Avocats<\/a>.<\/em><\/p>","protected":false},"excerpt":{"rendered":"<p>Widerrufsbelehrung Verbraucher haben ein vierzehnt\u00e4giges Widerrufsrecht. Widerrufsrecht Sie haben das Recht, binnen vierzehn Tagen ohne Angabe von Gr\u00fcnden diesen Vertrag zu widerrufen. Die Widerrufsfrist betr\u00e4gt vierzehn Tage ab dem Tag an dem Sie oder ein von Ihnen benannter Dritter, der nicht der Bef\u00f6rderer ist, die Waren in Besitz genommen haben bzw. hat. Um Ihr Widerrufsrecht [&hellip;]<\/p>\n","protected":false},"author":1,"featured_media":0,"parent":0,"menu_order":0,"comment_status":"closed","ping_status":"closed","template":"","meta":{"footnotes":""},"class_list":["post-62","page","type-page","status-publish","hentry"],"yoast_head":"<!-- This site is optimized with the Yoast SEO Premium plugin v27.4 (Yoast SEO v27.4) - https:\/\/yoast.com\/product\/yoast-seo-premium-wordpress\/ -->\n<title>Widerrufsbelehrung - raxxa<\/title>\n<meta name=\"robots\" content=\"index, follow, max-snippet:-1, max-image-preview:large, max-video-preview:-1\" \/>\n<link rel=\"canonical\" href=\"https:\/\/www.raxxa.com\/fr\/widerrufsbelehrung\/\" \/>\n<meta property=\"og:locale\" content=\"fr_FR\" \/>\n<meta property=\"og:type\" content=\"article\" \/>\n<meta property=\"og:title\" content=\"Widerrufsbelehrung\" \/>\n<meta property=\"og:description\" content=\"Widerrufsbelehrung Verbraucher haben ein vierzehnt\u00e4giges Widerrufsrecht. Widerrufsrecht Sie haben das Recht, binnen vierzehn Tagen ohne Angabe von Gr\u00fcnden diesen Vertrag zu widerrufen. Die Widerrufsfrist betr\u00e4gt vierzehn Tage ab dem Tag an dem Sie oder ein von Ihnen benannter Dritter, der nicht der Bef\u00f6rderer ist, die Waren in Besitz genommen haben bzw. hat. Um Ihr Widerrufsrecht [&hellip;]\" \/>\n<meta property=\"og:url\" content=\"https:\/\/www.raxxa.com\/fr\/widerrufsbelehrung\/\" \/>\n<meta property=\"og:site_name\" content=\"raxxa\" \/>\n<meta property=\"article:publisher\" content=\"https:\/\/facebook.com\/raxxacom\" \/>\n<meta property=\"article:modified_time\" content=\"2021-12-03T06:48:36+00:00\" \/>\n<meta name=\"twitter:card\" content=\"summary_large_image\" \/>\n<meta name=\"twitter:label1\" content=\"Dur\u00e9e de lecture estim\u00e9e\" \/>\n\t<meta name=\"twitter:data1\" content=\"3 minutes\" \/>\n<script type=\"application\/ld+json\" class=\"yoast-schema-graph\">{\"@context\":\"https:\\\/\\\/schema.org\",\"@graph\":[{\"@type\":\"WebPage\",\"@id\":\"https:\\\/\\\/www.raxxa.com\\\/widerrufsbelehrung\\\/\",\"url\":\"https:\\\/\\\/www.raxxa.com\\\/widerrufsbelehrung\\\/\",\"name\":\"Widerrufsbelehrung - raxxa\",\"isPartOf\":{\"@id\":\"https:\\\/\\\/www.raxxa.com\\\/#website\"},\"datePublished\":\"2021-04-03T10:12:09+00:00\",\"dateModified\":\"2021-12-03T06:48:36+00:00\",\"breadcrumb\":{\"@id\":\"https:\\\/\\\/www.raxxa.com\\\/widerrufsbelehrung\\\/#breadcrumb\"},\"inLanguage\":\"fr-FR\",\"potentialAction\":[{\"@type\":\"ReadAction\",\"target\":[\"https:\\\/\\\/www.raxxa.com\\\/widerrufsbelehrung\\\/\"]}]},{\"@type\":\"BreadcrumbList\",\"@id\":\"https:\\\/\\\/www.raxxa.com\\\/widerrufsbelehrung\\\/#breadcrumb\",\"itemListElement\":[{\"@type\":\"ListItem\",\"position\":1,\"name\":\"Startseite\",\"item\":\"https:\\\/\\\/www.raxxa.com\\\/\"},{\"@type\":\"ListItem\",\"position\":2,\"name\":\"Widerrufsbelehrung\"}]},{\"@type\":\"WebSite\",\"@id\":\"https:\\\/\\\/www.raxxa.com\\\/#website\",\"url\":\"https:\\\/\\\/www.raxxa.com\\\/\",\"name\":\"raxxa\",\"description\":\"Einzigartige individuelle Produkte von unseren Designern\",\"publisher\":{\"@id\":\"https:\\\/\\\/www.raxxa.com\\\/#organization\"},\"potentialAction\":[{\"@type\":\"SearchAction\",\"target\":{\"@type\":\"EntryPoint\",\"urlTemplate\":\"https:\\\/\\\/www.raxxa.com\\\/?s={search_term_string}\"},\"query-input\":{\"@type\":\"PropertyValueSpecification\",\"valueRequired\":true,\"valueName\":\"search_term_string\"}}],\"inLanguage\":\"fr-FR\"},{\"@type\":\"Organization\",\"@id\":\"https:\\\/\\\/www.raxxa.com\\\/#organization\",\"name\":\"raxxa\",\"url\":\"https:\\\/\\\/www.raxxa.com\\\/\",\"logo\":{\"@type\":\"ImageObject\",\"inLanguage\":\"fr-FR\",\"@id\":\"https:\\\/\\\/www.raxxa.com\\\/#\\\/schema\\\/logo\\\/image\\\/\",\"url\":\"https:\\\/\\\/www.raxxa.com\\\/wp-content\\\/uploads\\\/2022\\\/07\\\/logo_v2.png\",\"contentUrl\":\"https:\\\/\\\/www.raxxa.com\\\/wp-content\\\/uploads\\\/2022\\\/07\\\/logo_v2.png\",\"width\":380,\"height\":382,\"caption\":\"raxxa\"},\"image\":{\"@id\":\"https:\\\/\\\/www.raxxa.com\\\/#\\\/schema\\\/logo\\\/image\\\/\"},\"sameAs\":[\"https:\\\/\\\/facebook.com\\\/raxxacom\"]}]}<\/script>\n<!-- \/ Yoast SEO Premium plugin. -->","yoast_head_json":{"title":"Information sur le droit de r\u00e9tractation - raxxa","robots":{"index":"index","follow":"follow","max-snippet":"max-snippet:-1","max-image-preview":"max-image-preview:large","max-video-preview":"max-video-preview:-1"},"canonical":"https:\/\/www.raxxa.com\/fr\/widerrufsbelehrung\/","og_locale":"fr_FR","og_type":"article","og_title":"Widerrufsbelehrung","og_description":"Widerrufsbelehrung Verbraucher haben ein vierzehnt\u00e4giges Widerrufsrecht. Widerrufsrecht Sie haben das Recht, binnen vierzehn Tagen ohne Angabe von Gr\u00fcnden diesen Vertrag zu widerrufen. Die Widerrufsfrist betr\u00e4gt vierzehn Tage ab dem Tag an dem Sie oder ein von Ihnen benannter Dritter, der nicht der Bef\u00f6rderer ist, die Waren in Besitz genommen haben bzw. hat. Um Ihr Widerrufsrecht [&hellip;]","og_url":"https:\/\/www.raxxa.com\/fr\/widerrufsbelehrung\/","og_site_name":"raxxa","article_publisher":"https:\/\/facebook.com\/raxxacom","article_modified_time":"2021-12-03T06:48:36+00:00","twitter_card":"summary_large_image","twitter_misc":{"Dur\u00e9e de lecture estim\u00e9e":"3 minutes"},"schema":{"@context":"https:\/\/schema.org","@graph":[{"@type":"WebPage","@id":"https:\/\/www.raxxa.com\/widerrufsbelehrung\/","url":"https:\/\/www.raxxa.com\/widerrufsbelehrung\/","name":"Information sur le droit de r\u00e9tractation - raxxa","isPartOf":{"@id":"https:\/\/www.raxxa.com\/#website"},"datePublished":"2021-04-03T10:12:09+00:00","dateModified":"2021-12-03T06:48:36+00:00","breadcrumb":{"@id":"https:\/\/www.raxxa.com\/widerrufsbelehrung\/#breadcrumb"},"inLanguage":"fr-FR","potentialAction":[{"@type":"ReadAction","target":["https:\/\/www.raxxa.com\/widerrufsbelehrung\/"]}]},{"@type":"BreadcrumbList","@id":"https:\/\/www.raxxa.com\/widerrufsbelehrung\/#breadcrumb","itemListElement":[{"@type":"ListItem","position":1,"name":"Startseite","item":"https:\/\/www.raxxa.com\/"},{"@type":"ListItem","position":2,"name":"Widerrufsbelehrung"}]},{"@type":"WebSite","@id":"https:\/\/www.raxxa.com\/#website","url":"https:\/\/www.raxxa.com\/","name":"raxxa","description":"Des produits uniques et personnalis\u00e9s cr\u00e9\u00e9s par nos designers","publisher":{"@id":"https:\/\/www.raxxa.com\/#organization"},"potentialAction":[{"@type":"SearchAction","target":{"@type":"EntryPoint","urlTemplate":"https:\/\/www.raxxa.com\/?s={search_term_string}"},"query-input":{"@type":"PropertyValueSpecification","valueRequired":true,"valueName":"search_term_string"}}],"inLanguage":"fr-FR"},{"@type":"Organization","@id":"https:\/\/www.raxxa.com\/#organization","name":"raxxa","url":"https:\/\/www.raxxa.com\/","logo":{"@type":"ImageObject","inLanguage":"fr-FR","@id":"https:\/\/www.raxxa.com\/#\/schema\/logo\/image\/","url":"https:\/\/www.raxxa.com\/wp-content\/uploads\/2022\/07\/logo_v2.png","contentUrl":"https:\/\/www.raxxa.com\/wp-content\/uploads\/2022\/07\/logo_v2.png","width":380,"height":382,"caption":"raxxa"},"image":{"@id":"https:\/\/www.raxxa.com\/#\/schema\/logo\/image\/"},"sameAs":["https:\/\/facebook.com\/raxxacom"]}]}},"jetpack_sharing_enabled":true,"_links":{"self":[{"href":"https:\/\/www.raxxa.com\/fr\/wp-json\/wp\/v2\/pages\/62","targetHints":{"allow":["GET"]}}],"collection":[{"href":"https:\/\/www.raxxa.com\/fr\/wp-json\/wp\/v2\/pages"}],"about":[{"href":"https:\/\/www.raxxa.com\/fr\/wp-json\/wp\/v2\/types\/page"}],"author":[{"embeddable":true,"href":"https:\/\/www.raxxa.com\/fr\/wp-json\/wp\/v2\/users\/1"}],"replies":[{"embeddable":true,"href":"https:\/\/www.raxxa.com\/fr\/wp-json\/wp\/v2\/comments?post=62"}],"version-history":[{"count":0,"href":"https:\/\/www.raxxa.com\/fr\/wp-json\/wp\/v2\/pages\/62\/revisions"}],"wp:attachment":[{"href":"https:\/\/www.raxxa.com\/fr\/wp-json\/wp\/v2\/media?parent=62"}],"curies":[{"name":"wp","href":"https:\/\/api.w.org\/{rel}","templated":true}]}}