{"id":183289,"date":"2024-01-21T22:18:32","date_gmt":"2024-01-21T20:18:32","guid":{"rendered":"https:\/\/www.raxxa.com\/?page_id=183289"},"modified":"2024-01-23T22:59:59","modified_gmt":"2024-01-23T20:59:59","slug":"bands","status":"publish","type":"page","link":"https:\/\/www.raxxa.com\/fr\/bands\/","title":{"rendered":"Bands - des articles de merchandising cool pour vos fans"},"content":{"rendered":"<div data-colibri-id=\"183289-c1\" class=\"style-3480 style-local-183289-c1 position-relative\">\n  <!---->\n  <div data-colibri-component=\"section\" data-colibri-id=\"183289-c2\" id=\"about-2\" class=\"h-section h-section-global-spacing d-flex align-items-lg-center align-items-md-center align-items-center style-3488 style-local-183289-c2 position-relative\">\n    <!---->\n    <!---->\n    <div class=\"h-section-grid-container h-section-boxed-container\">\n      <!---->\n      <div data-colibri-id=\"183289-c3\" class=\"h-row-container gutters-row-lg-0 gutters-row-md-0 gutters-row-0 gutters-row-v-lg-0 gutters-row-v-md-0 gutters-row-v-0 style-3503 style-local-183289-c3 position-relative\">\n        <!---->\n        <div class=\"h-row justify-content-lg-center justify-content-md-center justify-content-center align-items-lg-stretch align-items-md-stretch align-items-stretch gutters-col-lg-0 gutters-col-md-0 gutters-col-0 gutters-col-v-lg-0 gutters-col-v-md-0 gutters-col-v-0\">\n          <!---->\n          <div class=\"h-column h-column-container d-flex h-col-lg-auto h-col-md-auto h-col-auto style-3504-outer style-local-183289-c4-outer\">\n            <div data-colibri-id=\"183289-c4\" class=\"d-flex h-flex-basis h-column__inner h-px-lg-1 h-px-md-1 h-px-1 v-inner-lg-1 v-inner-md-1 v-inner-1 style-3504 style-local-183289-c4 position-relative\">\n              <!---->\n              <!---->\n              <div class=\"w-100 h-y-container h-column__content h-column__v-align flex-basis-100 align-self-lg-start align-self-md-start align-self-start\">\n                <!---->\n                <div data-colibri-id=\"183289-c5\" class=\"h-text h-text-component style-3505 style-local-183289-c5 position-relative h-element\">\n                  <!---->\n                  <!---->\n                  <div class=\"\">\n                    <p>Bienvenue chez raxxa<\/p>\n                  <\/div>\n                <\/div>\n              <\/div>\n            <\/div>\n          <\/div>\n        <\/div>\n      <\/div>\n      <div data-colibri-id=\"183289-c6\" class=\"h-row-container gutters-row-lg-1 gutters-row-md-1 gutters-row-0 gutters-row-v-lg-1 gutters-row-v-md-1 gutters-row-v-1 style-3498 style-local-183289-c6 position-relative\">\n        <!---->\n        <div class=\"h-row justify-content-lg-center justify-content-md-center justify-content-center align-items-lg-stretch align-items-md-stretch align-items-stretch gutters-col-lg-1 gutters-col-md-1 gutters-col-0 gutters-col-v-lg-1 gutters-col-v-md-1 gutters-col-v-1\">\n          <!---->\n          <div class=\"h-column h-column-container d-flex h-col-lg-auto h-col-md-auto h-col-auto style-3499-outer style-local-183289-c7-outer\">\n            <div data-colibri-id=\"183289-c7\" class=\"d-flex h-flex-basis h-column__inner h-px-lg-1 h-px-md-1 h-px-1 v-inner-lg-1 v-inner-md-1 v-inner-1 style-3499 style-local-183289-c7 position-relative\">\n              <!---->\n              <!---->\n              <div class=\"w-100 h-y-container h-column__content h-column__v-align flex-basis-100 align-self-lg-start align-self-md-start align-self-start\">\n                <!---->\n                <div data-colibri-id=\"183289-c8\" class=\"h-global-transition-all h-heading style-3501 style-local-183289-c8 position-relative h-element\">\n                  <!---->\n                  <div class=\"h-heading__outer style-3501 style-local-183289-c8\">\n                    <!---->\n                    <!---->\n                    <h2 class=\"\">Les produits d\u00e9riv\u00e9s sont \u00e9galement un excellent moyen de soutenir le groupe.<\/h2>\n                  <\/div>\n                <\/div>\n              <\/div>\n            <\/div>\n          <\/div>\n        <\/div>\n      <\/div>\n      <div data-colibri-id=\"183289-c9\" class=\"h-row-container gutters-row-lg-2 gutters-row-md-2 gutters-row-2 gutters-row-v-lg-2 gutters-row-v-md-2 gutters-row-v-2 style-3489 style-local-183289-c9 position-relative\">\n        <!---->\n        <div class=\"h-row justify-content-lg-center justify-content-md-center justify-content-center align-items-lg-stretch align-items-md-stretch align-items-stretch gutters-col-lg-2 gutters-col-md-2 gutters-col-2 gutters-col-v-lg-2 gutters-col-v-md-2 gutters-col-v-2\">\n          <!---->\n          <div class=\"h-column h-column-container d-flex h-col-lg-auto h-col-md-auto h-col-auto style-3490-outer style-local-183289-c10-outer\">\n            <div data-colibri-id=\"183289-c10\" class=\"d-flex h-flex-basis h-column__inner h-px-lg-2 h-px-md-2 h-px-2 v-inner-lg-2 v-inner-md-2 v-inner-2 style-3490 style-local-183289-c10 position-relative\">\n              <!---->\n              <!---->\n              <div class=\"w-100 h-y-container h-column__content h-column__v-align flex-basis-100 align-self-lg-center align-self-md-center align-self-center\">\n                <!---->\n                <div data-colibri-id=\"183289-c11\" class=\"h-text h-text-component style-3493 style-local-183289-c11 position-relative h-element\">\n                  <!---->\n                  <!---->\n                  <div class=\"\">\n                    <p>Que vous soyez \u00e0 la recherche d'un nouveau t-shirt, d'un poster, d'une tasse \u00e0 caf\u00e9 ou d'autres accessoires, nous avons les produits parfaits pour vous.\n                      <br>\n                    <\/p>\n                    <p>Contacte-nous pour savoir quels produits de merchandising nous pouvons te proposer, \u00e0 toi et \u00e0 tes fans, en toute simplicit\u00e9.<\/p>\n                    <p>Il suffit de s'inscrire chez nous en tant que groupe et de t\u00e9l\u00e9charger votre logo ou d'autres designs de couverture de vos albums ou autres.<\/p>\n                    <p>Nous cr\u00e9ons ensuite divers produits d\u00e9riv\u00e9s \u00e0 partir de ces donn\u00e9es et les proposons \u00e0 la vente \u00e0 vos fans dans notre boutique raxxa.<\/p>\n                  <\/div>\n                <\/div>\n              <\/div>\n            <\/div>\n          <\/div>\n          <div class=\"h-column h-column-container d-flex h-col-lg-auto h-col-md-auto h-col-auto style-3496-outer style-local-183289-c12-outer\">\n            <div data-colibri-id=\"183289-c12\" class=\"d-flex h-flex-basis h-column__inner h-px-lg-2 h-px-md-2 h-px-2 v-inner-lg-2 v-inner-md-2 v-inner-2 style-3496 style-local-183289-c12 position-relative\">\n              <!---->\n              <!---->\n              <div class=\"w-100 h-y-container h-column__content h-column__v-align flex-basis-100 align-self-lg-center align-self-md-center align-self-center\">\n                <!---->\n                <div data-colibri-id=\"183289-c13\" class=\"d-block style-3497 style-local-183289-c13 position-relative h-element\">\n                  <!---->\n                  <div class=\"h-image__frame-container-outer\">\n                    <div class=\"h-image__frame-container\">\n                      <!---->\n                      <!---->\n                      <img loading=\"lazy\" decoding=\"async\" width=\"4084\" height=\"4084\" src=\"https:\/\/www.raxxa.com\/wp-content\/uploads\/2024\/01\/cropped-cropped-cropped-cropped-cropped-band_merch_produkte.png\" class=\"wp-image-183396 style-3497-image style-local-183289-c13-image\" alt=\"\" srcset=\"https:\/\/www.raxxa.com\/wp-content\/uploads\/2024\/01\/cropped-cropped-cropped-cropped-cropped-band_merch_produkte.png 4084w, https:\/\/www.raxxa.com\/wp-content\/uploads\/2024\/01\/cropped-cropped-cropped-cropped-cropped-band_merch_produkte-300x300.png 300w, https:\/\/www.raxxa.com\/wp-content\/uploads\/2024\/01\/cropped-cropped-cropped-cropped-cropped-band_merch_produkte-1024x1024.png 1024w, https:\/\/www.raxxa.com\/wp-content\/uploads\/2024\/01\/cropped-cropped-cropped-cropped-cropped-band_merch_produkte-150x150.png 150w, https:\/\/www.raxxa.com\/wp-content\/uploads\/2024\/01\/cropped-cropped-cropped-cropped-cropped-band_merch_produkte-768x768.png 768w, https:\/\/www.raxxa.com\/wp-content\/uploads\/2024\/01\/cropped-cropped-cropped-cropped-cropped-band_merch_produkte-1536x1536.png 1536w, https:\/\/www.raxxa.com\/wp-content\/uploads\/2024\/01\/cropped-cropped-cropped-cropped-cropped-band_merch_produkte-2048x2048.png 2048w, https:\/\/www.raxxa.com\/wp-content\/uploads\/2024\/01\/cropped-cropped-cropped-cropped-cropped-band_merch_produkte-12x12.png 12w, https:\/\/www.raxxa.com\/wp-content\/uploads\/2024\/01\/cropped-cropped-cropped-cropped-cropped-band_merch_produkte-24x24.png 24w, https:\/\/www.raxxa.com\/wp-content\/uploads\/2024\/01\/cropped-cropped-cropped-cropped-cropped-band_merch_produkte-36x36.png 36w, https:\/\/www.raxxa.com\/wp-content\/uploads\/2024\/01\/cropped-cropped-cropped-cropped-cropped-band_merch_produkte-48x48.png 48w, https:\/\/www.raxxa.com\/wp-content\/uploads\/2024\/01\/cropped-cropped-cropped-cropped-cropped-band_merch_produkte-1320x1320.png 1320w, https:\/\/www.raxxa.com\/wp-content\/uploads\/2024\/01\/cropped-cropped-cropped-cropped-cropped-band_merch_produkte-600x600.png 600w, https:\/\/www.raxxa.com\/wp-content\/uploads\/2024\/01\/cropped-cropped-cropped-cropped-cropped-band_merch_produkte-100x100.png 100w, https:\/\/www.raxxa.com\/wp-content\/uploads\/2024\/01\/cropped-cropped-cropped-cropped-cropped-band_merch_produkte-64x64.png 64w\" sizes=\"auto, (max-width: 4084px) 100vw, 4084px\" \/>\n                      <div class=\"h-image__frame h-hide-sm style-3497-frameImage style-local-183289-c13-frameImage\"><\/div>\n                    <\/div>\n                  <\/div>\n                <\/div>\n              <\/div>\n            <\/div>\n          <\/div>\n        <\/div>\n      <\/div>\n    <\/div>\n  <\/div>\n  <div data-colibri-component=\"section\" data-colibri-id=\"183289-c14\" id=\"about-2\" class=\"h-section h-section-global-spacing d-flex align-items-lg-center align-items-md-center align-items-center style-3488 style-local-183289-c14 position-relative\">\n    <!---->\n    <!---->\n    <div class=\"h-section-grid-container h-section-boxed-container\">\n      <!---->\n      <div data-colibri-id=\"183289-c15\" class=\"h-row-container gutters-row-lg-2 gutters-row-md-2 gutters-row-2 gutters-row-v-lg-2 gutters-row-v-md-2 gutters-row-v-2 style-3489 style-local-183289-c15 position-relative\">\n        <!---->\n        <div class=\"h-row justify-content-lg-center justify-content-md-center justify-content-center align-items-lg-stretch align-items-md-stretch align-items-stretch gutters-col-lg-2 gutters-col-md-2 gutters-col-2 gutters-col-v-lg-2 gutters-col-v-md-2 gutters-col-v-2\">\n          <!---->\n          <div class=\"h-column h-column-container d-flex h-col-lg-auto h-col-md-auto h-col-auto style-3496-outer style-local-183289-c16-outer\">\n            <div data-colibri-id=\"183289-c16\" class=\"d-flex h-flex-basis h-column__inner h-px-lg-2 h-px-md-2 h-px-2 v-inner-lg-2 v-inner-md-2 v-inner-2 style-3496 style-local-183289-c16 position-relative\">\n              <!---->\n              <!---->\n              <div class=\"w-100 h-y-container h-column__content h-column__v-align flex-basis-100 align-self-lg-center align-self-md-center align-self-center\">\n                <!---->\n                <div data-colibri-id=\"183289-c17\" class=\"d-block style-3497 style-local-183289-c17 position-relative h-element\">\n                  <!---->\n                  <div class=\"h-image__frame-container-outer\">\n                    <div class=\"h-image__frame-container\">\n                      <!---->\n                      <!---->\n                      <img loading=\"lazy\" decoding=\"async\" width=\"2046\" height=\"2046\" src=\"https:\/\/www.raxxa.com\/wp-content\/uploads\/2024\/01\/cropped-136-9230-84-raxxa-wallart-Mr.-Yoda-Whimsical-Hard-Rock-Band-3k.png\" class=\"wp-image-183414 style-3497-image style-local-183289-c17-image\" alt=\"\" srcset=\"https:\/\/www.raxxa.com\/wp-content\/uploads\/2024\/01\/cropped-136-9230-84-raxxa-wallart-Mr.-Yoda-Whimsical-Hard-Rock-Band-3k.png 2046w, https:\/\/www.raxxa.com\/wp-content\/uploads\/2024\/01\/cropped-136-9230-84-raxxa-wallart-Mr.-Yoda-Whimsical-Hard-Rock-Band-3k-300x300.png 300w, https:\/\/www.raxxa.com\/wp-content\/uploads\/2024\/01\/cropped-136-9230-84-raxxa-wallart-Mr.-Yoda-Whimsical-Hard-Rock-Band-3k-1024x1024.png 1024w, https:\/\/www.raxxa.com\/wp-content\/uploads\/2024\/01\/cropped-136-9230-84-raxxa-wallart-Mr.-Yoda-Whimsical-Hard-Rock-Band-3k-150x150.png 150w, https:\/\/www.raxxa.com\/wp-content\/uploads\/2024\/01\/cropped-136-9230-84-raxxa-wallart-Mr.-Yoda-Whimsical-Hard-Rock-Band-3k-768x768.png 768w, https:\/\/www.raxxa.com\/wp-content\/uploads\/2024\/01\/cropped-136-9230-84-raxxa-wallart-Mr.-Yoda-Whimsical-Hard-Rock-Band-3k-1536x1536.png 1536w, https:\/\/www.raxxa.com\/wp-content\/uploads\/2024\/01\/cropped-136-9230-84-raxxa-wallart-Mr.-Yoda-Whimsical-Hard-Rock-Band-3k-12x12.png 12w, https:\/\/www.raxxa.com\/wp-content\/uploads\/2024\/01\/cropped-136-9230-84-raxxa-wallart-Mr.-Yoda-Whimsical-Hard-Rock-Band-3k-24x24.png 24w, https:\/\/www.raxxa.com\/wp-content\/uploads\/2024\/01\/cropped-136-9230-84-raxxa-wallart-Mr.-Yoda-Whimsical-Hard-Rock-Band-3k-36x36.png 36w, https:\/\/www.raxxa.com\/wp-content\/uploads\/2024\/01\/cropped-136-9230-84-raxxa-wallart-Mr.-Yoda-Whimsical-Hard-Rock-Band-3k-48x48.png 48w, https:\/\/www.raxxa.com\/wp-content\/uploads\/2024\/01\/cropped-136-9230-84-raxxa-wallart-Mr.-Yoda-Whimsical-Hard-Rock-Band-3k-1320x1320.png 1320w, https:\/\/www.raxxa.com\/wp-content\/uploads\/2024\/01\/cropped-136-9230-84-raxxa-wallart-Mr.-Yoda-Whimsical-Hard-Rock-Band-3k-600x600.png 600w, https:\/\/www.raxxa.com\/wp-content\/uploads\/2024\/01\/cropped-136-9230-84-raxxa-wallart-Mr.-Yoda-Whimsical-Hard-Rock-Band-3k-100x100.png 100w, https:\/\/www.raxxa.com\/wp-content\/uploads\/2024\/01\/cropped-136-9230-84-raxxa-wallart-Mr.-Yoda-Whimsical-Hard-Rock-Band-3k-64x64.png 64w\" sizes=\"auto, (max-width: 2046px) 100vw, 2046px\" \/>\n                      <div class=\"h-image__frame h-hide-sm style-3497-frameImage style-local-183289-c17-frameImage\"><\/div>\n                    <\/div>\n                  <\/div>\n                <\/div>\n              <\/div>\n            <\/div>\n          <\/div>\n          <div class=\"h-column h-column-container d-flex h-col-lg-auto h-col-md-auto h-col-auto style-3490-outer style-local-183289-c18-outer\">\n            <div data-colibri-id=\"183289-c18\" class=\"d-flex h-flex-basis h-column__inner h-px-lg-2 h-px-md-2 h-px-2 v-inner-lg-2 v-inner-md-2 v-inner-2 style-3490 style-local-183289-c18 position-relative\">\n              <!---->\n              <!---->\n              <div class=\"w-100 h-y-container h-column__content h-column__v-align flex-basis-100 align-self-lg-center align-self-md-center align-self-center\">\n                <!---->\n                <div data-colibri-id=\"183289-c19\" class=\"h-text h-text-component style-3493 style-local-183289-c19 position-relative h-element\">\n                  <!---->\n                  <!---->\n                  <div class=\"\">\n                    <p>Bien s\u00fbr, vous pouvez aussi les vendre directement lors de vos concerts.<\/p>\n                    <p>La production et l'envoi lors d'une commande \u00e0 votre fan se fait alors directement par notre interm\u00e9diaire.\n                      <br>\n                    <\/p>\n                    <p>En contrepartie, vous recevrez, en tant que groupe, une commission pour chaque vente.\n                      <br>\n                    <\/p>\n                    <p>L'adh\u00e9sion \u00e0 notre communaut\u00e9 est enti\u00e8rement gratuite pour vous.<\/p>\n                    <p>Faites-nous part de vos id\u00e9es \/ questions \/ suggestions \/ souhaits \u00e0 l'adresse suivante :<\/p>\n                    <p>\n                      <a href=\"mailto:hello@raxxa.com?subject=Anfrage\">hello@raxxa.com<\/a>\n                    <\/p>\n                    <p>\n                      <br>\n                    <\/p>\n                  <\/div>\n                <\/div>\n              <\/div>\n            <\/div>\n          <\/div>\n        <\/div>\n      <\/div>\n    <\/div>\n  <\/div>\n<\/div>","protected":false},"excerpt":{"rendered":"<p>Willkommen bei raxxa Merchandise-Produkte sind auch eine gro\u00dfartige M\u00f6glichkeit, die Band zu unterst\u00fctzen. Egal, ob Ihr auf der Suche nach einem neuen&nbsp;&nbsp;T-Shirt, einem Poster, Kaffeetasse oder anderen Accessoires seit &#8211; wir haben die perfekten Produkte f\u00fcr Euch. Sprich uns an welche Merchandise-Produkten wir Dir und Deinen Fans hier ganz unkompliziert anbieten k\u00f6nnen. Einfach als Band [&hellip;]<\/p>\n","protected":false},"author":1,"featured_media":0,"parent":0,"menu_order":0,"comment_status":"closed","ping_status":"closed","template":"page-templates\/full-width-page.php","meta":{"footnotes":""},"class_list":["post-183289","page","type-page","status-publish","hentry"],"yoast_head":"<!-- This site is optimized with the Yoast SEO Premium plugin v27.2 (Yoast SEO v27.3) - https:\/\/yoast.com\/product\/yoast-seo-premium-wordpress\/ -->\n<title>Bands - coole Merchartikel f\u00fcr Eure Fans - raxxa<\/title>\n<meta name=\"description\" content=\"Merchandising f\u00fcr Bands und K\u00fcnstler - Wir erstellen euren coolen Merchs auch in kleinen Mengen.\" \/>\n<meta name=\"robots\" content=\"index, follow, max-snippet:-1, max-image-preview:large, max-video-preview:-1\" \/>\n<link rel=\"canonical\" href=\"https:\/\/www.raxxa.com\/fr\/bands\/\" \/>\n<meta property=\"og:locale\" content=\"fr_FR\" \/>\n<meta property=\"og:type\" content=\"article\" \/>\n<meta property=\"og:title\" content=\"Bands - coole Merchartikel f\u00fcr Eure Fans\" \/>\n<meta property=\"og:description\" content=\"Merchandising f\u00fcr Bands und K\u00fcnstler - Wir erstellen euren coolen Merchs auch in kleinen Mengen.\" \/>\n<meta property=\"og:url\" content=\"https:\/\/www.raxxa.com\/fr\/bands\/\" \/>\n<meta property=\"og:site_name\" content=\"raxxa\" \/>\n<meta property=\"article:publisher\" content=\"https:\/\/facebook.com\/raxxacom\" \/>\n<meta property=\"article:modified_time\" content=\"2024-01-23T20:59:59+00:00\" \/>\n<meta property=\"og:image\" content=\"https:\/\/www.raxxa.com\/wp-content\/uploads\/2024\/01\/cropped-cropped-cropped-cropped-cropped-band_merch_produkte.png\" \/>\n<meta name=\"twitter:card\" content=\"summary_large_image\" \/>\n<meta name=\"twitter:label1\" content=\"Dur\u00e9e de lecture estim\u00e9e\" \/>\n\t<meta name=\"twitter:data1\" content=\"1 minute\" \/>\n<script type=\"application\/ld+json\" class=\"yoast-schema-graph\">{\"@context\":\"https:\\\/\\\/schema.org\",\"@graph\":[{\"@type\":\"WebPage\",\"@id\":\"https:\\\/\\\/www.raxxa.com\\\/bands\\\/\",\"url\":\"https:\\\/\\\/www.raxxa.com\\\/bands\\\/\",\"name\":\"Bands - coole Merchartikel f\u00fcr Eure Fans - raxxa\",\"isPartOf\":{\"@id\":\"https:\\\/\\\/www.raxxa.com\\\/#website\"},\"primaryImageOfPage\":{\"@id\":\"https:\\\/\\\/www.raxxa.com\\\/bands\\\/#primaryimage\"},\"image\":{\"@id\":\"https:\\\/\\\/www.raxxa.com\\\/bands\\\/#primaryimage\"},\"thumbnailUrl\":\"https:\\\/\\\/www.raxxa.com\\\/wp-content\\\/uploads\\\/2024\\\/01\\\/cropped-cropped-cropped-cropped-cropped-band_merch_produkte.png\",\"datePublished\":\"2024-01-21T20:18:32+00:00\",\"dateModified\":\"2024-01-23T20:59:59+00:00\",\"description\":\"Merchandising f\u00fcr Bands und K\u00fcnstler - Wir erstellen euren coolen Merchs auch in kleinen Mengen.\",\"breadcrumb\":{\"@id\":\"https:\\\/\\\/www.raxxa.com\\\/bands\\\/#breadcrumb\"},\"inLanguage\":\"fr-FR\",\"potentialAction\":[{\"@type\":\"ReadAction\",\"target\":[\"https:\\\/\\\/www.raxxa.com\\\/bands\\\/\"]}]},{\"@type\":\"ImageObject\",\"inLanguage\":\"fr-FR\",\"@id\":\"https:\\\/\\\/www.raxxa.com\\\/bands\\\/#primaryimage\",\"url\":\"https:\\\/\\\/www.raxxa.com\\\/wp-content\\\/uploads\\\/2024\\\/01\\\/cropped-cropped-cropped-cropped-cropped-band_merch_produkte.png\",\"contentUrl\":\"https:\\\/\\\/www.raxxa.com\\\/wp-content\\\/uploads\\\/2024\\\/01\\\/cropped-cropped-cropped-cropped-cropped-band_merch_produkte.png\"},{\"@type\":\"BreadcrumbList\",\"@id\":\"https:\\\/\\\/www.raxxa.com\\\/bands\\\/#breadcrumb\",\"itemListElement\":[{\"@type\":\"ListItem\",\"position\":1,\"name\":\"Startseite\",\"item\":\"https:\\\/\\\/www.raxxa.com\\\/\"},{\"@type\":\"ListItem\",\"position\":2,\"name\":\"Bands &#8211; coole Merchartikel f\u00fcr Eure Fans\"}]},{\"@type\":\"WebSite\",\"@id\":\"https:\\\/\\\/www.raxxa.com\\\/#website\",\"url\":\"https:\\\/\\\/www.raxxa.com\\\/\",\"name\":\"raxxa\",\"description\":\"Einzigartige individuelle Produkte von unseren Designern\",\"publisher\":{\"@id\":\"https:\\\/\\\/www.raxxa.com\\\/#organization\"},\"potentialAction\":[{\"@type\":\"SearchAction\",\"target\":{\"@type\":\"EntryPoint\",\"urlTemplate\":\"https:\\\/\\\/www.raxxa.com\\\/?s={search_term_string}\"},\"query-input\":{\"@type\":\"PropertyValueSpecification\",\"valueRequired\":true,\"valueName\":\"search_term_string\"}}],\"inLanguage\":\"fr-FR\"},{\"@type\":\"Organization\",\"@id\":\"https:\\\/\\\/www.raxxa.com\\\/#organization\",\"name\":\"raxxa\",\"url\":\"https:\\\/\\\/www.raxxa.com\\\/\",\"logo\":{\"@type\":\"ImageObject\",\"inLanguage\":\"fr-FR\",\"@id\":\"https:\\\/\\\/www.raxxa.com\\\/#\\\/schema\\\/logo\\\/image\\\/\",\"url\":\"https:\\\/\\\/www.raxxa.com\\\/wp-content\\\/uploads\\\/2022\\\/07\\\/logo_v2.png\",\"contentUrl\":\"https:\\\/\\\/www.raxxa.com\\\/wp-content\\\/uploads\\\/2022\\\/07\\\/logo_v2.png\",\"width\":380,\"height\":382,\"caption\":\"raxxa\"},\"image\":{\"@id\":\"https:\\\/\\\/www.raxxa.com\\\/#\\\/schema\\\/logo\\\/image\\\/\"},\"sameAs\":[\"https:\\\/\\\/facebook.com\\\/raxxacom\"]}]}<\/script>\n<!-- \/ Yoast SEO Premium plugin. -->","yoast_head_json":{"title":"Bands - articles de merchandising cool pour vos fans - raxxa","description":"Merchandising pour groupes et artistes - Nous cr\u00e9ons votre merchandising cool, m\u00eame en petites quantit\u00e9s.","robots":{"index":"index","follow":"follow","max-snippet":"max-snippet:-1","max-image-preview":"max-image-preview:large","max-video-preview":"max-video-preview:-1"},"canonical":"https:\/\/www.raxxa.com\/fr\/bands\/","og_locale":"fr_FR","og_type":"article","og_title":"Bands - coole Merchartikel f\u00fcr Eure Fans","og_description":"Merchandising f\u00fcr Bands und K\u00fcnstler - Wir erstellen euren coolen Merchs auch in kleinen Mengen.","og_url":"https:\/\/www.raxxa.com\/fr\/bands\/","og_site_name":"raxxa","article_publisher":"https:\/\/facebook.com\/raxxacom","article_modified_time":"2024-01-23T20:59:59+00:00","og_image":[{"url":"https:\/\/www.raxxa.com\/wp-content\/uploads\/2024\/01\/cropped-cropped-cropped-cropped-cropped-band_merch_produkte.png","type":"","width":"","height":""}],"twitter_card":"summary_large_image","twitter_misc":{"Dur\u00e9e de lecture estim\u00e9e":"1 minute"},"schema":{"@context":"https:\/\/schema.org","@graph":[{"@type":"WebPage","@id":"https:\/\/www.raxxa.com\/bands\/","url":"https:\/\/www.raxxa.com\/bands\/","name":"Bands - articles de merchandising cool pour vos fans - raxxa","isPartOf":{"@id":"https:\/\/www.raxxa.com\/#website"},"primaryImageOfPage":{"@id":"https:\/\/www.raxxa.com\/bands\/#primaryimage"},"image":{"@id":"https:\/\/www.raxxa.com\/bands\/#primaryimage"},"thumbnailUrl":"https:\/\/www.raxxa.com\/wp-content\/uploads\/2024\/01\/cropped-cropped-cropped-cropped-cropped-band_merch_produkte.png","datePublished":"2024-01-21T20:18:32+00:00","dateModified":"2024-01-23T20:59:59+00:00","description":"Merchandising pour groupes et artistes - Nous cr\u00e9ons votre merchandising cool, m\u00eame en petites quantit\u00e9s.","breadcrumb":{"@id":"https:\/\/www.raxxa.com\/bands\/#breadcrumb"},"inLanguage":"fr-FR","potentialAction":[{"@type":"ReadAction","target":["https:\/\/www.raxxa.com\/bands\/"]}]},{"@type":"ImageObject","inLanguage":"fr-FR","@id":"https:\/\/www.raxxa.com\/bands\/#primaryimage","url":"https:\/\/www.raxxa.com\/wp-content\/uploads\/2024\/01\/cropped-cropped-cropped-cropped-cropped-band_merch_produkte.png","contentUrl":"https:\/\/www.raxxa.com\/wp-content\/uploads\/2024\/01\/cropped-cropped-cropped-cropped-cropped-band_merch_produkte.png"},{"@type":"BreadcrumbList","@id":"https:\/\/www.raxxa.com\/bands\/#breadcrumb","itemListElement":[{"@type":"ListItem","position":1,"name":"Startseite","item":"https:\/\/www.raxxa.com\/"},{"@type":"ListItem","position":2,"name":"Bands &#8211; coole Merchartikel f\u00fcr Eure Fans"}]},{"@type":"WebSite","@id":"https:\/\/www.raxxa.com\/#website","url":"https:\/\/www.raxxa.com\/","name":"raxxa","description":"Des produits uniques et personnalis\u00e9s cr\u00e9\u00e9s par nos designers","publisher":{"@id":"https:\/\/www.raxxa.com\/#organization"},"potentialAction":[{"@type":"SearchAction","target":{"@type":"EntryPoint","urlTemplate":"https:\/\/www.raxxa.com\/?s={search_term_string}"},"query-input":{"@type":"PropertyValueSpecification","valueRequired":true,"valueName":"search_term_string"}}],"inLanguage":"fr-FR"},{"@type":"Organization","@id":"https:\/\/www.raxxa.com\/#organization","name":"raxxa","url":"https:\/\/www.raxxa.com\/","logo":{"@type":"ImageObject","inLanguage":"fr-FR","@id":"https:\/\/www.raxxa.com\/#\/schema\/logo\/image\/","url":"https:\/\/www.raxxa.com\/wp-content\/uploads\/2022\/07\/logo_v2.png","contentUrl":"https:\/\/www.raxxa.com\/wp-content\/uploads\/2022\/07\/logo_v2.png","width":380,"height":382,"caption":"raxxa"},"image":{"@id":"https:\/\/www.raxxa.com\/#\/schema\/logo\/image\/"},"sameAs":["https:\/\/facebook.com\/raxxacom"]}]}},"jetpack_sharing_enabled":true,"_links":{"self":[{"href":"https:\/\/www.raxxa.com\/fr\/wp-json\/wp\/v2\/pages\/183289","targetHints":{"allow":["GET"]}}],"collection":[{"href":"https:\/\/www.raxxa.com\/fr\/wp-json\/wp\/v2\/pages"}],"about":[{"href":"https:\/\/www.raxxa.com\/fr\/wp-json\/wp\/v2\/types\/page"}],"author":[{"embeddable":true,"href":"https:\/\/www.raxxa.com\/fr\/wp-json\/wp\/v2\/users\/1"}],"replies":[{"embeddable":true,"href":"https:\/\/www.raxxa.com\/fr\/wp-json\/wp\/v2\/comments?post=183289"}],"version-history":[{"count":0,"href":"https:\/\/www.raxxa.com\/fr\/wp-json\/wp\/v2\/pages\/183289\/revisions"}],"wp:attachment":[{"href":"https:\/\/www.raxxa.com\/fr\/wp-json\/wp\/v2\/media?parent=183289"}],"curies":[{"name":"wp","href":"https:\/\/api.w.org\/{rel}","templated":true}]}}