{"id":78418,"date":"2021-11-12T21:04:07","date_gmt":"2021-11-12T19:04:07","guid":{"rendered":"https:\/\/www.raxxa.com\/shop\/street\/"},"modified":"2021-11-12T21:04:25","modified_gmt":"2021-11-12T19:04:25","slug":"street","status":"publish","type":"product","link":"https:\/\/www.raxxa.com\/es\/shop\/street\/","title":{"rendered":"Calle"},"content":{"rendered":"<div><b>\"Calle\" <\/b><\/div>\n<div><b><br \/><\/b><\/div>\n<div><\/div>\n<div><\/div>\n<div><\/div>\n<div><b><br \/><\/b><\/div>\n<div><\/div>\n<div><\/div>\n<div>- Impresi\u00f3n fotogr\u00e1fica en aluminio dibond de 3 mm con revestimiento blanco<\/div>\n<div>- Imprime directamente sobre el aluminio Tintas de alta calidad<\/div>\n<div>- La buena gradaci\u00f3n tonal garantiza una reproducci\u00f3n exacta<\/div>\n<div><span style=\"font-size: 1rem\">- Mate y sin reflejos<\/span><\/div>\n<div><span style=\"font-size: 1rem\">- Juego de colgar incluido<\/span><\/div>\n<div><\/div>\n<div>Su motivo y su talla individual s\u00f3lo se producir\u00e1n y enviar\u00e1n una vez recibido su pedido.<\/div>\n<div><span style=\"font-size: 1rem\">Si desea una talla diferente, p\u00eddala.<\/span><\/div>\n<p>carretera colina viaje sol horizonte velocidad carrera glamour vista anticipada carretera vac\u00eda pista de carreras verano cielo soleado sol pista serenidad tel\u00f3n de fondo carretera resplandor abstracto ninguna parte perspectiva pradera asfalto azul bruma carrera nube paseo lejos r\u00e1pido correr fuera verde carretera paisaje brillante movimiento monta\u00f1a en movimiento naturaleza torre<\/p>","protected":false},"excerpt":{"rendered":"<p>&#8222;Street&#8220; &#8211; Foto Druck auf Aluminium-Dibond 3mm mit wei\u00dfer Beschichtung &#8211; Druck direkt auf das Aluminium hochwertige Druckfarben &#8211; Gute Tonwertabstufung sorgt f\u00fcr exakte Wiedergabe &#8211; Matt und blendfrei &#8211; Inklusive Aufh\u00e4ngeset Ihr Motiv und ihre individuelle Gr\u00f6sse wird erst nach Bestelleingang produziert und versendet. M\u00f6chten Sie eine andere Gr\u00f6\u00dfe, fragen Sie gerne nach. strasse [&hellip;]<\/p>\n","protected":false},"featured_media":78411,"comment_status":"open","ping_status":"closed","template":"","meta":[],"product_brand":[],"product_cat":[142],"product_tag":[7362,7616,7493,7595,7770,7787,7788,7786,7395,7590,7610,7593,7776,7775,7599,7768,7375,7565,7619,7766,7765,7781,7606,7785,7784,7485,7546,7778,7731,7774,7607,7767,7771,7783,7623,7620,7773,7772,7777,7613,7780,7789,7769,7782,7779,7700],"class_list":{"0":"post-78418","1":"product","2":"type-product","3":"status-publish","4":"has-post-thumbnail","6":"product_cat-aktion","7":"product_tag-abstrakt","8":"product_tag-asphalt","9":"product_tag-aussen","10":"product_tag-aussicht","11":"product_tag-autobahn","12":"product_tag-berg","13":"product_tag-bewegend","14":"product_tag-bewegung","15":"product_tag-blau","16":"product_tag-fahrstrecke","17":"product_tag-fahrt","18":"product_tag-fernstrasse","19":"product_tag-gelassen","20":"product_tag-gelassenheit","21":"product_tag-geschwindigkeit","22":"product_tag-glanz","23":"product_tag-gruen","24":"product_tag-hell","25":"product_tag-himmel","26":"product_tag-horizont","27":"product_tag-huegel","28":"product_tag-karriere","29":"product_tag-kulisse","30":"product_tag-landschaft","31":"product_tag-laufen","32":"product_tag-leer","33":"product_tag-natur","34":"product_tag-nirgendwo","35":"product_tag-perspektive","36":"product_tag-piste","37":"product_tag-reise","38":"product_tag-rennen","39":"product_tag-rennstrecke","40":"product_tag-schnell","41":"product_tag-sommer","42":"product_tag-sonne","43":"product_tag-sonnenschein","44":"product_tag-sonnig","45":"product_tag-strahlen","46":"product_tag-strasse-2","47":"product_tag-truebung","48":"product_tag-turm","49":"product_tag-voran","50":"product_tag-weit","51":"product_tag-wiese","52":"product_tag-wolke","54":"first","55":"instock","56":"taxable","57":"shipping-taxable","58":"purchasable","59":"product-type-variable"},"yoast_head":"<!-- This site is optimized with the Yoast SEO Premium plugin v27.4 (Yoast SEO v27.4) - https:\/\/yoast.com\/product\/yoast-seo-premium-wordpress\/ -->\n<title>Street - raxxa<\/title>\n<meta name=\"robots\" content=\"index, follow, max-snippet:-1, max-image-preview:large, max-video-preview:-1\" \/>\n<link rel=\"canonical\" href=\"https:\/\/www.raxxa.com\/es\/shop\/street\/\" \/>\n<meta property=\"og:locale\" content=\"es_ES\" \/>\n<meta property=\"og:type\" content=\"article\" \/>\n<meta property=\"og:title\" content=\"Street\" \/>\n<meta property=\"og:description\" content=\"&#8222;Street&#8220; &#8211; Foto Druck auf Aluminium-Dibond 3mm mit wei\u00dfer Beschichtung &#8211; Druck direkt auf das Aluminium hochwertige Druckfarben &#8211; Gute Tonwertabstufung sorgt f\u00fcr exakte Wiedergabe &#8211; Matt und blendfrei &#8211; Inklusive Aufh\u00e4ngeset Ihr Motiv und ihre individuelle Gr\u00f6sse wird erst nach Bestelleingang produziert und versendet. M\u00f6chten Sie eine andere Gr\u00f6\u00dfe, fragen Sie gerne nach. strasse [&hellip;]\" \/>\n<meta property=\"og:url\" content=\"https:\/\/www.raxxa.com\/es\/shop\/street\/\" \/>\n<meta property=\"og:site_name\" content=\"raxxa\" \/>\n<meta property=\"article:publisher\" content=\"https:\/\/facebook.com\/raxxacom\" \/>\n<meta property=\"article:modified_time\" content=\"2021-11-12T19:04:25+00:00\" \/>\n<meta property=\"og:image\" content=\"https:\/\/www.raxxa.com\/wp-content\/uploads\/2021\/11\/20-363-Street-.png\" \/>\n\t<meta property=\"og:image:width\" content=\"800\" \/>\n\t<meta property=\"og:image:height\" content=\"800\" \/>\n\t<meta property=\"og:image:type\" content=\"image\/png\" \/>\n<meta name=\"twitter:card\" content=\"summary_large_image\" \/>\n<meta name=\"twitter:label1\" content=\"Disponibilidad\" \/>\n\t<meta name=\"twitter:data1\" content=\"Disponible\" \/>\n<script type=\"application\/ld+json\" class=\"yoast-schema-graph\">{\"@context\":\"https:\\\/\\\/schema.org\",\"@graph\":[{\"@type\":[\"WebPage\",\"ItemPage\"],\"@id\":\"https:\\\/\\\/www.raxxa.com\\\/shop\\\/street\\\/\",\"url\":\"https:\\\/\\\/www.raxxa.com\\\/shop\\\/street\\\/\",\"name\":\"Street - raxxa\",\"isPartOf\":{\"@id\":\"https:\\\/\\\/www.raxxa.com\\\/#website\"},\"primaryImageOfPage\":{\"@id\":\"https:\\\/\\\/www.raxxa.com\\\/shop\\\/street\\\/#primaryimage\"},\"image\":{\"@id\":\"https:\\\/\\\/www.raxxa.com\\\/shop\\\/street\\\/#primaryimage\"},\"thumbnailUrl\":\"https:\\\/\\\/www.raxxa.com\\\/wp-content\\\/uploads\\\/2021\\\/11\\\/20-363-Street-.png\",\"datePublished\":\"2021-11-12T19:04:07+00:00\",\"dateModified\":\"2021-11-12T19:04:25+00:00\",\"breadcrumb\":{\"@id\":\"https:\\\/\\\/www.raxxa.com\\\/shop\\\/street\\\/#breadcrumb\"},\"inLanguage\":\"es\",\"potentialAction\":[{\"@type\":\"ReadAction\",\"target\":[\"https:\\\/\\\/www.raxxa.com\\\/shop\\\/street\\\/\"]}]},{\"@type\":\"ImageObject\",\"inLanguage\":\"es\",\"@id\":\"https:\\\/\\\/www.raxxa.com\\\/shop\\\/street\\\/#primaryimage\",\"url\":\"https:\\\/\\\/www.raxxa.com\\\/wp-content\\\/uploads\\\/2021\\\/11\\\/20-363-Street-.png\",\"contentUrl\":\"https:\\\/\\\/www.raxxa.com\\\/wp-content\\\/uploads\\\/2021\\\/11\\\/20-363-Street-.png\",\"width\":800,\"height\":800},{\"@type\":\"BreadcrumbList\",\"@id\":\"https:\\\/\\\/www.raxxa.com\\\/shop\\\/street\\\/#breadcrumb\",\"itemListElement\":[{\"@type\":\"ListItem\",\"position\":1,\"name\":\"Startseite\",\"item\":\"https:\\\/\\\/www.raxxa.com\\\/\"},{\"@type\":\"ListItem\",\"position\":2,\"name\":\"Shop\",\"item\":\"https:\\\/\\\/www.raxxa.com\\\/it\\\/shop\\\/\"},{\"@type\":\"ListItem\",\"position\":3,\"name\":\"Street\"}]},{\"@type\":\"WebSite\",\"@id\":\"https:\\\/\\\/www.raxxa.com\\\/#website\",\"url\":\"https:\\\/\\\/www.raxxa.com\\\/\",\"name\":\"raxxa\",\"description\":\"Einzigartige individuelle Produkte von unseren Designern\",\"publisher\":{\"@id\":\"https:\\\/\\\/www.raxxa.com\\\/#organization\"},\"potentialAction\":[{\"@type\":\"SearchAction\",\"target\":{\"@type\":\"EntryPoint\",\"urlTemplate\":\"https:\\\/\\\/www.raxxa.com\\\/?s={search_term_string}\"},\"query-input\":{\"@type\":\"PropertyValueSpecification\",\"valueRequired\":true,\"valueName\":\"search_term_string\"}}],\"inLanguage\":\"es\"},{\"@type\":\"Organization\",\"@id\":\"https:\\\/\\\/www.raxxa.com\\\/#organization\",\"name\":\"raxxa\",\"url\":\"https:\\\/\\\/www.raxxa.com\\\/\",\"logo\":{\"@type\":\"ImageObject\",\"inLanguage\":\"es\",\"@id\":\"https:\\\/\\\/www.raxxa.com\\\/#\\\/schema\\\/logo\\\/image\\\/\",\"url\":\"https:\\\/\\\/www.raxxa.com\\\/wp-content\\\/uploads\\\/2022\\\/07\\\/logo_v2.png\",\"contentUrl\":\"https:\\\/\\\/www.raxxa.com\\\/wp-content\\\/uploads\\\/2022\\\/07\\\/logo_v2.png\",\"width\":380,\"height\":382,\"caption\":\"raxxa\"},\"image\":{\"@id\":\"https:\\\/\\\/www.raxxa.com\\\/#\\\/schema\\\/logo\\\/image\\\/\"},\"sameAs\":[\"https:\\\/\\\/facebook.com\\\/raxxacom\"]}]}<\/script>\n<meta property=\"og:availability\" content=\"instock\" \/>\n<meta property=\"product:availability\" content=\"instock\" \/>\n<meta property=\"product:condition\" content=\"new\" \/>\n<!-- \/ Yoast SEO Premium plugin. -->","yoast_head_json":{"title":"Calle - raxxa","robots":{"index":"index","follow":"follow","max-snippet":"max-snippet:-1","max-image-preview":"max-image-preview:large","max-video-preview":"max-video-preview:-1"},"canonical":"https:\/\/www.raxxa.com\/es\/shop\/street\/","og_locale":"es_ES","og_type":"article","og_title":"Street","og_description":"&#8222;Street&#8220; &#8211; Foto Druck auf Aluminium-Dibond 3mm mit wei\u00dfer Beschichtung &#8211; Druck direkt auf das Aluminium hochwertige Druckfarben &#8211; Gute Tonwertabstufung sorgt f\u00fcr exakte Wiedergabe &#8211; Matt und blendfrei &#8211; Inklusive Aufh\u00e4ngeset Ihr Motiv und ihre individuelle Gr\u00f6sse wird erst nach Bestelleingang produziert und versendet. M\u00f6chten Sie eine andere Gr\u00f6\u00dfe, fragen Sie gerne nach. strasse [&hellip;]","og_url":"https:\/\/www.raxxa.com\/es\/shop\/street\/","og_site_name":"raxxa","article_publisher":"https:\/\/facebook.com\/raxxacom","article_modified_time":"2021-11-12T19:04:25+00:00","og_image":[{"width":800,"height":800,"url":"https:\/\/www.raxxa.com\/wp-content\/uploads\/2021\/11\/20-363-Street-.png","type":"image\/png"}],"twitter_card":"summary_large_image","twitter_misc":{"Disponibilidad":"Disponible"},"schema":{"@context":"https:\/\/schema.org","@graph":[{"@type":["WebPage","ItemPage"],"@id":"https:\/\/www.raxxa.com\/shop\/street\/","url":"https:\/\/www.raxxa.com\/shop\/street\/","name":"Calle - raxxa","isPartOf":{"@id":"https:\/\/www.raxxa.com\/#website"},"primaryImageOfPage":{"@id":"https:\/\/www.raxxa.com\/shop\/street\/#primaryimage"},"image":{"@id":"https:\/\/www.raxxa.com\/shop\/street\/#primaryimage"},"thumbnailUrl":"https:\/\/www.raxxa.com\/wp-content\/uploads\/2021\/11\/20-363-Street-.png","datePublished":"2021-11-12T19:04:07+00:00","dateModified":"2021-11-12T19:04:25+00:00","breadcrumb":{"@id":"https:\/\/www.raxxa.com\/shop\/street\/#breadcrumb"},"inLanguage":"es","potentialAction":[{"@type":"ReadAction","target":["https:\/\/www.raxxa.com\/shop\/street\/"]}]},{"@type":"ImageObject","inLanguage":"es","@id":"https:\/\/www.raxxa.com\/shop\/street\/#primaryimage","url":"https:\/\/www.raxxa.com\/wp-content\/uploads\/2021\/11\/20-363-Street-.png","contentUrl":"https:\/\/www.raxxa.com\/wp-content\/uploads\/2021\/11\/20-363-Street-.png","width":800,"height":800},{"@type":"BreadcrumbList","@id":"https:\/\/www.raxxa.com\/shop\/street\/#breadcrumb","itemListElement":[{"@type":"ListItem","position":1,"name":"Startseite","item":"https:\/\/www.raxxa.com\/"},{"@type":"ListItem","position":2,"name":"Shop","item":"https:\/\/www.raxxa.com\/it\/shop\/"},{"@type":"ListItem","position":3,"name":"Street"}]},{"@type":"WebSite","@id":"https:\/\/www.raxxa.com\/#website","url":"https:\/\/www.raxxa.com\/","name":"raxxa","description":"Productos individuales \u00fanicos de nuestros dise\u00f1adores","publisher":{"@id":"https:\/\/www.raxxa.com\/#organization"},"potentialAction":[{"@type":"SearchAction","target":{"@type":"EntryPoint","urlTemplate":"https:\/\/www.raxxa.com\/?s={search_term_string}"},"query-input":{"@type":"PropertyValueSpecification","valueRequired":true,"valueName":"search_term_string"}}],"inLanguage":"es"},{"@type":"Organization","@id":"https:\/\/www.raxxa.com\/#organization","name":"raxxa","url":"https:\/\/www.raxxa.com\/","logo":{"@type":"ImageObject","inLanguage":"es","@id":"https:\/\/www.raxxa.com\/#\/schema\/logo\/image\/","url":"https:\/\/www.raxxa.com\/wp-content\/uploads\/2022\/07\/logo_v2.png","contentUrl":"https:\/\/www.raxxa.com\/wp-content\/uploads\/2022\/07\/logo_v2.png","width":380,"height":382,"caption":"raxxa"},"image":{"@id":"https:\/\/www.raxxa.com\/#\/schema\/logo\/image\/"},"sameAs":["https:\/\/facebook.com\/raxxacom"]}]},"og_availability":"instock","product_availability":"instock","product_condition":"new"},"jetpack_sharing_enabled":true,"_links":{"self":[{"href":"https:\/\/www.raxxa.com\/es\/wp-json\/wp\/v2\/product\/78418","targetHints":{"allow":["GET"]}}],"collection":[{"href":"https:\/\/www.raxxa.com\/es\/wp-json\/wp\/v2\/product"}],"about":[{"href":"https:\/\/www.raxxa.com\/es\/wp-json\/wp\/v2\/types\/product"}],"replies":[{"embeddable":true,"href":"https:\/\/www.raxxa.com\/es\/wp-json\/wp\/v2\/comments?post=78418"}],"wp:featuredmedia":[{"embeddable":true,"href":"https:\/\/www.raxxa.com\/es\/wp-json\/wp\/v2\/media\/78411"}],"wp:attachment":[{"href":"https:\/\/www.raxxa.com\/es\/wp-json\/wp\/v2\/media?parent=78418"}],"wp:term":[{"taxonomy":"product_brand","embeddable":true,"href":"https:\/\/www.raxxa.com\/es\/wp-json\/wp\/v2\/product_brand?post=78418"},{"taxonomy":"product_cat","embeddable":true,"href":"https:\/\/www.raxxa.com\/es\/wp-json\/wp\/v2\/product_cat?post=78418"},{"taxonomy":"product_tag","embeddable":true,"href":"https:\/\/www.raxxa.com\/es\/wp-json\/wp\/v2\/product_tag?post=78418"}],"curies":[{"name":"wp","href":"https:\/\/api.w.org\/{rel}","templated":true}]}}