{"id":310150,"date":"2026-04-05T09:38:45","date_gmt":"2026-04-05T07:38:45","guid":{"rendered":"https:\/\/www.raxxa.com\/shop\/raxxa-glas-magnet-ackerwinde\/"},"modified":"2026-04-05T09:39:21","modified_gmt":"2026-04-05T07:39:21","slug":"raxxa-glas-magnet-ackerwinde","status":"publish","type":"product","link":"https:\/\/www.raxxa.com\/es\/shop\/raxxa-glas-magnet-ackerwinde\/","title":{"rendered":"raxxa Glas-Magnet: Ackerwinde"},"content":{"rendered":"<h3><strong>\"Enredadera de campo\" por Mr Yoda<\/strong><\/h3>\n<p><strong><\/strong><\/p>\n<p>De la serie encantada Funny Flowers<\/p>\n<p>La correhuela, tambi\u00e9n conocida como enredadera, es una delicada belleza de la naturaleza. Con sus flores en forma de embudo de un delicado color blanco o rosa, se enreda elegantemente alrededor de vallas y otras plantas. Esta flor resistente simboliza la resistencia y la adaptabilidad, ya que suele crecer en los lugares m\u00e1s inh\u00f3spitos y, sin embargo, deleita con su esplendor de floraci\u00f3n. La correhuela aporta un toque de romanticismo salvaje a cualquier paisaje y nos recuerda el poder silencioso de la naturaleza.<\/p>\n<p>&nbsp;<\/p>\nVerleihen Sie Ihrem K\u00fchlschrank einen Hauch von Eleganz! Unsere hochwertigen raxxa Glas-Magnete im Format 7 \u00d7 5 cm verbinden stilvolles und au\u00dfergew\u00f6hnliches Design mit zuverl\u00e4ssiger Funktionalit\u00e4t. Die glatte, gl\u00e4nzende Glasoberfl\u00e4che sorgt f\u00fcr brillante Farben und eine edle Optik, die sofort ins Auge f\u00e4llt.<br>\n                             Dank des starken Magneten auf der R\u00fcckseite halten die Glas-Magnete Fotos, Notizen, Einkaufslisten oder Postkarten sicher an Ort und Stelle \u2013 ganz ohne Verrutschen. Die angenehme Gr\u00f6\u00dfe macht sie vielseitig einsetzbar, ohne dabei zu viel Platz einzunehmen.<br>\n                             Produktdetails auf einen Blick:<br><br><ul><li>Material: Hochwertiges Glas mit starkem Magnet<\/li><li>Oberfl\u00e4che: Gl\u00e4nzend, farbintensiv und langlebig<\/li><li>Einsatz: Ideal f\u00fcr K\u00fchlschrank, Magnetwand oder Whiteboard<\/li><li>Fabricado en Alemania.<\/li><\/ul><br>Ob als dekorativer Akzent f\u00fcr Ihre K\u00fcche, als praktischer Helfer im Alltag oder als liebevolles Geschenk \u2013 diese raxxa Glas-Magnete \u00fcberzeugen durch Qualit\u00e4t, Design und Funktion. \u2728<br><br>","protected":false},"excerpt":{"rendered":"<p>&quot;Ackerwinde&quot; by Mr. Yoda Aus der verzauberten Serie Funny Flowers Die Ackerwinde, auch bekannt als Winden, ist eine zarte Sch\u00f6nheit der Natur. Mit ihren trichterf\u00f6rmigen Bl\u00fcten in zartem Wei\u00df oder Rosa rankt sie sich elegant um Z\u00e4une und andere Pflanzen. Diese widerstandsf\u00e4hige Blume symbolisiert Best\u00e4ndigkeit und Anpassungsf\u00e4higkeit, da sie oft an den unwirtlichsten Orten w\u00e4chst [&hellip;]<\/p>\n","protected":false},"featured_media":310151,"comment_status":"open","ping_status":"closed","template":"","meta":[],"product_brand":[],"product_cat":[11041,13585,10514],"product_tag":[],"class_list":{"0":"post-310150","1":"product","2":"type-product","3":"status-publish","4":"has-post-thumbnail","6":"product_cat-digital","7":"product_cat-magnete","8":"product_cat-yoda","9":"product_shipping_class-versand-magnete","11":"first","12":"instock","13":"taxable","14":"shipping-taxable","15":"purchasable","16":"product-type-simple"},"yoast_head":"<!-- This site is optimized with the Yoast SEO Premium plugin v27.4 (Yoast SEO v27.4) - https:\/\/yoast.com\/product\/yoast-seo-premium-wordpress\/ -->\n<title>raxxa Glas-Magnet: Ackerwinde - raxxa<\/title>\n<meta name=\"robots\" content=\"index, follow, max-snippet:-1, max-image-preview:large, max-video-preview:-1\" \/>\n<link rel=\"canonical\" href=\"https:\/\/www.raxxa.com\/es\/shop\/raxxa-glas-magnet-ackerwinde\/\" \/>\n<meta property=\"og:locale\" content=\"es_ES\" \/>\n<meta property=\"og:type\" content=\"article\" \/>\n<meta property=\"og:title\" content=\"raxxa Glas-Magnet: Ackerwinde\" \/>\n<meta property=\"og:description\" content=\"&quot;Ackerwinde&quot; by Mr. Yoda Aus der verzauberten Serie Funny Flowers Die Ackerwinde, auch bekannt als Winden, ist eine zarte Sch\u00f6nheit der Natur. Mit ihren trichterf\u00f6rmigen Bl\u00fcten in zartem Wei\u00df oder Rosa rankt sie sich elegant um Z\u00e4une und andere Pflanzen. Diese widerstandsf\u00e4hige Blume symbolisiert Best\u00e4ndigkeit und Anpassungsf\u00e4higkeit, da sie oft an den unwirtlichsten Orten w\u00e4chst [&hellip;]\" \/>\n<meta property=\"og:url\" content=\"https:\/\/www.raxxa.com\/es\/shop\/raxxa-glas-magnet-ackerwinde\/\" \/>\n<meta property=\"og:site_name\" content=\"raxxa\" \/>\n<meta property=\"article:publisher\" content=\"https:\/\/facebook.com\/raxxacom\" \/>\n<meta property=\"article:modified_time\" content=\"2026-04-05T07:39:21+00:00\" \/>\n<meta name=\"twitter:card\" content=\"summary_large_image\" \/>\n<meta name=\"twitter:label1\" content=\"Precio\" \/>\n\t<meta name=\"twitter:data1\" content=\"&euro;4,50\" \/>\n\t<meta name=\"twitter:label2\" content=\"Disponibilidad\" \/>\n\t<meta name=\"twitter:data2\" content=\"Disponible\" \/>\n<script type=\"application\/ld+json\" class=\"yoast-schema-graph\">{\"@context\":\"https:\\\/\\\/schema.org\",\"@graph\":[{\"@type\":[\"WebPage\",\"ItemPage\"],\"@id\":\"https:\\\/\\\/www.raxxa.com\\\/shop\\\/raxxa-glas-magnet-ackerwinde\\\/\",\"url\":\"https:\\\/\\\/www.raxxa.com\\\/shop\\\/raxxa-glas-magnet-ackerwinde\\\/\",\"name\":\"raxxa Glas-Magnet: Ackerwinde - raxxa\",\"isPartOf\":{\"@id\":\"https:\\\/\\\/www.raxxa.com\\\/#website\"},\"primaryImageOfPage\":{\"@id\":\"https:\\\/\\\/www.raxxa.com\\\/shop\\\/raxxa-glas-magnet-ackerwinde\\\/#primaryimage\"},\"image\":{\"@id\":\"https:\\\/\\\/www.raxxa.com\\\/shop\\\/raxxa-glas-magnet-ackerwinde\\\/#primaryimage\"},\"thumbnailUrl\":\"https:\\\/\\\/www.raxxa.com\\\/wp-content\\\/uploads\\\/2026\\\/04\\\/raxxa-136-18478-196-Mr-Yoda-Ackerwinde-5.jpg\",\"datePublished\":\"2026-04-05T07:38:45+00:00\",\"dateModified\":\"2026-04-05T07:39:21+00:00\",\"breadcrumb\":{\"@id\":\"https:\\\/\\\/www.raxxa.com\\\/shop\\\/raxxa-glas-magnet-ackerwinde\\\/#breadcrumb\"},\"inLanguage\":\"es\",\"potentialAction\":[{\"@type\":\"ReadAction\",\"target\":[\"https:\\\/\\\/www.raxxa.com\\\/shop\\\/raxxa-glas-magnet-ackerwinde\\\/\"]}]},{\"@type\":\"ImageObject\",\"inLanguage\":\"es\",\"@id\":\"https:\\\/\\\/www.raxxa.com\\\/shop\\\/raxxa-glas-magnet-ackerwinde\\\/#primaryimage\",\"url\":\"https:\\\/\\\/www.raxxa.com\\\/wp-content\\\/uploads\\\/2026\\\/04\\\/raxxa-136-18478-196-Mr-Yoda-Ackerwinde-5.jpg\",\"contentUrl\":\"https:\\\/\\\/www.raxxa.com\\\/wp-content\\\/uploads\\\/2026\\\/04\\\/raxxa-136-18478-196-Mr-Yoda-Ackerwinde-5.jpg\",\"width\":2424,\"height\":2000},{\"@type\":\"BreadcrumbList\",\"@id\":\"https:\\\/\\\/www.raxxa.com\\\/shop\\\/raxxa-glas-magnet-ackerwinde\\\/#breadcrumb\",\"itemListElement\":[{\"@type\":\"ListItem\",\"position\":1,\"name\":\"Startseite\",\"item\":\"https:\\\/\\\/www.raxxa.com\\\/\"},{\"@type\":\"ListItem\",\"position\":2,\"name\":\"Shop\",\"item\":\"https:\\\/\\\/www.raxxa.com\\\/it\\\/shop\\\/\"},{\"@type\":\"ListItem\",\"position\":3,\"name\":\"raxxa Glas-Magnet: Ackerwinde\"}]},{\"@type\":\"WebSite\",\"@id\":\"https:\\\/\\\/www.raxxa.com\\\/#website\",\"url\":\"https:\\\/\\\/www.raxxa.com\\\/\",\"name\":\"raxxa\",\"description\":\"Einzigartige individuelle Produkte von unseren Designern\",\"publisher\":{\"@id\":\"https:\\\/\\\/www.raxxa.com\\\/#organization\"},\"potentialAction\":[{\"@type\":\"SearchAction\",\"target\":{\"@type\":\"EntryPoint\",\"urlTemplate\":\"https:\\\/\\\/www.raxxa.com\\\/?s={search_term_string}\"},\"query-input\":{\"@type\":\"PropertyValueSpecification\",\"valueRequired\":true,\"valueName\":\"search_term_string\"}}],\"inLanguage\":\"es\"},{\"@type\":\"Organization\",\"@id\":\"https:\\\/\\\/www.raxxa.com\\\/#organization\",\"name\":\"raxxa\",\"url\":\"https:\\\/\\\/www.raxxa.com\\\/\",\"logo\":{\"@type\":\"ImageObject\",\"inLanguage\":\"es\",\"@id\":\"https:\\\/\\\/www.raxxa.com\\\/#\\\/schema\\\/logo\\\/image\\\/\",\"url\":\"https:\\\/\\\/www.raxxa.com\\\/wp-content\\\/uploads\\\/2022\\\/07\\\/logo_v2.png\",\"contentUrl\":\"https:\\\/\\\/www.raxxa.com\\\/wp-content\\\/uploads\\\/2022\\\/07\\\/logo_v2.png\",\"width\":380,\"height\":382,\"caption\":\"raxxa\"},\"image\":{\"@id\":\"https:\\\/\\\/www.raxxa.com\\\/#\\\/schema\\\/logo\\\/image\\\/\"},\"sameAs\":[\"https:\\\/\\\/facebook.com\\\/raxxacom\"]}]}<\/script>\n<meta property=\"product:price:amount\" content=\"4.50\" \/>\n<meta property=\"product:price:currency\" content=\"EUR\" \/>\n<meta property=\"og:availability\" content=\"instock\" \/>\n<meta property=\"product:availability\" content=\"instock\" \/>\n<meta property=\"product:retailer_item_id\" content=\"1-14521-18478-136\" \/>\n<meta property=\"product:condition\" content=\"new\" \/>\n<!-- \/ Yoast SEO Premium plugin. -->","yoast_head_json":{"title":"raxxa Glas-Magnet: Ackerwinde - raxxa","robots":{"index":"index","follow":"follow","max-snippet":"max-snippet:-1","max-image-preview":"max-image-preview:large","max-video-preview":"max-video-preview:-1"},"canonical":"https:\/\/www.raxxa.com\/es\/shop\/raxxa-glas-magnet-ackerwinde\/","og_locale":"es_ES","og_type":"article","og_title":"raxxa Glas-Magnet: Ackerwinde","og_description":"&quot;Ackerwinde&quot; by Mr. Yoda Aus der verzauberten Serie Funny Flowers Die Ackerwinde, auch bekannt als Winden, ist eine zarte Sch\u00f6nheit der Natur. Mit ihren trichterf\u00f6rmigen Bl\u00fcten in zartem Wei\u00df oder Rosa rankt sie sich elegant um Z\u00e4une und andere Pflanzen. Diese widerstandsf\u00e4hige Blume symbolisiert Best\u00e4ndigkeit und Anpassungsf\u00e4higkeit, da sie oft an den unwirtlichsten Orten w\u00e4chst [&hellip;]","og_url":"https:\/\/www.raxxa.com\/es\/shop\/raxxa-glas-magnet-ackerwinde\/","og_site_name":"raxxa","article_publisher":"https:\/\/facebook.com\/raxxacom","article_modified_time":"2026-04-05T07:39:21+00:00","twitter_card":"summary_large_image","twitter_misc":{"Precio":"&euro;4,50","Disponibilidad":"Disponible"},"schema":{"@context":"https:\/\/schema.org","@graph":[{"@type":["WebPage","ItemPage"],"@id":"https:\/\/www.raxxa.com\/shop\/raxxa-glas-magnet-ackerwinde\/","url":"https:\/\/www.raxxa.com\/shop\/raxxa-glas-magnet-ackerwinde\/","name":"raxxa Glas-Magnet: Ackerwinde - raxxa","isPartOf":{"@id":"https:\/\/www.raxxa.com\/#website"},"primaryImageOfPage":{"@id":"https:\/\/www.raxxa.com\/shop\/raxxa-glas-magnet-ackerwinde\/#primaryimage"},"image":{"@id":"https:\/\/www.raxxa.com\/shop\/raxxa-glas-magnet-ackerwinde\/#primaryimage"},"thumbnailUrl":"https:\/\/www.raxxa.com\/wp-content\/uploads\/2026\/04\/raxxa-136-18478-196-Mr-Yoda-Ackerwinde-5.jpg","datePublished":"2026-04-05T07:38:45+00:00","dateModified":"2026-04-05T07:39:21+00:00","breadcrumb":{"@id":"https:\/\/www.raxxa.com\/shop\/raxxa-glas-magnet-ackerwinde\/#breadcrumb"},"inLanguage":"es","potentialAction":[{"@type":"ReadAction","target":["https:\/\/www.raxxa.com\/shop\/raxxa-glas-magnet-ackerwinde\/"]}]},{"@type":"ImageObject","inLanguage":"es","@id":"https:\/\/www.raxxa.com\/shop\/raxxa-glas-magnet-ackerwinde\/#primaryimage","url":"https:\/\/www.raxxa.com\/wp-content\/uploads\/2026\/04\/raxxa-136-18478-196-Mr-Yoda-Ackerwinde-5.jpg","contentUrl":"https:\/\/www.raxxa.com\/wp-content\/uploads\/2026\/04\/raxxa-136-18478-196-Mr-Yoda-Ackerwinde-5.jpg","width":2424,"height":2000},{"@type":"BreadcrumbList","@id":"https:\/\/www.raxxa.com\/shop\/raxxa-glas-magnet-ackerwinde\/#breadcrumb","itemListElement":[{"@type":"ListItem","position":1,"name":"Startseite","item":"https:\/\/www.raxxa.com\/"},{"@type":"ListItem","position":2,"name":"Shop","item":"https:\/\/www.raxxa.com\/it\/shop\/"},{"@type":"ListItem","position":3,"name":"raxxa Glas-Magnet: Ackerwinde"}]},{"@type":"WebSite","@id":"https:\/\/www.raxxa.com\/#website","url":"https:\/\/www.raxxa.com\/","name":"raxxa","description":"Productos individuales \u00fanicos de nuestros dise\u00f1adores","publisher":{"@id":"https:\/\/www.raxxa.com\/#organization"},"potentialAction":[{"@type":"SearchAction","target":{"@type":"EntryPoint","urlTemplate":"https:\/\/www.raxxa.com\/?s={search_term_string}"},"query-input":{"@type":"PropertyValueSpecification","valueRequired":true,"valueName":"search_term_string"}}],"inLanguage":"es"},{"@type":"Organization","@id":"https:\/\/www.raxxa.com\/#organization","name":"raxxa","url":"https:\/\/www.raxxa.com\/","logo":{"@type":"ImageObject","inLanguage":"es","@id":"https:\/\/www.raxxa.com\/#\/schema\/logo\/image\/","url":"https:\/\/www.raxxa.com\/wp-content\/uploads\/2022\/07\/logo_v2.png","contentUrl":"https:\/\/www.raxxa.com\/wp-content\/uploads\/2022\/07\/logo_v2.png","width":380,"height":382,"caption":"raxxa"},"image":{"@id":"https:\/\/www.raxxa.com\/#\/schema\/logo\/image\/"},"sameAs":["https:\/\/facebook.com\/raxxacom"]}]},"product_price_amount":"4.50","product_price_currency":"EUR","og_availability":"instock","product_availability":"instock","product_retailer_item_id":"1-14521-18478-136","product_condition":"new"},"jetpack_sharing_enabled":true,"_links":{"self":[{"href":"https:\/\/www.raxxa.com\/es\/wp-json\/wp\/v2\/product\/310150","targetHints":{"allow":["GET"]}}],"collection":[{"href":"https:\/\/www.raxxa.com\/es\/wp-json\/wp\/v2\/product"}],"about":[{"href":"https:\/\/www.raxxa.com\/es\/wp-json\/wp\/v2\/types\/product"}],"replies":[{"embeddable":true,"href":"https:\/\/www.raxxa.com\/es\/wp-json\/wp\/v2\/comments?post=310150"}],"wp:featuredmedia":[{"embeddable":true,"href":"https:\/\/www.raxxa.com\/es\/wp-json\/wp\/v2\/media\/310151"}],"wp:attachment":[{"href":"https:\/\/www.raxxa.com\/es\/wp-json\/wp\/v2\/media?parent=310150"}],"wp:term":[{"taxonomy":"product_brand","embeddable":true,"href":"https:\/\/www.raxxa.com\/es\/wp-json\/wp\/v2\/product_brand?post=310150"},{"taxonomy":"product_cat","embeddable":true,"href":"https:\/\/www.raxxa.com\/es\/wp-json\/wp\/v2\/product_cat?post=310150"},{"taxonomy":"product_tag","embeddable":true,"href":"https:\/\/www.raxxa.com\/es\/wp-json\/wp\/v2\/product_tag?post=310150"}],"curies":[{"name":"wp","href":"https:\/\/api.w.org\/{rel}","templated":true}]}}