{"id":308204,"date":"2026-04-03T10:41:19","date_gmt":"2026-04-03T08:41:19","guid":{"rendered":"https:\/\/www.raxxa.com\/shop\/raxxa-canva-segelschiff-im-orkan\/"},"modified":"2026-04-03T10:43:19","modified_gmt":"2026-04-03T08:43:19","slug":"raxxa-canva-segelschiff-im-orkan","status":"publish","type":"product","link":"https:\/\/www.raxxa.com\/es\/shop\/raxxa-canva-segelschiff-im-orkan\/","title":{"rendered":"raxxa Canva: Segelschiff im Orkan"},"content":{"rendered":"<h3><strong>&quot;Segelschiff im Orkan&quot; by Kerstin Waurick<\/strong><\/h3>\n<p><strong><\/strong><\/p>\n<p>Dieses Bild zeigt &#8211;  stellvertretend f\u00fcr eine ganze Serie &#8211;  fotorealistische, KI-generierter Darstellungen historischer Segelschiffe auf offener See. Die Motive kreisen um jene stillen und zugleich existenziellen Momente zwischen Sturm und Ruhe, zwischen Orientierung und Ausgeliefertsein \u2013 eingefangen in Szenen von aufgew\u00fchlter See, dichtem Nebel oder gesch\u00fctzten Buchten. Licht und Wetter werden dabei zu Tr\u00e4gern von Stimmung und Bedeutung, w\u00e4hrend die pr\u00e4zise Ausarbeitung von Schiff, Wasser und Raum eine Welt entstehen l\u00e4sst, die fern wirkt und doch unmittelbar erfahrbar bleibt.<\/p>\n<p>&nbsp;<\/p>\n<ul><li>Lona cl\u00e1sica con borde de 2 cm, 100 poli\u00e9ster %.<\/li><li>Tintas HP de l\u00e1tex de alta calidad con protecci\u00f3n UV que garantizan colores vivos y resistencia a la luz.<\/li><li>Estructura de madera con certificado FSC<\/li><li>Este producto puede fabricarse especialmente para usted en el tama\u00f1o y dise\u00f1o que desee, previa solicitud.<\/li><\/ul>","protected":false},"excerpt":{"rendered":"<p>&quot;Segelschiff im Orkan&quot; by Kerstin Waurick Dieses Bild zeigt &#8211; stellvertretend f\u00fcr eine ganze Serie &#8211; fotorealistische, KI-generierter Darstellungen historischer Segelschiffe auf offener See. Die Motive kreisen um jene stillen und zugleich existenziellen Momente zwischen Sturm und Ruhe, zwischen Orientierung und Ausgeliefertsein \u2013 eingefangen in Szenen von aufgew\u00fchlter See, dichtem Nebel oder gesch\u00fctzten Buchten. Licht [&hellip;]<\/p>\n","protected":false},"featured_media":308205,"comment_status":"open","ping_status":"closed","template":"","meta":[],"product_brand":[],"product_cat":[12937,159,13429],"product_tag":[],"class_list":{"0":"post-308204","1":"product","2":"type-product","3":"status-publish","4":"has-post-thumbnail","6":"product_cat-canvas","7":"product_cat-fahrzeuge","8":"product_cat-kerstin-waurick","9":"product_shipping_class-versand-canvas","11":"first","12":"instock","13":"taxable","14":"shipping-taxable","15":"purchasable","16":"product-type-variable"},"yoast_head":"<!-- This site is optimized with the Yoast SEO Premium plugin v27.5 (Yoast SEO v27.6) - https:\/\/yoast.com\/product\/yoast-seo-premium-wordpress\/ -->\n<title>raxxa Canva: Segelschiff im Orkan - raxxa<\/title>\n<meta name=\"robots\" content=\"index, follow, max-snippet:-1, max-image-preview:large, max-video-preview:-1\" \/>\n<link rel=\"canonical\" href=\"https:\/\/www.raxxa.com\/es\/shop\/raxxa-canva-segelschiff-im-orkan\/\" \/>\n<meta property=\"og:locale\" content=\"es_ES\" \/>\n<meta property=\"og:type\" content=\"article\" \/>\n<meta property=\"og:title\" content=\"raxxa Canva: Segelschiff im Orkan\" \/>\n<meta property=\"og:description\" content=\"&quot;Segelschiff im Orkan&quot; by Kerstin Waurick Dieses Bild zeigt &#8211; stellvertretend f\u00fcr eine ganze Serie &#8211; fotorealistische, KI-generierter Darstellungen historischer Segelschiffe auf offener See. Die Motive kreisen um jene stillen und zugleich existenziellen Momente zwischen Sturm und Ruhe, zwischen Orientierung und Ausgeliefertsein \u2013 eingefangen in Szenen von aufgew\u00fchlter See, dichtem Nebel oder gesch\u00fctzten Buchten. Licht [&hellip;]\" \/>\n<meta property=\"og:url\" content=\"https:\/\/www.raxxa.com\/es\/shop\/raxxa-canva-segelschiff-im-orkan\/\" \/>\n<meta property=\"og:site_name\" content=\"raxxa\" \/>\n<meta property=\"article:publisher\" content=\"https:\/\/facebook.com\/raxxacom\" \/>\n<meta property=\"article:modified_time\" content=\"2026-04-03T08:43:19+00:00\" \/>\n<meta name=\"twitter:card\" content=\"summary_large_image\" \/>\n<meta name=\"twitter:label1\" content=\"Disponibilidad\" \/>\n\t<meta name=\"twitter:data1\" content=\"Disponible\" \/>\n<script type=\"application\/ld+json\" class=\"yoast-schema-graph\">{\"@context\":\"https:\\\/\\\/schema.org\",\"@graph\":[{\"@type\":[\"WebPage\",\"ItemPage\"],\"@id\":\"https:\\\/\\\/www.raxxa.com\\\/shop\\\/raxxa-canva-segelschiff-im-orkan\\\/\",\"url\":\"https:\\\/\\\/www.raxxa.com\\\/shop\\\/raxxa-canva-segelschiff-im-orkan\\\/\",\"name\":\"raxxa Canva: Segelschiff im Orkan - raxxa\",\"isPartOf\":{\"@id\":\"https:\\\/\\\/www.raxxa.com\\\/#website\"},\"primaryImageOfPage\":{\"@id\":\"https:\\\/\\\/www.raxxa.com\\\/shop\\\/raxxa-canva-segelschiff-im-orkan\\\/#primaryimage\"},\"image\":{\"@id\":\"https:\\\/\\\/www.raxxa.com\\\/shop\\\/raxxa-canva-segelschiff-im-orkan\\\/#primaryimage\"},\"thumbnailUrl\":\"https:\\\/\\\/www.raxxa.com\\\/wp-content\\\/uploads\\\/2026\\\/04\\\/raxxa-Canvas-373-24661-133-Kerstin-Waurick-Segelschiff-im-Orkan-11-scaled.jpg\",\"datePublished\":\"2026-04-03T08:41:19+00:00\",\"dateModified\":\"2026-04-03T08:43:19+00:00\",\"breadcrumb\":{\"@id\":\"https:\\\/\\\/www.raxxa.com\\\/shop\\\/raxxa-canva-segelschiff-im-orkan\\\/#breadcrumb\"},\"inLanguage\":\"es\",\"potentialAction\":[{\"@type\":\"ReadAction\",\"target\":[\"https:\\\/\\\/www.raxxa.com\\\/shop\\\/raxxa-canva-segelschiff-im-orkan\\\/\"]}]},{\"@type\":\"ImageObject\",\"inLanguage\":\"es\",\"@id\":\"https:\\\/\\\/www.raxxa.com\\\/shop\\\/raxxa-canva-segelschiff-im-orkan\\\/#primaryimage\",\"url\":\"https:\\\/\\\/www.raxxa.com\\\/wp-content\\\/uploads\\\/2026\\\/04\\\/raxxa-Canvas-373-24661-133-Kerstin-Waurick-Segelschiff-im-Orkan-11-scaled.jpg\",\"contentUrl\":\"https:\\\/\\\/www.raxxa.com\\\/wp-content\\\/uploads\\\/2026\\\/04\\\/raxxa-Canvas-373-24661-133-Kerstin-Waurick-Segelschiff-im-Orkan-11-scaled.jpg\",\"width\":1706,\"height\":2560},{\"@type\":\"BreadcrumbList\",\"@id\":\"https:\\\/\\\/www.raxxa.com\\\/shop\\\/raxxa-canva-segelschiff-im-orkan\\\/#breadcrumb\",\"itemListElement\":[{\"@type\":\"ListItem\",\"position\":1,\"name\":\"Startseite\",\"item\":\"https:\\\/\\\/www.raxxa.com\\\/\"},{\"@type\":\"ListItem\",\"position\":2,\"name\":\"Shop\",\"item\":\"https:\\\/\\\/www.raxxa.com\\\/it\\\/shop\\\/\"},{\"@type\":\"ListItem\",\"position\":3,\"name\":\"raxxa Canva: Segelschiff im Orkan\"}]},{\"@type\":\"WebSite\",\"@id\":\"https:\\\/\\\/www.raxxa.com\\\/#website\",\"url\":\"https:\\\/\\\/www.raxxa.com\\\/\",\"name\":\"raxxa\",\"description\":\"Einzigartige individuelle Produkte von unseren Designern\",\"publisher\":{\"@id\":\"https:\\\/\\\/www.raxxa.com\\\/#organization\"},\"potentialAction\":[{\"@type\":\"SearchAction\",\"target\":{\"@type\":\"EntryPoint\",\"urlTemplate\":\"https:\\\/\\\/www.raxxa.com\\\/?s={search_term_string}\"},\"query-input\":{\"@type\":\"PropertyValueSpecification\",\"valueRequired\":true,\"valueName\":\"search_term_string\"}}],\"inLanguage\":\"es\"},{\"@type\":\"Organization\",\"@id\":\"https:\\\/\\\/www.raxxa.com\\\/#organization\",\"name\":\"raxxa\",\"url\":\"https:\\\/\\\/www.raxxa.com\\\/\",\"logo\":{\"@type\":\"ImageObject\",\"inLanguage\":\"es\",\"@id\":\"https:\\\/\\\/www.raxxa.com\\\/#\\\/schema\\\/logo\\\/image\\\/\",\"url\":\"https:\\\/\\\/www.raxxa.com\\\/wp-content\\\/uploads\\\/2022\\\/07\\\/logo_v2.png\",\"contentUrl\":\"https:\\\/\\\/www.raxxa.com\\\/wp-content\\\/uploads\\\/2022\\\/07\\\/logo_v2.png\",\"width\":380,\"height\":382,\"caption\":\"raxxa\"},\"image\":{\"@id\":\"https:\\\/\\\/www.raxxa.com\\\/#\\\/schema\\\/logo\\\/image\\\/\"},\"sameAs\":[\"https:\\\/\\\/facebook.com\\\/raxxacom\"]}]}<\/script>\n<meta property=\"og:availability\" content=\"instock\" \/>\n<meta property=\"product:availability\" content=\"instock\" \/>\n<meta property=\"product:retailer_item_id\" content=\"1-133-24661-373\" \/>\n<meta property=\"product:condition\" content=\"new\" \/>\n<!-- \/ Yoast SEO Premium plugin. -->","yoast_head_json":{"title":"raxxa Canva: Segelschiff im Orkan - raxxa","robots":{"index":"index","follow":"follow","max-snippet":"max-snippet:-1","max-image-preview":"max-image-preview:large","max-video-preview":"max-video-preview:-1"},"canonical":"https:\/\/www.raxxa.com\/es\/shop\/raxxa-canva-segelschiff-im-orkan\/","og_locale":"es_ES","og_type":"article","og_title":"raxxa Canva: Segelschiff im Orkan","og_description":"&quot;Segelschiff im Orkan&quot; by Kerstin Waurick Dieses Bild zeigt &#8211; stellvertretend f\u00fcr eine ganze Serie &#8211; fotorealistische, KI-generierter Darstellungen historischer Segelschiffe auf offener See. Die Motive kreisen um jene stillen und zugleich existenziellen Momente zwischen Sturm und Ruhe, zwischen Orientierung und Ausgeliefertsein \u2013 eingefangen in Szenen von aufgew\u00fchlter See, dichtem Nebel oder gesch\u00fctzten Buchten. Licht [&hellip;]","og_url":"https:\/\/www.raxxa.com\/es\/shop\/raxxa-canva-segelschiff-im-orkan\/","og_site_name":"raxxa","article_publisher":"https:\/\/facebook.com\/raxxacom","article_modified_time":"2026-04-03T08:43:19+00:00","twitter_card":"summary_large_image","twitter_misc":{"Disponibilidad":"Disponible"},"schema":{"@context":"https:\/\/schema.org","@graph":[{"@type":["WebPage","ItemPage"],"@id":"https:\/\/www.raxxa.com\/shop\/raxxa-canva-segelschiff-im-orkan\/","url":"https:\/\/www.raxxa.com\/shop\/raxxa-canva-segelschiff-im-orkan\/","name":"raxxa Canva: Segelschiff im Orkan - raxxa","isPartOf":{"@id":"https:\/\/www.raxxa.com\/#website"},"primaryImageOfPage":{"@id":"https:\/\/www.raxxa.com\/shop\/raxxa-canva-segelschiff-im-orkan\/#primaryimage"},"image":{"@id":"https:\/\/www.raxxa.com\/shop\/raxxa-canva-segelschiff-im-orkan\/#primaryimage"},"thumbnailUrl":"https:\/\/www.raxxa.com\/wp-content\/uploads\/2026\/04\/raxxa-Canvas-373-24661-133-Kerstin-Waurick-Segelschiff-im-Orkan-11-scaled.jpg","datePublished":"2026-04-03T08:41:19+00:00","dateModified":"2026-04-03T08:43:19+00:00","breadcrumb":{"@id":"https:\/\/www.raxxa.com\/shop\/raxxa-canva-segelschiff-im-orkan\/#breadcrumb"},"inLanguage":"es","potentialAction":[{"@type":"ReadAction","target":["https:\/\/www.raxxa.com\/shop\/raxxa-canva-segelschiff-im-orkan\/"]}]},{"@type":"ImageObject","inLanguage":"es","@id":"https:\/\/www.raxxa.com\/shop\/raxxa-canva-segelschiff-im-orkan\/#primaryimage","url":"https:\/\/www.raxxa.com\/wp-content\/uploads\/2026\/04\/raxxa-Canvas-373-24661-133-Kerstin-Waurick-Segelschiff-im-Orkan-11-scaled.jpg","contentUrl":"https:\/\/www.raxxa.com\/wp-content\/uploads\/2026\/04\/raxxa-Canvas-373-24661-133-Kerstin-Waurick-Segelschiff-im-Orkan-11-scaled.jpg","width":1706,"height":2560},{"@type":"BreadcrumbList","@id":"https:\/\/www.raxxa.com\/shop\/raxxa-canva-segelschiff-im-orkan\/#breadcrumb","itemListElement":[{"@type":"ListItem","position":1,"name":"Startseite","item":"https:\/\/www.raxxa.com\/"},{"@type":"ListItem","position":2,"name":"Shop","item":"https:\/\/www.raxxa.com\/it\/shop\/"},{"@type":"ListItem","position":3,"name":"raxxa Canva: Segelschiff im Orkan"}]},{"@type":"WebSite","@id":"https:\/\/www.raxxa.com\/#website","url":"https:\/\/www.raxxa.com\/","name":"raxxa","description":"Productos individuales \u00fanicos de nuestros dise\u00f1adores","publisher":{"@id":"https:\/\/www.raxxa.com\/#organization"},"potentialAction":[{"@type":"SearchAction","target":{"@type":"EntryPoint","urlTemplate":"https:\/\/www.raxxa.com\/?s={search_term_string}"},"query-input":{"@type":"PropertyValueSpecification","valueRequired":true,"valueName":"search_term_string"}}],"inLanguage":"es"},{"@type":"Organization","@id":"https:\/\/www.raxxa.com\/#organization","name":"raxxa","url":"https:\/\/www.raxxa.com\/","logo":{"@type":"ImageObject","inLanguage":"es","@id":"https:\/\/www.raxxa.com\/#\/schema\/logo\/image\/","url":"https:\/\/www.raxxa.com\/wp-content\/uploads\/2022\/07\/logo_v2.png","contentUrl":"https:\/\/www.raxxa.com\/wp-content\/uploads\/2022\/07\/logo_v2.png","width":380,"height":382,"caption":"raxxa"},"image":{"@id":"https:\/\/www.raxxa.com\/#\/schema\/logo\/image\/"},"sameAs":["https:\/\/facebook.com\/raxxacom"]}]},"og_availability":"instock","product_availability":"instock","product_retailer_item_id":"1-133-24661-373","product_condition":"new"},"jetpack_sharing_enabled":true,"_links":{"self":[{"href":"https:\/\/www.raxxa.com\/es\/wp-json\/wp\/v2\/product\/308204","targetHints":{"allow":["GET"]}}],"collection":[{"href":"https:\/\/www.raxxa.com\/es\/wp-json\/wp\/v2\/product"}],"about":[{"href":"https:\/\/www.raxxa.com\/es\/wp-json\/wp\/v2\/types\/product"}],"replies":[{"embeddable":true,"href":"https:\/\/www.raxxa.com\/es\/wp-json\/wp\/v2\/comments?post=308204"}],"wp:featuredmedia":[{"embeddable":true,"href":"https:\/\/www.raxxa.com\/es\/wp-json\/wp\/v2\/media\/308205"}],"wp:attachment":[{"href":"https:\/\/www.raxxa.com\/es\/wp-json\/wp\/v2\/media?parent=308204"}],"wp:term":[{"taxonomy":"product_brand","embeddable":true,"href":"https:\/\/www.raxxa.com\/es\/wp-json\/wp\/v2\/product_brand?post=308204"},{"taxonomy":"product_cat","embeddable":true,"href":"https:\/\/www.raxxa.com\/es\/wp-json\/wp\/v2\/product_cat?post=308204"},{"taxonomy":"product_tag","embeddable":true,"href":"https:\/\/www.raxxa.com\/es\/wp-json\/wp\/v2\/product_tag?post=308204"}],"curies":[{"name":"wp","href":"https:\/\/api.w.org\/{rel}","templated":true}]}}