{"id":301637,"date":"2026-03-19T21:28:25","date_gmt":"2026-03-19T19:28:25","guid":{"rendered":"https:\/\/www.raxxa.com\/shop\/raxxa-postkarte-blauer-wellensittich\/"},"modified":"2026-03-19T21:29:24","modified_gmt":"2026-03-19T19:29:24","slug":"raxxa-postkarte-blauer-wellensittich","status":"publish","type":"product","link":"https:\/\/www.raxxa.com\/es\/shop\/raxxa-postkarte-blauer-wellensittich\/","title":{"rendered":"raxxa Postkarte: Blauer Wellensittich"},"content":{"rendered":"<h3><strong>&quot;Blauer Wellensittich&quot; by Kerstin Waurick<\/strong><\/h3>\n<p><strong><\/strong><\/p>\n<p>Diese humorvollen, stilisierten 3D-Illustrationen zeigen lebhafte und neugierige Wellensittiche in charmanten Alltagsszenen. Ob verspielt, frech oder voller Entdeckerdrang \u2013 jede Szene f\u00e4ngt die typische Pers\u00f6nlichkeit dieser beliebten Haustiere auf liebevolle und oft \u00fcberraschende Weise ein. Die Motive wurden mithilfe moderner KI gestaltet und verbinden niedliche Charaktere mit lebendiger Dynamik und stimmungsvoller Darstellung. So entsteht eine fr\u00f6hliche Bildwelt voller Leichtigkeit, Humor und tierischem Charme.<\/p>\n<p>&nbsp;<\/p>\n<ul><li>Imprimimos la postal que desee en blanco o con un saludo personalizado y la enviamos a cualquier persona del mundo o a usted mismo.<\/li><li>Ideal para postcrossing en l\u00ednea o felicitaciones personalizadas a sus seres queridos, amigos, familiares y conocidos.<\/li><li>Tambi\u00e9n disponible como tarjeta con motivos en blanco para recoger o enviar usted mismo.<\/li><li>Postales DIN A6 (14,8 cm x 10,5 cm).<\/li><\/ul><br><br><b>\u00bfC\u00f3mo creo\/dise\u00f1o mi postal personalizada?<\/b><br><br>1) Introduzca simplemente el texto de su mensaje o saludo (m\u00e1x. 500 caracteres).<br>2) Si desea enviar su postal para Postcrossing, introduzca el PostcrossingID.<br>En caso contrario, deje este campo vac\u00edo.<br>3) Introduzca en los campos de entrada el nombre y los apellidos, la calle + el n\u00famero de la casa, el c\u00f3digo postal, la ciudad y el pa\u00eds del destinatario deseado de la postal.<br>4) Ahora puede a\u00f1adir su postal dise\u00f1ada a la cesta de la compra y pedirla en la caja.<br><br>Ahora imprimiremos tu postal personalizada, la sellaremos y la enviaremos al destinatario que nos indiques.<br><br>Si tiene alguna pregunta, env\u00edenos un mensaje o un correo electr\u00f3nico<br>","protected":false},"excerpt":{"rendered":"<p>&quot;Blauer Wellensittich&quot; by Kerstin Waurick Diese humorvollen, stilisierten 3D-Illustrationen zeigen lebhafte und neugierige Wellensittiche in charmanten Alltagsszenen. Ob verspielt, frech oder voller Entdeckerdrang \u2013 jede Szene f\u00e4ngt die typische Pers\u00f6nlichkeit dieser beliebten Haustiere auf liebevolle und oft \u00fcberraschende Weise ein. Die Motive wurden mithilfe moderner KI gestaltet und verbinden niedliche Charaktere mit lebendiger Dynamik und [&hellip;]<\/p>\n","protected":false},"featured_media":301641,"comment_status":"open","ping_status":"closed","template":"","meta":[],"product_brand":[],"product_cat":[11884,133,13429],"product_tag":[],"class_list":{"0":"post-301637","1":"product","2":"type-product","3":"status-publish","4":"has-post-thumbnail","6":"product_cat-postkarten","7":"product_cat-tiere","8":"product_cat-kerstin-waurick","10":"first","11":"instock","12":"taxable","13":"shipping-taxable","14":"purchasable","15":"product-type-variable"},"yoast_head":"<!-- This site is optimized with the Yoast SEO Premium plugin v27.2 (Yoast SEO v27.3) - https:\/\/yoast.com\/product\/yoast-seo-premium-wordpress\/ -->\n<title>raxxa Postkarte: Blauer Wellensittich - raxxa<\/title>\n<meta name=\"robots\" content=\"index, follow, max-snippet:-1, max-image-preview:large, max-video-preview:-1\" \/>\n<link rel=\"canonical\" href=\"https:\/\/www.raxxa.com\/es\/shop\/raxxa-postkarte-blauer-wellensittich\/\" \/>\n<meta property=\"og:locale\" content=\"es_ES\" \/>\n<meta property=\"og:type\" content=\"article\" \/>\n<meta property=\"og:title\" content=\"raxxa Postkarte: Blauer Wellensittich\" \/>\n<meta property=\"og:description\" content=\"&quot;Blauer Wellensittich&quot; by Kerstin Waurick Diese humorvollen, stilisierten 3D-Illustrationen zeigen lebhafte und neugierige Wellensittiche in charmanten Alltagsszenen. Ob verspielt, frech oder voller Entdeckerdrang \u2013 jede Szene f\u00e4ngt die typische Pers\u00f6nlichkeit dieser beliebten Haustiere auf liebevolle und oft \u00fcberraschende Weise ein. Die Motive wurden mithilfe moderner KI gestaltet und verbinden niedliche Charaktere mit lebendiger Dynamik und [&hellip;]\" \/>\n<meta property=\"og:url\" content=\"https:\/\/www.raxxa.com\/es\/shop\/raxxa-postkarte-blauer-wellensittich\/\" \/>\n<meta property=\"og:site_name\" content=\"raxxa\" \/>\n<meta property=\"article:publisher\" content=\"https:\/\/facebook.com\/raxxacom\" \/>\n<meta property=\"article:modified_time\" content=\"2026-03-19T19:29:24+00:00\" \/>\n<meta name=\"twitter:card\" content=\"summary_large_image\" \/>\n<meta name=\"twitter:label1\" content=\"Disponibilidad\" \/>\n\t<meta name=\"twitter:data1\" content=\"Disponible\" \/>\n<script type=\"application\/ld+json\" class=\"yoast-schema-graph\">{\"@context\":\"https:\\\/\\\/schema.org\",\"@graph\":[{\"@type\":[\"WebPage\",\"ItemPage\"],\"@id\":\"https:\\\/\\\/www.raxxa.com\\\/shop\\\/raxxa-postkarte-blauer-wellensittich\\\/\",\"url\":\"https:\\\/\\\/www.raxxa.com\\\/shop\\\/raxxa-postkarte-blauer-wellensittich\\\/\",\"name\":\"raxxa Postkarte: Blauer Wellensittich - raxxa\",\"isPartOf\":{\"@id\":\"https:\\\/\\\/www.raxxa.com\\\/#website\"},\"primaryImageOfPage\":{\"@id\":\"https:\\\/\\\/www.raxxa.com\\\/shop\\\/raxxa-postkarte-blauer-wellensittich\\\/#primaryimage\"},\"image\":{\"@id\":\"https:\\\/\\\/www.raxxa.com\\\/shop\\\/raxxa-postkarte-blauer-wellensittich\\\/#primaryimage\"},\"thumbnailUrl\":\"https:\\\/\\\/www.raxxa.com\\\/wp-content\\\/uploads\\\/2026\\\/03\\\/raxxa-373-24133-185-Kerstin-Waurick-Blauer-Wellensittich-14.jpg\",\"datePublished\":\"2026-03-19T19:28:25+00:00\",\"dateModified\":\"2026-03-19T19:29:24+00:00\",\"breadcrumb\":{\"@id\":\"https:\\\/\\\/www.raxxa.com\\\/shop\\\/raxxa-postkarte-blauer-wellensittich\\\/#breadcrumb\"},\"inLanguage\":\"es\",\"potentialAction\":[{\"@type\":\"ReadAction\",\"target\":[\"https:\\\/\\\/www.raxxa.com\\\/shop\\\/raxxa-postkarte-blauer-wellensittich\\\/\"]}]},{\"@type\":\"ImageObject\",\"inLanguage\":\"es\",\"@id\":\"https:\\\/\\\/www.raxxa.com\\\/shop\\\/raxxa-postkarte-blauer-wellensittich\\\/#primaryimage\",\"url\":\"https:\\\/\\\/www.raxxa.com\\\/wp-content\\\/uploads\\\/2026\\\/03\\\/raxxa-373-24133-185-Kerstin-Waurick-Blauer-Wellensittich-14.jpg\",\"contentUrl\":\"https:\\\/\\\/www.raxxa.com\\\/wp-content\\\/uploads\\\/2026\\\/03\\\/raxxa-373-24133-185-Kerstin-Waurick-Blauer-Wellensittich-14.jpg\",\"width\":1024,\"height\":1024},{\"@type\":\"BreadcrumbList\",\"@id\":\"https:\\\/\\\/www.raxxa.com\\\/shop\\\/raxxa-postkarte-blauer-wellensittich\\\/#breadcrumb\",\"itemListElement\":[{\"@type\":\"ListItem\",\"position\":1,\"name\":\"Startseite\",\"item\":\"https:\\\/\\\/www.raxxa.com\\\/\"},{\"@type\":\"ListItem\",\"position\":2,\"name\":\"Shop\",\"item\":\"https:\\\/\\\/www.raxxa.com\\\/it\\\/shop\\\/\"},{\"@type\":\"ListItem\",\"position\":3,\"name\":\"raxxa Postkarte: Blauer Wellensittich\"}]},{\"@type\":\"WebSite\",\"@id\":\"https:\\\/\\\/www.raxxa.com\\\/#website\",\"url\":\"https:\\\/\\\/www.raxxa.com\\\/\",\"name\":\"raxxa\",\"description\":\"Einzigartige individuelle Produkte von unseren Designern\",\"publisher\":{\"@id\":\"https:\\\/\\\/www.raxxa.com\\\/#organization\"},\"potentialAction\":[{\"@type\":\"SearchAction\",\"target\":{\"@type\":\"EntryPoint\",\"urlTemplate\":\"https:\\\/\\\/www.raxxa.com\\\/?s={search_term_string}\"},\"query-input\":{\"@type\":\"PropertyValueSpecification\",\"valueRequired\":true,\"valueName\":\"search_term_string\"}}],\"inLanguage\":\"es\"},{\"@type\":\"Organization\",\"@id\":\"https:\\\/\\\/www.raxxa.com\\\/#organization\",\"name\":\"raxxa\",\"url\":\"https:\\\/\\\/www.raxxa.com\\\/\",\"logo\":{\"@type\":\"ImageObject\",\"inLanguage\":\"es\",\"@id\":\"https:\\\/\\\/www.raxxa.com\\\/#\\\/schema\\\/logo\\\/image\\\/\",\"url\":\"https:\\\/\\\/www.raxxa.com\\\/wp-content\\\/uploads\\\/2022\\\/07\\\/logo_v2.png\",\"contentUrl\":\"https:\\\/\\\/www.raxxa.com\\\/wp-content\\\/uploads\\\/2022\\\/07\\\/logo_v2.png\",\"width\":380,\"height\":382,\"caption\":\"raxxa\"},\"image\":{\"@id\":\"https:\\\/\\\/www.raxxa.com\\\/#\\\/schema\\\/logo\\\/image\\\/\"},\"sameAs\":[\"https:\\\/\\\/facebook.com\\\/raxxacom\"]}]}<\/script>\n<meta property=\"og:availability\" content=\"instock\" \/>\n<meta property=\"product:availability\" content=\"instock\" \/>\n<meta property=\"product:retailer_item_id\" content=\"1-185-24133-373\" \/>\n<meta property=\"product:condition\" content=\"new\" \/>\n<!-- \/ Yoast SEO Premium plugin. -->","yoast_head_json":{"title":"raxxa Postkarte: Blauer Wellensittich - raxxa","robots":{"index":"index","follow":"follow","max-snippet":"max-snippet:-1","max-image-preview":"max-image-preview:large","max-video-preview":"max-video-preview:-1"},"canonical":"https:\/\/www.raxxa.com\/es\/shop\/raxxa-postkarte-blauer-wellensittich\/","og_locale":"es_ES","og_type":"article","og_title":"raxxa Postkarte: Blauer Wellensittich","og_description":"&quot;Blauer Wellensittich&quot; by Kerstin Waurick Diese humorvollen, stilisierten 3D-Illustrationen zeigen lebhafte und neugierige Wellensittiche in charmanten Alltagsszenen. Ob verspielt, frech oder voller Entdeckerdrang \u2013 jede Szene f\u00e4ngt die typische Pers\u00f6nlichkeit dieser beliebten Haustiere auf liebevolle und oft \u00fcberraschende Weise ein. Die Motive wurden mithilfe moderner KI gestaltet und verbinden niedliche Charaktere mit lebendiger Dynamik und [&hellip;]","og_url":"https:\/\/www.raxxa.com\/es\/shop\/raxxa-postkarte-blauer-wellensittich\/","og_site_name":"raxxa","article_publisher":"https:\/\/facebook.com\/raxxacom","article_modified_time":"2026-03-19T19:29:24+00:00","twitter_card":"summary_large_image","twitter_misc":{"Disponibilidad":"Disponible"},"schema":{"@context":"https:\/\/schema.org","@graph":[{"@type":["WebPage","ItemPage"],"@id":"https:\/\/www.raxxa.com\/shop\/raxxa-postkarte-blauer-wellensittich\/","url":"https:\/\/www.raxxa.com\/shop\/raxxa-postkarte-blauer-wellensittich\/","name":"raxxa Postkarte: Blauer Wellensittich - raxxa","isPartOf":{"@id":"https:\/\/www.raxxa.com\/#website"},"primaryImageOfPage":{"@id":"https:\/\/www.raxxa.com\/shop\/raxxa-postkarte-blauer-wellensittich\/#primaryimage"},"image":{"@id":"https:\/\/www.raxxa.com\/shop\/raxxa-postkarte-blauer-wellensittich\/#primaryimage"},"thumbnailUrl":"https:\/\/www.raxxa.com\/wp-content\/uploads\/2026\/03\/raxxa-373-24133-185-Kerstin-Waurick-Blauer-Wellensittich-14.jpg","datePublished":"2026-03-19T19:28:25+00:00","dateModified":"2026-03-19T19:29:24+00:00","breadcrumb":{"@id":"https:\/\/www.raxxa.com\/shop\/raxxa-postkarte-blauer-wellensittich\/#breadcrumb"},"inLanguage":"es","potentialAction":[{"@type":"ReadAction","target":["https:\/\/www.raxxa.com\/shop\/raxxa-postkarte-blauer-wellensittich\/"]}]},{"@type":"ImageObject","inLanguage":"es","@id":"https:\/\/www.raxxa.com\/shop\/raxxa-postkarte-blauer-wellensittich\/#primaryimage","url":"https:\/\/www.raxxa.com\/wp-content\/uploads\/2026\/03\/raxxa-373-24133-185-Kerstin-Waurick-Blauer-Wellensittich-14.jpg","contentUrl":"https:\/\/www.raxxa.com\/wp-content\/uploads\/2026\/03\/raxxa-373-24133-185-Kerstin-Waurick-Blauer-Wellensittich-14.jpg","width":1024,"height":1024},{"@type":"BreadcrumbList","@id":"https:\/\/www.raxxa.com\/shop\/raxxa-postkarte-blauer-wellensittich\/#breadcrumb","itemListElement":[{"@type":"ListItem","position":1,"name":"Startseite","item":"https:\/\/www.raxxa.com\/"},{"@type":"ListItem","position":2,"name":"Shop","item":"https:\/\/www.raxxa.com\/it\/shop\/"},{"@type":"ListItem","position":3,"name":"raxxa Postkarte: Blauer Wellensittich"}]},{"@type":"WebSite","@id":"https:\/\/www.raxxa.com\/#website","url":"https:\/\/www.raxxa.com\/","name":"raxxa","description":"Productos individuales \u00fanicos de nuestros dise\u00f1adores","publisher":{"@id":"https:\/\/www.raxxa.com\/#organization"},"potentialAction":[{"@type":"SearchAction","target":{"@type":"EntryPoint","urlTemplate":"https:\/\/www.raxxa.com\/?s={search_term_string}"},"query-input":{"@type":"PropertyValueSpecification","valueRequired":true,"valueName":"search_term_string"}}],"inLanguage":"es"},{"@type":"Organization","@id":"https:\/\/www.raxxa.com\/#organization","name":"raxxa","url":"https:\/\/www.raxxa.com\/","logo":{"@type":"ImageObject","inLanguage":"es","@id":"https:\/\/www.raxxa.com\/#\/schema\/logo\/image\/","url":"https:\/\/www.raxxa.com\/wp-content\/uploads\/2022\/07\/logo_v2.png","contentUrl":"https:\/\/www.raxxa.com\/wp-content\/uploads\/2022\/07\/logo_v2.png","width":380,"height":382,"caption":"raxxa"},"image":{"@id":"https:\/\/www.raxxa.com\/#\/schema\/logo\/image\/"},"sameAs":["https:\/\/facebook.com\/raxxacom"]}]},"og_availability":"instock","product_availability":"instock","product_retailer_item_id":"1-185-24133-373","product_condition":"new"},"jetpack_sharing_enabled":true,"_links":{"self":[{"href":"https:\/\/www.raxxa.com\/es\/wp-json\/wp\/v2\/product\/301637","targetHints":{"allow":["GET"]}}],"collection":[{"href":"https:\/\/www.raxxa.com\/es\/wp-json\/wp\/v2\/product"}],"about":[{"href":"https:\/\/www.raxxa.com\/es\/wp-json\/wp\/v2\/types\/product"}],"replies":[{"embeddable":true,"href":"https:\/\/www.raxxa.com\/es\/wp-json\/wp\/v2\/comments?post=301637"}],"wp:featuredmedia":[{"embeddable":true,"href":"https:\/\/www.raxxa.com\/es\/wp-json\/wp\/v2\/media\/301641"}],"wp:attachment":[{"href":"https:\/\/www.raxxa.com\/es\/wp-json\/wp\/v2\/media?parent=301637"}],"wp:term":[{"taxonomy":"product_brand","embeddable":true,"href":"https:\/\/www.raxxa.com\/es\/wp-json\/wp\/v2\/product_brand?post=301637"},{"taxonomy":"product_cat","embeddable":true,"href":"https:\/\/www.raxxa.com\/es\/wp-json\/wp\/v2\/product_cat?post=301637"},{"taxonomy":"product_tag","embeddable":true,"href":"https:\/\/www.raxxa.com\/es\/wp-json\/wp\/v2\/product_tag?post=301637"}],"curies":[{"name":"wp","href":"https:\/\/api.w.org\/{rel}","templated":true}]}}