{"id":287582,"date":"2026-03-01T10:01:21","date_gmt":"2026-03-01T08:01:21","guid":{"rendered":"https:\/\/www.raxxa.com\/shop\/raxxa-postkarte-venedig\/"},"modified":"2026-03-01T10:02:06","modified_gmt":"2026-03-01T08:02:06","slug":"raxxa-postkarte-venedig","status":"publish","type":"product","link":"https:\/\/www.raxxa.com\/es\/shop\/raxxa-postkarte-venedig\/","title":{"rendered":"raxxa Postkarte: Venedig"},"content":{"rendered":"<h3><strong>&quot;Venedig&quot; by Steffen Gierok-Latniak<\/strong><\/h3>\n<p><strong><\/strong><\/p>\n<p>Erleben Sie die atemberaubende Sch\u00f6nheit Venedigs mit diesem beeindruckenden Kunstwerk, das die malerische Lagune und die charakteristische Architektur der Stadt einf\u00e4ngt. Dieses Bild zeigt die ikonischen, bunten Geb\u00e4ude, die sich majest\u00e4tisch entlang des ruhigen Wassers erstrecken, w\u00e4hrend die imposanten Kuppeln der Kirchen in den Himmel ragen. Die leuchtenden Farben und das perfekte Spiel von Licht und Schatten verleihen diesem Kunstwerk eine unverwechselbare Atmosph\u00e4re, die Sie direkt in das Herz Venedigs versetzt.<\/p>\n<p>&nbsp;<\/p>\n<ul><li>Imprimimos la postal que desee en blanco o con un saludo personalizado y la enviamos a cualquier persona del mundo o a usted mismo.<\/li><li>Ideal para postcrossing en l\u00ednea o felicitaciones personalizadas a sus seres queridos, amigos, familiares y conocidos.<\/li><li>Tambi\u00e9n disponible como tarjeta con motivos en blanco para recoger o enviar usted mismo.<\/li><li>Postales DIN A6 (14,8 cm x 10,5 cm).<\/li><\/ul><br><br><b>\u00bfC\u00f3mo creo\/dise\u00f1o mi postal personalizada?<\/b><br><br>1) Introduzca simplemente el texto de su mensaje o saludo (m\u00e1x. 500 caracteres).<br>2) Si desea enviar su postal para Postcrossing, introduzca el PostcrossingID.<br>En caso contrario, deje este campo vac\u00edo.<br>3) Introduzca en los campos de entrada el nombre y los apellidos, la calle + el n\u00famero de la casa, el c\u00f3digo postal, la ciudad y el pa\u00eds del destinatario deseado de la postal.<br>4) Ahora puede a\u00f1adir su postal dise\u00f1ada a la cesta de la compra y pedirla en la caja.<br><br>Ahora imprimiremos tu postal personalizada, la sellaremos y la enviaremos al destinatario que nos indiques.<br><br>Si tiene alguna pregunta, env\u00edenos un mensaje o un correo electr\u00f3nico<br>","protected":false},"excerpt":{"rendered":"<p>&quot;Venedig&quot; by Steffen Gierok-Latniak Erleben Sie die atemberaubende Sch\u00f6nheit Venedigs mit diesem beeindruckenden Kunstwerk, das die malerische Lagune und die charakteristische Architektur der Stadt einf\u00e4ngt. Dieses Bild zeigt die ikonischen, bunten Geb\u00e4ude, die sich majest\u00e4tisch entlang des ruhigen Wassers erstrecken, w\u00e4hrend die imposanten Kuppeln der Kirchen in den Himmel ragen. Die leuchtenden Farben und das [&hellip;]<\/p>\n","protected":false},"featured_media":287583,"comment_status":"open","ping_status":"closed","template":"","meta":[],"product_brand":[],"product_cat":[12580,134,11884],"product_tag":[],"class_list":{"0":"post-287582","1":"product","2":"type-product","3":"status-publish","4":"has-post-thumbnail","6":"product_cat-steffen-gierok","7":"product_cat-orte","8":"product_cat-postkarten","10":"first","11":"instock","12":"taxable","13":"shipping-taxable","14":"purchasable","15":"product-type-variable"},"yoast_head":"<!-- This site is optimized with the Yoast SEO Premium plugin v27.5 (Yoast SEO v27.6) - https:\/\/yoast.com\/product\/yoast-seo-premium-wordpress\/ -->\n<title>raxxa Postkarte: Venedig - raxxa<\/title>\n<meta name=\"robots\" content=\"index, follow, max-snippet:-1, max-image-preview:large, max-video-preview:-1\" \/>\n<link rel=\"canonical\" href=\"https:\/\/www.raxxa.com\/es\/shop\/raxxa-postkarte-venedig\/\" \/>\n<meta property=\"og:locale\" content=\"es_ES\" \/>\n<meta property=\"og:type\" content=\"article\" \/>\n<meta property=\"og:title\" content=\"raxxa Postkarte: Venedig\" \/>\n<meta property=\"og:description\" content=\"&quot;Venedig&quot; by Steffen Gierok-Latniak Erleben Sie die atemberaubende Sch\u00f6nheit Venedigs mit diesem beeindruckenden Kunstwerk, das die malerische Lagune und die charakteristische Architektur der Stadt einf\u00e4ngt. Dieses Bild zeigt die ikonischen, bunten Geb\u00e4ude, die sich majest\u00e4tisch entlang des ruhigen Wassers erstrecken, w\u00e4hrend die imposanten Kuppeln der Kirchen in den Himmel ragen. Die leuchtenden Farben und das [&hellip;]\" \/>\n<meta property=\"og:url\" content=\"https:\/\/www.raxxa.com\/es\/shop\/raxxa-postkarte-venedig\/\" \/>\n<meta property=\"og:site_name\" content=\"raxxa\" \/>\n<meta property=\"article:publisher\" content=\"https:\/\/facebook.com\/raxxacom\" \/>\n<meta property=\"article:modified_time\" content=\"2026-03-01T08:02:06+00:00\" \/>\n<meta name=\"twitter:card\" content=\"summary_large_image\" \/>\n<meta name=\"twitter:label1\" content=\"Disponibilidad\" \/>\n\t<meta name=\"twitter:data1\" content=\"Disponible\" \/>\n<script type=\"application\/ld+json\" class=\"yoast-schema-graph\">{\"@context\":\"https:\\\/\\\/schema.org\",\"@graph\":[{\"@type\":[\"WebPage\",\"ItemPage\"],\"@id\":\"https:\\\/\\\/www.raxxa.com\\\/shop\\\/raxxa-postkarte-venedig\\\/\",\"url\":\"https:\\\/\\\/www.raxxa.com\\\/shop\\\/raxxa-postkarte-venedig\\\/\",\"name\":\"raxxa Postkarte: Venedig - raxxa\",\"isPartOf\":{\"@id\":\"https:\\\/\\\/www.raxxa.com\\\/#website\"},\"primaryImageOfPage\":{\"@id\":\"https:\\\/\\\/www.raxxa.com\\\/shop\\\/raxxa-postkarte-venedig\\\/#primaryimage\"},\"image\":{\"@id\":\"https:\\\/\\\/www.raxxa.com\\\/shop\\\/raxxa-postkarte-venedig\\\/#primaryimage\"},\"thumbnailUrl\":\"https:\\\/\\\/www.raxxa.com\\\/wp-content\\\/uploads\\\/2026\\\/03\\\/raxxa-331-19542-185-Steffen-Gierok-Latniak-Venedig-3-scaled.jpg\",\"datePublished\":\"2026-03-01T08:01:21+00:00\",\"dateModified\":\"2026-03-01T08:02:06+00:00\",\"breadcrumb\":{\"@id\":\"https:\\\/\\\/www.raxxa.com\\\/shop\\\/raxxa-postkarte-venedig\\\/#breadcrumb\"},\"inLanguage\":\"es\",\"potentialAction\":[{\"@type\":\"ReadAction\",\"target\":[\"https:\\\/\\\/www.raxxa.com\\\/shop\\\/raxxa-postkarte-venedig\\\/\"]}]},{\"@type\":\"ImageObject\",\"inLanguage\":\"es\",\"@id\":\"https:\\\/\\\/www.raxxa.com\\\/shop\\\/raxxa-postkarte-venedig\\\/#primaryimage\",\"url\":\"https:\\\/\\\/www.raxxa.com\\\/wp-content\\\/uploads\\\/2026\\\/03\\\/raxxa-331-19542-185-Steffen-Gierok-Latniak-Venedig-3-scaled.jpg\",\"contentUrl\":\"https:\\\/\\\/www.raxxa.com\\\/wp-content\\\/uploads\\\/2026\\\/03\\\/raxxa-331-19542-185-Steffen-Gierok-Latniak-Venedig-3-scaled.jpg\",\"width\":2560,\"height\":1920},{\"@type\":\"BreadcrumbList\",\"@id\":\"https:\\\/\\\/www.raxxa.com\\\/shop\\\/raxxa-postkarte-venedig\\\/#breadcrumb\",\"itemListElement\":[{\"@type\":\"ListItem\",\"position\":1,\"name\":\"Startseite\",\"item\":\"https:\\\/\\\/www.raxxa.com\\\/\"},{\"@type\":\"ListItem\",\"position\":2,\"name\":\"Shop\",\"item\":\"https:\\\/\\\/www.raxxa.com\\\/it\\\/shop\\\/\"},{\"@type\":\"ListItem\",\"position\":3,\"name\":\"raxxa Postkarte: Venedig\"}]},{\"@type\":\"WebSite\",\"@id\":\"https:\\\/\\\/www.raxxa.com\\\/#website\",\"url\":\"https:\\\/\\\/www.raxxa.com\\\/\",\"name\":\"raxxa\",\"description\":\"Einzigartige individuelle Produkte von unseren Designern\",\"publisher\":{\"@id\":\"https:\\\/\\\/www.raxxa.com\\\/#organization\"},\"potentialAction\":[{\"@type\":\"SearchAction\",\"target\":{\"@type\":\"EntryPoint\",\"urlTemplate\":\"https:\\\/\\\/www.raxxa.com\\\/?s={search_term_string}\"},\"query-input\":{\"@type\":\"PropertyValueSpecification\",\"valueRequired\":true,\"valueName\":\"search_term_string\"}}],\"inLanguage\":\"es\"},{\"@type\":\"Organization\",\"@id\":\"https:\\\/\\\/www.raxxa.com\\\/#organization\",\"name\":\"raxxa\",\"url\":\"https:\\\/\\\/www.raxxa.com\\\/\",\"logo\":{\"@type\":\"ImageObject\",\"inLanguage\":\"es\",\"@id\":\"https:\\\/\\\/www.raxxa.com\\\/#\\\/schema\\\/logo\\\/image\\\/\",\"url\":\"https:\\\/\\\/www.raxxa.com\\\/wp-content\\\/uploads\\\/2022\\\/07\\\/logo_v2.png\",\"contentUrl\":\"https:\\\/\\\/www.raxxa.com\\\/wp-content\\\/uploads\\\/2022\\\/07\\\/logo_v2.png\",\"width\":380,\"height\":382,\"caption\":\"raxxa\"},\"image\":{\"@id\":\"https:\\\/\\\/www.raxxa.com\\\/#\\\/schema\\\/logo\\\/image\\\/\"},\"sameAs\":[\"https:\\\/\\\/facebook.com\\\/raxxacom\"]}]}<\/script>\n<meta property=\"og:availability\" content=\"instock\" \/>\n<meta property=\"product:availability\" content=\"instock\" \/>\n<meta property=\"product:retailer_item_id\" content=\"1-185-19542-331\" \/>\n<meta property=\"product:condition\" content=\"new\" \/>\n<!-- \/ Yoast SEO Premium plugin. -->","yoast_head_json":{"title":"raxxa Postkarte: Venedig - raxxa","robots":{"index":"index","follow":"follow","max-snippet":"max-snippet:-1","max-image-preview":"max-image-preview:large","max-video-preview":"max-video-preview:-1"},"canonical":"https:\/\/www.raxxa.com\/es\/shop\/raxxa-postkarte-venedig\/","og_locale":"es_ES","og_type":"article","og_title":"raxxa Postkarte: Venedig","og_description":"&quot;Venedig&quot; by Steffen Gierok-Latniak Erleben Sie die atemberaubende Sch\u00f6nheit Venedigs mit diesem beeindruckenden Kunstwerk, das die malerische Lagune und die charakteristische Architektur der Stadt einf\u00e4ngt. Dieses Bild zeigt die ikonischen, bunten Geb\u00e4ude, die sich majest\u00e4tisch entlang des ruhigen Wassers erstrecken, w\u00e4hrend die imposanten Kuppeln der Kirchen in den Himmel ragen. Die leuchtenden Farben und das [&hellip;]","og_url":"https:\/\/www.raxxa.com\/es\/shop\/raxxa-postkarte-venedig\/","og_site_name":"raxxa","article_publisher":"https:\/\/facebook.com\/raxxacom","article_modified_time":"2026-03-01T08:02:06+00:00","twitter_card":"summary_large_image","twitter_misc":{"Disponibilidad":"Disponible"},"schema":{"@context":"https:\/\/schema.org","@graph":[{"@type":["WebPage","ItemPage"],"@id":"https:\/\/www.raxxa.com\/shop\/raxxa-postkarte-venedig\/","url":"https:\/\/www.raxxa.com\/shop\/raxxa-postkarte-venedig\/","name":"raxxa Postkarte: Venedig - raxxa","isPartOf":{"@id":"https:\/\/www.raxxa.com\/#website"},"primaryImageOfPage":{"@id":"https:\/\/www.raxxa.com\/shop\/raxxa-postkarte-venedig\/#primaryimage"},"image":{"@id":"https:\/\/www.raxxa.com\/shop\/raxxa-postkarte-venedig\/#primaryimage"},"thumbnailUrl":"https:\/\/www.raxxa.com\/wp-content\/uploads\/2026\/03\/raxxa-331-19542-185-Steffen-Gierok-Latniak-Venedig-3-scaled.jpg","datePublished":"2026-03-01T08:01:21+00:00","dateModified":"2026-03-01T08:02:06+00:00","breadcrumb":{"@id":"https:\/\/www.raxxa.com\/shop\/raxxa-postkarte-venedig\/#breadcrumb"},"inLanguage":"es","potentialAction":[{"@type":"ReadAction","target":["https:\/\/www.raxxa.com\/shop\/raxxa-postkarte-venedig\/"]}]},{"@type":"ImageObject","inLanguage":"es","@id":"https:\/\/www.raxxa.com\/shop\/raxxa-postkarte-venedig\/#primaryimage","url":"https:\/\/www.raxxa.com\/wp-content\/uploads\/2026\/03\/raxxa-331-19542-185-Steffen-Gierok-Latniak-Venedig-3-scaled.jpg","contentUrl":"https:\/\/www.raxxa.com\/wp-content\/uploads\/2026\/03\/raxxa-331-19542-185-Steffen-Gierok-Latniak-Venedig-3-scaled.jpg","width":2560,"height":1920},{"@type":"BreadcrumbList","@id":"https:\/\/www.raxxa.com\/shop\/raxxa-postkarte-venedig\/#breadcrumb","itemListElement":[{"@type":"ListItem","position":1,"name":"Startseite","item":"https:\/\/www.raxxa.com\/"},{"@type":"ListItem","position":2,"name":"Shop","item":"https:\/\/www.raxxa.com\/it\/shop\/"},{"@type":"ListItem","position":3,"name":"raxxa Postkarte: Venedig"}]},{"@type":"WebSite","@id":"https:\/\/www.raxxa.com\/#website","url":"https:\/\/www.raxxa.com\/","name":"raxxa","description":"Productos individuales \u00fanicos de nuestros dise\u00f1adores","publisher":{"@id":"https:\/\/www.raxxa.com\/#organization"},"potentialAction":[{"@type":"SearchAction","target":{"@type":"EntryPoint","urlTemplate":"https:\/\/www.raxxa.com\/?s={search_term_string}"},"query-input":{"@type":"PropertyValueSpecification","valueRequired":true,"valueName":"search_term_string"}}],"inLanguage":"es"},{"@type":"Organization","@id":"https:\/\/www.raxxa.com\/#organization","name":"raxxa","url":"https:\/\/www.raxxa.com\/","logo":{"@type":"ImageObject","inLanguage":"es","@id":"https:\/\/www.raxxa.com\/#\/schema\/logo\/image\/","url":"https:\/\/www.raxxa.com\/wp-content\/uploads\/2022\/07\/logo_v2.png","contentUrl":"https:\/\/www.raxxa.com\/wp-content\/uploads\/2022\/07\/logo_v2.png","width":380,"height":382,"caption":"raxxa"},"image":{"@id":"https:\/\/www.raxxa.com\/#\/schema\/logo\/image\/"},"sameAs":["https:\/\/facebook.com\/raxxacom"]}]},"og_availability":"instock","product_availability":"instock","product_retailer_item_id":"1-185-19542-331","product_condition":"new"},"jetpack_sharing_enabled":true,"_links":{"self":[{"href":"https:\/\/www.raxxa.com\/es\/wp-json\/wp\/v2\/product\/287582","targetHints":{"allow":["GET"]}}],"collection":[{"href":"https:\/\/www.raxxa.com\/es\/wp-json\/wp\/v2\/product"}],"about":[{"href":"https:\/\/www.raxxa.com\/es\/wp-json\/wp\/v2\/types\/product"}],"replies":[{"embeddable":true,"href":"https:\/\/www.raxxa.com\/es\/wp-json\/wp\/v2\/comments?post=287582"}],"wp:featuredmedia":[{"embeddable":true,"href":"https:\/\/www.raxxa.com\/es\/wp-json\/wp\/v2\/media\/287583"}],"wp:attachment":[{"href":"https:\/\/www.raxxa.com\/es\/wp-json\/wp\/v2\/media?parent=287582"}],"wp:term":[{"taxonomy":"product_brand","embeddable":true,"href":"https:\/\/www.raxxa.com\/es\/wp-json\/wp\/v2\/product_brand?post=287582"},{"taxonomy":"product_cat","embeddable":true,"href":"https:\/\/www.raxxa.com\/es\/wp-json\/wp\/v2\/product_cat?post=287582"},{"taxonomy":"product_tag","embeddable":true,"href":"https:\/\/www.raxxa.com\/es\/wp-json\/wp\/v2\/product_tag?post=287582"}],"curies":[{"name":"wp","href":"https:\/\/api.w.org\/{rel}","templated":true}]}}