{"id":285144,"date":"2026-02-28T17:27:30","date_gmt":"2026-02-28T15:27:30","guid":{"rendered":"https:\/\/www.raxxa.com\/shop\/raxxa-canva-fantasylandschaft-mit-spektakulaeren-felswaenden-und-heissluftballons\/"},"modified":"2026-02-28T17:29:37","modified_gmt":"2026-02-28T15:29:37","slug":"raxxa-canva-fantasylandschaft-mit-spektakulaeren-felswaenden-und-heissluftballons","status":"publish","type":"product","link":"https:\/\/www.raxxa.com\/es\/shop\/raxxa-canva-fantasylandschaft-mit-spektakulaeren-felswaenden-und-heissluftballons\/","title":{"rendered":"raxxa Canva: Fantasylandschaft mit spektakul\u00e4ren Felsw\u00e4nden und Hei\u00dfluftballons"},"content":{"rendered":"<h3><strong>&quot;Fantasylandschaft mit spektakul\u00e4ren Felsw\u00e4nden und Hei\u00dfluftballons&quot; by Kerstin Waurick<\/strong><\/h3>\n<p><strong><\/strong><\/p>\n<p>Eine Fantasylandschaft mit einem kleinen Dorf inmitten wellenf\u00f6rmiger Felsen. Abendausflug mit Hei\u00dfluftballons. Zwischen spektakul\u00e4r geschwungenen Gebirgsw\u00e4nden liegt ein kleines Dorf mit Kirche. Dar\u00fcber fliegen bunte Ballons, ein Regenbogen schimmert in der Ferne.<\/p>\n<p>&nbsp;<\/p>\n<ul><li>Lona cl\u00e1sica con borde de 2 cm, 100 poli\u00e9ster %.<\/li><li>Tintas HP de l\u00e1tex de alta calidad con protecci\u00f3n UV que garantizan colores vivos y resistencia a la luz.<\/li><li>Estructura de madera con certificado FSC<\/li><li>Este producto puede fabricarse especialmente para usted en el tama\u00f1o y dise\u00f1o que desee, previa solicitud.<\/li><\/ul>","protected":false},"excerpt":{"rendered":"<p>&quot;Fantasylandschaft mit spektakul\u00e4ren Felsw\u00e4nden und Hei\u00dfluftballons&quot; by Kerstin Waurick Eine Fantasylandschaft mit einem kleinen Dorf inmitten wellenf\u00f6rmiger Felsen. Abendausflug mit Hei\u00dfluftballons. Zwischen spektakul\u00e4r geschwungenen Gebirgsw\u00e4nden liegt ein kleines Dorf mit Kirche. Dar\u00fcber fliegen bunte Ballons, ein Regenbogen schimmert in der Ferne. &nbsp;<\/p>","protected":false},"featured_media":285145,"comment_status":"open","ping_status":"closed","template":"","meta":[],"product_brand":[],"product_cat":[12937,11600,13429],"product_tag":[],"class_list":{"0":"post-285144","1":"product","2":"type-product","3":"status-publish","4":"has-post-thumbnail","6":"product_cat-canvas","7":"product_cat-fantasy-mythologie","8":"product_cat-kerstin-waurick","10":"first","11":"instock","12":"taxable","13":"shipping-taxable","14":"purchasable","15":"product-type-variable"},"yoast_head":"<!-- This site is optimized with the Yoast SEO Premium plugin v27.4 (Yoast SEO v27.4) - https:\/\/yoast.com\/product\/yoast-seo-premium-wordpress\/ -->\n<title>raxxa Canva: Fantasylandschaft mit spektakul\u00e4ren Felsw\u00e4nden und Hei\u00dfluftballons - raxxa<\/title>\n<meta name=\"robots\" content=\"index, follow, max-snippet:-1, max-image-preview:large, max-video-preview:-1\" \/>\n<link rel=\"canonical\" href=\"https:\/\/www.raxxa.com\/es\/shop\/raxxa-canva-fantasylandschaft-mit-spektakulaeren-felswaenden-und-heissluftballons\/\" \/>\n<meta property=\"og:locale\" content=\"es_ES\" \/>\n<meta property=\"og:type\" content=\"article\" \/>\n<meta property=\"og:title\" content=\"raxxa Canva: Fantasylandschaft mit spektakul\u00e4ren Felsw\u00e4nden und Hei\u00dfluftballons\" \/>\n<meta property=\"og:description\" content=\"&quot;Fantasylandschaft mit spektakul\u00e4ren Felsw\u00e4nden und Hei\u00dfluftballons&quot; by Kerstin Waurick Eine Fantasylandschaft mit einem kleinen Dorf inmitten wellenf\u00f6rmiger Felsen. Abendausflug mit Hei\u00dfluftballons. Zwischen spektakul\u00e4r geschwungenen Gebirgsw\u00e4nden liegt ein kleines Dorf mit Kirche. Dar\u00fcber fliegen bunte Ballons, ein Regenbogen schimmert in der Ferne. &nbsp;\" \/>\n<meta property=\"og:url\" content=\"https:\/\/www.raxxa.com\/es\/shop\/raxxa-canva-fantasylandschaft-mit-spektakulaeren-felswaenden-und-heissluftballons\/\" \/>\n<meta property=\"og:site_name\" content=\"raxxa\" \/>\n<meta property=\"article:publisher\" content=\"https:\/\/facebook.com\/raxxacom\" \/>\n<meta property=\"article:modified_time\" content=\"2026-02-28T15:29:37+00:00\" \/>\n<meta name=\"twitter:card\" content=\"summary_large_image\" \/>\n<meta name=\"twitter:label1\" content=\"Disponibilidad\" \/>\n\t<meta name=\"twitter:data1\" content=\"Disponible\" \/>\n<script type=\"application\/ld+json\" class=\"yoast-schema-graph\">{\"@context\":\"https:\\\/\\\/schema.org\",\"@graph\":[{\"@type\":[\"WebPage\",\"ItemPage\"],\"@id\":\"https:\\\/\\\/www.raxxa.com\\\/shop\\\/raxxa-canva-fantasylandschaft-mit-spektakulaeren-felswaenden-und-heissluftballons\\\/\",\"url\":\"https:\\\/\\\/www.raxxa.com\\\/shop\\\/raxxa-canva-fantasylandschaft-mit-spektakulaeren-felswaenden-und-heissluftballons\\\/\",\"name\":\"raxxa Canva: Fantasylandschaft mit spektakul\u00e4ren Felsw\u00e4nden und Hei\u00dfluftballons - raxxa\",\"isPartOf\":{\"@id\":\"https:\\\/\\\/www.raxxa.com\\\/#website\"},\"primaryImageOfPage\":{\"@id\":\"https:\\\/\\\/www.raxxa.com\\\/shop\\\/raxxa-canva-fantasylandschaft-mit-spektakulaeren-felswaenden-und-heissluftballons\\\/#primaryimage\"},\"image\":{\"@id\":\"https:\\\/\\\/www.raxxa.com\\\/shop\\\/raxxa-canva-fantasylandschaft-mit-spektakulaeren-felswaenden-und-heissluftballons\\\/#primaryimage\"},\"thumbnailUrl\":\"https:\\\/\\\/www.raxxa.com\\\/wp-content\\\/uploads\\\/2026\\\/02\\\/raxxa-Canvas-373-20582-133-Kerstin-Waurick-Fantasylandschaft-mit-spektakularen-Felswanden-und-HeiSsluftballons-3-scaled.jpg\",\"datePublished\":\"2026-02-28T15:27:30+00:00\",\"dateModified\":\"2026-02-28T15:29:37+00:00\",\"breadcrumb\":{\"@id\":\"https:\\\/\\\/www.raxxa.com\\\/shop\\\/raxxa-canva-fantasylandschaft-mit-spektakulaeren-felswaenden-und-heissluftballons\\\/#breadcrumb\"},\"inLanguage\":\"es\",\"potentialAction\":[{\"@type\":\"ReadAction\",\"target\":[\"https:\\\/\\\/www.raxxa.com\\\/shop\\\/raxxa-canva-fantasylandschaft-mit-spektakulaeren-felswaenden-und-heissluftballons\\\/\"]}]},{\"@type\":\"ImageObject\",\"inLanguage\":\"es\",\"@id\":\"https:\\\/\\\/www.raxxa.com\\\/shop\\\/raxxa-canva-fantasylandschaft-mit-spektakulaeren-felswaenden-und-heissluftballons\\\/#primaryimage\",\"url\":\"https:\\\/\\\/www.raxxa.com\\\/wp-content\\\/uploads\\\/2026\\\/02\\\/raxxa-Canvas-373-20582-133-Kerstin-Waurick-Fantasylandschaft-mit-spektakularen-Felswanden-und-HeiSsluftballons-3-scaled.jpg\",\"contentUrl\":\"https:\\\/\\\/www.raxxa.com\\\/wp-content\\\/uploads\\\/2026\\\/02\\\/raxxa-Canvas-373-20582-133-Kerstin-Waurick-Fantasylandschaft-mit-spektakularen-Felswanden-und-HeiSsluftballons-3-scaled.jpg\",\"width\":2560,\"height\":1920},{\"@type\":\"BreadcrumbList\",\"@id\":\"https:\\\/\\\/www.raxxa.com\\\/shop\\\/raxxa-canva-fantasylandschaft-mit-spektakulaeren-felswaenden-und-heissluftballons\\\/#breadcrumb\",\"itemListElement\":[{\"@type\":\"ListItem\",\"position\":1,\"name\":\"Startseite\",\"item\":\"https:\\\/\\\/www.raxxa.com\\\/\"},{\"@type\":\"ListItem\",\"position\":2,\"name\":\"Shop\",\"item\":\"https:\\\/\\\/www.raxxa.com\\\/it\\\/shop\\\/\"},{\"@type\":\"ListItem\",\"position\":3,\"name\":\"raxxa Canva: Fantasylandschaft mit spektakul\u00e4ren Felsw\u00e4nden und Hei\u00dfluftballons\"}]},{\"@type\":\"WebSite\",\"@id\":\"https:\\\/\\\/www.raxxa.com\\\/#website\",\"url\":\"https:\\\/\\\/www.raxxa.com\\\/\",\"name\":\"raxxa\",\"description\":\"Einzigartige individuelle Produkte von unseren Designern\",\"publisher\":{\"@id\":\"https:\\\/\\\/www.raxxa.com\\\/#organization\"},\"potentialAction\":[{\"@type\":\"SearchAction\",\"target\":{\"@type\":\"EntryPoint\",\"urlTemplate\":\"https:\\\/\\\/www.raxxa.com\\\/?s={search_term_string}\"},\"query-input\":{\"@type\":\"PropertyValueSpecification\",\"valueRequired\":true,\"valueName\":\"search_term_string\"}}],\"inLanguage\":\"es\"},{\"@type\":\"Organization\",\"@id\":\"https:\\\/\\\/www.raxxa.com\\\/#organization\",\"name\":\"raxxa\",\"url\":\"https:\\\/\\\/www.raxxa.com\\\/\",\"logo\":{\"@type\":\"ImageObject\",\"inLanguage\":\"es\",\"@id\":\"https:\\\/\\\/www.raxxa.com\\\/#\\\/schema\\\/logo\\\/image\\\/\",\"url\":\"https:\\\/\\\/www.raxxa.com\\\/wp-content\\\/uploads\\\/2022\\\/07\\\/logo_v2.png\",\"contentUrl\":\"https:\\\/\\\/www.raxxa.com\\\/wp-content\\\/uploads\\\/2022\\\/07\\\/logo_v2.png\",\"width\":380,\"height\":382,\"caption\":\"raxxa\"},\"image\":{\"@id\":\"https:\\\/\\\/www.raxxa.com\\\/#\\\/schema\\\/logo\\\/image\\\/\"},\"sameAs\":[\"https:\\\/\\\/facebook.com\\\/raxxacom\"]}]}<\/script>\n<meta property=\"og:availability\" content=\"instock\" \/>\n<meta property=\"product:availability\" content=\"instock\" \/>\n<meta property=\"product:retailer_item_id\" content=\"1-133-20582-373\" \/>\n<meta property=\"product:condition\" content=\"new\" \/>\n<!-- \/ Yoast SEO Premium plugin. -->","yoast_head_json":{"title":"raxxa Canva: Fantasylandschaft mit spektakul\u00e4ren Felsw\u00e4nden und Hei\u00dfluftballons - raxxa","robots":{"index":"index","follow":"follow","max-snippet":"max-snippet:-1","max-image-preview":"max-image-preview:large","max-video-preview":"max-video-preview:-1"},"canonical":"https:\/\/www.raxxa.com\/es\/shop\/raxxa-canva-fantasylandschaft-mit-spektakulaeren-felswaenden-und-heissluftballons\/","og_locale":"es_ES","og_type":"article","og_title":"raxxa Canva: Fantasylandschaft mit spektakul\u00e4ren Felsw\u00e4nden und Hei\u00dfluftballons","og_description":"&quot;Fantasylandschaft mit spektakul\u00e4ren Felsw\u00e4nden und Hei\u00dfluftballons&quot; by Kerstin Waurick Eine Fantasylandschaft mit einem kleinen Dorf inmitten wellenf\u00f6rmiger Felsen. Abendausflug mit Hei\u00dfluftballons. Zwischen spektakul\u00e4r geschwungenen Gebirgsw\u00e4nden liegt ein kleines Dorf mit Kirche. Dar\u00fcber fliegen bunte Ballons, ein Regenbogen schimmert in der Ferne. &nbsp;","og_url":"https:\/\/www.raxxa.com\/es\/shop\/raxxa-canva-fantasylandschaft-mit-spektakulaeren-felswaenden-und-heissluftballons\/","og_site_name":"raxxa","article_publisher":"https:\/\/facebook.com\/raxxacom","article_modified_time":"2026-02-28T15:29:37+00:00","twitter_card":"summary_large_image","twitter_misc":{"Disponibilidad":"Disponible"},"schema":{"@context":"https:\/\/schema.org","@graph":[{"@type":["WebPage","ItemPage"],"@id":"https:\/\/www.raxxa.com\/shop\/raxxa-canva-fantasylandschaft-mit-spektakulaeren-felswaenden-und-heissluftballons\/","url":"https:\/\/www.raxxa.com\/shop\/raxxa-canva-fantasylandschaft-mit-spektakulaeren-felswaenden-und-heissluftballons\/","name":"raxxa Canva: Fantasylandschaft mit spektakul\u00e4ren Felsw\u00e4nden und Hei\u00dfluftballons - raxxa","isPartOf":{"@id":"https:\/\/www.raxxa.com\/#website"},"primaryImageOfPage":{"@id":"https:\/\/www.raxxa.com\/shop\/raxxa-canva-fantasylandschaft-mit-spektakulaeren-felswaenden-und-heissluftballons\/#primaryimage"},"image":{"@id":"https:\/\/www.raxxa.com\/shop\/raxxa-canva-fantasylandschaft-mit-spektakulaeren-felswaenden-und-heissluftballons\/#primaryimage"},"thumbnailUrl":"https:\/\/www.raxxa.com\/wp-content\/uploads\/2026\/02\/raxxa-Canvas-373-20582-133-Kerstin-Waurick-Fantasylandschaft-mit-spektakularen-Felswanden-und-HeiSsluftballons-3-scaled.jpg","datePublished":"2026-02-28T15:27:30+00:00","dateModified":"2026-02-28T15:29:37+00:00","breadcrumb":{"@id":"https:\/\/www.raxxa.com\/shop\/raxxa-canva-fantasylandschaft-mit-spektakulaeren-felswaenden-und-heissluftballons\/#breadcrumb"},"inLanguage":"es","potentialAction":[{"@type":"ReadAction","target":["https:\/\/www.raxxa.com\/shop\/raxxa-canva-fantasylandschaft-mit-spektakulaeren-felswaenden-und-heissluftballons\/"]}]},{"@type":"ImageObject","inLanguage":"es","@id":"https:\/\/www.raxxa.com\/shop\/raxxa-canva-fantasylandschaft-mit-spektakulaeren-felswaenden-und-heissluftballons\/#primaryimage","url":"https:\/\/www.raxxa.com\/wp-content\/uploads\/2026\/02\/raxxa-Canvas-373-20582-133-Kerstin-Waurick-Fantasylandschaft-mit-spektakularen-Felswanden-und-HeiSsluftballons-3-scaled.jpg","contentUrl":"https:\/\/www.raxxa.com\/wp-content\/uploads\/2026\/02\/raxxa-Canvas-373-20582-133-Kerstin-Waurick-Fantasylandschaft-mit-spektakularen-Felswanden-und-HeiSsluftballons-3-scaled.jpg","width":2560,"height":1920},{"@type":"BreadcrumbList","@id":"https:\/\/www.raxxa.com\/shop\/raxxa-canva-fantasylandschaft-mit-spektakulaeren-felswaenden-und-heissluftballons\/#breadcrumb","itemListElement":[{"@type":"ListItem","position":1,"name":"Startseite","item":"https:\/\/www.raxxa.com\/"},{"@type":"ListItem","position":2,"name":"Shop","item":"https:\/\/www.raxxa.com\/it\/shop\/"},{"@type":"ListItem","position":3,"name":"raxxa Canva: Fantasylandschaft mit spektakul\u00e4ren Felsw\u00e4nden und Hei\u00dfluftballons"}]},{"@type":"WebSite","@id":"https:\/\/www.raxxa.com\/#website","url":"https:\/\/www.raxxa.com\/","name":"raxxa","description":"Productos individuales \u00fanicos de nuestros dise\u00f1adores","publisher":{"@id":"https:\/\/www.raxxa.com\/#organization"},"potentialAction":[{"@type":"SearchAction","target":{"@type":"EntryPoint","urlTemplate":"https:\/\/www.raxxa.com\/?s={search_term_string}"},"query-input":{"@type":"PropertyValueSpecification","valueRequired":true,"valueName":"search_term_string"}}],"inLanguage":"es"},{"@type":"Organization","@id":"https:\/\/www.raxxa.com\/#organization","name":"raxxa","url":"https:\/\/www.raxxa.com\/","logo":{"@type":"ImageObject","inLanguage":"es","@id":"https:\/\/www.raxxa.com\/#\/schema\/logo\/image\/","url":"https:\/\/www.raxxa.com\/wp-content\/uploads\/2022\/07\/logo_v2.png","contentUrl":"https:\/\/www.raxxa.com\/wp-content\/uploads\/2022\/07\/logo_v2.png","width":380,"height":382,"caption":"raxxa"},"image":{"@id":"https:\/\/www.raxxa.com\/#\/schema\/logo\/image\/"},"sameAs":["https:\/\/facebook.com\/raxxacom"]}]},"og_availability":"instock","product_availability":"instock","product_retailer_item_id":"1-133-20582-373","product_condition":"new"},"jetpack_sharing_enabled":true,"_links":{"self":[{"href":"https:\/\/www.raxxa.com\/es\/wp-json\/wp\/v2\/product\/285144","targetHints":{"allow":["GET"]}}],"collection":[{"href":"https:\/\/www.raxxa.com\/es\/wp-json\/wp\/v2\/product"}],"about":[{"href":"https:\/\/www.raxxa.com\/es\/wp-json\/wp\/v2\/types\/product"}],"replies":[{"embeddable":true,"href":"https:\/\/www.raxxa.com\/es\/wp-json\/wp\/v2\/comments?post=285144"}],"wp:featuredmedia":[{"embeddable":true,"href":"https:\/\/www.raxxa.com\/es\/wp-json\/wp\/v2\/media\/285145"}],"wp:attachment":[{"href":"https:\/\/www.raxxa.com\/es\/wp-json\/wp\/v2\/media?parent=285144"}],"wp:term":[{"taxonomy":"product_brand","embeddable":true,"href":"https:\/\/www.raxxa.com\/es\/wp-json\/wp\/v2\/product_brand?post=285144"},{"taxonomy":"product_cat","embeddable":true,"href":"https:\/\/www.raxxa.com\/es\/wp-json\/wp\/v2\/product_cat?post=285144"},{"taxonomy":"product_tag","embeddable":true,"href":"https:\/\/www.raxxa.com\/es\/wp-json\/wp\/v2\/product_tag?post=285144"}],"curies":[{"name":"wp","href":"https:\/\/api.w.org\/{rel}","templated":true}]}}