{"id":283883,"date":"2026-02-28T12:12:11","date_gmt":"2026-02-28T10:12:11","guid":{"rendered":"https:\/\/www.raxxa.com\/shop\/poster-waechter-des-waldes-anime-stil\/"},"modified":"2026-02-28T12:15:53","modified_gmt":"2026-02-28T10:15:53","slug":"poster-waechter-des-waldes-anime-stil","status":"publish","type":"product","link":"https:\/\/www.raxxa.com\/es\/shop\/poster-waechter-des-waldes-anime-stil\/","title":{"rendered":"Poster: W\u00e4chter des Waldes &#8211; Anime Stil"},"content":{"rendered":"<h3><strong>&quot;W\u00e4chter des Waldes &#8211; Anime Stil&quot; by Kerstin Waurick<\/strong><\/h3>\n<p><strong><\/strong><\/p>\n<p>Auf einem mit Moos bedeckten Ast in einem zauberhaften, lichtdurchfluteten Wald sitzen kleine, rundliche Waldbewohner mit gro\u00dfen Augen \u2013 Wesen voller Magie und Unschuld. Ihre neugierigen Blicke lassen vermuten, dass sie \u00fcber das Gleichgewicht der Natur wachen. Die Szene erinnert an einen sanften Moment aus einem vertr\u00e4umten Animationsfilm und l\u00e4dt zum Staunen ein.<\/p>\n<p>&nbsp;<\/p>\n<ul><li>P\u00f3ster de calidad de museo en papel de archivo mate duradero (sin revestimiento).<\/li><li>Gramaje del papel: 250 g \/ m\u00b2.<\/li><li>Se env\u00eda en un embalaje resistente para proteger el p\u00f3ster.<\/li><li>Este producto puede fabricarse especialmente para usted en el tama\u00f1o y dise\u00f1o que desee, previa solicitud.<\/li><\/ul>","protected":false},"excerpt":{"rendered":"<p>&quot;W\u00e4chter des Waldes &#8211; Anime Stil&quot; by Kerstin Waurick Auf einem mit Moos bedeckten Ast in einem zauberhaften, lichtdurchfluteten Wald sitzen kleine, rundliche Waldbewohner mit gro\u00dfen Augen \u2013 Wesen voller Magie und Unschuld. Ihre neugierigen Blicke lassen vermuten, dass sie \u00fcber das Gleichgewicht der Natur wachen. Die Szene erinnert an einen sanften Moment aus einem [&hellip;]<\/p>\n","protected":false},"featured_media":283884,"comment_status":"open","ping_status":"closed","template":"","meta":[],"product_brand":[],"product_cat":[11600,10378,13429],"product_tag":[],"class_list":{"0":"post-283883","1":"product","2":"type-product","3":"status-publish","4":"has-post-thumbnail","6":"product_cat-fantasy-mythologie","7":"product_cat-poster","8":"product_cat-kerstin-waurick","10":"first","11":"instock","12":"taxable","13":"shipping-taxable","14":"purchasable","15":"product-type-variable"},"yoast_head":"<!-- This site is optimized with the Yoast SEO Premium plugin v27.5 (Yoast SEO v27.6) - https:\/\/yoast.com\/product\/yoast-seo-premium-wordpress\/ -->\n<title>Poster: W\u00e4chter des Waldes - Anime Stil - raxxa<\/title>\n<meta name=\"robots\" content=\"index, follow, max-snippet:-1, max-image-preview:large, max-video-preview:-1\" \/>\n<link rel=\"canonical\" href=\"https:\/\/www.raxxa.com\/es\/shop\/poster-waechter-des-waldes-anime-stil\/\" \/>\n<meta property=\"og:locale\" content=\"es_ES\" \/>\n<meta property=\"og:type\" content=\"article\" \/>\n<meta property=\"og:title\" content=\"Poster: W\u00e4chter des Waldes - Anime Stil\" \/>\n<meta property=\"og:description\" content=\"&quot;W\u00e4chter des Waldes &#8211; Anime Stil&quot; by Kerstin Waurick Auf einem mit Moos bedeckten Ast in einem zauberhaften, lichtdurchfluteten Wald sitzen kleine, rundliche Waldbewohner mit gro\u00dfen Augen \u2013 Wesen voller Magie und Unschuld. Ihre neugierigen Blicke lassen vermuten, dass sie \u00fcber das Gleichgewicht der Natur wachen. Die Szene erinnert an einen sanften Moment aus einem [&hellip;]\" \/>\n<meta property=\"og:url\" content=\"https:\/\/www.raxxa.com\/es\/shop\/poster-waechter-des-waldes-anime-stil\/\" \/>\n<meta property=\"og:site_name\" content=\"raxxa\" \/>\n<meta property=\"article:publisher\" content=\"https:\/\/facebook.com\/raxxacom\" \/>\n<meta property=\"article:modified_time\" content=\"2026-02-28T10:15:53+00:00\" \/>\n<meta name=\"twitter:card\" content=\"summary_large_image\" \/>\n<meta name=\"twitter:label1\" content=\"Disponibilidad\" \/>\n\t<meta name=\"twitter:data1\" content=\"Disponible\" \/>\n<script type=\"application\/ld+json\" class=\"yoast-schema-graph\">{\"@context\":\"https:\\\/\\\/schema.org\",\"@graph\":[{\"@type\":[\"WebPage\",\"ItemPage\"],\"@id\":\"https:\\\/\\\/www.raxxa.com\\\/shop\\\/poster-waechter-des-waldes-anime-stil\\\/\",\"url\":\"https:\\\/\\\/www.raxxa.com\\\/shop\\\/poster-waechter-des-waldes-anime-stil\\\/\",\"name\":\"Poster: W\u00e4chter des Waldes - Anime Stil - raxxa\",\"isPartOf\":{\"@id\":\"https:\\\/\\\/www.raxxa.com\\\/#website\"},\"primaryImageOfPage\":{\"@id\":\"https:\\\/\\\/www.raxxa.com\\\/shop\\\/poster-waechter-des-waldes-anime-stil\\\/#primaryimage\"},\"image\":{\"@id\":\"https:\\\/\\\/www.raxxa.com\\\/shop\\\/poster-waechter-des-waldes-anime-stil\\\/#primaryimage\"},\"thumbnailUrl\":\"https:\\\/\\\/www.raxxa.com\\\/wp-content\\\/uploads\\\/2026\\\/02\\\/raxxa-Wallart-373-20940-84-Kerstin-Waurick-Wachter-des-Waldes-Anime-Stil-35.jpg\",\"datePublished\":\"2026-02-28T10:12:11+00:00\",\"dateModified\":\"2026-02-28T10:15:53+00:00\",\"breadcrumb\":{\"@id\":\"https:\\\/\\\/www.raxxa.com\\\/shop\\\/poster-waechter-des-waldes-anime-stil\\\/#breadcrumb\"},\"inLanguage\":\"es\",\"potentialAction\":[{\"@type\":\"ReadAction\",\"target\":[\"https:\\\/\\\/www.raxxa.com\\\/shop\\\/poster-waechter-des-waldes-anime-stil\\\/\"]}]},{\"@type\":\"ImageObject\",\"inLanguage\":\"es\",\"@id\":\"https:\\\/\\\/www.raxxa.com\\\/shop\\\/poster-waechter-des-waldes-anime-stil\\\/#primaryimage\",\"url\":\"https:\\\/\\\/www.raxxa.com\\\/wp-content\\\/uploads\\\/2026\\\/02\\\/raxxa-Wallart-373-20940-84-Kerstin-Waurick-Wachter-des-Waldes-Anime-Stil-35.jpg\",\"contentUrl\":\"https:\\\/\\\/www.raxxa.com\\\/wp-content\\\/uploads\\\/2026\\\/02\\\/raxxa-Wallart-373-20940-84-Kerstin-Waurick-Wachter-des-Waldes-Anime-Stil-35.jpg\",\"width\":1024,\"height\":1024},{\"@type\":\"BreadcrumbList\",\"@id\":\"https:\\\/\\\/www.raxxa.com\\\/shop\\\/poster-waechter-des-waldes-anime-stil\\\/#breadcrumb\",\"itemListElement\":[{\"@type\":\"ListItem\",\"position\":1,\"name\":\"Startseite\",\"item\":\"https:\\\/\\\/www.raxxa.com\\\/\"},{\"@type\":\"ListItem\",\"position\":2,\"name\":\"Shop\",\"item\":\"https:\\\/\\\/www.raxxa.com\\\/it\\\/shop\\\/\"},{\"@type\":\"ListItem\",\"position\":3,\"name\":\"Poster: W\u00e4chter des Waldes &#8211; Anime Stil\"}]},{\"@type\":\"WebSite\",\"@id\":\"https:\\\/\\\/www.raxxa.com\\\/#website\",\"url\":\"https:\\\/\\\/www.raxxa.com\\\/\",\"name\":\"raxxa\",\"description\":\"Einzigartige individuelle Produkte von unseren Designern\",\"publisher\":{\"@id\":\"https:\\\/\\\/www.raxxa.com\\\/#organization\"},\"potentialAction\":[{\"@type\":\"SearchAction\",\"target\":{\"@type\":\"EntryPoint\",\"urlTemplate\":\"https:\\\/\\\/www.raxxa.com\\\/?s={search_term_string}\"},\"query-input\":{\"@type\":\"PropertyValueSpecification\",\"valueRequired\":true,\"valueName\":\"search_term_string\"}}],\"inLanguage\":\"es\"},{\"@type\":\"Organization\",\"@id\":\"https:\\\/\\\/www.raxxa.com\\\/#organization\",\"name\":\"raxxa\",\"url\":\"https:\\\/\\\/www.raxxa.com\\\/\",\"logo\":{\"@type\":\"ImageObject\",\"inLanguage\":\"es\",\"@id\":\"https:\\\/\\\/www.raxxa.com\\\/#\\\/schema\\\/logo\\\/image\\\/\",\"url\":\"https:\\\/\\\/www.raxxa.com\\\/wp-content\\\/uploads\\\/2022\\\/07\\\/logo_v2.png\",\"contentUrl\":\"https:\\\/\\\/www.raxxa.com\\\/wp-content\\\/uploads\\\/2022\\\/07\\\/logo_v2.png\",\"width\":380,\"height\":382,\"caption\":\"raxxa\"},\"image\":{\"@id\":\"https:\\\/\\\/www.raxxa.com\\\/#\\\/schema\\\/logo\\\/image\\\/\"},\"sameAs\":[\"https:\\\/\\\/facebook.com\\\/raxxacom\"]}]}<\/script>\n<meta property=\"og:availability\" content=\"instock\" \/>\n<meta property=\"product:availability\" content=\"instock\" \/>\n<meta property=\"product:retailer_item_id\" content=\"1-84-20940-373\" \/>\n<meta property=\"product:condition\" content=\"new\" \/>\n<!-- \/ Yoast SEO Premium plugin. -->","yoast_head_json":{"title":"Poster: W\u00e4chter des Waldes - Anime Stil - raxxa","robots":{"index":"index","follow":"follow","max-snippet":"max-snippet:-1","max-image-preview":"max-image-preview:large","max-video-preview":"max-video-preview:-1"},"canonical":"https:\/\/www.raxxa.com\/es\/shop\/poster-waechter-des-waldes-anime-stil\/","og_locale":"es_ES","og_type":"article","og_title":"Poster: W\u00e4chter des Waldes - Anime Stil","og_description":"&quot;W\u00e4chter des Waldes &#8211; Anime Stil&quot; by Kerstin Waurick Auf einem mit Moos bedeckten Ast in einem zauberhaften, lichtdurchfluteten Wald sitzen kleine, rundliche Waldbewohner mit gro\u00dfen Augen \u2013 Wesen voller Magie und Unschuld. Ihre neugierigen Blicke lassen vermuten, dass sie \u00fcber das Gleichgewicht der Natur wachen. Die Szene erinnert an einen sanften Moment aus einem [&hellip;]","og_url":"https:\/\/www.raxxa.com\/es\/shop\/poster-waechter-des-waldes-anime-stil\/","og_site_name":"raxxa","article_publisher":"https:\/\/facebook.com\/raxxacom","article_modified_time":"2026-02-28T10:15:53+00:00","twitter_card":"summary_large_image","twitter_misc":{"Disponibilidad":"Disponible"},"schema":{"@context":"https:\/\/schema.org","@graph":[{"@type":["WebPage","ItemPage"],"@id":"https:\/\/www.raxxa.com\/shop\/poster-waechter-des-waldes-anime-stil\/","url":"https:\/\/www.raxxa.com\/shop\/poster-waechter-des-waldes-anime-stil\/","name":"Poster: W\u00e4chter des Waldes - Anime Stil - raxxa","isPartOf":{"@id":"https:\/\/www.raxxa.com\/#website"},"primaryImageOfPage":{"@id":"https:\/\/www.raxxa.com\/shop\/poster-waechter-des-waldes-anime-stil\/#primaryimage"},"image":{"@id":"https:\/\/www.raxxa.com\/shop\/poster-waechter-des-waldes-anime-stil\/#primaryimage"},"thumbnailUrl":"https:\/\/www.raxxa.com\/wp-content\/uploads\/2026\/02\/raxxa-Wallart-373-20940-84-Kerstin-Waurick-Wachter-des-Waldes-Anime-Stil-35.jpg","datePublished":"2026-02-28T10:12:11+00:00","dateModified":"2026-02-28T10:15:53+00:00","breadcrumb":{"@id":"https:\/\/www.raxxa.com\/shop\/poster-waechter-des-waldes-anime-stil\/#breadcrumb"},"inLanguage":"es","potentialAction":[{"@type":"ReadAction","target":["https:\/\/www.raxxa.com\/shop\/poster-waechter-des-waldes-anime-stil\/"]}]},{"@type":"ImageObject","inLanguage":"es","@id":"https:\/\/www.raxxa.com\/shop\/poster-waechter-des-waldes-anime-stil\/#primaryimage","url":"https:\/\/www.raxxa.com\/wp-content\/uploads\/2026\/02\/raxxa-Wallart-373-20940-84-Kerstin-Waurick-Wachter-des-Waldes-Anime-Stil-35.jpg","contentUrl":"https:\/\/www.raxxa.com\/wp-content\/uploads\/2026\/02\/raxxa-Wallart-373-20940-84-Kerstin-Waurick-Wachter-des-Waldes-Anime-Stil-35.jpg","width":1024,"height":1024},{"@type":"BreadcrumbList","@id":"https:\/\/www.raxxa.com\/shop\/poster-waechter-des-waldes-anime-stil\/#breadcrumb","itemListElement":[{"@type":"ListItem","position":1,"name":"Startseite","item":"https:\/\/www.raxxa.com\/"},{"@type":"ListItem","position":2,"name":"Shop","item":"https:\/\/www.raxxa.com\/it\/shop\/"},{"@type":"ListItem","position":3,"name":"Poster: W\u00e4chter des Waldes &#8211; Anime Stil"}]},{"@type":"WebSite","@id":"https:\/\/www.raxxa.com\/#website","url":"https:\/\/www.raxxa.com\/","name":"raxxa","description":"Productos individuales \u00fanicos de nuestros dise\u00f1adores","publisher":{"@id":"https:\/\/www.raxxa.com\/#organization"},"potentialAction":[{"@type":"SearchAction","target":{"@type":"EntryPoint","urlTemplate":"https:\/\/www.raxxa.com\/?s={search_term_string}"},"query-input":{"@type":"PropertyValueSpecification","valueRequired":true,"valueName":"search_term_string"}}],"inLanguage":"es"},{"@type":"Organization","@id":"https:\/\/www.raxxa.com\/#organization","name":"raxxa","url":"https:\/\/www.raxxa.com\/","logo":{"@type":"ImageObject","inLanguage":"es","@id":"https:\/\/www.raxxa.com\/#\/schema\/logo\/image\/","url":"https:\/\/www.raxxa.com\/wp-content\/uploads\/2022\/07\/logo_v2.png","contentUrl":"https:\/\/www.raxxa.com\/wp-content\/uploads\/2022\/07\/logo_v2.png","width":380,"height":382,"caption":"raxxa"},"image":{"@id":"https:\/\/www.raxxa.com\/#\/schema\/logo\/image\/"},"sameAs":["https:\/\/facebook.com\/raxxacom"]}]},"og_availability":"instock","product_availability":"instock","product_retailer_item_id":"1-84-20940-373","product_condition":"new"},"jetpack_sharing_enabled":true,"_links":{"self":[{"href":"https:\/\/www.raxxa.com\/es\/wp-json\/wp\/v2\/product\/283883","targetHints":{"allow":["GET"]}}],"collection":[{"href":"https:\/\/www.raxxa.com\/es\/wp-json\/wp\/v2\/product"}],"about":[{"href":"https:\/\/www.raxxa.com\/es\/wp-json\/wp\/v2\/types\/product"}],"replies":[{"embeddable":true,"href":"https:\/\/www.raxxa.com\/es\/wp-json\/wp\/v2\/comments?post=283883"}],"wp:featuredmedia":[{"embeddable":true,"href":"https:\/\/www.raxxa.com\/es\/wp-json\/wp\/v2\/media\/283884"}],"wp:attachment":[{"href":"https:\/\/www.raxxa.com\/es\/wp-json\/wp\/v2\/media?parent=283883"}],"wp:term":[{"taxonomy":"product_brand","embeddable":true,"href":"https:\/\/www.raxxa.com\/es\/wp-json\/wp\/v2\/product_brand?post=283883"},{"taxonomy":"product_cat","embeddable":true,"href":"https:\/\/www.raxxa.com\/es\/wp-json\/wp\/v2\/product_cat?post=283883"},{"taxonomy":"product_tag","embeddable":true,"href":"https:\/\/www.raxxa.com\/es\/wp-json\/wp\/v2\/product_tag?post=283883"}],"curies":[{"name":"wp","href":"https:\/\/api.w.org\/{rel}","templated":true}]}}