{"id":265176,"date":"2025-11-29T13:24:38","date_gmt":"2025-11-29T11:24:38","guid":{"rendered":"https:\/\/www.raxxa.com\/shop\/raxxa-canva-kirschbluetenzweig\/"},"modified":"2025-11-29T13:24:45","modified_gmt":"2025-11-29T11:24:45","slug":"raxxa-canva-kirschbluetenzweig","status":"publish","type":"product","link":"https:\/\/www.raxxa.com\/es\/shop\/raxxa-canva-kirschbluetenzweig\/","title":{"rendered":"raxxa Canva: Kirschbl\u00fctenzweig"},"content":{"rendered":"<h3><strong>&quot;Kirschbl\u00fctenzweig&quot; by REBEKKA RIEDEL<\/strong><\/h3>\n<p><strong><\/strong><\/p>\n<p>W\u00fcnschst du dir einen Ort f\u00fcr dich?<br \/>Einen Ort zum Ankommen und Sein?<br \/>Einen Ort zum Ruhefinden und Krafttanken?<\/p>\n<p>Dieses Gem\u00e4lde l\u00e4sst dich ruhig und tief atmen. <br \/>Bei dir sein.<\/p>\n<p>Dieser Kirschbl\u00fctenzweig ist lebende Eleganz. <br \/>Ein Zeichen des Umbruchs.<br \/>Ein Zeichen von Kraft, Mut und St\u00e4rke.<\/p>\n<p>&nbsp;<\/p>\n<ul><li>Lona cl\u00e1sica con borde de 2 cm, 100 poli\u00e9ster %.<\/li><li>Tintas HP de l\u00e1tex de alta calidad con protecci\u00f3n UV que garantizan colores vivos y resistencia a la luz.<\/li><li>Estructura de madera con certificado FSC<\/li><li>Este producto puede fabricarse especialmente para usted en el tama\u00f1o y dise\u00f1o que desee, previa solicitud.<\/li><\/ul>","protected":false},"excerpt":{"rendered":"<p>&quot;Kirschbl\u00fctenzweig&quot; by REBEKKA RIEDEL W\u00fcnschst du dir einen Ort f\u00fcr dich?Einen Ort zum Ankommen und Sein?Einen Ort zum Ruhefinden und Krafttanken? Dieses Gem\u00e4lde l\u00e4sst dich ruhig und tief atmen. Bei dir sein. Dieser Kirschbl\u00fctenzweig ist lebende Eleganz. Ein Zeichen des Umbruchs.Ein Zeichen von Kraft, Mut und St\u00e4rke. &nbsp;<\/p>","protected":false},"featured_media":265175,"comment_status":"open","ping_status":"closed","template":"","meta":[],"product_brand":[],"product_cat":[12937,136,13508],"product_tag":[],"class_list":{"0":"post-265176","1":"product","2":"type-product","3":"status-publish","4":"has-post-thumbnail","6":"product_cat-canvas","7":"product_cat-natur","8":"product_cat-rebekka-riedel","9":"product_shipping_class-versand-canvas","11":"first","12":"outofstock","13":"taxable","14":"shipping-taxable","15":"product-type-variable"},"yoast_head":"<!-- This site is optimized with the Yoast SEO Premium plugin v27.2 (Yoast SEO v27.3) - https:\/\/yoast.com\/product\/yoast-seo-premium-wordpress\/ -->\n<title>raxxa Canva: Kirschbl\u00fctenzweig - raxxa<\/title>\n<meta name=\"robots\" content=\"index, follow, max-snippet:-1, max-image-preview:large, max-video-preview:-1\" \/>\n<link rel=\"canonical\" href=\"https:\/\/www.raxxa.com\/es\/shop\/raxxa-canva-kirschbluetenzweig\/\" \/>\n<meta property=\"og:locale\" content=\"es_ES\" \/>\n<meta property=\"og:type\" content=\"article\" \/>\n<meta property=\"og:title\" content=\"raxxa Canva: Kirschbl\u00fctenzweig\" \/>\n<meta property=\"og:description\" content=\"&quot;Kirschbl\u00fctenzweig&quot; by REBEKKA RIEDEL W\u00fcnschst du dir einen Ort f\u00fcr dich?Einen Ort zum Ankommen und Sein?Einen Ort zum Ruhefinden und Krafttanken? Dieses Gem\u00e4lde l\u00e4sst dich ruhig und tief atmen. Bei dir sein. Dieser Kirschbl\u00fctenzweig ist lebende Eleganz. Ein Zeichen des Umbruchs.Ein Zeichen von Kraft, Mut und St\u00e4rke. &nbsp;\" \/>\n<meta property=\"og:url\" content=\"https:\/\/www.raxxa.com\/es\/shop\/raxxa-canva-kirschbluetenzweig\/\" \/>\n<meta property=\"og:site_name\" content=\"raxxa\" \/>\n<meta property=\"article:publisher\" content=\"https:\/\/facebook.com\/raxxacom\" \/>\n<meta property=\"article:modified_time\" content=\"2025-11-29T11:24:45+00:00\" \/>\n<meta name=\"twitter:card\" content=\"summary_large_image\" \/>\n<meta name=\"twitter:label1\" content=\"Disponibilidad\" \/>\n\t<meta name=\"twitter:data1\" content=\"Sin existencias\" \/>\n<script type=\"application\/ld+json\" class=\"yoast-schema-graph\">{\"@context\":\"https:\\\/\\\/schema.org\",\"@graph\":[{\"@type\":[\"WebPage\",\"ItemPage\"],\"@id\":\"https:\\\/\\\/www.raxxa.com\\\/shop\\\/raxxa-canva-kirschbluetenzweig\\\/\",\"url\":\"https:\\\/\\\/www.raxxa.com\\\/shop\\\/raxxa-canva-kirschbluetenzweig\\\/\",\"name\":\"raxxa Canva: Kirschbl\u00fctenzweig - raxxa\",\"isPartOf\":{\"@id\":\"https:\\\/\\\/www.raxxa.com\\\/#website\"},\"primaryImageOfPage\":{\"@id\":\"https:\\\/\\\/www.raxxa.com\\\/shop\\\/raxxa-canva-kirschbluetenzweig\\\/#primaryimage\"},\"image\":{\"@id\":\"https:\\\/\\\/www.raxxa.com\\\/shop\\\/raxxa-canva-kirschbluetenzweig\\\/#primaryimage\"},\"thumbnailUrl\":\"https:\\\/\\\/www.raxxa.com\\\/wp-content\\\/uploads\\\/2025\\\/11\\\/raxxa-Canvas-381-21684-133-REBEKKA-RIEDEL-Kirschbluetenzweig-1-scaled.jpg\",\"datePublished\":\"2025-11-29T11:24:38+00:00\",\"dateModified\":\"2025-11-29T11:24:45+00:00\",\"breadcrumb\":{\"@id\":\"https:\\\/\\\/www.raxxa.com\\\/shop\\\/raxxa-canva-kirschbluetenzweig\\\/#breadcrumb\"},\"inLanguage\":\"es\",\"potentialAction\":[{\"@type\":\"ReadAction\",\"target\":[\"https:\\\/\\\/www.raxxa.com\\\/shop\\\/raxxa-canva-kirschbluetenzweig\\\/\"]}]},{\"@type\":\"ImageObject\",\"inLanguage\":\"es\",\"@id\":\"https:\\\/\\\/www.raxxa.com\\\/shop\\\/raxxa-canva-kirschbluetenzweig\\\/#primaryimage\",\"url\":\"https:\\\/\\\/www.raxxa.com\\\/wp-content\\\/uploads\\\/2025\\\/11\\\/raxxa-Canvas-381-21684-133-REBEKKA-RIEDEL-Kirschbluetenzweig-1-scaled.jpg\",\"contentUrl\":\"https:\\\/\\\/www.raxxa.com\\\/wp-content\\\/uploads\\\/2025\\\/11\\\/raxxa-Canvas-381-21684-133-REBEKKA-RIEDEL-Kirschbluetenzweig-1-scaled.jpg\",\"width\":2560,\"height\":1920},{\"@type\":\"BreadcrumbList\",\"@id\":\"https:\\\/\\\/www.raxxa.com\\\/shop\\\/raxxa-canva-kirschbluetenzweig\\\/#breadcrumb\",\"itemListElement\":[{\"@type\":\"ListItem\",\"position\":1,\"name\":\"Startseite\",\"item\":\"https:\\\/\\\/www.raxxa.com\\\/\"},{\"@type\":\"ListItem\",\"position\":2,\"name\":\"Shop\",\"item\":\"https:\\\/\\\/www.raxxa.com\\\/it\\\/shop\\\/\"},{\"@type\":\"ListItem\",\"position\":3,\"name\":\"raxxa Canva: Kirschbl\u00fctenzweig\"}]},{\"@type\":\"WebSite\",\"@id\":\"https:\\\/\\\/www.raxxa.com\\\/#website\",\"url\":\"https:\\\/\\\/www.raxxa.com\\\/\",\"name\":\"raxxa\",\"description\":\"Einzigartige individuelle Produkte von unseren Designern\",\"publisher\":{\"@id\":\"https:\\\/\\\/www.raxxa.com\\\/#organization\"},\"potentialAction\":[{\"@type\":\"SearchAction\",\"target\":{\"@type\":\"EntryPoint\",\"urlTemplate\":\"https:\\\/\\\/www.raxxa.com\\\/?s={search_term_string}\"},\"query-input\":{\"@type\":\"PropertyValueSpecification\",\"valueRequired\":true,\"valueName\":\"search_term_string\"}}],\"inLanguage\":\"es\"},{\"@type\":\"Organization\",\"@id\":\"https:\\\/\\\/www.raxxa.com\\\/#organization\",\"name\":\"raxxa\",\"url\":\"https:\\\/\\\/www.raxxa.com\\\/\",\"logo\":{\"@type\":\"ImageObject\",\"inLanguage\":\"es\",\"@id\":\"https:\\\/\\\/www.raxxa.com\\\/#\\\/schema\\\/logo\\\/image\\\/\",\"url\":\"https:\\\/\\\/www.raxxa.com\\\/wp-content\\\/uploads\\\/2022\\\/07\\\/logo_v2.png\",\"contentUrl\":\"https:\\\/\\\/www.raxxa.com\\\/wp-content\\\/uploads\\\/2022\\\/07\\\/logo_v2.png\",\"width\":380,\"height\":382,\"caption\":\"raxxa\"},\"image\":{\"@id\":\"https:\\\/\\\/www.raxxa.com\\\/#\\\/schema\\\/logo\\\/image\\\/\"},\"sameAs\":[\"https:\\\/\\\/facebook.com\\\/raxxacom\"]}]}<\/script>\n<meta property=\"og:availability\" content=\"out of stock\" \/>\n<meta property=\"product:availability\" content=\"out of stock\" \/>\n<meta property=\"product:retailer_item_id\" content=\"1-133-21684-381\" \/>\n<meta property=\"product:condition\" content=\"new\" \/>\n<!-- \/ Yoast SEO Premium plugin. -->","yoast_head_json":{"title":"raxxa Canva: Kirschbl\u00fctenzweig - raxxa","robots":{"index":"index","follow":"follow","max-snippet":"max-snippet:-1","max-image-preview":"max-image-preview:large","max-video-preview":"max-video-preview:-1"},"canonical":"https:\/\/www.raxxa.com\/es\/shop\/raxxa-canva-kirschbluetenzweig\/","og_locale":"es_ES","og_type":"article","og_title":"raxxa Canva: Kirschbl\u00fctenzweig","og_description":"&quot;Kirschbl\u00fctenzweig&quot; by REBEKKA RIEDEL W\u00fcnschst du dir einen Ort f\u00fcr dich?Einen Ort zum Ankommen und Sein?Einen Ort zum Ruhefinden und Krafttanken? Dieses Gem\u00e4lde l\u00e4sst dich ruhig und tief atmen. Bei dir sein. Dieser Kirschbl\u00fctenzweig ist lebende Eleganz. Ein Zeichen des Umbruchs.Ein Zeichen von Kraft, Mut und St\u00e4rke. &nbsp;","og_url":"https:\/\/www.raxxa.com\/es\/shop\/raxxa-canva-kirschbluetenzweig\/","og_site_name":"raxxa","article_publisher":"https:\/\/facebook.com\/raxxacom","article_modified_time":"2025-11-29T11:24:45+00:00","twitter_card":"summary_large_image","twitter_misc":{"Disponibilidad":"Sin existencias"},"schema":{"@context":"https:\/\/schema.org","@graph":[{"@type":["WebPage","ItemPage"],"@id":"https:\/\/www.raxxa.com\/shop\/raxxa-canva-kirschbluetenzweig\/","url":"https:\/\/www.raxxa.com\/shop\/raxxa-canva-kirschbluetenzweig\/","name":"raxxa Canva: Kirschbl\u00fctenzweig - raxxa","isPartOf":{"@id":"https:\/\/www.raxxa.com\/#website"},"primaryImageOfPage":{"@id":"https:\/\/www.raxxa.com\/shop\/raxxa-canva-kirschbluetenzweig\/#primaryimage"},"image":{"@id":"https:\/\/www.raxxa.com\/shop\/raxxa-canva-kirschbluetenzweig\/#primaryimage"},"thumbnailUrl":"https:\/\/www.raxxa.com\/wp-content\/uploads\/2025\/11\/raxxa-Canvas-381-21684-133-REBEKKA-RIEDEL-Kirschbluetenzweig-1-scaled.jpg","datePublished":"2025-11-29T11:24:38+00:00","dateModified":"2025-11-29T11:24:45+00:00","breadcrumb":{"@id":"https:\/\/www.raxxa.com\/shop\/raxxa-canva-kirschbluetenzweig\/#breadcrumb"},"inLanguage":"es","potentialAction":[{"@type":"ReadAction","target":["https:\/\/www.raxxa.com\/shop\/raxxa-canva-kirschbluetenzweig\/"]}]},{"@type":"ImageObject","inLanguage":"es","@id":"https:\/\/www.raxxa.com\/shop\/raxxa-canva-kirschbluetenzweig\/#primaryimage","url":"https:\/\/www.raxxa.com\/wp-content\/uploads\/2025\/11\/raxxa-Canvas-381-21684-133-REBEKKA-RIEDEL-Kirschbluetenzweig-1-scaled.jpg","contentUrl":"https:\/\/www.raxxa.com\/wp-content\/uploads\/2025\/11\/raxxa-Canvas-381-21684-133-REBEKKA-RIEDEL-Kirschbluetenzweig-1-scaled.jpg","width":2560,"height":1920},{"@type":"BreadcrumbList","@id":"https:\/\/www.raxxa.com\/shop\/raxxa-canva-kirschbluetenzweig\/#breadcrumb","itemListElement":[{"@type":"ListItem","position":1,"name":"Startseite","item":"https:\/\/www.raxxa.com\/"},{"@type":"ListItem","position":2,"name":"Shop","item":"https:\/\/www.raxxa.com\/it\/shop\/"},{"@type":"ListItem","position":3,"name":"raxxa Canva: Kirschbl\u00fctenzweig"}]},{"@type":"WebSite","@id":"https:\/\/www.raxxa.com\/#website","url":"https:\/\/www.raxxa.com\/","name":"raxxa","description":"Productos individuales \u00fanicos de nuestros dise\u00f1adores","publisher":{"@id":"https:\/\/www.raxxa.com\/#organization"},"potentialAction":[{"@type":"SearchAction","target":{"@type":"EntryPoint","urlTemplate":"https:\/\/www.raxxa.com\/?s={search_term_string}"},"query-input":{"@type":"PropertyValueSpecification","valueRequired":true,"valueName":"search_term_string"}}],"inLanguage":"es"},{"@type":"Organization","@id":"https:\/\/www.raxxa.com\/#organization","name":"raxxa","url":"https:\/\/www.raxxa.com\/","logo":{"@type":"ImageObject","inLanguage":"es","@id":"https:\/\/www.raxxa.com\/#\/schema\/logo\/image\/","url":"https:\/\/www.raxxa.com\/wp-content\/uploads\/2022\/07\/logo_v2.png","contentUrl":"https:\/\/www.raxxa.com\/wp-content\/uploads\/2022\/07\/logo_v2.png","width":380,"height":382,"caption":"raxxa"},"image":{"@id":"https:\/\/www.raxxa.com\/#\/schema\/logo\/image\/"},"sameAs":["https:\/\/facebook.com\/raxxacom"]}]},"og_availability":"out of stock","product_availability":"out of stock","product_retailer_item_id":"1-133-21684-381","product_condition":"new"},"jetpack_sharing_enabled":true,"_links":{"self":[{"href":"https:\/\/www.raxxa.com\/es\/wp-json\/wp\/v2\/product\/265176","targetHints":{"allow":["GET"]}}],"collection":[{"href":"https:\/\/www.raxxa.com\/es\/wp-json\/wp\/v2\/product"}],"about":[{"href":"https:\/\/www.raxxa.com\/es\/wp-json\/wp\/v2\/types\/product"}],"replies":[{"embeddable":true,"href":"https:\/\/www.raxxa.com\/es\/wp-json\/wp\/v2\/comments?post=265176"}],"wp:featuredmedia":[{"embeddable":true,"href":"https:\/\/www.raxxa.com\/es\/wp-json\/wp\/v2\/media\/265175"}],"wp:attachment":[{"href":"https:\/\/www.raxxa.com\/es\/wp-json\/wp\/v2\/media?parent=265176"}],"wp:term":[{"taxonomy":"product_brand","embeddable":true,"href":"https:\/\/www.raxxa.com\/es\/wp-json\/wp\/v2\/product_brand?post=265176"},{"taxonomy":"product_cat","embeddable":true,"href":"https:\/\/www.raxxa.com\/es\/wp-json\/wp\/v2\/product_cat?post=265176"},{"taxonomy":"product_tag","embeddable":true,"href":"https:\/\/www.raxxa.com\/es\/wp-json\/wp\/v2\/product_tag?post=265176"}],"curies":[{"name":"wp","href":"https:\/\/api.w.org\/{rel}","templated":true}]}}