{"id":241016,"date":"2025-09-14T09:25:39","date_gmt":"2025-09-14T07:25:39","guid":{"rendered":"https:\/\/www.raxxa.com\/?post_type=product&#038;p=241016"},"modified":"2025-09-14T09:27:35","modified_gmt":"2025-09-14T07:27:35","slug":"poster-dance-under-maypole-in-bavarian-village","status":"publish","type":"product","link":"https:\/\/www.raxxa.com\/es\/shop\/poster-dance-under-maypole-in-bavarian-village\/","title":{"rendered":"Poster: Dance Under Maypole in bavarian village"},"content":{"rendered":"<h3><strong>&quot;Dance Under Maypole in bavarian village&quot; by Anja Frost<\/strong><\/h3>\n<p><strong><\/strong><\/p>\n<p>Feiern Sie die fr\u00f6hliche Atmosph\u00e4re einer traditionellen Maifeier mit unserer wundersch\u00f6nen, illustrierten Wandkunst! Dieses Kunstwerk zeigt ein lebhaftes Maibaumfest in einem malerischen Dorf, in dem Menschen in farbenfrohen Trachten tanzen, Musik spielen und k\u00f6stliche Speisen genie\u00dfen. Die detailreiche Darstellung bringt die Freude und Gemeinschaft dieses Brauchs zum Leben und eignet sich perfekt f\u00fcr jede Gelegenheit, sei es f\u00fcr Ihr Zuhause, Ihr Restaurant oder als Geschenk.<\/p>\n<p>&nbsp;<\/p>\n<ul><li>P\u00f3ster de calidad de museo en papel de archivo mate duradero (sin revestimiento).<\/li><li>Gramaje del papel: 250 g \/ m\u00b2.<\/li><li>Se env\u00eda en un embalaje resistente para proteger el p\u00f3ster.<\/li><li>Este producto puede fabricarse especialmente para usted en el tama\u00f1o y dise\u00f1o que desee, previa solicitud.<\/li><\/ul>","protected":false},"excerpt":{"rendered":"<p>&quot;Dance Under Maypole in bavarian village&quot; by Anja Frost Feiern Sie die fr\u00f6hliche Atmosph\u00e4re einer traditionellen Maifeier mit unserer wundersch\u00f6nen, illustrierten Wandkunst! Dieses Kunstwerk zeigt ein lebhaftes Maibaumfest in einem malerischen Dorf, in dem Menschen in farbenfrohen Trachten tanzen, Musik spielen und k\u00f6stliche Speisen genie\u00dfen. Die detailreiche Darstellung bringt die Freude und Gemeinschaft dieses Brauchs [&hellip;]<\/p>\n","protected":false},"featured_media":241040,"comment_status":"open","ping_status":"closed","template":"","meta":[],"product_brand":[],"product_cat":[13428,10378,163],"product_tag":[],"class_list":{"0":"post-241016","1":"product","2":"type-product","3":"status-publish","4":"has-post-thumbnail","6":"product_cat-anja-frost","7":"product_cat-poster","8":"product_cat-stimmung","9":"product_shipping_class-versand-t-shirts1","11":"first","12":"instock","13":"taxable","14":"shipping-taxable","15":"purchasable","16":"product-type-variable"},"yoast_head":"<!-- This site is optimized with the Yoast SEO Premium plugin v27.5 (Yoast SEO v27.6) - https:\/\/yoast.com\/product\/yoast-seo-premium-wordpress\/ -->\n<title>Poster: Dance Under Maypole in bavarian village - raxxa<\/title>\n<meta name=\"robots\" content=\"index, follow, max-snippet:-1, max-image-preview:large, max-video-preview:-1\" \/>\n<link rel=\"canonical\" href=\"https:\/\/www.raxxa.com\/es\/shop\/poster-dance-under-maypole-in-bavarian-village\/\" \/>\n<meta property=\"og:locale\" content=\"es_ES\" \/>\n<meta property=\"og:type\" content=\"article\" \/>\n<meta property=\"og:title\" content=\"Poster: Dance Under Maypole in bavarian village\" \/>\n<meta property=\"og:description\" content=\"&quot;Dance Under Maypole in bavarian village&quot; by Anja Frost Feiern Sie die fr\u00f6hliche Atmosph\u00e4re einer traditionellen Maifeier mit unserer wundersch\u00f6nen, illustrierten Wandkunst! Dieses Kunstwerk zeigt ein lebhaftes Maibaumfest in einem malerischen Dorf, in dem Menschen in farbenfrohen Trachten tanzen, Musik spielen und k\u00f6stliche Speisen genie\u00dfen. Die detailreiche Darstellung bringt die Freude und Gemeinschaft dieses Brauchs [&hellip;]\" \/>\n<meta property=\"og:url\" content=\"https:\/\/www.raxxa.com\/es\/shop\/poster-dance-under-maypole-in-bavarian-village\/\" \/>\n<meta property=\"og:site_name\" content=\"raxxa\" \/>\n<meta property=\"article:publisher\" content=\"https:\/\/facebook.com\/raxxacom\" \/>\n<meta property=\"article:modified_time\" content=\"2025-09-14T07:27:35+00:00\" \/>\n<meta name=\"twitter:card\" content=\"summary_large_image\" \/>\n<meta name=\"twitter:label1\" content=\"Disponibilidad\" \/>\n\t<meta name=\"twitter:data1\" content=\"Disponible\" \/>\n<script type=\"application\/ld+json\" class=\"yoast-schema-graph\">{\"@context\":\"https:\\\/\\\/schema.org\",\"@graph\":[{\"@type\":[\"WebPage\",\"ItemPage\"],\"@id\":\"https:\\\/\\\/www.raxxa.com\\\/shop\\\/poster-dance-under-maypole-in-bavarian-village\\\/\",\"url\":\"https:\\\/\\\/www.raxxa.com\\\/shop\\\/poster-dance-under-maypole-in-bavarian-village\\\/\",\"name\":\"Poster: Dance Under Maypole in bavarian village - raxxa\",\"isPartOf\":{\"@id\":\"https:\\\/\\\/www.raxxa.com\\\/#website\"},\"primaryImageOfPage\":{\"@id\":\"https:\\\/\\\/www.raxxa.com\\\/shop\\\/poster-dance-under-maypole-in-bavarian-village\\\/#primaryimage\"},\"image\":{\"@id\":\"https:\\\/\\\/www.raxxa.com\\\/shop\\\/poster-dance-under-maypole-in-bavarian-village\\\/#primaryimage\"},\"thumbnailUrl\":\"https:\\\/\\\/www.raxxa.com\\\/wp-content\\\/uploads\\\/2025\\\/09\\\/raxxa-Wallart-371-20906-84-Anja-Frost-Dance-Under-Maypole-in-bavarian-village-28.jpg\",\"datePublished\":\"2025-09-14T07:25:39+00:00\",\"dateModified\":\"2025-09-14T07:27:35+00:00\",\"breadcrumb\":{\"@id\":\"https:\\\/\\\/www.raxxa.com\\\/shop\\\/poster-dance-under-maypole-in-bavarian-village\\\/#breadcrumb\"},\"inLanguage\":\"es\",\"potentialAction\":[{\"@type\":\"ReadAction\",\"target\":[\"https:\\\/\\\/www.raxxa.com\\\/shop\\\/poster-dance-under-maypole-in-bavarian-village\\\/\"]}]},{\"@type\":\"ImageObject\",\"inLanguage\":\"es\",\"@id\":\"https:\\\/\\\/www.raxxa.com\\\/shop\\\/poster-dance-under-maypole-in-bavarian-village\\\/#primaryimage\",\"url\":\"https:\\\/\\\/www.raxxa.com\\\/wp-content\\\/uploads\\\/2025\\\/09\\\/raxxa-Wallart-371-20906-84-Anja-Frost-Dance-Under-Maypole-in-bavarian-village-28.jpg\",\"contentUrl\":\"https:\\\/\\\/www.raxxa.com\\\/wp-content\\\/uploads\\\/2025\\\/09\\\/raxxa-Wallart-371-20906-84-Anja-Frost-Dance-Under-Maypole-in-bavarian-village-28.jpg\",\"width\":1024,\"height\":1024},{\"@type\":\"BreadcrumbList\",\"@id\":\"https:\\\/\\\/www.raxxa.com\\\/shop\\\/poster-dance-under-maypole-in-bavarian-village\\\/#breadcrumb\",\"itemListElement\":[{\"@type\":\"ListItem\",\"position\":1,\"name\":\"Startseite\",\"item\":\"https:\\\/\\\/www.raxxa.com\\\/\"},{\"@type\":\"ListItem\",\"position\":2,\"name\":\"Shop\",\"item\":\"https:\\\/\\\/www.raxxa.com\\\/it\\\/shop\\\/\"},{\"@type\":\"ListItem\",\"position\":3,\"name\":\"Poster: Dance Under Maypole in bavarian village\"}]},{\"@type\":\"WebSite\",\"@id\":\"https:\\\/\\\/www.raxxa.com\\\/#website\",\"url\":\"https:\\\/\\\/www.raxxa.com\\\/\",\"name\":\"raxxa\",\"description\":\"Einzigartige individuelle Produkte von unseren Designern\",\"publisher\":{\"@id\":\"https:\\\/\\\/www.raxxa.com\\\/#organization\"},\"potentialAction\":[{\"@type\":\"SearchAction\",\"target\":{\"@type\":\"EntryPoint\",\"urlTemplate\":\"https:\\\/\\\/www.raxxa.com\\\/?s={search_term_string}\"},\"query-input\":{\"@type\":\"PropertyValueSpecification\",\"valueRequired\":true,\"valueName\":\"search_term_string\"}}],\"inLanguage\":\"es\"},{\"@type\":\"Organization\",\"@id\":\"https:\\\/\\\/www.raxxa.com\\\/#organization\",\"name\":\"raxxa\",\"url\":\"https:\\\/\\\/www.raxxa.com\\\/\",\"logo\":{\"@type\":\"ImageObject\",\"inLanguage\":\"es\",\"@id\":\"https:\\\/\\\/www.raxxa.com\\\/#\\\/schema\\\/logo\\\/image\\\/\",\"url\":\"https:\\\/\\\/www.raxxa.com\\\/wp-content\\\/uploads\\\/2022\\\/07\\\/logo_v2.png\",\"contentUrl\":\"https:\\\/\\\/www.raxxa.com\\\/wp-content\\\/uploads\\\/2022\\\/07\\\/logo_v2.png\",\"width\":380,\"height\":382,\"caption\":\"raxxa\"},\"image\":{\"@id\":\"https:\\\/\\\/www.raxxa.com\\\/#\\\/schema\\\/logo\\\/image\\\/\"},\"sameAs\":[\"https:\\\/\\\/facebook.com\\\/raxxacom\"]}]}<\/script>\n<meta property=\"og:availability\" content=\"instock\" \/>\n<meta property=\"product:availability\" content=\"instock\" \/>\n<meta property=\"product:retailer_item_id\" content=\"1-84-20906-371\" \/>\n<meta property=\"product:condition\" content=\"new\" \/>\n<!-- \/ Yoast SEO Premium plugin. -->","yoast_head_json":{"title":"Poster: Dance Under Maypole in bavarian village - raxxa","robots":{"index":"index","follow":"follow","max-snippet":"max-snippet:-1","max-image-preview":"max-image-preview:large","max-video-preview":"max-video-preview:-1"},"canonical":"https:\/\/www.raxxa.com\/es\/shop\/poster-dance-under-maypole-in-bavarian-village\/","og_locale":"es_ES","og_type":"article","og_title":"Poster: Dance Under Maypole in bavarian village","og_description":"&quot;Dance Under Maypole in bavarian village&quot; by Anja Frost Feiern Sie die fr\u00f6hliche Atmosph\u00e4re einer traditionellen Maifeier mit unserer wundersch\u00f6nen, illustrierten Wandkunst! Dieses Kunstwerk zeigt ein lebhaftes Maibaumfest in einem malerischen Dorf, in dem Menschen in farbenfrohen Trachten tanzen, Musik spielen und k\u00f6stliche Speisen genie\u00dfen. Die detailreiche Darstellung bringt die Freude und Gemeinschaft dieses Brauchs [&hellip;]","og_url":"https:\/\/www.raxxa.com\/es\/shop\/poster-dance-under-maypole-in-bavarian-village\/","og_site_name":"raxxa","article_publisher":"https:\/\/facebook.com\/raxxacom","article_modified_time":"2025-09-14T07:27:35+00:00","twitter_card":"summary_large_image","twitter_misc":{"Disponibilidad":"Disponible"},"schema":{"@context":"https:\/\/schema.org","@graph":[{"@type":["WebPage","ItemPage"],"@id":"https:\/\/www.raxxa.com\/shop\/poster-dance-under-maypole-in-bavarian-village\/","url":"https:\/\/www.raxxa.com\/shop\/poster-dance-under-maypole-in-bavarian-village\/","name":"Poster: Dance Under Maypole in bavarian village - raxxa","isPartOf":{"@id":"https:\/\/www.raxxa.com\/#website"},"primaryImageOfPage":{"@id":"https:\/\/www.raxxa.com\/shop\/poster-dance-under-maypole-in-bavarian-village\/#primaryimage"},"image":{"@id":"https:\/\/www.raxxa.com\/shop\/poster-dance-under-maypole-in-bavarian-village\/#primaryimage"},"thumbnailUrl":"https:\/\/www.raxxa.com\/wp-content\/uploads\/2025\/09\/raxxa-Wallart-371-20906-84-Anja-Frost-Dance-Under-Maypole-in-bavarian-village-28.jpg","datePublished":"2025-09-14T07:25:39+00:00","dateModified":"2025-09-14T07:27:35+00:00","breadcrumb":{"@id":"https:\/\/www.raxxa.com\/shop\/poster-dance-under-maypole-in-bavarian-village\/#breadcrumb"},"inLanguage":"es","potentialAction":[{"@type":"ReadAction","target":["https:\/\/www.raxxa.com\/shop\/poster-dance-under-maypole-in-bavarian-village\/"]}]},{"@type":"ImageObject","inLanguage":"es","@id":"https:\/\/www.raxxa.com\/shop\/poster-dance-under-maypole-in-bavarian-village\/#primaryimage","url":"https:\/\/www.raxxa.com\/wp-content\/uploads\/2025\/09\/raxxa-Wallart-371-20906-84-Anja-Frost-Dance-Under-Maypole-in-bavarian-village-28.jpg","contentUrl":"https:\/\/www.raxxa.com\/wp-content\/uploads\/2025\/09\/raxxa-Wallart-371-20906-84-Anja-Frost-Dance-Under-Maypole-in-bavarian-village-28.jpg","width":1024,"height":1024},{"@type":"BreadcrumbList","@id":"https:\/\/www.raxxa.com\/shop\/poster-dance-under-maypole-in-bavarian-village\/#breadcrumb","itemListElement":[{"@type":"ListItem","position":1,"name":"Startseite","item":"https:\/\/www.raxxa.com\/"},{"@type":"ListItem","position":2,"name":"Shop","item":"https:\/\/www.raxxa.com\/it\/shop\/"},{"@type":"ListItem","position":3,"name":"Poster: Dance Under Maypole in bavarian village"}]},{"@type":"WebSite","@id":"https:\/\/www.raxxa.com\/#website","url":"https:\/\/www.raxxa.com\/","name":"raxxa","description":"Productos individuales \u00fanicos de nuestros dise\u00f1adores","publisher":{"@id":"https:\/\/www.raxxa.com\/#organization"},"potentialAction":[{"@type":"SearchAction","target":{"@type":"EntryPoint","urlTemplate":"https:\/\/www.raxxa.com\/?s={search_term_string}"},"query-input":{"@type":"PropertyValueSpecification","valueRequired":true,"valueName":"search_term_string"}}],"inLanguage":"es"},{"@type":"Organization","@id":"https:\/\/www.raxxa.com\/#organization","name":"raxxa","url":"https:\/\/www.raxxa.com\/","logo":{"@type":"ImageObject","inLanguage":"es","@id":"https:\/\/www.raxxa.com\/#\/schema\/logo\/image\/","url":"https:\/\/www.raxxa.com\/wp-content\/uploads\/2022\/07\/logo_v2.png","contentUrl":"https:\/\/www.raxxa.com\/wp-content\/uploads\/2022\/07\/logo_v2.png","width":380,"height":382,"caption":"raxxa"},"image":{"@id":"https:\/\/www.raxxa.com\/#\/schema\/logo\/image\/"},"sameAs":["https:\/\/facebook.com\/raxxacom"]}]},"og_availability":"instock","product_availability":"instock","product_retailer_item_id":"1-84-20906-371","product_condition":"new"},"jetpack_sharing_enabled":true,"_links":{"self":[{"href":"https:\/\/www.raxxa.com\/es\/wp-json\/wp\/v2\/product\/241016","targetHints":{"allow":["GET"]}}],"collection":[{"href":"https:\/\/www.raxxa.com\/es\/wp-json\/wp\/v2\/product"}],"about":[{"href":"https:\/\/www.raxxa.com\/es\/wp-json\/wp\/v2\/types\/product"}],"replies":[{"embeddable":true,"href":"https:\/\/www.raxxa.com\/es\/wp-json\/wp\/v2\/comments?post=241016"}],"wp:featuredmedia":[{"embeddable":true,"href":"https:\/\/www.raxxa.com\/es\/wp-json\/wp\/v2\/media\/241040"}],"wp:attachment":[{"href":"https:\/\/www.raxxa.com\/es\/wp-json\/wp\/v2\/media?parent=241016"}],"wp:term":[{"taxonomy":"product_brand","embeddable":true,"href":"https:\/\/www.raxxa.com\/es\/wp-json\/wp\/v2\/product_brand?post=241016"},{"taxonomy":"product_cat","embeddable":true,"href":"https:\/\/www.raxxa.com\/es\/wp-json\/wp\/v2\/product_cat?post=241016"},{"taxonomy":"product_tag","embeddable":true,"href":"https:\/\/www.raxxa.com\/es\/wp-json\/wp\/v2\/product_tag?post=241016"}],"curies":[{"name":"wp","href":"https:\/\/api.w.org\/{rel}","templated":true}]}}