{"id":234716,"date":"2025-07-30T21:26:27","date_gmt":"2025-07-30T19:26:27","guid":{"rendered":"https:\/\/www.raxxa.com\/shop\/raxxa-premium-puzzle-rotterdam\/"},"modified":"2025-07-30T21:26:42","modified_gmt":"2025-07-30T19:26:42","slug":"raxxa-premium-puzzle-rotterdam","status":"publish","type":"product","link":"https:\/\/www.raxxa.com\/es\/shop\/raxxa-premium-puzzle-rotterdam\/","title":{"rendered":"raxxa Premium-Puzzle: Rotterdam"},"content":{"rendered":"<p><span style=\"color: rgb(0, 0, 0); font-family: helvetica, sans-serif; font-size: 24px;\">raxxa premium photo puzzle<\/span><\/p>\n<div><span style=\"font-weight: bolder;color: rgb(0, 0, 0);\">&#8222;Rotterdam&#8220; by Steffen Gierok-Latniak<\/span><\/div>\n<div><span style=\"font-weight: bolder;\"><br \/><\/span><\/div>\n<div><span style=\"font-size: 1rem;color: rgb(0, 0, 0);\">Genie\u00dfen Sie das atemberaubende Stadtpanorama dieser k\u00fcnstlerischen Darstellung, die die harmonische Verbindung von historischen Geb\u00e4uden und moderner Architektur einf\u00e4ngt. Diese malerische Szenerie zeigt charmante H\u00e4user mit bunten Fassaden, die am ruhigen Wasser eines Kanals stehen. Im Hintergrund erhebt sich eine beeindruckende Br\u00fccke, die traditionelle und moderne Elemente auf elegante Weise vereint.<\/span><\/div>\n<div><\/div>\n<p><\/p>\n<div>\n<ul class=\"list-normal\" style=\"margin-right: 0px; margin-left: 0px; padding: 0px 0px 0px 1rem; border: 0px; text-size-adjust: none; list-style: inside none square; line-height: 26px;\">\n<li style=\"color: rgb(51, 51, 51); font-family: Lato_Light, sans-serif; font-size: 14.4px; margin: 0px; padding: 0px; border: 0px; text-size-adjust: none;\">1000 piezas = ancho 68 x alto 48 cm, piezas de puzzle aprox. 1,9 x 1,6 cm.<\/li>\n<li style=\"color: rgb(51, 51, 51); font-family: Lato_Light, sans-serif; font-size: 14.4px; margin: 0px; padding: 0px; border: 0px; text-size-adjust: none;\">Tablero de rompecabezas azul de primera calidad con un grosor de 1,9 mm. Las piezas del puzzle encajan perfectamente.<\/li>\n<li style=\"color: rgb(51, 51, 51); font-family: Lato_Light, sans-serif; font-size: 14.4px; margin: 0px; padding: 0px; border: 0px; text-size-adjust: none;\">M\u00e1xima calidad de impresi\u00f3n en alta definici\u00f3n para obtener finas gradaciones de color, as\u00ed como colores brillantes en cart\u00f3n de alta calidad para la mejor representaci\u00f3n de los detalles.<\/li>\n<li style=\"color: rgb(51, 51, 51); font-family: Lato_Light, sans-serif; font-size: 14.4px; margin: 0px; padding: 0px; border: 0px; text-size-adjust: none;\">Caja con tapa deslizante, papel de lino finamente gofrado con un barniz protector a base de agua para una mayor longevidad de la caja.<\/li>\n<li style=\"color: rgb(51, 51, 51); font-family: Lato_Light, sans-serif; font-size: 14.4px; margin: 0px; padding: 0px; border: 0px; text-size-adjust: none;\">Producci\u00f3n completamente neutra para el clima, FSC<\/li>\n<li style=\"color: rgb(51, 51, 51); font-family: Lato_Light, sans-serif; font-size: 14.4px; margin: 0px; padding: 0px; border: 0px; text-size-adjust: none;\">Fabricado en Alemania<\/li>\n<\/ul>\n<p><\/p>\n<p style=\"margin-right: 0px; margin-bottom: 0px; margin-left: 0px; padding: 0px; border: 0px; text-size-adjust: none;\"><\/p>\n<p style=\"margin-right: 0px; margin-bottom: 0px; margin-left: 0px; padding: 0px; border: 0px; text-size-adjust: none;\"><span style=\"font-size: 1rem;\">Una aut\u00e9ntica pieza \u00fanica. El motivo que desee s\u00f3lo se fabricar\u00e1 y enviar\u00e1 especialmente para usted una vez recibido su pedido.<\/span><\/p>\n<p style=\"margin-right: 0px; margin-bottom: 0px; margin-left: 0px; padding: 0px; border: 0px; text-size-adjust: none;\"><span style=\"font-size: 1rem;\">Precauci\u00f3n: Peligro de asfixia debido a las piezas peque\u00f1as que se pueden tragar.<\/span><\/p>\n<\/div>","protected":false},"excerpt":{"rendered":"<p>raxxa Premium-Fotopuzzle &#8222;Rotterdam&#8220; by Steffen Gierok-Latniak Genie\u00dfen Sie das atemberaubende Stadtpanorama dieser k\u00fcnstlerischen Darstellung, die die harmonische Verbindung von historischen Geb\u00e4uden und moderner Architektur einf\u00e4ngt. Diese malerische Szenerie zeigt charmante H\u00e4user mit bunten Fassaden, die am ruhigen Wasser eines Kanals stehen. Im Hintergrund erhebt sich eine beeindruckende Br\u00fccke, die traditionelle und moderne Elemente auf elegante [&hellip;]<\/p>\n","protected":false},"featured_media":234715,"comment_status":"open","ping_status":"closed","template":"","meta":[],"product_brand":[],"product_cat":[12580,135,10365],"product_tag":[13392],"class_list":{"0":"post-234716","1":"product","2":"type-product","3":"status-publish","4":"has-post-thumbnail","6":"product_cat-steffen-gierok","7":"product_cat-planzen","8":"product_cat-puzzle","9":"product_tag-stadtansicht-architektur-moderne-kunst-historische-gebaeude-geschenkidee-urban-art-landschaftsmalerei-kuenstlerische-rotterdam-niederlande-holland","10":"product_shipping_class-versand-puzzle","12":"first","13":"instock","14":"taxable","15":"shipping-taxable","16":"purchasable","17":"product-type-simple"},"yoast_head":"<!-- This site is optimized with the Yoast SEO Premium plugin v27.4 (Yoast SEO v27.4) - https:\/\/yoast.com\/product\/yoast-seo-premium-wordpress\/ -->\n<title>raxxa Premium-Puzzle: Rotterdam - raxxa<\/title>\n<meta name=\"robots\" content=\"index, follow, max-snippet:-1, max-image-preview:large, max-video-preview:-1\" \/>\n<link rel=\"canonical\" href=\"https:\/\/www.raxxa.com\/es\/shop\/raxxa-premium-puzzle-rotterdam\/\" \/>\n<meta property=\"og:locale\" content=\"es_ES\" \/>\n<meta property=\"og:type\" content=\"article\" \/>\n<meta property=\"og:title\" content=\"raxxa Premium-Puzzle: Rotterdam\" \/>\n<meta property=\"og:description\" content=\"raxxa Premium-Fotopuzzle &#8222;Rotterdam&#8220; by Steffen Gierok-Latniak Genie\u00dfen Sie das atemberaubende Stadtpanorama dieser k\u00fcnstlerischen Darstellung, die die harmonische Verbindung von historischen Geb\u00e4uden und moderner Architektur einf\u00e4ngt. Diese malerische Szenerie zeigt charmante H\u00e4user mit bunten Fassaden, die am ruhigen Wasser eines Kanals stehen. Im Hintergrund erhebt sich eine beeindruckende Br\u00fccke, die traditionelle und moderne Elemente auf elegante [&hellip;]\" \/>\n<meta property=\"og:url\" content=\"https:\/\/www.raxxa.com\/es\/shop\/raxxa-premium-puzzle-rotterdam\/\" \/>\n<meta property=\"og:site_name\" content=\"raxxa\" \/>\n<meta property=\"article:publisher\" content=\"https:\/\/facebook.com\/raxxacom\" \/>\n<meta property=\"article:modified_time\" content=\"2025-07-30T19:26:42+00:00\" \/>\n<meta name=\"twitter:card\" content=\"summary_large_image\" \/>\n<meta name=\"twitter:label1\" content=\"Precio\" \/>\n\t<meta name=\"twitter:data1\" content=\"&euro;29,99\" \/>\n\t<meta name=\"twitter:label2\" content=\"Disponibilidad\" \/>\n\t<meta name=\"twitter:data2\" content=\"Disponible\" \/>\n<script type=\"application\/ld+json\" class=\"yoast-schema-graph\">{\"@context\":\"https:\\\/\\\/schema.org\",\"@graph\":[{\"@type\":[\"WebPage\",\"ItemPage\"],\"@id\":\"https:\\\/\\\/www.raxxa.com\\\/shop\\\/raxxa-premium-puzzle-rotterdam\\\/\",\"url\":\"https:\\\/\\\/www.raxxa.com\\\/shop\\\/raxxa-premium-puzzle-rotterdam\\\/\",\"name\":\"raxxa Premium-Puzzle: Rotterdam - raxxa\",\"isPartOf\":{\"@id\":\"https:\\\/\\\/www.raxxa.com\\\/#website\"},\"primaryImageOfPage\":{\"@id\":\"https:\\\/\\\/www.raxxa.com\\\/shop\\\/raxxa-premium-puzzle-rotterdam\\\/#primaryimage\"},\"image\":{\"@id\":\"https:\\\/\\\/www.raxxa.com\\\/shop\\\/raxxa-premium-puzzle-rotterdam\\\/#primaryimage\"},\"thumbnailUrl\":\"https:\\\/\\\/www.raxxa.com\\\/wp-content\\\/uploads\\\/2025\\\/07\\\/raxxa-puzzle-331-19540-Steffen-Gierok-Latniak-Rotterdam-box.png\",\"datePublished\":\"2025-07-30T19:26:27+00:00\",\"dateModified\":\"2025-07-30T19:26:42+00:00\",\"breadcrumb\":{\"@id\":\"https:\\\/\\\/www.raxxa.com\\\/shop\\\/raxxa-premium-puzzle-rotterdam\\\/#breadcrumb\"},\"inLanguage\":\"es\",\"potentialAction\":[{\"@type\":\"ReadAction\",\"target\":[\"https:\\\/\\\/www.raxxa.com\\\/shop\\\/raxxa-premium-puzzle-rotterdam\\\/\"]}]},{\"@type\":\"ImageObject\",\"inLanguage\":\"es\",\"@id\":\"https:\\\/\\\/www.raxxa.com\\\/shop\\\/raxxa-premium-puzzle-rotterdam\\\/#primaryimage\",\"url\":\"https:\\\/\\\/www.raxxa.com\\\/wp-content\\\/uploads\\\/2025\\\/07\\\/raxxa-puzzle-331-19540-Steffen-Gierok-Latniak-Rotterdam-box.png\",\"contentUrl\":\"https:\\\/\\\/www.raxxa.com\\\/wp-content\\\/uploads\\\/2025\\\/07\\\/raxxa-puzzle-331-19540-Steffen-Gierok-Latniak-Rotterdam-box.png\",\"width\":1920,\"height\":1400},{\"@type\":\"BreadcrumbList\",\"@id\":\"https:\\\/\\\/www.raxxa.com\\\/shop\\\/raxxa-premium-puzzle-rotterdam\\\/#breadcrumb\",\"itemListElement\":[{\"@type\":\"ListItem\",\"position\":1,\"name\":\"Startseite\",\"item\":\"https:\\\/\\\/www.raxxa.com\\\/\"},{\"@type\":\"ListItem\",\"position\":2,\"name\":\"Shop\",\"item\":\"https:\\\/\\\/www.raxxa.com\\\/it\\\/shop\\\/\"},{\"@type\":\"ListItem\",\"position\":3,\"name\":\"raxxa Premium-Puzzle: Rotterdam\"}]},{\"@type\":\"WebSite\",\"@id\":\"https:\\\/\\\/www.raxxa.com\\\/#website\",\"url\":\"https:\\\/\\\/www.raxxa.com\\\/\",\"name\":\"raxxa\",\"description\":\"Einzigartige individuelle Produkte von unseren Designern\",\"publisher\":{\"@id\":\"https:\\\/\\\/www.raxxa.com\\\/#organization\"},\"potentialAction\":[{\"@type\":\"SearchAction\",\"target\":{\"@type\":\"EntryPoint\",\"urlTemplate\":\"https:\\\/\\\/www.raxxa.com\\\/?s={search_term_string}\"},\"query-input\":{\"@type\":\"PropertyValueSpecification\",\"valueRequired\":true,\"valueName\":\"search_term_string\"}}],\"inLanguage\":\"es\"},{\"@type\":\"Organization\",\"@id\":\"https:\\\/\\\/www.raxxa.com\\\/#organization\",\"name\":\"raxxa\",\"url\":\"https:\\\/\\\/www.raxxa.com\\\/\",\"logo\":{\"@type\":\"ImageObject\",\"inLanguage\":\"es\",\"@id\":\"https:\\\/\\\/www.raxxa.com\\\/#\\\/schema\\\/logo\\\/image\\\/\",\"url\":\"https:\\\/\\\/www.raxxa.com\\\/wp-content\\\/uploads\\\/2022\\\/07\\\/logo_v2.png\",\"contentUrl\":\"https:\\\/\\\/www.raxxa.com\\\/wp-content\\\/uploads\\\/2022\\\/07\\\/logo_v2.png\",\"width\":380,\"height\":382,\"caption\":\"raxxa\"},\"image\":{\"@id\":\"https:\\\/\\\/www.raxxa.com\\\/#\\\/schema\\\/logo\\\/image\\\/\"},\"sameAs\":[\"https:\\\/\\\/facebook.com\\\/raxxacom\"]}]}<\/script>\n<meta property=\"product:price:amount\" content=\"29.99\" \/>\n<meta property=\"product:price:currency\" content=\"EUR\" \/>\n<meta property=\"og:availability\" content=\"instock\" \/>\n<meta property=\"product:availability\" content=\"instock\" \/>\n<meta property=\"product:retailer_item_id\" content=\"1-14270-19540-331\" \/>\n<meta property=\"product:condition\" content=\"new\" \/>\n<!-- \/ Yoast SEO Premium plugin. -->","yoast_head_json":{"title":"raxxa Premium-Puzzle: Rotterdam - raxxa","robots":{"index":"index","follow":"follow","max-snippet":"max-snippet:-1","max-image-preview":"max-image-preview:large","max-video-preview":"max-video-preview:-1"},"canonical":"https:\/\/www.raxxa.com\/es\/shop\/raxxa-premium-puzzle-rotterdam\/","og_locale":"es_ES","og_type":"article","og_title":"raxxa Premium-Puzzle: Rotterdam","og_description":"raxxa Premium-Fotopuzzle &#8222;Rotterdam&#8220; by Steffen Gierok-Latniak Genie\u00dfen Sie das atemberaubende Stadtpanorama dieser k\u00fcnstlerischen Darstellung, die die harmonische Verbindung von historischen Geb\u00e4uden und moderner Architektur einf\u00e4ngt. Diese malerische Szenerie zeigt charmante H\u00e4user mit bunten Fassaden, die am ruhigen Wasser eines Kanals stehen. Im Hintergrund erhebt sich eine beeindruckende Br\u00fccke, die traditionelle und moderne Elemente auf elegante [&hellip;]","og_url":"https:\/\/www.raxxa.com\/es\/shop\/raxxa-premium-puzzle-rotterdam\/","og_site_name":"raxxa","article_publisher":"https:\/\/facebook.com\/raxxacom","article_modified_time":"2025-07-30T19:26:42+00:00","twitter_card":"summary_large_image","twitter_misc":{"Precio":"&euro;29,99","Disponibilidad":"Disponible"},"schema":{"@context":"https:\/\/schema.org","@graph":[{"@type":["WebPage","ItemPage"],"@id":"https:\/\/www.raxxa.com\/shop\/raxxa-premium-puzzle-rotterdam\/","url":"https:\/\/www.raxxa.com\/shop\/raxxa-premium-puzzle-rotterdam\/","name":"raxxa Premium-Puzzle: Rotterdam - raxxa","isPartOf":{"@id":"https:\/\/www.raxxa.com\/#website"},"primaryImageOfPage":{"@id":"https:\/\/www.raxxa.com\/shop\/raxxa-premium-puzzle-rotterdam\/#primaryimage"},"image":{"@id":"https:\/\/www.raxxa.com\/shop\/raxxa-premium-puzzle-rotterdam\/#primaryimage"},"thumbnailUrl":"https:\/\/www.raxxa.com\/wp-content\/uploads\/2025\/07\/raxxa-puzzle-331-19540-Steffen-Gierok-Latniak-Rotterdam-box.png","datePublished":"2025-07-30T19:26:27+00:00","dateModified":"2025-07-30T19:26:42+00:00","breadcrumb":{"@id":"https:\/\/www.raxxa.com\/shop\/raxxa-premium-puzzle-rotterdam\/#breadcrumb"},"inLanguage":"es","potentialAction":[{"@type":"ReadAction","target":["https:\/\/www.raxxa.com\/shop\/raxxa-premium-puzzle-rotterdam\/"]}]},{"@type":"ImageObject","inLanguage":"es","@id":"https:\/\/www.raxxa.com\/shop\/raxxa-premium-puzzle-rotterdam\/#primaryimage","url":"https:\/\/www.raxxa.com\/wp-content\/uploads\/2025\/07\/raxxa-puzzle-331-19540-Steffen-Gierok-Latniak-Rotterdam-box.png","contentUrl":"https:\/\/www.raxxa.com\/wp-content\/uploads\/2025\/07\/raxxa-puzzle-331-19540-Steffen-Gierok-Latniak-Rotterdam-box.png","width":1920,"height":1400},{"@type":"BreadcrumbList","@id":"https:\/\/www.raxxa.com\/shop\/raxxa-premium-puzzle-rotterdam\/#breadcrumb","itemListElement":[{"@type":"ListItem","position":1,"name":"Startseite","item":"https:\/\/www.raxxa.com\/"},{"@type":"ListItem","position":2,"name":"Shop","item":"https:\/\/www.raxxa.com\/it\/shop\/"},{"@type":"ListItem","position":3,"name":"raxxa Premium-Puzzle: Rotterdam"}]},{"@type":"WebSite","@id":"https:\/\/www.raxxa.com\/#website","url":"https:\/\/www.raxxa.com\/","name":"raxxa","description":"Productos individuales \u00fanicos de nuestros dise\u00f1adores","publisher":{"@id":"https:\/\/www.raxxa.com\/#organization"},"potentialAction":[{"@type":"SearchAction","target":{"@type":"EntryPoint","urlTemplate":"https:\/\/www.raxxa.com\/?s={search_term_string}"},"query-input":{"@type":"PropertyValueSpecification","valueRequired":true,"valueName":"search_term_string"}}],"inLanguage":"es"},{"@type":"Organization","@id":"https:\/\/www.raxxa.com\/#organization","name":"raxxa","url":"https:\/\/www.raxxa.com\/","logo":{"@type":"ImageObject","inLanguage":"es","@id":"https:\/\/www.raxxa.com\/#\/schema\/logo\/image\/","url":"https:\/\/www.raxxa.com\/wp-content\/uploads\/2022\/07\/logo_v2.png","contentUrl":"https:\/\/www.raxxa.com\/wp-content\/uploads\/2022\/07\/logo_v2.png","width":380,"height":382,"caption":"raxxa"},"image":{"@id":"https:\/\/www.raxxa.com\/#\/schema\/logo\/image\/"},"sameAs":["https:\/\/facebook.com\/raxxacom"]}]},"product_price_amount":"29.99","product_price_currency":"EUR","og_availability":"instock","product_availability":"instock","product_retailer_item_id":"1-14270-19540-331","product_condition":"new"},"jetpack_sharing_enabled":true,"_links":{"self":[{"href":"https:\/\/www.raxxa.com\/es\/wp-json\/wp\/v2\/product\/234716","targetHints":{"allow":["GET"]}}],"collection":[{"href":"https:\/\/www.raxxa.com\/es\/wp-json\/wp\/v2\/product"}],"about":[{"href":"https:\/\/www.raxxa.com\/es\/wp-json\/wp\/v2\/types\/product"}],"replies":[{"embeddable":true,"href":"https:\/\/www.raxxa.com\/es\/wp-json\/wp\/v2\/comments?post=234716"}],"wp:featuredmedia":[{"embeddable":true,"href":"https:\/\/www.raxxa.com\/es\/wp-json\/wp\/v2\/media\/234715"}],"wp:attachment":[{"href":"https:\/\/www.raxxa.com\/es\/wp-json\/wp\/v2\/media?parent=234716"}],"wp:term":[{"taxonomy":"product_brand","embeddable":true,"href":"https:\/\/www.raxxa.com\/es\/wp-json\/wp\/v2\/product_brand?post=234716"},{"taxonomy":"product_cat","embeddable":true,"href":"https:\/\/www.raxxa.com\/es\/wp-json\/wp\/v2\/product_cat?post=234716"},{"taxonomy":"product_tag","embeddable":true,"href":"https:\/\/www.raxxa.com\/es\/wp-json\/wp\/v2\/product_tag?post=234716"}],"curies":[{"name":"wp","href":"https:\/\/api.w.org\/{rel}","templated":true}]}}