{"id":226258,"date":"2025-05-13T23:06:00","date_gmt":"2025-05-13T21:06:00","guid":{"rendered":"https:\/\/www.raxxa.com\/shop\/raxxa-premium-tasse-farbenfrohe-collage-blumen-im-matisse-stil\/"},"modified":"2025-08-25T09:00:59","modified_gmt":"2025-08-25T07:00:59","slug":"raxxa-premium-tasse-farbenfrohe-collage-blumen-im-matisse-stil","status":"publish","type":"product","link":"https:\/\/www.raxxa.com\/es\/shop\/raxxa-premium-tasse-farbenfrohe-collage-blumen-im-matisse-stil\/","title":{"rendered":"raxxa Premium-Tasse: Farbenfrohe Collage-Blumen im Matisse-Stil"},"content":{"rendered":"<h3><strong>&quot;Farbenfrohe Collage-Blumen im Matisse-Stil&quot; by Uta Naumann<\/strong><\/h3>\n<p><strong><\/strong><\/p>\n<p>Dieses lebhafte Blumendesign zeigt k\u00fchne, ausdrucksstarke Bl\u00fcten und Bl\u00e4tter in einer verspielten Mischung aus leuchtenden Farben. Die Formen sind vereinfacht und k\u00fchn, mit gro\u00dfen Bl\u00fcten in Rot, Gelb, Rosa, Orange und Blau, erg\u00e4nzt durch gr\u00fcne und lila Bl\u00e4tter. Der Hintergrund bleibt wei\u00df, so dass die Farben hervorstechen und eine energiegeladene, fr\u00f6hliche Stimmung erzeugen. Der lockere, pinselstrichartige Stil vermittelt ein Gef\u00fchl von Freiheit und Freude und macht dieses Design ideal f\u00fcr einen modernen, lebendigen Raum, der Farbe und Kreativit\u00e4t zelebriert. Die Gesamt\u00e4sthetik ist frisch, lustig und aufmunternd.<\/p>\n<p>&nbsp;<\/p>\n<ul><li>DIMENSIONEN: Mit Ma\u00dfen von H\u00f6he: 95 mm, \u00d8 80 mm und einer Kapazit\u00e4t von ca. 330ml ist sie die ideale Wahl f\u00fcr jeden Kaffeeliebhaber oder Teetrinker.<\/li><li>LANGLEBIG: Diese weisse Keramik-Tasse ist sowohl sp\u00fclmaschinen- als auch mikrowellenfest.<\/li><li>SPEZIELL: Jedes St\u00fcck ist ein ganz besonderes individuelles Produkt und wird erst nach der Bestellung extra f\u00fcr Sie mit Ihrem Wunschmotiv angefertigt.<\/li><li>ECHTES HANDWERK: Die Tassen werden mit Sorgfalt in Deutschland bedruckt, garantieren Langlebigkeit der Designs und sind das perfekte Geschenk.<\/li><li>UNTERST\u00dcTZUNG: Mit Ihrem Kauf eines raxxa-Produkts wird direkt ein K\u00fcnstler aus unserer raxxa-Community von aktuell \u00fcber 200 K\u00fcnstlern \/ Designern \/ Fotografen unterst\u00fctzt.<\/li><\/ul>","protected":false},"excerpt":{"rendered":"<p>&quot;Farbenfrohe Collage-Blumen im Matisse-Stil&quot; by Uta Naumann Dieses lebhafte Blumendesign zeigt k\u00fchne, ausdrucksstarke Bl\u00fcten und Bl\u00e4tter in einer verspielten Mischung aus leuchtenden Farben. Die Formen sind vereinfacht und k\u00fchn, mit gro\u00dfen Bl\u00fcten in Rot, Gelb, Rosa, Orange und Blau, erg\u00e4nzt durch gr\u00fcne und lila Bl\u00e4tter. Der Hintergrund bleibt wei\u00df, so dass die Farben hervorstechen und [&hellip;]<\/p>\n","protected":false},"featured_media":237727,"comment_status":"open","ping_status":"closed","template":"","meta":[],"product_brand":[],"product_cat":[136,11218,11606],"product_tag":[13304],"class_list":{"0":"post-226258","1":"product","2":"type-product","3":"status-publish","4":"has-post-thumbnail","6":"product_cat-natur","7":"product_cat-uta-naumann","8":"product_cat-tassen","9":"product_tag-abstract-bloom-bohemian-boho-bold-botanical-colorful-contemporary-daisy-fancy-floral-flowers-groovy-henry-matisse-midcentury-modern-nature-retro-vintage","10":"product_shipping_class-versand-tassen","12":"first","13":"instock","14":"taxable","15":"shipping-taxable","16":"purchasable","17":"product-type-simple"},"yoast_head":"<!-- This site is optimized with the Yoast SEO Premium plugin v27.2 (Yoast SEO v27.3) - https:\/\/yoast.com\/product\/yoast-seo-premium-wordpress\/ -->\n<title>raxxa Premium-Tasse: Farbenfrohe Collage-Blumen im Matisse-Stil - raxxa<\/title>\n<meta name=\"robots\" content=\"index, follow, max-snippet:-1, max-image-preview:large, max-video-preview:-1\" \/>\n<link rel=\"canonical\" href=\"https:\/\/www.raxxa.com\/es\/shop\/raxxa-premium-tasse-farbenfrohe-collage-blumen-im-matisse-stil\/\" \/>\n<meta property=\"og:locale\" content=\"es_ES\" \/>\n<meta property=\"og:type\" content=\"article\" \/>\n<meta property=\"og:title\" content=\"raxxa Premium-Tasse: Farbenfrohe Collage-Blumen im Matisse-Stil\" \/>\n<meta property=\"og:description\" content=\"&quot;Farbenfrohe Collage-Blumen im Matisse-Stil&quot; by Uta Naumann Dieses lebhafte Blumendesign zeigt k\u00fchne, ausdrucksstarke Bl\u00fcten und Bl\u00e4tter in einer verspielten Mischung aus leuchtenden Farben. Die Formen sind vereinfacht und k\u00fchn, mit gro\u00dfen Bl\u00fcten in Rot, Gelb, Rosa, Orange und Blau, erg\u00e4nzt durch gr\u00fcne und lila Bl\u00e4tter. Der Hintergrund bleibt wei\u00df, so dass die Farben hervorstechen und [&hellip;]\" \/>\n<meta property=\"og:url\" content=\"https:\/\/www.raxxa.com\/es\/shop\/raxxa-premium-tasse-farbenfrohe-collage-blumen-im-matisse-stil\/\" \/>\n<meta property=\"og:site_name\" content=\"raxxa\" \/>\n<meta property=\"article:publisher\" content=\"https:\/\/facebook.com\/raxxacom\" \/>\n<meta property=\"article:modified_time\" content=\"2025-08-25T07:00:59+00:00\" \/>\n<meta name=\"twitter:card\" content=\"summary_large_image\" \/>\n<meta name=\"twitter:label1\" content=\"Precio\" \/>\n\t<meta name=\"twitter:data1\" content=\"&euro;14,90\" \/>\n\t<meta name=\"twitter:label2\" content=\"Disponibilidad\" \/>\n\t<meta name=\"twitter:data2\" content=\"Disponible\" \/>\n<script type=\"application\/ld+json\" class=\"yoast-schema-graph\">{\"@context\":\"https:\\\/\\\/schema.org\",\"@graph\":[{\"@type\":[\"WebPage\",\"ItemPage\"],\"@id\":\"https:\\\/\\\/www.raxxa.com\\\/shop\\\/raxxa-premium-tasse-farbenfrohe-collage-blumen-im-matisse-stil\\\/\",\"url\":\"https:\\\/\\\/www.raxxa.com\\\/shop\\\/raxxa-premium-tasse-farbenfrohe-collage-blumen-im-matisse-stil\\\/\",\"name\":\"raxxa Premium-Tasse: Farbenfrohe Collage-Blumen im Matisse-Stil - raxxa\",\"isPartOf\":{\"@id\":\"https:\\\/\\\/www.raxxa.com\\\/#website\"},\"primaryImageOfPage\":{\"@id\":\"https:\\\/\\\/www.raxxa.com\\\/shop\\\/raxxa-premium-tasse-farbenfrohe-collage-blumen-im-matisse-stil\\\/#primaryimage\"},\"image\":{\"@id\":\"https:\\\/\\\/www.raxxa.com\\\/shop\\\/raxxa-premium-tasse-farbenfrohe-collage-blumen-im-matisse-stil\\\/#primaryimage\"},\"thumbnailUrl\":\"https:\\\/\\\/www.raxxa.com\\\/wp-content\\\/uploads\\\/2025\\\/08\\\/raxxa-Tasse-282-20129-143-Uta-Naumann-Farbenfrohe-Collage-Blumen-im-Matisse-Stil-1-scaled.png\",\"datePublished\":\"2025-05-13T21:06:00+00:00\",\"dateModified\":\"2025-08-25T07:00:59+00:00\",\"breadcrumb\":{\"@id\":\"https:\\\/\\\/www.raxxa.com\\\/shop\\\/raxxa-premium-tasse-farbenfrohe-collage-blumen-im-matisse-stil\\\/#breadcrumb\"},\"inLanguage\":\"es\",\"potentialAction\":[{\"@type\":\"ReadAction\",\"target\":[\"https:\\\/\\\/www.raxxa.com\\\/shop\\\/raxxa-premium-tasse-farbenfrohe-collage-blumen-im-matisse-stil\\\/\"]}]},{\"@type\":\"ImageObject\",\"inLanguage\":\"es\",\"@id\":\"https:\\\/\\\/www.raxxa.com\\\/shop\\\/raxxa-premium-tasse-farbenfrohe-collage-blumen-im-matisse-stil\\\/#primaryimage\",\"url\":\"https:\\\/\\\/www.raxxa.com\\\/wp-content\\\/uploads\\\/2025\\\/08\\\/raxxa-Tasse-282-20129-143-Uta-Naumann-Farbenfrohe-Collage-Blumen-im-Matisse-Stil-1-scaled.png\",\"contentUrl\":\"https:\\\/\\\/www.raxxa.com\\\/wp-content\\\/uploads\\\/2025\\\/08\\\/raxxa-Tasse-282-20129-143-Uta-Naumann-Farbenfrohe-Collage-Blumen-im-Matisse-Stil-1-scaled.png\",\"width\":2560,\"height\":2560},{\"@type\":\"BreadcrumbList\",\"@id\":\"https:\\\/\\\/www.raxxa.com\\\/shop\\\/raxxa-premium-tasse-farbenfrohe-collage-blumen-im-matisse-stil\\\/#breadcrumb\",\"itemListElement\":[{\"@type\":\"ListItem\",\"position\":1,\"name\":\"Startseite\",\"item\":\"https:\\\/\\\/www.raxxa.com\\\/\"},{\"@type\":\"ListItem\",\"position\":2,\"name\":\"Shop\",\"item\":\"https:\\\/\\\/www.raxxa.com\\\/it\\\/shop\\\/\"},{\"@type\":\"ListItem\",\"position\":3,\"name\":\"raxxa Premium-Tasse: Farbenfrohe Collage-Blumen im Matisse-Stil\"}]},{\"@type\":\"WebSite\",\"@id\":\"https:\\\/\\\/www.raxxa.com\\\/#website\",\"url\":\"https:\\\/\\\/www.raxxa.com\\\/\",\"name\":\"raxxa\",\"description\":\"Einzigartige individuelle Produkte von unseren Designern\",\"publisher\":{\"@id\":\"https:\\\/\\\/www.raxxa.com\\\/#organization\"},\"potentialAction\":[{\"@type\":\"SearchAction\",\"target\":{\"@type\":\"EntryPoint\",\"urlTemplate\":\"https:\\\/\\\/www.raxxa.com\\\/?s={search_term_string}\"},\"query-input\":{\"@type\":\"PropertyValueSpecification\",\"valueRequired\":true,\"valueName\":\"search_term_string\"}}],\"inLanguage\":\"es\"},{\"@type\":\"Organization\",\"@id\":\"https:\\\/\\\/www.raxxa.com\\\/#organization\",\"name\":\"raxxa\",\"url\":\"https:\\\/\\\/www.raxxa.com\\\/\",\"logo\":{\"@type\":\"ImageObject\",\"inLanguage\":\"es\",\"@id\":\"https:\\\/\\\/www.raxxa.com\\\/#\\\/schema\\\/logo\\\/image\\\/\",\"url\":\"https:\\\/\\\/www.raxxa.com\\\/wp-content\\\/uploads\\\/2022\\\/07\\\/logo_v2.png\",\"contentUrl\":\"https:\\\/\\\/www.raxxa.com\\\/wp-content\\\/uploads\\\/2022\\\/07\\\/logo_v2.png\",\"width\":380,\"height\":382,\"caption\":\"raxxa\"},\"image\":{\"@id\":\"https:\\\/\\\/www.raxxa.com\\\/#\\\/schema\\\/logo\\\/image\\\/\"},\"sameAs\":[\"https:\\\/\\\/facebook.com\\\/raxxacom\"]}]}<\/script>\n<meta property=\"product:price:amount\" content=\"14.90\" \/>\n<meta property=\"product:price:currency\" content=\"EUR\" \/>\n<meta property=\"og:availability\" content=\"instock\" \/>\n<meta property=\"product:availability\" content=\"instock\" \/>\n<meta property=\"product:retailer_item_id\" content=\"1-14518-20129-282\" \/>\n<meta property=\"product:condition\" content=\"new\" \/>\n<!-- \/ Yoast SEO Premium plugin. -->","yoast_head_json":{"title":"raxxa Premium-Tasse: Farbenfrohe Collage-Blumen im Matisse-Stil - raxxa","robots":{"index":"index","follow":"follow","max-snippet":"max-snippet:-1","max-image-preview":"max-image-preview:large","max-video-preview":"max-video-preview:-1"},"canonical":"https:\/\/www.raxxa.com\/es\/shop\/raxxa-premium-tasse-farbenfrohe-collage-blumen-im-matisse-stil\/","og_locale":"es_ES","og_type":"article","og_title":"raxxa Premium-Tasse: Farbenfrohe Collage-Blumen im Matisse-Stil","og_description":"&quot;Farbenfrohe Collage-Blumen im Matisse-Stil&quot; by Uta Naumann Dieses lebhafte Blumendesign zeigt k\u00fchne, ausdrucksstarke Bl\u00fcten und Bl\u00e4tter in einer verspielten Mischung aus leuchtenden Farben. Die Formen sind vereinfacht und k\u00fchn, mit gro\u00dfen Bl\u00fcten in Rot, Gelb, Rosa, Orange und Blau, erg\u00e4nzt durch gr\u00fcne und lila Bl\u00e4tter. Der Hintergrund bleibt wei\u00df, so dass die Farben hervorstechen und [&hellip;]","og_url":"https:\/\/www.raxxa.com\/es\/shop\/raxxa-premium-tasse-farbenfrohe-collage-blumen-im-matisse-stil\/","og_site_name":"raxxa","article_publisher":"https:\/\/facebook.com\/raxxacom","article_modified_time":"2025-08-25T07:00:59+00:00","twitter_card":"summary_large_image","twitter_misc":{"Precio":"&euro;14,90","Disponibilidad":"Disponible"},"schema":{"@context":"https:\/\/schema.org","@graph":[{"@type":["WebPage","ItemPage"],"@id":"https:\/\/www.raxxa.com\/shop\/raxxa-premium-tasse-farbenfrohe-collage-blumen-im-matisse-stil\/","url":"https:\/\/www.raxxa.com\/shop\/raxxa-premium-tasse-farbenfrohe-collage-blumen-im-matisse-stil\/","name":"raxxa Premium-Tasse: Farbenfrohe Collage-Blumen im Matisse-Stil - raxxa","isPartOf":{"@id":"https:\/\/www.raxxa.com\/#website"},"primaryImageOfPage":{"@id":"https:\/\/www.raxxa.com\/shop\/raxxa-premium-tasse-farbenfrohe-collage-blumen-im-matisse-stil\/#primaryimage"},"image":{"@id":"https:\/\/www.raxxa.com\/shop\/raxxa-premium-tasse-farbenfrohe-collage-blumen-im-matisse-stil\/#primaryimage"},"thumbnailUrl":"https:\/\/www.raxxa.com\/wp-content\/uploads\/2025\/08\/raxxa-Tasse-282-20129-143-Uta-Naumann-Farbenfrohe-Collage-Blumen-im-Matisse-Stil-1-scaled.png","datePublished":"2025-05-13T21:06:00+00:00","dateModified":"2025-08-25T07:00:59+00:00","breadcrumb":{"@id":"https:\/\/www.raxxa.com\/shop\/raxxa-premium-tasse-farbenfrohe-collage-blumen-im-matisse-stil\/#breadcrumb"},"inLanguage":"es","potentialAction":[{"@type":"ReadAction","target":["https:\/\/www.raxxa.com\/shop\/raxxa-premium-tasse-farbenfrohe-collage-blumen-im-matisse-stil\/"]}]},{"@type":"ImageObject","inLanguage":"es","@id":"https:\/\/www.raxxa.com\/shop\/raxxa-premium-tasse-farbenfrohe-collage-blumen-im-matisse-stil\/#primaryimage","url":"https:\/\/www.raxxa.com\/wp-content\/uploads\/2025\/08\/raxxa-Tasse-282-20129-143-Uta-Naumann-Farbenfrohe-Collage-Blumen-im-Matisse-Stil-1-scaled.png","contentUrl":"https:\/\/www.raxxa.com\/wp-content\/uploads\/2025\/08\/raxxa-Tasse-282-20129-143-Uta-Naumann-Farbenfrohe-Collage-Blumen-im-Matisse-Stil-1-scaled.png","width":2560,"height":2560},{"@type":"BreadcrumbList","@id":"https:\/\/www.raxxa.com\/shop\/raxxa-premium-tasse-farbenfrohe-collage-blumen-im-matisse-stil\/#breadcrumb","itemListElement":[{"@type":"ListItem","position":1,"name":"Startseite","item":"https:\/\/www.raxxa.com\/"},{"@type":"ListItem","position":2,"name":"Shop","item":"https:\/\/www.raxxa.com\/it\/shop\/"},{"@type":"ListItem","position":3,"name":"raxxa Premium-Tasse: Farbenfrohe Collage-Blumen im Matisse-Stil"}]},{"@type":"WebSite","@id":"https:\/\/www.raxxa.com\/#website","url":"https:\/\/www.raxxa.com\/","name":"raxxa","description":"Productos individuales \u00fanicos de nuestros dise\u00f1adores","publisher":{"@id":"https:\/\/www.raxxa.com\/#organization"},"potentialAction":[{"@type":"SearchAction","target":{"@type":"EntryPoint","urlTemplate":"https:\/\/www.raxxa.com\/?s={search_term_string}"},"query-input":{"@type":"PropertyValueSpecification","valueRequired":true,"valueName":"search_term_string"}}],"inLanguage":"es"},{"@type":"Organization","@id":"https:\/\/www.raxxa.com\/#organization","name":"raxxa","url":"https:\/\/www.raxxa.com\/","logo":{"@type":"ImageObject","inLanguage":"es","@id":"https:\/\/www.raxxa.com\/#\/schema\/logo\/image\/","url":"https:\/\/www.raxxa.com\/wp-content\/uploads\/2022\/07\/logo_v2.png","contentUrl":"https:\/\/www.raxxa.com\/wp-content\/uploads\/2022\/07\/logo_v2.png","width":380,"height":382,"caption":"raxxa"},"image":{"@id":"https:\/\/www.raxxa.com\/#\/schema\/logo\/image\/"},"sameAs":["https:\/\/facebook.com\/raxxacom"]}]},"product_price_amount":"14.90","product_price_currency":"EUR","og_availability":"instock","product_availability":"instock","product_retailer_item_id":"1-14518-20129-282","product_condition":"new"},"jetpack_sharing_enabled":true,"_links":{"self":[{"href":"https:\/\/www.raxxa.com\/es\/wp-json\/wp\/v2\/product\/226258","targetHints":{"allow":["GET"]}}],"collection":[{"href":"https:\/\/www.raxxa.com\/es\/wp-json\/wp\/v2\/product"}],"about":[{"href":"https:\/\/www.raxxa.com\/es\/wp-json\/wp\/v2\/types\/product"}],"replies":[{"embeddable":true,"href":"https:\/\/www.raxxa.com\/es\/wp-json\/wp\/v2\/comments?post=226258"}],"wp:featuredmedia":[{"embeddable":true,"href":"https:\/\/www.raxxa.com\/es\/wp-json\/wp\/v2\/media\/237727"}],"wp:attachment":[{"href":"https:\/\/www.raxxa.com\/es\/wp-json\/wp\/v2\/media?parent=226258"}],"wp:term":[{"taxonomy":"product_brand","embeddable":true,"href":"https:\/\/www.raxxa.com\/es\/wp-json\/wp\/v2\/product_brand?post=226258"},{"taxonomy":"product_cat","embeddable":true,"href":"https:\/\/www.raxxa.com\/es\/wp-json\/wp\/v2\/product_cat?post=226258"},{"taxonomy":"product_tag","embeddable":true,"href":"https:\/\/www.raxxa.com\/es\/wp-json\/wp\/v2\/product_tag?post=226258"}],"curies":[{"name":"wp","href":"https:\/\/api.w.org\/{rel}","templated":true}]}}