{"id":216008,"date":"2025-01-22T15:33:21","date_gmt":"2025-01-22T13:33:21","guid":{"rendered":"https:\/\/www.raxxa.com\/?post_type=product&#038;p=216008"},"modified":"2025-11-02T22:04:39","modified_gmt":"2025-11-02T20:04:39","slug":"poster-magdeburg-bastion-cleve-gebhardt-und-magdeburger-dom","status":"publish","type":"product","link":"https:\/\/www.raxxa.com\/es\/shop\/poster-magdeburg-bastion-cleve-gebhardt-und-magdeburger-dom\/","title":{"rendered":"Cartel: Basti\u00f3n de Magdeburgo Cleve Gebhardt y Catedral de Magdeburgo"},"content":{"rendered":"<h3><strong>\"Basti\u00f3n de Magdeburgo Cleve Gebhardt y Catedral de Magdeburgo\" de Thomas Bugdoll<\/strong><\/h3>\n<p><strong><\/strong><\/p>\n<p>La catedral de Magdeburgo es el monumento m\u00e1s emblem\u00e1tico de la ciudad. Es la primera catedral g\u00f3tica dise\u00f1ada desde el principio y la primera catedral g\u00f3tica terminada en suelo alem\u00e1n.<\/p>\n<p>El basti\u00f3n Cleve es el extremo sureste de la antigua fortaleza de Magdeburgo.  El elemento central del basti\u00f3n es la torre de defensa medieval de Cleve, que fue complementada en el siglo XVI y posteriormente incorporada al basti\u00f3n barroco de Cleve. Todav\u00eda pueden verse restos de la muralla medieval que discurr\u00eda hacia el norte y el oeste.<\/p>\n<p>&nbsp;<\/p>\n<ul><li>P\u00f3ster de calidad de museo en papel de archivo mate duradero (sin revestimiento).<\/li><li>Gramaje del papel: 250 g \/ m\u00b2.<\/li><li>Se env\u00eda en un embalaje resistente para proteger el p\u00f3ster.<\/li><li>Este producto puede fabricarse especialmente para usted en el tama\u00f1o y dise\u00f1o que desee, previa solicitud.<\/li><\/ul>","protected":false},"excerpt":{"rendered":"<p>&quot;Magdeburg Bastion Cleve Gebhardt und Magdeburger Dom&quot; by Thomas Bugdoll Der Magdeburger Dom ist das Wahrzeichen der Stadt. Der Dom ist die erste von Anfang an gotisch konzipierte und die am fr\u00fchesten fertiggestellte Kathedrale der Gotik auf deutschem Boden. Die Bastion Cleve ist der s\u00fcd\u00f6stliche Abschluss der ehemaligen Festung Magdeburg. Zentrales Element der Bastion ist [&hellip;]<\/p>\n","protected":false},"featured_media":250854,"comment_status":"open","ping_status":"closed","template":"","meta":[],"product_brand":[],"product_cat":[12607,134,10378],"product_tag":[12929],"class_list":{"0":"post-216008","1":"product","2":"type-product","3":"status-publish","4":"has-post-thumbnail","6":"product_cat-thomas-bugdoll","7":"product_cat-orte","8":"product_cat-poster","9":"product_tag-magdeburg-sachsen-anhalt-magdeburgerdom-magdeburger-elbe-festung-festungsanlage-bastion-bastioncleve-ostdeutschland-mitteldeutschland-deutschland-gotik-otto-ottodergrosse-kaiser-kaiserotto","10":"product_shipping_class-versand-t-shirts1","12":"first","13":"instock","14":"taxable","15":"shipping-taxable","16":"purchasable","17":"product-type-variable"},"yoast_head":"<!-- This site is optimized with the Yoast SEO Premium plugin v27.4 (Yoast SEO v27.4) - https:\/\/yoast.com\/product\/yoast-seo-premium-wordpress\/ -->\n<title>Poster: Magdeburg Bastion Cleve Gebhardt und Magdeburger Dom - raxxa<\/title>\n<meta name=\"robots\" content=\"index, follow, max-snippet:-1, max-image-preview:large, max-video-preview:-1\" \/>\n<link rel=\"canonical\" href=\"https:\/\/www.raxxa.com\/es\/shop\/poster-magdeburg-bastion-cleve-gebhardt-und-magdeburger-dom\/\" \/>\n<meta property=\"og:locale\" content=\"es_ES\" \/>\n<meta property=\"og:type\" content=\"article\" \/>\n<meta property=\"og:title\" content=\"Poster: Magdeburg Bastion Cleve Gebhardt und Magdeburger Dom\" \/>\n<meta property=\"og:description\" content=\"&quot;Magdeburg Bastion Cleve Gebhardt und Magdeburger Dom&quot; by Thomas Bugdoll Der Magdeburger Dom ist das Wahrzeichen der Stadt. Der Dom ist die erste von Anfang an gotisch konzipierte und die am fr\u00fchesten fertiggestellte Kathedrale der Gotik auf deutschem Boden. Die Bastion Cleve ist der s\u00fcd\u00f6stliche Abschluss der ehemaligen Festung Magdeburg. Zentrales Element der Bastion ist [&hellip;]\" \/>\n<meta property=\"og:url\" content=\"https:\/\/www.raxxa.com\/es\/shop\/poster-magdeburg-bastion-cleve-gebhardt-und-magdeburger-dom\/\" \/>\n<meta property=\"og:site_name\" content=\"raxxa\" \/>\n<meta property=\"article:publisher\" content=\"https:\/\/facebook.com\/raxxacom\" \/>\n<meta property=\"article:modified_time\" content=\"2025-11-02T20:04:39+00:00\" \/>\n<meta property=\"og:image\" content=\"https:\/\/www.raxxa.com\/wp-content\/uploads\/2025\/01\/raxxa-Wallart-340-18775-84-Thomas-Bugdoll-Magdeburg-Bastion-Cleve-Gebhardt-und-Magdeburger-Dom-23.jpg\" \/>\n\t<meta property=\"og:image:width\" content=\"1024\" \/>\n\t<meta property=\"og:image:height\" content=\"1024\" \/>\n\t<meta property=\"og:image:type\" content=\"image\/jpeg\" \/>\n<meta name=\"twitter:card\" content=\"summary_large_image\" \/>\n<meta name=\"twitter:label1\" content=\"Disponibilidad\" \/>\n\t<meta name=\"twitter:data1\" content=\"Disponible\" \/>\n<script type=\"application\/ld+json\" class=\"yoast-schema-graph\">{\"@context\":\"https:\\\/\\\/schema.org\",\"@graph\":[{\"@type\":[\"WebPage\",\"ItemPage\"],\"@id\":\"https:\\\/\\\/www.raxxa.com\\\/shop\\\/poster-magdeburg-bastion-cleve-gebhardt-und-magdeburger-dom\\\/\",\"url\":\"https:\\\/\\\/www.raxxa.com\\\/shop\\\/poster-magdeburg-bastion-cleve-gebhardt-und-magdeburger-dom\\\/\",\"name\":\"Poster: Magdeburg Bastion Cleve Gebhardt und Magdeburger Dom - raxxa\",\"isPartOf\":{\"@id\":\"https:\\\/\\\/www.raxxa.com\\\/#website\"},\"primaryImageOfPage\":{\"@id\":\"https:\\\/\\\/www.raxxa.com\\\/shop\\\/poster-magdeburg-bastion-cleve-gebhardt-und-magdeburger-dom\\\/#primaryimage\"},\"image\":{\"@id\":\"https:\\\/\\\/www.raxxa.com\\\/shop\\\/poster-magdeburg-bastion-cleve-gebhardt-und-magdeburger-dom\\\/#primaryimage\"},\"thumbnailUrl\":\"https:\\\/\\\/www.raxxa.com\\\/wp-content\\\/uploads\\\/2025\\\/01\\\/raxxa-Wallart-340-18775-84-Thomas-Bugdoll-Magdeburg-Bastion-Cleve-Gebhardt-und-Magdeburger-Dom-23.jpg\",\"datePublished\":\"2025-01-22T13:33:21+00:00\",\"dateModified\":\"2025-11-02T20:04:39+00:00\",\"breadcrumb\":{\"@id\":\"https:\\\/\\\/www.raxxa.com\\\/shop\\\/poster-magdeburg-bastion-cleve-gebhardt-und-magdeburger-dom\\\/#breadcrumb\"},\"inLanguage\":\"es\",\"potentialAction\":[{\"@type\":\"ReadAction\",\"target\":[\"https:\\\/\\\/www.raxxa.com\\\/shop\\\/poster-magdeburg-bastion-cleve-gebhardt-und-magdeburger-dom\\\/\"]}]},{\"@type\":\"ImageObject\",\"inLanguage\":\"es\",\"@id\":\"https:\\\/\\\/www.raxxa.com\\\/shop\\\/poster-magdeburg-bastion-cleve-gebhardt-und-magdeburger-dom\\\/#primaryimage\",\"url\":\"https:\\\/\\\/www.raxxa.com\\\/wp-content\\\/uploads\\\/2025\\\/01\\\/raxxa-Wallart-340-18775-84-Thomas-Bugdoll-Magdeburg-Bastion-Cleve-Gebhardt-und-Magdeburger-Dom-23.jpg\",\"contentUrl\":\"https:\\\/\\\/www.raxxa.com\\\/wp-content\\\/uploads\\\/2025\\\/01\\\/raxxa-Wallart-340-18775-84-Thomas-Bugdoll-Magdeburg-Bastion-Cleve-Gebhardt-und-Magdeburger-Dom-23.jpg\",\"width\":1024,\"height\":1024},{\"@type\":\"BreadcrumbList\",\"@id\":\"https:\\\/\\\/www.raxxa.com\\\/shop\\\/poster-magdeburg-bastion-cleve-gebhardt-und-magdeburger-dom\\\/#breadcrumb\",\"itemListElement\":[{\"@type\":\"ListItem\",\"position\":1,\"name\":\"Startseite\",\"item\":\"https:\\\/\\\/www.raxxa.com\\\/\"},{\"@type\":\"ListItem\",\"position\":2,\"name\":\"Shop\",\"item\":\"https:\\\/\\\/www.raxxa.com\\\/it\\\/shop\\\/\"},{\"@type\":\"ListItem\",\"position\":3,\"name\":\"Poster: Magdeburg Bastion Cleve Gebhardt und Magdeburger Dom\"}]},{\"@type\":\"WebSite\",\"@id\":\"https:\\\/\\\/www.raxxa.com\\\/#website\",\"url\":\"https:\\\/\\\/www.raxxa.com\\\/\",\"name\":\"raxxa\",\"description\":\"Einzigartige individuelle Produkte von unseren Designern\",\"publisher\":{\"@id\":\"https:\\\/\\\/www.raxxa.com\\\/#organization\"},\"potentialAction\":[{\"@type\":\"SearchAction\",\"target\":{\"@type\":\"EntryPoint\",\"urlTemplate\":\"https:\\\/\\\/www.raxxa.com\\\/?s={search_term_string}\"},\"query-input\":{\"@type\":\"PropertyValueSpecification\",\"valueRequired\":true,\"valueName\":\"search_term_string\"}}],\"inLanguage\":\"es\"},{\"@type\":\"Organization\",\"@id\":\"https:\\\/\\\/www.raxxa.com\\\/#organization\",\"name\":\"raxxa\",\"url\":\"https:\\\/\\\/www.raxxa.com\\\/\",\"logo\":{\"@type\":\"ImageObject\",\"inLanguage\":\"es\",\"@id\":\"https:\\\/\\\/www.raxxa.com\\\/#\\\/schema\\\/logo\\\/image\\\/\",\"url\":\"https:\\\/\\\/www.raxxa.com\\\/wp-content\\\/uploads\\\/2022\\\/07\\\/logo_v2.png\",\"contentUrl\":\"https:\\\/\\\/www.raxxa.com\\\/wp-content\\\/uploads\\\/2022\\\/07\\\/logo_v2.png\",\"width\":380,\"height\":382,\"caption\":\"raxxa\"},\"image\":{\"@id\":\"https:\\\/\\\/www.raxxa.com\\\/#\\\/schema\\\/logo\\\/image\\\/\"},\"sameAs\":[\"https:\\\/\\\/facebook.com\\\/raxxacom\"]}]}<\/script>\n<meta property=\"og:availability\" content=\"instock\" \/>\n<meta property=\"product:availability\" content=\"instock\" \/>\n<meta property=\"product:retailer_item_id\" content=\"1-84-18775-340\" \/>\n<meta property=\"product:condition\" content=\"new\" \/>\n<!-- \/ Yoast SEO Premium plugin. -->","yoast_head_json":{"title":"Poster: Magdeburg Bastion Cleve Gebhardt und Magdeburger Dom - raxxa","robots":{"index":"index","follow":"follow","max-snippet":"max-snippet:-1","max-image-preview":"max-image-preview:large","max-video-preview":"max-video-preview:-1"},"canonical":"https:\/\/www.raxxa.com\/es\/shop\/poster-magdeburg-bastion-cleve-gebhardt-und-magdeburger-dom\/","og_locale":"es_ES","og_type":"article","og_title":"Poster: Magdeburg Bastion Cleve Gebhardt und Magdeburger Dom","og_description":"&quot;Magdeburg Bastion Cleve Gebhardt und Magdeburger Dom&quot; by Thomas Bugdoll Der Magdeburger Dom ist das Wahrzeichen der Stadt. Der Dom ist die erste von Anfang an gotisch konzipierte und die am fr\u00fchesten fertiggestellte Kathedrale der Gotik auf deutschem Boden. Die Bastion Cleve ist der s\u00fcd\u00f6stliche Abschluss der ehemaligen Festung Magdeburg. Zentrales Element der Bastion ist [&hellip;]","og_url":"https:\/\/www.raxxa.com\/es\/shop\/poster-magdeburg-bastion-cleve-gebhardt-und-magdeburger-dom\/","og_site_name":"raxxa","article_publisher":"https:\/\/facebook.com\/raxxacom","article_modified_time":"2025-11-02T20:04:39+00:00","og_image":[{"width":1024,"height":1024,"url":"https:\/\/www.raxxa.com\/wp-content\/uploads\/2025\/01\/raxxa-Wallart-340-18775-84-Thomas-Bugdoll-Magdeburg-Bastion-Cleve-Gebhardt-und-Magdeburger-Dom-23.jpg","type":"image\/jpeg"}],"twitter_card":"summary_large_image","twitter_misc":{"Disponibilidad":"Disponible"},"schema":{"@context":"https:\/\/schema.org","@graph":[{"@type":["WebPage","ItemPage"],"@id":"https:\/\/www.raxxa.com\/shop\/poster-magdeburg-bastion-cleve-gebhardt-und-magdeburger-dom\/","url":"https:\/\/www.raxxa.com\/shop\/poster-magdeburg-bastion-cleve-gebhardt-und-magdeburger-dom\/","name":"Poster: Magdeburg Bastion Cleve Gebhardt und Magdeburger Dom - raxxa","isPartOf":{"@id":"https:\/\/www.raxxa.com\/#website"},"primaryImageOfPage":{"@id":"https:\/\/www.raxxa.com\/shop\/poster-magdeburg-bastion-cleve-gebhardt-und-magdeburger-dom\/#primaryimage"},"image":{"@id":"https:\/\/www.raxxa.com\/shop\/poster-magdeburg-bastion-cleve-gebhardt-und-magdeburger-dom\/#primaryimage"},"thumbnailUrl":"https:\/\/www.raxxa.com\/wp-content\/uploads\/2025\/01\/raxxa-Wallart-340-18775-84-Thomas-Bugdoll-Magdeburg-Bastion-Cleve-Gebhardt-und-Magdeburger-Dom-23.jpg","datePublished":"2025-01-22T13:33:21+00:00","dateModified":"2025-11-02T20:04:39+00:00","breadcrumb":{"@id":"https:\/\/www.raxxa.com\/shop\/poster-magdeburg-bastion-cleve-gebhardt-und-magdeburger-dom\/#breadcrumb"},"inLanguage":"es","potentialAction":[{"@type":"ReadAction","target":["https:\/\/www.raxxa.com\/shop\/poster-magdeburg-bastion-cleve-gebhardt-und-magdeburger-dom\/"]}]},{"@type":"ImageObject","inLanguage":"es","@id":"https:\/\/www.raxxa.com\/shop\/poster-magdeburg-bastion-cleve-gebhardt-und-magdeburger-dom\/#primaryimage","url":"https:\/\/www.raxxa.com\/wp-content\/uploads\/2025\/01\/raxxa-Wallart-340-18775-84-Thomas-Bugdoll-Magdeburg-Bastion-Cleve-Gebhardt-und-Magdeburger-Dom-23.jpg","contentUrl":"https:\/\/www.raxxa.com\/wp-content\/uploads\/2025\/01\/raxxa-Wallart-340-18775-84-Thomas-Bugdoll-Magdeburg-Bastion-Cleve-Gebhardt-und-Magdeburger-Dom-23.jpg","width":1024,"height":1024},{"@type":"BreadcrumbList","@id":"https:\/\/www.raxxa.com\/shop\/poster-magdeburg-bastion-cleve-gebhardt-und-magdeburger-dom\/#breadcrumb","itemListElement":[{"@type":"ListItem","position":1,"name":"Startseite","item":"https:\/\/www.raxxa.com\/"},{"@type":"ListItem","position":2,"name":"Shop","item":"https:\/\/www.raxxa.com\/it\/shop\/"},{"@type":"ListItem","position":3,"name":"Poster: Magdeburg Bastion Cleve Gebhardt und Magdeburger Dom"}]},{"@type":"WebSite","@id":"https:\/\/www.raxxa.com\/#website","url":"https:\/\/www.raxxa.com\/","name":"raxxa","description":"Productos individuales \u00fanicos de nuestros dise\u00f1adores","publisher":{"@id":"https:\/\/www.raxxa.com\/#organization"},"potentialAction":[{"@type":"SearchAction","target":{"@type":"EntryPoint","urlTemplate":"https:\/\/www.raxxa.com\/?s={search_term_string}"},"query-input":{"@type":"PropertyValueSpecification","valueRequired":true,"valueName":"search_term_string"}}],"inLanguage":"es"},{"@type":"Organization","@id":"https:\/\/www.raxxa.com\/#organization","name":"raxxa","url":"https:\/\/www.raxxa.com\/","logo":{"@type":"ImageObject","inLanguage":"es","@id":"https:\/\/www.raxxa.com\/#\/schema\/logo\/image\/","url":"https:\/\/www.raxxa.com\/wp-content\/uploads\/2022\/07\/logo_v2.png","contentUrl":"https:\/\/www.raxxa.com\/wp-content\/uploads\/2022\/07\/logo_v2.png","width":380,"height":382,"caption":"raxxa"},"image":{"@id":"https:\/\/www.raxxa.com\/#\/schema\/logo\/image\/"},"sameAs":["https:\/\/facebook.com\/raxxacom"]}]},"og_availability":"instock","product_availability":"instock","product_retailer_item_id":"1-84-18775-340","product_condition":"new"},"jetpack_sharing_enabled":true,"_links":{"self":[{"href":"https:\/\/www.raxxa.com\/es\/wp-json\/wp\/v2\/product\/216008","targetHints":{"allow":["GET"]}}],"collection":[{"href":"https:\/\/www.raxxa.com\/es\/wp-json\/wp\/v2\/product"}],"about":[{"href":"https:\/\/www.raxxa.com\/es\/wp-json\/wp\/v2\/types\/product"}],"replies":[{"embeddable":true,"href":"https:\/\/www.raxxa.com\/es\/wp-json\/wp\/v2\/comments?post=216008"}],"wp:featuredmedia":[{"embeddable":true,"href":"https:\/\/www.raxxa.com\/es\/wp-json\/wp\/v2\/media\/250854"}],"wp:attachment":[{"href":"https:\/\/www.raxxa.com\/es\/wp-json\/wp\/v2\/media?parent=216008"}],"wp:term":[{"taxonomy":"product_brand","embeddable":true,"href":"https:\/\/www.raxxa.com\/es\/wp-json\/wp\/v2\/product_brand?post=216008"},{"taxonomy":"product_cat","embeddable":true,"href":"https:\/\/www.raxxa.com\/es\/wp-json\/wp\/v2\/product_cat?post=216008"},{"taxonomy":"product_tag","embeddable":true,"href":"https:\/\/www.raxxa.com\/es\/wp-json\/wp\/v2\/product_tag?post=216008"}],"curies":[{"name":"wp","href":"https:\/\/api.w.org\/{rel}","templated":true}]}}