{"id":209308,"date":"2024-11-12T14:45:28","date_gmt":"2024-11-12T12:45:28","guid":{"rendered":"https:\/\/www.raxxa.com\/?post_type=product&#038;p=209308"},"modified":"2025-10-31T00:38:27","modified_gmt":"2025-10-30T22:38:27","slug":"kissen-grazioese-samen","status":"publish","type":"product","link":"https:\/\/www.raxxa.com\/es\/shop\/kissen-grazioese-samen\/","title":{"rendered":"Coj\u00edn: Graciosas semillas"},"content":{"rendered":"<div><span style='font-weight: bolder; font-size: 1rem;'>raxxa Premium Kissen Grazi\u00f6se Samen<\/span><\/div>\n<div><span style='font-weight: bolder;'>designed by Uta Naumann<\/span><\/div>\n<div><span style='font-size: 1rem;'><br \/><\/span><span style='font-size: 1rem;'>Mit jedem Kauf eines raxxa Produkts wird direkt ein K\u00fcnstler unterst\u00fctzt.<\/span><\/div>\n<div><span style='font-weight: bolder;'><br \/><\/span><\/div>\n<div>In diesem abstrakten Dandelion-Bild dominieren minimalistische Elemente. Gegen ein sanftes, blaues Gegenlicht erheben sich die Pusteblumen und ihre Samen als leuchtende Fokuspunkte. Die Blumenbl\u00fcten wirken wie strahlende Sterne in einer ansonsten ruhigen und monochromen Landschaft. Die Komposition erzeugt eine beruhigende Atmosph\u00e4re und betont die zeitlose Sch\u00f6nheit des L\u00f6wenzahns in seiner modernen und minimalistischen Interpretation.<\/div>\n<div><span style='font-size: 1rem;'>Dieses raxxa Premium-Kissen im trendigen Design ist der perfekte Deko-Akzent als besonderer Blickfang zum Wohlf\u00fchlen. Wirkungsvoll zur Geltung kommt es auf dem Bett, Sessel und der Couch. Es f\u00fchlt sich wie hochwertiges Leinen an und dient als zeitgem\u00e4\u00dfes Einrichtungselement.<\/span><\/div>\n<div>  <span style='font-size: 1rem;'><br \/><\/span><span style='font-size: 1rem;'>Materialhinweise:<\/span><\/div>\n<p><\/p>\n<div><span style='font-size: 1rem;'><\/p>\n<ul style='list-style-position: inside'>\n<li>100 % vorgeschrumpfte Polyesterh\u00fclle<\/li>\n<li>Stoffgewicht: 275 g\/m\u00b2<\/li>\n<li>Leinen\u00e4hnlicher Stoff<\/li>\n<li>Feiner Druck auf beiden Seiten der Kissenh\u00fclle<\/li>\n<li>Verborgener Rei\u00dfverschluss<\/li>\n<li>H\u00fclle kann in der Waschmaschine gewaschen werden<\/li>\n<li>Inkl. formbest\u00e4ndige 100 % Polyesterf\u00fcllung (darf nur von Hand gewaschen werden)<\/li>\n<\/ul>\n<p><\/span><\/div>\n<div>  <span style='font-size: 1rem;'><br \/><\/span><span style='font-size: 1rem;'>Gr\u00f6ssenhinweise in cm \/ Zoll:<\/span><\/div>\n<p><\/p>\n<table  cellspacing='5' cellpadding='5' border='1'>\n<tbody>\n<tr>\n<td><b>Gr\u00f6sse [cm \/ Zoll]<\/b><\/td>\n<td><b>Breite [cm \/ Zoll]<\/b><\/td>\n<td><b>L\u00e4nge [cm \/ Zoll]<\/b><\/td>\n<td><b>Tiefe [cm \/ Zoll]<\/b><\/td>\n<td><b>L\u00e4nge des Reisverschlusses [cm \/ Zoll]<\/b><\/td>\n<\/tr>\n<tr>\n<td>45 x 45 cm \/ 18\u2033 \u00d7 18\u2033<\/td>\n<td>45 cm \/ 18\u2033<\/td>\n<td>45 cm \/ 18\u2033<\/td>\n<td>12.5 cm \/ 4 \u215e<\/td>\n<td>39 cm \/ 15 \u215c<\/td>\n<\/tr>\n<tr>\n<td>50 x 30 cm \/ 20\u2033 \u00d7 12\u2033<\/td>\n<td>50 cm \/ 20\u2033<\/td>\n<td>30 cm \/ 12\u2033<\/td>\n<td>12.5 cm \/ 4 \u215e<\/td>\n<td>43 cm \/ 16 \u215e<\/td>\n<\/tr>\n<tr>\n<td>56 x 56 cm \/ 22\u2033 \u00d7 22\u2033<\/td>\n<td>56 cm \/ 22\u2033<\/td>\n<td>56 cm \/ 22\u2033<\/td>\n<td>12.5 cm \/  4 \u215e<\/td>\n<td>48 cm \/ 18 \u215e<\/td>\n<\/tr>\n<\/tbody>\n<\/table>\n<p><\/p>\n<div><span style='font-size: 1rem;'>Alle Produkte der raxxa-Kollektion werden extra f\u00fcr Sie in dem gew\u00fcnschten Design und\u00a0Gr\u00f6\u00dfe nach Ihrem Bestelleingang hergestellt.&nbsp;<\/span><\/div>\n","protected":false},"excerpt":{"rendered":"<p>raxxa Premium Kissen Grazi\u00f6se Samen designed by Uta Naumann Mit jedem Kauf eines raxxa Produkts wird direkt ein K\u00fcnstler unterst\u00fctzt. In diesem abstrakten Dandelion-Bild dominieren minimalistische Elemente. Gegen ein sanftes, blaues Gegenlicht erheben sich die Pusteblumen und ihre Samen als leuchtende Fokuspunkte. Die Blumenbl\u00fcten wirken wie strahlende Sterne in einer ansonsten ruhigen und monochromen Landschaft. [&hellip;]<\/p>\n","protected":false},"featured_media":245710,"comment_status":"open","ping_status":"closed","template":"","meta":[],"product_brand":[],"product_cat":[10313,10314,11218],"product_tag":[11234],"class_list":{"0":"post-209308","1":"product","2":"type-product","3":"status-publish","4":"has-post-thumbnail","6":"product_cat-home-living","7":"product_cat-kissen","8":"product_cat-uta-naumann","9":"product_tag-blume-loewenzahn-pusteblume-floral-botanisch-natur-abstrakt-modern-zeitgenoessisch-minimalistisch-urban-collage-illustration-lounge-lobby-sommer","10":"product_shipping_class-versand-t-shirts1","12":"first","13":"instock","14":"taxable","15":"shipping-taxable","16":"purchasable","17":"product-type-variable"},"yoast_head":"<!-- This site is optimized with the Yoast SEO Premium plugin v27.2 (Yoast SEO v27.3) - https:\/\/yoast.com\/product\/yoast-seo-premium-wordpress\/ -->\n<title>Kissen: Grazi\u00f6se Samen - raxxa<\/title>\n<meta name=\"robots\" content=\"index, follow, max-snippet:-1, max-image-preview:large, max-video-preview:-1\" \/>\n<link rel=\"canonical\" href=\"https:\/\/www.raxxa.com\/es\/shop\/kissen-grazioese-samen\/\" \/>\n<meta property=\"og:locale\" content=\"es_ES\" \/>\n<meta property=\"og:type\" content=\"article\" \/>\n<meta property=\"og:title\" content=\"Kissen: Grazi\u00f6se Samen\" \/>\n<meta property=\"og:description\" content=\"raxxa Premium Kissen Grazi\u00f6se Samen designed by Uta Naumann Mit jedem Kauf eines raxxa Produkts wird direkt ein K\u00fcnstler unterst\u00fctzt. In diesem abstrakten Dandelion-Bild dominieren minimalistische Elemente. Gegen ein sanftes, blaues Gegenlicht erheben sich die Pusteblumen und ihre Samen als leuchtende Fokuspunkte. Die Blumenbl\u00fcten wirken wie strahlende Sterne in einer ansonsten ruhigen und monochromen Landschaft. [&hellip;]\" \/>\n<meta property=\"og:url\" content=\"https:\/\/www.raxxa.com\/es\/shop\/kissen-grazioese-samen\/\" \/>\n<meta property=\"og:site_name\" content=\"raxxa\" \/>\n<meta property=\"article:publisher\" content=\"https:\/\/facebook.com\/raxxacom\" \/>\n<meta property=\"article:modified_time\" content=\"2025-10-30T22:38:27+00:00\" \/>\n<meta property=\"og:image\" content=\"https:\/\/www.raxxa.com\/wp-content\/uploads\/2024\/11\/raxxa-Kissen-282-7331-112-Uta-Naumann-Graziose-Samen-1.jpg\" \/>\n\t<meta property=\"og:image:width\" content=\"1400\" \/>\n\t<meta property=\"og:image:height\" content=\"1400\" \/>\n\t<meta property=\"og:image:type\" content=\"image\/jpeg\" \/>\n<meta name=\"twitter:card\" content=\"summary_large_image\" \/>\n<meta name=\"twitter:label1\" content=\"Disponibilidad\" \/>\n\t<meta name=\"twitter:data1\" content=\"Disponible\" \/>\n<script type=\"application\/ld+json\" class=\"yoast-schema-graph\">{\"@context\":\"https:\\\/\\\/schema.org\",\"@graph\":[{\"@type\":[\"WebPage\",\"ItemPage\"],\"@id\":\"https:\\\/\\\/www.raxxa.com\\\/shop\\\/kissen-grazioese-samen\\\/\",\"url\":\"https:\\\/\\\/www.raxxa.com\\\/shop\\\/kissen-grazioese-samen\\\/\",\"name\":\"Kissen: Grazi\u00f6se Samen - raxxa\",\"isPartOf\":{\"@id\":\"https:\\\/\\\/www.raxxa.com\\\/#website\"},\"primaryImageOfPage\":{\"@id\":\"https:\\\/\\\/www.raxxa.com\\\/shop\\\/kissen-grazioese-samen\\\/#primaryimage\"},\"image\":{\"@id\":\"https:\\\/\\\/www.raxxa.com\\\/shop\\\/kissen-grazioese-samen\\\/#primaryimage\"},\"thumbnailUrl\":\"https:\\\/\\\/www.raxxa.com\\\/wp-content\\\/uploads\\\/2024\\\/11\\\/raxxa-Kissen-282-7331-112-Uta-Naumann-Graziose-Samen-1-1.jpg\",\"datePublished\":\"2024-11-12T12:45:28+00:00\",\"dateModified\":\"2025-10-30T22:38:27+00:00\",\"breadcrumb\":{\"@id\":\"https:\\\/\\\/www.raxxa.com\\\/shop\\\/kissen-grazioese-samen\\\/#breadcrumb\"},\"inLanguage\":\"es\",\"potentialAction\":[{\"@type\":\"ReadAction\",\"target\":[\"https:\\\/\\\/www.raxxa.com\\\/shop\\\/kissen-grazioese-samen\\\/\"]}]},{\"@type\":\"ImageObject\",\"inLanguage\":\"es\",\"@id\":\"https:\\\/\\\/www.raxxa.com\\\/shop\\\/kissen-grazioese-samen\\\/#primaryimage\",\"url\":\"https:\\\/\\\/www.raxxa.com\\\/wp-content\\\/uploads\\\/2024\\\/11\\\/raxxa-Kissen-282-7331-112-Uta-Naumann-Graziose-Samen-1-1.jpg\",\"contentUrl\":\"https:\\\/\\\/www.raxxa.com\\\/wp-content\\\/uploads\\\/2024\\\/11\\\/raxxa-Kissen-282-7331-112-Uta-Naumann-Graziose-Samen-1-1.jpg\",\"width\":1400,\"height\":1400},{\"@type\":\"BreadcrumbList\",\"@id\":\"https:\\\/\\\/www.raxxa.com\\\/shop\\\/kissen-grazioese-samen\\\/#breadcrumb\",\"itemListElement\":[{\"@type\":\"ListItem\",\"position\":1,\"name\":\"Startseite\",\"item\":\"https:\\\/\\\/www.raxxa.com\\\/\"},{\"@type\":\"ListItem\",\"position\":2,\"name\":\"Shop\",\"item\":\"https:\\\/\\\/www.raxxa.com\\\/it\\\/shop\\\/\"},{\"@type\":\"ListItem\",\"position\":3,\"name\":\"Kissen: Grazi\u00f6se Samen\"}]},{\"@type\":\"WebSite\",\"@id\":\"https:\\\/\\\/www.raxxa.com\\\/#website\",\"url\":\"https:\\\/\\\/www.raxxa.com\\\/\",\"name\":\"raxxa\",\"description\":\"Einzigartige individuelle Produkte von unseren Designern\",\"publisher\":{\"@id\":\"https:\\\/\\\/www.raxxa.com\\\/#organization\"},\"potentialAction\":[{\"@type\":\"SearchAction\",\"target\":{\"@type\":\"EntryPoint\",\"urlTemplate\":\"https:\\\/\\\/www.raxxa.com\\\/?s={search_term_string}\"},\"query-input\":{\"@type\":\"PropertyValueSpecification\",\"valueRequired\":true,\"valueName\":\"search_term_string\"}}],\"inLanguage\":\"es\"},{\"@type\":\"Organization\",\"@id\":\"https:\\\/\\\/www.raxxa.com\\\/#organization\",\"name\":\"raxxa\",\"url\":\"https:\\\/\\\/www.raxxa.com\\\/\",\"logo\":{\"@type\":\"ImageObject\",\"inLanguage\":\"es\",\"@id\":\"https:\\\/\\\/www.raxxa.com\\\/#\\\/schema\\\/logo\\\/image\\\/\",\"url\":\"https:\\\/\\\/www.raxxa.com\\\/wp-content\\\/uploads\\\/2022\\\/07\\\/logo_v2.png\",\"contentUrl\":\"https:\\\/\\\/www.raxxa.com\\\/wp-content\\\/uploads\\\/2022\\\/07\\\/logo_v2.png\",\"width\":380,\"height\":382,\"caption\":\"raxxa\"},\"image\":{\"@id\":\"https:\\\/\\\/www.raxxa.com\\\/#\\\/schema\\\/logo\\\/image\\\/\"},\"sameAs\":[\"https:\\\/\\\/facebook.com\\\/raxxacom\"]}]}<\/script>\n<meta property=\"og:availability\" content=\"instock\" \/>\n<meta property=\"product:availability\" content=\"instock\" \/>\n<meta property=\"product:retailer_item_id\" content=\"1-112-7331-282\" \/>\n<meta property=\"product:condition\" content=\"new\" \/>\n<!-- \/ Yoast SEO Premium plugin. -->","yoast_head_json":{"title":"Coj\u00edn: Graciosas semillas - raxxa","robots":{"index":"index","follow":"follow","max-snippet":"max-snippet:-1","max-image-preview":"max-image-preview:large","max-video-preview":"max-video-preview:-1"},"canonical":"https:\/\/www.raxxa.com\/es\/shop\/kissen-grazioese-samen\/","og_locale":"es_ES","og_type":"article","og_title":"Kissen: Grazi\u00f6se Samen","og_description":"raxxa Premium Kissen Grazi\u00f6se Samen designed by Uta Naumann Mit jedem Kauf eines raxxa Produkts wird direkt ein K\u00fcnstler unterst\u00fctzt. In diesem abstrakten Dandelion-Bild dominieren minimalistische Elemente. Gegen ein sanftes, blaues Gegenlicht erheben sich die Pusteblumen und ihre Samen als leuchtende Fokuspunkte. Die Blumenbl\u00fcten wirken wie strahlende Sterne in einer ansonsten ruhigen und monochromen Landschaft. [&hellip;]","og_url":"https:\/\/www.raxxa.com\/es\/shop\/kissen-grazioese-samen\/","og_site_name":"raxxa","article_publisher":"https:\/\/facebook.com\/raxxacom","article_modified_time":"2025-10-30T22:38:27+00:00","og_image":[{"width":1400,"height":1400,"url":"https:\/\/www.raxxa.com\/wp-content\/uploads\/2024\/11\/raxxa-Kissen-282-7331-112-Uta-Naumann-Graziose-Samen-1.jpg","type":"image\/jpeg"}],"twitter_card":"summary_large_image","twitter_misc":{"Disponibilidad":"Disponible"},"schema":{"@context":"https:\/\/schema.org","@graph":[{"@type":["WebPage","ItemPage"],"@id":"https:\/\/www.raxxa.com\/shop\/kissen-grazioese-samen\/","url":"https:\/\/www.raxxa.com\/shop\/kissen-grazioese-samen\/","name":"Coj\u00edn: Graciosas semillas - raxxa","isPartOf":{"@id":"https:\/\/www.raxxa.com\/#website"},"primaryImageOfPage":{"@id":"https:\/\/www.raxxa.com\/shop\/kissen-grazioese-samen\/#primaryimage"},"image":{"@id":"https:\/\/www.raxxa.com\/shop\/kissen-grazioese-samen\/#primaryimage"},"thumbnailUrl":"https:\/\/www.raxxa.com\/wp-content\/uploads\/2024\/11\/raxxa-Kissen-282-7331-112-Uta-Naumann-Graziose-Samen-1-1.jpg","datePublished":"2024-11-12T12:45:28+00:00","dateModified":"2025-10-30T22:38:27+00:00","breadcrumb":{"@id":"https:\/\/www.raxxa.com\/shop\/kissen-grazioese-samen\/#breadcrumb"},"inLanguage":"es","potentialAction":[{"@type":"ReadAction","target":["https:\/\/www.raxxa.com\/shop\/kissen-grazioese-samen\/"]}]},{"@type":"ImageObject","inLanguage":"es","@id":"https:\/\/www.raxxa.com\/shop\/kissen-grazioese-samen\/#primaryimage","url":"https:\/\/www.raxxa.com\/wp-content\/uploads\/2024\/11\/raxxa-Kissen-282-7331-112-Uta-Naumann-Graziose-Samen-1-1.jpg","contentUrl":"https:\/\/www.raxxa.com\/wp-content\/uploads\/2024\/11\/raxxa-Kissen-282-7331-112-Uta-Naumann-Graziose-Samen-1-1.jpg","width":1400,"height":1400},{"@type":"BreadcrumbList","@id":"https:\/\/www.raxxa.com\/shop\/kissen-grazioese-samen\/#breadcrumb","itemListElement":[{"@type":"ListItem","position":1,"name":"Startseite","item":"https:\/\/www.raxxa.com\/"},{"@type":"ListItem","position":2,"name":"Shop","item":"https:\/\/www.raxxa.com\/it\/shop\/"},{"@type":"ListItem","position":3,"name":"Kissen: Grazi\u00f6se Samen"}]},{"@type":"WebSite","@id":"https:\/\/www.raxxa.com\/#website","url":"https:\/\/www.raxxa.com\/","name":"raxxa","description":"Productos individuales \u00fanicos de nuestros dise\u00f1adores","publisher":{"@id":"https:\/\/www.raxxa.com\/#organization"},"potentialAction":[{"@type":"SearchAction","target":{"@type":"EntryPoint","urlTemplate":"https:\/\/www.raxxa.com\/?s={search_term_string}"},"query-input":{"@type":"PropertyValueSpecification","valueRequired":true,"valueName":"search_term_string"}}],"inLanguage":"es"},{"@type":"Organization","@id":"https:\/\/www.raxxa.com\/#organization","name":"raxxa","url":"https:\/\/www.raxxa.com\/","logo":{"@type":"ImageObject","inLanguage":"es","@id":"https:\/\/www.raxxa.com\/#\/schema\/logo\/image\/","url":"https:\/\/www.raxxa.com\/wp-content\/uploads\/2022\/07\/logo_v2.png","contentUrl":"https:\/\/www.raxxa.com\/wp-content\/uploads\/2022\/07\/logo_v2.png","width":380,"height":382,"caption":"raxxa"},"image":{"@id":"https:\/\/www.raxxa.com\/#\/schema\/logo\/image\/"},"sameAs":["https:\/\/facebook.com\/raxxacom"]}]},"og_availability":"instock","product_availability":"instock","product_retailer_item_id":"1-112-7331-282","product_condition":"new"},"jetpack_sharing_enabled":true,"_links":{"self":[{"href":"https:\/\/www.raxxa.com\/es\/wp-json\/wp\/v2\/product\/209308","targetHints":{"allow":["GET"]}}],"collection":[{"href":"https:\/\/www.raxxa.com\/es\/wp-json\/wp\/v2\/product"}],"about":[{"href":"https:\/\/www.raxxa.com\/es\/wp-json\/wp\/v2\/types\/product"}],"replies":[{"embeddable":true,"href":"https:\/\/www.raxxa.com\/es\/wp-json\/wp\/v2\/comments?post=209308"}],"wp:featuredmedia":[{"embeddable":true,"href":"https:\/\/www.raxxa.com\/es\/wp-json\/wp\/v2\/media\/245710"}],"wp:attachment":[{"href":"https:\/\/www.raxxa.com\/es\/wp-json\/wp\/v2\/media?parent=209308"}],"wp:term":[{"taxonomy":"product_brand","embeddable":true,"href":"https:\/\/www.raxxa.com\/es\/wp-json\/wp\/v2\/product_brand?post=209308"},{"taxonomy":"product_cat","embeddable":true,"href":"https:\/\/www.raxxa.com\/es\/wp-json\/wp\/v2\/product_cat?post=209308"},{"taxonomy":"product_tag","embeddable":true,"href":"https:\/\/www.raxxa.com\/es\/wp-json\/wp\/v2\/product_tag?post=209308"}],"curies":[{"name":"wp","href":"https:\/\/api.w.org\/{rel}","templated":true}]}}