{"id":208504,"date":"2024-10-16T13:49:36","date_gmt":"2024-10-16T11:49:36","guid":{"rendered":"https:\/\/www.raxxa.com\/?post_type=product&#038;p=208504"},"modified":"2025-11-03T17:42:24","modified_gmt":"2025-11-03T15:42:24","slug":"raxxa-postkarte-tukan-paradies-im-retro-look-vintage-dschungelmuster","status":"publish","type":"product","link":"https:\/\/www.raxxa.com\/es\/shop\/raxxa-postkarte-tukan-paradies-im-retro-look-vintage-dschungelmuster\/","title":{"rendered":"Postal raxxa: El para\u00edso del tuc\u00e1n en clave retro: estampado selv\u00e1tico vintage"},"content":{"rendered":"<h3><strong>\"El para\u00edso del tuc\u00e1n en clave retro: estampado selv\u00e1tico vintage\" de Uta Naumann<\/strong><\/h3>\n<p><strong><\/strong><\/p>\n<p>Un elegante motivo vintage sepia-gris-verde con un toque tropical y ex\u00f3tico presenta coloridos tucanes sobre un exuberante fondo verde. Estos p\u00e1jaros ex\u00f3ticos con sus picos brillantes y plumas llamativas a\u00f1aden un toque vibrante y animado al motivo. El fondo en varios tonos de verde crea un exuberante tel\u00f3n de fondo que realza la belleza de la naturaleza. El dise\u00f1o se complementa con jugosas pi\u00f1as que crean un ambiente refrescante y ex\u00f3tico. Este motivo combina el esplendor de la naturaleza con un toque de lujo e irradia una atm\u00f3sfera atemporal y lujosa que hechiza los sentidos y recuerda a las ex\u00f3ticas selvas tropicales.<\/p>\n<p>&nbsp;<\/p>\n<ul><li>Imprimimos la postal que desee en blanco o con un saludo personalizado y la enviamos a cualquier persona del mundo o a usted mismo.<\/li><li>Ideal para postcrossing en l\u00ednea o felicitaciones personalizadas a sus seres queridos, amigos, familiares y conocidos.<\/li><li>Tambi\u00e9n disponible como tarjeta con motivos en blanco para recoger o enviar usted mismo.<\/li><li>Postales DIN A6 (14,8 cm x 10,5 cm).<\/li><\/ul><br><br><b>\u00bfC\u00f3mo creo\/dise\u00f1o mi postal personalizada?<\/b><br><br>1) Introduzca simplemente el texto de su mensaje o saludo (m\u00e1x. 500 caracteres).<br>2) Si desea enviar su postal para Postcrossing, introduzca el PostcrossingID.<br>En caso contrario, deje este campo vac\u00edo.<br>3) Introduzca en los campos de entrada el nombre y los apellidos, la calle + el n\u00famero de la casa, el c\u00f3digo postal, la ciudad y el pa\u00eds del destinatario deseado de la postal.<br>4) Ahora puede a\u00f1adir su postal dise\u00f1ada a la cesta de la compra y pedirla en la caja.<br><br>Ahora imprimiremos tu postal personalizada, la sellaremos y la enviaremos al destinatario que nos indiques.<br><br>Si tiene alguna pregunta, env\u00edenos un mensaje o un correo electr\u00f3nico<br>","protected":false},"excerpt":{"rendered":"<p>&quot;Tukan Paradies im Retro-Look: Vintage-Dschungelmuster&quot; by Uta Naumann Ein elegantes sepia-grau-gr\u00fcnes Vintage-Muster mit einem Hauch von Tropen und Exotik zeigt farbenfrohe Tukanv\u00f6gel vor einem satten gr\u00fcnen Hintergrund. Diese exotischen V\u00f6gel mit ihren leuchtenden Schn\u00e4beln und auff\u00e4lligen Federn verleihen dem Muster eine lebendige, lebhafte Note. Der Hintergrund in verschiedenen Gr\u00fcnt\u00f6nen schafft eine \u00fcppige Kulisse, die die [&hellip;]<\/p>\n","protected":false},"featured_media":256580,"comment_status":"open","ping_status":"closed","template":"","meta":[],"product_brand":[],"product_cat":[136,11218,11884],"product_tag":[11716],"class_list":{"0":"post-208504","1":"product","2":"type-product","3":"status-publish","4":"has-post-thumbnail","6":"product_cat-natur","7":"product_cat-uta-naumann","8":"product_cat-postkarten","9":"product_tag-vintage-retro-exotisch-tropisch-blumen-bluete-floral-botanisch-natur-dschungel-regenwald-garten-wald-illustration-collage-muster-boho-luxuroes-ueppig-safari-nostalgisch-nostalgie-tukan-vogel-tiere","11":"first","12":"instock","13":"taxable","14":"shipping-taxable","15":"purchasable","16":"product-type-variable"},"yoast_head":"<!-- This site is optimized with the Yoast SEO Premium plugin v27.2 (Yoast SEO v27.3) - https:\/\/yoast.com\/product\/yoast-seo-premium-wordpress\/ -->\n<title>raxxa Postkarte: Tukan Paradies im Retro-Look: Vintage-Dschungelmuster - raxxa<\/title>\n<meta name=\"robots\" content=\"index, follow, max-snippet:-1, max-image-preview:large, max-video-preview:-1\" \/>\n<link rel=\"canonical\" href=\"https:\/\/www.raxxa.com\/es\/shop\/raxxa-postkarte-tukan-paradies-im-retro-look-vintage-dschungelmuster\/\" \/>\n<meta property=\"og:locale\" content=\"es_ES\" \/>\n<meta property=\"og:type\" content=\"article\" \/>\n<meta property=\"og:title\" content=\"raxxa Postkarte: Tukan Paradies im Retro-Look: Vintage-Dschungelmuster\" \/>\n<meta property=\"og:description\" content=\"&quot;Tukan Paradies im Retro-Look: Vintage-Dschungelmuster&quot; by Uta Naumann Ein elegantes sepia-grau-gr\u00fcnes Vintage-Muster mit einem Hauch von Tropen und Exotik zeigt farbenfrohe Tukanv\u00f6gel vor einem satten gr\u00fcnen Hintergrund. Diese exotischen V\u00f6gel mit ihren leuchtenden Schn\u00e4beln und auff\u00e4lligen Federn verleihen dem Muster eine lebendige, lebhafte Note. Der Hintergrund in verschiedenen Gr\u00fcnt\u00f6nen schafft eine \u00fcppige Kulisse, die die [&hellip;]\" \/>\n<meta property=\"og:url\" content=\"https:\/\/www.raxxa.com\/es\/shop\/raxxa-postkarte-tukan-paradies-im-retro-look-vintage-dschungelmuster\/\" \/>\n<meta property=\"og:site_name\" content=\"raxxa\" \/>\n<meta property=\"article:publisher\" content=\"https:\/\/facebook.com\/raxxacom\" \/>\n<meta property=\"article:modified_time\" content=\"2025-11-03T15:42:24+00:00\" \/>\n<meta property=\"og:image\" content=\"https:\/\/www.raxxa.com\/wp-content\/uploads\/2024\/10\/raxxa-282-7461-185-Uta-Naumann-Tukan-Paradies-im-Retro-Look-Vintage-Dschungelmuster-20.jpg\" \/>\n\t<meta property=\"og:image:width\" content=\"1024\" \/>\n\t<meta property=\"og:image:height\" content=\"1024\" \/>\n\t<meta property=\"og:image:type\" content=\"image\/jpeg\" \/>\n<meta name=\"twitter:card\" content=\"summary_large_image\" \/>\n<meta name=\"twitter:label1\" content=\"Disponibilidad\" \/>\n\t<meta name=\"twitter:data1\" content=\"Disponible\" \/>\n<script type=\"application\/ld+json\" class=\"yoast-schema-graph\">{\"@context\":\"https:\\\/\\\/schema.org\",\"@graph\":[{\"@type\":[\"WebPage\",\"ItemPage\"],\"@id\":\"https:\\\/\\\/www.raxxa.com\\\/shop\\\/raxxa-postkarte-tukan-paradies-im-retro-look-vintage-dschungelmuster\\\/\",\"url\":\"https:\\\/\\\/www.raxxa.com\\\/shop\\\/raxxa-postkarte-tukan-paradies-im-retro-look-vintage-dschungelmuster\\\/\",\"name\":\"raxxa Postkarte: Tukan Paradies im Retro-Look: Vintage-Dschungelmuster - raxxa\",\"isPartOf\":{\"@id\":\"https:\\\/\\\/www.raxxa.com\\\/#website\"},\"primaryImageOfPage\":{\"@id\":\"https:\\\/\\\/www.raxxa.com\\\/shop\\\/raxxa-postkarte-tukan-paradies-im-retro-look-vintage-dschungelmuster\\\/#primaryimage\"},\"image\":{\"@id\":\"https:\\\/\\\/www.raxxa.com\\\/shop\\\/raxxa-postkarte-tukan-paradies-im-retro-look-vintage-dschungelmuster\\\/#primaryimage\"},\"thumbnailUrl\":\"https:\\\/\\\/www.raxxa.com\\\/wp-content\\\/uploads\\\/2024\\\/10\\\/raxxa-282-7461-185-Uta-Naumann-Tukan-Paradies-im-Retro-Look-Vintage-Dschungelmuster-20.jpg\",\"datePublished\":\"2024-10-16T11:49:36+00:00\",\"dateModified\":\"2025-11-03T15:42:24+00:00\",\"breadcrumb\":{\"@id\":\"https:\\\/\\\/www.raxxa.com\\\/shop\\\/raxxa-postkarte-tukan-paradies-im-retro-look-vintage-dschungelmuster\\\/#breadcrumb\"},\"inLanguage\":\"es\",\"potentialAction\":[{\"@type\":\"ReadAction\",\"target\":[\"https:\\\/\\\/www.raxxa.com\\\/shop\\\/raxxa-postkarte-tukan-paradies-im-retro-look-vintage-dschungelmuster\\\/\"]}]},{\"@type\":\"ImageObject\",\"inLanguage\":\"es\",\"@id\":\"https:\\\/\\\/www.raxxa.com\\\/shop\\\/raxxa-postkarte-tukan-paradies-im-retro-look-vintage-dschungelmuster\\\/#primaryimage\",\"url\":\"https:\\\/\\\/www.raxxa.com\\\/wp-content\\\/uploads\\\/2024\\\/10\\\/raxxa-282-7461-185-Uta-Naumann-Tukan-Paradies-im-Retro-Look-Vintage-Dschungelmuster-20.jpg\",\"contentUrl\":\"https:\\\/\\\/www.raxxa.com\\\/wp-content\\\/uploads\\\/2024\\\/10\\\/raxxa-282-7461-185-Uta-Naumann-Tukan-Paradies-im-Retro-Look-Vintage-Dschungelmuster-20.jpg\",\"width\":1024,\"height\":1024},{\"@type\":\"BreadcrumbList\",\"@id\":\"https:\\\/\\\/www.raxxa.com\\\/shop\\\/raxxa-postkarte-tukan-paradies-im-retro-look-vintage-dschungelmuster\\\/#breadcrumb\",\"itemListElement\":[{\"@type\":\"ListItem\",\"position\":1,\"name\":\"Startseite\",\"item\":\"https:\\\/\\\/www.raxxa.com\\\/\"},{\"@type\":\"ListItem\",\"position\":2,\"name\":\"Shop\",\"item\":\"https:\\\/\\\/www.raxxa.com\\\/it\\\/shop\\\/\"},{\"@type\":\"ListItem\",\"position\":3,\"name\":\"raxxa Postkarte: Tukan Paradies im Retro-Look: Vintage-Dschungelmuster\"}]},{\"@type\":\"WebSite\",\"@id\":\"https:\\\/\\\/www.raxxa.com\\\/#website\",\"url\":\"https:\\\/\\\/www.raxxa.com\\\/\",\"name\":\"raxxa\",\"description\":\"Einzigartige individuelle Produkte von unseren Designern\",\"publisher\":{\"@id\":\"https:\\\/\\\/www.raxxa.com\\\/#organization\"},\"potentialAction\":[{\"@type\":\"SearchAction\",\"target\":{\"@type\":\"EntryPoint\",\"urlTemplate\":\"https:\\\/\\\/www.raxxa.com\\\/?s={search_term_string}\"},\"query-input\":{\"@type\":\"PropertyValueSpecification\",\"valueRequired\":true,\"valueName\":\"search_term_string\"}}],\"inLanguage\":\"es\"},{\"@type\":\"Organization\",\"@id\":\"https:\\\/\\\/www.raxxa.com\\\/#organization\",\"name\":\"raxxa\",\"url\":\"https:\\\/\\\/www.raxxa.com\\\/\",\"logo\":{\"@type\":\"ImageObject\",\"inLanguage\":\"es\",\"@id\":\"https:\\\/\\\/www.raxxa.com\\\/#\\\/schema\\\/logo\\\/image\\\/\",\"url\":\"https:\\\/\\\/www.raxxa.com\\\/wp-content\\\/uploads\\\/2022\\\/07\\\/logo_v2.png\",\"contentUrl\":\"https:\\\/\\\/www.raxxa.com\\\/wp-content\\\/uploads\\\/2022\\\/07\\\/logo_v2.png\",\"width\":380,\"height\":382,\"caption\":\"raxxa\"},\"image\":{\"@id\":\"https:\\\/\\\/www.raxxa.com\\\/#\\\/schema\\\/logo\\\/image\\\/\"},\"sameAs\":[\"https:\\\/\\\/facebook.com\\\/raxxacom\"]}]}<\/script>\n<meta property=\"og:availability\" content=\"instock\" \/>\n<meta property=\"product:availability\" content=\"instock\" \/>\n<meta property=\"product:retailer_item_id\" content=\"1-185-7461-282\" \/>\n<meta property=\"product:condition\" content=\"new\" \/>\n<!-- \/ Yoast SEO Premium plugin. -->","yoast_head_json":{"title":"raxxa Postkarte: Tukan Paradies im Retro-Look: Vintage-Dschungelmuster - raxxa","robots":{"index":"index","follow":"follow","max-snippet":"max-snippet:-1","max-image-preview":"max-image-preview:large","max-video-preview":"max-video-preview:-1"},"canonical":"https:\/\/www.raxxa.com\/es\/shop\/raxxa-postkarte-tukan-paradies-im-retro-look-vintage-dschungelmuster\/","og_locale":"es_ES","og_type":"article","og_title":"raxxa Postkarte: Tukan Paradies im Retro-Look: Vintage-Dschungelmuster","og_description":"&quot;Tukan Paradies im Retro-Look: Vintage-Dschungelmuster&quot; by Uta Naumann Ein elegantes sepia-grau-gr\u00fcnes Vintage-Muster mit einem Hauch von Tropen und Exotik zeigt farbenfrohe Tukanv\u00f6gel vor einem satten gr\u00fcnen Hintergrund. Diese exotischen V\u00f6gel mit ihren leuchtenden Schn\u00e4beln und auff\u00e4lligen Federn verleihen dem Muster eine lebendige, lebhafte Note. Der Hintergrund in verschiedenen Gr\u00fcnt\u00f6nen schafft eine \u00fcppige Kulisse, die die [&hellip;]","og_url":"https:\/\/www.raxxa.com\/es\/shop\/raxxa-postkarte-tukan-paradies-im-retro-look-vintage-dschungelmuster\/","og_site_name":"raxxa","article_publisher":"https:\/\/facebook.com\/raxxacom","article_modified_time":"2025-11-03T15:42:24+00:00","og_image":[{"width":1024,"height":1024,"url":"https:\/\/www.raxxa.com\/wp-content\/uploads\/2024\/10\/raxxa-282-7461-185-Uta-Naumann-Tukan-Paradies-im-Retro-Look-Vintage-Dschungelmuster-20.jpg","type":"image\/jpeg"}],"twitter_card":"summary_large_image","twitter_misc":{"Disponibilidad":"Disponible"},"schema":{"@context":"https:\/\/schema.org","@graph":[{"@type":["WebPage","ItemPage"],"@id":"https:\/\/www.raxxa.com\/shop\/raxxa-postkarte-tukan-paradies-im-retro-look-vintage-dschungelmuster\/","url":"https:\/\/www.raxxa.com\/shop\/raxxa-postkarte-tukan-paradies-im-retro-look-vintage-dschungelmuster\/","name":"raxxa Postkarte: Tukan Paradies im Retro-Look: Vintage-Dschungelmuster - raxxa","isPartOf":{"@id":"https:\/\/www.raxxa.com\/#website"},"primaryImageOfPage":{"@id":"https:\/\/www.raxxa.com\/shop\/raxxa-postkarte-tukan-paradies-im-retro-look-vintage-dschungelmuster\/#primaryimage"},"image":{"@id":"https:\/\/www.raxxa.com\/shop\/raxxa-postkarte-tukan-paradies-im-retro-look-vintage-dschungelmuster\/#primaryimage"},"thumbnailUrl":"https:\/\/www.raxxa.com\/wp-content\/uploads\/2024\/10\/raxxa-282-7461-185-Uta-Naumann-Tukan-Paradies-im-Retro-Look-Vintage-Dschungelmuster-20.jpg","datePublished":"2024-10-16T11:49:36+00:00","dateModified":"2025-11-03T15:42:24+00:00","breadcrumb":{"@id":"https:\/\/www.raxxa.com\/shop\/raxxa-postkarte-tukan-paradies-im-retro-look-vintage-dschungelmuster\/#breadcrumb"},"inLanguage":"es","potentialAction":[{"@type":"ReadAction","target":["https:\/\/www.raxxa.com\/shop\/raxxa-postkarte-tukan-paradies-im-retro-look-vintage-dschungelmuster\/"]}]},{"@type":"ImageObject","inLanguage":"es","@id":"https:\/\/www.raxxa.com\/shop\/raxxa-postkarte-tukan-paradies-im-retro-look-vintage-dschungelmuster\/#primaryimage","url":"https:\/\/www.raxxa.com\/wp-content\/uploads\/2024\/10\/raxxa-282-7461-185-Uta-Naumann-Tukan-Paradies-im-Retro-Look-Vintage-Dschungelmuster-20.jpg","contentUrl":"https:\/\/www.raxxa.com\/wp-content\/uploads\/2024\/10\/raxxa-282-7461-185-Uta-Naumann-Tukan-Paradies-im-Retro-Look-Vintage-Dschungelmuster-20.jpg","width":1024,"height":1024},{"@type":"BreadcrumbList","@id":"https:\/\/www.raxxa.com\/shop\/raxxa-postkarte-tukan-paradies-im-retro-look-vintage-dschungelmuster\/#breadcrumb","itemListElement":[{"@type":"ListItem","position":1,"name":"Startseite","item":"https:\/\/www.raxxa.com\/"},{"@type":"ListItem","position":2,"name":"Shop","item":"https:\/\/www.raxxa.com\/it\/shop\/"},{"@type":"ListItem","position":3,"name":"raxxa Postkarte: Tukan Paradies im Retro-Look: Vintage-Dschungelmuster"}]},{"@type":"WebSite","@id":"https:\/\/www.raxxa.com\/#website","url":"https:\/\/www.raxxa.com\/","name":"raxxa","description":"Productos individuales \u00fanicos de nuestros dise\u00f1adores","publisher":{"@id":"https:\/\/www.raxxa.com\/#organization"},"potentialAction":[{"@type":"SearchAction","target":{"@type":"EntryPoint","urlTemplate":"https:\/\/www.raxxa.com\/?s={search_term_string}"},"query-input":{"@type":"PropertyValueSpecification","valueRequired":true,"valueName":"search_term_string"}}],"inLanguage":"es"},{"@type":"Organization","@id":"https:\/\/www.raxxa.com\/#organization","name":"raxxa","url":"https:\/\/www.raxxa.com\/","logo":{"@type":"ImageObject","inLanguage":"es","@id":"https:\/\/www.raxxa.com\/#\/schema\/logo\/image\/","url":"https:\/\/www.raxxa.com\/wp-content\/uploads\/2022\/07\/logo_v2.png","contentUrl":"https:\/\/www.raxxa.com\/wp-content\/uploads\/2022\/07\/logo_v2.png","width":380,"height":382,"caption":"raxxa"},"image":{"@id":"https:\/\/www.raxxa.com\/#\/schema\/logo\/image\/"},"sameAs":["https:\/\/facebook.com\/raxxacom"]}]},"og_availability":"instock","product_availability":"instock","product_retailer_item_id":"1-185-7461-282","product_condition":"new"},"jetpack_sharing_enabled":true,"_links":{"self":[{"href":"https:\/\/www.raxxa.com\/es\/wp-json\/wp\/v2\/product\/208504","targetHints":{"allow":["GET"]}}],"collection":[{"href":"https:\/\/www.raxxa.com\/es\/wp-json\/wp\/v2\/product"}],"about":[{"href":"https:\/\/www.raxxa.com\/es\/wp-json\/wp\/v2\/types\/product"}],"replies":[{"embeddable":true,"href":"https:\/\/www.raxxa.com\/es\/wp-json\/wp\/v2\/comments?post=208504"}],"wp:featuredmedia":[{"embeddable":true,"href":"https:\/\/www.raxxa.com\/es\/wp-json\/wp\/v2\/media\/256580"}],"wp:attachment":[{"href":"https:\/\/www.raxxa.com\/es\/wp-json\/wp\/v2\/media?parent=208504"}],"wp:term":[{"taxonomy":"product_brand","embeddable":true,"href":"https:\/\/www.raxxa.com\/es\/wp-json\/wp\/v2\/product_brand?post=208504"},{"taxonomy":"product_cat","embeddable":true,"href":"https:\/\/www.raxxa.com\/es\/wp-json\/wp\/v2\/product_cat?post=208504"},{"taxonomy":"product_tag","embeddable":true,"href":"https:\/\/www.raxxa.com\/es\/wp-json\/wp\/v2\/product_tag?post=208504"}],"curies":[{"name":"wp","href":"https:\/\/api.w.org\/{rel}","templated":true}]}}