{"id":208484,"date":"2024-10-16T13:48:11","date_gmt":"2024-10-16T11:48:11","guid":{"rendered":"https:\/\/www.raxxa.com\/?post_type=product&#038;p=208484"},"modified":"2025-11-03T17:44:50","modified_gmt":"2025-11-03T15:44:50","slug":"raxxa-postkarte-rosa-kakadus-im-gruenen-vintage-dschungel","status":"publish","type":"product","link":"https:\/\/www.raxxa.com\/es\/shop\/raxxa-postkarte-rosa-kakadus-im-gruenen-vintage-dschungel\/","title":{"rendered":"postal raxxa: Cacat\u00faas rosas en la selva verde vintage"},"content":{"rendered":"<h3><strong>\"Cacat\u00faas rosas en la selva verde vintage\" de Uta Naumann<\/strong><\/h3>\n<p><strong><\/strong><\/p>\n<p>Un lujoso motivo vintage de aire tropical y ex\u00f3tico presenta el encantador esplendor de peon\u00edas rojas y rosas sobre un exuberante fondo verde. Estas flores en plena floraci\u00f3n confieren al motivo una elegancia natural y una exuberante belleza. Rodeado de exuberante follaje verde y palmeras, se crea un rico tel\u00f3n de fondo tropical. Como detalle adicional, unas cacat\u00faas rosas sobrevuelan el motivo con sus coloridas plumas, aport\u00e1ndole un juguet\u00f3n exotismo. Este dise\u00f1o combina el esplendor de la naturaleza con un toque de lujo y fascinante vida salvaje, e irradia una atm\u00f3sfera atemporal y lujosa que hechiza los sentidos y recuerda a los para\u00edsos tropicales.<\/p>\n<p>&nbsp;<\/p>\n<ul><li>Imprimimos la postal que desee en blanco o con un saludo personalizado y la enviamos a cualquier persona del mundo o a usted mismo.<\/li><li>Ideal para postcrossing en l\u00ednea o felicitaciones personalizadas a sus seres queridos, amigos, familiares y conocidos.<\/li><li>Tambi\u00e9n disponible como tarjeta con motivos en blanco para recoger o enviar usted mismo.<\/li><li>Postales DIN A6 (14,8 cm x 10,5 cm).<\/li><\/ul><br><br><b>\u00bfC\u00f3mo creo\/dise\u00f1o mi postal personalizada?<\/b><br><br>1) Introduzca simplemente el texto de su mensaje o saludo (m\u00e1x. 500 caracteres).<br>2) Si desea enviar su postal para Postcrossing, introduzca el PostcrossingID.<br>En caso contrario, deje este campo vac\u00edo.<br>3) Introduzca en los campos de entrada el nombre y los apellidos, la calle + el n\u00famero de la casa, el c\u00f3digo postal, la ciudad y el pa\u00eds del destinatario deseado de la postal.<br>4) Ahora puede a\u00f1adir su postal dise\u00f1ada a la cesta de la compra y pedirla en la caja.<br><br>Ahora imprimiremos tu postal personalizada, la sellaremos y la enviaremos al destinatario que nos indiques.<br><br>Si tiene alguna pregunta, env\u00edenos un mensaje o un correo electr\u00f3nico<br>","protected":false},"excerpt":{"rendered":"<p>&quot;Rosa Kakadus im Gr\u00fcnen Vintage Dschungel&quot; by Uta Naumann Ein luxuri\u00f6ses Vintage-Muster mit tropischer und exotischer Anmutung pr\u00e4sentiert die zauberhafte Pracht von roten und rosa Pfingstrosen auf einem satten gr\u00fcnen Hintergrund. Diese Blumen in ihrer vollen Bl\u00fcte verleihen dem Muster eine nat\u00fcrliche Eleganz und ein Gef\u00fchl von \u00fcppiger Sch\u00f6nheit. Umgeben von \u00fcppigen gr\u00fcnen Bl\u00e4ttern und [&hellip;]<\/p>\n","protected":false},"featured_media":256606,"comment_status":"open","ping_status":"closed","template":"","meta":[],"product_brand":[],"product_cat":[136,11218,11884],"product_tag":[],"class_list":{"0":"post-208484","1":"product","2":"type-product","3":"status-publish","4":"has-post-thumbnail","6":"product_cat-natur","7":"product_cat-uta-naumann","8":"product_cat-postkarten","10":"first","11":"instock","12":"taxable","13":"shipping-taxable","14":"purchasable","15":"product-type-variable"},"yoast_head":"<!-- This site is optimized with the Yoast SEO Premium plugin v27.4 (Yoast SEO v27.4) - https:\/\/yoast.com\/product\/yoast-seo-premium-wordpress\/ -->\n<title>raxxa Postkarte: Rosa Kakadus im Gr\u00fcnen Vintage Dschungel - raxxa<\/title>\n<meta name=\"robots\" content=\"index, follow, max-snippet:-1, max-image-preview:large, max-video-preview:-1\" \/>\n<link rel=\"canonical\" href=\"https:\/\/www.raxxa.com\/es\/shop\/raxxa-postkarte-rosa-kakadus-im-gruenen-vintage-dschungel\/\" \/>\n<meta property=\"og:locale\" content=\"es_ES\" \/>\n<meta property=\"og:type\" content=\"article\" \/>\n<meta property=\"og:title\" content=\"raxxa Postkarte: Rosa Kakadus im Gr\u00fcnen Vintage Dschungel\" \/>\n<meta property=\"og:description\" content=\"&quot;Rosa Kakadus im Gr\u00fcnen Vintage Dschungel&quot; by Uta Naumann Ein luxuri\u00f6ses Vintage-Muster mit tropischer und exotischer Anmutung pr\u00e4sentiert die zauberhafte Pracht von roten und rosa Pfingstrosen auf einem satten gr\u00fcnen Hintergrund. Diese Blumen in ihrer vollen Bl\u00fcte verleihen dem Muster eine nat\u00fcrliche Eleganz und ein Gef\u00fchl von \u00fcppiger Sch\u00f6nheit. Umgeben von \u00fcppigen gr\u00fcnen Bl\u00e4ttern und [&hellip;]\" \/>\n<meta property=\"og:url\" content=\"https:\/\/www.raxxa.com\/es\/shop\/raxxa-postkarte-rosa-kakadus-im-gruenen-vintage-dschungel\/\" \/>\n<meta property=\"og:site_name\" content=\"raxxa\" \/>\n<meta property=\"article:publisher\" content=\"https:\/\/facebook.com\/raxxacom\" \/>\n<meta property=\"article:modified_time\" content=\"2025-11-03T15:44:50+00:00\" \/>\n<meta property=\"og:image\" content=\"https:\/\/www.raxxa.com\/wp-content\/uploads\/2024\/10\/raxxa-282-7456-185-Uta-Naumann-Rosa-Kakadus-im-Gruenen-Vintage-Dschungel-23-scaled.jpg\" \/>\n\t<meta property=\"og:image:width\" content=\"2560\" \/>\n\t<meta property=\"og:image:height\" content=\"1920\" \/>\n\t<meta property=\"og:image:type\" content=\"image\/jpeg\" \/>\n<meta name=\"twitter:card\" content=\"summary_large_image\" \/>\n<meta name=\"twitter:label1\" content=\"Disponibilidad\" \/>\n\t<meta name=\"twitter:data1\" content=\"Disponible\" \/>\n<script type=\"application\/ld+json\" class=\"yoast-schema-graph\">{\"@context\":\"https:\\\/\\\/schema.org\",\"@graph\":[{\"@type\":[\"WebPage\",\"ItemPage\"],\"@id\":\"https:\\\/\\\/www.raxxa.com\\\/shop\\\/raxxa-postkarte-rosa-kakadus-im-gruenen-vintage-dschungel\\\/\",\"url\":\"https:\\\/\\\/www.raxxa.com\\\/shop\\\/raxxa-postkarte-rosa-kakadus-im-gruenen-vintage-dschungel\\\/\",\"name\":\"raxxa Postkarte: Rosa Kakadus im Gr\u00fcnen Vintage Dschungel - raxxa\",\"isPartOf\":{\"@id\":\"https:\\\/\\\/www.raxxa.com\\\/#website\"},\"primaryImageOfPage\":{\"@id\":\"https:\\\/\\\/www.raxxa.com\\\/shop\\\/raxxa-postkarte-rosa-kakadus-im-gruenen-vintage-dschungel\\\/#primaryimage\"},\"image\":{\"@id\":\"https:\\\/\\\/www.raxxa.com\\\/shop\\\/raxxa-postkarte-rosa-kakadus-im-gruenen-vintage-dschungel\\\/#primaryimage\"},\"thumbnailUrl\":\"https:\\\/\\\/www.raxxa.com\\\/wp-content\\\/uploads\\\/2024\\\/10\\\/raxxa-282-7456-185-Uta-Naumann-Rosa-Kakadus-im-Gruenen-Vintage-Dschungel-23-scaled.jpg\",\"datePublished\":\"2024-10-16T11:48:11+00:00\",\"dateModified\":\"2025-11-03T15:44:50+00:00\",\"breadcrumb\":{\"@id\":\"https:\\\/\\\/www.raxxa.com\\\/shop\\\/raxxa-postkarte-rosa-kakadus-im-gruenen-vintage-dschungel\\\/#breadcrumb\"},\"inLanguage\":\"es\",\"potentialAction\":[{\"@type\":\"ReadAction\",\"target\":[\"https:\\\/\\\/www.raxxa.com\\\/shop\\\/raxxa-postkarte-rosa-kakadus-im-gruenen-vintage-dschungel\\\/\"]}]},{\"@type\":\"ImageObject\",\"inLanguage\":\"es\",\"@id\":\"https:\\\/\\\/www.raxxa.com\\\/shop\\\/raxxa-postkarte-rosa-kakadus-im-gruenen-vintage-dschungel\\\/#primaryimage\",\"url\":\"https:\\\/\\\/www.raxxa.com\\\/wp-content\\\/uploads\\\/2024\\\/10\\\/raxxa-282-7456-185-Uta-Naumann-Rosa-Kakadus-im-Gruenen-Vintage-Dschungel-23-scaled.jpg\",\"contentUrl\":\"https:\\\/\\\/www.raxxa.com\\\/wp-content\\\/uploads\\\/2024\\\/10\\\/raxxa-282-7456-185-Uta-Naumann-Rosa-Kakadus-im-Gruenen-Vintage-Dschungel-23-scaled.jpg\",\"width\":2560,\"height\":1920},{\"@type\":\"BreadcrumbList\",\"@id\":\"https:\\\/\\\/www.raxxa.com\\\/shop\\\/raxxa-postkarte-rosa-kakadus-im-gruenen-vintage-dschungel\\\/#breadcrumb\",\"itemListElement\":[{\"@type\":\"ListItem\",\"position\":1,\"name\":\"Startseite\",\"item\":\"https:\\\/\\\/www.raxxa.com\\\/\"},{\"@type\":\"ListItem\",\"position\":2,\"name\":\"Shop\",\"item\":\"https:\\\/\\\/www.raxxa.com\\\/it\\\/shop\\\/\"},{\"@type\":\"ListItem\",\"position\":3,\"name\":\"raxxa Postkarte: Rosa Kakadus im Gr\u00fcnen Vintage Dschungel\"}]},{\"@type\":\"WebSite\",\"@id\":\"https:\\\/\\\/www.raxxa.com\\\/#website\",\"url\":\"https:\\\/\\\/www.raxxa.com\\\/\",\"name\":\"raxxa\",\"description\":\"Einzigartige individuelle Produkte von unseren Designern\",\"publisher\":{\"@id\":\"https:\\\/\\\/www.raxxa.com\\\/#organization\"},\"potentialAction\":[{\"@type\":\"SearchAction\",\"target\":{\"@type\":\"EntryPoint\",\"urlTemplate\":\"https:\\\/\\\/www.raxxa.com\\\/?s={search_term_string}\"},\"query-input\":{\"@type\":\"PropertyValueSpecification\",\"valueRequired\":true,\"valueName\":\"search_term_string\"}}],\"inLanguage\":\"es\"},{\"@type\":\"Organization\",\"@id\":\"https:\\\/\\\/www.raxxa.com\\\/#organization\",\"name\":\"raxxa\",\"url\":\"https:\\\/\\\/www.raxxa.com\\\/\",\"logo\":{\"@type\":\"ImageObject\",\"inLanguage\":\"es\",\"@id\":\"https:\\\/\\\/www.raxxa.com\\\/#\\\/schema\\\/logo\\\/image\\\/\",\"url\":\"https:\\\/\\\/www.raxxa.com\\\/wp-content\\\/uploads\\\/2022\\\/07\\\/logo_v2.png\",\"contentUrl\":\"https:\\\/\\\/www.raxxa.com\\\/wp-content\\\/uploads\\\/2022\\\/07\\\/logo_v2.png\",\"width\":380,\"height\":382,\"caption\":\"raxxa\"},\"image\":{\"@id\":\"https:\\\/\\\/www.raxxa.com\\\/#\\\/schema\\\/logo\\\/image\\\/\"},\"sameAs\":[\"https:\\\/\\\/facebook.com\\\/raxxacom\"]}]}<\/script>\n<meta property=\"og:availability\" content=\"instock\" \/>\n<meta property=\"product:availability\" content=\"instock\" \/>\n<meta property=\"product:retailer_item_id\" content=\"1-185-7456-282\" \/>\n<meta property=\"product:condition\" content=\"new\" \/>\n<!-- \/ Yoast SEO Premium plugin. -->","yoast_head_json":{"title":"raxxa Postkarte: Rosa Kakadus im Gr\u00fcnen Vintage Dschungel - raxxa","robots":{"index":"index","follow":"follow","max-snippet":"max-snippet:-1","max-image-preview":"max-image-preview:large","max-video-preview":"max-video-preview:-1"},"canonical":"https:\/\/www.raxxa.com\/es\/shop\/raxxa-postkarte-rosa-kakadus-im-gruenen-vintage-dschungel\/","og_locale":"es_ES","og_type":"article","og_title":"raxxa Postkarte: Rosa Kakadus im Gr\u00fcnen Vintage Dschungel","og_description":"&quot;Rosa Kakadus im Gr\u00fcnen Vintage Dschungel&quot; by Uta Naumann Ein luxuri\u00f6ses Vintage-Muster mit tropischer und exotischer Anmutung pr\u00e4sentiert die zauberhafte Pracht von roten und rosa Pfingstrosen auf einem satten gr\u00fcnen Hintergrund. Diese Blumen in ihrer vollen Bl\u00fcte verleihen dem Muster eine nat\u00fcrliche Eleganz und ein Gef\u00fchl von \u00fcppiger Sch\u00f6nheit. Umgeben von \u00fcppigen gr\u00fcnen Bl\u00e4ttern und [&hellip;]","og_url":"https:\/\/www.raxxa.com\/es\/shop\/raxxa-postkarte-rosa-kakadus-im-gruenen-vintage-dschungel\/","og_site_name":"raxxa","article_publisher":"https:\/\/facebook.com\/raxxacom","article_modified_time":"2025-11-03T15:44:50+00:00","og_image":[{"width":2560,"height":1920,"url":"https:\/\/www.raxxa.com\/wp-content\/uploads\/2024\/10\/raxxa-282-7456-185-Uta-Naumann-Rosa-Kakadus-im-Gruenen-Vintage-Dschungel-23-scaled.jpg","type":"image\/jpeg"}],"twitter_card":"summary_large_image","twitter_misc":{"Disponibilidad":"Disponible"},"schema":{"@context":"https:\/\/schema.org","@graph":[{"@type":["WebPage","ItemPage"],"@id":"https:\/\/www.raxxa.com\/shop\/raxxa-postkarte-rosa-kakadus-im-gruenen-vintage-dschungel\/","url":"https:\/\/www.raxxa.com\/shop\/raxxa-postkarte-rosa-kakadus-im-gruenen-vintage-dschungel\/","name":"raxxa Postkarte: Rosa Kakadus im Gr\u00fcnen Vintage Dschungel - raxxa","isPartOf":{"@id":"https:\/\/www.raxxa.com\/#website"},"primaryImageOfPage":{"@id":"https:\/\/www.raxxa.com\/shop\/raxxa-postkarte-rosa-kakadus-im-gruenen-vintage-dschungel\/#primaryimage"},"image":{"@id":"https:\/\/www.raxxa.com\/shop\/raxxa-postkarte-rosa-kakadus-im-gruenen-vintage-dschungel\/#primaryimage"},"thumbnailUrl":"https:\/\/www.raxxa.com\/wp-content\/uploads\/2024\/10\/raxxa-282-7456-185-Uta-Naumann-Rosa-Kakadus-im-Gruenen-Vintage-Dschungel-23-scaled.jpg","datePublished":"2024-10-16T11:48:11+00:00","dateModified":"2025-11-03T15:44:50+00:00","breadcrumb":{"@id":"https:\/\/www.raxxa.com\/shop\/raxxa-postkarte-rosa-kakadus-im-gruenen-vintage-dschungel\/#breadcrumb"},"inLanguage":"es","potentialAction":[{"@type":"ReadAction","target":["https:\/\/www.raxxa.com\/shop\/raxxa-postkarte-rosa-kakadus-im-gruenen-vintage-dschungel\/"]}]},{"@type":"ImageObject","inLanguage":"es","@id":"https:\/\/www.raxxa.com\/shop\/raxxa-postkarte-rosa-kakadus-im-gruenen-vintage-dschungel\/#primaryimage","url":"https:\/\/www.raxxa.com\/wp-content\/uploads\/2024\/10\/raxxa-282-7456-185-Uta-Naumann-Rosa-Kakadus-im-Gruenen-Vintage-Dschungel-23-scaled.jpg","contentUrl":"https:\/\/www.raxxa.com\/wp-content\/uploads\/2024\/10\/raxxa-282-7456-185-Uta-Naumann-Rosa-Kakadus-im-Gruenen-Vintage-Dschungel-23-scaled.jpg","width":2560,"height":1920},{"@type":"BreadcrumbList","@id":"https:\/\/www.raxxa.com\/shop\/raxxa-postkarte-rosa-kakadus-im-gruenen-vintage-dschungel\/#breadcrumb","itemListElement":[{"@type":"ListItem","position":1,"name":"Startseite","item":"https:\/\/www.raxxa.com\/"},{"@type":"ListItem","position":2,"name":"Shop","item":"https:\/\/www.raxxa.com\/it\/shop\/"},{"@type":"ListItem","position":3,"name":"raxxa Postkarte: Rosa Kakadus im Gr\u00fcnen Vintage Dschungel"}]},{"@type":"WebSite","@id":"https:\/\/www.raxxa.com\/#website","url":"https:\/\/www.raxxa.com\/","name":"raxxa","description":"Productos individuales \u00fanicos de nuestros dise\u00f1adores","publisher":{"@id":"https:\/\/www.raxxa.com\/#organization"},"potentialAction":[{"@type":"SearchAction","target":{"@type":"EntryPoint","urlTemplate":"https:\/\/www.raxxa.com\/?s={search_term_string}"},"query-input":{"@type":"PropertyValueSpecification","valueRequired":true,"valueName":"search_term_string"}}],"inLanguage":"es"},{"@type":"Organization","@id":"https:\/\/www.raxxa.com\/#organization","name":"raxxa","url":"https:\/\/www.raxxa.com\/","logo":{"@type":"ImageObject","inLanguage":"es","@id":"https:\/\/www.raxxa.com\/#\/schema\/logo\/image\/","url":"https:\/\/www.raxxa.com\/wp-content\/uploads\/2022\/07\/logo_v2.png","contentUrl":"https:\/\/www.raxxa.com\/wp-content\/uploads\/2022\/07\/logo_v2.png","width":380,"height":382,"caption":"raxxa"},"image":{"@id":"https:\/\/www.raxxa.com\/#\/schema\/logo\/image\/"},"sameAs":["https:\/\/facebook.com\/raxxacom"]}]},"og_availability":"instock","product_availability":"instock","product_retailer_item_id":"1-185-7456-282","product_condition":"new"},"jetpack_sharing_enabled":true,"_links":{"self":[{"href":"https:\/\/www.raxxa.com\/es\/wp-json\/wp\/v2\/product\/208484","targetHints":{"allow":["GET"]}}],"collection":[{"href":"https:\/\/www.raxxa.com\/es\/wp-json\/wp\/v2\/product"}],"about":[{"href":"https:\/\/www.raxxa.com\/es\/wp-json\/wp\/v2\/types\/product"}],"replies":[{"embeddable":true,"href":"https:\/\/www.raxxa.com\/es\/wp-json\/wp\/v2\/comments?post=208484"}],"wp:featuredmedia":[{"embeddable":true,"href":"https:\/\/www.raxxa.com\/es\/wp-json\/wp\/v2\/media\/256606"}],"wp:attachment":[{"href":"https:\/\/www.raxxa.com\/es\/wp-json\/wp\/v2\/media?parent=208484"}],"wp:term":[{"taxonomy":"product_brand","embeddable":true,"href":"https:\/\/www.raxxa.com\/es\/wp-json\/wp\/v2\/product_brand?post=208484"},{"taxonomy":"product_cat","embeddable":true,"href":"https:\/\/www.raxxa.com\/es\/wp-json\/wp\/v2\/product_cat?post=208484"},{"taxonomy":"product_tag","embeddable":true,"href":"https:\/\/www.raxxa.com\/es\/wp-json\/wp\/v2\/product_tag?post=208484"}],"curies":[{"name":"wp","href":"https:\/\/api.w.org\/{rel}","templated":true}]}}