{"id":201359,"date":"2024-07-29T08:15:00","date_gmt":"2024-07-29T06:15:00","guid":{"rendered":"https:\/\/www.raxxa.com\/?post_type=product&#038;p=201359"},"modified":"2025-11-03T11:56:12","modified_gmt":"2025-11-03T09:56:12","slug":"raxxa-premium-tischset-poppies-on-lombard-street","status":"publish","type":"product","link":"https:\/\/www.raxxa.com\/es\/shop\/raxxa-premium-tischset-poppies-on-lombard-street\/","title":{"rendered":"mantel individual raxxa premium: Amapolas en la calle Lombard"},"content":{"rendered":"<h3><strong>\"Amapolas en la calle Lombard\" de Sylvia Eder<\/strong><\/h3>\n<p><strong><\/strong><\/p>\n<p>San Francisco, Lombard Street: Aqu\u00ed florecen amapolas blancas brillantes en competencia con hortensias rosa p\u00e1lido. Esta composici\u00f3n floral, tal como se ve en la famosa calle serpenteante, a\u00f1ade una refrescante elegancia y un toque de esplendor natural a cualquier hogar. Las flores armonizan a la perfecci\u00f3n, creando un espect\u00e1culo visual que realza la belleza de su hogar.<\/p>\n<p>&nbsp;<\/p>\nAlegra tu comedor con los coloridos manteles individuales de vinilo de nuestros artistas. Estos manteles individuales impresos por una cara est\u00e1n fabricados con un material resistente y son perfectos para dar un toque de color a tu mesa. Con unas medidas de 40 x 30 cm, tienen el tama\u00f1o justo para cualquier vajilla. Embellece tus comidas con estilo y practicidad.<br><br>Notas de material:<br><ul><li>40 x 30 cm.<\/li><li>aprox. 1,6 mm de grosor.<\/li><li>Vinilo.<\/li><li>Limpiar con un pa\u00f1o h\u00famedo, no apto para el lavavajillas.<\/li><li>Fabricado en Alemania.<\/li><\/ul>","protected":false},"excerpt":{"rendered":"<p>&quot;Poppies on Lombard Street&quot; by Sylvia Eder San Francisco, Lombard Street: Hier bl\u00fchen leuchtend wei\u00dfe Mohnbl\u00fcten mit zartrosafarbenen Hortensien um die Wette. Diese florale Komposition, so gesehen in der ber\u00fchmten, kurvenreichen Stra\u00dfe, verleiht jedem Heim eine erfrischende Eleganz und einen Hauch von nat\u00fcrlicher Pracht. Die Bl\u00fcten harmonieren perfekt und schaffen ein visuelles Fest, das die [&hellip;]<\/p>\n","protected":false},"featured_media":254999,"comment_status":"open","ping_status":"closed","template":"","meta":[],"product_brand":[],"product_cat":[137,12201,11051],"product_tag":[12412],"class_list":{"0":"post-201359","1":"product","2":"type-product","3":"status-publish","4":"has-post-thumbnail","6":"product_cat-abstrakt","7":"product_cat-sylvia-eder","8":"product_cat-tischset","9":"product_tag-hortensienundmohnblueen-rosahortensien-weissemohnblumen-blueenderlombardtstreet-zeitlosekunst-bluetenkunst-abstrakt-kunst-art-malen-mohnblueten","10":"product_shipping_class-versand-tischset","12":"first","13":"instock","14":"taxable","15":"shipping-taxable","16":"purchasable","17":"product-type-variable"},"yoast_head":"<!-- This site is optimized with the Yoast SEO Premium plugin v27.2 (Yoast SEO v27.3) - https:\/\/yoast.com\/product\/yoast-seo-premium-wordpress\/ -->\n<title>raxxa Premium-Tischset: Poppies on Lombard Street - raxxa<\/title>\n<meta name=\"robots\" content=\"index, follow, max-snippet:-1, max-image-preview:large, max-video-preview:-1\" \/>\n<link rel=\"canonical\" href=\"https:\/\/www.raxxa.com\/es\/shop\/raxxa-premium-tischset-poppies-on-lombard-street\/\" \/>\n<meta property=\"og:locale\" content=\"es_ES\" \/>\n<meta property=\"og:type\" content=\"article\" \/>\n<meta property=\"og:title\" content=\"raxxa Premium-Tischset: Poppies on Lombard Street\" \/>\n<meta property=\"og:description\" content=\"&quot;Poppies on Lombard Street&quot; by Sylvia Eder San Francisco, Lombard Street: Hier bl\u00fchen leuchtend wei\u00dfe Mohnbl\u00fcten mit zartrosafarbenen Hortensien um die Wette. Diese florale Komposition, so gesehen in der ber\u00fchmten, kurvenreichen Stra\u00dfe, verleiht jedem Heim eine erfrischende Eleganz und einen Hauch von nat\u00fcrlicher Pracht. Die Bl\u00fcten harmonieren perfekt und schaffen ein visuelles Fest, das die [&hellip;]\" \/>\n<meta property=\"og:url\" content=\"https:\/\/www.raxxa.com\/es\/shop\/raxxa-premium-tischset-poppies-on-lombard-street\/\" \/>\n<meta property=\"og:site_name\" content=\"raxxa\" \/>\n<meta property=\"article:publisher\" content=\"https:\/\/facebook.com\/raxxacom\" \/>\n<meta property=\"article:modified_time\" content=\"2025-11-03T09:56:12+00:00\" \/>\n<meta property=\"og:image\" content=\"https:\/\/www.raxxa.com\/wp-content\/uploads\/2024\/07\/315_16979_Poppies-on-Lombard-Street-Sylvia-Eder_tischset3_shop-1024x790.png\" \/>\n\t<meta property=\"og:image:width\" content=\"1024\" \/>\n\t<meta property=\"og:image:height\" content=\"790\" \/>\n\t<meta property=\"og:image:type\" content=\"image\/png\" \/>\n<meta name=\"twitter:card\" content=\"summary_large_image\" \/>\n<meta name=\"twitter:label1\" content=\"Disponibilidad\" \/>\n\t<meta name=\"twitter:data1\" content=\"Disponible\" \/>\n<script type=\"application\/ld+json\" class=\"yoast-schema-graph\">{\"@context\":\"https:\\\/\\\/schema.org\",\"@graph\":[{\"@type\":[\"WebPage\",\"ItemPage\"],\"@id\":\"https:\\\/\\\/www.raxxa.com\\\/shop\\\/raxxa-premium-tischset-poppies-on-lombard-street\\\/\",\"url\":\"https:\\\/\\\/www.raxxa.com\\\/shop\\\/raxxa-premium-tischset-poppies-on-lombard-street\\\/\",\"name\":\"raxxa Premium-Tischset: Poppies on Lombard Street - raxxa\",\"isPartOf\":{\"@id\":\"https:\\\/\\\/www.raxxa.com\\\/#website\"},\"primaryImageOfPage\":{\"@id\":\"https:\\\/\\\/www.raxxa.com\\\/shop\\\/raxxa-premium-tischset-poppies-on-lombard-street\\\/#primaryimage\"},\"image\":{\"@id\":\"https:\\\/\\\/www.raxxa.com\\\/shop\\\/raxxa-premium-tischset-poppies-on-lombard-street\\\/#primaryimage\"},\"thumbnailUrl\":\"https:\\\/\\\/www.raxxa.com\\\/wp-content\\\/uploads\\\/2024\\\/07\\\/315_16979_Poppies-on-Lombard-Street-Sylvia-Eder_tischset3_shop-scaled.png\",\"datePublished\":\"2024-07-29T06:15:00+00:00\",\"dateModified\":\"2025-11-03T09:56:12+00:00\",\"breadcrumb\":{\"@id\":\"https:\\\/\\\/www.raxxa.com\\\/shop\\\/raxxa-premium-tischset-poppies-on-lombard-street\\\/#breadcrumb\"},\"inLanguage\":\"es\",\"potentialAction\":[{\"@type\":\"ReadAction\",\"target\":[\"https:\\\/\\\/www.raxxa.com\\\/shop\\\/raxxa-premium-tischset-poppies-on-lombard-street\\\/\"]}]},{\"@type\":\"ImageObject\",\"inLanguage\":\"es\",\"@id\":\"https:\\\/\\\/www.raxxa.com\\\/shop\\\/raxxa-premium-tischset-poppies-on-lombard-street\\\/#primaryimage\",\"url\":\"https:\\\/\\\/www.raxxa.com\\\/wp-content\\\/uploads\\\/2024\\\/07\\\/315_16979_Poppies-on-Lombard-Street-Sylvia-Eder_tischset3_shop-scaled.png\",\"contentUrl\":\"https:\\\/\\\/www.raxxa.com\\\/wp-content\\\/uploads\\\/2024\\\/07\\\/315_16979_Poppies-on-Lombard-Street-Sylvia-Eder_tischset3_shop-scaled.png\",\"width\":2560,\"height\":1974},{\"@type\":\"BreadcrumbList\",\"@id\":\"https:\\\/\\\/www.raxxa.com\\\/shop\\\/raxxa-premium-tischset-poppies-on-lombard-street\\\/#breadcrumb\",\"itemListElement\":[{\"@type\":\"ListItem\",\"position\":1,\"name\":\"Startseite\",\"item\":\"https:\\\/\\\/www.raxxa.com\\\/\"},{\"@type\":\"ListItem\",\"position\":2,\"name\":\"Shop\",\"item\":\"https:\\\/\\\/www.raxxa.com\\\/it\\\/shop\\\/\"},{\"@type\":\"ListItem\",\"position\":3,\"name\":\"raxxa Premium-Tischset: Poppies on Lombard Street\"}]},{\"@type\":\"WebSite\",\"@id\":\"https:\\\/\\\/www.raxxa.com\\\/#website\",\"url\":\"https:\\\/\\\/www.raxxa.com\\\/\",\"name\":\"raxxa\",\"description\":\"Einzigartige individuelle Produkte von unseren Designern\",\"publisher\":{\"@id\":\"https:\\\/\\\/www.raxxa.com\\\/#organization\"},\"potentialAction\":[{\"@type\":\"SearchAction\",\"target\":{\"@type\":\"EntryPoint\",\"urlTemplate\":\"https:\\\/\\\/www.raxxa.com\\\/?s={search_term_string}\"},\"query-input\":{\"@type\":\"PropertyValueSpecification\",\"valueRequired\":true,\"valueName\":\"search_term_string\"}}],\"inLanguage\":\"es\"},{\"@type\":\"Organization\",\"@id\":\"https:\\\/\\\/www.raxxa.com\\\/#organization\",\"name\":\"raxxa\",\"url\":\"https:\\\/\\\/www.raxxa.com\\\/\",\"logo\":{\"@type\":\"ImageObject\",\"inLanguage\":\"es\",\"@id\":\"https:\\\/\\\/www.raxxa.com\\\/#\\\/schema\\\/logo\\\/image\\\/\",\"url\":\"https:\\\/\\\/www.raxxa.com\\\/wp-content\\\/uploads\\\/2022\\\/07\\\/logo_v2.png\",\"contentUrl\":\"https:\\\/\\\/www.raxxa.com\\\/wp-content\\\/uploads\\\/2022\\\/07\\\/logo_v2.png\",\"width\":380,\"height\":382,\"caption\":\"raxxa\"},\"image\":{\"@id\":\"https:\\\/\\\/www.raxxa.com\\\/#\\\/schema\\\/logo\\\/image\\\/\"},\"sameAs\":[\"https:\\\/\\\/facebook.com\\\/raxxacom\"]}]}<\/script>\n<meta property=\"og:availability\" content=\"instock\" \/>\n<meta property=\"product:availability\" content=\"instock\" \/>\n<meta property=\"product:retailer_item_id\" content=\"1-6-16979-315\" \/>\n<meta property=\"product:condition\" content=\"new\" \/>\n<!-- \/ Yoast SEO Premium plugin. -->","yoast_head_json":{"title":"raxxa Premium-Tischset: Poppies on Lombard Street - raxxa","robots":{"index":"index","follow":"follow","max-snippet":"max-snippet:-1","max-image-preview":"max-image-preview:large","max-video-preview":"max-video-preview:-1"},"canonical":"https:\/\/www.raxxa.com\/es\/shop\/raxxa-premium-tischset-poppies-on-lombard-street\/","og_locale":"es_ES","og_type":"article","og_title":"raxxa Premium-Tischset: Poppies on Lombard Street","og_description":"&quot;Poppies on Lombard Street&quot; by Sylvia Eder San Francisco, Lombard Street: Hier bl\u00fchen leuchtend wei\u00dfe Mohnbl\u00fcten mit zartrosafarbenen Hortensien um die Wette. Diese florale Komposition, so gesehen in der ber\u00fchmten, kurvenreichen Stra\u00dfe, verleiht jedem Heim eine erfrischende Eleganz und einen Hauch von nat\u00fcrlicher Pracht. Die Bl\u00fcten harmonieren perfekt und schaffen ein visuelles Fest, das die [&hellip;]","og_url":"https:\/\/www.raxxa.com\/es\/shop\/raxxa-premium-tischset-poppies-on-lombard-street\/","og_site_name":"raxxa","article_publisher":"https:\/\/facebook.com\/raxxacom","article_modified_time":"2025-11-03T09:56:12+00:00","og_image":[{"width":1024,"height":790,"url":"https:\/\/www.raxxa.com\/wp-content\/uploads\/2024\/07\/315_16979_Poppies-on-Lombard-Street-Sylvia-Eder_tischset3_shop-1024x790.png","type":"image\/png"}],"twitter_card":"summary_large_image","twitter_misc":{"Disponibilidad":"Disponible"},"schema":{"@context":"https:\/\/schema.org","@graph":[{"@type":["WebPage","ItemPage"],"@id":"https:\/\/www.raxxa.com\/shop\/raxxa-premium-tischset-poppies-on-lombard-street\/","url":"https:\/\/www.raxxa.com\/shop\/raxxa-premium-tischset-poppies-on-lombard-street\/","name":"raxxa Premium-Tischset: Poppies on Lombard Street - raxxa","isPartOf":{"@id":"https:\/\/www.raxxa.com\/#website"},"primaryImageOfPage":{"@id":"https:\/\/www.raxxa.com\/shop\/raxxa-premium-tischset-poppies-on-lombard-street\/#primaryimage"},"image":{"@id":"https:\/\/www.raxxa.com\/shop\/raxxa-premium-tischset-poppies-on-lombard-street\/#primaryimage"},"thumbnailUrl":"https:\/\/www.raxxa.com\/wp-content\/uploads\/2024\/07\/315_16979_Poppies-on-Lombard-Street-Sylvia-Eder_tischset3_shop-scaled.png","datePublished":"2024-07-29T06:15:00+00:00","dateModified":"2025-11-03T09:56:12+00:00","breadcrumb":{"@id":"https:\/\/www.raxxa.com\/shop\/raxxa-premium-tischset-poppies-on-lombard-street\/#breadcrumb"},"inLanguage":"es","potentialAction":[{"@type":"ReadAction","target":["https:\/\/www.raxxa.com\/shop\/raxxa-premium-tischset-poppies-on-lombard-street\/"]}]},{"@type":"ImageObject","inLanguage":"es","@id":"https:\/\/www.raxxa.com\/shop\/raxxa-premium-tischset-poppies-on-lombard-street\/#primaryimage","url":"https:\/\/www.raxxa.com\/wp-content\/uploads\/2024\/07\/315_16979_Poppies-on-Lombard-Street-Sylvia-Eder_tischset3_shop-scaled.png","contentUrl":"https:\/\/www.raxxa.com\/wp-content\/uploads\/2024\/07\/315_16979_Poppies-on-Lombard-Street-Sylvia-Eder_tischset3_shop-scaled.png","width":2560,"height":1974},{"@type":"BreadcrumbList","@id":"https:\/\/www.raxxa.com\/shop\/raxxa-premium-tischset-poppies-on-lombard-street\/#breadcrumb","itemListElement":[{"@type":"ListItem","position":1,"name":"Startseite","item":"https:\/\/www.raxxa.com\/"},{"@type":"ListItem","position":2,"name":"Shop","item":"https:\/\/www.raxxa.com\/it\/shop\/"},{"@type":"ListItem","position":3,"name":"raxxa Premium-Tischset: Poppies on Lombard Street"}]},{"@type":"WebSite","@id":"https:\/\/www.raxxa.com\/#website","url":"https:\/\/www.raxxa.com\/","name":"raxxa","description":"Productos individuales \u00fanicos de nuestros dise\u00f1adores","publisher":{"@id":"https:\/\/www.raxxa.com\/#organization"},"potentialAction":[{"@type":"SearchAction","target":{"@type":"EntryPoint","urlTemplate":"https:\/\/www.raxxa.com\/?s={search_term_string}"},"query-input":{"@type":"PropertyValueSpecification","valueRequired":true,"valueName":"search_term_string"}}],"inLanguage":"es"},{"@type":"Organization","@id":"https:\/\/www.raxxa.com\/#organization","name":"raxxa","url":"https:\/\/www.raxxa.com\/","logo":{"@type":"ImageObject","inLanguage":"es","@id":"https:\/\/www.raxxa.com\/#\/schema\/logo\/image\/","url":"https:\/\/www.raxxa.com\/wp-content\/uploads\/2022\/07\/logo_v2.png","contentUrl":"https:\/\/www.raxxa.com\/wp-content\/uploads\/2022\/07\/logo_v2.png","width":380,"height":382,"caption":"raxxa"},"image":{"@id":"https:\/\/www.raxxa.com\/#\/schema\/logo\/image\/"},"sameAs":["https:\/\/facebook.com\/raxxacom"]}]},"og_availability":"instock","product_availability":"instock","product_retailer_item_id":"1-6-16979-315","product_condition":"new"},"jetpack_sharing_enabled":true,"_links":{"self":[{"href":"https:\/\/www.raxxa.com\/es\/wp-json\/wp\/v2\/product\/201359","targetHints":{"allow":["GET"]}}],"collection":[{"href":"https:\/\/www.raxxa.com\/es\/wp-json\/wp\/v2\/product"}],"about":[{"href":"https:\/\/www.raxxa.com\/es\/wp-json\/wp\/v2\/types\/product"}],"replies":[{"embeddable":true,"href":"https:\/\/www.raxxa.com\/es\/wp-json\/wp\/v2\/comments?post=201359"}],"wp:featuredmedia":[{"embeddable":true,"href":"https:\/\/www.raxxa.com\/es\/wp-json\/wp\/v2\/media\/254999"}],"wp:attachment":[{"href":"https:\/\/www.raxxa.com\/es\/wp-json\/wp\/v2\/media?parent=201359"}],"wp:term":[{"taxonomy":"product_brand","embeddable":true,"href":"https:\/\/www.raxxa.com\/es\/wp-json\/wp\/v2\/product_brand?post=201359"},{"taxonomy":"product_cat","embeddable":true,"href":"https:\/\/www.raxxa.com\/es\/wp-json\/wp\/v2\/product_cat?post=201359"},{"taxonomy":"product_tag","embeddable":true,"href":"https:\/\/www.raxxa.com\/es\/wp-json\/wp\/v2\/product_tag?post=201359"}],"curies":[{"name":"wp","href":"https:\/\/api.w.org\/{rel}","templated":true}]}}