{"id":198907,"date":"2024-07-25T08:01:45","date_gmt":"2024-07-25T06:01:45","guid":{"rendered":"https:\/\/www.raxxa.com\/?post_type=product&#038;p=198907"},"modified":"2025-11-03T14:34:38","modified_gmt":"2025-11-03T12:34:38","slug":"raxxa-premium-tischset-skyline-berlin","status":"publish","type":"product","link":"https:\/\/www.raxxa.com\/es\/shop\/raxxa-premium-tischset-skyline-berlin\/","title":{"rendered":"mantel individual raxxa premium: Skyline Berlin"},"content":{"rendered":"<h3><strong>\"Skyline Berl\u00edn\" de Lara Urban<\/strong><\/h3>\n<p><strong><\/strong><\/p>\n<p>El horizonte de Berl\u00edn es un impresionante conjunto de rascacielos modernos, edificios hist\u00f3ricos y lugares emblem\u00e1ticos. En estilo line art, se convierte en la esencia pura de las l\u00edneas y las formas. Los contornos n\u00edtidos de la parte superior de la torre de televisi\u00f3n, la silueta de la Puerta de Brandemburgo y las l\u00edneas curvas del r\u00edo Spree se funden en una obra de arte minimalista.<\/p>\n<p>&nbsp;<\/p>\nAlegra tu comedor con los coloridos manteles individuales de vinilo de nuestros artistas. Estos manteles individuales impresos por una cara est\u00e1n fabricados con un material resistente y son perfectos para dar un toque de color a tu mesa. Con unas medidas de 40 x 30 cm, tienen el tama\u00f1o justo para cualquier vajilla. Embellece tus comidas con estilo y practicidad.<br><br>Notas de material:<br><ul><li>40 x 30 cm.<\/li><li>aprox. 1,6 mm de grosor.<\/li><li>Vinilo.<\/li><li>Limpiar con un pa\u00f1o h\u00famedo, no apto para el lavavajillas.<\/li><li>Fabricado en Alemania.<\/li><\/ul>","protected":false},"excerpt":{"rendered":"<p>&quot;Skyline Berlin&quot; by Lara Urban Die Berliner Skyline ein beeindruckendes Ensemble aus modernen Wolkenkratzern, historischen Geb\u00e4uden und ikonischen Wahrzeichen. Im Lineart Stil wird sie zur puren Essenz von Linien und Formen. Die klaren Konturen der Fernsehturm Spitze, die Silhouette des Brandenburger Tors und die geschwungenen Linien der Spree all das verschmilzt zu einem minimalistischen Kunstwerk. [&hellip;]<\/p>\n","protected":false},"featured_media":255909,"comment_status":"open","ping_status":"closed","template":"","meta":[],"product_brand":[],"product_cat":[12269,134,11051],"product_tag":[12271],"class_list":{"0":"post-198907","1":"product","2":"type-product","3":"status-publish","4":"has-post-thumbnail","6":"product_cat-kuenstler-leben","7":"product_cat-orte","8":"product_cat-tischset","9":"product_tag-berlin-skyline-berlincity-berliner-stadt-berlinmotiv-lineart-kuenstlerleben-hauptstadt-deutschland","10":"product_shipping_class-versand-tischset","12":"first","13":"instock","14":"taxable","15":"shipping-taxable","16":"purchasable","17":"product-type-variable"},"yoast_head":"<!-- This site is optimized with the Yoast SEO Premium plugin v27.5 (Yoast SEO v27.6) - https:\/\/yoast.com\/product\/yoast-seo-premium-wordpress\/ -->\n<title>raxxa Premium-Tischset: Skyline Berlin - raxxa<\/title>\n<meta name=\"robots\" content=\"index, follow, max-snippet:-1, max-image-preview:large, max-video-preview:-1\" \/>\n<link rel=\"canonical\" href=\"https:\/\/www.raxxa.com\/es\/shop\/raxxa-premium-tischset-skyline-berlin\/\" \/>\n<meta property=\"og:locale\" content=\"es_ES\" \/>\n<meta property=\"og:type\" content=\"article\" \/>\n<meta property=\"og:title\" content=\"raxxa Premium-Tischset: Skyline Berlin\" \/>\n<meta property=\"og:description\" content=\"&quot;Skyline Berlin&quot; by Lara Urban Die Berliner Skyline ein beeindruckendes Ensemble aus modernen Wolkenkratzern, historischen Geb\u00e4uden und ikonischen Wahrzeichen. Im Lineart Stil wird sie zur puren Essenz von Linien und Formen. Die klaren Konturen der Fernsehturm Spitze, die Silhouette des Brandenburger Tors und die geschwungenen Linien der Spree all das verschmilzt zu einem minimalistischen Kunstwerk. [&hellip;]\" \/>\n<meta property=\"og:url\" content=\"https:\/\/www.raxxa.com\/es\/shop\/raxxa-premium-tischset-skyline-berlin\/\" \/>\n<meta property=\"og:site_name\" content=\"raxxa\" \/>\n<meta property=\"article:publisher\" content=\"https:\/\/facebook.com\/raxxacom\" \/>\n<meta property=\"article:modified_time\" content=\"2025-11-03T12:34:38+00:00\" \/>\n<meta property=\"og:image\" content=\"https:\/\/www.raxxa.com\/wp-content\/uploads\/2024\/07\/322_17225_Skyline-Berlin-Lara-Urban_tischset3_shop.png\" \/>\n\t<meta property=\"og:image:width\" content=\"3661\" \/>\n\t<meta property=\"og:image:height\" content=\"2811\" \/>\n\t<meta property=\"og:image:type\" content=\"image\/png\" \/>\n<meta name=\"twitter:card\" content=\"summary_large_image\" \/>\n<meta name=\"twitter:label1\" content=\"Disponibilidad\" \/>\n\t<meta name=\"twitter:data1\" content=\"Disponible\" \/>\n<script type=\"application\/ld+json\" class=\"yoast-schema-graph\">{\"@context\":\"https:\\\/\\\/schema.org\",\"@graph\":[{\"@type\":[\"WebPage\",\"ItemPage\"],\"@id\":\"https:\\\/\\\/www.raxxa.com\\\/shop\\\/raxxa-premium-tischset-skyline-berlin\\\/\",\"url\":\"https:\\\/\\\/www.raxxa.com\\\/shop\\\/raxxa-premium-tischset-skyline-berlin\\\/\",\"name\":\"raxxa Premium-Tischset: Skyline Berlin - raxxa\",\"isPartOf\":{\"@id\":\"https:\\\/\\\/www.raxxa.com\\\/#website\"},\"primaryImageOfPage\":{\"@id\":\"https:\\\/\\\/www.raxxa.com\\\/shop\\\/raxxa-premium-tischset-skyline-berlin\\\/#primaryimage\"},\"image\":{\"@id\":\"https:\\\/\\\/www.raxxa.com\\\/shop\\\/raxxa-premium-tischset-skyline-berlin\\\/#primaryimage\"},\"thumbnailUrl\":\"https:\\\/\\\/www.raxxa.com\\\/wp-content\\\/uploads\\\/2024\\\/07\\\/322_17225_Skyline-Berlin-Lara-Urban_tischset3_shop-scaled.png\",\"datePublished\":\"2024-07-25T06:01:45+00:00\",\"dateModified\":\"2025-11-03T12:34:38+00:00\",\"breadcrumb\":{\"@id\":\"https:\\\/\\\/www.raxxa.com\\\/shop\\\/raxxa-premium-tischset-skyline-berlin\\\/#breadcrumb\"},\"inLanguage\":\"es\",\"potentialAction\":[{\"@type\":\"ReadAction\",\"target\":[\"https:\\\/\\\/www.raxxa.com\\\/shop\\\/raxxa-premium-tischset-skyline-berlin\\\/\"]}]},{\"@type\":\"ImageObject\",\"inLanguage\":\"es\",\"@id\":\"https:\\\/\\\/www.raxxa.com\\\/shop\\\/raxxa-premium-tischset-skyline-berlin\\\/#primaryimage\",\"url\":\"https:\\\/\\\/www.raxxa.com\\\/wp-content\\\/uploads\\\/2024\\\/07\\\/322_17225_Skyline-Berlin-Lara-Urban_tischset3_shop-scaled.png\",\"contentUrl\":\"https:\\\/\\\/www.raxxa.com\\\/wp-content\\\/uploads\\\/2024\\\/07\\\/322_17225_Skyline-Berlin-Lara-Urban_tischset3_shop-scaled.png\",\"width\":2560,\"height\":1966},{\"@type\":\"BreadcrumbList\",\"@id\":\"https:\\\/\\\/www.raxxa.com\\\/shop\\\/raxxa-premium-tischset-skyline-berlin\\\/#breadcrumb\",\"itemListElement\":[{\"@type\":\"ListItem\",\"position\":1,\"name\":\"Startseite\",\"item\":\"https:\\\/\\\/www.raxxa.com\\\/\"},{\"@type\":\"ListItem\",\"position\":2,\"name\":\"Shop\",\"item\":\"https:\\\/\\\/www.raxxa.com\\\/it\\\/shop\\\/\"},{\"@type\":\"ListItem\",\"position\":3,\"name\":\"raxxa Premium-Tischset: Skyline Berlin\"}]},{\"@type\":\"WebSite\",\"@id\":\"https:\\\/\\\/www.raxxa.com\\\/#website\",\"url\":\"https:\\\/\\\/www.raxxa.com\\\/\",\"name\":\"raxxa\",\"description\":\"Einzigartige individuelle Produkte von unseren Designern\",\"publisher\":{\"@id\":\"https:\\\/\\\/www.raxxa.com\\\/#organization\"},\"potentialAction\":[{\"@type\":\"SearchAction\",\"target\":{\"@type\":\"EntryPoint\",\"urlTemplate\":\"https:\\\/\\\/www.raxxa.com\\\/?s={search_term_string}\"},\"query-input\":{\"@type\":\"PropertyValueSpecification\",\"valueRequired\":true,\"valueName\":\"search_term_string\"}}],\"inLanguage\":\"es\"},{\"@type\":\"Organization\",\"@id\":\"https:\\\/\\\/www.raxxa.com\\\/#organization\",\"name\":\"raxxa\",\"url\":\"https:\\\/\\\/www.raxxa.com\\\/\",\"logo\":{\"@type\":\"ImageObject\",\"inLanguage\":\"es\",\"@id\":\"https:\\\/\\\/www.raxxa.com\\\/#\\\/schema\\\/logo\\\/image\\\/\",\"url\":\"https:\\\/\\\/www.raxxa.com\\\/wp-content\\\/uploads\\\/2022\\\/07\\\/logo_v2.png\",\"contentUrl\":\"https:\\\/\\\/www.raxxa.com\\\/wp-content\\\/uploads\\\/2022\\\/07\\\/logo_v2.png\",\"width\":380,\"height\":382,\"caption\":\"raxxa\"},\"image\":{\"@id\":\"https:\\\/\\\/www.raxxa.com\\\/#\\\/schema\\\/logo\\\/image\\\/\"},\"sameAs\":[\"https:\\\/\\\/facebook.com\\\/raxxacom\"]}]}<\/script>\n<meta property=\"og:availability\" content=\"instock\" \/>\n<meta property=\"product:availability\" content=\"instock\" \/>\n<meta property=\"product:retailer_item_id\" content=\"1-6-17225-322\" \/>\n<meta property=\"product:condition\" content=\"new\" \/>\n<!-- \/ Yoast SEO Premium plugin. -->","yoast_head_json":{"title":"raxxa Mantel individual Premium: Skyline Berlin - raxxa","robots":{"index":"index","follow":"follow","max-snippet":"max-snippet:-1","max-image-preview":"max-image-preview:large","max-video-preview":"max-video-preview:-1"},"canonical":"https:\/\/www.raxxa.com\/es\/shop\/raxxa-premium-tischset-skyline-berlin\/","og_locale":"es_ES","og_type":"article","og_title":"raxxa Premium-Tischset: Skyline Berlin","og_description":"&quot;Skyline Berlin&quot; by Lara Urban Die Berliner Skyline ein beeindruckendes Ensemble aus modernen Wolkenkratzern, historischen Geb\u00e4uden und ikonischen Wahrzeichen. Im Lineart Stil wird sie zur puren Essenz von Linien und Formen. Die klaren Konturen der Fernsehturm Spitze, die Silhouette des Brandenburger Tors und die geschwungenen Linien der Spree all das verschmilzt zu einem minimalistischen Kunstwerk. [&hellip;]","og_url":"https:\/\/www.raxxa.com\/es\/shop\/raxxa-premium-tischset-skyline-berlin\/","og_site_name":"raxxa","article_publisher":"https:\/\/facebook.com\/raxxacom","article_modified_time":"2025-11-03T12:34:38+00:00","og_image":[{"width":3661,"height":2811,"url":"https:\/\/www.raxxa.com\/wp-content\/uploads\/2024\/07\/322_17225_Skyline-Berlin-Lara-Urban_tischset3_shop.png","type":"image\/png"}],"twitter_card":"summary_large_image","twitter_misc":{"Disponibilidad":"Disponible"},"schema":{"@context":"https:\/\/schema.org","@graph":[{"@type":["WebPage","ItemPage"],"@id":"https:\/\/www.raxxa.com\/shop\/raxxa-premium-tischset-skyline-berlin\/","url":"https:\/\/www.raxxa.com\/shop\/raxxa-premium-tischset-skyline-berlin\/","name":"raxxa Mantel individual Premium: Skyline Berlin - raxxa","isPartOf":{"@id":"https:\/\/www.raxxa.com\/#website"},"primaryImageOfPage":{"@id":"https:\/\/www.raxxa.com\/shop\/raxxa-premium-tischset-skyline-berlin\/#primaryimage"},"image":{"@id":"https:\/\/www.raxxa.com\/shop\/raxxa-premium-tischset-skyline-berlin\/#primaryimage"},"thumbnailUrl":"https:\/\/www.raxxa.com\/wp-content\/uploads\/2024\/07\/322_17225_Skyline-Berlin-Lara-Urban_tischset3_shop-scaled.png","datePublished":"2024-07-25T06:01:45+00:00","dateModified":"2025-11-03T12:34:38+00:00","breadcrumb":{"@id":"https:\/\/www.raxxa.com\/shop\/raxxa-premium-tischset-skyline-berlin\/#breadcrumb"},"inLanguage":"es","potentialAction":[{"@type":"ReadAction","target":["https:\/\/www.raxxa.com\/shop\/raxxa-premium-tischset-skyline-berlin\/"]}]},{"@type":"ImageObject","inLanguage":"es","@id":"https:\/\/www.raxxa.com\/shop\/raxxa-premium-tischset-skyline-berlin\/#primaryimage","url":"https:\/\/www.raxxa.com\/wp-content\/uploads\/2024\/07\/322_17225_Skyline-Berlin-Lara-Urban_tischset3_shop-scaled.png","contentUrl":"https:\/\/www.raxxa.com\/wp-content\/uploads\/2024\/07\/322_17225_Skyline-Berlin-Lara-Urban_tischset3_shop-scaled.png","width":2560,"height":1966},{"@type":"BreadcrumbList","@id":"https:\/\/www.raxxa.com\/shop\/raxxa-premium-tischset-skyline-berlin\/#breadcrumb","itemListElement":[{"@type":"ListItem","position":1,"name":"Startseite","item":"https:\/\/www.raxxa.com\/"},{"@type":"ListItem","position":2,"name":"Shop","item":"https:\/\/www.raxxa.com\/it\/shop\/"},{"@type":"ListItem","position":3,"name":"raxxa Premium-Tischset: Skyline Berlin"}]},{"@type":"WebSite","@id":"https:\/\/www.raxxa.com\/#website","url":"https:\/\/www.raxxa.com\/","name":"raxxa","description":"Productos individuales \u00fanicos de nuestros dise\u00f1adores","publisher":{"@id":"https:\/\/www.raxxa.com\/#organization"},"potentialAction":[{"@type":"SearchAction","target":{"@type":"EntryPoint","urlTemplate":"https:\/\/www.raxxa.com\/?s={search_term_string}"},"query-input":{"@type":"PropertyValueSpecification","valueRequired":true,"valueName":"search_term_string"}}],"inLanguage":"es"},{"@type":"Organization","@id":"https:\/\/www.raxxa.com\/#organization","name":"raxxa","url":"https:\/\/www.raxxa.com\/","logo":{"@type":"ImageObject","inLanguage":"es","@id":"https:\/\/www.raxxa.com\/#\/schema\/logo\/image\/","url":"https:\/\/www.raxxa.com\/wp-content\/uploads\/2022\/07\/logo_v2.png","contentUrl":"https:\/\/www.raxxa.com\/wp-content\/uploads\/2022\/07\/logo_v2.png","width":380,"height":382,"caption":"raxxa"},"image":{"@id":"https:\/\/www.raxxa.com\/#\/schema\/logo\/image\/"},"sameAs":["https:\/\/facebook.com\/raxxacom"]}]},"og_availability":"instock","product_availability":"instock","product_retailer_item_id":"1-6-17225-322","product_condition":"new"},"jetpack_sharing_enabled":true,"_links":{"self":[{"href":"https:\/\/www.raxxa.com\/es\/wp-json\/wp\/v2\/product\/198907","targetHints":{"allow":["GET"]}}],"collection":[{"href":"https:\/\/www.raxxa.com\/es\/wp-json\/wp\/v2\/product"}],"about":[{"href":"https:\/\/www.raxxa.com\/es\/wp-json\/wp\/v2\/types\/product"}],"replies":[{"embeddable":true,"href":"https:\/\/www.raxxa.com\/es\/wp-json\/wp\/v2\/comments?post=198907"}],"wp:featuredmedia":[{"embeddable":true,"href":"https:\/\/www.raxxa.com\/es\/wp-json\/wp\/v2\/media\/255909"}],"wp:attachment":[{"href":"https:\/\/www.raxxa.com\/es\/wp-json\/wp\/v2\/media?parent=198907"}],"wp:term":[{"taxonomy":"product_brand","embeddable":true,"href":"https:\/\/www.raxxa.com\/es\/wp-json\/wp\/v2\/product_brand?post=198907"},{"taxonomy":"product_cat","embeddable":true,"href":"https:\/\/www.raxxa.com\/es\/wp-json\/wp\/v2\/product_cat?post=198907"},{"taxonomy":"product_tag","embeddable":true,"href":"https:\/\/www.raxxa.com\/es\/wp-json\/wp\/v2\/product_tag?post=198907"}],"curies":[{"name":"wp","href":"https:\/\/api.w.org\/{rel}","templated":true}]}}