{"id":194065,"date":"2024-05-04T09:44:46","date_gmt":"2024-05-04T07:44:46","guid":{"rendered":"https:\/\/www.raxxa.com\/?post_type=product&#038;p=194065"},"modified":"2024-05-04T10:35:33","modified_gmt":"2024-05-04T08:35:33","slug":"cap-defftig","status":"publish","type":"product","link":"https:\/\/www.raxxa.com\/es\/shop\/cap-defftig\/","title":{"rendered":"Gorra: dEFFtig"},"content":{"rendered":"<div>\n<p><span style=\"font-weight: bolder; font-size: 1rem;\">Gorra fr\u00eda del <span style=\"font-weight: bolder;\">Banda dEFFtig de Frankfurt<\/span><\/span><\/p>\n<\/div>\n<div><strong>dEFFtig dona 5 EUR por gorra a Frankfurter Tafel e.V.<\/strong><\/div>\n<div><\/div>\n<div><span style=\"font-size: 1rem;\">Esta gorra se convertir\u00e1 probablemente en tu nueva compa\u00f1era fiel este verano.<br \/>\n<\/span><\/div>\n<div><\/div>\n<div><\/div>\n<div><span style=\"font-size: 1rem;\">Notas de material:<\/span><\/div>\n<div>\n<ul style=\"list-style-position: inside;\">\n<li>Algod\u00f3n 100% pesado cepillado con s\u00e1ndwich<\/li>\n<li>Segmento frontal reforzado, 6 segmentos, perfil de tapa bajo<\/li>\n<li>Mampara prefabricada<\/li>\n<li>Cierre de tela con hebilla met\u00e1lica 270 g\/m2<\/li>\n<li>logotipo bordado del grupo dEFFig<\/li>\n<li>Unisize<\/li>\n<li>S\u00f3lo lavar a mano<\/li>\n<\/ul>\n<\/div>\n<p>&nbsp;<\/p>\n<div><span style=\"font-size: 1rem;\">Este producto se fabricar\u00e1 especialmente para usted si lo solicita en el dise\u00f1o y tama\u00f1o deseados.\u00a0<\/span><\/div>","protected":false},"excerpt":{"rendered":"<p>Cooles Cap von der Band dEFFtig aus Frankfurt Pro Cap spendet dEFFtig 5 EUR an die Frankfurter Tafel e.V. Dieses Cap wird vermutlich direkt Dein neuer treuer Begleiter in diesem Sommer werden. Materialhinweise: Brushed heavy 100% cotton mit Sandwich Stirnsegment verst\u00e4rkt, 6 Segmente,\u00a0 niedriges Kappenprofil vorgefertigter Schirm Stoffverschluss mit Metallschnalle 270g\/m2 gesticktes Logo von der [&hellip;]<\/p>\n","protected":false},"featured_media":194076,"comment_status":"open","ping_status":"closed","template":"","meta":[],"product_brand":[],"product_cat":[11446,10317,11447,10318,10316,10315,10319,10320],"product_tag":[8751,12053,11723,11448,11721,8865,11722,11720],"class_list":{"0":"post-194065","1":"product","2":"type-product","3":"status-publish","4":"has-post-thumbnail","6":"product_cat-bands","7":"product_cat-damen","8":"product_cat-defftig","9":"product_cat-herren","10":"product_cat-kleidung","11":"product_cat-mode-accessoires","12":"product_cat-t-shirts-herren","13":"product_cat-t-shirts-damen","14":"product_tag-band","15":"product_tag-cap","16":"product_tag-charity","17":"product_tag-defftig","18":"product_tag-e-v","19":"product_tag-frankfurt","20":"product_tag-spenden","21":"product_tag-tafel","22":"product_shipping_class-versand-t-shirts1","24":"first","25":"instock","26":"taxable","27":"shipping-taxable","28":"purchasable","29":"product-type-simple"},"yoast_head":"<!-- This site is optimized with the Yoast SEO Premium plugin v27.4 (Yoast SEO v27.4) - https:\/\/yoast.com\/product\/yoast-seo-premium-wordpress\/ -->\n<title>Cap: dEFFtig - raxxa<\/title>\n<meta name=\"robots\" content=\"index, follow, max-snippet:-1, max-image-preview:large, max-video-preview:-1\" \/>\n<link rel=\"canonical\" href=\"https:\/\/www.raxxa.com\/es\/shop\/cap-defftig\/\" \/>\n<meta property=\"og:locale\" content=\"es_ES\" \/>\n<meta property=\"og:type\" content=\"article\" \/>\n<meta property=\"og:title\" content=\"Cap: dEFFtig\" \/>\n<meta property=\"og:description\" content=\"Cooles Cap von der Band dEFFtig aus Frankfurt Pro Cap spendet dEFFtig 5 EUR an die Frankfurter Tafel e.V. Dieses Cap wird vermutlich direkt Dein neuer treuer Begleiter in diesem Sommer werden. Materialhinweise: Brushed heavy 100% cotton mit Sandwich Stirnsegment verst\u00e4rkt, 6 Segmente,\u00a0 niedriges Kappenprofil vorgefertigter Schirm Stoffverschluss mit Metallschnalle 270g\/m2 gesticktes Logo von der [&hellip;]\" \/>\n<meta property=\"og:url\" content=\"https:\/\/www.raxxa.com\/es\/shop\/cap-defftig\/\" \/>\n<meta property=\"og:site_name\" content=\"raxxa\" \/>\n<meta property=\"article:publisher\" content=\"https:\/\/facebook.com\/raxxacom\" \/>\n<meta property=\"article:modified_time\" content=\"2024-05-04T08:35:33+00:00\" \/>\n<meta property=\"og:image\" content=\"https:\/\/www.raxxa.com\/wp-content\/uploads\/2024\/05\/cap_defftig_pic1-scaled.jpg\" \/>\n\t<meta property=\"og:image:width\" content=\"1920\" \/>\n\t<meta property=\"og:image:height\" content=\"2560\" \/>\n\t<meta property=\"og:image:type\" content=\"image\/jpeg\" \/>\n<meta name=\"twitter:card\" content=\"summary_large_image\" \/>\n<meta name=\"twitter:label1\" content=\"Precio\" \/>\n\t<meta name=\"twitter:data1\" content=\"&euro;20,00\" \/>\n\t<meta name=\"twitter:label2\" content=\"Disponibilidad\" \/>\n\t<meta name=\"twitter:data2\" content=\"Disponible\" \/>\n<script type=\"application\/ld+json\" class=\"yoast-schema-graph\">{\"@context\":\"https:\\\/\\\/schema.org\",\"@graph\":[{\"@type\":[\"WebPage\",\"ItemPage\"],\"@id\":\"https:\\\/\\\/www.raxxa.com\\\/shop\\\/cap-defftig\\\/\",\"url\":\"https:\\\/\\\/www.raxxa.com\\\/shop\\\/cap-defftig\\\/\",\"name\":\"Cap: dEFFtig - raxxa\",\"isPartOf\":{\"@id\":\"https:\\\/\\\/www.raxxa.com\\\/#website\"},\"primaryImageOfPage\":{\"@id\":\"https:\\\/\\\/www.raxxa.com\\\/shop\\\/cap-defftig\\\/#primaryimage\"},\"image\":{\"@id\":\"https:\\\/\\\/www.raxxa.com\\\/shop\\\/cap-defftig\\\/#primaryimage\"},\"thumbnailUrl\":\"https:\\\/\\\/www.raxxa.com\\\/wp-content\\\/uploads\\\/2024\\\/05\\\/cap_defftig_pic1-scaled.jpg\",\"datePublished\":\"2024-05-04T07:44:46+00:00\",\"dateModified\":\"2024-05-04T08:35:33+00:00\",\"breadcrumb\":{\"@id\":\"https:\\\/\\\/www.raxxa.com\\\/shop\\\/cap-defftig\\\/#breadcrumb\"},\"inLanguage\":\"es\",\"potentialAction\":[{\"@type\":\"ReadAction\",\"target\":[\"https:\\\/\\\/www.raxxa.com\\\/shop\\\/cap-defftig\\\/\"]}]},{\"@type\":\"ImageObject\",\"inLanguage\":\"es\",\"@id\":\"https:\\\/\\\/www.raxxa.com\\\/shop\\\/cap-defftig\\\/#primaryimage\",\"url\":\"https:\\\/\\\/www.raxxa.com\\\/wp-content\\\/uploads\\\/2024\\\/05\\\/cap_defftig_pic1-scaled.jpg\",\"contentUrl\":\"https:\\\/\\\/www.raxxa.com\\\/wp-content\\\/uploads\\\/2024\\\/05\\\/cap_defftig_pic1-scaled.jpg\",\"width\":1920,\"height\":2560},{\"@type\":\"BreadcrumbList\",\"@id\":\"https:\\\/\\\/www.raxxa.com\\\/shop\\\/cap-defftig\\\/#breadcrumb\",\"itemListElement\":[{\"@type\":\"ListItem\",\"position\":1,\"name\":\"Startseite\",\"item\":\"https:\\\/\\\/www.raxxa.com\\\/\"},{\"@type\":\"ListItem\",\"position\":2,\"name\":\"Shop\",\"item\":\"https:\\\/\\\/www.raxxa.com\\\/it\\\/shop\\\/\"},{\"@type\":\"ListItem\",\"position\":3,\"name\":\"Cap: dEFFtig\"}]},{\"@type\":\"WebSite\",\"@id\":\"https:\\\/\\\/www.raxxa.com\\\/#website\",\"url\":\"https:\\\/\\\/www.raxxa.com\\\/\",\"name\":\"raxxa\",\"description\":\"Einzigartige individuelle Produkte von unseren Designern\",\"publisher\":{\"@id\":\"https:\\\/\\\/www.raxxa.com\\\/#organization\"},\"potentialAction\":[{\"@type\":\"SearchAction\",\"target\":{\"@type\":\"EntryPoint\",\"urlTemplate\":\"https:\\\/\\\/www.raxxa.com\\\/?s={search_term_string}\"},\"query-input\":{\"@type\":\"PropertyValueSpecification\",\"valueRequired\":true,\"valueName\":\"search_term_string\"}}],\"inLanguage\":\"es\"},{\"@type\":\"Organization\",\"@id\":\"https:\\\/\\\/www.raxxa.com\\\/#organization\",\"name\":\"raxxa\",\"url\":\"https:\\\/\\\/www.raxxa.com\\\/\",\"logo\":{\"@type\":\"ImageObject\",\"inLanguage\":\"es\",\"@id\":\"https:\\\/\\\/www.raxxa.com\\\/#\\\/schema\\\/logo\\\/image\\\/\",\"url\":\"https:\\\/\\\/www.raxxa.com\\\/wp-content\\\/uploads\\\/2022\\\/07\\\/logo_v2.png\",\"contentUrl\":\"https:\\\/\\\/www.raxxa.com\\\/wp-content\\\/uploads\\\/2022\\\/07\\\/logo_v2.png\",\"width\":380,\"height\":382,\"caption\":\"raxxa\"},\"image\":{\"@id\":\"https:\\\/\\\/www.raxxa.com\\\/#\\\/schema\\\/logo\\\/image\\\/\"},\"sameAs\":[\"https:\\\/\\\/facebook.com\\\/raxxacom\"]}]}<\/script>\n<meta property=\"product:price:amount\" content=\"20.00\" \/>\n<meta property=\"product:price:currency\" content=\"EUR\" \/>\n<meta property=\"og:availability\" content=\"instock\" \/>\n<meta property=\"product:availability\" content=\"instock\" \/>\n<meta property=\"product:retailer_item_id\" content=\"1-186-14465-291\" \/>\n<meta property=\"product:condition\" content=\"new\" \/>\n<!-- \/ Yoast SEO Premium plugin. -->","yoast_head_json":{"title":"Cap: dEFFtig - raxxa","robots":{"index":"index","follow":"follow","max-snippet":"max-snippet:-1","max-image-preview":"max-image-preview:large","max-video-preview":"max-video-preview:-1"},"canonical":"https:\/\/www.raxxa.com\/es\/shop\/cap-defftig\/","og_locale":"es_ES","og_type":"article","og_title":"Cap: dEFFtig","og_description":"Cooles Cap von der Band dEFFtig aus Frankfurt Pro Cap spendet dEFFtig 5 EUR an die Frankfurter Tafel e.V. Dieses Cap wird vermutlich direkt Dein neuer treuer Begleiter in diesem Sommer werden. Materialhinweise: Brushed heavy 100% cotton mit Sandwich Stirnsegment verst\u00e4rkt, 6 Segmente,\u00a0 niedriges Kappenprofil vorgefertigter Schirm Stoffverschluss mit Metallschnalle 270g\/m2 gesticktes Logo von der [&hellip;]","og_url":"https:\/\/www.raxxa.com\/es\/shop\/cap-defftig\/","og_site_name":"raxxa","article_publisher":"https:\/\/facebook.com\/raxxacom","article_modified_time":"2024-05-04T08:35:33+00:00","og_image":[{"width":1920,"height":2560,"url":"https:\/\/www.raxxa.com\/wp-content\/uploads\/2024\/05\/cap_defftig_pic1-scaled.jpg","type":"image\/jpeg"}],"twitter_card":"summary_large_image","twitter_misc":{"Precio":"&euro;20,00","Disponibilidad":"Disponible"},"schema":{"@context":"https:\/\/schema.org","@graph":[{"@type":["WebPage","ItemPage"],"@id":"https:\/\/www.raxxa.com\/shop\/cap-defftig\/","url":"https:\/\/www.raxxa.com\/shop\/cap-defftig\/","name":"Cap: dEFFtig - raxxa","isPartOf":{"@id":"https:\/\/www.raxxa.com\/#website"},"primaryImageOfPage":{"@id":"https:\/\/www.raxxa.com\/shop\/cap-defftig\/#primaryimage"},"image":{"@id":"https:\/\/www.raxxa.com\/shop\/cap-defftig\/#primaryimage"},"thumbnailUrl":"https:\/\/www.raxxa.com\/wp-content\/uploads\/2024\/05\/cap_defftig_pic1-scaled.jpg","datePublished":"2024-05-04T07:44:46+00:00","dateModified":"2024-05-04T08:35:33+00:00","breadcrumb":{"@id":"https:\/\/www.raxxa.com\/shop\/cap-defftig\/#breadcrumb"},"inLanguage":"es","potentialAction":[{"@type":"ReadAction","target":["https:\/\/www.raxxa.com\/shop\/cap-defftig\/"]}]},{"@type":"ImageObject","inLanguage":"es","@id":"https:\/\/www.raxxa.com\/shop\/cap-defftig\/#primaryimage","url":"https:\/\/www.raxxa.com\/wp-content\/uploads\/2024\/05\/cap_defftig_pic1-scaled.jpg","contentUrl":"https:\/\/www.raxxa.com\/wp-content\/uploads\/2024\/05\/cap_defftig_pic1-scaled.jpg","width":1920,"height":2560},{"@type":"BreadcrumbList","@id":"https:\/\/www.raxxa.com\/shop\/cap-defftig\/#breadcrumb","itemListElement":[{"@type":"ListItem","position":1,"name":"Startseite","item":"https:\/\/www.raxxa.com\/"},{"@type":"ListItem","position":2,"name":"Shop","item":"https:\/\/www.raxxa.com\/it\/shop\/"},{"@type":"ListItem","position":3,"name":"Cap: dEFFtig"}]},{"@type":"WebSite","@id":"https:\/\/www.raxxa.com\/#website","url":"https:\/\/www.raxxa.com\/","name":"raxxa","description":"Productos individuales \u00fanicos de nuestros dise\u00f1adores","publisher":{"@id":"https:\/\/www.raxxa.com\/#organization"},"potentialAction":[{"@type":"SearchAction","target":{"@type":"EntryPoint","urlTemplate":"https:\/\/www.raxxa.com\/?s={search_term_string}"},"query-input":{"@type":"PropertyValueSpecification","valueRequired":true,"valueName":"search_term_string"}}],"inLanguage":"es"},{"@type":"Organization","@id":"https:\/\/www.raxxa.com\/#organization","name":"raxxa","url":"https:\/\/www.raxxa.com\/","logo":{"@type":"ImageObject","inLanguage":"es","@id":"https:\/\/www.raxxa.com\/#\/schema\/logo\/image\/","url":"https:\/\/www.raxxa.com\/wp-content\/uploads\/2022\/07\/logo_v2.png","contentUrl":"https:\/\/www.raxxa.com\/wp-content\/uploads\/2022\/07\/logo_v2.png","width":380,"height":382,"caption":"raxxa"},"image":{"@id":"https:\/\/www.raxxa.com\/#\/schema\/logo\/image\/"},"sameAs":["https:\/\/facebook.com\/raxxacom"]}]},"product_price_amount":"20.00","product_price_currency":"EUR","og_availability":"instock","product_availability":"instock","product_retailer_item_id":"1-186-14465-291","product_condition":"new"},"jetpack_sharing_enabled":true,"_links":{"self":[{"href":"https:\/\/www.raxxa.com\/es\/wp-json\/wp\/v2\/product\/194065","targetHints":{"allow":["GET"]}}],"collection":[{"href":"https:\/\/www.raxxa.com\/es\/wp-json\/wp\/v2\/product"}],"about":[{"href":"https:\/\/www.raxxa.com\/es\/wp-json\/wp\/v2\/types\/product"}],"replies":[{"embeddable":true,"href":"https:\/\/www.raxxa.com\/es\/wp-json\/wp\/v2\/comments?post=194065"}],"wp:featuredmedia":[{"embeddable":true,"href":"https:\/\/www.raxxa.com\/es\/wp-json\/wp\/v2\/media\/194076"}],"wp:attachment":[{"href":"https:\/\/www.raxxa.com\/es\/wp-json\/wp\/v2\/media?parent=194065"}],"wp:term":[{"taxonomy":"product_brand","embeddable":true,"href":"https:\/\/www.raxxa.com\/es\/wp-json\/wp\/v2\/product_brand?post=194065"},{"taxonomy":"product_cat","embeddable":true,"href":"https:\/\/www.raxxa.com\/es\/wp-json\/wp\/v2\/product_cat?post=194065"},{"taxonomy":"product_tag","embeddable":true,"href":"https:\/\/www.raxxa.com\/es\/wp-json\/wp\/v2\/product_tag?post=194065"}],"curies":[{"name":"wp","href":"https:\/\/api.w.org\/{rel}","templated":true}]}}