{"id":191843,"date":"2024-04-04T21:25:11","date_gmt":"2024-04-04T19:25:11","guid":{"rendered":"https:\/\/www.raxxa.com\/?post_type=product&#038;p=191843"},"modified":"2025-02-01T17:07:33","modified_gmt":"2025-02-01T15:07:33","slug":"raxxa-postkarte-pinky","status":"publish","type":"product","link":"https:\/\/www.raxxa.com\/es\/shop\/raxxa-postkarte-pinky\/","title":{"rendered":"postal raxxa: Pinky"},"content":{"rendered":"<h3><strong>\"Pinky\" de Mr Yoda<\/strong><\/h3>\n<p><strong><\/strong><\/p>\n<p>\u00a1Bienvenido al fascinante mundo de los monstruos whimini! Sum\u00e9rgete en un mundo imaginativo lleno de peque\u00f1as criaturas con peinados salvajes y colores brillantes. D\u00e9jate hechizar por su simpat\u00eda y curiosidad y descubre sus secretos.<\/p>\n<p>&nbsp;<\/p>\n<ul><li>Imprimimos la postal que desee en blanco o con un saludo personalizado y la enviamos a cualquier persona del mundo o a usted mismo.<\/li><li>Ideal para postcrossing en l\u00ednea o felicitaciones personalizadas a sus seres queridos, amigos, familiares y conocidos.<\/li><li>Tambi\u00e9n disponible como tarjeta con motivos en blanco para recoger o enviar usted mismo.<\/li><li>Postales DIN A6 (14,8 cm x 10,5 cm).<\/li><\/ul><br><br><b>\u00bfC\u00f3mo creo\/dise\u00f1o mi postal personalizada?<\/b><br><br>1) Introduzca simplemente el texto de su mensaje o saludo (m\u00e1x. 500 caracteres).<br>2) Si desea enviar su postal para Postcrossing, introduzca el PostcrossingID.<br>En caso contrario, deje este campo vac\u00edo.<br>3) Introduzca en los campos de entrada el nombre y los apellidos, la calle + el n\u00famero de la casa, el c\u00f3digo postal, la ciudad y el pa\u00eds del destinatario deseado de la postal.<br>4) Ahora puede a\u00f1adir su postal dise\u00f1ada a la cesta de la compra y pedirla en la caja.<br><br>Ahora imprimiremos tu postal personalizada, la sellaremos y la enviaremos al destinatario que nos indiques.<br><br>Si tiene alguna pregunta, env\u00edenos un mensaje o un correo electr\u00f3nico<br>","protected":false},"excerpt":{"rendered":"<p>&quot;Pinky&quot; by Mr. Yoda Willkommen in der faszinierenden Welt der whimini Monster! Tauche ein in eine fantasievolle Welt voller kleiner Wesen mit wilden Frisuren und bunten Farben. Lass dich von ihrer Freundlichkeit und Neugierde verzaubern und entdecke ihre Geheimnisse! &nbsp;<\/p>","protected":false},"featured_media":191865,"comment_status":"open","ping_status":"closed","template":"","meta":[],"product_brand":[],"product_cat":[11041,11884,10514],"product_tag":[11949],"class_list":{"0":"post-191843","1":"product","2":"type-product","3":"status-publish","4":"has-post-thumbnail","6":"product_cat-digital","7":"product_cat-postkarten","8":"product_cat-yoda","9":"product_tag-monster-whimsical-wild-frisuren-farbe-lustig","11":"first","12":"instock","13":"taxable","14":"shipping-taxable","15":"purchasable","16":"product-type-variable"},"yoast_head":"<!-- This site is optimized with the Yoast SEO Premium plugin v27.5 (Yoast SEO v27.5) - https:\/\/yoast.com\/product\/yoast-seo-premium-wordpress\/ -->\n<title>raxxa Postkarte: Pinky - raxxa<\/title>\n<meta name=\"robots\" content=\"index, follow, max-snippet:-1, max-image-preview:large, max-video-preview:-1\" \/>\n<link rel=\"canonical\" href=\"https:\/\/www.raxxa.com\/es\/shop\/raxxa-postkarte-pinky\/\" \/>\n<meta property=\"og:locale\" content=\"es_ES\" \/>\n<meta property=\"og:type\" content=\"article\" \/>\n<meta property=\"og:title\" content=\"raxxa Postkarte: Pinky\" \/>\n<meta property=\"og:description\" content=\"&quot;Pinky&quot; by Mr. Yoda Willkommen in der faszinierenden Welt der whimini Monster! Tauche ein in eine fantasievolle Welt voller kleiner Wesen mit wilden Frisuren und bunten Farben. Lass dich von ihrer Freundlichkeit und Neugierde verzaubern und entdecke ihre Geheimnisse! &nbsp;\" \/>\n<meta property=\"og:url\" content=\"https:\/\/www.raxxa.com\/es\/shop\/raxxa-postkarte-pinky\/\" \/>\n<meta property=\"og:site_name\" content=\"raxxa\" \/>\n<meta property=\"article:publisher\" content=\"https:\/\/facebook.com\/raxxacom\" \/>\n<meta property=\"article:modified_time\" content=\"2025-02-01T15:07:33+00:00\" \/>\n<meta property=\"og:image\" content=\"https:\/\/www.raxxa.com\/wp-content\/uploads\/2024\/04\/raxxa-136-9334-185-Mr-Yoda-Pinky-12-scaled.jpg\" \/>\n\t<meta property=\"og:image:width\" content=\"2560\" \/>\n\t<meta property=\"og:image:height\" content=\"1920\" \/>\n\t<meta property=\"og:image:type\" content=\"image\/jpeg\" \/>\n<meta name=\"twitter:card\" content=\"summary_large_image\" \/>\n<meta name=\"twitter:label1\" content=\"Disponibilidad\" \/>\n\t<meta name=\"twitter:data1\" content=\"Disponible\" \/>\n<script type=\"application\/ld+json\" class=\"yoast-schema-graph\">{\"@context\":\"https:\\\/\\\/schema.org\",\"@graph\":[{\"@type\":[\"WebPage\",\"ItemPage\"],\"@id\":\"https:\\\/\\\/www.raxxa.com\\\/en\\\/shop\\\/raxxa-postkarte-pinky\\\/\",\"url\":\"https:\\\/\\\/www.raxxa.com\\\/en\\\/shop\\\/raxxa-postkarte-pinky\\\/\",\"name\":\"raxxa Postkarte: Pinky - raxxa\",\"isPartOf\":{\"@id\":\"https:\\\/\\\/www.raxxa.com\\\/#website\"},\"primaryImageOfPage\":{\"@id\":\"https:\\\/\\\/www.raxxa.com\\\/en\\\/shop\\\/raxxa-postkarte-pinky\\\/#primaryimage\"},\"image\":{\"@id\":\"https:\\\/\\\/www.raxxa.com\\\/en\\\/shop\\\/raxxa-postkarte-pinky\\\/#primaryimage\"},\"thumbnailUrl\":\"https:\\\/\\\/www.raxxa.com\\\/wp-content\\\/uploads\\\/2024\\\/04\\\/raxxa-136-9334-185-Mr-Yoda-Pinky-12-scaled.jpg\",\"datePublished\":\"2024-04-04T19:25:11+00:00\",\"dateModified\":\"2025-02-01T15:07:33+00:00\",\"breadcrumb\":{\"@id\":\"https:\\\/\\\/www.raxxa.com\\\/en\\\/shop\\\/raxxa-postkarte-pinky\\\/#breadcrumb\"},\"inLanguage\":\"es\",\"potentialAction\":[{\"@type\":\"ReadAction\",\"target\":[\"https:\\\/\\\/www.raxxa.com\\\/en\\\/shop\\\/raxxa-postkarte-pinky\\\/\"]}]},{\"@type\":\"ImageObject\",\"inLanguage\":\"es\",\"@id\":\"https:\\\/\\\/www.raxxa.com\\\/en\\\/shop\\\/raxxa-postkarte-pinky\\\/#primaryimage\",\"url\":\"https:\\\/\\\/www.raxxa.com\\\/wp-content\\\/uploads\\\/2024\\\/04\\\/raxxa-136-9334-185-Mr-Yoda-Pinky-12-scaled.jpg\",\"contentUrl\":\"https:\\\/\\\/www.raxxa.com\\\/wp-content\\\/uploads\\\/2024\\\/04\\\/raxxa-136-9334-185-Mr-Yoda-Pinky-12-scaled.jpg\",\"width\":2560,\"height\":1920},{\"@type\":\"BreadcrumbList\",\"@id\":\"https:\\\/\\\/www.raxxa.com\\\/en\\\/shop\\\/raxxa-postkarte-pinky\\\/#breadcrumb\",\"itemListElement\":[{\"@type\":\"ListItem\",\"position\":1,\"name\":\"Startseite\",\"item\":\"https:\\\/\\\/www.raxxa.com\\\/\"},{\"@type\":\"ListItem\",\"position\":2,\"name\":\"Shop\",\"item\":\"https:\\\/\\\/www.raxxa.com\\\/it\\\/shop\\\/\"},{\"@type\":\"ListItem\",\"position\":3,\"name\":\"raxxa Postkarte: Pinky\"}]},{\"@type\":\"WebSite\",\"@id\":\"https:\\\/\\\/www.raxxa.com\\\/#website\",\"url\":\"https:\\\/\\\/www.raxxa.com\\\/\",\"name\":\"raxxa\",\"description\":\"Einzigartige individuelle Produkte von unseren Designern\",\"publisher\":{\"@id\":\"https:\\\/\\\/www.raxxa.com\\\/#organization\"},\"potentialAction\":[{\"@type\":\"SearchAction\",\"target\":{\"@type\":\"EntryPoint\",\"urlTemplate\":\"https:\\\/\\\/www.raxxa.com\\\/?s={search_term_string}\"},\"query-input\":{\"@type\":\"PropertyValueSpecification\",\"valueRequired\":true,\"valueName\":\"search_term_string\"}}],\"inLanguage\":\"es\"},{\"@type\":\"Organization\",\"@id\":\"https:\\\/\\\/www.raxxa.com\\\/#organization\",\"name\":\"raxxa\",\"url\":\"https:\\\/\\\/www.raxxa.com\\\/\",\"logo\":{\"@type\":\"ImageObject\",\"inLanguage\":\"es\",\"@id\":\"https:\\\/\\\/www.raxxa.com\\\/#\\\/schema\\\/logo\\\/image\\\/\",\"url\":\"https:\\\/\\\/www.raxxa.com\\\/wp-content\\\/uploads\\\/2022\\\/07\\\/logo_v2.png\",\"contentUrl\":\"https:\\\/\\\/www.raxxa.com\\\/wp-content\\\/uploads\\\/2022\\\/07\\\/logo_v2.png\",\"width\":380,\"height\":382,\"caption\":\"raxxa\"},\"image\":{\"@id\":\"https:\\\/\\\/www.raxxa.com\\\/#\\\/schema\\\/logo\\\/image\\\/\"},\"sameAs\":[\"https:\\\/\\\/facebook.com\\\/raxxacom\"]}]}<\/script>\n<meta property=\"og:availability\" content=\"instock\" \/>\n<meta property=\"product:availability\" content=\"instock\" \/>\n<meta property=\"product:retailer_item_id\" content=\"1-185-9334-136\" \/>\n<meta property=\"product:condition\" content=\"new\" \/>\n<!-- \/ Yoast SEO Premium plugin. -->","yoast_head_json":{"title":"postal raxxa: Pinky - raxxa","robots":{"index":"index","follow":"follow","max-snippet":"max-snippet:-1","max-image-preview":"max-image-preview:large","max-video-preview":"max-video-preview:-1"},"canonical":"https:\/\/www.raxxa.com\/es\/shop\/raxxa-postkarte-pinky\/","og_locale":"es_ES","og_type":"article","og_title":"raxxa Postkarte: Pinky","og_description":"&quot;Pinky&quot; by Mr. Yoda Willkommen in der faszinierenden Welt der whimini Monster! Tauche ein in eine fantasievolle Welt voller kleiner Wesen mit wilden Frisuren und bunten Farben. Lass dich von ihrer Freundlichkeit und Neugierde verzaubern und entdecke ihre Geheimnisse! &nbsp;","og_url":"https:\/\/www.raxxa.com\/es\/shop\/raxxa-postkarte-pinky\/","og_site_name":"raxxa","article_publisher":"https:\/\/facebook.com\/raxxacom","article_modified_time":"2025-02-01T15:07:33+00:00","og_image":[{"width":2560,"height":1920,"url":"https:\/\/www.raxxa.com\/wp-content\/uploads\/2024\/04\/raxxa-136-9334-185-Mr-Yoda-Pinky-12-scaled.jpg","type":"image\/jpeg"}],"twitter_card":"summary_large_image","twitter_misc":{"Disponibilidad":"Disponible"},"schema":{"@context":"https:\/\/schema.org","@graph":[{"@type":["WebPage","ItemPage"],"@id":"https:\/\/www.raxxa.com\/en\/shop\/raxxa-postkarte-pinky\/","url":"https:\/\/www.raxxa.com\/en\/shop\/raxxa-postkarte-pinky\/","name":"postal raxxa: Pinky - raxxa","isPartOf":{"@id":"https:\/\/www.raxxa.com\/#website"},"primaryImageOfPage":{"@id":"https:\/\/www.raxxa.com\/en\/shop\/raxxa-postkarte-pinky\/#primaryimage"},"image":{"@id":"https:\/\/www.raxxa.com\/en\/shop\/raxxa-postkarte-pinky\/#primaryimage"},"thumbnailUrl":"https:\/\/www.raxxa.com\/wp-content\/uploads\/2024\/04\/raxxa-136-9334-185-Mr-Yoda-Pinky-12-scaled.jpg","datePublished":"2024-04-04T19:25:11+00:00","dateModified":"2025-02-01T15:07:33+00:00","breadcrumb":{"@id":"https:\/\/www.raxxa.com\/en\/shop\/raxxa-postkarte-pinky\/#breadcrumb"},"inLanguage":"es","potentialAction":[{"@type":"ReadAction","target":["https:\/\/www.raxxa.com\/en\/shop\/raxxa-postkarte-pinky\/"]}]},{"@type":"ImageObject","inLanguage":"es","@id":"https:\/\/www.raxxa.com\/en\/shop\/raxxa-postkarte-pinky\/#primaryimage","url":"https:\/\/www.raxxa.com\/wp-content\/uploads\/2024\/04\/raxxa-136-9334-185-Mr-Yoda-Pinky-12-scaled.jpg","contentUrl":"https:\/\/www.raxxa.com\/wp-content\/uploads\/2024\/04\/raxxa-136-9334-185-Mr-Yoda-Pinky-12-scaled.jpg","width":2560,"height":1920},{"@type":"BreadcrumbList","@id":"https:\/\/www.raxxa.com\/en\/shop\/raxxa-postkarte-pinky\/#breadcrumb","itemListElement":[{"@type":"ListItem","position":1,"name":"Startseite","item":"https:\/\/www.raxxa.com\/"},{"@type":"ListItem","position":2,"name":"Shop","item":"https:\/\/www.raxxa.com\/it\/shop\/"},{"@type":"ListItem","position":3,"name":"raxxa Postkarte: Pinky"}]},{"@type":"WebSite","@id":"https:\/\/www.raxxa.com\/#website","url":"https:\/\/www.raxxa.com\/","name":"raxxa","description":"Productos individuales \u00fanicos de nuestros dise\u00f1adores","publisher":{"@id":"https:\/\/www.raxxa.com\/#organization"},"potentialAction":[{"@type":"SearchAction","target":{"@type":"EntryPoint","urlTemplate":"https:\/\/www.raxxa.com\/?s={search_term_string}"},"query-input":{"@type":"PropertyValueSpecification","valueRequired":true,"valueName":"search_term_string"}}],"inLanguage":"es"},{"@type":"Organization","@id":"https:\/\/www.raxxa.com\/#organization","name":"raxxa","url":"https:\/\/www.raxxa.com\/","logo":{"@type":"ImageObject","inLanguage":"es","@id":"https:\/\/www.raxxa.com\/#\/schema\/logo\/image\/","url":"https:\/\/www.raxxa.com\/wp-content\/uploads\/2022\/07\/logo_v2.png","contentUrl":"https:\/\/www.raxxa.com\/wp-content\/uploads\/2022\/07\/logo_v2.png","width":380,"height":382,"caption":"raxxa"},"image":{"@id":"https:\/\/www.raxxa.com\/#\/schema\/logo\/image\/"},"sameAs":["https:\/\/facebook.com\/raxxacom"]}]},"og_availability":"instock","product_availability":"instock","product_retailer_item_id":"1-185-9334-136","product_condition":"new"},"jetpack_sharing_enabled":true,"_links":{"self":[{"href":"https:\/\/www.raxxa.com\/es\/wp-json\/wp\/v2\/product\/191843","targetHints":{"allow":["GET"]}}],"collection":[{"href":"https:\/\/www.raxxa.com\/es\/wp-json\/wp\/v2\/product"}],"about":[{"href":"https:\/\/www.raxxa.com\/es\/wp-json\/wp\/v2\/types\/product"}],"replies":[{"embeddable":true,"href":"https:\/\/www.raxxa.com\/es\/wp-json\/wp\/v2\/comments?post=191843"}],"wp:featuredmedia":[{"embeddable":true,"href":"https:\/\/www.raxxa.com\/es\/wp-json\/wp\/v2\/media\/191865"}],"wp:attachment":[{"href":"https:\/\/www.raxxa.com\/es\/wp-json\/wp\/v2\/media?parent=191843"}],"wp:term":[{"taxonomy":"product_brand","embeddable":true,"href":"https:\/\/www.raxxa.com\/es\/wp-json\/wp\/v2\/product_brand?post=191843"},{"taxonomy":"product_cat","embeddable":true,"href":"https:\/\/www.raxxa.com\/es\/wp-json\/wp\/v2\/product_cat?post=191843"},{"taxonomy":"product_tag","embeddable":true,"href":"https:\/\/www.raxxa.com\/es\/wp-json\/wp\/v2\/product_tag?post=191843"}],"curies":[{"name":"wp","href":"https:\/\/api.w.org\/{rel}","templated":true}]}}