{"id":189930,"date":"2024-03-13T12:56:26","date_gmt":"2024-03-13T10:56:26","guid":{"rendered":"https:\/\/www.raxxa.com\/?post_type=product&#038;p=189930"},"modified":"2024-03-13T13:01:44","modified_gmt":"2024-03-13T11:01:44","slug":"poster-soraya","status":"publish","type":"product","link":"https:\/\/www.raxxa.com\/es\/shop\/poster-soraya\/","title":{"rendered":"Cartel: Soraya"},"content":{"rendered":"<h3><strong>\"Soraya\" de Slothy<\/strong><\/h3>\n<p><strong><\/strong><\/p>\n<p>Una belleza egipcia hechiza con su gracia. <br \/>Sus ojos reflejan los secretos de los milenios y cuentan historias <br \/>de faraones y oasis ocultos. El largo y sedoso cabello negro enmarca <br \/>un rostro de rasgos finos besado por el sol dorado del desierto. <br \/>Su presencia combina la elegancia de las orillas del Nilo con el misticismo de las pir\u00e1mides, <br \/>e irradia una belleza intemporal que perdura a lo largo de los siglos.<\/p>\n<p>&nbsp;<\/p>\n<ul><li>P\u00f3ster de calidad de museo en papel de archivo mate duradero (sin revestimiento).<\/li><li>Gramaje del papel: 250 g \/ m\u00b2.<\/li><li>Se env\u00eda en un embalaje resistente para proteger el p\u00f3ster.<\/li><li>Este producto puede fabricarse especialmente para usted en el tama\u00f1o y dise\u00f1o que desee, previa solicitud.<\/li><\/ul>","protected":false},"excerpt":{"rendered":"<p>&quot;Soraya&quot; by Slothy Eine \u00e4gyptische Sch\u00f6nheit verzaubert mit ihrer Anmut. Ihre Augen spiegeln die Geheimnisse der Jahrtausende wider und erz\u00e4hlen Geschichten von Pharaonen und verborgenen Oasen. Die langen, seidigen schwarzen Haare umrahmen ein Gesicht mit feinen Z\u00fcgen, das von der goldenen Sonne der W\u00fcste gek\u00fcsst wurde. In ihrer Pr\u00e4senz vereinen sich die Eleganz der Nilufer [&hellip;]<\/p>\n","protected":false},"featured_media":189973,"comment_status":"open","ping_status":"closed","template":"","meta":[],"product_brand":[],"product_cat":[11600,10378,10765],"product_tag":[],"class_list":{"0":"post-189930","1":"product","2":"type-product","3":"status-publish","4":"has-post-thumbnail","6":"product_cat-fantasy-mythologie","7":"product_cat-poster","8":"product_cat-slothy","9":"product_shipping_class-versand-t-shirts1","11":"first","12":"instock","13":"taxable","14":"shipping-taxable","15":"purchasable","16":"product-type-variable"},"yoast_head":"<!-- This site is optimized with the Yoast SEO Premium plugin v27.3 (Yoast SEO v27.3) - https:\/\/yoast.com\/product\/yoast-seo-premium-wordpress\/ -->\n<title>Poster: Soraya - raxxa<\/title>\n<meta name=\"robots\" content=\"index, follow, max-snippet:-1, max-image-preview:large, max-video-preview:-1\" \/>\n<link rel=\"canonical\" href=\"https:\/\/www.raxxa.com\/es\/shop\/poster-soraya\/\" \/>\n<meta property=\"og:locale\" content=\"es_ES\" \/>\n<meta property=\"og:type\" content=\"article\" \/>\n<meta property=\"og:title\" content=\"Poster: Soraya\" \/>\n<meta property=\"og:description\" content=\"&quot;Soraya&quot; by Slothy Eine \u00e4gyptische Sch\u00f6nheit verzaubert mit ihrer Anmut. Ihre Augen spiegeln die Geheimnisse der Jahrtausende wider und erz\u00e4hlen Geschichten von Pharaonen und verborgenen Oasen. Die langen, seidigen schwarzen Haare umrahmen ein Gesicht mit feinen Z\u00fcgen, das von der goldenen Sonne der W\u00fcste gek\u00fcsst wurde. In ihrer Pr\u00e4senz vereinen sich die Eleganz der Nilufer [&hellip;]\" \/>\n<meta property=\"og:url\" content=\"https:\/\/www.raxxa.com\/es\/shop\/poster-soraya\/\" \/>\n<meta property=\"og:site_name\" content=\"raxxa\" \/>\n<meta property=\"article:publisher\" content=\"https:\/\/facebook.com\/raxxacom\" \/>\n<meta property=\"article:modified_time\" content=\"2024-03-13T11:01:44+00:00\" \/>\n<meta property=\"og:image\" content=\"https:\/\/www.raxxa.com\/wp-content\/uploads\/2024\/03\/raxxa-268-9809-84-1.png\" \/>\n\t<meta property=\"og:image:width\" content=\"800\" \/>\n\t<meta property=\"og:image:height\" content=\"800\" \/>\n\t<meta property=\"og:image:type\" content=\"image\/png\" \/>\n<meta name=\"twitter:card\" content=\"summary_large_image\" \/>\n<meta name=\"twitter:label1\" content=\"Disponibilidad\" \/>\n\t<meta name=\"twitter:data1\" content=\"Disponible\" \/>\n<script type=\"application\/ld+json\" class=\"yoast-schema-graph\">{\"@context\":\"https:\\\/\\\/schema.org\",\"@graph\":[{\"@type\":[\"WebPage\",\"ItemPage\"],\"@id\":\"https:\\\/\\\/www.raxxa.com\\\/shop\\\/poster-soraya\\\/\",\"url\":\"https:\\\/\\\/www.raxxa.com\\\/shop\\\/poster-soraya\\\/\",\"name\":\"Poster: Soraya - raxxa\",\"isPartOf\":{\"@id\":\"https:\\\/\\\/www.raxxa.com\\\/#website\"},\"primaryImageOfPage\":{\"@id\":\"https:\\\/\\\/www.raxxa.com\\\/shop\\\/poster-soraya\\\/#primaryimage\"},\"image\":{\"@id\":\"https:\\\/\\\/www.raxxa.com\\\/shop\\\/poster-soraya\\\/#primaryimage\"},\"thumbnailUrl\":\"https:\\\/\\\/www.raxxa.com\\\/wp-content\\\/uploads\\\/2024\\\/03\\\/raxxa-268-9809-84-1.png\",\"datePublished\":\"2024-03-13T10:56:26+00:00\",\"dateModified\":\"2024-03-13T11:01:44+00:00\",\"breadcrumb\":{\"@id\":\"https:\\\/\\\/www.raxxa.com\\\/shop\\\/poster-soraya\\\/#breadcrumb\"},\"inLanguage\":\"es\",\"potentialAction\":[{\"@type\":\"ReadAction\",\"target\":[\"https:\\\/\\\/www.raxxa.com\\\/shop\\\/poster-soraya\\\/\"]}]},{\"@type\":\"ImageObject\",\"inLanguage\":\"es\",\"@id\":\"https:\\\/\\\/www.raxxa.com\\\/shop\\\/poster-soraya\\\/#primaryimage\",\"url\":\"https:\\\/\\\/www.raxxa.com\\\/wp-content\\\/uploads\\\/2024\\\/03\\\/raxxa-268-9809-84-1.png\",\"contentUrl\":\"https:\\\/\\\/www.raxxa.com\\\/wp-content\\\/uploads\\\/2024\\\/03\\\/raxxa-268-9809-84-1.png\",\"width\":800,\"height\":800},{\"@type\":\"BreadcrumbList\",\"@id\":\"https:\\\/\\\/www.raxxa.com\\\/shop\\\/poster-soraya\\\/#breadcrumb\",\"itemListElement\":[{\"@type\":\"ListItem\",\"position\":1,\"name\":\"Startseite\",\"item\":\"https:\\\/\\\/www.raxxa.com\\\/\"},{\"@type\":\"ListItem\",\"position\":2,\"name\":\"Shop\",\"item\":\"https:\\\/\\\/www.raxxa.com\\\/it\\\/shop\\\/\"},{\"@type\":\"ListItem\",\"position\":3,\"name\":\"Poster: Soraya\"}]},{\"@type\":\"WebSite\",\"@id\":\"https:\\\/\\\/www.raxxa.com\\\/#website\",\"url\":\"https:\\\/\\\/www.raxxa.com\\\/\",\"name\":\"raxxa\",\"description\":\"Einzigartige individuelle Produkte von unseren Designern\",\"publisher\":{\"@id\":\"https:\\\/\\\/www.raxxa.com\\\/#organization\"},\"potentialAction\":[{\"@type\":\"SearchAction\",\"target\":{\"@type\":\"EntryPoint\",\"urlTemplate\":\"https:\\\/\\\/www.raxxa.com\\\/?s={search_term_string}\"},\"query-input\":{\"@type\":\"PropertyValueSpecification\",\"valueRequired\":true,\"valueName\":\"search_term_string\"}}],\"inLanguage\":\"es\"},{\"@type\":\"Organization\",\"@id\":\"https:\\\/\\\/www.raxxa.com\\\/#organization\",\"name\":\"raxxa\",\"url\":\"https:\\\/\\\/www.raxxa.com\\\/\",\"logo\":{\"@type\":\"ImageObject\",\"inLanguage\":\"es\",\"@id\":\"https:\\\/\\\/www.raxxa.com\\\/#\\\/schema\\\/logo\\\/image\\\/\",\"url\":\"https:\\\/\\\/www.raxxa.com\\\/wp-content\\\/uploads\\\/2022\\\/07\\\/logo_v2.png\",\"contentUrl\":\"https:\\\/\\\/www.raxxa.com\\\/wp-content\\\/uploads\\\/2022\\\/07\\\/logo_v2.png\",\"width\":380,\"height\":382,\"caption\":\"raxxa\"},\"image\":{\"@id\":\"https:\\\/\\\/www.raxxa.com\\\/#\\\/schema\\\/logo\\\/image\\\/\"},\"sameAs\":[\"https:\\\/\\\/facebook.com\\\/raxxacom\"]}]}<\/script>\n<meta property=\"og:availability\" content=\"instock\" \/>\n<meta property=\"product:availability\" content=\"instock\" \/>\n<meta property=\"product:retailer_item_id\" content=\"1-84-9809-268\" \/>\n<meta property=\"product:condition\" content=\"new\" \/>\n<!-- \/ Yoast SEO Premium plugin. -->","yoast_head_json":{"title":"Poster: Soraya - raxxa","robots":{"index":"index","follow":"follow","max-snippet":"max-snippet:-1","max-image-preview":"max-image-preview:large","max-video-preview":"max-video-preview:-1"},"canonical":"https:\/\/www.raxxa.com\/es\/shop\/poster-soraya\/","og_locale":"es_ES","og_type":"article","og_title":"Poster: Soraya","og_description":"&quot;Soraya&quot; by Slothy Eine \u00e4gyptische Sch\u00f6nheit verzaubert mit ihrer Anmut. Ihre Augen spiegeln die Geheimnisse der Jahrtausende wider und erz\u00e4hlen Geschichten von Pharaonen und verborgenen Oasen. Die langen, seidigen schwarzen Haare umrahmen ein Gesicht mit feinen Z\u00fcgen, das von der goldenen Sonne der W\u00fcste gek\u00fcsst wurde. In ihrer Pr\u00e4senz vereinen sich die Eleganz der Nilufer [&hellip;]","og_url":"https:\/\/www.raxxa.com\/es\/shop\/poster-soraya\/","og_site_name":"raxxa","article_publisher":"https:\/\/facebook.com\/raxxacom","article_modified_time":"2024-03-13T11:01:44+00:00","og_image":[{"width":800,"height":800,"url":"https:\/\/www.raxxa.com\/wp-content\/uploads\/2024\/03\/raxxa-268-9809-84-1.png","type":"image\/png"}],"twitter_card":"summary_large_image","twitter_misc":{"Disponibilidad":"Disponible"},"schema":{"@context":"https:\/\/schema.org","@graph":[{"@type":["WebPage","ItemPage"],"@id":"https:\/\/www.raxxa.com\/shop\/poster-soraya\/","url":"https:\/\/www.raxxa.com\/shop\/poster-soraya\/","name":"Poster: Soraya - raxxa","isPartOf":{"@id":"https:\/\/www.raxxa.com\/#website"},"primaryImageOfPage":{"@id":"https:\/\/www.raxxa.com\/shop\/poster-soraya\/#primaryimage"},"image":{"@id":"https:\/\/www.raxxa.com\/shop\/poster-soraya\/#primaryimage"},"thumbnailUrl":"https:\/\/www.raxxa.com\/wp-content\/uploads\/2024\/03\/raxxa-268-9809-84-1.png","datePublished":"2024-03-13T10:56:26+00:00","dateModified":"2024-03-13T11:01:44+00:00","breadcrumb":{"@id":"https:\/\/www.raxxa.com\/shop\/poster-soraya\/#breadcrumb"},"inLanguage":"es","potentialAction":[{"@type":"ReadAction","target":["https:\/\/www.raxxa.com\/shop\/poster-soraya\/"]}]},{"@type":"ImageObject","inLanguage":"es","@id":"https:\/\/www.raxxa.com\/shop\/poster-soraya\/#primaryimage","url":"https:\/\/www.raxxa.com\/wp-content\/uploads\/2024\/03\/raxxa-268-9809-84-1.png","contentUrl":"https:\/\/www.raxxa.com\/wp-content\/uploads\/2024\/03\/raxxa-268-9809-84-1.png","width":800,"height":800},{"@type":"BreadcrumbList","@id":"https:\/\/www.raxxa.com\/shop\/poster-soraya\/#breadcrumb","itemListElement":[{"@type":"ListItem","position":1,"name":"Startseite","item":"https:\/\/www.raxxa.com\/"},{"@type":"ListItem","position":2,"name":"Shop","item":"https:\/\/www.raxxa.com\/it\/shop\/"},{"@type":"ListItem","position":3,"name":"Poster: Soraya"}]},{"@type":"WebSite","@id":"https:\/\/www.raxxa.com\/#website","url":"https:\/\/www.raxxa.com\/","name":"raxxa","description":"Productos individuales \u00fanicos de nuestros dise\u00f1adores","publisher":{"@id":"https:\/\/www.raxxa.com\/#organization"},"potentialAction":[{"@type":"SearchAction","target":{"@type":"EntryPoint","urlTemplate":"https:\/\/www.raxxa.com\/?s={search_term_string}"},"query-input":{"@type":"PropertyValueSpecification","valueRequired":true,"valueName":"search_term_string"}}],"inLanguage":"es"},{"@type":"Organization","@id":"https:\/\/www.raxxa.com\/#organization","name":"raxxa","url":"https:\/\/www.raxxa.com\/","logo":{"@type":"ImageObject","inLanguage":"es","@id":"https:\/\/www.raxxa.com\/#\/schema\/logo\/image\/","url":"https:\/\/www.raxxa.com\/wp-content\/uploads\/2022\/07\/logo_v2.png","contentUrl":"https:\/\/www.raxxa.com\/wp-content\/uploads\/2022\/07\/logo_v2.png","width":380,"height":382,"caption":"raxxa"},"image":{"@id":"https:\/\/www.raxxa.com\/#\/schema\/logo\/image\/"},"sameAs":["https:\/\/facebook.com\/raxxacom"]}]},"og_availability":"instock","product_availability":"instock","product_retailer_item_id":"1-84-9809-268","product_condition":"new"},"jetpack_sharing_enabled":true,"_links":{"self":[{"href":"https:\/\/www.raxxa.com\/es\/wp-json\/wp\/v2\/product\/189930","targetHints":{"allow":["GET"]}}],"collection":[{"href":"https:\/\/www.raxxa.com\/es\/wp-json\/wp\/v2\/product"}],"about":[{"href":"https:\/\/www.raxxa.com\/es\/wp-json\/wp\/v2\/types\/product"}],"replies":[{"embeddable":true,"href":"https:\/\/www.raxxa.com\/es\/wp-json\/wp\/v2\/comments?post=189930"}],"wp:featuredmedia":[{"embeddable":true,"href":"https:\/\/www.raxxa.com\/es\/wp-json\/wp\/v2\/media\/189973"}],"wp:attachment":[{"href":"https:\/\/www.raxxa.com\/es\/wp-json\/wp\/v2\/media?parent=189930"}],"wp:term":[{"taxonomy":"product_brand","embeddable":true,"href":"https:\/\/www.raxxa.com\/es\/wp-json\/wp\/v2\/product_brand?post=189930"},{"taxonomy":"product_cat","embeddable":true,"href":"https:\/\/www.raxxa.com\/es\/wp-json\/wp\/v2\/product_cat?post=189930"},{"taxonomy":"product_tag","embeddable":true,"href":"https:\/\/www.raxxa.com\/es\/wp-json\/wp\/v2\/product_tag?post=189930"}],"curies":[{"name":"wp","href":"https:\/\/api.w.org\/{rel}","templated":true}]}}