{"id":189024,"date":"2024-03-13T12:16:28","date_gmt":"2024-03-13T10:16:28","guid":{"rendered":"https:\/\/www.raxxa.com\/?post_type=product&#038;p=189024"},"modified":"2024-03-13T12:18:12","modified_gmt":"2024-03-13T10:18:12","slug":"raxxa-premium-tischset-osterfreude-16","status":"publish","type":"product","link":"https:\/\/www.raxxa.com\/es\/shop\/raxxa-premium-tischset-osterfreude-16\/","title":{"rendered":"raxxa Mantel Individual Premium: Alegr\u00eda pascual #16"},"content":{"rendered":"<h3><strong>\"Alegr\u00eda pascual #16\" por Slothy<\/strong><\/h3>\n<p><strong><\/strong><\/p>\n<p>En un paisaje encantador, unos simp\u00e1ticos conejitos de Pascua presentan con orgullo unos coloridos huevos de Pascua. Rodeada de exuberante vegetaci\u00f3n, la escena irradia alegr\u00eda primaveral. Los conejitos sonr\u00eden con cari\u00f1o y los huevos brillan con colores vibrantes, listos para celebrar la Pascua.<\/p>\n<p>&nbsp;<\/p>\nAlegra tu comedor con los coloridos manteles individuales de vinilo de nuestros artistas. Estos manteles individuales impresos por una cara est\u00e1n fabricados con un material resistente y son perfectos para dar un toque de color a tu mesa. Con unas medidas de 40 x 30 cm, tienen el tama\u00f1o justo para cualquier vajilla. Embellece tus comidas con estilo y practicidad.<br><br>Notas de material:<br><ul><li>40 x 30 cm.<\/li><li>aprox. 1,6 mm de grosor.<\/li><li>Vinilo.<\/li><li>Limpiar con un pa\u00f1o h\u00famedo, no apto para el lavavajillas.<\/li><li>Fabricado en Alemania.<\/li><\/ul>","protected":false},"excerpt":{"rendered":"<p>&quot;Osterfreude #16&quot; by Slothy In einer bezaubernden Landschaft pr\u00e4sentieren niedliche Osterhasen stolz bunte Ostereier. Umgeben von saftigem Gr\u00fcn, strahlt die Szene Fr\u00fchlingsfreude aus. Die Hasen l\u00e4cheln liebevoll und die Eier leuchten in lebendigen Farben, bereit, das Osterfest zu feiern. &nbsp;<\/p>","protected":false},"featured_media":189053,"comment_status":"open","ping_status":"closed","template":"","meta":[],"product_brand":[],"product_cat":[11600,10765,11051],"product_tag":[],"class_list":{"0":"post-189024","1":"product","2":"type-product","3":"status-publish","4":"has-post-thumbnail","6":"product_cat-fantasy-mythologie","7":"product_cat-slothy","8":"product_cat-tischset","9":"product_shipping_class-versand-tischset","11":"first","12":"instock","13":"taxable","14":"shipping-taxable","15":"purchasable","16":"product-type-variable"},"yoast_head":"<!-- This site is optimized with the Yoast SEO Premium plugin v27.2 (Yoast SEO v27.3) - https:\/\/yoast.com\/product\/yoast-seo-premium-wordpress\/ -->\n<title>raxxa Premium-Tischset: Osterfreude #16 - raxxa<\/title>\n<meta name=\"robots\" content=\"index, follow, max-snippet:-1, max-image-preview:large, max-video-preview:-1\" \/>\n<link rel=\"canonical\" href=\"https:\/\/www.raxxa.com\/es\/shop\/raxxa-premium-tischset-osterfreude-16\/\" \/>\n<meta property=\"og:locale\" content=\"es_ES\" \/>\n<meta property=\"og:type\" content=\"article\" \/>\n<meta property=\"og:title\" content=\"raxxa Premium-Tischset: Osterfreude #16\" \/>\n<meta property=\"og:description\" content=\"&quot;Osterfreude #16&quot; by Slothy In einer bezaubernden Landschaft pr\u00e4sentieren niedliche Osterhasen stolz bunte Ostereier. Umgeben von saftigem Gr\u00fcn, strahlt die Szene Fr\u00fchlingsfreude aus. Die Hasen l\u00e4cheln liebevoll und die Eier leuchten in lebendigen Farben, bereit, das Osterfest zu feiern. &nbsp;\" \/>\n<meta property=\"og:url\" content=\"https:\/\/www.raxxa.com\/es\/shop\/raxxa-premium-tischset-osterfreude-16\/\" \/>\n<meta property=\"og:site_name\" content=\"raxxa\" \/>\n<meta property=\"article:publisher\" content=\"https:\/\/facebook.com\/raxxacom\" \/>\n<meta property=\"article:modified_time\" content=\"2024-03-13T10:18:12+00:00\" \/>\n<meta property=\"og:image\" content=\"https:\/\/www.raxxa.com\/wp-content\/uploads\/2024\/03\/268_15607_Osterfreude-16-Slothy_tischset3.png\" \/>\n\t<meta property=\"og:image:width\" content=\"1000\" \/>\n\t<meta property=\"og:image:height\" content=\"1000\" \/>\n\t<meta property=\"og:image:type\" content=\"image\/png\" \/>\n<meta name=\"twitter:card\" content=\"summary_large_image\" \/>\n<meta name=\"twitter:label1\" content=\"Disponibilidad\" \/>\n\t<meta name=\"twitter:data1\" content=\"Disponible\" \/>\n<script type=\"application\/ld+json\" class=\"yoast-schema-graph\">{\"@context\":\"https:\\\/\\\/schema.org\",\"@graph\":[{\"@type\":[\"WebPage\",\"ItemPage\"],\"@id\":\"https:\\\/\\\/www.raxxa.com\\\/shop\\\/raxxa-premium-tischset-osterfreude-16\\\/\",\"url\":\"https:\\\/\\\/www.raxxa.com\\\/shop\\\/raxxa-premium-tischset-osterfreude-16\\\/\",\"name\":\"raxxa Premium-Tischset: Osterfreude #16 - raxxa\",\"isPartOf\":{\"@id\":\"https:\\\/\\\/www.raxxa.com\\\/#website\"},\"primaryImageOfPage\":{\"@id\":\"https:\\\/\\\/www.raxxa.com\\\/shop\\\/raxxa-premium-tischset-osterfreude-16\\\/#primaryimage\"},\"image\":{\"@id\":\"https:\\\/\\\/www.raxxa.com\\\/shop\\\/raxxa-premium-tischset-osterfreude-16\\\/#primaryimage\"},\"thumbnailUrl\":\"https:\\\/\\\/www.raxxa.com\\\/wp-content\\\/uploads\\\/2024\\\/03\\\/268_15607_Osterfreude-16-Slothy_tischset3.png\",\"datePublished\":\"2024-03-13T10:16:28+00:00\",\"dateModified\":\"2024-03-13T10:18:12+00:00\",\"breadcrumb\":{\"@id\":\"https:\\\/\\\/www.raxxa.com\\\/shop\\\/raxxa-premium-tischset-osterfreude-16\\\/#breadcrumb\"},\"inLanguage\":\"es\",\"potentialAction\":[{\"@type\":\"ReadAction\",\"target\":[\"https:\\\/\\\/www.raxxa.com\\\/shop\\\/raxxa-premium-tischset-osterfreude-16\\\/\"]}]},{\"@type\":\"ImageObject\",\"inLanguage\":\"es\",\"@id\":\"https:\\\/\\\/www.raxxa.com\\\/shop\\\/raxxa-premium-tischset-osterfreude-16\\\/#primaryimage\",\"url\":\"https:\\\/\\\/www.raxxa.com\\\/wp-content\\\/uploads\\\/2024\\\/03\\\/268_15607_Osterfreude-16-Slothy_tischset3.png\",\"contentUrl\":\"https:\\\/\\\/www.raxxa.com\\\/wp-content\\\/uploads\\\/2024\\\/03\\\/268_15607_Osterfreude-16-Slothy_tischset3.png\",\"width\":1000,\"height\":1000},{\"@type\":\"BreadcrumbList\",\"@id\":\"https:\\\/\\\/www.raxxa.com\\\/shop\\\/raxxa-premium-tischset-osterfreude-16\\\/#breadcrumb\",\"itemListElement\":[{\"@type\":\"ListItem\",\"position\":1,\"name\":\"Startseite\",\"item\":\"https:\\\/\\\/www.raxxa.com\\\/\"},{\"@type\":\"ListItem\",\"position\":2,\"name\":\"Shop\",\"item\":\"https:\\\/\\\/www.raxxa.com\\\/it\\\/shop\\\/\"},{\"@type\":\"ListItem\",\"position\":3,\"name\":\"raxxa Premium-Tischset: Osterfreude #16\"}]},{\"@type\":\"WebSite\",\"@id\":\"https:\\\/\\\/www.raxxa.com\\\/#website\",\"url\":\"https:\\\/\\\/www.raxxa.com\\\/\",\"name\":\"raxxa\",\"description\":\"Einzigartige individuelle Produkte von unseren Designern\",\"publisher\":{\"@id\":\"https:\\\/\\\/www.raxxa.com\\\/#organization\"},\"potentialAction\":[{\"@type\":\"SearchAction\",\"target\":{\"@type\":\"EntryPoint\",\"urlTemplate\":\"https:\\\/\\\/www.raxxa.com\\\/?s={search_term_string}\"},\"query-input\":{\"@type\":\"PropertyValueSpecification\",\"valueRequired\":true,\"valueName\":\"search_term_string\"}}],\"inLanguage\":\"es\"},{\"@type\":\"Organization\",\"@id\":\"https:\\\/\\\/www.raxxa.com\\\/#organization\",\"name\":\"raxxa\",\"url\":\"https:\\\/\\\/www.raxxa.com\\\/\",\"logo\":{\"@type\":\"ImageObject\",\"inLanguage\":\"es\",\"@id\":\"https:\\\/\\\/www.raxxa.com\\\/#\\\/schema\\\/logo\\\/image\\\/\",\"url\":\"https:\\\/\\\/www.raxxa.com\\\/wp-content\\\/uploads\\\/2022\\\/07\\\/logo_v2.png\",\"contentUrl\":\"https:\\\/\\\/www.raxxa.com\\\/wp-content\\\/uploads\\\/2022\\\/07\\\/logo_v2.png\",\"width\":380,\"height\":382,\"caption\":\"raxxa\"},\"image\":{\"@id\":\"https:\\\/\\\/www.raxxa.com\\\/#\\\/schema\\\/logo\\\/image\\\/\"},\"sameAs\":[\"https:\\\/\\\/facebook.com\\\/raxxacom\"]}]}<\/script>\n<meta property=\"og:availability\" content=\"instock\" \/>\n<meta property=\"product:availability\" content=\"instock\" \/>\n<meta property=\"product:retailer_item_id\" content=\"1-6-15607-268\" \/>\n<meta property=\"product:condition\" content=\"new\" \/>\n<!-- \/ Yoast SEO Premium plugin. -->","yoast_head_json":{"title":"raxxa Premium-Tischset: Osterfreude #16 - raxxa","robots":{"index":"index","follow":"follow","max-snippet":"max-snippet:-1","max-image-preview":"max-image-preview:large","max-video-preview":"max-video-preview:-1"},"canonical":"https:\/\/www.raxxa.com\/es\/shop\/raxxa-premium-tischset-osterfreude-16\/","og_locale":"es_ES","og_type":"article","og_title":"raxxa Premium-Tischset: Osterfreude #16","og_description":"&quot;Osterfreude #16&quot; by Slothy In einer bezaubernden Landschaft pr\u00e4sentieren niedliche Osterhasen stolz bunte Ostereier. Umgeben von saftigem Gr\u00fcn, strahlt die Szene Fr\u00fchlingsfreude aus. Die Hasen l\u00e4cheln liebevoll und die Eier leuchten in lebendigen Farben, bereit, das Osterfest zu feiern. &nbsp;","og_url":"https:\/\/www.raxxa.com\/es\/shop\/raxxa-premium-tischset-osterfreude-16\/","og_site_name":"raxxa","article_publisher":"https:\/\/facebook.com\/raxxacom","article_modified_time":"2024-03-13T10:18:12+00:00","og_image":[{"width":1000,"height":1000,"url":"https:\/\/www.raxxa.com\/wp-content\/uploads\/2024\/03\/268_15607_Osterfreude-16-Slothy_tischset3.png","type":"image\/png"}],"twitter_card":"summary_large_image","twitter_misc":{"Disponibilidad":"Disponible"},"schema":{"@context":"https:\/\/schema.org","@graph":[{"@type":["WebPage","ItemPage"],"@id":"https:\/\/www.raxxa.com\/shop\/raxxa-premium-tischset-osterfreude-16\/","url":"https:\/\/www.raxxa.com\/shop\/raxxa-premium-tischset-osterfreude-16\/","name":"raxxa Premium-Tischset: Osterfreude #16 - raxxa","isPartOf":{"@id":"https:\/\/www.raxxa.com\/#website"},"primaryImageOfPage":{"@id":"https:\/\/www.raxxa.com\/shop\/raxxa-premium-tischset-osterfreude-16\/#primaryimage"},"image":{"@id":"https:\/\/www.raxxa.com\/shop\/raxxa-premium-tischset-osterfreude-16\/#primaryimage"},"thumbnailUrl":"https:\/\/www.raxxa.com\/wp-content\/uploads\/2024\/03\/268_15607_Osterfreude-16-Slothy_tischset3.png","datePublished":"2024-03-13T10:16:28+00:00","dateModified":"2024-03-13T10:18:12+00:00","breadcrumb":{"@id":"https:\/\/www.raxxa.com\/shop\/raxxa-premium-tischset-osterfreude-16\/#breadcrumb"},"inLanguage":"es","potentialAction":[{"@type":"ReadAction","target":["https:\/\/www.raxxa.com\/shop\/raxxa-premium-tischset-osterfreude-16\/"]}]},{"@type":"ImageObject","inLanguage":"es","@id":"https:\/\/www.raxxa.com\/shop\/raxxa-premium-tischset-osterfreude-16\/#primaryimage","url":"https:\/\/www.raxxa.com\/wp-content\/uploads\/2024\/03\/268_15607_Osterfreude-16-Slothy_tischset3.png","contentUrl":"https:\/\/www.raxxa.com\/wp-content\/uploads\/2024\/03\/268_15607_Osterfreude-16-Slothy_tischset3.png","width":1000,"height":1000},{"@type":"BreadcrumbList","@id":"https:\/\/www.raxxa.com\/shop\/raxxa-premium-tischset-osterfreude-16\/#breadcrumb","itemListElement":[{"@type":"ListItem","position":1,"name":"Startseite","item":"https:\/\/www.raxxa.com\/"},{"@type":"ListItem","position":2,"name":"Shop","item":"https:\/\/www.raxxa.com\/it\/shop\/"},{"@type":"ListItem","position":3,"name":"raxxa Premium-Tischset: Osterfreude #16"}]},{"@type":"WebSite","@id":"https:\/\/www.raxxa.com\/#website","url":"https:\/\/www.raxxa.com\/","name":"raxxa","description":"Productos individuales \u00fanicos de nuestros dise\u00f1adores","publisher":{"@id":"https:\/\/www.raxxa.com\/#organization"},"potentialAction":[{"@type":"SearchAction","target":{"@type":"EntryPoint","urlTemplate":"https:\/\/www.raxxa.com\/?s={search_term_string}"},"query-input":{"@type":"PropertyValueSpecification","valueRequired":true,"valueName":"search_term_string"}}],"inLanguage":"es"},{"@type":"Organization","@id":"https:\/\/www.raxxa.com\/#organization","name":"raxxa","url":"https:\/\/www.raxxa.com\/","logo":{"@type":"ImageObject","inLanguage":"es","@id":"https:\/\/www.raxxa.com\/#\/schema\/logo\/image\/","url":"https:\/\/www.raxxa.com\/wp-content\/uploads\/2022\/07\/logo_v2.png","contentUrl":"https:\/\/www.raxxa.com\/wp-content\/uploads\/2022\/07\/logo_v2.png","width":380,"height":382,"caption":"raxxa"},"image":{"@id":"https:\/\/www.raxxa.com\/#\/schema\/logo\/image\/"},"sameAs":["https:\/\/facebook.com\/raxxacom"]}]},"og_availability":"instock","product_availability":"instock","product_retailer_item_id":"1-6-15607-268","product_condition":"new"},"jetpack_sharing_enabled":true,"_links":{"self":[{"href":"https:\/\/www.raxxa.com\/es\/wp-json\/wp\/v2\/product\/189024","targetHints":{"allow":["GET"]}}],"collection":[{"href":"https:\/\/www.raxxa.com\/es\/wp-json\/wp\/v2\/product"}],"about":[{"href":"https:\/\/www.raxxa.com\/es\/wp-json\/wp\/v2\/types\/product"}],"replies":[{"embeddable":true,"href":"https:\/\/www.raxxa.com\/es\/wp-json\/wp\/v2\/comments?post=189024"}],"wp:featuredmedia":[{"embeddable":true,"href":"https:\/\/www.raxxa.com\/es\/wp-json\/wp\/v2\/media\/189053"}],"wp:attachment":[{"href":"https:\/\/www.raxxa.com\/es\/wp-json\/wp\/v2\/media?parent=189024"}],"wp:term":[{"taxonomy":"product_brand","embeddable":true,"href":"https:\/\/www.raxxa.com\/es\/wp-json\/wp\/v2\/product_brand?post=189024"},{"taxonomy":"product_cat","embeddable":true,"href":"https:\/\/www.raxxa.com\/es\/wp-json\/wp\/v2\/product_cat?post=189024"},{"taxonomy":"product_tag","embeddable":true,"href":"https:\/\/www.raxxa.com\/es\/wp-json\/wp\/v2\/product_tag?post=189024"}],"curies":[{"name":"wp","href":"https:\/\/api.w.org\/{rel}","templated":true}]}}