{"id":181137,"date":"2023-12-12T23:01:21","date_gmt":"2023-12-12T21:01:21","guid":{"rendered":"https:\/\/www.raxxa.com\/?post_type=product&#038;p=181137"},"modified":"2023-12-12T23:08:12","modified_gmt":"2023-12-12T21:08:12","slug":"raxxa-premium-tasse-whimini-monster-funny-family","status":"publish","type":"product","link":"https:\/\/www.raxxa.com\/es\/shop\/raxxa-premium-tasse-whimini-monster-funny-family\/","title":{"rendered":"Taza premium raxxa: Whimini Monster Funny Family"},"content":{"rendered":"<h3><strong>\"Whimini Monster Funny Family\" por Mr Yoda<\/strong><\/h3>\n<p><strong><\/strong><\/p>\n<p>La \u00e9poca navide\u00f1a evoca un ambiente maravilloso con sus luces parpadeantes y el aroma a canela y agujas de pino. Esta taza de Navidad est\u00e1 decorada con el simp\u00e1tico monstruo Struppel de la serie de monstruos Whimini, que nos hace sonre\u00edr y nos recuerda la magia de esta \u00e9poca tan especial. Disfruta de la magia \u00fanica de la Navidad con cada taza que tengas en tus manos.<\/p>\n<p>&nbsp;<\/p>\nSum\u00e9rjase en el mundo de la creatividad con nuestra exclusiva taza de artista: la compa\u00f1era perfecta para sus rituales de t\u00e9 o caf\u00e9.<br>Dise\u00f1o \u00fanico, creado por un artista de talento:<br>Esta taza es m\u00e1s que un recipiente: es un lienzo para el arte. Cada taza ha sido dise\u00f1ada por un artista de talento que ha encontrado su inspiraci\u00f3n en los colores, las formas y las emociones. No s\u00f3lo disfrute de su bebida favorita, sino tambi\u00e9n experimente la profunda conexi\u00f3n con una obra de arte que inspira sus sentidos.<br><br>Notas de material:<br><ul><li>aprox. 330 ml \/ 11 oz.<\/li><li>9,5 cm de alto, 8 cm de di\u00e1metro (medido sin asa)<\/li><li>Apto para lavavajillas y microondas.<\/li><li>Material cer\u00e1mico con superficie brillante.<\/li><li>Fabricado en Alemania.<\/li><\/ul>","protected":false},"excerpt":{"rendered":"<p>&quot;Whimini Monster Funny Family&quot; by Mr. Yoda Die Weihnachtszeit zaubert mit ihren funkelnden Lichtern und dem Duft von Zimt und Tannennadeln eine wunderbare Atmosph\u00e4re. Diese Weihnachtstasse ist mit dem s\u00fc\u00dfen Monster Struppel aus der Whimini Monsterserie verziert, das uns zum L\u00e4cheln bringt und uns an die Magie dieser besonderen Zeit erinnert. Genie\u00dfe den einzigartigen Zauber [&hellip;]<\/p>\n","protected":false},"featured_media":181153,"comment_status":"open","ping_status":"closed","template":"","meta":[],"product_brand":[],"product_cat":[11041,11606,10514],"product_tag":[11607],"class_list":{"0":"post-181137","1":"product","2":"type-product","3":"status-publish","4":"has-post-thumbnail","6":"product_cat-digital","7":"product_cat-tassen","8":"product_cat-yoda","9":"product_tag-whimini-tasse-kaffeetasse-teetasse-becher-keramik-porzellan-henkel-spruch-motiv-trinkgefaess-geschenk-monster-weihnachten-winter","10":"product_shipping_class-versand-tassen","12":"first","13":"instock","14":"taxable","15":"shipping-taxable","16":"purchasable","17":"product-type-variable"},"yoast_head":"<!-- This site is optimized with the Yoast SEO Premium plugin v27.2 (Yoast SEO v27.3) - https:\/\/yoast.com\/product\/yoast-seo-premium-wordpress\/ -->\n<title>raxxa Premium-Tasse: Whimini Monster Funny Family - raxxa<\/title>\n<meta name=\"robots\" content=\"index, follow, max-snippet:-1, max-image-preview:large, max-video-preview:-1\" \/>\n<link rel=\"canonical\" href=\"https:\/\/www.raxxa.com\/es\/shop\/raxxa-premium-tasse-whimini-monster-funny-family\/\" \/>\n<meta property=\"og:locale\" content=\"es_ES\" \/>\n<meta property=\"og:type\" content=\"article\" \/>\n<meta property=\"og:title\" content=\"raxxa Premium-Tasse: Whimini Monster Funny Family\" \/>\n<meta property=\"og:description\" content=\"&quot;Whimini Monster Funny Family&quot; by Mr. Yoda Die Weihnachtszeit zaubert mit ihren funkelnden Lichtern und dem Duft von Zimt und Tannennadeln eine wunderbare Atmosph\u00e4re. Diese Weihnachtstasse ist mit dem s\u00fc\u00dfen Monster Struppel aus der Whimini Monsterserie verziert, das uns zum L\u00e4cheln bringt und uns an die Magie dieser besonderen Zeit erinnert. Genie\u00dfe den einzigartigen Zauber [&hellip;]\" \/>\n<meta property=\"og:url\" content=\"https:\/\/www.raxxa.com\/es\/shop\/raxxa-premium-tasse-whimini-monster-funny-family\/\" \/>\n<meta property=\"og:site_name\" content=\"raxxa\" \/>\n<meta property=\"article:publisher\" content=\"https:\/\/facebook.com\/raxxacom\" \/>\n<meta property=\"article:modified_time\" content=\"2023-12-12T21:08:12+00:00\" \/>\n<meta property=\"og:image\" content=\"https:\/\/www.raxxa.com\/wp-content\/uploads\/2023\/12\/raxxa-tasse-Mr.-Yoda-Whimini20Monster20Funny20Family-1.jpg\" \/>\n\t<meta property=\"og:image:width\" content=\"2048\" \/>\n\t<meta property=\"og:image:height\" content=\"2048\" \/>\n\t<meta property=\"og:image:type\" content=\"image\/jpeg\" \/>\n<meta name=\"twitter:card\" content=\"summary_large_image\" \/>\n<meta name=\"twitter:label1\" content=\"Disponibilidad\" \/>\n\t<meta name=\"twitter:data1\" content=\"Disponible\" \/>\n<script type=\"application\/ld+json\" class=\"yoast-schema-graph\">{\"@context\":\"https:\\\/\\\/schema.org\",\"@graph\":[{\"@type\":[\"WebPage\",\"ItemPage\"],\"@id\":\"https:\\\/\\\/www.raxxa.com\\\/shop\\\/raxxa-premium-tasse-whimini-monster-funny-family\\\/\",\"url\":\"https:\\\/\\\/www.raxxa.com\\\/shop\\\/raxxa-premium-tasse-whimini-monster-funny-family\\\/\",\"name\":\"raxxa Premium-Tasse: Whimini Monster Funny Family - raxxa\",\"isPartOf\":{\"@id\":\"https:\\\/\\\/www.raxxa.com\\\/#website\"},\"primaryImageOfPage\":{\"@id\":\"https:\\\/\\\/www.raxxa.com\\\/shop\\\/raxxa-premium-tasse-whimini-monster-funny-family\\\/#primaryimage\"},\"image\":{\"@id\":\"https:\\\/\\\/www.raxxa.com\\\/shop\\\/raxxa-premium-tasse-whimini-monster-funny-family\\\/#primaryimage\"},\"thumbnailUrl\":\"https:\\\/\\\/www.raxxa.com\\\/wp-content\\\/uploads\\\/2023\\\/12\\\/raxxa-tasse-Mr.-Yoda-Whimini20Monster20Funny20Family-1.jpg\",\"datePublished\":\"2023-12-12T21:01:21+00:00\",\"dateModified\":\"2023-12-12T21:08:12+00:00\",\"breadcrumb\":{\"@id\":\"https:\\\/\\\/www.raxxa.com\\\/shop\\\/raxxa-premium-tasse-whimini-monster-funny-family\\\/#breadcrumb\"},\"inLanguage\":\"es\",\"potentialAction\":[{\"@type\":\"ReadAction\",\"target\":[\"https:\\\/\\\/www.raxxa.com\\\/shop\\\/raxxa-premium-tasse-whimini-monster-funny-family\\\/\"]}]},{\"@type\":\"ImageObject\",\"inLanguage\":\"es\",\"@id\":\"https:\\\/\\\/www.raxxa.com\\\/shop\\\/raxxa-premium-tasse-whimini-monster-funny-family\\\/#primaryimage\",\"url\":\"https:\\\/\\\/www.raxxa.com\\\/wp-content\\\/uploads\\\/2023\\\/12\\\/raxxa-tasse-Mr.-Yoda-Whimini20Monster20Funny20Family-1.jpg\",\"contentUrl\":\"https:\\\/\\\/www.raxxa.com\\\/wp-content\\\/uploads\\\/2023\\\/12\\\/raxxa-tasse-Mr.-Yoda-Whimini20Monster20Funny20Family-1.jpg\",\"width\":2048,\"height\":2048},{\"@type\":\"BreadcrumbList\",\"@id\":\"https:\\\/\\\/www.raxxa.com\\\/shop\\\/raxxa-premium-tasse-whimini-monster-funny-family\\\/#breadcrumb\",\"itemListElement\":[{\"@type\":\"ListItem\",\"position\":1,\"name\":\"Startseite\",\"item\":\"https:\\\/\\\/www.raxxa.com\\\/\"},{\"@type\":\"ListItem\",\"position\":2,\"name\":\"Shop\",\"item\":\"https:\\\/\\\/www.raxxa.com\\\/it\\\/shop\\\/\"},{\"@type\":\"ListItem\",\"position\":3,\"name\":\"raxxa Premium-Tasse: Whimini Monster Funny Family\"}]},{\"@type\":\"WebSite\",\"@id\":\"https:\\\/\\\/www.raxxa.com\\\/#website\",\"url\":\"https:\\\/\\\/www.raxxa.com\\\/\",\"name\":\"raxxa\",\"description\":\"Einzigartige individuelle Produkte von unseren Designern\",\"publisher\":{\"@id\":\"https:\\\/\\\/www.raxxa.com\\\/#organization\"},\"potentialAction\":[{\"@type\":\"SearchAction\",\"target\":{\"@type\":\"EntryPoint\",\"urlTemplate\":\"https:\\\/\\\/www.raxxa.com\\\/?s={search_term_string}\"},\"query-input\":{\"@type\":\"PropertyValueSpecification\",\"valueRequired\":true,\"valueName\":\"search_term_string\"}}],\"inLanguage\":\"es\"},{\"@type\":\"Organization\",\"@id\":\"https:\\\/\\\/www.raxxa.com\\\/#organization\",\"name\":\"raxxa\",\"url\":\"https:\\\/\\\/www.raxxa.com\\\/\",\"logo\":{\"@type\":\"ImageObject\",\"inLanguage\":\"es\",\"@id\":\"https:\\\/\\\/www.raxxa.com\\\/#\\\/schema\\\/logo\\\/image\\\/\",\"url\":\"https:\\\/\\\/www.raxxa.com\\\/wp-content\\\/uploads\\\/2022\\\/07\\\/logo_v2.png\",\"contentUrl\":\"https:\\\/\\\/www.raxxa.com\\\/wp-content\\\/uploads\\\/2022\\\/07\\\/logo_v2.png\",\"width\":380,\"height\":382,\"caption\":\"raxxa\"},\"image\":{\"@id\":\"https:\\\/\\\/www.raxxa.com\\\/#\\\/schema\\\/logo\\\/image\\\/\"},\"sameAs\":[\"https:\\\/\\\/facebook.com\\\/raxxacom\"]}]}<\/script>\n<meta property=\"og:availability\" content=\"instock\" \/>\n<meta property=\"product:availability\" content=\"instock\" \/>\n<meta property=\"product:retailer_item_id\" content=\"1-181-9643-136\" \/>\n<meta property=\"product:condition\" content=\"new\" \/>\n<!-- \/ Yoast SEO Premium plugin. -->","yoast_head_json":{"title":"Taza premium raxxa: Whimini Monster Funny Family - raxxa","robots":{"index":"index","follow":"follow","max-snippet":"max-snippet:-1","max-image-preview":"max-image-preview:large","max-video-preview":"max-video-preview:-1"},"canonical":"https:\/\/www.raxxa.com\/es\/shop\/raxxa-premium-tasse-whimini-monster-funny-family\/","og_locale":"es_ES","og_type":"article","og_title":"raxxa Premium-Tasse: Whimini Monster Funny Family","og_description":"&quot;Whimini Monster Funny Family&quot; by Mr. Yoda Die Weihnachtszeit zaubert mit ihren funkelnden Lichtern und dem Duft von Zimt und Tannennadeln eine wunderbare Atmosph\u00e4re. Diese Weihnachtstasse ist mit dem s\u00fc\u00dfen Monster Struppel aus der Whimini Monsterserie verziert, das uns zum L\u00e4cheln bringt und uns an die Magie dieser besonderen Zeit erinnert. Genie\u00dfe den einzigartigen Zauber [&hellip;]","og_url":"https:\/\/www.raxxa.com\/es\/shop\/raxxa-premium-tasse-whimini-monster-funny-family\/","og_site_name":"raxxa","article_publisher":"https:\/\/facebook.com\/raxxacom","article_modified_time":"2023-12-12T21:08:12+00:00","og_image":[{"width":2048,"height":2048,"url":"https:\/\/www.raxxa.com\/wp-content\/uploads\/2023\/12\/raxxa-tasse-Mr.-Yoda-Whimini20Monster20Funny20Family-1.jpg","type":"image\/jpeg"}],"twitter_card":"summary_large_image","twitter_misc":{"Disponibilidad":"Disponible"},"schema":{"@context":"https:\/\/schema.org","@graph":[{"@type":["WebPage","ItemPage"],"@id":"https:\/\/www.raxxa.com\/shop\/raxxa-premium-tasse-whimini-monster-funny-family\/","url":"https:\/\/www.raxxa.com\/shop\/raxxa-premium-tasse-whimini-monster-funny-family\/","name":"Taza premium raxxa: Whimini Monster Funny Family - raxxa","isPartOf":{"@id":"https:\/\/www.raxxa.com\/#website"},"primaryImageOfPage":{"@id":"https:\/\/www.raxxa.com\/shop\/raxxa-premium-tasse-whimini-monster-funny-family\/#primaryimage"},"image":{"@id":"https:\/\/www.raxxa.com\/shop\/raxxa-premium-tasse-whimini-monster-funny-family\/#primaryimage"},"thumbnailUrl":"https:\/\/www.raxxa.com\/wp-content\/uploads\/2023\/12\/raxxa-tasse-Mr.-Yoda-Whimini20Monster20Funny20Family-1.jpg","datePublished":"2023-12-12T21:01:21+00:00","dateModified":"2023-12-12T21:08:12+00:00","breadcrumb":{"@id":"https:\/\/www.raxxa.com\/shop\/raxxa-premium-tasse-whimini-monster-funny-family\/#breadcrumb"},"inLanguage":"es","potentialAction":[{"@type":"ReadAction","target":["https:\/\/www.raxxa.com\/shop\/raxxa-premium-tasse-whimini-monster-funny-family\/"]}]},{"@type":"ImageObject","inLanguage":"es","@id":"https:\/\/www.raxxa.com\/shop\/raxxa-premium-tasse-whimini-monster-funny-family\/#primaryimage","url":"https:\/\/www.raxxa.com\/wp-content\/uploads\/2023\/12\/raxxa-tasse-Mr.-Yoda-Whimini20Monster20Funny20Family-1.jpg","contentUrl":"https:\/\/www.raxxa.com\/wp-content\/uploads\/2023\/12\/raxxa-tasse-Mr.-Yoda-Whimini20Monster20Funny20Family-1.jpg","width":2048,"height":2048},{"@type":"BreadcrumbList","@id":"https:\/\/www.raxxa.com\/shop\/raxxa-premium-tasse-whimini-monster-funny-family\/#breadcrumb","itemListElement":[{"@type":"ListItem","position":1,"name":"Startseite","item":"https:\/\/www.raxxa.com\/"},{"@type":"ListItem","position":2,"name":"Shop","item":"https:\/\/www.raxxa.com\/it\/shop\/"},{"@type":"ListItem","position":3,"name":"raxxa Premium-Tasse: Whimini Monster Funny Family"}]},{"@type":"WebSite","@id":"https:\/\/www.raxxa.com\/#website","url":"https:\/\/www.raxxa.com\/","name":"raxxa","description":"Productos individuales \u00fanicos de nuestros dise\u00f1adores","publisher":{"@id":"https:\/\/www.raxxa.com\/#organization"},"potentialAction":[{"@type":"SearchAction","target":{"@type":"EntryPoint","urlTemplate":"https:\/\/www.raxxa.com\/?s={search_term_string}"},"query-input":{"@type":"PropertyValueSpecification","valueRequired":true,"valueName":"search_term_string"}}],"inLanguage":"es"},{"@type":"Organization","@id":"https:\/\/www.raxxa.com\/#organization","name":"raxxa","url":"https:\/\/www.raxxa.com\/","logo":{"@type":"ImageObject","inLanguage":"es","@id":"https:\/\/www.raxxa.com\/#\/schema\/logo\/image\/","url":"https:\/\/www.raxxa.com\/wp-content\/uploads\/2022\/07\/logo_v2.png","contentUrl":"https:\/\/www.raxxa.com\/wp-content\/uploads\/2022\/07\/logo_v2.png","width":380,"height":382,"caption":"raxxa"},"image":{"@id":"https:\/\/www.raxxa.com\/#\/schema\/logo\/image\/"},"sameAs":["https:\/\/facebook.com\/raxxacom"]}]},"og_availability":"instock","product_availability":"instock","product_retailer_item_id":"1-181-9643-136","product_condition":"new"},"jetpack_sharing_enabled":true,"_links":{"self":[{"href":"https:\/\/www.raxxa.com\/es\/wp-json\/wp\/v2\/product\/181137","targetHints":{"allow":["GET"]}}],"collection":[{"href":"https:\/\/www.raxxa.com\/es\/wp-json\/wp\/v2\/product"}],"about":[{"href":"https:\/\/www.raxxa.com\/es\/wp-json\/wp\/v2\/types\/product"}],"replies":[{"embeddable":true,"href":"https:\/\/www.raxxa.com\/es\/wp-json\/wp\/v2\/comments?post=181137"}],"wp:featuredmedia":[{"embeddable":true,"href":"https:\/\/www.raxxa.com\/es\/wp-json\/wp\/v2\/media\/181153"}],"wp:attachment":[{"href":"https:\/\/www.raxxa.com\/es\/wp-json\/wp\/v2\/media?parent=181137"}],"wp:term":[{"taxonomy":"product_brand","embeddable":true,"href":"https:\/\/www.raxxa.com\/es\/wp-json\/wp\/v2\/product_brand?post=181137"},{"taxonomy":"product_cat","embeddable":true,"href":"https:\/\/www.raxxa.com\/es\/wp-json\/wp\/v2\/product_cat?post=181137"},{"taxonomy":"product_tag","embeddable":true,"href":"https:\/\/www.raxxa.com\/es\/wp-json\/wp\/v2\/product_tag?post=181137"}],"curies":[{"name":"wp","href":"https:\/\/api.w.org\/{rel}","templated":true}]}}