{"id":170850,"date":"2023-10-03T14:49:26","date_gmt":"2023-10-03T12:49:26","guid":{"rendered":"https:\/\/www.raxxa.com\/?post_type=product&#038;p=170850"},"modified":"2025-10-31T11:06:30","modified_gmt":"2025-10-31T09:06:30","slug":"raxxa-premium-tischset-nostalgischer-kakadu","status":"publish","type":"product","link":"https:\/\/www.raxxa.com\/es\/shop\/raxxa-premium-tischset-nostalgischer-kakadu\/","title":{"rendered":"mantel individual raxxa premium: Nostalgic cockatoo jungle"},"content":{"rendered":"<h3><strong>\"Nost\u00e1lgica jungla de cacat\u00faas\" de Uta Naumann<\/strong><\/h3>\n<p><strong><\/strong><\/p>\n<p>En esta ilustraci\u00f3n vintage, una cacat\u00faa blanca ocupa el centro del escenario, rodeada de un exuberante marco de rosas de flores antiguas y hojas de palmeras tropicales. El fondo, de un suave tono azul, acent\u00faa el ambiente tropical y ex\u00f3tico de la escena. El plumaje de los loros rebosa exuberancia y colorido y contrasta con el delicado fondo pastel. Esta composici\u00f3n transporta al espectador a una \u00e9poca pasada de elegancia y al atractivo de lejanos y exuberantes para\u00edsos tropicales. Los intrincados detalles y la vibrante paleta de colores hacen de esta ilustraci\u00f3n una cautivadora instant\u00e1nea de la belleza de la naturaleza.<\/p>\n<p>&nbsp;<\/p>\nAlegra tu comedor con los coloridos manteles individuales de vinilo de nuestros artistas. Estos manteles individuales impresos por una cara est\u00e1n fabricados con un material resistente y son perfectos para dar un toque de color a tu mesa. Con unas medidas de 40 x 30 cm, tienen el tama\u00f1o justo para cualquier vajilla. Embellece tus comidas con estilo y practicidad.<br><br>Notas de material:<br><ul><li>40 x 30 cm.<\/li><li>aprox. 1,6 mm de grosor.<\/li><li>Vinilo.<\/li><li>Limpiar con un pa\u00f1o h\u00famedo, no apto para el lavavajillas.<\/li><li>Fabricado en Alemania.<\/li><\/ul>","protected":false},"excerpt":{"rendered":"<p>&quot;Nostalgischer Kakadu Dschungel&quot; by Uta Naumann In dieser Vintage-Illustration steht ein wei\u00dfer Kakadu im Mittelpunkt, umgeben von einem \u00fcppigen Rahmen aus antiken Blumen Rosen und tropischen Palmen Bl\u00e4ttern. Der Hintergrund, ein sanfter blau ton, unterstreicht das tropische und exotische Ambiente der Szene. Das Gefieder der Papageien strotzt vor \u00fcppigen, farbenfrohen T\u00f6nen und bildet einen auff\u00e4lligen [&hellip;]<\/p>\n","protected":false},"featured_media":246425,"comment_status":"open","ping_status":"closed","template":"","meta":[],"product_brand":[],"product_cat":[136,11218,11051],"product_tag":[],"class_list":{"0":"post-170850","1":"product","2":"type-product","3":"status-publish","4":"has-post-thumbnail","6":"product_cat-natur","7":"product_cat-uta-naumann","8":"product_cat-tischset","9":"product_shipping_class-versand-tischset","11":"first","12":"instock","13":"taxable","14":"shipping-taxable","15":"purchasable","16":"product-type-variable"},"yoast_head":"<!-- This site is optimized with the Yoast SEO Premium plugin v27.5 (Yoast SEO v27.6) - https:\/\/yoast.com\/product\/yoast-seo-premium-wordpress\/ -->\n<title>raxxa Premium-Tischset: Nostalgischer Kakadu Dschungel - raxxa<\/title>\n<meta name=\"robots\" content=\"index, follow, max-snippet:-1, max-image-preview:large, max-video-preview:-1\" \/>\n<link rel=\"canonical\" href=\"https:\/\/www.raxxa.com\/es\/shop\/raxxa-premium-tischset-nostalgischer-kakadu\/\" \/>\n<meta property=\"og:locale\" content=\"es_ES\" \/>\n<meta property=\"og:type\" content=\"article\" \/>\n<meta property=\"og:title\" content=\"raxxa Premium-Tischset: Nostalgischer Kakadu Dschungel\" \/>\n<meta property=\"og:description\" content=\"&quot;Nostalgischer Kakadu Dschungel&quot; by Uta Naumann In dieser Vintage-Illustration steht ein wei\u00dfer Kakadu im Mittelpunkt, umgeben von einem \u00fcppigen Rahmen aus antiken Blumen Rosen und tropischen Palmen Bl\u00e4ttern. Der Hintergrund, ein sanfter blau ton, unterstreicht das tropische und exotische Ambiente der Szene. Das Gefieder der Papageien strotzt vor \u00fcppigen, farbenfrohen T\u00f6nen und bildet einen auff\u00e4lligen [&hellip;]\" \/>\n<meta property=\"og:url\" content=\"https:\/\/www.raxxa.com\/es\/shop\/raxxa-premium-tischset-nostalgischer-kakadu\/\" \/>\n<meta property=\"og:site_name\" content=\"raxxa\" \/>\n<meta property=\"article:publisher\" content=\"https:\/\/facebook.com\/raxxacom\" \/>\n<meta property=\"article:modified_time\" content=\"2025-10-31T09:06:30+00:00\" \/>\n<meta property=\"og:image\" content=\"https:\/\/www.raxxa.com\/wp-content\/uploads\/2023\/10\/282_7315_Nostalgischer-Kakadu-Dschungel-Uta-Naumann_tischset3.png\" \/>\n\t<meta property=\"og:image:width\" content=\"800\" \/>\n\t<meta property=\"og:image:height\" content=\"800\" \/>\n\t<meta property=\"og:image:type\" content=\"image\/png\" \/>\n<meta name=\"twitter:card\" content=\"summary_large_image\" \/>\n<meta name=\"twitter:label1\" content=\"Disponibilidad\" \/>\n\t<meta name=\"twitter:data1\" content=\"Disponible\" \/>\n<script type=\"application\/ld+json\" class=\"yoast-schema-graph\">{\"@context\":\"https:\\\/\\\/schema.org\",\"@graph\":[{\"@type\":[\"WebPage\",\"ItemPage\"],\"@id\":\"https:\\\/\\\/www.raxxa.com\\\/shop\\\/raxxa-premium-tischset-nostalgischer-kakadu\\\/\",\"url\":\"https:\\\/\\\/www.raxxa.com\\\/shop\\\/raxxa-premium-tischset-nostalgischer-kakadu\\\/\",\"name\":\"raxxa Premium-Tischset: Nostalgischer Kakadu Dschungel - raxxa\",\"isPartOf\":{\"@id\":\"https:\\\/\\\/www.raxxa.com\\\/#website\"},\"primaryImageOfPage\":{\"@id\":\"https:\\\/\\\/www.raxxa.com\\\/shop\\\/raxxa-premium-tischset-nostalgischer-kakadu\\\/#primaryimage\"},\"image\":{\"@id\":\"https:\\\/\\\/www.raxxa.com\\\/shop\\\/raxxa-premium-tischset-nostalgischer-kakadu\\\/#primaryimage\"},\"thumbnailUrl\":\"https:\\\/\\\/www.raxxa.com\\\/wp-content\\\/uploads\\\/2023\\\/10\\\/raxxa-Tischset-282-7315-6-Uta-Naumann-Nostalgischer-Kakadu-Dschungel-13-1.jpg\",\"datePublished\":\"2023-10-03T12:49:26+00:00\",\"dateModified\":\"2025-10-31T09:06:30+00:00\",\"breadcrumb\":{\"@id\":\"https:\\\/\\\/www.raxxa.com\\\/shop\\\/raxxa-premium-tischset-nostalgischer-kakadu\\\/#breadcrumb\"},\"inLanguage\":\"es\",\"potentialAction\":[{\"@type\":\"ReadAction\",\"target\":[\"https:\\\/\\\/www.raxxa.com\\\/shop\\\/raxxa-premium-tischset-nostalgischer-kakadu\\\/\"]}]},{\"@type\":\"ImageObject\",\"inLanguage\":\"es\",\"@id\":\"https:\\\/\\\/www.raxxa.com\\\/shop\\\/raxxa-premium-tischset-nostalgischer-kakadu\\\/#primaryimage\",\"url\":\"https:\\\/\\\/www.raxxa.com\\\/wp-content\\\/uploads\\\/2023\\\/10\\\/raxxa-Tischset-282-7315-6-Uta-Naumann-Nostalgischer-Kakadu-Dschungel-13-1.jpg\",\"contentUrl\":\"https:\\\/\\\/www.raxxa.com\\\/wp-content\\\/uploads\\\/2023\\\/10\\\/raxxa-Tischset-282-7315-6-Uta-Naumann-Nostalgischer-Kakadu-Dschungel-13-1.jpg\",\"width\":1024,\"height\":1024},{\"@type\":\"BreadcrumbList\",\"@id\":\"https:\\\/\\\/www.raxxa.com\\\/shop\\\/raxxa-premium-tischset-nostalgischer-kakadu\\\/#breadcrumb\",\"itemListElement\":[{\"@type\":\"ListItem\",\"position\":1,\"name\":\"Startseite\",\"item\":\"https:\\\/\\\/www.raxxa.com\\\/\"},{\"@type\":\"ListItem\",\"position\":2,\"name\":\"Shop\",\"item\":\"https:\\\/\\\/www.raxxa.com\\\/it\\\/shop\\\/\"},{\"@type\":\"ListItem\",\"position\":3,\"name\":\"raxxa Premium-Tischset: Nostalgischer Kakadu Dschungel\"}]},{\"@type\":\"WebSite\",\"@id\":\"https:\\\/\\\/www.raxxa.com\\\/#website\",\"url\":\"https:\\\/\\\/www.raxxa.com\\\/\",\"name\":\"raxxa\",\"description\":\"Einzigartige individuelle Produkte von unseren Designern\",\"publisher\":{\"@id\":\"https:\\\/\\\/www.raxxa.com\\\/#organization\"},\"potentialAction\":[{\"@type\":\"SearchAction\",\"target\":{\"@type\":\"EntryPoint\",\"urlTemplate\":\"https:\\\/\\\/www.raxxa.com\\\/?s={search_term_string}\"},\"query-input\":{\"@type\":\"PropertyValueSpecification\",\"valueRequired\":true,\"valueName\":\"search_term_string\"}}],\"inLanguage\":\"es\"},{\"@type\":\"Organization\",\"@id\":\"https:\\\/\\\/www.raxxa.com\\\/#organization\",\"name\":\"raxxa\",\"url\":\"https:\\\/\\\/www.raxxa.com\\\/\",\"logo\":{\"@type\":\"ImageObject\",\"inLanguage\":\"es\",\"@id\":\"https:\\\/\\\/www.raxxa.com\\\/#\\\/schema\\\/logo\\\/image\\\/\",\"url\":\"https:\\\/\\\/www.raxxa.com\\\/wp-content\\\/uploads\\\/2022\\\/07\\\/logo_v2.png\",\"contentUrl\":\"https:\\\/\\\/www.raxxa.com\\\/wp-content\\\/uploads\\\/2022\\\/07\\\/logo_v2.png\",\"width\":380,\"height\":382,\"caption\":\"raxxa\"},\"image\":{\"@id\":\"https:\\\/\\\/www.raxxa.com\\\/#\\\/schema\\\/logo\\\/image\\\/\"},\"sameAs\":[\"https:\\\/\\\/facebook.com\\\/raxxacom\"]}]}<\/script>\n<meta property=\"og:availability\" content=\"instock\" \/>\n<meta property=\"product:availability\" content=\"instock\" \/>\n<meta property=\"product:retailer_item_id\" content=\"1-6-7315-282\" \/>\n<meta property=\"product:condition\" content=\"new\" \/>\n<!-- \/ Yoast SEO Premium plugin. -->","yoast_head_json":{"title":"raxxa Premium-Tischset: Nostalgischer Kakadu Dschungel - raxxa","robots":{"index":"index","follow":"follow","max-snippet":"max-snippet:-1","max-image-preview":"max-image-preview:large","max-video-preview":"max-video-preview:-1"},"canonical":"https:\/\/www.raxxa.com\/es\/shop\/raxxa-premium-tischset-nostalgischer-kakadu\/","og_locale":"es_ES","og_type":"article","og_title":"raxxa Premium-Tischset: Nostalgischer Kakadu Dschungel","og_description":"&quot;Nostalgischer Kakadu Dschungel&quot; by Uta Naumann In dieser Vintage-Illustration steht ein wei\u00dfer Kakadu im Mittelpunkt, umgeben von einem \u00fcppigen Rahmen aus antiken Blumen Rosen und tropischen Palmen Bl\u00e4ttern. Der Hintergrund, ein sanfter blau ton, unterstreicht das tropische und exotische Ambiente der Szene. Das Gefieder der Papageien strotzt vor \u00fcppigen, farbenfrohen T\u00f6nen und bildet einen auff\u00e4lligen [&hellip;]","og_url":"https:\/\/www.raxxa.com\/es\/shop\/raxxa-premium-tischset-nostalgischer-kakadu\/","og_site_name":"raxxa","article_publisher":"https:\/\/facebook.com\/raxxacom","article_modified_time":"2025-10-31T09:06:30+00:00","og_image":[{"width":800,"height":800,"url":"https:\/\/www.raxxa.com\/wp-content\/uploads\/2023\/10\/282_7315_Nostalgischer-Kakadu-Dschungel-Uta-Naumann_tischset3.png","type":"image\/png"}],"twitter_card":"summary_large_image","twitter_misc":{"Disponibilidad":"Disponible"},"schema":{"@context":"https:\/\/schema.org","@graph":[{"@type":["WebPage","ItemPage"],"@id":"https:\/\/www.raxxa.com\/shop\/raxxa-premium-tischset-nostalgischer-kakadu\/","url":"https:\/\/www.raxxa.com\/shop\/raxxa-premium-tischset-nostalgischer-kakadu\/","name":"raxxa Premium-Tischset: Nostalgischer Kakadu Dschungel - raxxa","isPartOf":{"@id":"https:\/\/www.raxxa.com\/#website"},"primaryImageOfPage":{"@id":"https:\/\/www.raxxa.com\/shop\/raxxa-premium-tischset-nostalgischer-kakadu\/#primaryimage"},"image":{"@id":"https:\/\/www.raxxa.com\/shop\/raxxa-premium-tischset-nostalgischer-kakadu\/#primaryimage"},"thumbnailUrl":"https:\/\/www.raxxa.com\/wp-content\/uploads\/2023\/10\/raxxa-Tischset-282-7315-6-Uta-Naumann-Nostalgischer-Kakadu-Dschungel-13-1.jpg","datePublished":"2023-10-03T12:49:26+00:00","dateModified":"2025-10-31T09:06:30+00:00","breadcrumb":{"@id":"https:\/\/www.raxxa.com\/shop\/raxxa-premium-tischset-nostalgischer-kakadu\/#breadcrumb"},"inLanguage":"es","potentialAction":[{"@type":"ReadAction","target":["https:\/\/www.raxxa.com\/shop\/raxxa-premium-tischset-nostalgischer-kakadu\/"]}]},{"@type":"ImageObject","inLanguage":"es","@id":"https:\/\/www.raxxa.com\/shop\/raxxa-premium-tischset-nostalgischer-kakadu\/#primaryimage","url":"https:\/\/www.raxxa.com\/wp-content\/uploads\/2023\/10\/raxxa-Tischset-282-7315-6-Uta-Naumann-Nostalgischer-Kakadu-Dschungel-13-1.jpg","contentUrl":"https:\/\/www.raxxa.com\/wp-content\/uploads\/2023\/10\/raxxa-Tischset-282-7315-6-Uta-Naumann-Nostalgischer-Kakadu-Dschungel-13-1.jpg","width":1024,"height":1024},{"@type":"BreadcrumbList","@id":"https:\/\/www.raxxa.com\/shop\/raxxa-premium-tischset-nostalgischer-kakadu\/#breadcrumb","itemListElement":[{"@type":"ListItem","position":1,"name":"Startseite","item":"https:\/\/www.raxxa.com\/"},{"@type":"ListItem","position":2,"name":"Shop","item":"https:\/\/www.raxxa.com\/it\/shop\/"},{"@type":"ListItem","position":3,"name":"raxxa Premium-Tischset: Nostalgischer Kakadu Dschungel"}]},{"@type":"WebSite","@id":"https:\/\/www.raxxa.com\/#website","url":"https:\/\/www.raxxa.com\/","name":"raxxa","description":"Productos individuales \u00fanicos de nuestros dise\u00f1adores","publisher":{"@id":"https:\/\/www.raxxa.com\/#organization"},"potentialAction":[{"@type":"SearchAction","target":{"@type":"EntryPoint","urlTemplate":"https:\/\/www.raxxa.com\/?s={search_term_string}"},"query-input":{"@type":"PropertyValueSpecification","valueRequired":true,"valueName":"search_term_string"}}],"inLanguage":"es"},{"@type":"Organization","@id":"https:\/\/www.raxxa.com\/#organization","name":"raxxa","url":"https:\/\/www.raxxa.com\/","logo":{"@type":"ImageObject","inLanguage":"es","@id":"https:\/\/www.raxxa.com\/#\/schema\/logo\/image\/","url":"https:\/\/www.raxxa.com\/wp-content\/uploads\/2022\/07\/logo_v2.png","contentUrl":"https:\/\/www.raxxa.com\/wp-content\/uploads\/2022\/07\/logo_v2.png","width":380,"height":382,"caption":"raxxa"},"image":{"@id":"https:\/\/www.raxxa.com\/#\/schema\/logo\/image\/"},"sameAs":["https:\/\/facebook.com\/raxxacom"]}]},"og_availability":"instock","product_availability":"instock","product_retailer_item_id":"1-6-7315-282","product_condition":"new"},"jetpack_sharing_enabled":true,"_links":{"self":[{"href":"https:\/\/www.raxxa.com\/es\/wp-json\/wp\/v2\/product\/170850","targetHints":{"allow":["GET"]}}],"collection":[{"href":"https:\/\/www.raxxa.com\/es\/wp-json\/wp\/v2\/product"}],"about":[{"href":"https:\/\/www.raxxa.com\/es\/wp-json\/wp\/v2\/types\/product"}],"replies":[{"embeddable":true,"href":"https:\/\/www.raxxa.com\/es\/wp-json\/wp\/v2\/comments?post=170850"}],"wp:featuredmedia":[{"embeddable":true,"href":"https:\/\/www.raxxa.com\/es\/wp-json\/wp\/v2\/media\/246425"}],"wp:attachment":[{"href":"https:\/\/www.raxxa.com\/es\/wp-json\/wp\/v2\/media?parent=170850"}],"wp:term":[{"taxonomy":"product_brand","embeddable":true,"href":"https:\/\/www.raxxa.com\/es\/wp-json\/wp\/v2\/product_brand?post=170850"},{"taxonomy":"product_cat","embeddable":true,"href":"https:\/\/www.raxxa.com\/es\/wp-json\/wp\/v2\/product_cat?post=170850"},{"taxonomy":"product_tag","embeddable":true,"href":"https:\/\/www.raxxa.com\/es\/wp-json\/wp\/v2\/product_tag?post=170850"}],"curies":[{"name":"wp","href":"https:\/\/api.w.org\/{rel}","templated":true}]}}