{"id":161265,"date":"2023-07-01T07:59:30","date_gmt":"2023-07-01T05:59:30","guid":{"rendered":"https:\/\/www.raxxa.com\/?post_type=product&#038;p=161265"},"modified":"2023-07-01T08:45:41","modified_gmt":"2023-07-01T06:45:41","slug":"badeshort-black-white-no-1","status":"publish","type":"product","link":"https:\/\/www.raxxa.com\/es\/shop\/badeshort-black-white-no-1\/","title":{"rendered":"Shorts de ba\u00f1o: Black &amp; White No 1"},"content":{"rendered":"<div>\n  <span style='font-weight: bolder; font-size: 1rem;'>raxxa Badeshort Black &#038; White No 1 <\/span><br \/>\n\n<\/div>\n<div>\n  <span style='font-weight: bolder;'>dise\u00f1ado por Andr\u00e9s Miras<\/span>\n<\/div>\n<div>\n  <span style='font-size: 1rem;'><br \/><\/span><br \/>\n  <span style='font-size: 1rem;'>Cada compra de un producto de raxxa apoya directamente a un artista.<\/span>\n<\/div>\n<div>\n  <span style='font-weight: bolder;'><br \/><\/span><br \/>\n  \n<\/div>\n<div>\n<span style='font-size: 1rem;'><br \/>\nDale un nuevo aire a tu ropa de ba\u00f1o con los geniales shorts de ba\u00f1o de raxxa. Este pantal\u00f3n corto de longitud media y el\u00e1stico en 4 direcciones se seca r\u00e1pidamente gracias a su tejido de secado r\u00e1pido. El sedoso forro transpirable con protecci\u00f3n contra las rozaduras garantiza la m\u00e1xima comodidad y una m\u00ednima irritaci\u00f3n de la piel en los largos d\u00edas de playa. Factor de protecci\u00f3n UV 50+, bolsillos laterales, peque\u00f1o bolsillo interior para objetos de valor, cintura el\u00e1stica con cord\u00f3n interior. Tejido el\u00e1stico de microfibra en cuatro direcciones que repele el agua.<br \/>\n<\/span>\n<\/div>\n<div>\n  <span style='font-size: 1rem;'><br \/><\/span><br \/>\n  <span style='font-size: 1rem;'>Notas de material:<\/span>\n<\/div>\n<p><\/p>\n<div>\n<span style='font-size: 1rem;'><\/p>\n<ul style='list-style-position: inside'>\n<li>Composici\u00f3n del tejido: 91 % de poli\u00e9ster reciclado, 9 % de elastano<\/li>\n<li>Peso del tejido : 174 g\/m\u00b2<\/li>\n<li>Composici\u00f3n del forro: 92 % poli\u00e9ster, 8 % elastano<\/li>\n<li>Peso del forro: 150 g\/m\u00b2<\/li>\n<li>Tejido el\u00e1stico de microfibra en cuatro direcciones que repele el agua<\/li>\n<li>Cintura el\u00e1stica con cord\u00f3n<\/li>\n<li>Forro de malla con protecci\u00f3n contra las rozaduras<\/li>\n<li>Bolsillos de malla<\/li>\n<li>Peque\u00f1os bolsillos interiores para objetos de valor<\/li>\n<li>Factor de protecci\u00f3n UV 50+<\/li>\n<\/ul>\n<p><\/span>\n<\/div>\n<div>\n  <span style='font-size: 1rem;'><br \/><\/span><br \/>\n  <span style='font-size: 1rem;'>Informaci\u00f3n sobre el tama\u00f1o en cm:<\/span>\n<\/div>\n<p><\/p>\n<table  cellspacing='5' cellpadding='5'>\n<tbody>\n<tr>\n<td><b>Tama\u00f1o<\/b><\/td>\n<td><b>Cintura<\/b><\/td>\n<td><b>Cadera<\/b><\/td>\n<\/tr>\n<tr>\n<td><b>2XS<\/b><\/td>\n<td><b>72<\/b><\/td>\n<td><b>90<\/b><\/td>\n<\/tr>\n<tr>\n<td><b>XS<\/b><\/td>\n<td><b>76<\/b><\/td>\n<td><b>94<\/b><\/td>\n<\/tr>\n<tr>\n<td><b>S<\/b><\/td>\n<td><b>80<\/b><\/td>\n<td><b>98<\/b><\/td>\n<\/tr>\n<tr>\n<td><b>M<\/b><\/td>\n<td><b>84<\/b><\/td>\n<td><b>102<\/b><\/td>\n<\/tr>\n<tr>\n<td><b>L<\/b><\/td>\n<td><b>92<\/b><\/td>\n<td><b>110<\/b><\/td>\n<\/tr>\n<tr>\n<td><b>XL<\/b><\/td>\n<td><b>100<\/b><\/td>\n<td><b>118<\/b><\/td>\n<\/tr>\n<tr>\n<td><b>2XL<\/b><\/td>\n<td><b>108<\/b><\/td>\n<td><b>126<\/b><\/td>\n<\/tr>\n<tr>\n<td><b>3XL<\/b><\/td>\n<td><b>116<\/b><\/td>\n<td><b>134<\/b><\/td>\n<\/tr>\n<tr>\n<td><b>4XL<\/b><\/td>\n<td><b>124<\/b><\/td>\n<td><b>142<\/b><\/td>\n<\/tr>\n<tr>\n<td><b>5XL<\/b><\/td>\n<td><b>132<\/b><\/td>\n<td><b>150<\/b><\/td>\n<\/tr>\n<tr>\n<td><b>6XL<\/b><\/td>\n<td><b>140<\/b><\/td>\n<td><b>158<\/b><\/td>\n<\/tr>\n<\/tbody>\n<\/table>\n<p><\/p>\n<div>\n<span style='font-size: 1rem;'>Este producto se fabricar\u00e1 especialmente para usted si lo solicita en el dise\u00f1o y tama\u00f1o deseados.&nbsp;<\/span>\n<\/div>","protected":false},"excerpt":{"rendered":"<p>raxxa Badeshort Black &#038; White No 1 desiged by Andr\u00e9s Miras Mit jedem Kauf eines raxxa Produkts wird direkt ein K\u00fcnstler unterst\u00fctzt. Mit den coolen raxxa-Badeshorts verleihst Du deiner Bademode einen neuen Flair. Die 4-Wege-Strech mittellange Hose trocknet dank des schnell trocknenden Stoffs im Handumdrehen. Das seidige atmungsaktives Innenfutter mit Scheuerschutz sorgt f\u00fcr maximalen Komfort [&hellip;]<\/p>\n","protected":false},"featured_media":161273,"comment_status":"open","ping_status":"closed","template":"","meta":[],"product_brand":[],"product_cat":[10352,10318,10208,10315],"product_tag":[],"class_list":{"0":"post-161265","1":"product","2":"type-product","3":"status-publish","4":"has-post-thumbnail","6":"product_cat-bademode","7":"product_cat-herren","8":"product_cat-andres-miras","9":"product_cat-mode-accessoires","10":"product_shipping_class-versand-t-shirts1","12":"first","13":"instock","14":"taxable","15":"shipping-taxable","16":"purchasable","17":"product-type-variable"},"yoast_head":"<!-- This site is optimized with the Yoast SEO Premium plugin v27.4 (Yoast SEO v27.4) - https:\/\/yoast.com\/product\/yoast-seo-premium-wordpress\/ -->\n<title>Badeshort: Black &amp; White No 1 - raxxa<\/title>\n<meta name=\"robots\" content=\"index, follow, max-snippet:-1, max-image-preview:large, max-video-preview:-1\" \/>\n<link rel=\"canonical\" href=\"https:\/\/www.raxxa.com\/es\/shop\/badeshort-black-white-no-1\/\" \/>\n<meta property=\"og:locale\" content=\"es_ES\" \/>\n<meta property=\"og:type\" content=\"article\" \/>\n<meta property=\"og:title\" content=\"Badeshort: Black &amp; White No 1\" \/>\n<meta property=\"og:description\" content=\"raxxa Badeshort Black &#038; White No 1 desiged by Andr\u00e9s Miras Mit jedem Kauf eines raxxa Produkts wird direkt ein K\u00fcnstler unterst\u00fctzt. Mit den coolen raxxa-Badeshorts verleihst Du deiner Bademode einen neuen Flair. Die 4-Wege-Strech mittellange Hose trocknet dank des schnell trocknenden Stoffs im Handumdrehen. Das seidige atmungsaktives Innenfutter mit Scheuerschutz sorgt f\u00fcr maximalen Komfort [&hellip;]\" \/>\n<meta property=\"og:url\" content=\"https:\/\/www.raxxa.com\/es\/shop\/badeshort-black-white-no-1\/\" \/>\n<meta property=\"og:site_name\" content=\"raxxa\" \/>\n<meta property=\"article:publisher\" content=\"https:\/\/facebook.com\/raxxacom\" \/>\n<meta property=\"article:modified_time\" content=\"2023-07-01T06:45:41+00:00\" \/>\n<meta property=\"og:image\" content=\"https:\/\/www.raxxa.com\/wp-content\/uploads\/2023\/07\/raxxa-swim-trunks-Andres-Miras-Black-Withe-No-1-686x1024.png\" \/>\n\t<meta property=\"og:image:width\" content=\"686\" \/>\n\t<meta property=\"og:image:height\" content=\"1024\" \/>\n\t<meta property=\"og:image:type\" content=\"image\/png\" \/>\n<meta name=\"twitter:card\" content=\"summary_large_image\" \/>\n<meta name=\"twitter:label1\" content=\"Disponibilidad\" \/>\n\t<meta name=\"twitter:data1\" content=\"Disponible\" \/>\n<script type=\"application\/ld+json\" class=\"yoast-schema-graph\">{\"@context\":\"https:\\\/\\\/schema.org\",\"@graph\":[{\"@type\":[\"WebPage\",\"ItemPage\"],\"@id\":\"https:\\\/\\\/www.raxxa.com\\\/shop\\\/badeshort-black-white-no-1\\\/\",\"url\":\"https:\\\/\\\/www.raxxa.com\\\/shop\\\/badeshort-black-white-no-1\\\/\",\"name\":\"Badeshort: Black & White No 1 - raxxa\",\"isPartOf\":{\"@id\":\"https:\\\/\\\/www.raxxa.com\\\/#website\"},\"primaryImageOfPage\":{\"@id\":\"https:\\\/\\\/www.raxxa.com\\\/shop\\\/badeshort-black-white-no-1\\\/#primaryimage\"},\"image\":{\"@id\":\"https:\\\/\\\/www.raxxa.com\\\/shop\\\/badeshort-black-white-no-1\\\/#primaryimage\"},\"thumbnailUrl\":\"https:\\\/\\\/www.raxxa.com\\\/wp-content\\\/uploads\\\/2023\\\/07\\\/raxxa-swim-trunks-Andres-Miras-Black-Withe-No-1.png\",\"datePublished\":\"2023-07-01T05:59:30+00:00\",\"dateModified\":\"2023-07-01T06:45:41+00:00\",\"breadcrumb\":{\"@id\":\"https:\\\/\\\/www.raxxa.com\\\/shop\\\/badeshort-black-white-no-1\\\/#breadcrumb\"},\"inLanguage\":\"es\",\"potentialAction\":[{\"@type\":\"ReadAction\",\"target\":[\"https:\\\/\\\/www.raxxa.com\\\/shop\\\/badeshort-black-white-no-1\\\/\"]}]},{\"@type\":\"ImageObject\",\"inLanguage\":\"es\",\"@id\":\"https:\\\/\\\/www.raxxa.com\\\/shop\\\/badeshort-black-white-no-1\\\/#primaryimage\",\"url\":\"https:\\\/\\\/www.raxxa.com\\\/wp-content\\\/uploads\\\/2023\\\/07\\\/raxxa-swim-trunks-Andres-Miras-Black-Withe-No-1.png\",\"contentUrl\":\"https:\\\/\\\/www.raxxa.com\\\/wp-content\\\/uploads\\\/2023\\\/07\\\/raxxa-swim-trunks-Andres-Miras-Black-Withe-No-1.png\",\"width\":1440,\"height\":2148},{\"@type\":\"BreadcrumbList\",\"@id\":\"https:\\\/\\\/www.raxxa.com\\\/shop\\\/badeshort-black-white-no-1\\\/#breadcrumb\",\"itemListElement\":[{\"@type\":\"ListItem\",\"position\":1,\"name\":\"Startseite\",\"item\":\"https:\\\/\\\/www.raxxa.com\\\/\"},{\"@type\":\"ListItem\",\"position\":2,\"name\":\"Shop\",\"item\":\"https:\\\/\\\/www.raxxa.com\\\/it\\\/shop\\\/\"},{\"@type\":\"ListItem\",\"position\":3,\"name\":\"Badeshort: Black &#038; White No 1\"}]},{\"@type\":\"WebSite\",\"@id\":\"https:\\\/\\\/www.raxxa.com\\\/#website\",\"url\":\"https:\\\/\\\/www.raxxa.com\\\/\",\"name\":\"raxxa\",\"description\":\"Einzigartige individuelle Produkte von unseren Designern\",\"publisher\":{\"@id\":\"https:\\\/\\\/www.raxxa.com\\\/#organization\"},\"potentialAction\":[{\"@type\":\"SearchAction\",\"target\":{\"@type\":\"EntryPoint\",\"urlTemplate\":\"https:\\\/\\\/www.raxxa.com\\\/?s={search_term_string}\"},\"query-input\":{\"@type\":\"PropertyValueSpecification\",\"valueRequired\":true,\"valueName\":\"search_term_string\"}}],\"inLanguage\":\"es\"},{\"@type\":\"Organization\",\"@id\":\"https:\\\/\\\/www.raxxa.com\\\/#organization\",\"name\":\"raxxa\",\"url\":\"https:\\\/\\\/www.raxxa.com\\\/\",\"logo\":{\"@type\":\"ImageObject\",\"inLanguage\":\"es\",\"@id\":\"https:\\\/\\\/www.raxxa.com\\\/#\\\/schema\\\/logo\\\/image\\\/\",\"url\":\"https:\\\/\\\/www.raxxa.com\\\/wp-content\\\/uploads\\\/2022\\\/07\\\/logo_v2.png\",\"contentUrl\":\"https:\\\/\\\/www.raxxa.com\\\/wp-content\\\/uploads\\\/2022\\\/07\\\/logo_v2.png\",\"width\":380,\"height\":382,\"caption\":\"raxxa\"},\"image\":{\"@id\":\"https:\\\/\\\/www.raxxa.com\\\/#\\\/schema\\\/logo\\\/image\\\/\"},\"sameAs\":[\"https:\\\/\\\/facebook.com\\\/raxxacom\"]}]}<\/script>\n<meta property=\"og:availability\" content=\"instock\" \/>\n<meta property=\"product:availability\" content=\"instock\" \/>\n<meta property=\"product:retailer_item_id\" content=\"1-124-3453-220\" \/>\n<meta property=\"product:condition\" content=\"new\" \/>\n<!-- \/ Yoast SEO Premium plugin. -->","yoast_head_json":{"title":"Badeshort: Black & White No 1 - raxxa","robots":{"index":"index","follow":"follow","max-snippet":"max-snippet:-1","max-image-preview":"max-image-preview:large","max-video-preview":"max-video-preview:-1"},"canonical":"https:\/\/www.raxxa.com\/es\/shop\/badeshort-black-white-no-1\/","og_locale":"es_ES","og_type":"article","og_title":"Badeshort: Black & White No 1","og_description":"raxxa Badeshort Black &#038; White No 1 desiged by Andr\u00e9s Miras Mit jedem Kauf eines raxxa Produkts wird direkt ein K\u00fcnstler unterst\u00fctzt. Mit den coolen raxxa-Badeshorts verleihst Du deiner Bademode einen neuen Flair. Die 4-Wege-Strech mittellange Hose trocknet dank des schnell trocknenden Stoffs im Handumdrehen. Das seidige atmungsaktives Innenfutter mit Scheuerschutz sorgt f\u00fcr maximalen Komfort [&hellip;]","og_url":"https:\/\/www.raxxa.com\/es\/shop\/badeshort-black-white-no-1\/","og_site_name":"raxxa","article_publisher":"https:\/\/facebook.com\/raxxacom","article_modified_time":"2023-07-01T06:45:41+00:00","og_image":[{"width":686,"height":1024,"url":"https:\/\/www.raxxa.com\/wp-content\/uploads\/2023\/07\/raxxa-swim-trunks-Andres-Miras-Black-Withe-No-1-686x1024.png","type":"image\/png"}],"twitter_card":"summary_large_image","twitter_misc":{"Disponibilidad":"Disponible"},"schema":{"@context":"https:\/\/schema.org","@graph":[{"@type":["WebPage","ItemPage"],"@id":"https:\/\/www.raxxa.com\/shop\/badeshort-black-white-no-1\/","url":"https:\/\/www.raxxa.com\/shop\/badeshort-black-white-no-1\/","name":"Badeshort: Black & White No 1 - raxxa","isPartOf":{"@id":"https:\/\/www.raxxa.com\/#website"},"primaryImageOfPage":{"@id":"https:\/\/www.raxxa.com\/shop\/badeshort-black-white-no-1\/#primaryimage"},"image":{"@id":"https:\/\/www.raxxa.com\/shop\/badeshort-black-white-no-1\/#primaryimage"},"thumbnailUrl":"https:\/\/www.raxxa.com\/wp-content\/uploads\/2023\/07\/raxxa-swim-trunks-Andres-Miras-Black-Withe-No-1.png","datePublished":"2023-07-01T05:59:30+00:00","dateModified":"2023-07-01T06:45:41+00:00","breadcrumb":{"@id":"https:\/\/www.raxxa.com\/shop\/badeshort-black-white-no-1\/#breadcrumb"},"inLanguage":"es","potentialAction":[{"@type":"ReadAction","target":["https:\/\/www.raxxa.com\/shop\/badeshort-black-white-no-1\/"]}]},{"@type":"ImageObject","inLanguage":"es","@id":"https:\/\/www.raxxa.com\/shop\/badeshort-black-white-no-1\/#primaryimage","url":"https:\/\/www.raxxa.com\/wp-content\/uploads\/2023\/07\/raxxa-swim-trunks-Andres-Miras-Black-Withe-No-1.png","contentUrl":"https:\/\/www.raxxa.com\/wp-content\/uploads\/2023\/07\/raxxa-swim-trunks-Andres-Miras-Black-Withe-No-1.png","width":1440,"height":2148},{"@type":"BreadcrumbList","@id":"https:\/\/www.raxxa.com\/shop\/badeshort-black-white-no-1\/#breadcrumb","itemListElement":[{"@type":"ListItem","position":1,"name":"Startseite","item":"https:\/\/www.raxxa.com\/"},{"@type":"ListItem","position":2,"name":"Shop","item":"https:\/\/www.raxxa.com\/it\/shop\/"},{"@type":"ListItem","position":3,"name":"Badeshort: Black &#038; White No 1"}]},{"@type":"WebSite","@id":"https:\/\/www.raxxa.com\/#website","url":"https:\/\/www.raxxa.com\/","name":"raxxa","description":"Productos individuales \u00fanicos de nuestros dise\u00f1adores","publisher":{"@id":"https:\/\/www.raxxa.com\/#organization"},"potentialAction":[{"@type":"SearchAction","target":{"@type":"EntryPoint","urlTemplate":"https:\/\/www.raxxa.com\/?s={search_term_string}"},"query-input":{"@type":"PropertyValueSpecification","valueRequired":true,"valueName":"search_term_string"}}],"inLanguage":"es"},{"@type":"Organization","@id":"https:\/\/www.raxxa.com\/#organization","name":"raxxa","url":"https:\/\/www.raxxa.com\/","logo":{"@type":"ImageObject","inLanguage":"es","@id":"https:\/\/www.raxxa.com\/#\/schema\/logo\/image\/","url":"https:\/\/www.raxxa.com\/wp-content\/uploads\/2022\/07\/logo_v2.png","contentUrl":"https:\/\/www.raxxa.com\/wp-content\/uploads\/2022\/07\/logo_v2.png","width":380,"height":382,"caption":"raxxa"},"image":{"@id":"https:\/\/www.raxxa.com\/#\/schema\/logo\/image\/"},"sameAs":["https:\/\/facebook.com\/raxxacom"]}]},"og_availability":"instock","product_availability":"instock","product_retailer_item_id":"1-124-3453-220","product_condition":"new"},"jetpack_sharing_enabled":true,"_links":{"self":[{"href":"https:\/\/www.raxxa.com\/es\/wp-json\/wp\/v2\/product\/161265","targetHints":{"allow":["GET"]}}],"collection":[{"href":"https:\/\/www.raxxa.com\/es\/wp-json\/wp\/v2\/product"}],"about":[{"href":"https:\/\/www.raxxa.com\/es\/wp-json\/wp\/v2\/types\/product"}],"replies":[{"embeddable":true,"href":"https:\/\/www.raxxa.com\/es\/wp-json\/wp\/v2\/comments?post=161265"}],"wp:featuredmedia":[{"embeddable":true,"href":"https:\/\/www.raxxa.com\/es\/wp-json\/wp\/v2\/media\/161273"}],"wp:attachment":[{"href":"https:\/\/www.raxxa.com\/es\/wp-json\/wp\/v2\/media?parent=161265"}],"wp:term":[{"taxonomy":"product_brand","embeddable":true,"href":"https:\/\/www.raxxa.com\/es\/wp-json\/wp\/v2\/product_brand?post=161265"},{"taxonomy":"product_cat","embeddable":true,"href":"https:\/\/www.raxxa.com\/es\/wp-json\/wp\/v2\/product_cat?post=161265"},{"taxonomy":"product_tag","embeddable":true,"href":"https:\/\/www.raxxa.com\/es\/wp-json\/wp\/v2\/product_tag?post=161265"}],"curies":[{"name":"wp","href":"https:\/\/api.w.org\/{rel}","templated":true}]}}