{"id":149720,"date":"2022-07-07T01:01:58","date_gmt":"2022-07-06T23:01:58","guid":{"rendered":"https:\/\/www.raxxa.com\/shop\/abendstimmung-auf-der-vulkaninsel-santorini\/"},"modified":"2022-08-15T11:07:47","modified_gmt":"2022-08-15T09:07:47","slug":"abendstimmung-auf-der-vulkaninsel-santorini","status":"publish","type":"product","link":"https:\/\/www.raxxa.com\/es\/shop\/abendstimmung-auf-der-vulkaninsel-santorini\/","title":{"rendered":"Ambiente nocturno en la isla volc\u00e1nica de Santorini"},"content":{"rendered":"<p style=\"margin-right: 0px;margin-bottom: 1em;margin-left: 0px;line-height: 1.4285em;, sans-serif\"><span style=\"font-weight: bolder\">\"Atm\u00f3sfera nocturna en la isla volc\u00e1nica de Santorini\" por Ralf Lehmann<\/span><\/p>\n<p style=\"margin-right: 0px;margin-bottom: 1em;margin-left: 0px;line-height: 1.4285em;, sans-serif\"><span><\/span><\/p>\n<p style=\"margin-right: 0px;margin-bottom: 1em;margin-left: 0px;line-height: 1.4285em;, sans-serif\"><span>Pintoresco ambiente nocturno en Santorini en el pueblo de Oia, vista sobre las casas con los molinos de viento conocidos como puntos de referencia - ubicaci\u00f3n: Grecia, C\u00edcladas, Santorini (Santorini, Thira), Oia<\/span><\/p>\n<p style=\"margin-right: 0px;margin-bottom: 1em;margin-left: 0px;line-height: 1.4285em;, sans-serif\">P\u00f3ster de calidad de museo en papel de archivo mate duradero (sin revestimiento).<\/p>\n<p style=\"margin-right: 0px;margin-bottom: 1em;margin-left: 0px;line-height: 1.4285em;, sans-serif\">- Peso del papel: 250 g \/ m\u00b2<\/p>\n<p style=\"margin-right: 0px;margin-bottom: 1em;margin-left: 0px;line-height: 1.4285em;, sans-serif\">- Se env\u00eda en un embalaje resistente para proteger el p\u00f3ster<\/p>\n<p>santorini mediterr\u00e1neo molinos de viento oia punto de referencia vista al mar pintoresco id\u00edlico rom\u00e1ntico regi\u00f3n cicladas asentamiento urbano casas destino de vacaciones costa borde del cr\u00e1ter puesta de sol paisaje vista al mar luz de la tarde islas archipi\u00e9lago isla volc\u00e1nica cielo desierto nadie perspectiva exterior vista al mar viajes turismo texto espacio libre<\/p>","protected":false},"excerpt":{"rendered":"<p>&#8222;Abendstimmung auf der Vulkaninsel Santorini&#8220; by Ralf Lehmann Malerische abendliche Stimmung auf Santorini im Ort Oia, Blick \u00fcber die H\u00e4user mit den als Wahrzeichen bekannten Windm\u00fchlen &#8211; Location: Griechenland, Kykladen, Santorini (Santorin, Thira), Oia Poster in Museumsqualit\u00e4t auf langlebigem mattem (unbeschichtetem) Archivpapier. &#8211; Papiergewicht: 250 g \/ m\u00b2 &#8211; Versand in einer stabilen Verpackung zum [&hellip;]<\/p>\n","protected":false},"featured_media":149710,"comment_status":"open","ping_status":"closed","template":"","meta":[],"product_brand":[],"product_cat":[10351,134],"product_tag":[8619,7595,8871,7619,7766,8720,7625,7957,7785,7961,7456,7618,7509,7731,8099,7944,7878,8544],"class_list":{"0":"post-149720","1":"product","2":"type-product","3":"status-publish","4":"has-post-thumbnail","6":"product_cat-ralf-lehmann","7":"product_cat-orte","8":"product_tag-ausblick","9":"product_tag-aussicht","10":"product_tag-haeuser","11":"product_tag-himmel","12":"product_tag-horizont","13":"product_tag-idyllisch","14":"product_tag-kueste","15":"product_tag-kykladen","16":"product_tag-landschaft","17":"product_tag-malerisch","18":"product_tag-mediterran","19":"product_tag-meer","20":"product_tag-niemand","21":"product_tag-perspektive","22":"product_tag-reise-2","23":"product_tag-romantisch","24":"product_tag-sonnenuntergang","25":"product_tag-wahrzeichen","27":"first","28":"instock","29":"taxable","30":"shipping-taxable","31":"purchasable","32":"product-type-variable"},"yoast_head":"<!-- This site is optimized with the Yoast SEO Premium plugin v27.5 (Yoast SEO v27.6) - https:\/\/yoast.com\/product\/yoast-seo-premium-wordpress\/ -->\n<title>Abendstimmung auf der Vulkaninsel Santorini - raxxa<\/title>\n<meta name=\"robots\" content=\"index, follow, max-snippet:-1, max-image-preview:large, max-video-preview:-1\" \/>\n<link rel=\"canonical\" href=\"https:\/\/www.raxxa.com\/es\/shop\/abendstimmung-auf-der-vulkaninsel-santorini\/\" \/>\n<meta property=\"og:locale\" content=\"es_ES\" \/>\n<meta property=\"og:type\" content=\"article\" \/>\n<meta property=\"og:title\" content=\"Abendstimmung auf der Vulkaninsel Santorini\" \/>\n<meta property=\"og:description\" content=\"&#8222;Abendstimmung auf der Vulkaninsel Santorini&#8220; by Ralf Lehmann Malerische abendliche Stimmung auf Santorini im Ort Oia, Blick \u00fcber die H\u00e4user mit den als Wahrzeichen bekannten Windm\u00fchlen &#8211; Location: Griechenland, Kykladen, Santorini (Santorin, Thira), Oia Poster in Museumsqualit\u00e4t auf langlebigem mattem (unbeschichtetem) Archivpapier. &#8211; Papiergewicht: 250 g \/ m\u00b2 &#8211; Versand in einer stabilen Verpackung zum [&hellip;]\" \/>\n<meta property=\"og:url\" content=\"https:\/\/www.raxxa.com\/es\/shop\/abendstimmung-auf-der-vulkaninsel-santorini\/\" \/>\n<meta property=\"og:site_name\" content=\"raxxa\" \/>\n<meta property=\"article:publisher\" content=\"https:\/\/facebook.com\/raxxacom\" \/>\n<meta property=\"article:modified_time\" content=\"2022-08-15T09:07:47+00:00\" \/>\n<meta property=\"og:image\" content=\"https:\/\/www.raxxa.com\/wp-content\/uploads\/2022\/07\/218-3225-Abendstimmung-auf-der-Vulkaninsel-Santorini-Ralf-Lehmann.png\" \/>\n\t<meta property=\"og:image:width\" content=\"800\" \/>\n\t<meta property=\"og:image:height\" content=\"800\" \/>\n\t<meta property=\"og:image:type\" content=\"image\/png\" \/>\n<meta name=\"twitter:card\" content=\"summary_large_image\" \/>\n<meta name=\"twitter:label1\" content=\"Disponibilidad\" \/>\n\t<meta name=\"twitter:data1\" content=\"Disponible\" \/>\n<script type=\"application\/ld+json\" class=\"yoast-schema-graph\">{\"@context\":\"https:\\\/\\\/schema.org\",\"@graph\":[{\"@type\":[\"WebPage\",\"ItemPage\"],\"@id\":\"https:\\\/\\\/www.raxxa.com\\\/shop\\\/abendstimmung-auf-der-vulkaninsel-santorini\\\/\",\"url\":\"https:\\\/\\\/www.raxxa.com\\\/shop\\\/abendstimmung-auf-der-vulkaninsel-santorini\\\/\",\"name\":\"Abendstimmung auf der Vulkaninsel Santorini - raxxa\",\"isPartOf\":{\"@id\":\"https:\\\/\\\/www.raxxa.com\\\/#website\"},\"primaryImageOfPage\":{\"@id\":\"https:\\\/\\\/www.raxxa.com\\\/shop\\\/abendstimmung-auf-der-vulkaninsel-santorini\\\/#primaryimage\"},\"image\":{\"@id\":\"https:\\\/\\\/www.raxxa.com\\\/shop\\\/abendstimmung-auf-der-vulkaninsel-santorini\\\/#primaryimage\"},\"thumbnailUrl\":\"https:\\\/\\\/www.raxxa.com\\\/wp-content\\\/uploads\\\/2022\\\/07\\\/218-3225-Abendstimmung-auf-der-Vulkaninsel-Santorini-Ralf-Lehmann.png\",\"datePublished\":\"2022-07-06T23:01:58+00:00\",\"dateModified\":\"2022-08-15T09:07:47+00:00\",\"breadcrumb\":{\"@id\":\"https:\\\/\\\/www.raxxa.com\\\/shop\\\/abendstimmung-auf-der-vulkaninsel-santorini\\\/#breadcrumb\"},\"inLanguage\":\"es\",\"potentialAction\":[{\"@type\":\"ReadAction\",\"target\":[\"https:\\\/\\\/www.raxxa.com\\\/shop\\\/abendstimmung-auf-der-vulkaninsel-santorini\\\/\"]}]},{\"@type\":\"ImageObject\",\"inLanguage\":\"es\",\"@id\":\"https:\\\/\\\/www.raxxa.com\\\/shop\\\/abendstimmung-auf-der-vulkaninsel-santorini\\\/#primaryimage\",\"url\":\"https:\\\/\\\/www.raxxa.com\\\/wp-content\\\/uploads\\\/2022\\\/07\\\/218-3225-Abendstimmung-auf-der-Vulkaninsel-Santorini-Ralf-Lehmann.png\",\"contentUrl\":\"https:\\\/\\\/www.raxxa.com\\\/wp-content\\\/uploads\\\/2022\\\/07\\\/218-3225-Abendstimmung-auf-der-Vulkaninsel-Santorini-Ralf-Lehmann.png\",\"width\":800,\"height\":800},{\"@type\":\"BreadcrumbList\",\"@id\":\"https:\\\/\\\/www.raxxa.com\\\/shop\\\/abendstimmung-auf-der-vulkaninsel-santorini\\\/#breadcrumb\",\"itemListElement\":[{\"@type\":\"ListItem\",\"position\":1,\"name\":\"Startseite\",\"item\":\"https:\\\/\\\/www.raxxa.com\\\/\"},{\"@type\":\"ListItem\",\"position\":2,\"name\":\"Shop\",\"item\":\"https:\\\/\\\/www.raxxa.com\\\/it\\\/shop\\\/\"},{\"@type\":\"ListItem\",\"position\":3,\"name\":\"Abendstimmung auf der Vulkaninsel Santorini\"}]},{\"@type\":\"WebSite\",\"@id\":\"https:\\\/\\\/www.raxxa.com\\\/#website\",\"url\":\"https:\\\/\\\/www.raxxa.com\\\/\",\"name\":\"raxxa\",\"description\":\"Einzigartige individuelle Produkte von unseren Designern\",\"publisher\":{\"@id\":\"https:\\\/\\\/www.raxxa.com\\\/#organization\"},\"potentialAction\":[{\"@type\":\"SearchAction\",\"target\":{\"@type\":\"EntryPoint\",\"urlTemplate\":\"https:\\\/\\\/www.raxxa.com\\\/?s={search_term_string}\"},\"query-input\":{\"@type\":\"PropertyValueSpecification\",\"valueRequired\":true,\"valueName\":\"search_term_string\"}}],\"inLanguage\":\"es\"},{\"@type\":\"Organization\",\"@id\":\"https:\\\/\\\/www.raxxa.com\\\/#organization\",\"name\":\"raxxa\",\"url\":\"https:\\\/\\\/www.raxxa.com\\\/\",\"logo\":{\"@type\":\"ImageObject\",\"inLanguage\":\"es\",\"@id\":\"https:\\\/\\\/www.raxxa.com\\\/#\\\/schema\\\/logo\\\/image\\\/\",\"url\":\"https:\\\/\\\/www.raxxa.com\\\/wp-content\\\/uploads\\\/2022\\\/07\\\/logo_v2.png\",\"contentUrl\":\"https:\\\/\\\/www.raxxa.com\\\/wp-content\\\/uploads\\\/2022\\\/07\\\/logo_v2.png\",\"width\":380,\"height\":382,\"caption\":\"raxxa\"},\"image\":{\"@id\":\"https:\\\/\\\/www.raxxa.com\\\/#\\\/schema\\\/logo\\\/image\\\/\"},\"sameAs\":[\"https:\\\/\\\/facebook.com\\\/raxxacom\"]}]}<\/script>\n<meta property=\"og:availability\" content=\"instock\" \/>\n<meta property=\"product:availability\" content=\"instock\" \/>\n<meta property=\"product:condition\" content=\"new\" \/>\n<!-- \/ Yoast SEO Premium plugin. -->","yoast_head_json":{"title":"Abendstimmung auf der Vulkaninsel Santorini - raxxa","robots":{"index":"index","follow":"follow","max-snippet":"max-snippet:-1","max-image-preview":"max-image-preview:large","max-video-preview":"max-video-preview:-1"},"canonical":"https:\/\/www.raxxa.com\/es\/shop\/abendstimmung-auf-der-vulkaninsel-santorini\/","og_locale":"es_ES","og_type":"article","og_title":"Abendstimmung auf der Vulkaninsel Santorini","og_description":"&#8222;Abendstimmung auf der Vulkaninsel Santorini&#8220; by Ralf Lehmann Malerische abendliche Stimmung auf Santorini im Ort Oia, Blick \u00fcber die H\u00e4user mit den als Wahrzeichen bekannten Windm\u00fchlen &#8211; Location: Griechenland, Kykladen, Santorini (Santorin, Thira), Oia Poster in Museumsqualit\u00e4t auf langlebigem mattem (unbeschichtetem) Archivpapier. &#8211; Papiergewicht: 250 g \/ m\u00b2 &#8211; Versand in einer stabilen Verpackung zum [&hellip;]","og_url":"https:\/\/www.raxxa.com\/es\/shop\/abendstimmung-auf-der-vulkaninsel-santorini\/","og_site_name":"raxxa","article_publisher":"https:\/\/facebook.com\/raxxacom","article_modified_time":"2022-08-15T09:07:47+00:00","og_image":[{"width":800,"height":800,"url":"https:\/\/www.raxxa.com\/wp-content\/uploads\/2022\/07\/218-3225-Abendstimmung-auf-der-Vulkaninsel-Santorini-Ralf-Lehmann.png","type":"image\/png"}],"twitter_card":"summary_large_image","twitter_misc":{"Disponibilidad":"Disponible"},"schema":{"@context":"https:\/\/schema.org","@graph":[{"@type":["WebPage","ItemPage"],"@id":"https:\/\/www.raxxa.com\/shop\/abendstimmung-auf-der-vulkaninsel-santorini\/","url":"https:\/\/www.raxxa.com\/shop\/abendstimmung-auf-der-vulkaninsel-santorini\/","name":"Abendstimmung auf der Vulkaninsel Santorini - raxxa","isPartOf":{"@id":"https:\/\/www.raxxa.com\/#website"},"primaryImageOfPage":{"@id":"https:\/\/www.raxxa.com\/shop\/abendstimmung-auf-der-vulkaninsel-santorini\/#primaryimage"},"image":{"@id":"https:\/\/www.raxxa.com\/shop\/abendstimmung-auf-der-vulkaninsel-santorini\/#primaryimage"},"thumbnailUrl":"https:\/\/www.raxxa.com\/wp-content\/uploads\/2022\/07\/218-3225-Abendstimmung-auf-der-Vulkaninsel-Santorini-Ralf-Lehmann.png","datePublished":"2022-07-06T23:01:58+00:00","dateModified":"2022-08-15T09:07:47+00:00","breadcrumb":{"@id":"https:\/\/www.raxxa.com\/shop\/abendstimmung-auf-der-vulkaninsel-santorini\/#breadcrumb"},"inLanguage":"es","potentialAction":[{"@type":"ReadAction","target":["https:\/\/www.raxxa.com\/shop\/abendstimmung-auf-der-vulkaninsel-santorini\/"]}]},{"@type":"ImageObject","inLanguage":"es","@id":"https:\/\/www.raxxa.com\/shop\/abendstimmung-auf-der-vulkaninsel-santorini\/#primaryimage","url":"https:\/\/www.raxxa.com\/wp-content\/uploads\/2022\/07\/218-3225-Abendstimmung-auf-der-Vulkaninsel-Santorini-Ralf-Lehmann.png","contentUrl":"https:\/\/www.raxxa.com\/wp-content\/uploads\/2022\/07\/218-3225-Abendstimmung-auf-der-Vulkaninsel-Santorini-Ralf-Lehmann.png","width":800,"height":800},{"@type":"BreadcrumbList","@id":"https:\/\/www.raxxa.com\/shop\/abendstimmung-auf-der-vulkaninsel-santorini\/#breadcrumb","itemListElement":[{"@type":"ListItem","position":1,"name":"Startseite","item":"https:\/\/www.raxxa.com\/"},{"@type":"ListItem","position":2,"name":"Shop","item":"https:\/\/www.raxxa.com\/it\/shop\/"},{"@type":"ListItem","position":3,"name":"Abendstimmung auf der Vulkaninsel Santorini"}]},{"@type":"WebSite","@id":"https:\/\/www.raxxa.com\/#website","url":"https:\/\/www.raxxa.com\/","name":"raxxa","description":"Productos individuales \u00fanicos de nuestros dise\u00f1adores","publisher":{"@id":"https:\/\/www.raxxa.com\/#organization"},"potentialAction":[{"@type":"SearchAction","target":{"@type":"EntryPoint","urlTemplate":"https:\/\/www.raxxa.com\/?s={search_term_string}"},"query-input":{"@type":"PropertyValueSpecification","valueRequired":true,"valueName":"search_term_string"}}],"inLanguage":"es"},{"@type":"Organization","@id":"https:\/\/www.raxxa.com\/#organization","name":"raxxa","url":"https:\/\/www.raxxa.com\/","logo":{"@type":"ImageObject","inLanguage":"es","@id":"https:\/\/www.raxxa.com\/#\/schema\/logo\/image\/","url":"https:\/\/www.raxxa.com\/wp-content\/uploads\/2022\/07\/logo_v2.png","contentUrl":"https:\/\/www.raxxa.com\/wp-content\/uploads\/2022\/07\/logo_v2.png","width":380,"height":382,"caption":"raxxa"},"image":{"@id":"https:\/\/www.raxxa.com\/#\/schema\/logo\/image\/"},"sameAs":["https:\/\/facebook.com\/raxxacom"]}]},"og_availability":"instock","product_availability":"instock","product_condition":"new"},"jetpack_sharing_enabled":true,"_links":{"self":[{"href":"https:\/\/www.raxxa.com\/es\/wp-json\/wp\/v2\/product\/149720","targetHints":{"allow":["GET"]}}],"collection":[{"href":"https:\/\/www.raxxa.com\/es\/wp-json\/wp\/v2\/product"}],"about":[{"href":"https:\/\/www.raxxa.com\/es\/wp-json\/wp\/v2\/types\/product"}],"replies":[{"embeddable":true,"href":"https:\/\/www.raxxa.com\/es\/wp-json\/wp\/v2\/comments?post=149720"}],"wp:featuredmedia":[{"embeddable":true,"href":"https:\/\/www.raxxa.com\/es\/wp-json\/wp\/v2\/media\/149710"}],"wp:attachment":[{"href":"https:\/\/www.raxxa.com\/es\/wp-json\/wp\/v2\/media?parent=149720"}],"wp:term":[{"taxonomy":"product_brand","embeddable":true,"href":"https:\/\/www.raxxa.com\/es\/wp-json\/wp\/v2\/product_brand?post=149720"},{"taxonomy":"product_cat","embeddable":true,"href":"https:\/\/www.raxxa.com\/es\/wp-json\/wp\/v2\/product_cat?post=149720"},{"taxonomy":"product_tag","embeddable":true,"href":"https:\/\/www.raxxa.com\/es\/wp-json\/wp\/v2\/product_tag?post=149720"}],"curies":[{"name":"wp","href":"https:\/\/api.w.org\/{rel}","templated":true}]}}