{"id":145878,"date":"2022-06-04T12:17:18","date_gmt":"2022-06-04T10:17:18","guid":{"rendered":"https:\/\/www.raxxa.com\/?post_type=product&#038;p=145878"},"modified":"2022-06-04T12:19:01","modified_gmt":"2022-06-04T10:19:01","slug":"bio-t-shirt-black-white","status":"publish","type":"product","link":"https:\/\/www.raxxa.com\/es\/shop\/bio-t-shirt-black-white\/","title":{"rendered":"Camiseta org\u00e1nica: Blanco y negro"},"content":{"rendered":"<div>\n  <span style='font-weight: bolder; font-size: 1rem;'>raxxa Camiseta unisex de algod\u00f3n org\u00e1nico negra y blanca<\/span><br \/>\n\n<\/div>\n<div>\n  <span style='font-weight: bolder;'>dise\u00f1ado por Marcelle Loupos<\/span>\n<\/div>\n<div>\n  <span style='font-size: 1rem;'><br \/><\/span><br \/>\n  <span style='font-size: 1rem;'>Cada compra de un producto de raxxa apoya directamente a un artista.<\/span>\n<\/div>\n<div>\n  <span style='font-weight: bolder;'><br \/><\/span><br \/>\n  \n<\/div>\n<div>\n<\/div>\n<div>\n<span style='font-size: 1rem;'><br \/>\nEsta camiseta de algod\u00f3n org\u00e1nico de alta calidad est\u00e1 fabricada con algod\u00f3n org\u00e1nico de hilado en anillo 100 %, perfecto para los que se preocupan por el medio ambiente.<br \/>\nEs muy c\u00f3moda y probablemente se convertir\u00e1 en tu nueva camiseta favorita.<br \/>\n<\/span>\n<\/div>\n<div>\n  <span style='font-size: 1rem;'><br \/><\/span><br \/>\n  <span style='font-size: 1rem;'>Notas de material:<\/span>\n<\/div>\n<p><\/p>\n<div>\n<span style='font-size: 1rem;'><\/p>\n<ul style='list-style-position: inside'>\n<li>100 % algod\u00f3n org\u00e1nico hilado en anillo<\/li>\n<li>Stanley\/Stella<\/li>\n<li>Peso del tejido: 180 g\/m\u00b2<\/li>\n<li>Jersey sencillo<\/li>\n<li>Regular-Fit<\/li>\n<li>Manguitos de fijaci\u00f3n<\/li>\n<li>1\u00d71 en el cuello<\/li>\n<li>Doble costura en las mangas y en el dobladillo de la cintura<\/li>\n<li>Cinta en el escote (en el interior de la espalda)<\/li>\n<\/ul>\n<p><\/span>\n<\/div>\n<div>\n  <span style='font-size: 1rem;'><br \/><\/span><br \/>\n  <span style='font-size: 1rem;'>Informaci\u00f3n sobre el tama\u00f1o en cm:<\/span>\n<\/div>\n<p><\/p>\n<table  cellspacing='5' cellpadding='5'>\n<tbody>\n<tr>\n<td><b>Longitud del cuerpo<\/b><\/td>\n<td><b>Pecho<\/b><\/td>\n<td><b>Longitud de las mangas<\/b><\/td>\n<\/tr>\n<tr>\n<td>XS<\/td>\n<td>66<\/td>\n<td>46<\/td>\n<td>19.5<\/td>\n<\/tr>\n<tr>\n<td>S<\/td>\n<td>69<\/td>\n<td>49<\/td>\n<td>20.5<\/td>\n<\/tr>\n<tr>\n<td>M<\/td>\n<td>72<\/td>\n<td>52<\/td>\n<td>98<\/td>\n<\/tr>\n<tr>\n<td>L<\/td>\n<td>74<\/td>\n<td>55<\/td>\n<td>21.5<\/td>\n<\/tr>\n<tr>\n<td>XL<\/td>\n<td>76<\/td>\n<td>58<\/td>\n<td>22.5<\/td>\n<\/tr>\n<tr>\n<td>2XL<\/td>\n<td>78<\/td>\n<td>61<\/td>\n<td>22.5<\/td>\n<\/tr>\n<tr>\n<td>3XL<\/td>\n<td>80<\/td>\n<td>23.5<\/td>\n<td>130<\/td>\n<\/tr>\n<\/tbody>\n<\/table>\n<p><\/p>\n<div>\n<span style='font-size: 1rem;'>Este producto se fabricar\u00e1 especialmente para usted si lo solicita en el dise\u00f1o y tama\u00f1o deseados.&nbsp;<\/span>\n<\/div>","protected":false},"excerpt":{"rendered":"<p>raxxa Unisex T-Shirt aus Bio-Baumwolle Black &#038; White desiged by Marcelle Loupos Mit jedem Kauf eines raxxa Produkts wird direkt ein K\u00fcnstler unterst\u00fctzt. Dieses qualitativ hochwertige organische Baumwoll-T-Shirt ist aus 100 % biologischer, ringgesponnener Baumwolle, perfekt f\u00fcr umweltbewusste Menschen. Es ist sehr bequem und wird vermutlich direkt dein neues Lieblings-Shirt. Materialhinweise: 100 % biologische ringgesponnene [&hellip;]<\/p>\n","protected":false},"featured_media":145895,"comment_status":"open","ping_status":"closed","template":"","meta":[],"product_brand":[],"product_cat":[10317,10316,10315,10320],"product_tag":[],"class_list":{"0":"post-145878","1":"product","2":"type-product","3":"status-publish","4":"has-post-thumbnail","6":"product_cat-damen","7":"product_cat-kleidung","8":"product_cat-mode-accessoires","9":"product_cat-t-shirts-damen","10":"product_shipping_class-versand-t-shirts1","12":"first","13":"instock","14":"taxable","15":"shipping-taxable","16":"purchasable","17":"product-type-variable"},"yoast_head":"<!-- This site is optimized with the Yoast SEO Premium plugin v27.4 (Yoast SEO v27.4) - https:\/\/yoast.com\/product\/yoast-seo-premium-wordpress\/ -->\n<title>Bio T-Shirt: Black &amp; White - raxxa<\/title>\n<meta name=\"robots\" content=\"index, follow, max-snippet:-1, max-image-preview:large, max-video-preview:-1\" \/>\n<link rel=\"canonical\" href=\"https:\/\/www.raxxa.com\/es\/shop\/bio-t-shirt-black-white\/\" \/>\n<meta property=\"og:locale\" content=\"es_ES\" \/>\n<meta property=\"og:type\" content=\"article\" \/>\n<meta property=\"og:title\" content=\"Bio T-Shirt: Black &amp; White\" \/>\n<meta property=\"og:description\" content=\"raxxa Unisex T-Shirt aus Bio-Baumwolle Black &#038; White desiged by Marcelle Loupos Mit jedem Kauf eines raxxa Produkts wird direkt ein K\u00fcnstler unterst\u00fctzt. Dieses qualitativ hochwertige organische Baumwoll-T-Shirt ist aus 100 % biologischer, ringgesponnener Baumwolle, perfekt f\u00fcr umweltbewusste Menschen. Es ist sehr bequem und wird vermutlich direkt dein neues Lieblings-Shirt. Materialhinweise: 100 % biologische ringgesponnene [&hellip;]\" \/>\n<meta property=\"og:url\" content=\"https:\/\/www.raxxa.com\/es\/shop\/bio-t-shirt-black-white\/\" \/>\n<meta property=\"og:site_name\" content=\"raxxa\" \/>\n<meta property=\"article:publisher\" content=\"https:\/\/facebook.com\/raxxacom\" \/>\n<meta property=\"article:modified_time\" content=\"2022-06-04T10:19:01+00:00\" \/>\n<meta property=\"og:image\" content=\"https:\/\/www.raxxa.com\/wp-content\/uploads\/2022\/06\/raxxa-organic-t-shirt-Marcelle-Loupos-black-and-white-683x1024.png\" \/>\n\t<meta property=\"og:image:width\" content=\"683\" \/>\n\t<meta property=\"og:image:height\" content=\"1024\" \/>\n\t<meta property=\"og:image:type\" content=\"image\/png\" \/>\n<meta name=\"twitter:card\" content=\"summary_large_image\" \/>\n<meta name=\"twitter:label1\" content=\"Disponibilidad\" \/>\n\t<meta name=\"twitter:data1\" content=\"Disponible\" \/>\n<script type=\"application\/ld+json\" class=\"yoast-schema-graph\">{\"@context\":\"https:\\\/\\\/schema.org\",\"@graph\":[{\"@type\":[\"WebPage\",\"ItemPage\"],\"@id\":\"https:\\\/\\\/www.raxxa.com\\\/shop\\\/bio-t-shirt-black-white\\\/\",\"url\":\"https:\\\/\\\/www.raxxa.com\\\/shop\\\/bio-t-shirt-black-white\\\/\",\"name\":\"Bio T-Shirt: Black & White - raxxa\",\"isPartOf\":{\"@id\":\"https:\\\/\\\/www.raxxa.com\\\/#website\"},\"primaryImageOfPage\":{\"@id\":\"https:\\\/\\\/www.raxxa.com\\\/shop\\\/bio-t-shirt-black-white\\\/#primaryimage\"},\"image\":{\"@id\":\"https:\\\/\\\/www.raxxa.com\\\/shop\\\/bio-t-shirt-black-white\\\/#primaryimage\"},\"thumbnailUrl\":\"https:\\\/\\\/www.raxxa.com\\\/wp-content\\\/uploads\\\/2022\\\/06\\\/raxxa-organic-t-shirt-Marcelle-Loupos-black-and-white.png\",\"datePublished\":\"2022-06-04T10:17:18+00:00\",\"dateModified\":\"2022-06-04T10:19:01+00:00\",\"breadcrumb\":{\"@id\":\"https:\\\/\\\/www.raxxa.com\\\/shop\\\/bio-t-shirt-black-white\\\/#breadcrumb\"},\"inLanguage\":\"es\",\"potentialAction\":[{\"@type\":\"ReadAction\",\"target\":[\"https:\\\/\\\/www.raxxa.com\\\/shop\\\/bio-t-shirt-black-white\\\/\"]}]},{\"@type\":\"ImageObject\",\"inLanguage\":\"es\",\"@id\":\"https:\\\/\\\/www.raxxa.com\\\/shop\\\/bio-t-shirt-black-white\\\/#primaryimage\",\"url\":\"https:\\\/\\\/www.raxxa.com\\\/wp-content\\\/uploads\\\/2022\\\/06\\\/raxxa-organic-t-shirt-Marcelle-Loupos-black-and-white.png\",\"contentUrl\":\"https:\\\/\\\/www.raxxa.com\\\/wp-content\\\/uploads\\\/2022\\\/06\\\/raxxa-organic-t-shirt-Marcelle-Loupos-black-and-white.png\",\"width\":1440,\"height\":2158},{\"@type\":\"BreadcrumbList\",\"@id\":\"https:\\\/\\\/www.raxxa.com\\\/shop\\\/bio-t-shirt-black-white\\\/#breadcrumb\",\"itemListElement\":[{\"@type\":\"ListItem\",\"position\":1,\"name\":\"Startseite\",\"item\":\"https:\\\/\\\/www.raxxa.com\\\/\"},{\"@type\":\"ListItem\",\"position\":2,\"name\":\"Shop\",\"item\":\"https:\\\/\\\/www.raxxa.com\\\/it\\\/shop\\\/\"},{\"@type\":\"ListItem\",\"position\":3,\"name\":\"Bio T-Shirt: Black &#038; White\"}]},{\"@type\":\"WebSite\",\"@id\":\"https:\\\/\\\/www.raxxa.com\\\/#website\",\"url\":\"https:\\\/\\\/www.raxxa.com\\\/\",\"name\":\"raxxa\",\"description\":\"Einzigartige individuelle Produkte von unseren Designern\",\"publisher\":{\"@id\":\"https:\\\/\\\/www.raxxa.com\\\/#organization\"},\"potentialAction\":[{\"@type\":\"SearchAction\",\"target\":{\"@type\":\"EntryPoint\",\"urlTemplate\":\"https:\\\/\\\/www.raxxa.com\\\/?s={search_term_string}\"},\"query-input\":{\"@type\":\"PropertyValueSpecification\",\"valueRequired\":true,\"valueName\":\"search_term_string\"}}],\"inLanguage\":\"es\"},{\"@type\":\"Organization\",\"@id\":\"https:\\\/\\\/www.raxxa.com\\\/#organization\",\"name\":\"raxxa\",\"url\":\"https:\\\/\\\/www.raxxa.com\\\/\",\"logo\":{\"@type\":\"ImageObject\",\"inLanguage\":\"es\",\"@id\":\"https:\\\/\\\/www.raxxa.com\\\/#\\\/schema\\\/logo\\\/image\\\/\",\"url\":\"https:\\\/\\\/www.raxxa.com\\\/wp-content\\\/uploads\\\/2022\\\/07\\\/logo_v2.png\",\"contentUrl\":\"https:\\\/\\\/www.raxxa.com\\\/wp-content\\\/uploads\\\/2022\\\/07\\\/logo_v2.png\",\"width\":380,\"height\":382,\"caption\":\"raxxa\"},\"image\":{\"@id\":\"https:\\\/\\\/www.raxxa.com\\\/#\\\/schema\\\/logo\\\/image\\\/\"},\"sameAs\":[\"https:\\\/\\\/facebook.com\\\/raxxacom\"]}]}<\/script>\n<meta property=\"og:availability\" content=\"instock\" \/>\n<meta property=\"product:availability\" content=\"instock\" \/>\n<meta property=\"product:retailer_item_id\" content=\"1-104-2525-178\" \/>\n<meta property=\"product:condition\" content=\"new\" \/>\n<!-- \/ Yoast SEO Premium plugin. -->","yoast_head_json":{"title":"Camiseta Organic: Black &amp; White - raxxa","robots":{"index":"index","follow":"follow","max-snippet":"max-snippet:-1","max-image-preview":"max-image-preview:large","max-video-preview":"max-video-preview:-1"},"canonical":"https:\/\/www.raxxa.com\/es\/shop\/bio-t-shirt-black-white\/","og_locale":"es_ES","og_type":"article","og_title":"Bio T-Shirt: Black & White","og_description":"raxxa Unisex T-Shirt aus Bio-Baumwolle Black &#038; White desiged by Marcelle Loupos Mit jedem Kauf eines raxxa Produkts wird direkt ein K\u00fcnstler unterst\u00fctzt. Dieses qualitativ hochwertige organische Baumwoll-T-Shirt ist aus 100 % biologischer, ringgesponnener Baumwolle, perfekt f\u00fcr umweltbewusste Menschen. Es ist sehr bequem und wird vermutlich direkt dein neues Lieblings-Shirt. Materialhinweise: 100 % biologische ringgesponnene [&hellip;]","og_url":"https:\/\/www.raxxa.com\/es\/shop\/bio-t-shirt-black-white\/","og_site_name":"raxxa","article_publisher":"https:\/\/facebook.com\/raxxacom","article_modified_time":"2022-06-04T10:19:01+00:00","og_image":[{"width":683,"height":1024,"url":"https:\/\/www.raxxa.com\/wp-content\/uploads\/2022\/06\/raxxa-organic-t-shirt-Marcelle-Loupos-black-and-white-683x1024.png","type":"image\/png"}],"twitter_card":"summary_large_image","twitter_misc":{"Disponibilidad":"Disponible"},"schema":{"@context":"https:\/\/schema.org","@graph":[{"@type":["WebPage","ItemPage"],"@id":"https:\/\/www.raxxa.com\/shop\/bio-t-shirt-black-white\/","url":"https:\/\/www.raxxa.com\/shop\/bio-t-shirt-black-white\/","name":"Camiseta Organic: Black &amp; White - raxxa","isPartOf":{"@id":"https:\/\/www.raxxa.com\/#website"},"primaryImageOfPage":{"@id":"https:\/\/www.raxxa.com\/shop\/bio-t-shirt-black-white\/#primaryimage"},"image":{"@id":"https:\/\/www.raxxa.com\/shop\/bio-t-shirt-black-white\/#primaryimage"},"thumbnailUrl":"https:\/\/www.raxxa.com\/wp-content\/uploads\/2022\/06\/raxxa-organic-t-shirt-Marcelle-Loupos-black-and-white.png","datePublished":"2022-06-04T10:17:18+00:00","dateModified":"2022-06-04T10:19:01+00:00","breadcrumb":{"@id":"https:\/\/www.raxxa.com\/shop\/bio-t-shirt-black-white\/#breadcrumb"},"inLanguage":"es","potentialAction":[{"@type":"ReadAction","target":["https:\/\/www.raxxa.com\/shop\/bio-t-shirt-black-white\/"]}]},{"@type":"ImageObject","inLanguage":"es","@id":"https:\/\/www.raxxa.com\/shop\/bio-t-shirt-black-white\/#primaryimage","url":"https:\/\/www.raxxa.com\/wp-content\/uploads\/2022\/06\/raxxa-organic-t-shirt-Marcelle-Loupos-black-and-white.png","contentUrl":"https:\/\/www.raxxa.com\/wp-content\/uploads\/2022\/06\/raxxa-organic-t-shirt-Marcelle-Loupos-black-and-white.png","width":1440,"height":2158},{"@type":"BreadcrumbList","@id":"https:\/\/www.raxxa.com\/shop\/bio-t-shirt-black-white\/#breadcrumb","itemListElement":[{"@type":"ListItem","position":1,"name":"Startseite","item":"https:\/\/www.raxxa.com\/"},{"@type":"ListItem","position":2,"name":"Shop","item":"https:\/\/www.raxxa.com\/it\/shop\/"},{"@type":"ListItem","position":3,"name":"Bio T-Shirt: Black &#038; White"}]},{"@type":"WebSite","@id":"https:\/\/www.raxxa.com\/#website","url":"https:\/\/www.raxxa.com\/","name":"raxxa","description":"Productos individuales \u00fanicos de nuestros dise\u00f1adores","publisher":{"@id":"https:\/\/www.raxxa.com\/#organization"},"potentialAction":[{"@type":"SearchAction","target":{"@type":"EntryPoint","urlTemplate":"https:\/\/www.raxxa.com\/?s={search_term_string}"},"query-input":{"@type":"PropertyValueSpecification","valueRequired":true,"valueName":"search_term_string"}}],"inLanguage":"es"},{"@type":"Organization","@id":"https:\/\/www.raxxa.com\/#organization","name":"raxxa","url":"https:\/\/www.raxxa.com\/","logo":{"@type":"ImageObject","inLanguage":"es","@id":"https:\/\/www.raxxa.com\/#\/schema\/logo\/image\/","url":"https:\/\/www.raxxa.com\/wp-content\/uploads\/2022\/07\/logo_v2.png","contentUrl":"https:\/\/www.raxxa.com\/wp-content\/uploads\/2022\/07\/logo_v2.png","width":380,"height":382,"caption":"raxxa"},"image":{"@id":"https:\/\/www.raxxa.com\/#\/schema\/logo\/image\/"},"sameAs":["https:\/\/facebook.com\/raxxacom"]}]},"og_availability":"instock","product_availability":"instock","product_retailer_item_id":"1-104-2525-178","product_condition":"new"},"jetpack_sharing_enabled":true,"_links":{"self":[{"href":"https:\/\/www.raxxa.com\/es\/wp-json\/wp\/v2\/product\/145878","targetHints":{"allow":["GET"]}}],"collection":[{"href":"https:\/\/www.raxxa.com\/es\/wp-json\/wp\/v2\/product"}],"about":[{"href":"https:\/\/www.raxxa.com\/es\/wp-json\/wp\/v2\/types\/product"}],"replies":[{"embeddable":true,"href":"https:\/\/www.raxxa.com\/es\/wp-json\/wp\/v2\/comments?post=145878"}],"wp:featuredmedia":[{"embeddable":true,"href":"https:\/\/www.raxxa.com\/es\/wp-json\/wp\/v2\/media\/145895"}],"wp:attachment":[{"href":"https:\/\/www.raxxa.com\/es\/wp-json\/wp\/v2\/media?parent=145878"}],"wp:term":[{"taxonomy":"product_brand","embeddable":true,"href":"https:\/\/www.raxxa.com\/es\/wp-json\/wp\/v2\/product_brand?post=145878"},{"taxonomy":"product_cat","embeddable":true,"href":"https:\/\/www.raxxa.com\/es\/wp-json\/wp\/v2\/product_cat?post=145878"},{"taxonomy":"product_tag","embeddable":true,"href":"https:\/\/www.raxxa.com\/es\/wp-json\/wp\/v2\/product_tag?post=145878"}],"curies":[{"name":"wp","href":"https:\/\/api.w.org\/{rel}","templated":true}]}}