{"id":143727,"date":"2022-05-16T09:57:53","date_gmt":"2022-05-16T07:57:53","guid":{"rendered":"https:\/\/www.raxxa.com\/shop\/walking-on-a-dream\/"},"modified":"2022-05-16T09:58:05","modified_gmt":"2022-05-16T07:58:05","slug":"walking-on-a-dream","status":"publish","type":"product","link":"https:\/\/www.raxxa.com\/es\/shop\/walking-on-a-dream\/","title":{"rendered":"Caminando por un sue\u00f1o"},"content":{"rendered":"<div><b>&#8222;Walking on a dream&#8220; by Elisabeth Grosse<\/b><\/div>\n<div><b><br \/><\/b><\/div>\n<div><\/div>\n<div><\/div>\n<div>Ilustraci\u00f3n de moda surrealista - Caminante de sue\u00f1os - Contador de historias<\/p>\n<p>Creado manual y digitalmente con t\u00e9cnicas de collage y dise\u00f1o.<\/p>\n<p>No se permite el uso no autorizado, incluida la copia, de esta imagen para su publicaci\u00f3n y venta. <br \/>La compra no transfiere ning\u00fan derecho de autor. El material gr\u00e1fico es s\u00f3lo para uso personal.<\/p>\n<p>\u00a9 Copyright LIZITA<\/p><\/div>\n<div><b><br \/><\/b><\/div>\n<div><\/div>\n<div><\/div>\n<div>- Impresi\u00f3n fotogr\u00e1fica en aluminio dibond de 3 mm con revestimiento blanco<\/div>\n<div>- Imprime directamente sobre el aluminio Tintas de alta calidad<\/div>\n<div>- La buena gradaci\u00f3n tonal garantiza una reproducci\u00f3n exacta<\/div>\n<div><span style=\"font-size: 1rem\">- Mate y sin reflejos<\/span><\/div>\n<div><span style=\"font-size: 1rem\">- Juego de colgar incluido<\/span><\/div>\n<div><\/div>\n<div>Su motivo y su talla individual s\u00f3lo se producir\u00e1n y enviar\u00e1n una vez recibido su pedido.<\/div>\n<div><span style=\"font-size: 1rem\">Si desea una talla diferente, p\u00eddala.<\/span><\/div>\n<p>-moda -fashionart -modernart -fashionillustration -fashionillustration -mixto -dise\u00f1o -dise\u00f1ador -dise\u00f1o digital -printdesign -digital -ilustraci\u00f3n -contempor\u00e1neo -contemporary -dibujo -graffiti -street -art -artwork -streetart -urbano -urbanart -\u00fanico -mujer -mujeres -womenart -#fineart -expresivo -surreal -photoshop -arte -digitalart -dise\u00f1o textil -textiles -modedesign -modedesigner -visual -visualart -poster -foto -foto -fotograf\u00eda -fineartfoto -fineart -fotograf\u00eda -photoart -l\u00e1piz -tinta -marker -bar -cafeter\u00eda -restaurante -cocktail -tapas -sal\u00f3n -lounge -peluquer\u00eda -retrato -figurativo -figurativo -womanart -ojos -coiffeur -estilista -fuerte -color -colorido -rojo -amarillo -rosa -oscuro -rojo oscuro -hotel -lobby -cocktailbar -hotelbar -interior -modainterior -galeria -exposicion -exposicion de arte -impresion bajo demanda -interior -dise\u00f1o interior -posterart -imagen -contraste -expresionista -alto -formato -impresion -arte digital -impresion digital -impresion de arte -cara -cara -abstracto -abstracto -mercado -pared -mural -arte mural -giclee -dibujo de moda -pintura -artdeco -decor -decoraci\u00f3n -colgante -hall -colecci\u00f3n -colecci\u00f3n -artnouveau -electic -sala -entrada -cena -chimenea -conservatorio -oficina -office -beautiful -#beautiful -belleza -retrato femenino -portrait art -make-up -artdecohoteles -hotelinterior -restaurantinterior -cena -noche -cena -pantalla -decoraci\u00f3n de pantalla -decoraci\u00f3n de pantalla -spraypaint -forum -artforum -exposici\u00f3n colectiva -magazine -coverart -fair -feria de arte -trench -clothing -ropa -wall -wallart -deco -t -t-camisa -colgante -cool -nuevo -negrita -comedor -comida -cultura -fest -mood -festivo -couture -trenchcoat -pared presentaci\u00f3n -fine -fashionmagazine -illusiv -illusive -teatro -opera -opera -m\u00fasica -venue -drama -film -motion -creativo -experiment -experimental -gala -table -room -artroom -classy -experimental -inspiracion -inspire -card -birthday -card -grande -large -birthday -navidad -christmas -christmas -christmas -navidad -estilo -londres -estilo -nuevo -medio -medio -dise\u00f1ador de moda -ilustrador -gr\u00e1fico -gr\u00e1fico -modelo -fashionart -arte de la moda -artista -amor -dibujo -dibujo -moda -brixton -banksy -londonart -scene -artscene -scenery -effect -watercolour -aquarelle -acrylics -trend -trendy -spot -outfit -stylish -placative -dress -vestidos -shirt -pants -shorts -shop -boutique -spa -wellness -meditation -1TP5belleza -pr\u00e1ctica -artaterapia -terapia -arteterapia -pintura -pintura -dibujo -sala -museo -acuarela -top -parte -est\u00e9tica -est\u00e9tica -vida -alta calidad -color -colorido -maestro -papel -esp\u00edritu -artsy -collage -artist -artesania -rebel -pop -popart -show -display -cartoon -comic -comics -manga -vogue -envogue -muse -fashionweek -blogger -fashionshoot -fashionphoto -fashionphotography -fashionshot -passion -pintura -vintage -hall -hallway -doorway -patio -conservatory -fireplace -place -fuego -chimenea -parlor -tattoo -stage -venues -royal -queen -king -atrium -opening -melusine -lorelei -female -celestine -celestial -estrella -cuento -cuento de hadas -medusa -historia -cuentacuentos -cuentacuentos -splash -festival -verano -vibes -playa -club -clubbing -curador -coleccionista -comerciante de arte -curador -estudiar -estudios -ense\u00f1ar -profesor de arte -tutor -biblioteca -visi\u00f3n -presentaci\u00f3n -cat\u00e1logo -vip -fragancia -perfume -perfumer\u00eda -perfumer\u00eda -fragancia -scent -girl -gin -sky -costume -costumedesign -costumehistory -studio -artspace -hist\u00f3rico -showstudio -knight -nick -nickknight -store -storedesign -moods -biennale -newyork -nature -home -sale -install -instalaci\u00f3n -projection -class -workshop -sales -retailer -comercio al por menor -ecommerce -market -buzz -buying -comprador -sold -vendedor -seller -retailer -bestseller -obra maestra -grande -venus -dazed -showroom -dance -dream -dreams -wunder -premium -highclass -qualitiy -quality -halloween -black -blackfriday -festive -collective -paper -runway -foam -hard -catwalk -board -canvas -original -red -redcarpet -alfombra -accessoire -accessories -accessoires -bag -hand -detail -detallado -poetic -poema -poetry -fiction -move -trans -tranform -transformaci\u00f3n -metamorphose -spark -chispa -sparkle -gossip -boho -celeb -layout -fit -furnishings -features -explore -smart -expressiveart -artlife -artinspo -artnews -craft -craftspire -maker -creator -soul -jazz -jazzy -worksonpaper -obsession -paintflow -artformale -artmarketing -subasta -promocionar -artfeed -artlove -primavera -oc\u00e9ano -flor -floral -romance -rom\u00e1ntico -libro -libros -cafeter\u00eda -estanter\u00eda -estante -librer\u00eda -mar -castillo -mansi\u00f3n -palacio -chateau -villa -provence -generoso -victoriano -edwardiano -lujo -luxus -residencia -residencia de arte -eyou -manor -propiedad -inmobiliario -artistry -sellingart -#artforsalebyartist -#artforsaleonline -#artforsalebygallery -#sellingart -#sellingartwork -#sellingartonline -#commissionart -#openforcommission -lizita -shopify -magento -woocommerce -marketing -marketing digital -bigcommerce -onlinestore -businessowner -contentmarketing -social -socialmedia<\/p>","protected":false},"excerpt":{"rendered":"<p>&#8222;Walking on a dream&#8220; by Elisabeth Grosse Surrealistic Fashion illustration &#8211; Dream walker &#8211; Story teller Created manually and digitally with collage and design techniques. Unauthorized use including copying- reproduction of this image for publication and sale is not permitted. Purchase does not transfer any copyright. Artwork is for personal use only. \u00a9 Copyright LIZITA [&hellip;]<\/p>\n","protected":false},"featured_media":143720,"comment_status":"open","ping_status":"closed","template":"","meta":[],"product_brand":[],"product_cat":[162,10340],"product_tag":[],"class_list":{"0":"post-143727","1":"product","2":"type-product","3":"status-publish","4":"has-post-thumbnail","6":"product_cat-fantasie","7":"product_cat-elisabeth-grosse","9":"first","10":"instock","11":"taxable","12":"shipping-taxable","13":"purchasable","14":"product-type-variable"},"yoast_head":"<!-- This site is optimized with the Yoast SEO Premium plugin v27.4 (Yoast SEO v27.4) - https:\/\/yoast.com\/product\/yoast-seo-premium-wordpress\/ -->\n<title>Walking on a dream - raxxa<\/title>\n<meta name=\"robots\" content=\"index, follow, max-snippet:-1, max-image-preview:large, max-video-preview:-1\" \/>\n<link rel=\"canonical\" href=\"https:\/\/www.raxxa.com\/es\/shop\/walking-on-a-dream\/\" \/>\n<meta property=\"og:locale\" content=\"es_ES\" \/>\n<meta property=\"og:type\" content=\"article\" \/>\n<meta property=\"og:title\" content=\"Walking on a dream\" \/>\n<meta property=\"og:description\" content=\"&#8222;Walking on a dream&#8220; by Elisabeth Grosse Surrealistic Fashion illustration &#8211; Dream walker &#8211; Story teller Created manually and digitally with collage and design techniques. Unauthorized use including copying- reproduction of this image for publication and sale is not permitted. Purchase does not transfer any copyright. Artwork is for personal use only. \u00a9 Copyright LIZITA [&hellip;]\" \/>\n<meta property=\"og:url\" content=\"https:\/\/www.raxxa.com\/es\/shop\/walking-on-a-dream\/\" \/>\n<meta property=\"og:site_name\" content=\"raxxa\" \/>\n<meta property=\"article:publisher\" content=\"https:\/\/facebook.com\/raxxacom\" \/>\n<meta property=\"article:modified_time\" content=\"2022-05-16T07:58:05+00:00\" \/>\n<meta property=\"og:image\" content=\"https:\/\/www.raxxa.com\/wp-content\/uploads\/2022\/05\/202-2990-Walking-on-a-dream-Elisabeth-Grosse.png\" \/>\n\t<meta property=\"og:image:width\" content=\"800\" \/>\n\t<meta property=\"og:image:height\" content=\"800\" \/>\n\t<meta property=\"og:image:type\" content=\"image\/png\" \/>\n<meta name=\"twitter:card\" content=\"summary_large_image\" \/>\n<meta name=\"twitter:label1\" content=\"Disponibilidad\" \/>\n\t<meta name=\"twitter:data1\" content=\"Disponible\" \/>\n<script type=\"application\/ld+json\" class=\"yoast-schema-graph\">{\"@context\":\"https:\\\/\\\/schema.org\",\"@graph\":[{\"@type\":[\"WebPage\",\"ItemPage\"],\"@id\":\"https:\\\/\\\/www.raxxa.com\\\/en\\\/shop\\\/walking-on-a-dream\\\/\",\"url\":\"https:\\\/\\\/www.raxxa.com\\\/en\\\/shop\\\/walking-on-a-dream\\\/\",\"name\":\"Walking on a dream - raxxa\",\"isPartOf\":{\"@id\":\"https:\\\/\\\/www.raxxa.com\\\/#website\"},\"primaryImageOfPage\":{\"@id\":\"https:\\\/\\\/www.raxxa.com\\\/en\\\/shop\\\/walking-on-a-dream\\\/#primaryimage\"},\"image\":{\"@id\":\"https:\\\/\\\/www.raxxa.com\\\/en\\\/shop\\\/walking-on-a-dream\\\/#primaryimage\"},\"thumbnailUrl\":\"https:\\\/\\\/www.raxxa.com\\\/wp-content\\\/uploads\\\/2022\\\/05\\\/202-2990-Walking-on-a-dream-Elisabeth-Grosse.png\",\"datePublished\":\"2022-05-16T07:57:53+00:00\",\"dateModified\":\"2022-05-16T07:58:05+00:00\",\"breadcrumb\":{\"@id\":\"https:\\\/\\\/www.raxxa.com\\\/en\\\/shop\\\/walking-on-a-dream\\\/#breadcrumb\"},\"inLanguage\":\"es\",\"potentialAction\":[{\"@type\":\"ReadAction\",\"target\":[\"https:\\\/\\\/www.raxxa.com\\\/en\\\/shop\\\/walking-on-a-dream\\\/\"]}]},{\"@type\":\"ImageObject\",\"inLanguage\":\"es\",\"@id\":\"https:\\\/\\\/www.raxxa.com\\\/en\\\/shop\\\/walking-on-a-dream\\\/#primaryimage\",\"url\":\"https:\\\/\\\/www.raxxa.com\\\/wp-content\\\/uploads\\\/2022\\\/05\\\/202-2990-Walking-on-a-dream-Elisabeth-Grosse.png\",\"contentUrl\":\"https:\\\/\\\/www.raxxa.com\\\/wp-content\\\/uploads\\\/2022\\\/05\\\/202-2990-Walking-on-a-dream-Elisabeth-Grosse.png\",\"width\":800,\"height\":800},{\"@type\":\"BreadcrumbList\",\"@id\":\"https:\\\/\\\/www.raxxa.com\\\/en\\\/shop\\\/walking-on-a-dream\\\/#breadcrumb\",\"itemListElement\":[{\"@type\":\"ListItem\",\"position\":1,\"name\":\"Startseite\",\"item\":\"https:\\\/\\\/www.raxxa.com\\\/\"},{\"@type\":\"ListItem\",\"position\":2,\"name\":\"Shop\",\"item\":\"https:\\\/\\\/www.raxxa.com\\\/it\\\/shop\\\/\"},{\"@type\":\"ListItem\",\"position\":3,\"name\":\"Walking on a dream\"}]},{\"@type\":\"WebSite\",\"@id\":\"https:\\\/\\\/www.raxxa.com\\\/#website\",\"url\":\"https:\\\/\\\/www.raxxa.com\\\/\",\"name\":\"raxxa\",\"description\":\"Einzigartige individuelle Produkte von unseren Designern\",\"publisher\":{\"@id\":\"https:\\\/\\\/www.raxxa.com\\\/#organization\"},\"potentialAction\":[{\"@type\":\"SearchAction\",\"target\":{\"@type\":\"EntryPoint\",\"urlTemplate\":\"https:\\\/\\\/www.raxxa.com\\\/?s={search_term_string}\"},\"query-input\":{\"@type\":\"PropertyValueSpecification\",\"valueRequired\":true,\"valueName\":\"search_term_string\"}}],\"inLanguage\":\"es\"},{\"@type\":\"Organization\",\"@id\":\"https:\\\/\\\/www.raxxa.com\\\/#organization\",\"name\":\"raxxa\",\"url\":\"https:\\\/\\\/www.raxxa.com\\\/\",\"logo\":{\"@type\":\"ImageObject\",\"inLanguage\":\"es\",\"@id\":\"https:\\\/\\\/www.raxxa.com\\\/#\\\/schema\\\/logo\\\/image\\\/\",\"url\":\"https:\\\/\\\/www.raxxa.com\\\/wp-content\\\/uploads\\\/2022\\\/07\\\/logo_v2.png\",\"contentUrl\":\"https:\\\/\\\/www.raxxa.com\\\/wp-content\\\/uploads\\\/2022\\\/07\\\/logo_v2.png\",\"width\":380,\"height\":382,\"caption\":\"raxxa\"},\"image\":{\"@id\":\"https:\\\/\\\/www.raxxa.com\\\/#\\\/schema\\\/logo\\\/image\\\/\"},\"sameAs\":[\"https:\\\/\\\/facebook.com\\\/raxxacom\"]}]}<\/script>\n<meta property=\"og:availability\" content=\"instock\" \/>\n<meta property=\"product:availability\" content=\"instock\" \/>\n<meta property=\"product:condition\" content=\"new\" \/>\n<!-- \/ Yoast SEO Premium plugin. -->","yoast_head_json":{"title":"Caminando sobre un sue\u00f1o - raxxa","robots":{"index":"index","follow":"follow","max-snippet":"max-snippet:-1","max-image-preview":"max-image-preview:large","max-video-preview":"max-video-preview:-1"},"canonical":"https:\/\/www.raxxa.com\/es\/shop\/walking-on-a-dream\/","og_locale":"es_ES","og_type":"article","og_title":"Walking on a dream","og_description":"&#8222;Walking on a dream&#8220; by Elisabeth Grosse Surrealistic Fashion illustration &#8211; Dream walker &#8211; Story teller Created manually and digitally with collage and design techniques. Unauthorized use including copying- reproduction of this image for publication and sale is not permitted. Purchase does not transfer any copyright. Artwork is for personal use only. \u00a9 Copyright LIZITA [&hellip;]","og_url":"https:\/\/www.raxxa.com\/es\/shop\/walking-on-a-dream\/","og_site_name":"raxxa","article_publisher":"https:\/\/facebook.com\/raxxacom","article_modified_time":"2022-05-16T07:58:05+00:00","og_image":[{"width":800,"height":800,"url":"https:\/\/www.raxxa.com\/wp-content\/uploads\/2022\/05\/202-2990-Walking-on-a-dream-Elisabeth-Grosse.png","type":"image\/png"}],"twitter_card":"summary_large_image","twitter_misc":{"Disponibilidad":"Disponible"},"schema":{"@context":"https:\/\/schema.org","@graph":[{"@type":["WebPage","ItemPage"],"@id":"https:\/\/www.raxxa.com\/en\/shop\/walking-on-a-dream\/","url":"https:\/\/www.raxxa.com\/en\/shop\/walking-on-a-dream\/","name":"Caminando sobre un sue\u00f1o - raxxa","isPartOf":{"@id":"https:\/\/www.raxxa.com\/#website"},"primaryImageOfPage":{"@id":"https:\/\/www.raxxa.com\/en\/shop\/walking-on-a-dream\/#primaryimage"},"image":{"@id":"https:\/\/www.raxxa.com\/en\/shop\/walking-on-a-dream\/#primaryimage"},"thumbnailUrl":"https:\/\/www.raxxa.com\/wp-content\/uploads\/2022\/05\/202-2990-Walking-on-a-dream-Elisabeth-Grosse.png","datePublished":"2022-05-16T07:57:53+00:00","dateModified":"2022-05-16T07:58:05+00:00","breadcrumb":{"@id":"https:\/\/www.raxxa.com\/en\/shop\/walking-on-a-dream\/#breadcrumb"},"inLanguage":"es","potentialAction":[{"@type":"ReadAction","target":["https:\/\/www.raxxa.com\/en\/shop\/walking-on-a-dream\/"]}]},{"@type":"ImageObject","inLanguage":"es","@id":"https:\/\/www.raxxa.com\/en\/shop\/walking-on-a-dream\/#primaryimage","url":"https:\/\/www.raxxa.com\/wp-content\/uploads\/2022\/05\/202-2990-Walking-on-a-dream-Elisabeth-Grosse.png","contentUrl":"https:\/\/www.raxxa.com\/wp-content\/uploads\/2022\/05\/202-2990-Walking-on-a-dream-Elisabeth-Grosse.png","width":800,"height":800},{"@type":"BreadcrumbList","@id":"https:\/\/www.raxxa.com\/en\/shop\/walking-on-a-dream\/#breadcrumb","itemListElement":[{"@type":"ListItem","position":1,"name":"Startseite","item":"https:\/\/www.raxxa.com\/"},{"@type":"ListItem","position":2,"name":"Shop","item":"https:\/\/www.raxxa.com\/it\/shop\/"},{"@type":"ListItem","position":3,"name":"Walking on a dream"}]},{"@type":"WebSite","@id":"https:\/\/www.raxxa.com\/#website","url":"https:\/\/www.raxxa.com\/","name":"raxxa","description":"Productos individuales \u00fanicos de nuestros dise\u00f1adores","publisher":{"@id":"https:\/\/www.raxxa.com\/#organization"},"potentialAction":[{"@type":"SearchAction","target":{"@type":"EntryPoint","urlTemplate":"https:\/\/www.raxxa.com\/?s={search_term_string}"},"query-input":{"@type":"PropertyValueSpecification","valueRequired":true,"valueName":"search_term_string"}}],"inLanguage":"es"},{"@type":"Organization","@id":"https:\/\/www.raxxa.com\/#organization","name":"raxxa","url":"https:\/\/www.raxxa.com\/","logo":{"@type":"ImageObject","inLanguage":"es","@id":"https:\/\/www.raxxa.com\/#\/schema\/logo\/image\/","url":"https:\/\/www.raxxa.com\/wp-content\/uploads\/2022\/07\/logo_v2.png","contentUrl":"https:\/\/www.raxxa.com\/wp-content\/uploads\/2022\/07\/logo_v2.png","width":380,"height":382,"caption":"raxxa"},"image":{"@id":"https:\/\/www.raxxa.com\/#\/schema\/logo\/image\/"},"sameAs":["https:\/\/facebook.com\/raxxacom"]}]},"og_availability":"instock","product_availability":"instock","product_condition":"new"},"jetpack_sharing_enabled":true,"_links":{"self":[{"href":"https:\/\/www.raxxa.com\/es\/wp-json\/wp\/v2\/product\/143727","targetHints":{"allow":["GET"]}}],"collection":[{"href":"https:\/\/www.raxxa.com\/es\/wp-json\/wp\/v2\/product"}],"about":[{"href":"https:\/\/www.raxxa.com\/es\/wp-json\/wp\/v2\/types\/product"}],"replies":[{"embeddable":true,"href":"https:\/\/www.raxxa.com\/es\/wp-json\/wp\/v2\/comments?post=143727"}],"wp:featuredmedia":[{"embeddable":true,"href":"https:\/\/www.raxxa.com\/es\/wp-json\/wp\/v2\/media\/143720"}],"wp:attachment":[{"href":"https:\/\/www.raxxa.com\/es\/wp-json\/wp\/v2\/media?parent=143727"}],"wp:term":[{"taxonomy":"product_brand","embeddable":true,"href":"https:\/\/www.raxxa.com\/es\/wp-json\/wp\/v2\/product_brand?post=143727"},{"taxonomy":"product_cat","embeddable":true,"href":"https:\/\/www.raxxa.com\/es\/wp-json\/wp\/v2\/product_cat?post=143727"},{"taxonomy":"product_tag","embeddable":true,"href":"https:\/\/www.raxxa.com\/es\/wp-json\/wp\/v2\/product_tag?post=143727"}],"curies":[{"name":"wp","href":"https:\/\/api.w.org\/{rel}","templated":true}]}}