{"id":143673,"date":"2022-05-16T09:49:35","date_gmt":"2022-05-16T07:49:35","guid":{"rendered":"https:\/\/www.raxxa.com\/shop\/bizarre\/"},"modified":"2022-05-16T09:50:00","modified_gmt":"2022-05-16T07:50:00","slug":"bizarre","status":"publish","type":"product","link":"https:\/\/www.raxxa.com\/es\/shop\/bizarre\/","title":{"rendered":"Bizarro"},"content":{"rendered":"<div><b>&#8222;Bizarre&#8220; by Elisabeth Grosse<\/b><\/div>\n<div><b><br \/><\/b><\/div>\n<div><\/div>\n<div><\/div>\n<div>Ilustraci\u00f3n de retrato en t\u00e9cnica mixta - Versi\u00f3n de retrabajo. <\/p>\n<p>Creado con l\u00e1piz y t\u00e9cnicas de collage digital.<\/p>\n<p>Tambi\u00e9n est\u00e1n disponibles obras de arte originales.<\/p>\n<p>No se permite el uso no autorizado, incluida la copia, de esta imagen para su publicaci\u00f3n y venta. <br \/>La compra no transfiere ning\u00fan derecho de autor. El material gr\u00e1fico es s\u00f3lo para uso personal.<\/p>\n<p>\u00a9 Copyright LIZITA<\/p><\/div>\n<div><b><br \/><\/b><\/div>\n<div><\/div>\n<div><\/div>\n<div>- Impresi\u00f3n fotogr\u00e1fica en aluminio dibond de 3 mm con revestimiento blanco<\/div>\n<div>- Imprime directamente sobre el aluminio Tintas de alta calidad<\/div>\n<div>- La buena gradaci\u00f3n tonal garantiza una reproducci\u00f3n exacta<\/div>\n<div><span style=\"font-size: 1rem\">- Mate y sin reflejos<\/span><\/div>\n<div><span style=\"font-size: 1rem\">- Juego de colgar incluido<\/span><\/div>\n<div><\/div>\n<div>Su motivo y su talla individual s\u00f3lo se producir\u00e1n y enviar\u00e1n una vez recibido su pedido.<\/div>\n<div><span style=\"font-size: 1rem\">Si desea una talla diferente, p\u00eddala.<\/span><\/div>\n<p>fashion modernart modernart fashionillustration fashionillustration mixed design designer digitaldesign printdesign ilustraci\u00f3n digital contempor\u00e1neo contempor\u00e1neo dibujo graffiti street art obra de arte streetart urbano urbanart \u00fanico mujer mujeres #fineart expresivo surrealista photoshop arte digital arte textil dise\u00f1o textil dise\u00f1o de moda dise\u00f1ador de moda visual visualart cartel foto fotoartfotograf\u00eda fineartphotography fineartphotography photoart l\u00e1piz tinta rotulador bar cafeter\u00eda restaurante c\u00f3ctel tapas sal\u00f3n peluquer\u00eda retrato figurativo figurativo womanart ojos coiffeur estilista fuerte multicolor coloreado rojo amarillo rosa oscuro rojo oscuro hotel lobby cocktail bar hotelbar interior modainterior galeria exposicion arte exposicion printondemand interior posterart cuadro contraste expresionista alto formato digital art digital print art print cara cara abstracto mercado abstracto mural pared arte giclee moda dibujo pintura artdeco decoraci\u00f3n deco colgante hall colecci\u00f3n colecci\u00f3n artnouveau el\u00e9ctico espacio entrada cena chimenea invierno jard\u00edn oficina oficina hermoso #beautiful belleza mujer retrato retrato arte make-up artdecohotels hotelinterior restaurantinterior dining evening dinner wall decoration canvas wall decoration wall art spray paint forum artforum group exhibition magazine coverart fair art fair artfair trench clothing clothing wallart deco t-shirt hanging cool new bold dining dining culture fest festive couture trench coat wall presentation fine fashion magazine fashion magazine illusiv illusive theatre opera music venue drama film motion creative creative experiment experimental gala table room arttroom classy experimental inspiration inspire card birthday card big large birthday christmas christmas style london style new media medium fashiondesigner illustrator graphic graphic model fashionart fashionart artist artistic love sketch sketch fashion sketch brixton banksy londonart scene artscene scenery effect watercolour acrylics trendy spot outfit stylish striking dress shirt pants shorts shop boutique spa wellness meditation 1TP5Beauty practice arttherapy art therapy pintura terapia pintura dibujo espacio museo acuarela parte superior estetica estetica vida alta calidad colorido papel maestro espiritu artsy collage artista artesania rebelde pop popart exposicion cartoon comic comics manga vogue envogue musa fashionweek blogger fashionshoot fashionphoto fashionfotography fashionshot passion pintura vintage pasillo puerta patio invernadero chimenea lugar fuego chimenea sal\u00f3n tatuaje escenario lugares real reina rey atrio inauguraci\u00f3n melusine lorelei mujer celestina celestial estrella cuentos de hadas medusa cuentacuentos narrador storytelling splash festival summer vibes beach club clubbing comisario coleccionista artdealer comisario estudios ense\u00f1ar artteacher tutor biblioteca vision presentacion catalogo vip fragancia perfume perfumeria perfumeria aroma chica ginebra cielo disfraz costumedesign costumehistory studio artspace historical showstudio knight nick nickknight store storedesign moods biennale newyork nature home sale install installation projection class workshop sales retail retailer ecommerce market buzz buying buyer sold seller bestseller masterpiece big venus dazed showroom dance dance dream dreams wunder premium highclass qualitiy quality halloween black blackfriday festive collective paper runway foam hard catwalk board canvas original red redcarpet carpet accessoire accessories accessories bag hand detail detailed poetic poem poetry fiction move trans tranform transformation metamorphose spark sparkle gossip boho celeb layout fit furnishings features explore smart expressiveart artlife artinspo artnews craft craftspire maker creator soul jazz jazzy worksonpaper obsession paintflow artformale artmarketing auction promote artfeed artlove spring ocean flowery romance romantic book books cafeteria shelf shelves bookshelf sea castle mansion palce chateau villa provence generous victorian edwardian luxury luxury residency artresidency eyou manor property estate artistry sellingart #artforsalebyartist #artforsaleonline #artforsalebygallery #sellingart #sellingartwork #sellingartonline #commissionart #openforcommission lizita shopify magento woocommerce marketing digitalmarketing bigcommerce onlinestore businessowner contentmarketing social socialmedia ubahn metro underground metropolitan eyes gaze evil mad madness devil eye vivid vibrant deep gloomy morbid spooky gloomy angel spectre nightmare dream<\/p>","protected":false},"excerpt":{"rendered":"<p>&#8222;Bizarre&#8220; by Elisabeth Grosse Mixed Media Portrait Illustration &#8211; Rework version. Created with pencil and digital collage techniques. Original artwork is also available. Unauthorized use including copying- reproduction of this image for publication and sale is not permitted. Purchase does not transfer any copyright. Artwork is for personal use only. \u00a9 Copyright LIZITA &#8211; Foto [&hellip;]<\/p>\n","protected":false},"featured_media":143666,"comment_status":"open","ping_status":"closed","template":"","meta":[],"product_brand":[],"product_cat":[10340,132],"product_tag":[7933,7466,7362,9440,8470,7397,7389,7480,10024,7514,8224,9073,9465,8994,7365,8710,7676,7831,7934,7870,9151,8969,7911,9679,9516,9780,7383,7702,7393,7691,7492,8753,10040,10055,9295,8733,8016,8886,7427,8226,10041,7694,9776,8238,8767,9422,10003,8150,7417,8192,7370,8476,7537,7868,7364,7885,8229,7646,8353,9102,7877,7637,8689,7580,7752,9127,9416,7711,8266,7577,7980,7391,7573,7403,8992,9782,8376,7517,8459,9680,7754,7913,8146,8585,7368,9267,9613,7546,9775,7872,10025,7696,9417,7629,8928,8462,10043,7530,8839,8702,8307,8304,8417,7736,9767,7583,7798,8203,8775,10008,7707,7498,8975,7871,9941,8482,7390,7638],"class_list":{"0":"post-143673","1":"product","2":"type-product","3":"status-publish","4":"has-post-thumbnail","6":"product_cat-elisabeth-grosse","7":"product_cat-menschen","8":"product_tag-abend","9":"product_tag-abendessen","10":"product_tag-abstrakt","11":"product_tag-accessoire","12":"product_tag-accessoires","13":"product_tag-acryl","14":"product_tag-aquarell","15":"product_tag-art","16":"product_tag-atrium","17":"product_tag-augen","18":"product_tag-ausstellung","19":"product_tag-bar","20":"product_tag-bekleidung","21":"product_tag-big","22":"product_tag-bild","23":"product_tag-blick","24":"product_tag-blume","25":"product_tag-blumig","26":"product_tag-buero","27":"product_tag-canvas","28":"product_tag-cartoon","29":"product_tag-club","30":"product_tag-collage","31":"product_tag-comic","32":"product_tag-cool","33":"product_tag-dance","34":"product_tag-deko","35":"product_tag-dekor","36":"product_tag-design","37":"product_tag-designer","38":"product_tag-detail","39":"product_tag-digital-2","40":"product_tag-digitalart","41":"product_tag-drama","42":"product_tag-druck","43":"product_tag-duft","44":"product_tag-dunkel","45":"product_tag-eingang","46":"product_tag-essen","47":"product_tag-expressionist","48":"product_tag-farbig","49":"product_tag-fashion","50":"product_tag-female","51":"product_tag-fest","52":"product_tag-film","53":"product_tag-fit","54":"product_tag-format","55":"product_tag-foto","56":"product_tag-fotografie","57":"product_tag-geburtstag","58":"product_tag-gelb","59":"product_tag-gesicht","60":"product_tag-girl","61":"product_tag-graffiti","62":"product_tag-grafik","63":"product_tag-gross","64":"product_tag-halloween","65":"product_tag-hand","66":"product_tag-haengend","67":"product_tag-hemd","68":"product_tag-hoch","69":"product_tag-illustration","70":"product_tag-innenausstattung","71":"product_tag-inspiration","72":"product_tag-karte","73":"product_tag-kleid","74":"product_tag-kleidung","75":"product_tag-kollektion","76":"product_tag-kontrast","77":"product_tag-kreativ","78":"product_tag-kultur","79":"product_tag-kunst","80":"product_tag-kuenstler","81":"product_tag-kuenstlerisch","82":"product_tag-london","83":"product_tag-love","84":"product_tag-luxus","85":"product_tag-make-up","86":"product_tag-malen","87":"product_tag-manga","88":"product_tag-marketing","89":"product_tag-markt","90":"product_tag-media","91":"product_tag-meditation","92":"product_tag-mehrfarbig","93":"product_tag-mode","94":"product_tag-museum","95":"product_tag-natur","96":"product_tag-nature","97":"product_tag-neu","98":"product_tag-office","99":"product_tag-original","100":"product_tag-outfit","101":"product_tag-papier","102":"product_tag-passion","103":"product_tag-pink","104":"product_tag-popart","105":"product_tag-portrait","106":"product_tag-raum","107":"product_tag-salon","108":"product_tag-schoen","109":"product_tag-show","110":"product_tag-spa","111":"product_tag-stil","112":"product_tag-stimmung","113":"product_tag-studio","114":"product_tag-summer","115":"product_tag-teil","116":"product_tag-theater","117":"product_tag-transformation","118":"product_tag-traum","119":"product_tag-vintage","120":"product_tag-wall","121":"product_tag-wand","122":"product_tag-weihnachten","123":"product_tag-wellness","124":"product_tag-zeichnung","125":"product_tag-zeitgenoessisch","127":"first","128":"instock","129":"taxable","130":"shipping-taxable","131":"purchasable","132":"product-type-variable"},"yoast_head":"<!-- This site is optimized with the Yoast SEO Premium plugin v27.4 (Yoast SEO v27.4) - https:\/\/yoast.com\/product\/yoast-seo-premium-wordpress\/ -->\n<title>Bizarre - raxxa<\/title>\n<meta name=\"robots\" content=\"index, follow, max-snippet:-1, max-image-preview:large, max-video-preview:-1\" \/>\n<link rel=\"canonical\" href=\"https:\/\/www.raxxa.com\/es\/shop\/bizarre\/\" \/>\n<meta property=\"og:locale\" content=\"es_ES\" \/>\n<meta property=\"og:type\" content=\"article\" \/>\n<meta property=\"og:title\" content=\"Bizarre\" \/>\n<meta property=\"og:description\" content=\"&#8222;Bizarre&#8220; by Elisabeth Grosse Mixed Media Portrait Illustration &#8211; Rework version. Created with pencil and digital collage techniques. Original artwork is also available. Unauthorized use including copying- reproduction of this image for publication and sale is not permitted. Purchase does not transfer any copyright. Artwork is for personal use only. \u00a9 Copyright LIZITA &#8211; Foto [&hellip;]\" \/>\n<meta property=\"og:url\" content=\"https:\/\/www.raxxa.com\/es\/shop\/bizarre\/\" \/>\n<meta property=\"og:site_name\" content=\"raxxa\" \/>\n<meta property=\"article:publisher\" content=\"https:\/\/facebook.com\/raxxacom\" \/>\n<meta property=\"article:modified_time\" content=\"2022-05-16T07:50:00+00:00\" \/>\n<meta property=\"og:image\" content=\"https:\/\/www.raxxa.com\/wp-content\/uploads\/2022\/05\/202-2962-Bizarre-Elisabeth-Grosse.png\" \/>\n\t<meta property=\"og:image:width\" content=\"800\" \/>\n\t<meta property=\"og:image:height\" content=\"800\" \/>\n\t<meta property=\"og:image:type\" content=\"image\/png\" \/>\n<meta name=\"twitter:card\" content=\"summary_large_image\" \/>\n<meta name=\"twitter:label1\" content=\"Disponibilidad\" \/>\n\t<meta name=\"twitter:data1\" content=\"Disponible\" \/>\n<script type=\"application\/ld+json\" class=\"yoast-schema-graph\">{\"@context\":\"https:\\\/\\\/schema.org\",\"@graph\":[{\"@type\":[\"WebPage\",\"ItemPage\"],\"@id\":\"https:\\\/\\\/www.raxxa.com\\\/shop\\\/bizarre\\\/\",\"url\":\"https:\\\/\\\/www.raxxa.com\\\/shop\\\/bizarre\\\/\",\"name\":\"Bizarre - raxxa\",\"isPartOf\":{\"@id\":\"https:\\\/\\\/www.raxxa.com\\\/#website\"},\"primaryImageOfPage\":{\"@id\":\"https:\\\/\\\/www.raxxa.com\\\/shop\\\/bizarre\\\/#primaryimage\"},\"image\":{\"@id\":\"https:\\\/\\\/www.raxxa.com\\\/shop\\\/bizarre\\\/#primaryimage\"},\"thumbnailUrl\":\"https:\\\/\\\/www.raxxa.com\\\/wp-content\\\/uploads\\\/2022\\\/05\\\/202-2962-Bizarre-Elisabeth-Grosse.png\",\"datePublished\":\"2022-05-16T07:49:35+00:00\",\"dateModified\":\"2022-05-16T07:50:00+00:00\",\"breadcrumb\":{\"@id\":\"https:\\\/\\\/www.raxxa.com\\\/shop\\\/bizarre\\\/#breadcrumb\"},\"inLanguage\":\"es\",\"potentialAction\":[{\"@type\":\"ReadAction\",\"target\":[\"https:\\\/\\\/www.raxxa.com\\\/shop\\\/bizarre\\\/\"]}]},{\"@type\":\"ImageObject\",\"inLanguage\":\"es\",\"@id\":\"https:\\\/\\\/www.raxxa.com\\\/shop\\\/bizarre\\\/#primaryimage\",\"url\":\"https:\\\/\\\/www.raxxa.com\\\/wp-content\\\/uploads\\\/2022\\\/05\\\/202-2962-Bizarre-Elisabeth-Grosse.png\",\"contentUrl\":\"https:\\\/\\\/www.raxxa.com\\\/wp-content\\\/uploads\\\/2022\\\/05\\\/202-2962-Bizarre-Elisabeth-Grosse.png\",\"width\":800,\"height\":800},{\"@type\":\"BreadcrumbList\",\"@id\":\"https:\\\/\\\/www.raxxa.com\\\/shop\\\/bizarre\\\/#breadcrumb\",\"itemListElement\":[{\"@type\":\"ListItem\",\"position\":1,\"name\":\"Startseite\",\"item\":\"https:\\\/\\\/www.raxxa.com\\\/\"},{\"@type\":\"ListItem\",\"position\":2,\"name\":\"Shop\",\"item\":\"https:\\\/\\\/www.raxxa.com\\\/it\\\/shop\\\/\"},{\"@type\":\"ListItem\",\"position\":3,\"name\":\"Bizarre\"}]},{\"@type\":\"WebSite\",\"@id\":\"https:\\\/\\\/www.raxxa.com\\\/#website\",\"url\":\"https:\\\/\\\/www.raxxa.com\\\/\",\"name\":\"raxxa\",\"description\":\"Einzigartige individuelle Produkte von unseren Designern\",\"publisher\":{\"@id\":\"https:\\\/\\\/www.raxxa.com\\\/#organization\"},\"potentialAction\":[{\"@type\":\"SearchAction\",\"target\":{\"@type\":\"EntryPoint\",\"urlTemplate\":\"https:\\\/\\\/www.raxxa.com\\\/?s={search_term_string}\"},\"query-input\":{\"@type\":\"PropertyValueSpecification\",\"valueRequired\":true,\"valueName\":\"search_term_string\"}}],\"inLanguage\":\"es\"},{\"@type\":\"Organization\",\"@id\":\"https:\\\/\\\/www.raxxa.com\\\/#organization\",\"name\":\"raxxa\",\"url\":\"https:\\\/\\\/www.raxxa.com\\\/\",\"logo\":{\"@type\":\"ImageObject\",\"inLanguage\":\"es\",\"@id\":\"https:\\\/\\\/www.raxxa.com\\\/#\\\/schema\\\/logo\\\/image\\\/\",\"url\":\"https:\\\/\\\/www.raxxa.com\\\/wp-content\\\/uploads\\\/2022\\\/07\\\/logo_v2.png\",\"contentUrl\":\"https:\\\/\\\/www.raxxa.com\\\/wp-content\\\/uploads\\\/2022\\\/07\\\/logo_v2.png\",\"width\":380,\"height\":382,\"caption\":\"raxxa\"},\"image\":{\"@id\":\"https:\\\/\\\/www.raxxa.com\\\/#\\\/schema\\\/logo\\\/image\\\/\"},\"sameAs\":[\"https:\\\/\\\/facebook.com\\\/raxxacom\"]}]}<\/script>\n<meta property=\"og:availability\" content=\"instock\" \/>\n<meta property=\"product:availability\" content=\"instock\" \/>\n<meta property=\"product:condition\" content=\"new\" \/>\n<!-- \/ Yoast SEO Premium plugin. -->","yoast_head_json":{"title":"Bizarre - raxxa","robots":{"index":"index","follow":"follow","max-snippet":"max-snippet:-1","max-image-preview":"max-image-preview:large","max-video-preview":"max-video-preview:-1"},"canonical":"https:\/\/www.raxxa.com\/es\/shop\/bizarre\/","og_locale":"es_ES","og_type":"article","og_title":"Bizarre","og_description":"&#8222;Bizarre&#8220; by Elisabeth Grosse Mixed Media Portrait Illustration &#8211; Rework version. Created with pencil and digital collage techniques. Original artwork is also available. Unauthorized use including copying- reproduction of this image for publication and sale is not permitted. Purchase does not transfer any copyright. Artwork is for personal use only. \u00a9 Copyright LIZITA &#8211; Foto [&hellip;]","og_url":"https:\/\/www.raxxa.com\/es\/shop\/bizarre\/","og_site_name":"raxxa","article_publisher":"https:\/\/facebook.com\/raxxacom","article_modified_time":"2022-05-16T07:50:00+00:00","og_image":[{"width":800,"height":800,"url":"https:\/\/www.raxxa.com\/wp-content\/uploads\/2022\/05\/202-2962-Bizarre-Elisabeth-Grosse.png","type":"image\/png"}],"twitter_card":"summary_large_image","twitter_misc":{"Disponibilidad":"Disponible"},"schema":{"@context":"https:\/\/schema.org","@graph":[{"@type":["WebPage","ItemPage"],"@id":"https:\/\/www.raxxa.com\/shop\/bizarre\/","url":"https:\/\/www.raxxa.com\/shop\/bizarre\/","name":"Bizarre - raxxa","isPartOf":{"@id":"https:\/\/www.raxxa.com\/#website"},"primaryImageOfPage":{"@id":"https:\/\/www.raxxa.com\/shop\/bizarre\/#primaryimage"},"image":{"@id":"https:\/\/www.raxxa.com\/shop\/bizarre\/#primaryimage"},"thumbnailUrl":"https:\/\/www.raxxa.com\/wp-content\/uploads\/2022\/05\/202-2962-Bizarre-Elisabeth-Grosse.png","datePublished":"2022-05-16T07:49:35+00:00","dateModified":"2022-05-16T07:50:00+00:00","breadcrumb":{"@id":"https:\/\/www.raxxa.com\/shop\/bizarre\/#breadcrumb"},"inLanguage":"es","potentialAction":[{"@type":"ReadAction","target":["https:\/\/www.raxxa.com\/shop\/bizarre\/"]}]},{"@type":"ImageObject","inLanguage":"es","@id":"https:\/\/www.raxxa.com\/shop\/bizarre\/#primaryimage","url":"https:\/\/www.raxxa.com\/wp-content\/uploads\/2022\/05\/202-2962-Bizarre-Elisabeth-Grosse.png","contentUrl":"https:\/\/www.raxxa.com\/wp-content\/uploads\/2022\/05\/202-2962-Bizarre-Elisabeth-Grosse.png","width":800,"height":800},{"@type":"BreadcrumbList","@id":"https:\/\/www.raxxa.com\/shop\/bizarre\/#breadcrumb","itemListElement":[{"@type":"ListItem","position":1,"name":"Startseite","item":"https:\/\/www.raxxa.com\/"},{"@type":"ListItem","position":2,"name":"Shop","item":"https:\/\/www.raxxa.com\/it\/shop\/"},{"@type":"ListItem","position":3,"name":"Bizarre"}]},{"@type":"WebSite","@id":"https:\/\/www.raxxa.com\/#website","url":"https:\/\/www.raxxa.com\/","name":"raxxa","description":"Productos individuales \u00fanicos de nuestros dise\u00f1adores","publisher":{"@id":"https:\/\/www.raxxa.com\/#organization"},"potentialAction":[{"@type":"SearchAction","target":{"@type":"EntryPoint","urlTemplate":"https:\/\/www.raxxa.com\/?s={search_term_string}"},"query-input":{"@type":"PropertyValueSpecification","valueRequired":true,"valueName":"search_term_string"}}],"inLanguage":"es"},{"@type":"Organization","@id":"https:\/\/www.raxxa.com\/#organization","name":"raxxa","url":"https:\/\/www.raxxa.com\/","logo":{"@type":"ImageObject","inLanguage":"es","@id":"https:\/\/www.raxxa.com\/#\/schema\/logo\/image\/","url":"https:\/\/www.raxxa.com\/wp-content\/uploads\/2022\/07\/logo_v2.png","contentUrl":"https:\/\/www.raxxa.com\/wp-content\/uploads\/2022\/07\/logo_v2.png","width":380,"height":382,"caption":"raxxa"},"image":{"@id":"https:\/\/www.raxxa.com\/#\/schema\/logo\/image\/"},"sameAs":["https:\/\/facebook.com\/raxxacom"]}]},"og_availability":"instock","product_availability":"instock","product_condition":"new"},"jetpack_sharing_enabled":true,"_links":{"self":[{"href":"https:\/\/www.raxxa.com\/es\/wp-json\/wp\/v2\/product\/143673","targetHints":{"allow":["GET"]}}],"collection":[{"href":"https:\/\/www.raxxa.com\/es\/wp-json\/wp\/v2\/product"}],"about":[{"href":"https:\/\/www.raxxa.com\/es\/wp-json\/wp\/v2\/types\/product"}],"replies":[{"embeddable":true,"href":"https:\/\/www.raxxa.com\/es\/wp-json\/wp\/v2\/comments?post=143673"}],"wp:featuredmedia":[{"embeddable":true,"href":"https:\/\/www.raxxa.com\/es\/wp-json\/wp\/v2\/media\/143666"}],"wp:attachment":[{"href":"https:\/\/www.raxxa.com\/es\/wp-json\/wp\/v2\/media?parent=143673"}],"wp:term":[{"taxonomy":"product_brand","embeddable":true,"href":"https:\/\/www.raxxa.com\/es\/wp-json\/wp\/v2\/product_brand?post=143673"},{"taxonomy":"product_cat","embeddable":true,"href":"https:\/\/www.raxxa.com\/es\/wp-json\/wp\/v2\/product_cat?post=143673"},{"taxonomy":"product_tag","embeddable":true,"href":"https:\/\/www.raxxa.com\/es\/wp-json\/wp\/v2\/product_tag?post=143673"}],"curies":[{"name":"wp","href":"https:\/\/api.w.org\/{rel}","templated":true}]}}