{"id":143577,"date":"2022-05-16T09:41:04","date_gmt":"2022-05-16T07:41:04","guid":{"rendered":"https:\/\/www.raxxa.com\/shop\/graffiti-jacket\/"},"modified":"2022-08-15T11:07:47","modified_gmt":"2022-08-15T09:07:47","slug":"graffiti-jacket","status":"publish","type":"product","link":"https:\/\/www.raxxa.com\/es\/shop\/graffiti-jacket\/","title":{"rendered":"Chaqueta Graffiti"},"content":{"rendered":"<div><b>&#8222;Graffiti Jacket&#8220; by Elisabeth Grosse<\/b><\/div>\n<div><b><br \/><\/b><\/div>\n<div><\/div>\n<div><\/div>\n<div>Obras de arte: Ilustraci\u00f3n digital de moda, inspirada en el grafiti y el arte callejero. Dise\u00f1ado y creado con l\u00e1piz y digitalmente con Photoshop.<\/p>\n<p>No se permite el uso no autorizado, incluida la copia, de esta imagen para su publicaci\u00f3n y venta. <br \/>La compra no transfiere ning\u00fan derecho de autor. El material gr\u00e1fico es s\u00f3lo para uso personal.<\/p>\n<p>\u00a9 Copyright LIZITA<\/p><\/div>\n<div><b><br \/><\/b><\/div>\n<div><\/div>\n<div><\/div>\n<div>- Impresi\u00f3n fotogr\u00e1fica en aluminio dibond de 3 mm con revestimiento blanco<\/div>\n<div>- Imprime directamente sobre el aluminio Tintas de alta calidad<\/div>\n<div>- La buena gradaci\u00f3n tonal garantiza una reproducci\u00f3n exacta<\/div>\n<div><span style=\"font-size: 1rem\">- Mate y sin reflejos<\/span><\/div>\n<div><span style=\"font-size: 1rem\">- Juego de colgar incluido<\/span><\/div>\n<div><\/div>\n<div>Su motivo y su talla individual s\u00f3lo se producir\u00e1n y enviar\u00e1n una vez recibido su pedido.<\/div>\n<div><span style=\"font-size: 1rem\">Si desea una talla diferente, p\u00eddala.<\/span><\/div>\n<p>fashion modernart modernart fashionillustration fashionillustration mixed design designer digitaldesign printdesign digital illustration contemporary contemporary drawing graffiti street art artwork urban urbanart unique woman women womenart #fineart expressive surreal photoshop arte digitalarte dise\u00f1o textil dise\u00f1o de moda dise\u00f1ador de moda visualarte p\u00f3ster foto fotoartefotograf\u00eda fineartphotography fineartphotography photoart l\u00e1piz tinta marcador bar cafeter\u00eda restaurante c\u00f3ctel tapas sal\u00f3n peluquer\u00eda retrato figurativo figurativo mujerarte ojos coiffeur estilista fuerte multicolor rojo amarillo rosa oscuro rojo oscuro hotel vest\u00edbulo c\u00f3ctel bar hotel bar interior moda galer\u00edas exposici\u00f3n arte exposici\u00f3n impresi\u00f3ndemanda interior p\u00f3sterarte imagen contraste expresionista impresi\u00f3n digital arte digital impresi\u00f3n arte cara cara abstracta mercado abstracto mural de pared arte giclee moda dibujo pintura artdeco decoraci\u00f3n deco colgando habitaci\u00f3n colecci\u00f3n artnouveau espacio el\u00e9ctico entrada cena chimenea jard\u00edn de invierno oficina oficina hermosa #hermosa belleza mujer retrato arte make-arriba artdecohoteles hotelinterior restauranteinterior cena cena decoraci\u00f3n de la pared lienzo decoraci\u00f3n de la pared pintura en aerosol foro grupo artforum exposici\u00f3n portada de la revistaferia de arte feria de arte trench ropa paredart deco t-camisa colgante cool new bold dining dining culture fest festivo couture trench coat wall presentation fine fashion magazine fashion magazine illusiv teatro opera music venue drama film motion creative creative experiment experimental gala room arttroom classy experimental inspiration card birthday card big large christmas christmas estilo navide\u00f1o estilo londinense nuevo medio fashiondesigner ilustrador gr\u00e1fico modelo fashionart arte de la moda art\u00edstico amor boceto de moda brixton banksy londonart escena artscene paisaje efecto acuarela acr\u00edlicos tendencia acr\u00edlicos moda spot outfit estiloso llamativo vestido vestidos camisa pantalones cortos tienda boutique spa bienestar meditaci\u00f3n 1TP4Beauty pr\u00e1ctica arteterapia arteterapia pintura sala de dibujo museo acuarela parte superior est\u00e9tica vida alta calidad colorido papel maestro esp\u00edritu artsy collage artista artesania rebelde pop popart mostrar caricatura c\u00f3mic manga vogue envogue musa fashionweek blogger fashionshoot fashionphoto fashionfotography fashionshot pasi\u00f3n pintura vintage sala vest\u00edbulo puerta patio invernadero chimenea lugar chimenea sal\u00f3n tatuaje escenario lugares reina real rey atrio apertura melusine lorelei mujer celestina estrella cuentos medusa cuentacuentos narraci\u00f3n splash festival verano vibraciones club de playa comisario coleccionista artdealer comisario estudio estudios ense\u00f1ar artteacher tutor biblioteca visi\u00f3n presentaci\u00f3n cat\u00e1logo vip fragancia perfume perfumer\u00eda aroma chica ginebra cielo disfrazado dise\u00f1o de disfraceshistoria estudio espacio de arte hist\u00f3rico espect\u00e1culosestudio knight nick nickknight tienda almacenadaestado de \u00e1nimo bienal newyork naturaleza venta instalaci\u00f3n proyecci\u00f3n clase taller ventas minorista ecommerce mercado zumbido compra comprador vendido minorista obra maestra grande venus dazed showroom dance dream dreams wonder premium highclass quality halloween black blackfriday festive collective runway foam hard catwalk board canvas original red redcarpet carpet accessoire accessories accessories bag hand detail poetic poetry fiction move trans tranform transformation metamorphosis spark sparkle gossip boho celeb layout fit mobiliario caracter\u00edsticas explorar inteligente expresividad artevida artinspo artnews artesan\u00eda creador alma jazz jazzy worksonpaper obsesi\u00f3n paintflow artformale artmarketing subasta promover artfeed artlove primavera oc\u00e9ano flor romance rom\u00e1ntico libro cafeter\u00eda estanter\u00eda estanter\u00eda mar castillo mansi\u00f3n palacio chateau villa provenza generoso victoriano eduardo lujo residencia arteresidencia eyou propiedad inmobiliaria arte ventaart #artforsalebyartist #artforsaleonline #artforsalebygallery #sellingart #sellingartwork #sellingartonline #commissionart #openforcommission lizita shopify magento woocommerce marketing digitalmarketing bigcommerce onlinestore businessowner contentmarketing social socialmedia<\/p>","protected":false},"excerpt":{"rendered":"<p>&#8222;Graffiti Jacket&#8220; by Elisabeth Grosse Artwork: Digital Fashion Illustration, inspired by graffiti and street art. Designed and created with pencil and digitally with Photoshop. Unauthorized use including copying- reproduction of this image for publication and sale is not permitted. Purchase does not transfer any copyright. Artwork is for personal use only. \u00a9 Copyright LIZITA &#8211; [&hellip;]<\/p>\n","protected":false},"featured_media":143570,"comment_status":"open","ping_status":"closed","template":"","meta":[],"product_brand":[],"product_cat":[10340,138],"product_tag":[7933,7466,7362,9440,8470,7397,7389,7480,10024,8224,9073,9465,8994,7365,7676,7831,7934,7870,9151,8969,7911,9679,9516,9780,7383,7702,7393,7691,7492,8753,10040,10055,9295,8733,8016,8886,7427,8226,10041,7694,9776,8238,8767,9422,10003,8150,7417,8192,7370,8476,7537,7868,7364,7885,8229,7646,8353,9102,7877,7637,8689,7580,7752,9127,9416,7711,8266,7577,7980,7391,7573,7403,8992,9782,8376,7517,8459,9680,7754,7913,8146,8585,7368,9267,9613,7546,9775,7872,10025,7696,9417,7629,8928,8462,10043,7530,8839,8702,8307,8304,8417,7736,9767,7583,7798,8203,8775,10008,7498,8975,7871,9941,8482,7390,7638],"class_list":{"0":"post-143577","1":"product","2":"type-product","3":"status-publish","4":"has-post-thumbnail","6":"product_cat-elisabeth-grosse","7":"product_cat-portrait","8":"product_tag-abend","9":"product_tag-abendessen","10":"product_tag-abstrakt","11":"product_tag-accessoire","12":"product_tag-accessoires","13":"product_tag-acryl","14":"product_tag-aquarell","15":"product_tag-art","16":"product_tag-atrium","17":"product_tag-ausstellung","18":"product_tag-bar","19":"product_tag-bekleidung","20":"product_tag-big","21":"product_tag-bild","22":"product_tag-blume","23":"product_tag-blumig","24":"product_tag-buero","25":"product_tag-canvas","26":"product_tag-cartoon","27":"product_tag-club","28":"product_tag-collage","29":"product_tag-comic","30":"product_tag-cool","31":"product_tag-dance","32":"product_tag-deko","33":"product_tag-dekor","34":"product_tag-design","35":"product_tag-designer","36":"product_tag-detail","37":"product_tag-digital-2","38":"product_tag-digitalart","39":"product_tag-drama","40":"product_tag-druck","41":"product_tag-duft","42":"product_tag-dunkel","43":"product_tag-eingang","44":"product_tag-essen","45":"product_tag-expressionist","46":"product_tag-farbig","47":"product_tag-fashion","48":"product_tag-female","49":"product_tag-fest","50":"product_tag-film","51":"product_tag-fit","52":"product_tag-format","53":"product_tag-foto","54":"product_tag-fotografie","55":"product_tag-geburtstag","56":"product_tag-gelb","57":"product_tag-gesicht","58":"product_tag-girl","59":"product_tag-graffiti","60":"product_tag-grafik","61":"product_tag-gross","62":"product_tag-halloween","63":"product_tag-hand","64":"product_tag-haengend","65":"product_tag-hemd","66":"product_tag-hoch","67":"product_tag-illustration","68":"product_tag-innenausstattung","69":"product_tag-inspiration","70":"product_tag-karte","71":"product_tag-kleid","72":"product_tag-kleidung","73":"product_tag-kollektion","74":"product_tag-kontrast","75":"product_tag-kreativ","76":"product_tag-kultur","77":"product_tag-kunst","78":"product_tag-kuenstler","79":"product_tag-kuenstlerisch","80":"product_tag-london","81":"product_tag-love","82":"product_tag-luxus","83":"product_tag-make-up","84":"product_tag-malen","85":"product_tag-manga","86":"product_tag-marketing","87":"product_tag-markt","88":"product_tag-media","89":"product_tag-meditation","90":"product_tag-mehrfarbig","91":"product_tag-mode","92":"product_tag-museum","93":"product_tag-natur","94":"product_tag-nature","95":"product_tag-neu","96":"product_tag-office","97":"product_tag-original","98":"product_tag-outfit","99":"product_tag-papier","100":"product_tag-passion","101":"product_tag-pink","102":"product_tag-popart","103":"product_tag-portrait","104":"product_tag-raum","105":"product_tag-salon","106":"product_tag-schoen","107":"product_tag-show","108":"product_tag-spa","109":"product_tag-stil","110":"product_tag-stimmung","111":"product_tag-studio","112":"product_tag-summer","113":"product_tag-teil","114":"product_tag-theater","115":"product_tag-transformation","116":"product_tag-vintage","117":"product_tag-wall","118":"product_tag-wand","119":"product_tag-weihnachten","120":"product_tag-wellness","121":"product_tag-zeichnung","122":"product_tag-zeitgenoessisch","124":"first","125":"instock","126":"taxable","127":"shipping-taxable","128":"purchasable","129":"product-type-variable"},"yoast_head":"<!-- This site is optimized with the Yoast SEO Premium plugin v27.5 (Yoast SEO v27.5) - https:\/\/yoast.com\/product\/yoast-seo-premium-wordpress\/ -->\n<title>Graffiti Jacket - raxxa<\/title>\n<meta name=\"robots\" content=\"index, follow, max-snippet:-1, max-image-preview:large, max-video-preview:-1\" \/>\n<link rel=\"canonical\" href=\"https:\/\/www.raxxa.com\/es\/shop\/graffiti-jacket\/\" \/>\n<meta property=\"og:locale\" content=\"es_ES\" \/>\n<meta property=\"og:type\" content=\"article\" \/>\n<meta property=\"og:title\" content=\"Graffiti Jacket\" \/>\n<meta property=\"og:description\" content=\"&#8222;Graffiti Jacket&#8220; by Elisabeth Grosse Artwork: Digital Fashion Illustration, inspired by graffiti and street art. Designed and created with pencil and digitally with Photoshop. Unauthorized use including copying- reproduction of this image for publication and sale is not permitted. Purchase does not transfer any copyright. Artwork is for personal use only. \u00a9 Copyright LIZITA &#8211; [&hellip;]\" \/>\n<meta property=\"og:url\" content=\"https:\/\/www.raxxa.com\/es\/shop\/graffiti-jacket\/\" \/>\n<meta property=\"og:site_name\" content=\"raxxa\" \/>\n<meta property=\"article:publisher\" content=\"https:\/\/facebook.com\/raxxacom\" \/>\n<meta property=\"article:modified_time\" content=\"2022-08-15T09:07:47+00:00\" \/>\n<meta property=\"og:image\" content=\"https:\/\/www.raxxa.com\/wp-content\/uploads\/2022\/05\/202-2956-Graffiti-Jacket-Elisabeth-Grosse.png\" \/>\n\t<meta property=\"og:image:width\" content=\"800\" \/>\n\t<meta property=\"og:image:height\" content=\"800\" \/>\n\t<meta property=\"og:image:type\" content=\"image\/png\" \/>\n<meta name=\"twitter:card\" content=\"summary_large_image\" \/>\n<meta name=\"twitter:label1\" content=\"Disponibilidad\" \/>\n\t<meta name=\"twitter:data1\" content=\"Disponible\" \/>\n<script type=\"application\/ld+json\" class=\"yoast-schema-graph\">{\"@context\":\"https:\\\/\\\/schema.org\",\"@graph\":[{\"@type\":[\"WebPage\",\"ItemPage\"],\"@id\":\"https:\\\/\\\/www.raxxa.com\\\/shop\\\/graffiti-jacket\\\/\",\"url\":\"https:\\\/\\\/www.raxxa.com\\\/shop\\\/graffiti-jacket\\\/\",\"name\":\"Graffiti Jacket - raxxa\",\"isPartOf\":{\"@id\":\"https:\\\/\\\/www.raxxa.com\\\/#website\"},\"primaryImageOfPage\":{\"@id\":\"https:\\\/\\\/www.raxxa.com\\\/shop\\\/graffiti-jacket\\\/#primaryimage\"},\"image\":{\"@id\":\"https:\\\/\\\/www.raxxa.com\\\/shop\\\/graffiti-jacket\\\/#primaryimage\"},\"thumbnailUrl\":\"https:\\\/\\\/www.raxxa.com\\\/wp-content\\\/uploads\\\/2022\\\/05\\\/202-2956-Graffiti-Jacket-Elisabeth-Grosse.png\",\"datePublished\":\"2022-05-16T07:41:04+00:00\",\"dateModified\":\"2022-08-15T09:07:47+00:00\",\"breadcrumb\":{\"@id\":\"https:\\\/\\\/www.raxxa.com\\\/shop\\\/graffiti-jacket\\\/#breadcrumb\"},\"inLanguage\":\"es\",\"potentialAction\":[{\"@type\":\"ReadAction\",\"target\":[\"https:\\\/\\\/www.raxxa.com\\\/shop\\\/graffiti-jacket\\\/\"]}]},{\"@type\":\"ImageObject\",\"inLanguage\":\"es\",\"@id\":\"https:\\\/\\\/www.raxxa.com\\\/shop\\\/graffiti-jacket\\\/#primaryimage\",\"url\":\"https:\\\/\\\/www.raxxa.com\\\/wp-content\\\/uploads\\\/2022\\\/05\\\/202-2956-Graffiti-Jacket-Elisabeth-Grosse.png\",\"contentUrl\":\"https:\\\/\\\/www.raxxa.com\\\/wp-content\\\/uploads\\\/2022\\\/05\\\/202-2956-Graffiti-Jacket-Elisabeth-Grosse.png\",\"width\":800,\"height\":800},{\"@type\":\"BreadcrumbList\",\"@id\":\"https:\\\/\\\/www.raxxa.com\\\/shop\\\/graffiti-jacket\\\/#breadcrumb\",\"itemListElement\":[{\"@type\":\"ListItem\",\"position\":1,\"name\":\"Startseite\",\"item\":\"https:\\\/\\\/www.raxxa.com\\\/\"},{\"@type\":\"ListItem\",\"position\":2,\"name\":\"Shop\",\"item\":\"https:\\\/\\\/www.raxxa.com\\\/it\\\/shop\\\/\"},{\"@type\":\"ListItem\",\"position\":3,\"name\":\"Graffiti Jacket\"}]},{\"@type\":\"WebSite\",\"@id\":\"https:\\\/\\\/www.raxxa.com\\\/#website\",\"url\":\"https:\\\/\\\/www.raxxa.com\\\/\",\"name\":\"raxxa\",\"description\":\"Einzigartige individuelle Produkte von unseren Designern\",\"publisher\":{\"@id\":\"https:\\\/\\\/www.raxxa.com\\\/#organization\"},\"potentialAction\":[{\"@type\":\"SearchAction\",\"target\":{\"@type\":\"EntryPoint\",\"urlTemplate\":\"https:\\\/\\\/www.raxxa.com\\\/?s={search_term_string}\"},\"query-input\":{\"@type\":\"PropertyValueSpecification\",\"valueRequired\":true,\"valueName\":\"search_term_string\"}}],\"inLanguage\":\"es\"},{\"@type\":\"Organization\",\"@id\":\"https:\\\/\\\/www.raxxa.com\\\/#organization\",\"name\":\"raxxa\",\"url\":\"https:\\\/\\\/www.raxxa.com\\\/\",\"logo\":{\"@type\":\"ImageObject\",\"inLanguage\":\"es\",\"@id\":\"https:\\\/\\\/www.raxxa.com\\\/#\\\/schema\\\/logo\\\/image\\\/\",\"url\":\"https:\\\/\\\/www.raxxa.com\\\/wp-content\\\/uploads\\\/2022\\\/07\\\/logo_v2.png\",\"contentUrl\":\"https:\\\/\\\/www.raxxa.com\\\/wp-content\\\/uploads\\\/2022\\\/07\\\/logo_v2.png\",\"width\":380,\"height\":382,\"caption\":\"raxxa\"},\"image\":{\"@id\":\"https:\\\/\\\/www.raxxa.com\\\/#\\\/schema\\\/logo\\\/image\\\/\"},\"sameAs\":[\"https:\\\/\\\/facebook.com\\\/raxxacom\"]}]}<\/script>\n<meta property=\"og:availability\" content=\"instock\" \/>\n<meta property=\"product:availability\" content=\"instock\" \/>\n<meta property=\"product:condition\" content=\"new\" \/>\n<!-- \/ Yoast SEO Premium plugin. -->","yoast_head_json":{"title":"Chaqueta Graffiti - raxxa","robots":{"index":"index","follow":"follow","max-snippet":"max-snippet:-1","max-image-preview":"max-image-preview:large","max-video-preview":"max-video-preview:-1"},"canonical":"https:\/\/www.raxxa.com\/es\/shop\/graffiti-jacket\/","og_locale":"es_ES","og_type":"article","og_title":"Graffiti Jacket","og_description":"&#8222;Graffiti Jacket&#8220; by Elisabeth Grosse Artwork: Digital Fashion Illustration, inspired by graffiti and street art. Designed and created with pencil and digitally with Photoshop. Unauthorized use including copying- reproduction of this image for publication and sale is not permitted. Purchase does not transfer any copyright. Artwork is for personal use only. \u00a9 Copyright LIZITA &#8211; [&hellip;]","og_url":"https:\/\/www.raxxa.com\/es\/shop\/graffiti-jacket\/","og_site_name":"raxxa","article_publisher":"https:\/\/facebook.com\/raxxacom","article_modified_time":"2022-08-15T09:07:47+00:00","og_image":[{"width":800,"height":800,"url":"https:\/\/www.raxxa.com\/wp-content\/uploads\/2022\/05\/202-2956-Graffiti-Jacket-Elisabeth-Grosse.png","type":"image\/png"}],"twitter_card":"summary_large_image","twitter_misc":{"Disponibilidad":"Disponible"},"schema":{"@context":"https:\/\/schema.org","@graph":[{"@type":["WebPage","ItemPage"],"@id":"https:\/\/www.raxxa.com\/shop\/graffiti-jacket\/","url":"https:\/\/www.raxxa.com\/shop\/graffiti-jacket\/","name":"Chaqueta Graffiti - raxxa","isPartOf":{"@id":"https:\/\/www.raxxa.com\/#website"},"primaryImageOfPage":{"@id":"https:\/\/www.raxxa.com\/shop\/graffiti-jacket\/#primaryimage"},"image":{"@id":"https:\/\/www.raxxa.com\/shop\/graffiti-jacket\/#primaryimage"},"thumbnailUrl":"https:\/\/www.raxxa.com\/wp-content\/uploads\/2022\/05\/202-2956-Graffiti-Jacket-Elisabeth-Grosse.png","datePublished":"2022-05-16T07:41:04+00:00","dateModified":"2022-08-15T09:07:47+00:00","breadcrumb":{"@id":"https:\/\/www.raxxa.com\/shop\/graffiti-jacket\/#breadcrumb"},"inLanguage":"es","potentialAction":[{"@type":"ReadAction","target":["https:\/\/www.raxxa.com\/shop\/graffiti-jacket\/"]}]},{"@type":"ImageObject","inLanguage":"es","@id":"https:\/\/www.raxxa.com\/shop\/graffiti-jacket\/#primaryimage","url":"https:\/\/www.raxxa.com\/wp-content\/uploads\/2022\/05\/202-2956-Graffiti-Jacket-Elisabeth-Grosse.png","contentUrl":"https:\/\/www.raxxa.com\/wp-content\/uploads\/2022\/05\/202-2956-Graffiti-Jacket-Elisabeth-Grosse.png","width":800,"height":800},{"@type":"BreadcrumbList","@id":"https:\/\/www.raxxa.com\/shop\/graffiti-jacket\/#breadcrumb","itemListElement":[{"@type":"ListItem","position":1,"name":"Startseite","item":"https:\/\/www.raxxa.com\/"},{"@type":"ListItem","position":2,"name":"Shop","item":"https:\/\/www.raxxa.com\/it\/shop\/"},{"@type":"ListItem","position":3,"name":"Graffiti Jacket"}]},{"@type":"WebSite","@id":"https:\/\/www.raxxa.com\/#website","url":"https:\/\/www.raxxa.com\/","name":"raxxa","description":"Productos individuales \u00fanicos de nuestros dise\u00f1adores","publisher":{"@id":"https:\/\/www.raxxa.com\/#organization"},"potentialAction":[{"@type":"SearchAction","target":{"@type":"EntryPoint","urlTemplate":"https:\/\/www.raxxa.com\/?s={search_term_string}"},"query-input":{"@type":"PropertyValueSpecification","valueRequired":true,"valueName":"search_term_string"}}],"inLanguage":"es"},{"@type":"Organization","@id":"https:\/\/www.raxxa.com\/#organization","name":"raxxa","url":"https:\/\/www.raxxa.com\/","logo":{"@type":"ImageObject","inLanguage":"es","@id":"https:\/\/www.raxxa.com\/#\/schema\/logo\/image\/","url":"https:\/\/www.raxxa.com\/wp-content\/uploads\/2022\/07\/logo_v2.png","contentUrl":"https:\/\/www.raxxa.com\/wp-content\/uploads\/2022\/07\/logo_v2.png","width":380,"height":382,"caption":"raxxa"},"image":{"@id":"https:\/\/www.raxxa.com\/#\/schema\/logo\/image\/"},"sameAs":["https:\/\/facebook.com\/raxxacom"]}]},"og_availability":"instock","product_availability":"instock","product_condition":"new"},"jetpack_sharing_enabled":true,"_links":{"self":[{"href":"https:\/\/www.raxxa.com\/es\/wp-json\/wp\/v2\/product\/143577","targetHints":{"allow":["GET"]}}],"collection":[{"href":"https:\/\/www.raxxa.com\/es\/wp-json\/wp\/v2\/product"}],"about":[{"href":"https:\/\/www.raxxa.com\/es\/wp-json\/wp\/v2\/types\/product"}],"replies":[{"embeddable":true,"href":"https:\/\/www.raxxa.com\/es\/wp-json\/wp\/v2\/comments?post=143577"}],"wp:featuredmedia":[{"embeddable":true,"href":"https:\/\/www.raxxa.com\/es\/wp-json\/wp\/v2\/media\/143570"}],"wp:attachment":[{"href":"https:\/\/www.raxxa.com\/es\/wp-json\/wp\/v2\/media?parent=143577"}],"wp:term":[{"taxonomy":"product_brand","embeddable":true,"href":"https:\/\/www.raxxa.com\/es\/wp-json\/wp\/v2\/product_brand?post=143577"},{"taxonomy":"product_cat","embeddable":true,"href":"https:\/\/www.raxxa.com\/es\/wp-json\/wp\/v2\/product_cat?post=143577"},{"taxonomy":"product_tag","embeddable":true,"href":"https:\/\/www.raxxa.com\/es\/wp-json\/wp\/v2\/product_tag?post=143577"}],"curies":[{"name":"wp","href":"https:\/\/api.w.org\/{rel}","templated":true}]}}