{"id":135597,"date":"2022-04-10T22:32:32","date_gmt":"2022-04-10T20:32:32","guid":{"rendered":"https:\/\/www.raxxa.com\/?post_type=product&#038;p=135597"},"modified":"2022-04-10T22:32:35","modified_gmt":"2022-04-10T20:32:35","slug":"kleid-mondo","status":"publish","type":"product","link":"https:\/\/www.raxxa.com\/es\/shop\/kleid-mondo\/","title":{"rendered":"Vestido: Mondo"},"content":{"rendered":"<div>\n  <span style='font-weight: bolder; font-size: 1rem;'>raxxa Ladies Dress Mondo<\/span><br \/>\n\n<\/div>\n<div>\n  <span style='font-weight: bolder;'>dise\u00f1ado por Shelly Bremmer<\/span>\n<\/div>\n<div>\n  <span style='font-size: 1rem;'><br \/><\/span><br \/>\n  <span style='font-size: 1rem;'>Cada compra de un producto de raxxa apoya directamente a un artista.<\/span>\n<\/div>\n<div>\n  <span style='font-weight: bolder;'><br \/><\/span><br \/>\n  \n<\/div>\n<div>\nPatr\u00f3n geom\u00e9trico abstracto\n<\/div>\n<div>\n<span style='font-size: 1rem;'><br \/>\nEste vestido de raxxa ce\u00f1ido a la figura, con el patr\u00f3n \u00fanico y moderno de nuestros artistas, se convertir\u00e1 en un imprescindible de la moda.<br \/>\n<\/span>\n<\/div>\n<div>\n  <span style='font-size: 1rem;'><br \/><\/span><br \/>\n  <span style='font-size: 1rem;'>Notas de material:<\/span>\n<\/div>\n<p><\/p>\n<div>\n<span style='font-size: 1rem;'><\/p>\n<ul style='list-style-position: inside'>\n<li>82 % Poli\u00e9ster, 18 % Elastano<\/li>\n<li>Peso del tejido: 224 g\/m\u00b2, el peso puede variar hasta 5 %<\/li>\n<li>Fabricado con un hilo de microfibra suave y confortable<\/li>\n<li>El material tiene un estiramiento de cuatro v\u00edas, es decir, el tejido se expande y se contrae en las direcciones longitudinal y transversal.<\/li>\n<\/ul>\n<p><\/span>\n<\/div>\n<div>\n  <span style='font-size: 1rem;'><br \/><\/span><br \/>\n  <span style='font-size: 1rem;'>Informaci\u00f3n sobre el tama\u00f1o en cm:<\/span>\n<\/div>\n<p><\/p>\n<table  cellspacing='5' cellpadding='5'>\n<tbody>\n<tr>\n<td><b>Tama\u00f1o<\/b><\/td>\n<td><b>Pecho<\/b><\/td>\n<td><b>Cintura<\/b><\/td>\n<td><b>Cadera<\/b><\/td>\n<\/tr>\n<tr>\n<td>XS<\/td>\n<td>84<\/td>\n<td>64<\/td>\n<td>90<\/td>\n<\/tr>\n<tr>\n<td>S<\/td>\n<td>88<\/td>\n<td>68<\/td>\n<td>94<\/td>\n<\/tr>\n<tr>\n<td>M<\/td>\n<td>92<\/td>\n<td>72<\/td>\n<td>98<\/td>\n<\/tr>\n<tr>\n<td>L<\/td>\n<td>100<\/td>\n<td>80<\/td>\n<td>106<\/td>\n<\/tr>\n<tr>\n<td>XL<\/td>\n<td>108<\/td>\n<td>88<\/td>\n<td>114<\/td>\n<\/tr>\n<\/tbody>\n<\/table>\n<p><\/p>\n<div>\n<span style='font-size: 1rem;'>Este producto se fabricar\u00e1 especialmente para usted si lo solicita en el dise\u00f1o y tama\u00f1o deseados.&nbsp;<\/span>\n<\/div>","protected":false},"excerpt":{"rendered":"<p>raxxa Damen Kleid Mondo desiged by Shelly Bremmer Mit jedem Kauf eines raxxa Produkts wird direkt ein K\u00fcnstler unterst\u00fctzt. Abstract geometric pattern Dieses raxxa figurbetonte Kleid mit dem einzigartigen, trendigem Muster unserer K\u00fcnstler wird garantiert zu einem modischen Must-Have. Materialhinweise: 82 % Polyester, 18 % Elastan Stoffgewicht: 224 g\/m\u00b2, Gewicht kann bis zu 5 % [&hellip;]<\/p>\n","protected":false},"featured_media":135598,"comment_status":"open","ping_status":"closed","template":"","meta":[],"product_brand":[],"product_cat":[10317,10334,10316,10315],"product_tag":[],"class_list":{"0":"post-135597","1":"product","2":"type-product","3":"status-publish","4":"has-post-thumbnail","6":"product_cat-damen","7":"product_cat-kleider-damen","8":"product_cat-kleidung","9":"product_cat-mode-accessoires","10":"product_shipping_class-versand-t-shirts1","12":"first","13":"instock","14":"taxable","15":"shipping-taxable","16":"purchasable","17":"product-type-variable"},"yoast_head":"<!-- This site is optimized with the Yoast SEO Premium plugin v27.2 (Yoast SEO v27.3) - https:\/\/yoast.com\/product\/yoast-seo-premium-wordpress\/ -->\n<title>Kleid: Mondo - raxxa<\/title>\n<meta name=\"robots\" content=\"index, follow, max-snippet:-1, max-image-preview:large, max-video-preview:-1\" \/>\n<link rel=\"canonical\" href=\"https:\/\/www.raxxa.com\/es\/shop\/kleid-mondo\/\" \/>\n<meta property=\"og:locale\" content=\"es_ES\" \/>\n<meta property=\"og:type\" content=\"article\" \/>\n<meta property=\"og:title\" content=\"Kleid: Mondo\" \/>\n<meta property=\"og:description\" content=\"raxxa Damen Kleid Mondo desiged by Shelly Bremmer Mit jedem Kauf eines raxxa Produkts wird direkt ein K\u00fcnstler unterst\u00fctzt. Abstract geometric pattern Dieses raxxa figurbetonte Kleid mit dem einzigartigen, trendigem Muster unserer K\u00fcnstler wird garantiert zu einem modischen Must-Have. Materialhinweise: 82 % Polyester, 18 % Elastan Stoffgewicht: 224 g\/m\u00b2, Gewicht kann bis zu 5 % [&hellip;]\" \/>\n<meta property=\"og:url\" content=\"https:\/\/www.raxxa.com\/es\/shop\/kleid-mondo\/\" \/>\n<meta property=\"og:site_name\" content=\"raxxa\" \/>\n<meta property=\"article:publisher\" content=\"https:\/\/facebook.com\/raxxacom\" \/>\n<meta property=\"article:modified_time\" content=\"2022-04-10T20:32:35+00:00\" \/>\n<meta property=\"og:image\" content=\"https:\/\/www.raxxa.com\/wp-content\/uploads\/2022\/04\/2420_198_7788_default.jpg\" \/>\n\t<meta property=\"og:image:width\" content=\"1000\" \/>\n\t<meta property=\"og:image:height\" content=\"1000\" \/>\n\t<meta property=\"og:image:type\" content=\"image\/jpeg\" \/>\n<meta name=\"twitter:card\" content=\"summary_large_image\" \/>\n<meta name=\"twitter:label1\" content=\"Disponibilidad\" \/>\n\t<meta name=\"twitter:data1\" content=\"Disponible\" \/>\n<script type=\"application\/ld+json\" class=\"yoast-schema-graph\">{\"@context\":\"https:\\\/\\\/schema.org\",\"@graph\":[{\"@type\":[\"WebPage\",\"ItemPage\"],\"@id\":\"https:\\\/\\\/www.raxxa.com\\\/shop\\\/kleid-mondo\\\/\",\"url\":\"https:\\\/\\\/www.raxxa.com\\\/shop\\\/kleid-mondo\\\/\",\"name\":\"Kleid: Mondo - raxxa\",\"isPartOf\":{\"@id\":\"https:\\\/\\\/www.raxxa.com\\\/#website\"},\"primaryImageOfPage\":{\"@id\":\"https:\\\/\\\/www.raxxa.com\\\/shop\\\/kleid-mondo\\\/#primaryimage\"},\"image\":{\"@id\":\"https:\\\/\\\/www.raxxa.com\\\/shop\\\/kleid-mondo\\\/#primaryimage\"},\"thumbnailUrl\":\"https:\\\/\\\/www.raxxa.com\\\/wp-content\\\/uploads\\\/2022\\\/04\\\/2420_198_7788_default.jpg\",\"datePublished\":\"2022-04-10T20:32:32+00:00\",\"dateModified\":\"2022-04-10T20:32:35+00:00\",\"breadcrumb\":{\"@id\":\"https:\\\/\\\/www.raxxa.com\\\/shop\\\/kleid-mondo\\\/#breadcrumb\"},\"inLanguage\":\"es\",\"potentialAction\":[{\"@type\":\"ReadAction\",\"target\":[\"https:\\\/\\\/www.raxxa.com\\\/shop\\\/kleid-mondo\\\/\"]}]},{\"@type\":\"ImageObject\",\"inLanguage\":\"es\",\"@id\":\"https:\\\/\\\/www.raxxa.com\\\/shop\\\/kleid-mondo\\\/#primaryimage\",\"url\":\"https:\\\/\\\/www.raxxa.com\\\/wp-content\\\/uploads\\\/2022\\\/04\\\/2420_198_7788_default.jpg\",\"contentUrl\":\"https:\\\/\\\/www.raxxa.com\\\/wp-content\\\/uploads\\\/2022\\\/04\\\/2420_198_7788_default.jpg\",\"width\":1000,\"height\":1000},{\"@type\":\"BreadcrumbList\",\"@id\":\"https:\\\/\\\/www.raxxa.com\\\/shop\\\/kleid-mondo\\\/#breadcrumb\",\"itemListElement\":[{\"@type\":\"ListItem\",\"position\":1,\"name\":\"Startseite\",\"item\":\"https:\\\/\\\/www.raxxa.com\\\/\"},{\"@type\":\"ListItem\",\"position\":2,\"name\":\"Shop\",\"item\":\"https:\\\/\\\/www.raxxa.com\\\/it\\\/shop\\\/\"},{\"@type\":\"ListItem\",\"position\":3,\"name\":\"Kleid: Mondo\"}]},{\"@type\":\"WebSite\",\"@id\":\"https:\\\/\\\/www.raxxa.com\\\/#website\",\"url\":\"https:\\\/\\\/www.raxxa.com\\\/\",\"name\":\"raxxa\",\"description\":\"Einzigartige individuelle Produkte von unseren Designern\",\"publisher\":{\"@id\":\"https:\\\/\\\/www.raxxa.com\\\/#organization\"},\"potentialAction\":[{\"@type\":\"SearchAction\",\"target\":{\"@type\":\"EntryPoint\",\"urlTemplate\":\"https:\\\/\\\/www.raxxa.com\\\/?s={search_term_string}\"},\"query-input\":{\"@type\":\"PropertyValueSpecification\",\"valueRequired\":true,\"valueName\":\"search_term_string\"}}],\"inLanguage\":\"es\"},{\"@type\":\"Organization\",\"@id\":\"https:\\\/\\\/www.raxxa.com\\\/#organization\",\"name\":\"raxxa\",\"url\":\"https:\\\/\\\/www.raxxa.com\\\/\",\"logo\":{\"@type\":\"ImageObject\",\"inLanguage\":\"es\",\"@id\":\"https:\\\/\\\/www.raxxa.com\\\/#\\\/schema\\\/logo\\\/image\\\/\",\"url\":\"https:\\\/\\\/www.raxxa.com\\\/wp-content\\\/uploads\\\/2022\\\/07\\\/logo_v2.png\",\"contentUrl\":\"https:\\\/\\\/www.raxxa.com\\\/wp-content\\\/uploads\\\/2022\\\/07\\\/logo_v2.png\",\"width\":380,\"height\":382,\"caption\":\"raxxa\"},\"image\":{\"@id\":\"https:\\\/\\\/www.raxxa.com\\\/#\\\/schema\\\/logo\\\/image\\\/\"},\"sameAs\":[\"https:\\\/\\\/facebook.com\\\/raxxacom\"]}]}<\/script>\n<meta property=\"og:availability\" content=\"instock\" \/>\n<meta property=\"product:availability\" content=\"instock\" \/>\n<meta property=\"product:retailer_item_id\" content=\"1-109-2420-169\" \/>\n<meta property=\"product:condition\" content=\"new\" \/>\n<!-- \/ Yoast SEO Premium plugin. -->","yoast_head_json":{"title":"Vestido: Mondo - raxxa","robots":{"index":"index","follow":"follow","max-snippet":"max-snippet:-1","max-image-preview":"max-image-preview:large","max-video-preview":"max-video-preview:-1"},"canonical":"https:\/\/www.raxxa.com\/es\/shop\/kleid-mondo\/","og_locale":"es_ES","og_type":"article","og_title":"Kleid: Mondo","og_description":"raxxa Damen Kleid Mondo desiged by Shelly Bremmer Mit jedem Kauf eines raxxa Produkts wird direkt ein K\u00fcnstler unterst\u00fctzt. Abstract geometric pattern Dieses raxxa figurbetonte Kleid mit dem einzigartigen, trendigem Muster unserer K\u00fcnstler wird garantiert zu einem modischen Must-Have. Materialhinweise: 82 % Polyester, 18 % Elastan Stoffgewicht: 224 g\/m\u00b2, Gewicht kann bis zu 5 % [&hellip;]","og_url":"https:\/\/www.raxxa.com\/es\/shop\/kleid-mondo\/","og_site_name":"raxxa","article_publisher":"https:\/\/facebook.com\/raxxacom","article_modified_time":"2022-04-10T20:32:35+00:00","og_image":[{"width":1000,"height":1000,"url":"https:\/\/www.raxxa.com\/wp-content\/uploads\/2022\/04\/2420_198_7788_default.jpg","type":"image\/jpeg"}],"twitter_card":"summary_large_image","twitter_misc":{"Disponibilidad":"Disponible"},"schema":{"@context":"https:\/\/schema.org","@graph":[{"@type":["WebPage","ItemPage"],"@id":"https:\/\/www.raxxa.com\/shop\/kleid-mondo\/","url":"https:\/\/www.raxxa.com\/shop\/kleid-mondo\/","name":"Vestido: Mondo - raxxa","isPartOf":{"@id":"https:\/\/www.raxxa.com\/#website"},"primaryImageOfPage":{"@id":"https:\/\/www.raxxa.com\/shop\/kleid-mondo\/#primaryimage"},"image":{"@id":"https:\/\/www.raxxa.com\/shop\/kleid-mondo\/#primaryimage"},"thumbnailUrl":"https:\/\/www.raxxa.com\/wp-content\/uploads\/2022\/04\/2420_198_7788_default.jpg","datePublished":"2022-04-10T20:32:32+00:00","dateModified":"2022-04-10T20:32:35+00:00","breadcrumb":{"@id":"https:\/\/www.raxxa.com\/shop\/kleid-mondo\/#breadcrumb"},"inLanguage":"es","potentialAction":[{"@type":"ReadAction","target":["https:\/\/www.raxxa.com\/shop\/kleid-mondo\/"]}]},{"@type":"ImageObject","inLanguage":"es","@id":"https:\/\/www.raxxa.com\/shop\/kleid-mondo\/#primaryimage","url":"https:\/\/www.raxxa.com\/wp-content\/uploads\/2022\/04\/2420_198_7788_default.jpg","contentUrl":"https:\/\/www.raxxa.com\/wp-content\/uploads\/2022\/04\/2420_198_7788_default.jpg","width":1000,"height":1000},{"@type":"BreadcrumbList","@id":"https:\/\/www.raxxa.com\/shop\/kleid-mondo\/#breadcrumb","itemListElement":[{"@type":"ListItem","position":1,"name":"Startseite","item":"https:\/\/www.raxxa.com\/"},{"@type":"ListItem","position":2,"name":"Shop","item":"https:\/\/www.raxxa.com\/it\/shop\/"},{"@type":"ListItem","position":3,"name":"Kleid: Mondo"}]},{"@type":"WebSite","@id":"https:\/\/www.raxxa.com\/#website","url":"https:\/\/www.raxxa.com\/","name":"raxxa","description":"Productos individuales \u00fanicos de nuestros dise\u00f1adores","publisher":{"@id":"https:\/\/www.raxxa.com\/#organization"},"potentialAction":[{"@type":"SearchAction","target":{"@type":"EntryPoint","urlTemplate":"https:\/\/www.raxxa.com\/?s={search_term_string}"},"query-input":{"@type":"PropertyValueSpecification","valueRequired":true,"valueName":"search_term_string"}}],"inLanguage":"es"},{"@type":"Organization","@id":"https:\/\/www.raxxa.com\/#organization","name":"raxxa","url":"https:\/\/www.raxxa.com\/","logo":{"@type":"ImageObject","inLanguage":"es","@id":"https:\/\/www.raxxa.com\/#\/schema\/logo\/image\/","url":"https:\/\/www.raxxa.com\/wp-content\/uploads\/2022\/07\/logo_v2.png","contentUrl":"https:\/\/www.raxxa.com\/wp-content\/uploads\/2022\/07\/logo_v2.png","width":380,"height":382,"caption":"raxxa"},"image":{"@id":"https:\/\/www.raxxa.com\/#\/schema\/logo\/image\/"},"sameAs":["https:\/\/facebook.com\/raxxacom"]}]},"og_availability":"instock","product_availability":"instock","product_retailer_item_id":"1-109-2420-169","product_condition":"new"},"jetpack_sharing_enabled":true,"_links":{"self":[{"href":"https:\/\/www.raxxa.com\/es\/wp-json\/wp\/v2\/product\/135597","targetHints":{"allow":["GET"]}}],"collection":[{"href":"https:\/\/www.raxxa.com\/es\/wp-json\/wp\/v2\/product"}],"about":[{"href":"https:\/\/www.raxxa.com\/es\/wp-json\/wp\/v2\/types\/product"}],"replies":[{"embeddable":true,"href":"https:\/\/www.raxxa.com\/es\/wp-json\/wp\/v2\/comments?post=135597"}],"wp:featuredmedia":[{"embeddable":true,"href":"https:\/\/www.raxxa.com\/es\/wp-json\/wp\/v2\/media\/135598"}],"wp:attachment":[{"href":"https:\/\/www.raxxa.com\/es\/wp-json\/wp\/v2\/media?parent=135597"}],"wp:term":[{"taxonomy":"product_brand","embeddable":true,"href":"https:\/\/www.raxxa.com\/es\/wp-json\/wp\/v2\/product_brand?post=135597"},{"taxonomy":"product_cat","embeddable":true,"href":"https:\/\/www.raxxa.com\/es\/wp-json\/wp\/v2\/product_cat?post=135597"},{"taxonomy":"product_tag","embeddable":true,"href":"https:\/\/www.raxxa.com\/es\/wp-json\/wp\/v2\/product_tag?post=135597"}],"curies":[{"name":"wp","href":"https:\/\/api.w.org\/{rel}","templated":true}]}}