{"id":122702,"date":"2022-02-04T04:36:49","date_gmt":"2022-02-04T02:36:49","guid":{"rendered":"https:\/\/www.raxxa.com\/shop\/demokratie\/"},"modified":"2022-02-04T04:37:00","modified_gmt":"2022-02-04T02:37:00","slug":"demokratie","status":"publish","type":"product","link":"https:\/\/www.raxxa.com\/es\/shop\/demokratie\/","title":{"rendered":"Democracia"},"content":{"rendered":"<div><b>&#8222;Demokratie&#8220; by Martin W\u00fcrzburger<\/b><\/div>\n<div><b><br \/><\/b><\/div>\n<div><\/div>\n<div><\/div>\n<div>Lo que casi nadie sabe: una tripulaci\u00f3n pirata sol\u00eda elegir a su propio capit\u00e1n, porque un barco pirata y la tripulaci\u00f3n eran una sola cosa, pero el capit\u00e1n era reemplazable. \u00c9ste, por supuesto, ten\u00eda que ser un macho alfa y gozar de la confianza de la tripulaci\u00f3n. Sin embargo, despu\u00e9s de una elecci\u00f3n, un capit\u00e1n no pod\u00eda estar seguro de su puesto (y de su vida). Ten\u00eda que reafirmar constantemente su posici\u00f3n de liderazgo y ganarse la confianza de quienes no le hab\u00edan elegido.<\/div>\n<div><b><br \/><\/b><\/div>\n<div><\/div>\n<div><\/div>\n<div>- Impresi\u00f3n fotogr\u00e1fica en aluminio dibond de 3 mm con revestimiento blanco<\/div>\n<div>- Imprime directamente sobre el aluminio Tintas de alta calidad<\/div>\n<div>- La buena gradaci\u00f3n tonal garantiza una reproducci\u00f3n exacta<\/div>\n<div><span style=\"font-size: 1rem\">- Mate y sin reflejos<\/span><\/div>\n<div><span style=\"font-size: 1rem\">- Juego de colgar incluido<\/span><\/div>\n<div><\/div>\n<div>Su motivo y su talla individual s\u00f3lo se producir\u00e1n y enviar\u00e1n una vez recibido su pedido.<\/div>\n<div><span style=\"font-size: 1rem\">Si desea una talla diferente, p\u00eddala.<\/span><\/div>\n<p>piratas piratas fantas\u00eda dutchpirates<\/p>","protected":false},"excerpt":{"rendered":"<p>&#8222;Demokratie&#8220; by Martin W\u00fcrzburger Was kaum jemand wei\u00df: eine Piraten Crew w\u00e4hlte sich ihren Kapit\u00e4n meist selbst, denn ein Piratenschiff und die Mannschaft waren eins, der Kapit\u00e4n aber ersetzbar. Letzterer musste nat\u00fcrlich ein Alpha-M\u00e4nnchen sein und das Vertrauen der Crew genie\u00dfen. Nach einer Wahl konnte sich ein Kapit\u00e4n aber noch lange nicht seines Postens (und [&hellip;]<\/p>\n","protected":false},"featured_media":122695,"comment_status":"open","ping_status":"closed","template":"","meta":[],"product_brand":[],"product_cat":[162,279],"product_tag":[9792,9692,9774,9773],"class_list":{"0":"post-122702","1":"product","2":"type-product","3":"status-publish","4":"has-post-thumbnail","6":"product_cat-fantasie","7":"product_cat-martin-wuerzburger","8":"product_tag-dutchpirates","9":"product_tag-fantasy","10":"product_tag-piraten","11":"product_tag-pirates","13":"first","14":"instock","15":"taxable","16":"shipping-taxable","17":"purchasable","18":"product-type-variable"},"yoast_head":"<!-- This site is optimized with the Yoast SEO Premium plugin v27.2 (Yoast SEO v27.3) - https:\/\/yoast.com\/product\/yoast-seo-premium-wordpress\/ -->\n<title>Demokratie - raxxa<\/title>\n<meta name=\"robots\" content=\"index, follow, max-snippet:-1, max-image-preview:large, max-video-preview:-1\" \/>\n<link rel=\"canonical\" href=\"https:\/\/www.raxxa.com\/es\/shop\/demokratie\/\" \/>\n<meta property=\"og:locale\" content=\"es_ES\" \/>\n<meta property=\"og:type\" content=\"article\" \/>\n<meta property=\"og:title\" content=\"Demokratie\" \/>\n<meta property=\"og:description\" content=\"&#8222;Demokratie&#8220; by Martin W\u00fcrzburger Was kaum jemand wei\u00df: eine Piraten Crew w\u00e4hlte sich ihren Kapit\u00e4n meist selbst, denn ein Piratenschiff und die Mannschaft waren eins, der Kapit\u00e4n aber ersetzbar. Letzterer musste nat\u00fcrlich ein Alpha-M\u00e4nnchen sein und das Vertrauen der Crew genie\u00dfen. Nach einer Wahl konnte sich ein Kapit\u00e4n aber noch lange nicht seines Postens (und [&hellip;]\" \/>\n<meta property=\"og:url\" content=\"https:\/\/www.raxxa.com\/es\/shop\/demokratie\/\" \/>\n<meta property=\"og:site_name\" content=\"raxxa\" \/>\n<meta property=\"article:publisher\" content=\"https:\/\/facebook.com\/raxxacom\" \/>\n<meta property=\"article:modified_time\" content=\"2022-02-04T02:37:00+00:00\" \/>\n<meta property=\"og:image\" content=\"https:\/\/www.raxxa.com\/wp-content\/uploads\/2022\/02\/97-1165-Demokratie-Martin-Wuerzburger.png\" \/>\n\t<meta property=\"og:image:width\" content=\"800\" \/>\n\t<meta property=\"og:image:height\" content=\"800\" \/>\n\t<meta property=\"og:image:type\" content=\"image\/png\" \/>\n<meta name=\"twitter:card\" content=\"summary_large_image\" \/>\n<meta name=\"twitter:label1\" content=\"Disponibilidad\" \/>\n\t<meta name=\"twitter:data1\" content=\"Disponible\" \/>\n<script type=\"application\/ld+json\" class=\"yoast-schema-graph\">{\"@context\":\"https:\\\/\\\/schema.org\",\"@graph\":[{\"@type\":[\"WebPage\",\"ItemPage\"],\"@id\":\"https:\\\/\\\/www.raxxa.com\\\/shop\\\/demokratie\\\/\",\"url\":\"https:\\\/\\\/www.raxxa.com\\\/shop\\\/demokratie\\\/\",\"name\":\"Demokratie - raxxa\",\"isPartOf\":{\"@id\":\"https:\\\/\\\/www.raxxa.com\\\/#website\"},\"primaryImageOfPage\":{\"@id\":\"https:\\\/\\\/www.raxxa.com\\\/shop\\\/demokratie\\\/#primaryimage\"},\"image\":{\"@id\":\"https:\\\/\\\/www.raxxa.com\\\/shop\\\/demokratie\\\/#primaryimage\"},\"thumbnailUrl\":\"https:\\\/\\\/www.raxxa.com\\\/wp-content\\\/uploads\\\/2022\\\/02\\\/97-1165-Demokratie-Martin-Wuerzburger.png\",\"datePublished\":\"2022-02-04T02:36:49+00:00\",\"dateModified\":\"2022-02-04T02:37:00+00:00\",\"breadcrumb\":{\"@id\":\"https:\\\/\\\/www.raxxa.com\\\/shop\\\/demokratie\\\/#breadcrumb\"},\"inLanguage\":\"es\",\"potentialAction\":[{\"@type\":\"ReadAction\",\"target\":[\"https:\\\/\\\/www.raxxa.com\\\/shop\\\/demokratie\\\/\"]}]},{\"@type\":\"ImageObject\",\"inLanguage\":\"es\",\"@id\":\"https:\\\/\\\/www.raxxa.com\\\/shop\\\/demokratie\\\/#primaryimage\",\"url\":\"https:\\\/\\\/www.raxxa.com\\\/wp-content\\\/uploads\\\/2022\\\/02\\\/97-1165-Demokratie-Martin-Wuerzburger.png\",\"contentUrl\":\"https:\\\/\\\/www.raxxa.com\\\/wp-content\\\/uploads\\\/2022\\\/02\\\/97-1165-Demokratie-Martin-Wuerzburger.png\",\"width\":800,\"height\":800},{\"@type\":\"BreadcrumbList\",\"@id\":\"https:\\\/\\\/www.raxxa.com\\\/shop\\\/demokratie\\\/#breadcrumb\",\"itemListElement\":[{\"@type\":\"ListItem\",\"position\":1,\"name\":\"Startseite\",\"item\":\"https:\\\/\\\/www.raxxa.com\\\/\"},{\"@type\":\"ListItem\",\"position\":2,\"name\":\"Shop\",\"item\":\"https:\\\/\\\/www.raxxa.com\\\/it\\\/shop\\\/\"},{\"@type\":\"ListItem\",\"position\":3,\"name\":\"Demokratie\"}]},{\"@type\":\"WebSite\",\"@id\":\"https:\\\/\\\/www.raxxa.com\\\/#website\",\"url\":\"https:\\\/\\\/www.raxxa.com\\\/\",\"name\":\"raxxa\",\"description\":\"Einzigartige individuelle Produkte von unseren Designern\",\"publisher\":{\"@id\":\"https:\\\/\\\/www.raxxa.com\\\/#organization\"},\"potentialAction\":[{\"@type\":\"SearchAction\",\"target\":{\"@type\":\"EntryPoint\",\"urlTemplate\":\"https:\\\/\\\/www.raxxa.com\\\/?s={search_term_string}\"},\"query-input\":{\"@type\":\"PropertyValueSpecification\",\"valueRequired\":true,\"valueName\":\"search_term_string\"}}],\"inLanguage\":\"es\"},{\"@type\":\"Organization\",\"@id\":\"https:\\\/\\\/www.raxxa.com\\\/#organization\",\"name\":\"raxxa\",\"url\":\"https:\\\/\\\/www.raxxa.com\\\/\",\"logo\":{\"@type\":\"ImageObject\",\"inLanguage\":\"es\",\"@id\":\"https:\\\/\\\/www.raxxa.com\\\/#\\\/schema\\\/logo\\\/image\\\/\",\"url\":\"https:\\\/\\\/www.raxxa.com\\\/wp-content\\\/uploads\\\/2022\\\/07\\\/logo_v2.png\",\"contentUrl\":\"https:\\\/\\\/www.raxxa.com\\\/wp-content\\\/uploads\\\/2022\\\/07\\\/logo_v2.png\",\"width\":380,\"height\":382,\"caption\":\"raxxa\"},\"image\":{\"@id\":\"https:\\\/\\\/www.raxxa.com\\\/#\\\/schema\\\/logo\\\/image\\\/\"},\"sameAs\":[\"https:\\\/\\\/facebook.com\\\/raxxacom\"]}]}<\/script>\n<meta property=\"og:availability\" content=\"instock\" \/>\n<meta property=\"product:availability\" content=\"instock\" \/>\n<meta property=\"product:condition\" content=\"new\" \/>\n<!-- \/ Yoast SEO Premium plugin. -->","yoast_head_json":{"title":"Democracia - raxxa","robots":{"index":"index","follow":"follow","max-snippet":"max-snippet:-1","max-image-preview":"max-image-preview:large","max-video-preview":"max-video-preview:-1"},"canonical":"https:\/\/www.raxxa.com\/es\/shop\/demokratie\/","og_locale":"es_ES","og_type":"article","og_title":"Demokratie","og_description":"&#8222;Demokratie&#8220; by Martin W\u00fcrzburger Was kaum jemand wei\u00df: eine Piraten Crew w\u00e4hlte sich ihren Kapit\u00e4n meist selbst, denn ein Piratenschiff und die Mannschaft waren eins, der Kapit\u00e4n aber ersetzbar. Letzterer musste nat\u00fcrlich ein Alpha-M\u00e4nnchen sein und das Vertrauen der Crew genie\u00dfen. Nach einer Wahl konnte sich ein Kapit\u00e4n aber noch lange nicht seines Postens (und [&hellip;]","og_url":"https:\/\/www.raxxa.com\/es\/shop\/demokratie\/","og_site_name":"raxxa","article_publisher":"https:\/\/facebook.com\/raxxacom","article_modified_time":"2022-02-04T02:37:00+00:00","og_image":[{"width":800,"height":800,"url":"https:\/\/www.raxxa.com\/wp-content\/uploads\/2022\/02\/97-1165-Demokratie-Martin-Wuerzburger.png","type":"image\/png"}],"twitter_card":"summary_large_image","twitter_misc":{"Disponibilidad":"Disponible"},"schema":{"@context":"https:\/\/schema.org","@graph":[{"@type":["WebPage","ItemPage"],"@id":"https:\/\/www.raxxa.com\/shop\/demokratie\/","url":"https:\/\/www.raxxa.com\/shop\/demokratie\/","name":"Democracia - raxxa","isPartOf":{"@id":"https:\/\/www.raxxa.com\/#website"},"primaryImageOfPage":{"@id":"https:\/\/www.raxxa.com\/shop\/demokratie\/#primaryimage"},"image":{"@id":"https:\/\/www.raxxa.com\/shop\/demokratie\/#primaryimage"},"thumbnailUrl":"https:\/\/www.raxxa.com\/wp-content\/uploads\/2022\/02\/97-1165-Demokratie-Martin-Wuerzburger.png","datePublished":"2022-02-04T02:36:49+00:00","dateModified":"2022-02-04T02:37:00+00:00","breadcrumb":{"@id":"https:\/\/www.raxxa.com\/shop\/demokratie\/#breadcrumb"},"inLanguage":"es","potentialAction":[{"@type":"ReadAction","target":["https:\/\/www.raxxa.com\/shop\/demokratie\/"]}]},{"@type":"ImageObject","inLanguage":"es","@id":"https:\/\/www.raxxa.com\/shop\/demokratie\/#primaryimage","url":"https:\/\/www.raxxa.com\/wp-content\/uploads\/2022\/02\/97-1165-Demokratie-Martin-Wuerzburger.png","contentUrl":"https:\/\/www.raxxa.com\/wp-content\/uploads\/2022\/02\/97-1165-Demokratie-Martin-Wuerzburger.png","width":800,"height":800},{"@type":"BreadcrumbList","@id":"https:\/\/www.raxxa.com\/shop\/demokratie\/#breadcrumb","itemListElement":[{"@type":"ListItem","position":1,"name":"Startseite","item":"https:\/\/www.raxxa.com\/"},{"@type":"ListItem","position":2,"name":"Shop","item":"https:\/\/www.raxxa.com\/it\/shop\/"},{"@type":"ListItem","position":3,"name":"Demokratie"}]},{"@type":"WebSite","@id":"https:\/\/www.raxxa.com\/#website","url":"https:\/\/www.raxxa.com\/","name":"raxxa","description":"Productos individuales \u00fanicos de nuestros dise\u00f1adores","publisher":{"@id":"https:\/\/www.raxxa.com\/#organization"},"potentialAction":[{"@type":"SearchAction","target":{"@type":"EntryPoint","urlTemplate":"https:\/\/www.raxxa.com\/?s={search_term_string}"},"query-input":{"@type":"PropertyValueSpecification","valueRequired":true,"valueName":"search_term_string"}}],"inLanguage":"es"},{"@type":"Organization","@id":"https:\/\/www.raxxa.com\/#organization","name":"raxxa","url":"https:\/\/www.raxxa.com\/","logo":{"@type":"ImageObject","inLanguage":"es","@id":"https:\/\/www.raxxa.com\/#\/schema\/logo\/image\/","url":"https:\/\/www.raxxa.com\/wp-content\/uploads\/2022\/07\/logo_v2.png","contentUrl":"https:\/\/www.raxxa.com\/wp-content\/uploads\/2022\/07\/logo_v2.png","width":380,"height":382,"caption":"raxxa"},"image":{"@id":"https:\/\/www.raxxa.com\/#\/schema\/logo\/image\/"},"sameAs":["https:\/\/facebook.com\/raxxacom"]}]},"og_availability":"instock","product_availability":"instock","product_condition":"new"},"jetpack_sharing_enabled":true,"_links":{"self":[{"href":"https:\/\/www.raxxa.com\/es\/wp-json\/wp\/v2\/product\/122702","targetHints":{"allow":["GET"]}}],"collection":[{"href":"https:\/\/www.raxxa.com\/es\/wp-json\/wp\/v2\/product"}],"about":[{"href":"https:\/\/www.raxxa.com\/es\/wp-json\/wp\/v2\/types\/product"}],"replies":[{"embeddable":true,"href":"https:\/\/www.raxxa.com\/es\/wp-json\/wp\/v2\/comments?post=122702"}],"wp:featuredmedia":[{"embeddable":true,"href":"https:\/\/www.raxxa.com\/es\/wp-json\/wp\/v2\/media\/122695"}],"wp:attachment":[{"href":"https:\/\/www.raxxa.com\/es\/wp-json\/wp\/v2\/media?parent=122702"}],"wp:term":[{"taxonomy":"product_brand","embeddable":true,"href":"https:\/\/www.raxxa.com\/es\/wp-json\/wp\/v2\/product_brand?post=122702"},{"taxonomy":"product_cat","embeddable":true,"href":"https:\/\/www.raxxa.com\/es\/wp-json\/wp\/v2\/product_cat?post=122702"},{"taxonomy":"product_tag","embeddable":true,"href":"https:\/\/www.raxxa.com\/es\/wp-json\/wp\/v2\/product_tag?post=122702"}],"curies":[{"name":"wp","href":"https:\/\/api.w.org\/{rel}","templated":true}]}}