{"id":112992,"date":"2022-01-13T00:09:38","date_gmt":"2022-01-12T22:09:38","guid":{"rendered":"https:\/\/www.raxxa.com\/shop\/wasch-baeren\/"},"modified":"2022-01-13T00:09:51","modified_gmt":"2022-01-12T22:09:51","slug":"wasch-baeren","status":"publish","type":"product","link":"https:\/\/www.raxxa.com\/es\/shop\/wasch-baeren\/","title":{"rendered":"Mapaches"},"content":{"rendered":"<div><b>\"Osos lavadores\" de Claudia Schellmann<\/b><\/div>\n<div><b><br \/><\/b><\/div>\n<div><\/div>\n<div><\/div>\n<div>La pose de estos mapaches es tan parlante y tan humana, que tuve que hacer una foto de inmediato.<\/div>\n<div><b><br \/><\/b><\/div>\n<div><\/div>\n<div><\/div>\n<div>- Impresi\u00f3n fotogr\u00e1fica en aluminio dibond de 3 mm con revestimiento blanco<\/div>\n<div>- Imprime directamente sobre el aluminio Tintas de alta calidad<\/div>\n<div>- La buena gradaci\u00f3n tonal garantiza una reproducci\u00f3n exacta<\/div>\n<div><span style=\"font-size: 1rem\">- Mate y sin reflejos<\/span><\/div>\n<div><span style=\"font-size: 1rem\">- Juego de colgar incluido<\/span><\/div>\n<div><\/div>\n<div>Su motivo y su talla individual s\u00f3lo se producir\u00e1n y enviar\u00e1n una vez recibido su pedido.<\/div>\n<div><span style=\"font-size: 1rem\">Si desea una talla diferente, p\u00eddala.<\/span><\/div>\n<p>fantas\u00eda fant\u00e1stica imagen composici\u00f3n edici\u00f3n de im\u00e1genes mundos de ensue\u00f1o m\u00e1gico surrealista digitalart digitalcollage imaginaci\u00f3n animales sonrisa divertida mapaches<\/p>","protected":false},"excerpt":{"rendered":"<p>&#8222;Wasch-B\u00e4ren&#8220; by Claudia Schellmann Die Pose dieser Waschb\u00e4ren ist so sprechend und so menschlich, da musste ich gleich ein Bild daraus machen. &#8211; Foto Druck auf Aluminium-Dibond 3mm mit wei\u00dfer Beschichtung &#8211; Druck direkt auf das Aluminium hochwertige Druckfarben &#8211; Gute Tonwertabstufung sorgt f\u00fcr exakte Wiedergabe &#8211; Matt und blendfrei &#8211; Inklusive Aufh\u00e4ngeset Ihr Motiv [&hellip;]<\/p>\n","protected":false},"featured_media":112985,"comment_status":"open","ping_status":"closed","template":"","meta":[],"product_brand":[],"product_cat":[162,10211],"product_tag":[10040,7745,9974,9692,8208,8667,7663],"class_list":{"0":"post-112992","1":"product","2":"type-product","3":"status-publish","4":"has-post-thumbnail","6":"product_cat-fantasie","7":"product_cat-claudia-schellmann","8":"product_tag-digitalart","9":"product_tag-fantasie","10":"product_tag-fantastisch","11":"product_tag-fantasy","12":"product_tag-imagination","13":"product_tag-lustig","14":"product_tag-tiere","16":"first","17":"instock","18":"taxable","19":"shipping-taxable","20":"purchasable","21":"product-type-variable"},"yoast_head":"<!-- This site is optimized with the Yoast SEO Premium plugin v27.2 (Yoast SEO v27.3) - https:\/\/yoast.com\/product\/yoast-seo-premium-wordpress\/ -->\n<title>Wasch-B\u00e4ren - raxxa<\/title>\n<meta name=\"robots\" content=\"index, follow, max-snippet:-1, max-image-preview:large, max-video-preview:-1\" \/>\n<link rel=\"canonical\" href=\"https:\/\/www.raxxa.com\/es\/shop\/wasch-baeren\/\" \/>\n<meta property=\"og:locale\" content=\"es_ES\" \/>\n<meta property=\"og:type\" content=\"article\" \/>\n<meta property=\"og:title\" content=\"Wasch-B\u00e4ren\" \/>\n<meta property=\"og:description\" content=\"&#8222;Wasch-B\u00e4ren&#8220; by Claudia Schellmann Die Pose dieser Waschb\u00e4ren ist so sprechend und so menschlich, da musste ich gleich ein Bild daraus machen. &#8211; Foto Druck auf Aluminium-Dibond 3mm mit wei\u00dfer Beschichtung &#8211; Druck direkt auf das Aluminium hochwertige Druckfarben &#8211; Gute Tonwertabstufung sorgt f\u00fcr exakte Wiedergabe &#8211; Matt und blendfrei &#8211; Inklusive Aufh\u00e4ngeset Ihr Motiv [&hellip;]\" \/>\n<meta property=\"og:url\" content=\"https:\/\/www.raxxa.com\/es\/shop\/wasch-baeren\/\" \/>\n<meta property=\"og:site_name\" content=\"raxxa\" \/>\n<meta property=\"article:publisher\" content=\"https:\/\/facebook.com\/raxxacom\" \/>\n<meta property=\"article:modified_time\" content=\"2022-01-12T22:09:51+00:00\" \/>\n<meta property=\"og:image\" content=\"https:\/\/www.raxxa.com\/wp-content\/uploads\/2022\/01\/131-1769-Wasch-Baeren-Claudia-Schellmann.png\" \/>\n\t<meta property=\"og:image:width\" content=\"800\" \/>\n\t<meta property=\"og:image:height\" content=\"800\" \/>\n\t<meta property=\"og:image:type\" content=\"image\/png\" \/>\n<meta name=\"twitter:card\" content=\"summary_large_image\" \/>\n<meta name=\"twitter:label1\" content=\"Disponibilidad\" \/>\n\t<meta name=\"twitter:data1\" content=\"Disponible\" \/>\n<script type=\"application\/ld+json\" class=\"yoast-schema-graph\">{\"@context\":\"https:\\\/\\\/schema.org\",\"@graph\":[{\"@type\":[\"WebPage\",\"ItemPage\"],\"@id\":\"https:\\\/\\\/www.raxxa.com\\\/shop\\\/wasch-baeren\\\/\",\"url\":\"https:\\\/\\\/www.raxxa.com\\\/shop\\\/wasch-baeren\\\/\",\"name\":\"Wasch-B\u00e4ren - raxxa\",\"isPartOf\":{\"@id\":\"https:\\\/\\\/www.raxxa.com\\\/#website\"},\"primaryImageOfPage\":{\"@id\":\"https:\\\/\\\/www.raxxa.com\\\/shop\\\/wasch-baeren\\\/#primaryimage\"},\"image\":{\"@id\":\"https:\\\/\\\/www.raxxa.com\\\/shop\\\/wasch-baeren\\\/#primaryimage\"},\"thumbnailUrl\":\"https:\\\/\\\/www.raxxa.com\\\/wp-content\\\/uploads\\\/2022\\\/01\\\/131-1769-Wasch-Baeren-Claudia-Schellmann.png\",\"datePublished\":\"2022-01-12T22:09:38+00:00\",\"dateModified\":\"2022-01-12T22:09:51+00:00\",\"breadcrumb\":{\"@id\":\"https:\\\/\\\/www.raxxa.com\\\/shop\\\/wasch-baeren\\\/#breadcrumb\"},\"inLanguage\":\"es\",\"potentialAction\":[{\"@type\":\"ReadAction\",\"target\":[\"https:\\\/\\\/www.raxxa.com\\\/shop\\\/wasch-baeren\\\/\"]}]},{\"@type\":\"ImageObject\",\"inLanguage\":\"es\",\"@id\":\"https:\\\/\\\/www.raxxa.com\\\/shop\\\/wasch-baeren\\\/#primaryimage\",\"url\":\"https:\\\/\\\/www.raxxa.com\\\/wp-content\\\/uploads\\\/2022\\\/01\\\/131-1769-Wasch-Baeren-Claudia-Schellmann.png\",\"contentUrl\":\"https:\\\/\\\/www.raxxa.com\\\/wp-content\\\/uploads\\\/2022\\\/01\\\/131-1769-Wasch-Baeren-Claudia-Schellmann.png\",\"width\":800,\"height\":800},{\"@type\":\"BreadcrumbList\",\"@id\":\"https:\\\/\\\/www.raxxa.com\\\/shop\\\/wasch-baeren\\\/#breadcrumb\",\"itemListElement\":[{\"@type\":\"ListItem\",\"position\":1,\"name\":\"Startseite\",\"item\":\"https:\\\/\\\/www.raxxa.com\\\/\"},{\"@type\":\"ListItem\",\"position\":2,\"name\":\"Shop\",\"item\":\"https:\\\/\\\/www.raxxa.com\\\/it\\\/shop\\\/\"},{\"@type\":\"ListItem\",\"position\":3,\"name\":\"Wasch-B\u00e4ren\"}]},{\"@type\":\"WebSite\",\"@id\":\"https:\\\/\\\/www.raxxa.com\\\/#website\",\"url\":\"https:\\\/\\\/www.raxxa.com\\\/\",\"name\":\"raxxa\",\"description\":\"Einzigartige individuelle Produkte von unseren Designern\",\"publisher\":{\"@id\":\"https:\\\/\\\/www.raxxa.com\\\/#organization\"},\"potentialAction\":[{\"@type\":\"SearchAction\",\"target\":{\"@type\":\"EntryPoint\",\"urlTemplate\":\"https:\\\/\\\/www.raxxa.com\\\/?s={search_term_string}\"},\"query-input\":{\"@type\":\"PropertyValueSpecification\",\"valueRequired\":true,\"valueName\":\"search_term_string\"}}],\"inLanguage\":\"es\"},{\"@type\":\"Organization\",\"@id\":\"https:\\\/\\\/www.raxxa.com\\\/#organization\",\"name\":\"raxxa\",\"url\":\"https:\\\/\\\/www.raxxa.com\\\/\",\"logo\":{\"@type\":\"ImageObject\",\"inLanguage\":\"es\",\"@id\":\"https:\\\/\\\/www.raxxa.com\\\/#\\\/schema\\\/logo\\\/image\\\/\",\"url\":\"https:\\\/\\\/www.raxxa.com\\\/wp-content\\\/uploads\\\/2022\\\/07\\\/logo_v2.png\",\"contentUrl\":\"https:\\\/\\\/www.raxxa.com\\\/wp-content\\\/uploads\\\/2022\\\/07\\\/logo_v2.png\",\"width\":380,\"height\":382,\"caption\":\"raxxa\"},\"image\":{\"@id\":\"https:\\\/\\\/www.raxxa.com\\\/#\\\/schema\\\/logo\\\/image\\\/\"},\"sameAs\":[\"https:\\\/\\\/facebook.com\\\/raxxacom\"]}]}<\/script>\n<meta property=\"og:availability\" content=\"instock\" \/>\n<meta property=\"product:availability\" content=\"instock\" \/>\n<meta property=\"product:condition\" content=\"new\" \/>\n<!-- \/ Yoast SEO Premium plugin. -->","yoast_head_json":{"title":"Lavar Osos - raxxa","robots":{"index":"index","follow":"follow","max-snippet":"max-snippet:-1","max-image-preview":"max-image-preview:large","max-video-preview":"max-video-preview:-1"},"canonical":"https:\/\/www.raxxa.com\/es\/shop\/wasch-baeren\/","og_locale":"es_ES","og_type":"article","og_title":"Wasch-B\u00e4ren","og_description":"&#8222;Wasch-B\u00e4ren&#8220; by Claudia Schellmann Die Pose dieser Waschb\u00e4ren ist so sprechend und so menschlich, da musste ich gleich ein Bild daraus machen. &#8211; Foto Druck auf Aluminium-Dibond 3mm mit wei\u00dfer Beschichtung &#8211; Druck direkt auf das Aluminium hochwertige Druckfarben &#8211; Gute Tonwertabstufung sorgt f\u00fcr exakte Wiedergabe &#8211; Matt und blendfrei &#8211; Inklusive Aufh\u00e4ngeset Ihr Motiv [&hellip;]","og_url":"https:\/\/www.raxxa.com\/es\/shop\/wasch-baeren\/","og_site_name":"raxxa","article_publisher":"https:\/\/facebook.com\/raxxacom","article_modified_time":"2022-01-12T22:09:51+00:00","og_image":[{"width":800,"height":800,"url":"https:\/\/www.raxxa.com\/wp-content\/uploads\/2022\/01\/131-1769-Wasch-Baeren-Claudia-Schellmann.png","type":"image\/png"}],"twitter_card":"summary_large_image","twitter_misc":{"Disponibilidad":"Disponible"},"schema":{"@context":"https:\/\/schema.org","@graph":[{"@type":["WebPage","ItemPage"],"@id":"https:\/\/www.raxxa.com\/shop\/wasch-baeren\/","url":"https:\/\/www.raxxa.com\/shop\/wasch-baeren\/","name":"Lavar Osos - raxxa","isPartOf":{"@id":"https:\/\/www.raxxa.com\/#website"},"primaryImageOfPage":{"@id":"https:\/\/www.raxxa.com\/shop\/wasch-baeren\/#primaryimage"},"image":{"@id":"https:\/\/www.raxxa.com\/shop\/wasch-baeren\/#primaryimage"},"thumbnailUrl":"https:\/\/www.raxxa.com\/wp-content\/uploads\/2022\/01\/131-1769-Wasch-Baeren-Claudia-Schellmann.png","datePublished":"2022-01-12T22:09:38+00:00","dateModified":"2022-01-12T22:09:51+00:00","breadcrumb":{"@id":"https:\/\/www.raxxa.com\/shop\/wasch-baeren\/#breadcrumb"},"inLanguage":"es","potentialAction":[{"@type":"ReadAction","target":["https:\/\/www.raxxa.com\/shop\/wasch-baeren\/"]}]},{"@type":"ImageObject","inLanguage":"es","@id":"https:\/\/www.raxxa.com\/shop\/wasch-baeren\/#primaryimage","url":"https:\/\/www.raxxa.com\/wp-content\/uploads\/2022\/01\/131-1769-Wasch-Baeren-Claudia-Schellmann.png","contentUrl":"https:\/\/www.raxxa.com\/wp-content\/uploads\/2022\/01\/131-1769-Wasch-Baeren-Claudia-Schellmann.png","width":800,"height":800},{"@type":"BreadcrumbList","@id":"https:\/\/www.raxxa.com\/shop\/wasch-baeren\/#breadcrumb","itemListElement":[{"@type":"ListItem","position":1,"name":"Startseite","item":"https:\/\/www.raxxa.com\/"},{"@type":"ListItem","position":2,"name":"Shop","item":"https:\/\/www.raxxa.com\/it\/shop\/"},{"@type":"ListItem","position":3,"name":"Wasch-B\u00e4ren"}]},{"@type":"WebSite","@id":"https:\/\/www.raxxa.com\/#website","url":"https:\/\/www.raxxa.com\/","name":"raxxa","description":"Productos individuales \u00fanicos de nuestros dise\u00f1adores","publisher":{"@id":"https:\/\/www.raxxa.com\/#organization"},"potentialAction":[{"@type":"SearchAction","target":{"@type":"EntryPoint","urlTemplate":"https:\/\/www.raxxa.com\/?s={search_term_string}"},"query-input":{"@type":"PropertyValueSpecification","valueRequired":true,"valueName":"search_term_string"}}],"inLanguage":"es"},{"@type":"Organization","@id":"https:\/\/www.raxxa.com\/#organization","name":"raxxa","url":"https:\/\/www.raxxa.com\/","logo":{"@type":"ImageObject","inLanguage":"es","@id":"https:\/\/www.raxxa.com\/#\/schema\/logo\/image\/","url":"https:\/\/www.raxxa.com\/wp-content\/uploads\/2022\/07\/logo_v2.png","contentUrl":"https:\/\/www.raxxa.com\/wp-content\/uploads\/2022\/07\/logo_v2.png","width":380,"height":382,"caption":"raxxa"},"image":{"@id":"https:\/\/www.raxxa.com\/#\/schema\/logo\/image\/"},"sameAs":["https:\/\/facebook.com\/raxxacom"]}]},"og_availability":"instock","product_availability":"instock","product_condition":"new"},"jetpack_sharing_enabled":true,"_links":{"self":[{"href":"https:\/\/www.raxxa.com\/es\/wp-json\/wp\/v2\/product\/112992","targetHints":{"allow":["GET"]}}],"collection":[{"href":"https:\/\/www.raxxa.com\/es\/wp-json\/wp\/v2\/product"}],"about":[{"href":"https:\/\/www.raxxa.com\/es\/wp-json\/wp\/v2\/types\/product"}],"replies":[{"embeddable":true,"href":"https:\/\/www.raxxa.com\/es\/wp-json\/wp\/v2\/comments?post=112992"}],"wp:featuredmedia":[{"embeddable":true,"href":"https:\/\/www.raxxa.com\/es\/wp-json\/wp\/v2\/media\/112985"}],"wp:attachment":[{"href":"https:\/\/www.raxxa.com\/es\/wp-json\/wp\/v2\/media?parent=112992"}],"wp:term":[{"taxonomy":"product_brand","embeddable":true,"href":"https:\/\/www.raxxa.com\/es\/wp-json\/wp\/v2\/product_brand?post=112992"},{"taxonomy":"product_cat","embeddable":true,"href":"https:\/\/www.raxxa.com\/es\/wp-json\/wp\/v2\/product_cat?post=112992"},{"taxonomy":"product_tag","embeddable":true,"href":"https:\/\/www.raxxa.com\/es\/wp-json\/wp\/v2\/product_tag?post=112992"}],"curies":[{"name":"wp","href":"https:\/\/api.w.org\/{rel}","templated":true}]}}