{"id":62,"date":"2021-04-03T10:12:09","date_gmt":"2021-04-03T10:12:09","guid":{"rendered":"https:\/\/www.raxxa.com\/?page_id=62"},"modified":"2021-12-03T08:48:36","modified_gmt":"2021-12-03T06:48:36","slug":"widerrufsbelehrung","status":"publish","type":"page","link":"https:\/\/www.raxxa.com\/es\/widerrufsbelehrung\/","title":{"rendered":"Pol\u00edtica de cancelaci\u00f3n"},"content":{"rendered":"<p><strong>Pol\u00edtica de cancelaci\u00f3n<\/strong><\/p>\n\n\n\n<p>Los consumidores tienen un derecho de desistimiento de catorce d\u00edas.<\/p>\n\n\n\n<p><strong>Derecho de desistimiento<\/strong><\/p>\n\n\n\n<p>Tiene derecho a rescindir este contrato en un plazo de catorce d\u00edas sin indicar el motivo. El plazo de desistimiento es de catorce d\u00edas a partir del d\u00eda en que usted o un tercero nombrado por usted, que no sea el transportista, haya tomado posesi\u00f3n de los bienes.<br><\/p>\n\n\n\n<p>Para ejercer su derecho de desistimiento, debe informarnos (Hans-J\u00fcrgen Herzig, Fritz-Schubert-Ring 10c, 60388 Frankfurt, Alemania, info@raxxa.com, tel\u00e9fono: 061095067928) mediante una declaraci\u00f3n clara (por ejemplo, una carta enviada por correo postal, fax o correo electr\u00f3nico) de su decisi\u00f3n de desistir del presente contrato. Para ello, puede utilizar el modelo de formulario de desistimiento adjunto, que, sin embargo, no es obligatorio.<\/p>\n\n\n\n<p>Para cumplir el plazo de cancelaci\u00f3n, basta con que env\u00ede la notificaci\u00f3n del ejercicio del derecho de cancelaci\u00f3n antes de que finalice el plazo de cancelaci\u00f3n.<\/p>\n\n\n\n<p><strong>Consecuencias de la revocaci\u00f3n<\/strong><\/p>\n\n\n\n<p>Si rescinde el contrato, deberemos devolverle todos los pagos que hayamos recibido de usted, incluidos los gastos de env\u00edo (a excepci\u00f3n de los gastos adicionales resultantes del hecho de que haya elegido un tipo de env\u00edo distinto al env\u00edo est\u00e1ndar m\u00e1s barato que ofrecemos), sin demora y a m\u00e1s tardar en un plazo de catorce d\u00edas a partir del d\u00eda en que hayamos recibido la notificaci\u00f3n de su rescisi\u00f3n del contrato. Para este reembolso, utilizaremos el mismo medio de pago que usted utiliz\u00f3 para la transacci\u00f3n original, a menos que se acuerde expresamente lo contrario con usted; en ning\u00fan caso se le cobrar\u00e1 por este reembolso. Podremos denegar el reembolso hasta que hayamos recibido la mercanc\u00eda o hasta que usted haya presentado una prueba de que ha devuelto la mercanc\u00eda, lo que ocurra primero.<br><\/p>\n\n\n\n<p>Deber\u00e1 devolvernos o entregarnos la mercanc\u00eda a nosotros o a Hans-J\u00fcrgen Herzig (Fritz-Schubert-Ring 10c, 60388 Frankfurt, Alemania) sin demora y, en cualquier caso, a m\u00e1s tardar en el plazo de catorce d\u00edas a partir del d\u00eda en que nos notifique la revocaci\u00f3n del presente contrato. El plazo se cumple si env\u00eda la mercanc\u00eda antes de que expire el plazo de catorce d\u00edas. Usted correr\u00e1 con los gastos directos de devoluci\u00f3n de la mercanc\u00eda. S\u00f3lo tiene que pagar la p\u00e9rdida de valor de los bienes si \u00e9sta se debe a una manipulaci\u00f3n de los bienes que no es necesaria para comprobar su estado, propiedades y funcionamiento.<\/p>\n\n\n\n<p>El derecho de desistimiento no se aplica a los siguientes contratos:<\/p>\n\n\n\n<ul class=\"wp-block-list\"><li>Contratos de suministro de bienes que no son prefabricados y para cuya fabricaci\u00f3n es decisiva una selecci\u00f3n o determinaci\u00f3n individual por parte del consumidor o que est\u00e1n claramente adaptados a las necesidades personales de \u00e9ste.<\/li><\/ul>\n\n\n\n<figure class=\"wp-block-table\"><table><tbody><tr><td><strong>Ejemplo de formulario de cancelaci\u00f3n<\/strong> <em>(Si desea revocar el contrato, rellene y devuelva este formulario).<\/em> - A Hans-J\u00fcrgen Herzig, Fritz-Schubert-Ring 10c, 60388 Frankfurt, Alemania, info@raxxa.com - Por la presente, yo\/nosotros (*) revocamos el contrato celebrado por m\u00ed\/nosotros (*) para la compra de lo siguiente<br>Bienes (*)\/prestaci\u00f3n del siguiente servicio (*) - Pedidos el (*)\/recibidos el (*) - Nombre del consumidor(es) - Direcci\u00f3n del consumidor(es) - Firma del consumidor(es) (s\u00f3lo en caso de notificaci\u00f3n en papel) - Fecha<br><br><em>(*) T\u00e1chese lo que proceda.<\/em><\/td><\/tr><\/tbody><\/table><\/figure>\n\n\n\n<p><em><a target=\"_blank\" href=\"https:\/\/legal.trustedshops.com\/produkte\/rechtstexter\" rel=\"noreferrer noopener\">Pol\u00edtica de cancelaci\u00f3n<\/a> creado con el <a target=\"_blank\" rel=\"noreferrer noopener\">Tiendas de confianza<\/a> Redactor jur\u00eddico en colaboraci\u00f3n con <a target=\"_blank\" href=\"https:\/\/foehlisch.com\" rel=\"noreferrer noopener\">F\u00d6HLISCH Abogados<\/a>.<\/em><\/p>","protected":false},"excerpt":{"rendered":"<p>Widerrufsbelehrung Verbraucher haben ein vierzehnt\u00e4giges Widerrufsrecht. Widerrufsrecht Sie haben das Recht, binnen vierzehn Tagen ohne Angabe von Gr\u00fcnden diesen Vertrag zu widerrufen. Die Widerrufsfrist betr\u00e4gt vierzehn Tage ab dem Tag an dem Sie oder ein von Ihnen benannter Dritter, der nicht der Bef\u00f6rderer ist, die Waren in Besitz genommen haben bzw. hat. Um Ihr Widerrufsrecht [&hellip;]<\/p>\n","protected":false},"author":1,"featured_media":0,"parent":0,"menu_order":0,"comment_status":"closed","ping_status":"closed","template":"","meta":{"footnotes":""},"class_list":["post-62","page","type-page","status-publish","hentry"],"yoast_head":"<!-- This site is optimized with the Yoast SEO Premium plugin v27.4 (Yoast SEO v27.4) - https:\/\/yoast.com\/product\/yoast-seo-premium-wordpress\/ -->\n<title>Widerrufsbelehrung - raxxa<\/title>\n<meta name=\"robots\" content=\"index, follow, max-snippet:-1, max-image-preview:large, max-video-preview:-1\" \/>\n<link rel=\"canonical\" href=\"https:\/\/www.raxxa.com\/es\/widerrufsbelehrung\/\" \/>\n<meta property=\"og:locale\" content=\"es_ES\" \/>\n<meta property=\"og:type\" content=\"article\" \/>\n<meta property=\"og:title\" content=\"Widerrufsbelehrung\" \/>\n<meta property=\"og:description\" content=\"Widerrufsbelehrung Verbraucher haben ein vierzehnt\u00e4giges Widerrufsrecht. Widerrufsrecht Sie haben das Recht, binnen vierzehn Tagen ohne Angabe von Gr\u00fcnden diesen Vertrag zu widerrufen. Die Widerrufsfrist betr\u00e4gt vierzehn Tage ab dem Tag an dem Sie oder ein von Ihnen benannter Dritter, der nicht der Bef\u00f6rderer ist, die Waren in Besitz genommen haben bzw. hat. Um Ihr Widerrufsrecht [&hellip;]\" \/>\n<meta property=\"og:url\" content=\"https:\/\/www.raxxa.com\/es\/widerrufsbelehrung\/\" \/>\n<meta property=\"og:site_name\" content=\"raxxa\" \/>\n<meta property=\"article:publisher\" content=\"https:\/\/facebook.com\/raxxacom\" \/>\n<meta property=\"article:modified_time\" content=\"2021-12-03T06:48:36+00:00\" \/>\n<meta name=\"twitter:card\" content=\"summary_large_image\" \/>\n<meta name=\"twitter:label1\" content=\"Tiempo de lectura\" \/>\n\t<meta name=\"twitter:data1\" content=\"3 minutos\" \/>\n<script type=\"application\/ld+json\" class=\"yoast-schema-graph\">{\"@context\":\"https:\\\/\\\/schema.org\",\"@graph\":[{\"@type\":\"WebPage\",\"@id\":\"https:\\\/\\\/www.raxxa.com\\\/widerrufsbelehrung\\\/\",\"url\":\"https:\\\/\\\/www.raxxa.com\\\/widerrufsbelehrung\\\/\",\"name\":\"Widerrufsbelehrung - raxxa\",\"isPartOf\":{\"@id\":\"https:\\\/\\\/www.raxxa.com\\\/#website\"},\"datePublished\":\"2021-04-03T10:12:09+00:00\",\"dateModified\":\"2021-12-03T06:48:36+00:00\",\"breadcrumb\":{\"@id\":\"https:\\\/\\\/www.raxxa.com\\\/widerrufsbelehrung\\\/#breadcrumb\"},\"inLanguage\":\"es\",\"potentialAction\":[{\"@type\":\"ReadAction\",\"target\":[\"https:\\\/\\\/www.raxxa.com\\\/widerrufsbelehrung\\\/\"]}]},{\"@type\":\"BreadcrumbList\",\"@id\":\"https:\\\/\\\/www.raxxa.com\\\/widerrufsbelehrung\\\/#breadcrumb\",\"itemListElement\":[{\"@type\":\"ListItem\",\"position\":1,\"name\":\"Startseite\",\"item\":\"https:\\\/\\\/www.raxxa.com\\\/\"},{\"@type\":\"ListItem\",\"position\":2,\"name\":\"Widerrufsbelehrung\"}]},{\"@type\":\"WebSite\",\"@id\":\"https:\\\/\\\/www.raxxa.com\\\/#website\",\"url\":\"https:\\\/\\\/www.raxxa.com\\\/\",\"name\":\"raxxa\",\"description\":\"Einzigartige individuelle Produkte von unseren Designern\",\"publisher\":{\"@id\":\"https:\\\/\\\/www.raxxa.com\\\/#organization\"},\"potentialAction\":[{\"@type\":\"SearchAction\",\"target\":{\"@type\":\"EntryPoint\",\"urlTemplate\":\"https:\\\/\\\/www.raxxa.com\\\/?s={search_term_string}\"},\"query-input\":{\"@type\":\"PropertyValueSpecification\",\"valueRequired\":true,\"valueName\":\"search_term_string\"}}],\"inLanguage\":\"es\"},{\"@type\":\"Organization\",\"@id\":\"https:\\\/\\\/www.raxxa.com\\\/#organization\",\"name\":\"raxxa\",\"url\":\"https:\\\/\\\/www.raxxa.com\\\/\",\"logo\":{\"@type\":\"ImageObject\",\"inLanguage\":\"es\",\"@id\":\"https:\\\/\\\/www.raxxa.com\\\/#\\\/schema\\\/logo\\\/image\\\/\",\"url\":\"https:\\\/\\\/www.raxxa.com\\\/wp-content\\\/uploads\\\/2022\\\/07\\\/logo_v2.png\",\"contentUrl\":\"https:\\\/\\\/www.raxxa.com\\\/wp-content\\\/uploads\\\/2022\\\/07\\\/logo_v2.png\",\"width\":380,\"height\":382,\"caption\":\"raxxa\"},\"image\":{\"@id\":\"https:\\\/\\\/www.raxxa.com\\\/#\\\/schema\\\/logo\\\/image\\\/\"},\"sameAs\":[\"https:\\\/\\\/facebook.com\\\/raxxacom\"]}]}<\/script>\n<!-- \/ Yoast SEO Premium plugin. -->","yoast_head_json":{"title":"Pol\u00edtica de cancelaci\u00f3n - raxxa","robots":{"index":"index","follow":"follow","max-snippet":"max-snippet:-1","max-image-preview":"max-image-preview:large","max-video-preview":"max-video-preview:-1"},"canonical":"https:\/\/www.raxxa.com\/es\/widerrufsbelehrung\/","og_locale":"es_ES","og_type":"article","og_title":"Widerrufsbelehrung","og_description":"Widerrufsbelehrung Verbraucher haben ein vierzehnt\u00e4giges Widerrufsrecht. Widerrufsrecht Sie haben das Recht, binnen vierzehn Tagen ohne Angabe von Gr\u00fcnden diesen Vertrag zu widerrufen. Die Widerrufsfrist betr\u00e4gt vierzehn Tage ab dem Tag an dem Sie oder ein von Ihnen benannter Dritter, der nicht der Bef\u00f6rderer ist, die Waren in Besitz genommen haben bzw. hat. Um Ihr Widerrufsrecht [&hellip;]","og_url":"https:\/\/www.raxxa.com\/es\/widerrufsbelehrung\/","og_site_name":"raxxa","article_publisher":"https:\/\/facebook.com\/raxxacom","article_modified_time":"2021-12-03T06:48:36+00:00","twitter_card":"summary_large_image","twitter_misc":{"Tiempo de lectura":"3 minutos"},"schema":{"@context":"https:\/\/schema.org","@graph":[{"@type":"WebPage","@id":"https:\/\/www.raxxa.com\/widerrufsbelehrung\/","url":"https:\/\/www.raxxa.com\/widerrufsbelehrung\/","name":"Pol\u00edtica de cancelaci\u00f3n - raxxa","isPartOf":{"@id":"https:\/\/www.raxxa.com\/#website"},"datePublished":"2021-04-03T10:12:09+00:00","dateModified":"2021-12-03T06:48:36+00:00","breadcrumb":{"@id":"https:\/\/www.raxxa.com\/widerrufsbelehrung\/#breadcrumb"},"inLanguage":"es","potentialAction":[{"@type":"ReadAction","target":["https:\/\/www.raxxa.com\/widerrufsbelehrung\/"]}]},{"@type":"BreadcrumbList","@id":"https:\/\/www.raxxa.com\/widerrufsbelehrung\/#breadcrumb","itemListElement":[{"@type":"ListItem","position":1,"name":"Startseite","item":"https:\/\/www.raxxa.com\/"},{"@type":"ListItem","position":2,"name":"Widerrufsbelehrung"}]},{"@type":"WebSite","@id":"https:\/\/www.raxxa.com\/#website","url":"https:\/\/www.raxxa.com\/","name":"raxxa","description":"Productos individuales \u00fanicos de nuestros dise\u00f1adores","publisher":{"@id":"https:\/\/www.raxxa.com\/#organization"},"potentialAction":[{"@type":"SearchAction","target":{"@type":"EntryPoint","urlTemplate":"https:\/\/www.raxxa.com\/?s={search_term_string}"},"query-input":{"@type":"PropertyValueSpecification","valueRequired":true,"valueName":"search_term_string"}}],"inLanguage":"es"},{"@type":"Organization","@id":"https:\/\/www.raxxa.com\/#organization","name":"raxxa","url":"https:\/\/www.raxxa.com\/","logo":{"@type":"ImageObject","inLanguage":"es","@id":"https:\/\/www.raxxa.com\/#\/schema\/logo\/image\/","url":"https:\/\/www.raxxa.com\/wp-content\/uploads\/2022\/07\/logo_v2.png","contentUrl":"https:\/\/www.raxxa.com\/wp-content\/uploads\/2022\/07\/logo_v2.png","width":380,"height":382,"caption":"raxxa"},"image":{"@id":"https:\/\/www.raxxa.com\/#\/schema\/logo\/image\/"},"sameAs":["https:\/\/facebook.com\/raxxacom"]}]}},"jetpack_sharing_enabled":true,"_links":{"self":[{"href":"https:\/\/www.raxxa.com\/es\/wp-json\/wp\/v2\/pages\/62","targetHints":{"allow":["GET"]}}],"collection":[{"href":"https:\/\/www.raxxa.com\/es\/wp-json\/wp\/v2\/pages"}],"about":[{"href":"https:\/\/www.raxxa.com\/es\/wp-json\/wp\/v2\/types\/page"}],"author":[{"embeddable":true,"href":"https:\/\/www.raxxa.com\/es\/wp-json\/wp\/v2\/users\/1"}],"replies":[{"embeddable":true,"href":"https:\/\/www.raxxa.com\/es\/wp-json\/wp\/v2\/comments?post=62"}],"version-history":[{"count":0,"href":"https:\/\/www.raxxa.com\/es\/wp-json\/wp\/v2\/pages\/62\/revisions"}],"wp:attachment":[{"href":"https:\/\/www.raxxa.com\/es\/wp-json\/wp\/v2\/media?parent=62"}],"curies":[{"name":"wp","href":"https:\/\/api.w.org\/{rel}","templated":true}]}}