{"id":193945,"date":"2024-04-29T11:59:57","date_gmt":"2024-04-29T09:59:57","guid":{"rendered":"https:\/\/www.raxxa.com\/?page_id=193945"},"modified":"2026-02-15T21:56:24","modified_gmt":"2026-02-15T19:56:24","slug":"affiliate-partner","status":"publish","type":"page","link":"https:\/\/www.raxxa.com\/es\/affiliate-partner\/","title":{"rendered":"Socio afiliado"},"content":{"rendered":"<div data-colibri-id=\"193945-c1\" class=\"style-3546 style-local-193945-c1 position-relative\">\n  <!---->\n  <div data-colibri-component=\"section\" data-colibri-id=\"193945-c2\" id=\"custom\" class=\"h-section h-section-global-spacing d-flex align-items-lg-center align-items-md-center align-items-center style-3547 style-local-193945-c2 position-relative\">\n    <!---->\n    <!---->\n    <div class=\"h-section-grid-container h-section-boxed-container\">\n      <!---->\n      <div data-colibri-id=\"193945-c3\" class=\"h-row-container gutters-row-lg-2 gutters-row-md-2 gutters-row-0 gutters-row-v-lg-2 gutters-row-v-md-2 gutters-row-v-2 style-3548 style-local-193945-c3 position-relative\">\n        <!---->\n        <div class=\"h-row justify-content-lg-center justify-content-md-center justify-content-center align-items-lg-stretch align-items-md-stretch align-items-stretch gutters-col-lg-2 gutters-col-md-2 gutters-col-0 gutters-col-v-lg-2 gutters-col-v-md-2 gutters-col-v-2\">\n          <!---->\n          <div class=\"h-column h-column-container d-flex h-col-lg-auto h-col-md-auto h-col-auto style-3549-outer style-local-193945-c4-outer\">\n            <div data-colibri-id=\"193945-c4\" class=\"d-flex h-flex-basis h-column__inner h-px-lg-2 h-px-md-2 h-px-2 v-inner-lg-2 v-inner-md-2 v-inner-2 style-3549 style-local-193945-c4 position-relative\">\n              <!---->\n              <!---->\n              <div class=\"w-100 h-y-container h-column__content h-column__v-align flex-basis-100 align-self-lg-start align-self-md-start align-self-start\">\n                <!---->\n                <div data-colibri-id=\"193945-c5\" class=\"h-text h-text-component style-3553 style-local-193945-c5 position-relative h-element\">\n                  <!---->\n                  <!---->\n                  <div class=\"\">\n                    <h1><span style=\"font-family: Oswald, sans-serif; font-size: 24px; color: rgb(51, 51, 51);\">\u00a1Convi\u00e9rtase en socio afiliado de raxxa ahora!<\/span><\/h1>\n                    <p>\n                      <br>\n                    <\/p>\n                    <p>raxxa.com ist ein Portal mit den speziellen Produkten unserer K\u00fcnstler, wie Poster, Tischsets, Puzzle, Kissen, Kalender, Postkarten, Tassen, Magnete, T-Shirts und vieles mehr. Wir bieten unseren Kunden eine riesige Auswahl von derzeit\n                      \u00fcber <strong style=\"color: rgb(238, 108, 3);\">10000 Produkten<\/strong>&nbsp;de m\u00e1s de <strong style=\"color: rgb(238, 108, 3); font-weight: 700;\">200 artistas<\/strong> weltweit anzubieten. Wir produzieren immer erst nach einer\n                      Bestellung das Produkt mit dem gew\u00e4hlten Design in der gew\u00fcnschten Gr\u00f6\u00dfe liefern innerhalb Europas in der Regel zwischen 8-14 Tagen an den Endkunden. Mit jeder Bestellung wird ein K\u00fcnstler aktiv unterst\u00fctzt.\n                      <br>\n                      <br>\n                      <br>\n                      <br><strong style=\"font-weight: 700;\">Sus ventajas<\/strong><\/p>\n                    <ul>\n                      <li>90 d\u00edas de vida de la cookie<\/li>\n                      <li>12,00 % Comisi\u00f3n por venta<\/li>\n                      <li>Remuneraci\u00f3n segura y pago puntual de las comisiones<\/li>\n                      <li>Bajos \u00edndices de cancelaci\u00f3n<\/li>\n                      <li>Atractiva y variada selecci\u00f3n de material publicitario para cada sitio web<\/li>\n                      <li>Alimentaci\u00f3n de datos de productos CSV<\/li>\n                      <li>Asistencia personal al editor por correo electr\u00f3nico<\/li>\n                    <\/ul>\n                    <p>\n                      <br>\n                    <\/p>\n                    <p>\n                      <br>\n                    <\/p>\n                    <p><strong style=\"font-weight: 700;\">H\u00e1gase socio de raxxa.com ahora<\/strong><\/p>\n                    <p>\u00bfLe gustar\u00eda participar en nuestro programa de afiliados? P\u00f3ngase en contacto directamente con nuestros socios de la red para conocer las condiciones. En esta p\u00e1gina puede ver con qu\u00e9 redes colaboradoras estamos afiliados.\n                      Simplemente haga clic en el logotipo y acceder\u00e1 al programa.\n                      <br>\n                      <br>Si tiene m\u00e1s preguntas o desea ayuda personal, p\u00f3ngase en contacto con nosotros por correo electr\u00f3nico en\n                      <br>\n                      <br><strong>correo electr\u00f3nico:<\/strong>&nbsp;hola\n                      <a href=\"mailto:kristin@puzzle.de\" style=\"color: rgb(51, 51, 51);\">@raxxa.com<\/a>\n                      <br>\n                      <br><strong style=\"font-size: 16px; color: rgb(238, 108, 3);\">Inscr\u00edbase ahora y \u00a1tengamos \u00e9xito juntos!<\/strong><\/p>\n                    <p>\n                      <br>\n                    <\/p>\n                    <p>\n                      <br>\n                    <\/p>\n                    <p>\n                      <br>\n                    <\/p>\n                  <\/div>\n                <\/div>\n                <div data-colibri-id=\"193945-c6\" class=\"d-block style-3557 style-local-193945-c6 position-relative h-element\">\n                  <!---->\n                  <div class=\"h-image__frame-container-outer\">\n                    <a href=\"https:\/\/www.adcell.de\/partnerprogramme\/12514\" h-use-smooth-scroll=\"true\" class=\"image-link\">\n                      <div class=\"h-image__frame-container\">\n                        <!---->\n                        <!---->\n                        <img loading=\"lazy\" decoding=\"async\" width=\"189\" height=\"32\" src=\"https:\/\/www.raxxa.com\/wp-content\/uploads\/2024\/04\/adcell-logo.png\" class=\"wp-image-193965 style-3557-image style-local-193945-c6-image\" alt=\"\" srcset=\"https:\/\/www.raxxa.com\/wp-content\/uploads\/2024\/04\/adcell-logo.png 189w, https:\/\/www.raxxa.com\/wp-content\/uploads\/2024\/04\/adcell-logo-18x3.png 18w, https:\/\/www.raxxa.com\/wp-content\/uploads\/2024\/04\/adcell-logo-24x4.png 24w, https:\/\/www.raxxa.com\/wp-content\/uploads\/2024\/04\/adcell-logo-36x6.png 36w, https:\/\/www.raxxa.com\/wp-content\/uploads\/2024\/04\/adcell-logo-48x8.png 48w, https:\/\/www.raxxa.com\/wp-content\/uploads\/2024\/04\/adcell-logo-64x11.png 64w\" sizes=\"auto, (max-width: 189px) 100vw, 189px\" \/>\n                        <div class=\"h-image__frame h-hide-lg h-hide-md h-hide-sm style-3557-frameImage style-local-193945-c6-frameImage\"><\/div>\n                      <\/div>\n                      <div class=\"style-3557-caption style-local-193945-c6-caption\">\n                        Nuestro programa de asociaci\u00f3n con Adcell\n                      <\/div>\n                    <\/a>\n                  <\/div>\n                <\/div>\n              <\/div>\n            <\/div>\n          <\/div>\n        <\/div>\n      <\/div>\n    <\/div>\n  <\/div>\n<\/div>","protected":false},"excerpt":{"rendered":"<p>Werden Sie jetzt Affiliate-Partner von raxxa! raxxa.com ist ein Portal mit den speziellen Produkten unserer K\u00fcnstler, wie Poster, Tischsets, Puzzle, Kissen, Kalender, Postkarten, Tassen, Magnete, T-Shirts und vieles mehr. Wir bieten unseren Kunden eine riesige Auswahl von derzeit \u00fcber 10000 Produkten&nbsp;von mehr als 200 K\u00fcnstlern weltweit anzubieten. Wir produzieren immer erst nach einer Bestellung das [&hellip;]<\/p>\n","protected":false},"author":1,"featured_media":0,"parent":0,"menu_order":0,"comment_status":"closed","ping_status":"closed","template":"page-templates\/full-width-page.php","meta":{"footnotes":""},"class_list":["post-193945","page","type-page","status-publish","hentry"],"yoast_head":"<!-- This site is optimized with the Yoast SEO Premium plugin v27.4 (Yoast SEO v27.4) - https:\/\/yoast.com\/product\/yoast-seo-premium-wordpress\/ -->\n<title>Affiliate-Partner - raxxa<\/title>\n<meta name=\"robots\" content=\"index, follow, max-snippet:-1, max-image-preview:large, max-video-preview:-1\" \/>\n<link rel=\"canonical\" href=\"https:\/\/www.raxxa.com\/es\/affiliate-partner\/\" \/>\n<meta property=\"og:locale\" content=\"es_ES\" \/>\n<meta property=\"og:type\" content=\"article\" \/>\n<meta property=\"og:title\" content=\"Affiliate-Partner\" \/>\n<meta property=\"og:description\" content=\"Werden Sie jetzt Affiliate-Partner von raxxa! raxxa.com ist ein Portal mit den speziellen Produkten unserer K\u00fcnstler, wie Poster, Tischsets, Puzzle, Kissen, Kalender, Postkarten, Tassen, Magnete, T-Shirts und vieles mehr. Wir bieten unseren Kunden eine riesige Auswahl von derzeit \u00fcber 10000 Produkten&nbsp;von mehr als 200 K\u00fcnstlern weltweit anzubieten. Wir produzieren immer erst nach einer Bestellung das [&hellip;]\" \/>\n<meta property=\"og:url\" content=\"https:\/\/www.raxxa.com\/es\/affiliate-partner\/\" \/>\n<meta property=\"og:site_name\" content=\"raxxa\" \/>\n<meta property=\"article:publisher\" content=\"https:\/\/facebook.com\/raxxacom\" \/>\n<meta property=\"article:modified_time\" content=\"2026-02-15T19:56:24+00:00\" \/>\n<meta property=\"og:image\" content=\"https:\/\/www.raxxa.com\/wp-content\/uploads\/2024\/04\/adcell-logo.png\" \/>\n\t<meta property=\"og:image:width\" content=\"189\" \/>\n\t<meta property=\"og:image:height\" content=\"32\" \/>\n\t<meta property=\"og:image:type\" content=\"image\/png\" \/>\n<meta name=\"twitter:card\" content=\"summary_large_image\" \/>\n<meta name=\"twitter:label1\" content=\"Tiempo de lectura\" \/>\n\t<meta name=\"twitter:data1\" content=\"2 minutos\" \/>\n<script type=\"application\/ld+json\" class=\"yoast-schema-graph\">{\"@context\":\"https:\\\/\\\/schema.org\",\"@graph\":[{\"@type\":\"WebPage\",\"@id\":\"https:\\\/\\\/www.raxxa.com\\\/affiliate-partner\\\/\",\"url\":\"https:\\\/\\\/www.raxxa.com\\\/affiliate-partner\\\/\",\"name\":\"Affiliate-Partner - raxxa\",\"isPartOf\":{\"@id\":\"https:\\\/\\\/www.raxxa.com\\\/#website\"},\"primaryImageOfPage\":{\"@id\":\"https:\\\/\\\/www.raxxa.com\\\/affiliate-partner\\\/#primaryimage\"},\"image\":{\"@id\":\"https:\\\/\\\/www.raxxa.com\\\/affiliate-partner\\\/#primaryimage\"},\"thumbnailUrl\":\"https:\\\/\\\/www.raxxa.com\\\/wp-content\\\/uploads\\\/2024\\\/04\\\/adcell-logo.png\",\"datePublished\":\"2024-04-29T09:59:57+00:00\",\"dateModified\":\"2026-02-15T19:56:24+00:00\",\"breadcrumb\":{\"@id\":\"https:\\\/\\\/www.raxxa.com\\\/affiliate-partner\\\/#breadcrumb\"},\"inLanguage\":\"es\",\"potentialAction\":[{\"@type\":\"ReadAction\",\"target\":[\"https:\\\/\\\/www.raxxa.com\\\/affiliate-partner\\\/\"]}]},{\"@type\":\"ImageObject\",\"inLanguage\":\"es\",\"@id\":\"https:\\\/\\\/www.raxxa.com\\\/affiliate-partner\\\/#primaryimage\",\"url\":\"https:\\\/\\\/www.raxxa.com\\\/wp-content\\\/uploads\\\/2024\\\/04\\\/adcell-logo.png\",\"contentUrl\":\"https:\\\/\\\/www.raxxa.com\\\/wp-content\\\/uploads\\\/2024\\\/04\\\/adcell-logo.png\"},{\"@type\":\"BreadcrumbList\",\"@id\":\"https:\\\/\\\/www.raxxa.com\\\/affiliate-partner\\\/#breadcrumb\",\"itemListElement\":[{\"@type\":\"ListItem\",\"position\":1,\"name\":\"Startseite\",\"item\":\"https:\\\/\\\/www.raxxa.com\\\/\"},{\"@type\":\"ListItem\",\"position\":2,\"name\":\"Affiliate-Partner\"}]},{\"@type\":\"WebSite\",\"@id\":\"https:\\\/\\\/www.raxxa.com\\\/#website\",\"url\":\"https:\\\/\\\/www.raxxa.com\\\/\",\"name\":\"raxxa\",\"description\":\"Einzigartige individuelle Produkte von unseren Designern\",\"publisher\":{\"@id\":\"https:\\\/\\\/www.raxxa.com\\\/#organization\"},\"potentialAction\":[{\"@type\":\"SearchAction\",\"target\":{\"@type\":\"EntryPoint\",\"urlTemplate\":\"https:\\\/\\\/www.raxxa.com\\\/?s={search_term_string}\"},\"query-input\":{\"@type\":\"PropertyValueSpecification\",\"valueRequired\":true,\"valueName\":\"search_term_string\"}}],\"inLanguage\":\"es\"},{\"@type\":\"Organization\",\"@id\":\"https:\\\/\\\/www.raxxa.com\\\/#organization\",\"name\":\"raxxa\",\"url\":\"https:\\\/\\\/www.raxxa.com\\\/\",\"logo\":{\"@type\":\"ImageObject\",\"inLanguage\":\"es\",\"@id\":\"https:\\\/\\\/www.raxxa.com\\\/#\\\/schema\\\/logo\\\/image\\\/\",\"url\":\"https:\\\/\\\/www.raxxa.com\\\/wp-content\\\/uploads\\\/2022\\\/07\\\/logo_v2.png\",\"contentUrl\":\"https:\\\/\\\/www.raxxa.com\\\/wp-content\\\/uploads\\\/2022\\\/07\\\/logo_v2.png\",\"width\":380,\"height\":382,\"caption\":\"raxxa\"},\"image\":{\"@id\":\"https:\\\/\\\/www.raxxa.com\\\/#\\\/schema\\\/logo\\\/image\\\/\"},\"sameAs\":[\"https:\\\/\\\/facebook.com\\\/raxxacom\"]}]}<\/script>\n<!-- \/ Yoast SEO Premium plugin. -->","yoast_head_json":{"title":"Socio afiliado - raxxa","robots":{"index":"index","follow":"follow","max-snippet":"max-snippet:-1","max-image-preview":"max-image-preview:large","max-video-preview":"max-video-preview:-1"},"canonical":"https:\/\/www.raxxa.com\/es\/affiliate-partner\/","og_locale":"es_ES","og_type":"article","og_title":"Affiliate-Partner","og_description":"Werden Sie jetzt Affiliate-Partner von raxxa! raxxa.com ist ein Portal mit den speziellen Produkten unserer K\u00fcnstler, wie Poster, Tischsets, Puzzle, Kissen, Kalender, Postkarten, Tassen, Magnete, T-Shirts und vieles mehr. Wir bieten unseren Kunden eine riesige Auswahl von derzeit \u00fcber 10000 Produkten&nbsp;von mehr als 200 K\u00fcnstlern weltweit anzubieten. Wir produzieren immer erst nach einer Bestellung das [&hellip;]","og_url":"https:\/\/www.raxxa.com\/es\/affiliate-partner\/","og_site_name":"raxxa","article_publisher":"https:\/\/facebook.com\/raxxacom","article_modified_time":"2026-02-15T19:56:24+00:00","og_image":[{"width":189,"height":32,"url":"https:\/\/www.raxxa.com\/wp-content\/uploads\/2024\/04\/adcell-logo.png","type":"image\/png"}],"twitter_card":"summary_large_image","twitter_misc":{"Tiempo de lectura":"2 minutos"},"schema":{"@context":"https:\/\/schema.org","@graph":[{"@type":"WebPage","@id":"https:\/\/www.raxxa.com\/affiliate-partner\/","url":"https:\/\/www.raxxa.com\/affiliate-partner\/","name":"Socio afiliado - raxxa","isPartOf":{"@id":"https:\/\/www.raxxa.com\/#website"},"primaryImageOfPage":{"@id":"https:\/\/www.raxxa.com\/affiliate-partner\/#primaryimage"},"image":{"@id":"https:\/\/www.raxxa.com\/affiliate-partner\/#primaryimage"},"thumbnailUrl":"https:\/\/www.raxxa.com\/wp-content\/uploads\/2024\/04\/adcell-logo.png","datePublished":"2024-04-29T09:59:57+00:00","dateModified":"2026-02-15T19:56:24+00:00","breadcrumb":{"@id":"https:\/\/www.raxxa.com\/affiliate-partner\/#breadcrumb"},"inLanguage":"es","potentialAction":[{"@type":"ReadAction","target":["https:\/\/www.raxxa.com\/affiliate-partner\/"]}]},{"@type":"ImageObject","inLanguage":"es","@id":"https:\/\/www.raxxa.com\/affiliate-partner\/#primaryimage","url":"https:\/\/www.raxxa.com\/wp-content\/uploads\/2024\/04\/adcell-logo.png","contentUrl":"https:\/\/www.raxxa.com\/wp-content\/uploads\/2024\/04\/adcell-logo.png"},{"@type":"BreadcrumbList","@id":"https:\/\/www.raxxa.com\/affiliate-partner\/#breadcrumb","itemListElement":[{"@type":"ListItem","position":1,"name":"Startseite","item":"https:\/\/www.raxxa.com\/"},{"@type":"ListItem","position":2,"name":"Affiliate-Partner"}]},{"@type":"WebSite","@id":"https:\/\/www.raxxa.com\/#website","url":"https:\/\/www.raxxa.com\/","name":"raxxa","description":"Productos individuales \u00fanicos de nuestros dise\u00f1adores","publisher":{"@id":"https:\/\/www.raxxa.com\/#organization"},"potentialAction":[{"@type":"SearchAction","target":{"@type":"EntryPoint","urlTemplate":"https:\/\/www.raxxa.com\/?s={search_term_string}"},"query-input":{"@type":"PropertyValueSpecification","valueRequired":true,"valueName":"search_term_string"}}],"inLanguage":"es"},{"@type":"Organization","@id":"https:\/\/www.raxxa.com\/#organization","name":"raxxa","url":"https:\/\/www.raxxa.com\/","logo":{"@type":"ImageObject","inLanguage":"es","@id":"https:\/\/www.raxxa.com\/#\/schema\/logo\/image\/","url":"https:\/\/www.raxxa.com\/wp-content\/uploads\/2022\/07\/logo_v2.png","contentUrl":"https:\/\/www.raxxa.com\/wp-content\/uploads\/2022\/07\/logo_v2.png","width":380,"height":382,"caption":"raxxa"},"image":{"@id":"https:\/\/www.raxxa.com\/#\/schema\/logo\/image\/"},"sameAs":["https:\/\/facebook.com\/raxxacom"]}]}},"jetpack_sharing_enabled":true,"_links":{"self":[{"href":"https:\/\/www.raxxa.com\/es\/wp-json\/wp\/v2\/pages\/193945","targetHints":{"allow":["GET"]}}],"collection":[{"href":"https:\/\/www.raxxa.com\/es\/wp-json\/wp\/v2\/pages"}],"about":[{"href":"https:\/\/www.raxxa.com\/es\/wp-json\/wp\/v2\/types\/page"}],"author":[{"embeddable":true,"href":"https:\/\/www.raxxa.com\/es\/wp-json\/wp\/v2\/users\/1"}],"replies":[{"embeddable":true,"href":"https:\/\/www.raxxa.com\/es\/wp-json\/wp\/v2\/comments?post=193945"}],"version-history":[{"count":3,"href":"https:\/\/www.raxxa.com\/es\/wp-json\/wp\/v2\/pages\/193945\/revisions"}],"predecessor-version":[{"id":281585,"href":"https:\/\/www.raxxa.com\/es\/wp-json\/wp\/v2\/pages\/193945\/revisions\/281585"}],"wp:attachment":[{"href":"https:\/\/www.raxxa.com\/es\/wp-json\/wp\/v2\/media?parent=193945"}],"curies":[{"name":"wp","href":"https:\/\/api.w.org\/{rel}","templated":true}]}}