{"id":80855,"date":"2021-11-13T02:08:27","date_gmt":"2021-11-13T00:08:27","guid":{"rendered":"https:\/\/www.raxxa.com\/shop\/london-bridge-2\/"},"modified":"2022-06-04T08:15:01","modified_gmt":"2022-06-04T06:15:01","slug":"london-bridge-2","status":"publish","type":"product","link":"https:\/\/www.raxxa.com\/en\/shop\/london-bridge-2\/","title":{"rendered":"London Bridge"},"content":{"rendered":"<div><b>&#8222;London Bridge&#8220; <\/b><\/div>\n<div><b><br \/><\/b><\/div>\n<div><\/div>\n<div><\/div>\n<div><\/div>\n<div><b><br \/><\/b><\/div>\n<div><\/div>\n<div><\/div>\n<div>- Photo print on aluminum dibond 3mm with white coating<\/div>\n<div>- Printing high quality inks directly onto the aluminum<\/div>\n<div>- Good tonal gradation ensures exact reproduction<\/div>\n<div><span style=\"font-size: 1rem\">- Matt and glare-free<\/span><\/div>\n<div><span style=\"font-size: 1rem\">- Including hanging set<\/span><\/div>\n<div><\/div>\n<div>Your motif and your individual size will only be produced and sent after your order has been received.<\/div>\n<div><span style=\"font-size: 1rem\">If you would like a different size, please ask.<\/span><\/div>\n<p>red wall 7 locomotive 8 streetcar 9 venice 10 city new showing to 10 of 16 rows per page previous 1 2 next edit design image management commission management admin title: categories: short description: bridge dark sunrise evening tourist twilight capital light construction transportation train bridge pretty symbol stone city view illuminated attraction iconic panorama icon business reflection old sunset history london themse tower night united city england architecture landmark river sky blue dusk europe kingdom known city british water great uk travel united foreign traffic retro<\/p>","protected":false},"excerpt":{"rendered":"<p>&#8222;London Bridge&#8220; &#8211; Foto Druck auf Aluminium-Dibond 3mm mit wei\u00dfer Beschichtung &#8211; Druck direkt auf das Aluminium hochwertige Druckfarben &#8211; Gute Tonwertabstufung sorgt f\u00fcr exakte Wiedergabe &#8211; Matt und blendfrei &#8211; Inklusive Aufh\u00e4ngeset Ihr Motiv und ihre individuelle Gr\u00f6sse wird erst nach Bestelleingang produziert und versendet. M\u00f6chten Sie eine andere Gr\u00f6\u00dfe, fragen Sie gerne nach. [&hellip;]<\/p>\n","protected":false},"featured_media":80848,"comment_status":"open","ping_status":"closed","template":"","meta":[],"product_brand":[],"product_cat":[134],"product_tag":[9881,9874,9876,9882,7933,9638,9887,7499,7505,7938,7490,9884,7598,7932,8794,9885,7395,8808,7884,7919,7874,7927,7393,8016,9001,7929,7952,7936,7880,8556,8561,9639,8856,7619,7528,9482,9636,9889,8998,9890,7562,8992,7481,7548,7872,9883,9875,9879,7917,9878,9880,9886,8449,7607,9640,9867,9877,9872,7900,7878,7902,7887,7500,7612,9637,9888,9873,7970,7789,8997,7923,7622,9635],"class_list":{"0":"post-80855","1":"product","2":"type-product","3":"status-publish","4":"has-post-thumbnail","6":"product_cat-orte","7":"product_tag-9881","8":"product_tag-9874","9":"product_tag-9876","10":"product_tag-9882","11":"product_tag-abend","12":"product_tag-abenddaemmerung","13":"product_tag-admin","14":"product_tag-alt","15":"product_tag-architektur","16":"product_tag-attraktion","17":"product_tag-bau","18":"product_tag-bearbeite","19":"product_tag-befoerderung","20":"product_tag-bekannt","21":"product_tag-beleuchtet","22":"product_tag-bildverwaltung","23":"product_tag-blau","24":"product_tag-britisch","25":"product_tag-bruecke","26":"product_tag-business","27":"product_tag-city","28":"product_tag-daemmerlicht","29":"product_tag-design","30":"product_tag-dunkel","31":"product_tag-england","32":"product_tag-erkennungszeichen","33":"product_tag-europa","34":"product_tag-fluss","35":"product_tag-fremdenverkehr","36":"product_tag-geschichte","37":"product_tag-grossartig","38":"product_tag-grossbritannien","39":"product_tag-hauptstadt","40":"product_tag-himmel","41":"product_tag-huebsch","42":"product_tag-icon","43":"product_tag-ikonisch","44":"product_tag-kategorien","45":"product_tag-koenigreich","46":"product_tag-kurzbeschreibung","47":"product_tag-licht","48":"product_tag-london","49":"product_tag-mauer","50":"product_tag-nacht","51":"product_tag-neu","52":"product_tag-next","53":"product_tag-of","54":"product_tag-page","55":"product_tag-panorama","56":"product_tag-per","57":"product_tag-previous","58":"product_tag-provisionsverwaltung","59":"product_tag-reflexion","60":"product_tag-reise","61":"product_tag-retro-2","62":"product_tag-rote","63":"product_tag-rows","64":"product_tag-showing","65":"product_tag-sonnenaufgang","66":"product_tag-sonnenuntergang","67":"product_tag-stadt","68":"product_tag-stadtansicht","69":"product_tag-stein","70":"product_tag-symbol","71":"product_tag-themse","72":"product_tag-titel","73":"product_tag-to","74":"product_tag-tourist","75":"product_tag-turm","76":"product_tag-vereinigtes","77":"product_tag-vereint","78":"product_tag-wasser","79":"product_tag-zugbruecke","81":"first","82":"instock","83":"taxable","84":"shipping-taxable","85":"purchasable","86":"product-type-variable"},"yoast_head":"<!-- This site is optimized with the Yoast SEO Premium plugin v27.5 (Yoast SEO v27.5) - https:\/\/yoast.com\/product\/yoast-seo-premium-wordpress\/ -->\n<title>London Bridge - raxxa<\/title>\n<meta name=\"robots\" content=\"index, follow, max-snippet:-1, max-image-preview:large, max-video-preview:-1\" \/>\n<link rel=\"canonical\" href=\"https:\/\/www.raxxa.com\/en\/shop\/london-bridge-2\/\" \/>\n<meta property=\"og:locale\" content=\"en_US\" \/>\n<meta property=\"og:type\" content=\"article\" \/>\n<meta property=\"og:title\" content=\"London Bridge\" \/>\n<meta property=\"og:description\" content=\"&#8222;London Bridge&#8220; &#8211; Foto Druck auf Aluminium-Dibond 3mm mit wei\u00dfer Beschichtung &#8211; Druck direkt auf das Aluminium hochwertige Druckfarben &#8211; Gute Tonwertabstufung sorgt f\u00fcr exakte Wiedergabe &#8211; Matt und blendfrei &#8211; Inklusive Aufh\u00e4ngeset Ihr Motiv und ihre individuelle Gr\u00f6sse wird erst nach Bestelleingang produziert und versendet. M\u00f6chten Sie eine andere Gr\u00f6\u00dfe, fragen Sie gerne nach. [&hellip;]\" \/>\n<meta property=\"og:url\" content=\"https:\/\/www.raxxa.com\/en\/shop\/london-bridge-2\/\" \/>\n<meta property=\"og:site_name\" content=\"raxxa\" \/>\n<meta property=\"article:publisher\" content=\"https:\/\/facebook.com\/raxxacom\" \/>\n<meta property=\"article:modified_time\" content=\"2022-06-04T06:15:01+00:00\" \/>\n<meta property=\"og:image\" content=\"https:\/\/www.raxxa.com\/wp-content\/uploads\/2021\/11\/20-805-London-Bridge-.png\" \/>\n\t<meta property=\"og:image:width\" content=\"800\" \/>\n\t<meta property=\"og:image:height\" content=\"800\" \/>\n\t<meta property=\"og:image:type\" content=\"image\/png\" \/>\n<meta name=\"twitter:card\" content=\"summary_large_image\" \/>\n<meta name=\"twitter:label1\" content=\"Availability\" \/>\n\t<meta name=\"twitter:data1\" content=\"In stock\" \/>\n<script type=\"application\/ld+json\" class=\"yoast-schema-graph\">{\"@context\":\"https:\\\/\\\/schema.org\",\"@graph\":[{\"@type\":[\"WebPage\",\"ItemPage\"],\"@id\":\"https:\\\/\\\/www.raxxa.com\\\/shop\\\/london-bridge-2\\\/\",\"url\":\"https:\\\/\\\/www.raxxa.com\\\/shop\\\/london-bridge-2\\\/\",\"name\":\"London Bridge - raxxa\",\"isPartOf\":{\"@id\":\"https:\\\/\\\/www.raxxa.com\\\/#website\"},\"primaryImageOfPage\":{\"@id\":\"https:\\\/\\\/www.raxxa.com\\\/shop\\\/london-bridge-2\\\/#primaryimage\"},\"image\":{\"@id\":\"https:\\\/\\\/www.raxxa.com\\\/shop\\\/london-bridge-2\\\/#primaryimage\"},\"thumbnailUrl\":\"https:\\\/\\\/www.raxxa.com\\\/wp-content\\\/uploads\\\/2021\\\/11\\\/20-805-London-Bridge-.png\",\"datePublished\":\"2021-11-13T00:08:27+00:00\",\"dateModified\":\"2022-06-04T06:15:01+00:00\",\"breadcrumb\":{\"@id\":\"https:\\\/\\\/www.raxxa.com\\\/shop\\\/london-bridge-2\\\/#breadcrumb\"},\"inLanguage\":\"en-US\",\"potentialAction\":[{\"@type\":\"ReadAction\",\"target\":[\"https:\\\/\\\/www.raxxa.com\\\/shop\\\/london-bridge-2\\\/\"]}]},{\"@type\":\"ImageObject\",\"inLanguage\":\"en-US\",\"@id\":\"https:\\\/\\\/www.raxxa.com\\\/shop\\\/london-bridge-2\\\/#primaryimage\",\"url\":\"https:\\\/\\\/www.raxxa.com\\\/wp-content\\\/uploads\\\/2021\\\/11\\\/20-805-London-Bridge-.png\",\"contentUrl\":\"https:\\\/\\\/www.raxxa.com\\\/wp-content\\\/uploads\\\/2021\\\/11\\\/20-805-London-Bridge-.png\",\"width\":800,\"height\":800},{\"@type\":\"BreadcrumbList\",\"@id\":\"https:\\\/\\\/www.raxxa.com\\\/shop\\\/london-bridge-2\\\/#breadcrumb\",\"itemListElement\":[{\"@type\":\"ListItem\",\"position\":1,\"name\":\"Startseite\",\"item\":\"https:\\\/\\\/www.raxxa.com\\\/\"},{\"@type\":\"ListItem\",\"position\":2,\"name\":\"Shop\",\"item\":\"https:\\\/\\\/www.raxxa.com\\\/it\\\/shop\\\/\"},{\"@type\":\"ListItem\",\"position\":3,\"name\":\"London Bridge\"}]},{\"@type\":\"WebSite\",\"@id\":\"https:\\\/\\\/www.raxxa.com\\\/#website\",\"url\":\"https:\\\/\\\/www.raxxa.com\\\/\",\"name\":\"raxxa\",\"description\":\"Einzigartige individuelle Produkte von unseren Designern\",\"publisher\":{\"@id\":\"https:\\\/\\\/www.raxxa.com\\\/#organization\"},\"potentialAction\":[{\"@type\":\"SearchAction\",\"target\":{\"@type\":\"EntryPoint\",\"urlTemplate\":\"https:\\\/\\\/www.raxxa.com\\\/?s={search_term_string}\"},\"query-input\":{\"@type\":\"PropertyValueSpecification\",\"valueRequired\":true,\"valueName\":\"search_term_string\"}}],\"inLanguage\":\"en-US\"},{\"@type\":\"Organization\",\"@id\":\"https:\\\/\\\/www.raxxa.com\\\/#organization\",\"name\":\"raxxa\",\"url\":\"https:\\\/\\\/www.raxxa.com\\\/\",\"logo\":{\"@type\":\"ImageObject\",\"inLanguage\":\"en-US\",\"@id\":\"https:\\\/\\\/www.raxxa.com\\\/#\\\/schema\\\/logo\\\/image\\\/\",\"url\":\"https:\\\/\\\/www.raxxa.com\\\/wp-content\\\/uploads\\\/2022\\\/07\\\/logo_v2.png\",\"contentUrl\":\"https:\\\/\\\/www.raxxa.com\\\/wp-content\\\/uploads\\\/2022\\\/07\\\/logo_v2.png\",\"width\":380,\"height\":382,\"caption\":\"raxxa\"},\"image\":{\"@id\":\"https:\\\/\\\/www.raxxa.com\\\/#\\\/schema\\\/logo\\\/image\\\/\"},\"sameAs\":[\"https:\\\/\\\/facebook.com\\\/raxxacom\"]}]}<\/script>\n<meta property=\"og:availability\" content=\"instock\" \/>\n<meta property=\"product:availability\" content=\"instock\" \/>\n<meta property=\"product:condition\" content=\"new\" \/>\n<!-- \/ Yoast SEO Premium plugin. -->","yoast_head_json":{"title":"London Bridge - raxxa","robots":{"index":"index","follow":"follow","max-snippet":"max-snippet:-1","max-image-preview":"max-image-preview:large","max-video-preview":"max-video-preview:-1"},"canonical":"https:\/\/www.raxxa.com\/en\/shop\/london-bridge-2\/","og_locale":"en_US","og_type":"article","og_title":"London Bridge","og_description":"&#8222;London Bridge&#8220; &#8211; Foto Druck auf Aluminium-Dibond 3mm mit wei\u00dfer Beschichtung &#8211; Druck direkt auf das Aluminium hochwertige Druckfarben &#8211; Gute Tonwertabstufung sorgt f\u00fcr exakte Wiedergabe &#8211; Matt und blendfrei &#8211; Inklusive Aufh\u00e4ngeset Ihr Motiv und ihre individuelle Gr\u00f6sse wird erst nach Bestelleingang produziert und versendet. M\u00f6chten Sie eine andere Gr\u00f6\u00dfe, fragen Sie gerne nach. [&hellip;]","og_url":"https:\/\/www.raxxa.com\/en\/shop\/london-bridge-2\/","og_site_name":"raxxa","article_publisher":"https:\/\/facebook.com\/raxxacom","article_modified_time":"2022-06-04T06:15:01+00:00","og_image":[{"width":800,"height":800,"url":"https:\/\/www.raxxa.com\/wp-content\/uploads\/2021\/11\/20-805-London-Bridge-.png","type":"image\/png"}],"twitter_card":"summary_large_image","twitter_misc":{"Availability":"In stock"},"schema":{"@context":"https:\/\/schema.org","@graph":[{"@type":["WebPage","ItemPage"],"@id":"https:\/\/www.raxxa.com\/shop\/london-bridge-2\/","url":"https:\/\/www.raxxa.com\/shop\/london-bridge-2\/","name":"London Bridge - raxxa","isPartOf":{"@id":"https:\/\/www.raxxa.com\/#website"},"primaryImageOfPage":{"@id":"https:\/\/www.raxxa.com\/shop\/london-bridge-2\/#primaryimage"},"image":{"@id":"https:\/\/www.raxxa.com\/shop\/london-bridge-2\/#primaryimage"},"thumbnailUrl":"https:\/\/www.raxxa.com\/wp-content\/uploads\/2021\/11\/20-805-London-Bridge-.png","datePublished":"2021-11-13T00:08:27+00:00","dateModified":"2022-06-04T06:15:01+00:00","breadcrumb":{"@id":"https:\/\/www.raxxa.com\/shop\/london-bridge-2\/#breadcrumb"},"inLanguage":"en-US","potentialAction":[{"@type":"ReadAction","target":["https:\/\/www.raxxa.com\/shop\/london-bridge-2\/"]}]},{"@type":"ImageObject","inLanguage":"en-US","@id":"https:\/\/www.raxxa.com\/shop\/london-bridge-2\/#primaryimage","url":"https:\/\/www.raxxa.com\/wp-content\/uploads\/2021\/11\/20-805-London-Bridge-.png","contentUrl":"https:\/\/www.raxxa.com\/wp-content\/uploads\/2021\/11\/20-805-London-Bridge-.png","width":800,"height":800},{"@type":"BreadcrumbList","@id":"https:\/\/www.raxxa.com\/shop\/london-bridge-2\/#breadcrumb","itemListElement":[{"@type":"ListItem","position":1,"name":"Startseite","item":"https:\/\/www.raxxa.com\/"},{"@type":"ListItem","position":2,"name":"Shop","item":"https:\/\/www.raxxa.com\/it\/shop\/"},{"@type":"ListItem","position":3,"name":"London Bridge"}]},{"@type":"WebSite","@id":"https:\/\/www.raxxa.com\/#website","url":"https:\/\/www.raxxa.com\/","name":"raxxa","description":"Unique individual products from our designers","publisher":{"@id":"https:\/\/www.raxxa.com\/#organization"},"potentialAction":[{"@type":"SearchAction","target":{"@type":"EntryPoint","urlTemplate":"https:\/\/www.raxxa.com\/?s={search_term_string}"},"query-input":{"@type":"PropertyValueSpecification","valueRequired":true,"valueName":"search_term_string"}}],"inLanguage":"en-US"},{"@type":"Organization","@id":"https:\/\/www.raxxa.com\/#organization","name":"raxxa","url":"https:\/\/www.raxxa.com\/","logo":{"@type":"ImageObject","inLanguage":"en-US","@id":"https:\/\/www.raxxa.com\/#\/schema\/logo\/image\/","url":"https:\/\/www.raxxa.com\/wp-content\/uploads\/2022\/07\/logo_v2.png","contentUrl":"https:\/\/www.raxxa.com\/wp-content\/uploads\/2022\/07\/logo_v2.png","width":380,"height":382,"caption":"raxxa"},"image":{"@id":"https:\/\/www.raxxa.com\/#\/schema\/logo\/image\/"},"sameAs":["https:\/\/facebook.com\/raxxacom"]}]},"og_availability":"instock","product_availability":"instock","product_condition":"new"},"jetpack_sharing_enabled":true,"_links":{"self":[{"href":"https:\/\/www.raxxa.com\/en\/wp-json\/wp\/v2\/product\/80855","targetHints":{"allow":["GET"]}}],"collection":[{"href":"https:\/\/www.raxxa.com\/en\/wp-json\/wp\/v2\/product"}],"about":[{"href":"https:\/\/www.raxxa.com\/en\/wp-json\/wp\/v2\/types\/product"}],"replies":[{"embeddable":true,"href":"https:\/\/www.raxxa.com\/en\/wp-json\/wp\/v2\/comments?post=80855"}],"wp:featuredmedia":[{"embeddable":true,"href":"https:\/\/www.raxxa.com\/en\/wp-json\/wp\/v2\/media\/80848"}],"wp:attachment":[{"href":"https:\/\/www.raxxa.com\/en\/wp-json\/wp\/v2\/media?parent=80855"}],"wp:term":[{"taxonomy":"product_brand","embeddable":true,"href":"https:\/\/www.raxxa.com\/en\/wp-json\/wp\/v2\/product_brand?post=80855"},{"taxonomy":"product_cat","embeddable":true,"href":"https:\/\/www.raxxa.com\/en\/wp-json\/wp\/v2\/product_cat?post=80855"},{"taxonomy":"product_tag","embeddable":true,"href":"https:\/\/www.raxxa.com\/en\/wp-json\/wp\/v2\/product_tag?post=80855"}],"curies":[{"name":"wp","href":"https:\/\/api.w.org\/{rel}","templated":true}]}}