{"id":326200,"date":"2026-05-08T22:08:23","date_gmt":"2026-05-08T20:08:23","guid":{"rendered":"https:\/\/www.raxxa.com\/shop\/raxxa-premium-puzzle-aborigines-aeltester\/"},"modified":"2026-05-08T22:09:26","modified_gmt":"2026-05-08T20:09:26","slug":"raxxa-premium-puzzle-aborigines-aeltester","status":"publish","type":"product","link":"https:\/\/www.raxxa.com\/en\/shop\/raxxa-premium-puzzle-aborigines-aeltester\/","title":{"rendered":"raxxa Premium-Puzzle: Aborigines \u00c4ltester"},"content":{"rendered":"<p><span style=\"font-family: helvetica, sans-serif;font-size: 24px\">raxxa premium photo puzzle<\/span><\/p>\n<div><span style=\"font-weight: bolder\">&#8222;Aborigines \u00c4ltester&#8220; by Kerstin Waurick<\/span><\/div>\n<div><span style=\"font-weight: bolder\"><br \/><\/span><\/div>\n<div><span style=\"font-size: 1rem\">Dieses fotorealistische Bild zeigt Menschen der Aborigines in einer ruhigen, w\u00fcrdevollen Darstellung, die ihre kulturelle Tiefe und ihre enge Verbindung zur Umgebung sp\u00fcrbar macht. Der Fokus liegt auf der Ausstrahlung, der Pr\u00e4senz und den feinen Details, die Geschichten von Herkunft, Identit\u00e4t und gelebter Tradition in sich tragen. Die Bildsprache ist respektvoll und zur\u00fcckhaltend, wodurch eine authentische N\u00e4he entsteht, die Raum f\u00fcr Achtsamkeit und Wertsch\u00e4tzung l\u00e4sst. Ein Motiv, das die St\u00e4rke, Ruhe und kulturelle Bedeutung auf eindrucksvolle Weise sichtbar macht. Dieses Bild wurde mit Unterst\u00fctzung von KI erstellt, um Ausdruck, Detailtreue und Atmosph\u00e4re besonders feinf\u00fchlig herauszuarbeiten.<\/span><\/div>\n<div><\/div>\n<p><\/p>\n<div>\n<ul class=\"list-normal\" style=\"margin-right: 0px;margin-left: 0px;padding: 0px 0px 0px 1rem;border: 0px;line-height: 26px\">\n<li style=\"font-family: Lato_Light, sans-serif;font-size: 14.4px;margin: 0px;padding: 0px;border: 0px\">1000 parts = W 68 x H 48 cm, puzzle pieces approx. 1.9 x 1.6 cm.<\/li>\n<li style=\"font-family: Lato_Light, sans-serif;font-size: 14.4px;margin: 0px;padding: 0px;border: 0px\">Real blue premium puzzle board with 1.9 mm thickness. The puzzle pieces interlock perfectly.<\/li>\n<li style=\"font-family: Lato_Light, sans-serif;font-size: 14.4px;margin: 0px;padding: 0px;border: 0px\">Highest HD print quality for fine color gradations as well as brilliant bright colors on high-quality cardboard for the finest representation of details.<\/li>\n<li style=\"font-family: Lato_Light, sans-serif;font-size: 14.4px;margin: 0px;padding: 0px;border: 0px\">Slip lid box, fine embossed linen paper with a water based protective varnish for better box durability.<\/li>\n<li style=\"font-family: Lato_Light, sans-serif;font-size: 14.4px;margin: 0px;padding: 0px;border: 0px\">completely climate-neutral production, FSC<\/li>\n<li style=\"font-family: Lato_Light, sans-serif;font-size: 14.4px;margin: 0px;padding: 0px;border: 0px\">Made in Germany<\/li>\n<\/ul>\n<p><\/p>\n<p style=\"margin-right: 0px;margin-bottom: 0px;margin-left: 0px;padding: 0px;border: 0px\"><\/p>\n<p style=\"margin-right: 0px;margin-bottom: 0px;margin-left: 0px;padding: 0px;border: 0px\"><span style=\"font-size: 1rem\">A real unique specimen. Your desired motif will be produced and shipped only after receipt of order especially for you.<\/span><\/p>\n<p style=\"margin-right: 0px;margin-bottom: 0px;margin-left: 0px;padding: 0px;border: 0px\"><span style=\"font-size: 1rem\">Caution: Choking hazard due to small parts that may be swallowed.<\/span><\/p>\n<\/div>","protected":false},"excerpt":{"rendered":"<p>raxxa Premium-Fotopuzzle &#8222;Aborigines \u00c4ltester&#8220; by Kerstin Waurick Dieses fotorealistische Bild zeigt Menschen der Aborigines in einer ruhigen, w\u00fcrdevollen Darstellung, die ihre kulturelle Tiefe und ihre enge Verbindung zur Umgebung sp\u00fcrbar macht. Der Fokus liegt auf der Ausstrahlung, der Pr\u00e4senz und den feinen Details, die Geschichten von Herkunft, Identit\u00e4t und gelebter Tradition in sich tragen. Die [&hellip;]<\/p>\n","protected":false},"featured_media":326206,"comment_status":"open","ping_status":"closed","template":"","meta":[],"product_brand":[],"product_cat":[132,10365,13429],"product_tag":[],"class_list":{"0":"post-326200","1":"product","2":"type-product","3":"status-publish","4":"has-post-thumbnail","6":"product_cat-menschen","7":"product_cat-puzzle","8":"product_cat-kerstin-waurick","9":"product_shipping_class-versand-puzzle","11":"first","12":"instock","13":"taxable","14":"shipping-taxable","15":"purchasable","16":"product-type-simple"},"yoast_head":"<!-- This site is optimized with the Yoast SEO Premium plugin v27.5 (Yoast SEO v27.6) - https:\/\/yoast.com\/product\/yoast-seo-premium-wordpress\/ -->\n<title>raxxa Premium-Puzzle: Aborigines \u00c4ltester - raxxa<\/title>\n<meta name=\"robots\" content=\"index, follow, max-snippet:-1, max-image-preview:large, max-video-preview:-1\" \/>\n<link rel=\"canonical\" href=\"https:\/\/www.raxxa.com\/en\/shop\/raxxa-premium-puzzle-aborigines-aeltester\/\" \/>\n<meta property=\"og:locale\" content=\"en_US\" \/>\n<meta property=\"og:type\" content=\"article\" \/>\n<meta property=\"og:title\" content=\"raxxa Premium-Puzzle: Aborigines \u00c4ltester\" \/>\n<meta property=\"og:description\" content=\"raxxa Premium-Fotopuzzle &#8222;Aborigines \u00c4ltester&#8220; by Kerstin Waurick Dieses fotorealistische Bild zeigt Menschen der Aborigines in einer ruhigen, w\u00fcrdevollen Darstellung, die ihre kulturelle Tiefe und ihre enge Verbindung zur Umgebung sp\u00fcrbar macht. Der Fokus liegt auf der Ausstrahlung, der Pr\u00e4senz und den feinen Details, die Geschichten von Herkunft, Identit\u00e4t und gelebter Tradition in sich tragen. Die [&hellip;]\" \/>\n<meta property=\"og:url\" content=\"https:\/\/www.raxxa.com\/en\/shop\/raxxa-premium-puzzle-aborigines-aeltester\/\" \/>\n<meta property=\"og:site_name\" content=\"raxxa\" \/>\n<meta property=\"article:publisher\" content=\"https:\/\/facebook.com\/raxxacom\" \/>\n<meta property=\"article:modified_time\" content=\"2026-05-08T20:09:26+00:00\" \/>\n<meta name=\"twitter:card\" content=\"summary_large_image\" \/>\n<meta name=\"twitter:label1\" content=\"Price\" \/>\n\t<meta name=\"twitter:data1\" content=\"&euro;29,99\" \/>\n\t<meta name=\"twitter:label2\" content=\"Availability\" \/>\n\t<meta name=\"twitter:data2\" content=\"In stock\" \/>\n<script type=\"application\/ld+json\" class=\"yoast-schema-graph\">{\"@context\":\"https:\\\/\\\/schema.org\",\"@graph\":[{\"@type\":[\"WebPage\",\"ItemPage\"],\"@id\":\"https:\\\/\\\/www.raxxa.com\\\/shop\\\/raxxa-premium-puzzle-aborigines-aeltester\\\/\",\"url\":\"https:\\\/\\\/www.raxxa.com\\\/shop\\\/raxxa-premium-puzzle-aborigines-aeltester\\\/\",\"name\":\"raxxa Premium-Puzzle: Aborigines \u00c4ltester - raxxa\",\"isPartOf\":{\"@id\":\"https:\\\/\\\/www.raxxa.com\\\/#website\"},\"primaryImageOfPage\":{\"@id\":\"https:\\\/\\\/www.raxxa.com\\\/shop\\\/raxxa-premium-puzzle-aborigines-aeltester\\\/#primaryimage\"},\"image\":{\"@id\":\"https:\\\/\\\/www.raxxa.com\\\/shop\\\/raxxa-premium-puzzle-aborigines-aeltester\\\/#primaryimage\"},\"thumbnailUrl\":\"https:\\\/\\\/www.raxxa.com\\\/wp-content\\\/uploads\\\/2026\\\/05\\\/raxxa-puzzle-373-24760-Kerstin-Waurick-Aborigines-Altester-box.png\",\"datePublished\":\"2026-05-08T20:08:23+00:00\",\"dateModified\":\"2026-05-08T20:09:26+00:00\",\"breadcrumb\":{\"@id\":\"https:\\\/\\\/www.raxxa.com\\\/shop\\\/raxxa-premium-puzzle-aborigines-aeltester\\\/#breadcrumb\"},\"inLanguage\":\"en-US\",\"potentialAction\":[{\"@type\":\"ReadAction\",\"target\":[\"https:\\\/\\\/www.raxxa.com\\\/shop\\\/raxxa-premium-puzzle-aborigines-aeltester\\\/\"]}]},{\"@type\":\"ImageObject\",\"inLanguage\":\"en-US\",\"@id\":\"https:\\\/\\\/www.raxxa.com\\\/shop\\\/raxxa-premium-puzzle-aborigines-aeltester\\\/#primaryimage\",\"url\":\"https:\\\/\\\/www.raxxa.com\\\/wp-content\\\/uploads\\\/2026\\\/05\\\/raxxa-puzzle-373-24760-Kerstin-Waurick-Aborigines-Altester-box.png\",\"contentUrl\":\"https:\\\/\\\/www.raxxa.com\\\/wp-content\\\/uploads\\\/2026\\\/05\\\/raxxa-puzzle-373-24760-Kerstin-Waurick-Aborigines-Altester-box.png\",\"width\":1920,\"height\":1400},{\"@type\":\"BreadcrumbList\",\"@id\":\"https:\\\/\\\/www.raxxa.com\\\/shop\\\/raxxa-premium-puzzle-aborigines-aeltester\\\/#breadcrumb\",\"itemListElement\":[{\"@type\":\"ListItem\",\"position\":1,\"name\":\"Startseite\",\"item\":\"https:\\\/\\\/www.raxxa.com\\\/\"},{\"@type\":\"ListItem\",\"position\":2,\"name\":\"Shop\",\"item\":\"https:\\\/\\\/www.raxxa.com\\\/it\\\/shop\\\/\"},{\"@type\":\"ListItem\",\"position\":3,\"name\":\"raxxa Premium-Puzzle: Aborigines \u00c4ltester\"}]},{\"@type\":\"WebSite\",\"@id\":\"https:\\\/\\\/www.raxxa.com\\\/#website\",\"url\":\"https:\\\/\\\/www.raxxa.com\\\/\",\"name\":\"raxxa\",\"description\":\"Einzigartige individuelle Produkte von unseren Designern\",\"publisher\":{\"@id\":\"https:\\\/\\\/www.raxxa.com\\\/#organization\"},\"potentialAction\":[{\"@type\":\"SearchAction\",\"target\":{\"@type\":\"EntryPoint\",\"urlTemplate\":\"https:\\\/\\\/www.raxxa.com\\\/?s={search_term_string}\"},\"query-input\":{\"@type\":\"PropertyValueSpecification\",\"valueRequired\":true,\"valueName\":\"search_term_string\"}}],\"inLanguage\":\"en-US\"},{\"@type\":\"Organization\",\"@id\":\"https:\\\/\\\/www.raxxa.com\\\/#organization\",\"name\":\"raxxa\",\"url\":\"https:\\\/\\\/www.raxxa.com\\\/\",\"logo\":{\"@type\":\"ImageObject\",\"inLanguage\":\"en-US\",\"@id\":\"https:\\\/\\\/www.raxxa.com\\\/#\\\/schema\\\/logo\\\/image\\\/\",\"url\":\"https:\\\/\\\/www.raxxa.com\\\/wp-content\\\/uploads\\\/2022\\\/07\\\/logo_v2.png\",\"contentUrl\":\"https:\\\/\\\/www.raxxa.com\\\/wp-content\\\/uploads\\\/2022\\\/07\\\/logo_v2.png\",\"width\":380,\"height\":382,\"caption\":\"raxxa\"},\"image\":{\"@id\":\"https:\\\/\\\/www.raxxa.com\\\/#\\\/schema\\\/logo\\\/image\\\/\"},\"sameAs\":[\"https:\\\/\\\/facebook.com\\\/raxxacom\"]}]}<\/script>\n<meta property=\"product:price:amount\" content=\"29.99\" \/>\n<meta property=\"product:price:currency\" content=\"EUR\" \/>\n<meta property=\"og:availability\" content=\"instock\" \/>\n<meta property=\"product:availability\" content=\"instock\" \/>\n<meta property=\"product:retailer_item_id\" content=\"1-14270-24760-373\" \/>\n<meta property=\"product:condition\" content=\"new\" \/>\n<!-- \/ Yoast SEO Premium plugin. -->","yoast_head_json":{"title":"raxxa Premium-Puzzle: Aborigines \u00c4ltester - raxxa","robots":{"index":"index","follow":"follow","max-snippet":"max-snippet:-1","max-image-preview":"max-image-preview:large","max-video-preview":"max-video-preview:-1"},"canonical":"https:\/\/www.raxxa.com\/en\/shop\/raxxa-premium-puzzle-aborigines-aeltester\/","og_locale":"en_US","og_type":"article","og_title":"raxxa Premium-Puzzle: Aborigines \u00c4ltester","og_description":"raxxa Premium-Fotopuzzle &#8222;Aborigines \u00c4ltester&#8220; by Kerstin Waurick Dieses fotorealistische Bild zeigt Menschen der Aborigines in einer ruhigen, w\u00fcrdevollen Darstellung, die ihre kulturelle Tiefe und ihre enge Verbindung zur Umgebung sp\u00fcrbar macht. Der Fokus liegt auf der Ausstrahlung, der Pr\u00e4senz und den feinen Details, die Geschichten von Herkunft, Identit\u00e4t und gelebter Tradition in sich tragen. Die [&hellip;]","og_url":"https:\/\/www.raxxa.com\/en\/shop\/raxxa-premium-puzzle-aborigines-aeltester\/","og_site_name":"raxxa","article_publisher":"https:\/\/facebook.com\/raxxacom","article_modified_time":"2026-05-08T20:09:26+00:00","twitter_card":"summary_large_image","twitter_misc":{"Price":"&euro;29,99","Availability":"In stock"},"schema":{"@context":"https:\/\/schema.org","@graph":[{"@type":["WebPage","ItemPage"],"@id":"https:\/\/www.raxxa.com\/shop\/raxxa-premium-puzzle-aborigines-aeltester\/","url":"https:\/\/www.raxxa.com\/shop\/raxxa-premium-puzzle-aborigines-aeltester\/","name":"raxxa Premium-Puzzle: Aborigines \u00c4ltester - raxxa","isPartOf":{"@id":"https:\/\/www.raxxa.com\/#website"},"primaryImageOfPage":{"@id":"https:\/\/www.raxxa.com\/shop\/raxxa-premium-puzzle-aborigines-aeltester\/#primaryimage"},"image":{"@id":"https:\/\/www.raxxa.com\/shop\/raxxa-premium-puzzle-aborigines-aeltester\/#primaryimage"},"thumbnailUrl":"https:\/\/www.raxxa.com\/wp-content\/uploads\/2026\/05\/raxxa-puzzle-373-24760-Kerstin-Waurick-Aborigines-Altester-box.png","datePublished":"2026-05-08T20:08:23+00:00","dateModified":"2026-05-08T20:09:26+00:00","breadcrumb":{"@id":"https:\/\/www.raxxa.com\/shop\/raxxa-premium-puzzle-aborigines-aeltester\/#breadcrumb"},"inLanguage":"en-US","potentialAction":[{"@type":"ReadAction","target":["https:\/\/www.raxxa.com\/shop\/raxxa-premium-puzzle-aborigines-aeltester\/"]}]},{"@type":"ImageObject","inLanguage":"en-US","@id":"https:\/\/www.raxxa.com\/shop\/raxxa-premium-puzzle-aborigines-aeltester\/#primaryimage","url":"https:\/\/www.raxxa.com\/wp-content\/uploads\/2026\/05\/raxxa-puzzle-373-24760-Kerstin-Waurick-Aborigines-Altester-box.png","contentUrl":"https:\/\/www.raxxa.com\/wp-content\/uploads\/2026\/05\/raxxa-puzzle-373-24760-Kerstin-Waurick-Aborigines-Altester-box.png","width":1920,"height":1400},{"@type":"BreadcrumbList","@id":"https:\/\/www.raxxa.com\/shop\/raxxa-premium-puzzle-aborigines-aeltester\/#breadcrumb","itemListElement":[{"@type":"ListItem","position":1,"name":"Startseite","item":"https:\/\/www.raxxa.com\/"},{"@type":"ListItem","position":2,"name":"Shop","item":"https:\/\/www.raxxa.com\/it\/shop\/"},{"@type":"ListItem","position":3,"name":"raxxa Premium-Puzzle: Aborigines \u00c4ltester"}]},{"@type":"WebSite","@id":"https:\/\/www.raxxa.com\/#website","url":"https:\/\/www.raxxa.com\/","name":"raxxa","description":"Unique individual products from our designers","publisher":{"@id":"https:\/\/www.raxxa.com\/#organization"},"potentialAction":[{"@type":"SearchAction","target":{"@type":"EntryPoint","urlTemplate":"https:\/\/www.raxxa.com\/?s={search_term_string}"},"query-input":{"@type":"PropertyValueSpecification","valueRequired":true,"valueName":"search_term_string"}}],"inLanguage":"en-US"},{"@type":"Organization","@id":"https:\/\/www.raxxa.com\/#organization","name":"raxxa","url":"https:\/\/www.raxxa.com\/","logo":{"@type":"ImageObject","inLanguage":"en-US","@id":"https:\/\/www.raxxa.com\/#\/schema\/logo\/image\/","url":"https:\/\/www.raxxa.com\/wp-content\/uploads\/2022\/07\/logo_v2.png","contentUrl":"https:\/\/www.raxxa.com\/wp-content\/uploads\/2022\/07\/logo_v2.png","width":380,"height":382,"caption":"raxxa"},"image":{"@id":"https:\/\/www.raxxa.com\/#\/schema\/logo\/image\/"},"sameAs":["https:\/\/facebook.com\/raxxacom"]}]},"product_price_amount":"29.99","product_price_currency":"EUR","og_availability":"instock","product_availability":"instock","product_retailer_item_id":"1-14270-24760-373","product_condition":"new"},"jetpack_sharing_enabled":true,"_links":{"self":[{"href":"https:\/\/www.raxxa.com\/en\/wp-json\/wp\/v2\/product\/326200","targetHints":{"allow":["GET"]}}],"collection":[{"href":"https:\/\/www.raxxa.com\/en\/wp-json\/wp\/v2\/product"}],"about":[{"href":"https:\/\/www.raxxa.com\/en\/wp-json\/wp\/v2\/types\/product"}],"replies":[{"embeddable":true,"href":"https:\/\/www.raxxa.com\/en\/wp-json\/wp\/v2\/comments?post=326200"}],"wp:featuredmedia":[{"embeddable":true,"href":"https:\/\/www.raxxa.com\/en\/wp-json\/wp\/v2\/media\/326206"}],"wp:attachment":[{"href":"https:\/\/www.raxxa.com\/en\/wp-json\/wp\/v2\/media?parent=326200"}],"wp:term":[{"taxonomy":"product_brand","embeddable":true,"href":"https:\/\/www.raxxa.com\/en\/wp-json\/wp\/v2\/product_brand?post=326200"},{"taxonomy":"product_cat","embeddable":true,"href":"https:\/\/www.raxxa.com\/en\/wp-json\/wp\/v2\/product_cat?post=326200"},{"taxonomy":"product_tag","embeddable":true,"href":"https:\/\/www.raxxa.com\/en\/wp-json\/wp\/v2\/product_tag?post=326200"}],"curies":[{"name":"wp","href":"https:\/\/api.w.org\/{rel}","templated":true}]}}