{"id":305191,"date":"2026-03-27T23:02:33","date_gmt":"2026-03-27T21:02:33","guid":{"rendered":"https:\/\/www.raxxa.com\/shop\/raxxa-canva-maedchen-mit-dinosaurier-jungtier-und-mutter\/"},"modified":"2026-03-27T23:04:21","modified_gmt":"2026-03-27T21:04:21","slug":"raxxa-canva-maedchen-mit-dinosaurier-jungtier-und-mutter","status":"publish","type":"product","link":"https:\/\/www.raxxa.com\/en\/shop\/raxxa-canva-maedchen-mit-dinosaurier-jungtier-und-mutter\/","title":{"rendered":"raxxa Canva: M\u00e4dchen mit Dinosaurier Jungtier und Mutter"},"content":{"rendered":"<h3><strong>&quot;M\u00e4dchen mit Dinosaurier Jungtier und Mutter&quot; by Kerstin Waurick<\/strong><\/h3>\n<p><strong><\/strong><\/p>\n<p>Dieses atmosph\u00e4rische Bild zeigt den Alltag in einer Welt, in der Menschen und Dinosaurier ganz selbstverst\u00e4ndlich zusammenleben. Die Szene wirkt ruhig und vertraut, fast wie ein verlorener Alltag, der so nie existiert hat und dennoch merkw\u00fcrdig nah erscheint. Zwischen den Begegnungen liegt eine stille Sehnsucht nach einer einfacheren, urspr\u00fcnglicheren Verbindung zur Natur. Mithilfe moderner KI entsteht so eine warme, glaubhafte Bildwelt, die weniger erz\u00e4hlt als erinnert \u2013 an etwas, das man nie wirklich erlebt hat und doch vermisst.<\/p>\n<p>&nbsp;<\/p>\n<ul><li>Classic canvas with 2 cm edge, 100 % polyester.<\/li><li>High-quality HP latex inks with UV protection that ensure vibrant colors and lightfastness.<\/li><li>Wooden frame FSC-certified<\/li><li>This product can be made especially for you in the size and design you require.<\/li><\/ul>","protected":false},"excerpt":{"rendered":"<p>&quot;M\u00e4dchen mit Dinosaurier Jungtier und Mutter&quot; by Kerstin Waurick Dieses atmosph\u00e4rische Bild zeigt den Alltag in einer Welt, in der Menschen und Dinosaurier ganz selbstverst\u00e4ndlich zusammenleben. Die Szene wirkt ruhig und vertraut, fast wie ein verlorener Alltag, der so nie existiert hat und dennoch merkw\u00fcrdig nah erscheint. Zwischen den Begegnungen liegt eine stille Sehnsucht nach [&hellip;]<\/p>\n","protected":false},"featured_media":305192,"comment_status":"open","ping_status":"closed","template":"","meta":[],"product_brand":[],"product_cat":[12937,133,13429],"product_tag":[],"class_list":{"0":"post-305191","1":"product","2":"type-product","3":"status-publish","4":"has-post-thumbnail","6":"product_cat-canvas","7":"product_cat-tiere","8":"product_cat-kerstin-waurick","9":"product_shipping_class-versand-canvas","11":"first","12":"instock","13":"taxable","14":"shipping-taxable","15":"purchasable","16":"product-type-variable"},"yoast_head":"<!-- This site is optimized with the Yoast SEO Premium plugin v27.2 (Yoast SEO v27.3) - https:\/\/yoast.com\/product\/yoast-seo-premium-wordpress\/ -->\n<title>raxxa Canva: M\u00e4dchen mit Dinosaurier Jungtier und Mutter - raxxa<\/title>\n<meta name=\"robots\" content=\"index, follow, max-snippet:-1, max-image-preview:large, max-video-preview:-1\" \/>\n<link rel=\"canonical\" href=\"https:\/\/www.raxxa.com\/en\/shop\/raxxa-canva-maedchen-mit-dinosaurier-jungtier-und-mutter\/\" \/>\n<meta property=\"og:locale\" content=\"en_US\" \/>\n<meta property=\"og:type\" content=\"article\" \/>\n<meta property=\"og:title\" content=\"raxxa Canva: M\u00e4dchen mit Dinosaurier Jungtier und Mutter\" \/>\n<meta property=\"og:description\" content=\"&quot;M\u00e4dchen mit Dinosaurier Jungtier und Mutter&quot; by Kerstin Waurick Dieses atmosph\u00e4rische Bild zeigt den Alltag in einer Welt, in der Menschen und Dinosaurier ganz selbstverst\u00e4ndlich zusammenleben. Die Szene wirkt ruhig und vertraut, fast wie ein verlorener Alltag, der so nie existiert hat und dennoch merkw\u00fcrdig nah erscheint. Zwischen den Begegnungen liegt eine stille Sehnsucht nach [&hellip;]\" \/>\n<meta property=\"og:url\" content=\"https:\/\/www.raxxa.com\/en\/shop\/raxxa-canva-maedchen-mit-dinosaurier-jungtier-und-mutter\/\" \/>\n<meta property=\"og:site_name\" content=\"raxxa\" \/>\n<meta property=\"article:publisher\" content=\"https:\/\/facebook.com\/raxxacom\" \/>\n<meta property=\"article:modified_time\" content=\"2026-03-27T21:04:21+00:00\" \/>\n<meta name=\"twitter:card\" content=\"summary_large_image\" \/>\n<meta name=\"twitter:label1\" content=\"Availability\" \/>\n\t<meta name=\"twitter:data1\" content=\"In stock\" \/>\n<script type=\"application\/ld+json\" class=\"yoast-schema-graph\">{\"@context\":\"https:\\\/\\\/schema.org\",\"@graph\":[{\"@type\":[\"WebPage\",\"ItemPage\"],\"@id\":\"https:\\\/\\\/www.raxxa.com\\\/shop\\\/raxxa-canva-maedchen-mit-dinosaurier-jungtier-und-mutter\\\/\",\"url\":\"https:\\\/\\\/www.raxxa.com\\\/shop\\\/raxxa-canva-maedchen-mit-dinosaurier-jungtier-und-mutter\\\/\",\"name\":\"raxxa Canva: M\u00e4dchen mit Dinosaurier Jungtier und Mutter - raxxa\",\"isPartOf\":{\"@id\":\"https:\\\/\\\/www.raxxa.com\\\/#website\"},\"primaryImageOfPage\":{\"@id\":\"https:\\\/\\\/www.raxxa.com\\\/shop\\\/raxxa-canva-maedchen-mit-dinosaurier-jungtier-und-mutter\\\/#primaryimage\"},\"image\":{\"@id\":\"https:\\\/\\\/www.raxxa.com\\\/shop\\\/raxxa-canva-maedchen-mit-dinosaurier-jungtier-und-mutter\\\/#primaryimage\"},\"thumbnailUrl\":\"https:\\\/\\\/www.raxxa.com\\\/wp-content\\\/uploads\\\/2026\\\/03\\\/raxxa-Canvas-373-24380-133-Kerstin-Waurick-Madchen-mit-Dinosaurier-Jungtier-und-Mutter-26-scaled.jpg\",\"datePublished\":\"2026-03-27T21:02:33+00:00\",\"dateModified\":\"2026-03-27T21:04:21+00:00\",\"breadcrumb\":{\"@id\":\"https:\\\/\\\/www.raxxa.com\\\/shop\\\/raxxa-canva-maedchen-mit-dinosaurier-jungtier-und-mutter\\\/#breadcrumb\"},\"inLanguage\":\"en-US\",\"potentialAction\":[{\"@type\":\"ReadAction\",\"target\":[\"https:\\\/\\\/www.raxxa.com\\\/shop\\\/raxxa-canva-maedchen-mit-dinosaurier-jungtier-und-mutter\\\/\"]}]},{\"@type\":\"ImageObject\",\"inLanguage\":\"en-US\",\"@id\":\"https:\\\/\\\/www.raxxa.com\\\/shop\\\/raxxa-canva-maedchen-mit-dinosaurier-jungtier-und-mutter\\\/#primaryimage\",\"url\":\"https:\\\/\\\/www.raxxa.com\\\/wp-content\\\/uploads\\\/2026\\\/03\\\/raxxa-Canvas-373-24380-133-Kerstin-Waurick-Madchen-mit-Dinosaurier-Jungtier-und-Mutter-26-scaled.jpg\",\"contentUrl\":\"https:\\\/\\\/www.raxxa.com\\\/wp-content\\\/uploads\\\/2026\\\/03\\\/raxxa-Canvas-373-24380-133-Kerstin-Waurick-Madchen-mit-Dinosaurier-Jungtier-und-Mutter-26-scaled.jpg\",\"width\":2560,\"height\":1707},{\"@type\":\"BreadcrumbList\",\"@id\":\"https:\\\/\\\/www.raxxa.com\\\/shop\\\/raxxa-canva-maedchen-mit-dinosaurier-jungtier-und-mutter\\\/#breadcrumb\",\"itemListElement\":[{\"@type\":\"ListItem\",\"position\":1,\"name\":\"Startseite\",\"item\":\"https:\\\/\\\/www.raxxa.com\\\/\"},{\"@type\":\"ListItem\",\"position\":2,\"name\":\"Shop\",\"item\":\"https:\\\/\\\/www.raxxa.com\\\/it\\\/shop\\\/\"},{\"@type\":\"ListItem\",\"position\":3,\"name\":\"raxxa Canva: M\u00e4dchen mit Dinosaurier Jungtier und Mutter\"}]},{\"@type\":\"WebSite\",\"@id\":\"https:\\\/\\\/www.raxxa.com\\\/#website\",\"url\":\"https:\\\/\\\/www.raxxa.com\\\/\",\"name\":\"raxxa\",\"description\":\"Einzigartige individuelle Produkte von unseren Designern\",\"publisher\":{\"@id\":\"https:\\\/\\\/www.raxxa.com\\\/#organization\"},\"potentialAction\":[{\"@type\":\"SearchAction\",\"target\":{\"@type\":\"EntryPoint\",\"urlTemplate\":\"https:\\\/\\\/www.raxxa.com\\\/?s={search_term_string}\"},\"query-input\":{\"@type\":\"PropertyValueSpecification\",\"valueRequired\":true,\"valueName\":\"search_term_string\"}}],\"inLanguage\":\"en-US\"},{\"@type\":\"Organization\",\"@id\":\"https:\\\/\\\/www.raxxa.com\\\/#organization\",\"name\":\"raxxa\",\"url\":\"https:\\\/\\\/www.raxxa.com\\\/\",\"logo\":{\"@type\":\"ImageObject\",\"inLanguage\":\"en-US\",\"@id\":\"https:\\\/\\\/www.raxxa.com\\\/#\\\/schema\\\/logo\\\/image\\\/\",\"url\":\"https:\\\/\\\/www.raxxa.com\\\/wp-content\\\/uploads\\\/2022\\\/07\\\/logo_v2.png\",\"contentUrl\":\"https:\\\/\\\/www.raxxa.com\\\/wp-content\\\/uploads\\\/2022\\\/07\\\/logo_v2.png\",\"width\":380,\"height\":382,\"caption\":\"raxxa\"},\"image\":{\"@id\":\"https:\\\/\\\/www.raxxa.com\\\/#\\\/schema\\\/logo\\\/image\\\/\"},\"sameAs\":[\"https:\\\/\\\/facebook.com\\\/raxxacom\"]}]}<\/script>\n<meta property=\"og:availability\" content=\"instock\" \/>\n<meta property=\"product:availability\" content=\"instock\" \/>\n<meta property=\"product:retailer_item_id\" content=\"1-133-24380-373\" \/>\n<meta property=\"product:condition\" content=\"new\" \/>\n<!-- \/ Yoast SEO Premium plugin. -->","yoast_head_json":{"title":"raxxa Canva: M\u00e4dchen mit Dinosaurier Jungtier und Mutter - raxxa","robots":{"index":"index","follow":"follow","max-snippet":"max-snippet:-1","max-image-preview":"max-image-preview:large","max-video-preview":"max-video-preview:-1"},"canonical":"https:\/\/www.raxxa.com\/en\/shop\/raxxa-canva-maedchen-mit-dinosaurier-jungtier-und-mutter\/","og_locale":"en_US","og_type":"article","og_title":"raxxa Canva: M\u00e4dchen mit Dinosaurier Jungtier und Mutter","og_description":"&quot;M\u00e4dchen mit Dinosaurier Jungtier und Mutter&quot; by Kerstin Waurick Dieses atmosph\u00e4rische Bild zeigt den Alltag in einer Welt, in der Menschen und Dinosaurier ganz selbstverst\u00e4ndlich zusammenleben. Die Szene wirkt ruhig und vertraut, fast wie ein verlorener Alltag, der so nie existiert hat und dennoch merkw\u00fcrdig nah erscheint. Zwischen den Begegnungen liegt eine stille Sehnsucht nach [&hellip;]","og_url":"https:\/\/www.raxxa.com\/en\/shop\/raxxa-canva-maedchen-mit-dinosaurier-jungtier-und-mutter\/","og_site_name":"raxxa","article_publisher":"https:\/\/facebook.com\/raxxacom","article_modified_time":"2026-03-27T21:04:21+00:00","twitter_card":"summary_large_image","twitter_misc":{"Availability":"In stock"},"schema":{"@context":"https:\/\/schema.org","@graph":[{"@type":["WebPage","ItemPage"],"@id":"https:\/\/www.raxxa.com\/shop\/raxxa-canva-maedchen-mit-dinosaurier-jungtier-und-mutter\/","url":"https:\/\/www.raxxa.com\/shop\/raxxa-canva-maedchen-mit-dinosaurier-jungtier-und-mutter\/","name":"raxxa Canva: M\u00e4dchen mit Dinosaurier Jungtier und Mutter - raxxa","isPartOf":{"@id":"https:\/\/www.raxxa.com\/#website"},"primaryImageOfPage":{"@id":"https:\/\/www.raxxa.com\/shop\/raxxa-canva-maedchen-mit-dinosaurier-jungtier-und-mutter\/#primaryimage"},"image":{"@id":"https:\/\/www.raxxa.com\/shop\/raxxa-canva-maedchen-mit-dinosaurier-jungtier-und-mutter\/#primaryimage"},"thumbnailUrl":"https:\/\/www.raxxa.com\/wp-content\/uploads\/2026\/03\/raxxa-Canvas-373-24380-133-Kerstin-Waurick-Madchen-mit-Dinosaurier-Jungtier-und-Mutter-26-scaled.jpg","datePublished":"2026-03-27T21:02:33+00:00","dateModified":"2026-03-27T21:04:21+00:00","breadcrumb":{"@id":"https:\/\/www.raxxa.com\/shop\/raxxa-canva-maedchen-mit-dinosaurier-jungtier-und-mutter\/#breadcrumb"},"inLanguage":"en-US","potentialAction":[{"@type":"ReadAction","target":["https:\/\/www.raxxa.com\/shop\/raxxa-canva-maedchen-mit-dinosaurier-jungtier-und-mutter\/"]}]},{"@type":"ImageObject","inLanguage":"en-US","@id":"https:\/\/www.raxxa.com\/shop\/raxxa-canva-maedchen-mit-dinosaurier-jungtier-und-mutter\/#primaryimage","url":"https:\/\/www.raxxa.com\/wp-content\/uploads\/2026\/03\/raxxa-Canvas-373-24380-133-Kerstin-Waurick-Madchen-mit-Dinosaurier-Jungtier-und-Mutter-26-scaled.jpg","contentUrl":"https:\/\/www.raxxa.com\/wp-content\/uploads\/2026\/03\/raxxa-Canvas-373-24380-133-Kerstin-Waurick-Madchen-mit-Dinosaurier-Jungtier-und-Mutter-26-scaled.jpg","width":2560,"height":1707},{"@type":"BreadcrumbList","@id":"https:\/\/www.raxxa.com\/shop\/raxxa-canva-maedchen-mit-dinosaurier-jungtier-und-mutter\/#breadcrumb","itemListElement":[{"@type":"ListItem","position":1,"name":"Startseite","item":"https:\/\/www.raxxa.com\/"},{"@type":"ListItem","position":2,"name":"Shop","item":"https:\/\/www.raxxa.com\/it\/shop\/"},{"@type":"ListItem","position":3,"name":"raxxa Canva: M\u00e4dchen mit Dinosaurier Jungtier und Mutter"}]},{"@type":"WebSite","@id":"https:\/\/www.raxxa.com\/#website","url":"https:\/\/www.raxxa.com\/","name":"raxxa","description":"Unique individual products from our designers","publisher":{"@id":"https:\/\/www.raxxa.com\/#organization"},"potentialAction":[{"@type":"SearchAction","target":{"@type":"EntryPoint","urlTemplate":"https:\/\/www.raxxa.com\/?s={search_term_string}"},"query-input":{"@type":"PropertyValueSpecification","valueRequired":true,"valueName":"search_term_string"}}],"inLanguage":"en-US"},{"@type":"Organization","@id":"https:\/\/www.raxxa.com\/#organization","name":"raxxa","url":"https:\/\/www.raxxa.com\/","logo":{"@type":"ImageObject","inLanguage":"en-US","@id":"https:\/\/www.raxxa.com\/#\/schema\/logo\/image\/","url":"https:\/\/www.raxxa.com\/wp-content\/uploads\/2022\/07\/logo_v2.png","contentUrl":"https:\/\/www.raxxa.com\/wp-content\/uploads\/2022\/07\/logo_v2.png","width":380,"height":382,"caption":"raxxa"},"image":{"@id":"https:\/\/www.raxxa.com\/#\/schema\/logo\/image\/"},"sameAs":["https:\/\/facebook.com\/raxxacom"]}]},"og_availability":"instock","product_availability":"instock","product_retailer_item_id":"1-133-24380-373","product_condition":"new"},"jetpack_sharing_enabled":true,"_links":{"self":[{"href":"https:\/\/www.raxxa.com\/en\/wp-json\/wp\/v2\/product\/305191","targetHints":{"allow":["GET"]}}],"collection":[{"href":"https:\/\/www.raxxa.com\/en\/wp-json\/wp\/v2\/product"}],"about":[{"href":"https:\/\/www.raxxa.com\/en\/wp-json\/wp\/v2\/types\/product"}],"replies":[{"embeddable":true,"href":"https:\/\/www.raxxa.com\/en\/wp-json\/wp\/v2\/comments?post=305191"}],"wp:featuredmedia":[{"embeddable":true,"href":"https:\/\/www.raxxa.com\/en\/wp-json\/wp\/v2\/media\/305192"}],"wp:attachment":[{"href":"https:\/\/www.raxxa.com\/en\/wp-json\/wp\/v2\/media?parent=305191"}],"wp:term":[{"taxonomy":"product_brand","embeddable":true,"href":"https:\/\/www.raxxa.com\/en\/wp-json\/wp\/v2\/product_brand?post=305191"},{"taxonomy":"product_cat","embeddable":true,"href":"https:\/\/www.raxxa.com\/en\/wp-json\/wp\/v2\/product_cat?post=305191"},{"taxonomy":"product_tag","embeddable":true,"href":"https:\/\/www.raxxa.com\/en\/wp-json\/wp\/v2\/product_tag?post=305191"}],"curies":[{"name":"wp","href":"https:\/\/api.w.org\/{rel}","templated":true}]}}