{"id":302186,"date":"2026-03-21T14:54:32","date_gmt":"2026-03-21T12:54:32","guid":{"rendered":"https:\/\/www.raxxa.com\/shop\/poster-priol-europaeischer-vogel\/"},"modified":"2026-03-21T14:56:30","modified_gmt":"2026-03-21T12:56:30","slug":"poster-priol-europaeischer-vogel","status":"publish","type":"product","link":"https:\/\/www.raxxa.com\/en\/shop\/poster-priol-europaeischer-vogel\/","title":{"rendered":"Poster: Priol &#8211; europ\u00e4ischer Vogel"},"content":{"rendered":"<h3><strong>&quot;Priol &#8211; europ\u00e4ischer Vogel&quot; by Kerstin Waurick<\/strong><\/h3>\n<p><strong><\/strong><\/p>\n<p>Dieses stimmungsvolle Bild zeigt einen Pirol,  einen selten zu sehenden Vogel aus der europ\u00e4ischen Tierwelt, in einer ruhigen Naturlandschaft. Das Motiv wurde mithilfe moderner KI gestaltet und verbindet den Gem\u00e4ldestil mit vielen Details mit einer atmosph\u00e4rischen Bildkomposition. Licht, Umgebung und Haltung des Vogels verleihen der Szene eine besondere Authentizit\u00e4t. Eine vielseitige Darstellung europ\u00e4ischer Vogelwelt, geeignet f\u00fcr zahlreiche kreative Projekte.<\/p>\n<p>&nbsp;<\/p>\n<ul><li>Museum quality poster on durable matte (uncoated) archival paper.<\/li><li>Paper weight: 250 g \/ m\u00b2.<\/li><li>Shipped in a sturdy package to protect the poster.<\/li><li>This product can be made especially for you in the size and design you require.<\/li><\/ul>","protected":false},"excerpt":{"rendered":"<p>&quot;Priol &#8211; europ\u00e4ischer Vogel&quot; by Kerstin Waurick Dieses stimmungsvolle Bild zeigt einen Pirol, einen selten zu sehenden Vogel aus der europ\u00e4ischen Tierwelt, in einer ruhigen Naturlandschaft. Das Motiv wurde mithilfe moderner KI gestaltet und verbindet den Gem\u00e4ldestil mit vielen Details mit einer atmosph\u00e4rischen Bildkomposition. Licht, Umgebung und Haltung des Vogels verleihen der Szene eine besondere [&hellip;]<\/p>\n","protected":false},"featured_media":302187,"comment_status":"open","ping_status":"closed","template":"","meta":[],"product_brand":[],"product_cat":[10378,133,13429],"product_tag":[],"class_list":{"0":"post-302186","1":"product","2":"type-product","3":"status-publish","4":"has-post-thumbnail","6":"product_cat-poster","7":"product_cat-tiere","8":"product_cat-kerstin-waurick","9":"product_shipping_class-versand-t-shirts1","11":"first","12":"instock","13":"taxable","14":"shipping-taxable","15":"purchasable","16":"product-type-variable"},"yoast_head":"<!-- This site is optimized with the Yoast SEO Premium plugin v27.4 (Yoast SEO v27.4) - https:\/\/yoast.com\/product\/yoast-seo-premium-wordpress\/ -->\n<title>Poster: Priol - europ\u00e4ischer Vogel - raxxa<\/title>\n<meta name=\"robots\" content=\"index, follow, max-snippet:-1, max-image-preview:large, max-video-preview:-1\" \/>\n<link rel=\"canonical\" href=\"https:\/\/www.raxxa.com\/en\/shop\/poster-priol-europaeischer-vogel\/\" \/>\n<meta property=\"og:locale\" content=\"en_US\" \/>\n<meta property=\"og:type\" content=\"article\" \/>\n<meta property=\"og:title\" content=\"Poster: Priol - europ\u00e4ischer Vogel\" \/>\n<meta property=\"og:description\" content=\"&quot;Priol &#8211; europ\u00e4ischer Vogel&quot; by Kerstin Waurick Dieses stimmungsvolle Bild zeigt einen Pirol, einen selten zu sehenden Vogel aus der europ\u00e4ischen Tierwelt, in einer ruhigen Naturlandschaft. Das Motiv wurde mithilfe moderner KI gestaltet und verbindet den Gem\u00e4ldestil mit vielen Details mit einer atmosph\u00e4rischen Bildkomposition. Licht, Umgebung und Haltung des Vogels verleihen der Szene eine besondere [&hellip;]\" \/>\n<meta property=\"og:url\" content=\"https:\/\/www.raxxa.com\/en\/shop\/poster-priol-europaeischer-vogel\/\" \/>\n<meta property=\"og:site_name\" content=\"raxxa\" \/>\n<meta property=\"article:publisher\" content=\"https:\/\/facebook.com\/raxxacom\" \/>\n<meta property=\"article:modified_time\" content=\"2026-03-21T12:56:30+00:00\" \/>\n<meta name=\"twitter:card\" content=\"summary_large_image\" \/>\n<meta name=\"twitter:label1\" content=\"Availability\" \/>\n\t<meta name=\"twitter:data1\" content=\"In stock\" \/>\n<script type=\"application\/ld+json\" class=\"yoast-schema-graph\">{\"@context\":\"https:\\\/\\\/schema.org\",\"@graph\":[{\"@type\":[\"WebPage\",\"ItemPage\"],\"@id\":\"https:\\\/\\\/www.raxxa.com\\\/shop\\\/poster-priol-europaeischer-vogel\\\/\",\"url\":\"https:\\\/\\\/www.raxxa.com\\\/shop\\\/poster-priol-europaeischer-vogel\\\/\",\"name\":\"Poster: Priol - europ\u00e4ischer Vogel - raxxa\",\"isPartOf\":{\"@id\":\"https:\\\/\\\/www.raxxa.com\\\/#website\"},\"primaryImageOfPage\":{\"@id\":\"https:\\\/\\\/www.raxxa.com\\\/shop\\\/poster-priol-europaeischer-vogel\\\/#primaryimage\"},\"image\":{\"@id\":\"https:\\\/\\\/www.raxxa.com\\\/shop\\\/poster-priol-europaeischer-vogel\\\/#primaryimage\"},\"thumbnailUrl\":\"https:\\\/\\\/www.raxxa.com\\\/wp-content\\\/uploads\\\/2026\\\/03\\\/raxxa-Wallart-373-23921-84-Kerstin-Waurick-Priol-europaischer-Vogel-39.jpg\",\"datePublished\":\"2026-03-21T12:54:32+00:00\",\"dateModified\":\"2026-03-21T12:56:30+00:00\",\"breadcrumb\":{\"@id\":\"https:\\\/\\\/www.raxxa.com\\\/shop\\\/poster-priol-europaeischer-vogel\\\/#breadcrumb\"},\"inLanguage\":\"en-US\",\"potentialAction\":[{\"@type\":\"ReadAction\",\"target\":[\"https:\\\/\\\/www.raxxa.com\\\/shop\\\/poster-priol-europaeischer-vogel\\\/\"]}]},{\"@type\":\"ImageObject\",\"inLanguage\":\"en-US\",\"@id\":\"https:\\\/\\\/www.raxxa.com\\\/shop\\\/poster-priol-europaeischer-vogel\\\/#primaryimage\",\"url\":\"https:\\\/\\\/www.raxxa.com\\\/wp-content\\\/uploads\\\/2026\\\/03\\\/raxxa-Wallart-373-23921-84-Kerstin-Waurick-Priol-europaischer-Vogel-39.jpg\",\"contentUrl\":\"https:\\\/\\\/www.raxxa.com\\\/wp-content\\\/uploads\\\/2026\\\/03\\\/raxxa-Wallart-373-23921-84-Kerstin-Waurick-Priol-europaischer-Vogel-39.jpg\",\"width\":1024,\"height\":1024},{\"@type\":\"BreadcrumbList\",\"@id\":\"https:\\\/\\\/www.raxxa.com\\\/shop\\\/poster-priol-europaeischer-vogel\\\/#breadcrumb\",\"itemListElement\":[{\"@type\":\"ListItem\",\"position\":1,\"name\":\"Startseite\",\"item\":\"https:\\\/\\\/www.raxxa.com\\\/\"},{\"@type\":\"ListItem\",\"position\":2,\"name\":\"Shop\",\"item\":\"https:\\\/\\\/www.raxxa.com\\\/it\\\/shop\\\/\"},{\"@type\":\"ListItem\",\"position\":3,\"name\":\"Poster: Priol &#8211; europ\u00e4ischer Vogel\"}]},{\"@type\":\"WebSite\",\"@id\":\"https:\\\/\\\/www.raxxa.com\\\/#website\",\"url\":\"https:\\\/\\\/www.raxxa.com\\\/\",\"name\":\"raxxa\",\"description\":\"Einzigartige individuelle Produkte von unseren Designern\",\"publisher\":{\"@id\":\"https:\\\/\\\/www.raxxa.com\\\/#organization\"},\"potentialAction\":[{\"@type\":\"SearchAction\",\"target\":{\"@type\":\"EntryPoint\",\"urlTemplate\":\"https:\\\/\\\/www.raxxa.com\\\/?s={search_term_string}\"},\"query-input\":{\"@type\":\"PropertyValueSpecification\",\"valueRequired\":true,\"valueName\":\"search_term_string\"}}],\"inLanguage\":\"en-US\"},{\"@type\":\"Organization\",\"@id\":\"https:\\\/\\\/www.raxxa.com\\\/#organization\",\"name\":\"raxxa\",\"url\":\"https:\\\/\\\/www.raxxa.com\\\/\",\"logo\":{\"@type\":\"ImageObject\",\"inLanguage\":\"en-US\",\"@id\":\"https:\\\/\\\/www.raxxa.com\\\/#\\\/schema\\\/logo\\\/image\\\/\",\"url\":\"https:\\\/\\\/www.raxxa.com\\\/wp-content\\\/uploads\\\/2022\\\/07\\\/logo_v2.png\",\"contentUrl\":\"https:\\\/\\\/www.raxxa.com\\\/wp-content\\\/uploads\\\/2022\\\/07\\\/logo_v2.png\",\"width\":380,\"height\":382,\"caption\":\"raxxa\"},\"image\":{\"@id\":\"https:\\\/\\\/www.raxxa.com\\\/#\\\/schema\\\/logo\\\/image\\\/\"},\"sameAs\":[\"https:\\\/\\\/facebook.com\\\/raxxacom\"]}]}<\/script>\n<meta property=\"og:availability\" content=\"instock\" \/>\n<meta property=\"product:availability\" content=\"instock\" \/>\n<meta property=\"product:retailer_item_id\" content=\"1-84-23921-373\" \/>\n<meta property=\"product:condition\" content=\"new\" \/>\n<!-- \/ Yoast SEO Premium plugin. -->","yoast_head_json":{"title":"Poster: Priol - europ\u00e4ischer Vogel - raxxa","robots":{"index":"index","follow":"follow","max-snippet":"max-snippet:-1","max-image-preview":"max-image-preview:large","max-video-preview":"max-video-preview:-1"},"canonical":"https:\/\/www.raxxa.com\/en\/shop\/poster-priol-europaeischer-vogel\/","og_locale":"en_US","og_type":"article","og_title":"Poster: Priol - europ\u00e4ischer Vogel","og_description":"&quot;Priol &#8211; europ\u00e4ischer Vogel&quot; by Kerstin Waurick Dieses stimmungsvolle Bild zeigt einen Pirol, einen selten zu sehenden Vogel aus der europ\u00e4ischen Tierwelt, in einer ruhigen Naturlandschaft. Das Motiv wurde mithilfe moderner KI gestaltet und verbindet den Gem\u00e4ldestil mit vielen Details mit einer atmosph\u00e4rischen Bildkomposition. Licht, Umgebung und Haltung des Vogels verleihen der Szene eine besondere [&hellip;]","og_url":"https:\/\/www.raxxa.com\/en\/shop\/poster-priol-europaeischer-vogel\/","og_site_name":"raxxa","article_publisher":"https:\/\/facebook.com\/raxxacom","article_modified_time":"2026-03-21T12:56:30+00:00","twitter_card":"summary_large_image","twitter_misc":{"Availability":"In stock"},"schema":{"@context":"https:\/\/schema.org","@graph":[{"@type":["WebPage","ItemPage"],"@id":"https:\/\/www.raxxa.com\/shop\/poster-priol-europaeischer-vogel\/","url":"https:\/\/www.raxxa.com\/shop\/poster-priol-europaeischer-vogel\/","name":"Poster: Priol - europ\u00e4ischer Vogel - raxxa","isPartOf":{"@id":"https:\/\/www.raxxa.com\/#website"},"primaryImageOfPage":{"@id":"https:\/\/www.raxxa.com\/shop\/poster-priol-europaeischer-vogel\/#primaryimage"},"image":{"@id":"https:\/\/www.raxxa.com\/shop\/poster-priol-europaeischer-vogel\/#primaryimage"},"thumbnailUrl":"https:\/\/www.raxxa.com\/wp-content\/uploads\/2026\/03\/raxxa-Wallart-373-23921-84-Kerstin-Waurick-Priol-europaischer-Vogel-39.jpg","datePublished":"2026-03-21T12:54:32+00:00","dateModified":"2026-03-21T12:56:30+00:00","breadcrumb":{"@id":"https:\/\/www.raxxa.com\/shop\/poster-priol-europaeischer-vogel\/#breadcrumb"},"inLanguage":"en-US","potentialAction":[{"@type":"ReadAction","target":["https:\/\/www.raxxa.com\/shop\/poster-priol-europaeischer-vogel\/"]}]},{"@type":"ImageObject","inLanguage":"en-US","@id":"https:\/\/www.raxxa.com\/shop\/poster-priol-europaeischer-vogel\/#primaryimage","url":"https:\/\/www.raxxa.com\/wp-content\/uploads\/2026\/03\/raxxa-Wallart-373-23921-84-Kerstin-Waurick-Priol-europaischer-Vogel-39.jpg","contentUrl":"https:\/\/www.raxxa.com\/wp-content\/uploads\/2026\/03\/raxxa-Wallart-373-23921-84-Kerstin-Waurick-Priol-europaischer-Vogel-39.jpg","width":1024,"height":1024},{"@type":"BreadcrumbList","@id":"https:\/\/www.raxxa.com\/shop\/poster-priol-europaeischer-vogel\/#breadcrumb","itemListElement":[{"@type":"ListItem","position":1,"name":"Startseite","item":"https:\/\/www.raxxa.com\/"},{"@type":"ListItem","position":2,"name":"Shop","item":"https:\/\/www.raxxa.com\/it\/shop\/"},{"@type":"ListItem","position":3,"name":"Poster: Priol &#8211; europ\u00e4ischer Vogel"}]},{"@type":"WebSite","@id":"https:\/\/www.raxxa.com\/#website","url":"https:\/\/www.raxxa.com\/","name":"raxxa","description":"Unique individual products from our designers","publisher":{"@id":"https:\/\/www.raxxa.com\/#organization"},"potentialAction":[{"@type":"SearchAction","target":{"@type":"EntryPoint","urlTemplate":"https:\/\/www.raxxa.com\/?s={search_term_string}"},"query-input":{"@type":"PropertyValueSpecification","valueRequired":true,"valueName":"search_term_string"}}],"inLanguage":"en-US"},{"@type":"Organization","@id":"https:\/\/www.raxxa.com\/#organization","name":"raxxa","url":"https:\/\/www.raxxa.com\/","logo":{"@type":"ImageObject","inLanguage":"en-US","@id":"https:\/\/www.raxxa.com\/#\/schema\/logo\/image\/","url":"https:\/\/www.raxxa.com\/wp-content\/uploads\/2022\/07\/logo_v2.png","contentUrl":"https:\/\/www.raxxa.com\/wp-content\/uploads\/2022\/07\/logo_v2.png","width":380,"height":382,"caption":"raxxa"},"image":{"@id":"https:\/\/www.raxxa.com\/#\/schema\/logo\/image\/"},"sameAs":["https:\/\/facebook.com\/raxxacom"]}]},"og_availability":"instock","product_availability":"instock","product_retailer_item_id":"1-84-23921-373","product_condition":"new"},"jetpack_sharing_enabled":true,"_links":{"self":[{"href":"https:\/\/www.raxxa.com\/en\/wp-json\/wp\/v2\/product\/302186","targetHints":{"allow":["GET"]}}],"collection":[{"href":"https:\/\/www.raxxa.com\/en\/wp-json\/wp\/v2\/product"}],"about":[{"href":"https:\/\/www.raxxa.com\/en\/wp-json\/wp\/v2\/types\/product"}],"replies":[{"embeddable":true,"href":"https:\/\/www.raxxa.com\/en\/wp-json\/wp\/v2\/comments?post=302186"}],"wp:featuredmedia":[{"embeddable":true,"href":"https:\/\/www.raxxa.com\/en\/wp-json\/wp\/v2\/media\/302187"}],"wp:attachment":[{"href":"https:\/\/www.raxxa.com\/en\/wp-json\/wp\/v2\/media?parent=302186"}],"wp:term":[{"taxonomy":"product_brand","embeddable":true,"href":"https:\/\/www.raxxa.com\/en\/wp-json\/wp\/v2\/product_brand?post=302186"},{"taxonomy":"product_cat","embeddable":true,"href":"https:\/\/www.raxxa.com\/en\/wp-json\/wp\/v2\/product_cat?post=302186"},{"taxonomy":"product_tag","embeddable":true,"href":"https:\/\/www.raxxa.com\/en\/wp-json\/wp\/v2\/product_tag?post=302186"}],"curies":[{"name":"wp","href":"https:\/\/api.w.org\/{rel}","templated":true}]}}