{"id":301679,"date":"2026-03-19T22:44:20","date_gmt":"2026-03-19T20:44:20","guid":{"rendered":"https:\/\/www.raxxa.com\/shop\/raxxa-canva-wellensittich-freunde\/"},"modified":"2026-03-19T22:45:55","modified_gmt":"2026-03-19T20:45:55","slug":"raxxa-canva-wellensittich-freunde","status":"publish","type":"product","link":"https:\/\/www.raxxa.com\/en\/shop\/raxxa-canva-wellensittich-freunde\/","title":{"rendered":"raxxa Canva: Wellensittich Freunde"},"content":{"rendered":"<h3><strong>&quot;Wellensittich Freunde&quot; by Kerstin Waurick<\/strong><\/h3>\n<p><strong><\/strong><\/p>\n<p>Diese humorvollen, stilisierten 3D-Illustrationen zeigen lebhafte und neugierige Wellensittiche in charmanten Alltagsszenen. Ob verspielt, frech oder voller Entdeckerdrang \u2013 jede Szene f\u00e4ngt die typische Pers\u00f6nlichkeit dieser beliebten Haustiere auf liebevolle und oft \u00fcberraschende Weise ein. Die Motive wurden mithilfe moderner KI gestaltet und verbinden niedliche Charaktere mit lebendiger Dynamik und stimmungsvoller Darstellung. So entsteht eine fr\u00f6hliche Bildwelt voller Leichtigkeit, Humor und tierischem Charme.<\/p>\n<p>&nbsp;<\/p>\n<ul><li>Classic canvas with 2 cm edge, 100 % polyester.<\/li><li>High-quality HP latex inks with UV protection that ensure vibrant colors and lightfastness.<\/li><li>Wooden frame FSC-certified<\/li><li>This product can be made especially for you in the size and design you require.<\/li><\/ul>","protected":false},"excerpt":{"rendered":"<p>&quot;Wellensittich Freunde&quot; by Kerstin Waurick Diese humorvollen, stilisierten 3D-Illustrationen zeigen lebhafte und neugierige Wellensittiche in charmanten Alltagsszenen. Ob verspielt, frech oder voller Entdeckerdrang \u2013 jede Szene f\u00e4ngt die typische Pers\u00f6nlichkeit dieser beliebten Haustiere auf liebevolle und oft \u00fcberraschende Weise ein. Die Motive wurden mithilfe moderner KI gestaltet und verbinden niedliche Charaktere mit lebendiger Dynamik und [&hellip;]<\/p>\n","protected":false},"featured_media":301680,"comment_status":"open","ping_status":"closed","template":"","meta":[],"product_brand":[],"product_cat":[12937,133,13429],"product_tag":[],"class_list":{"0":"post-301679","1":"product","2":"type-product","3":"status-publish","4":"has-post-thumbnail","6":"product_cat-canvas","7":"product_cat-tiere","8":"product_cat-kerstin-waurick","9":"product_shipping_class-versand-canvas","11":"first","12":"instock","13":"taxable","14":"shipping-taxable","15":"purchasable","16":"product-type-variable"},"yoast_head":"<!-- This site is optimized with the Yoast SEO Premium plugin v27.5 (Yoast SEO v27.6) - https:\/\/yoast.com\/product\/yoast-seo-premium-wordpress\/ -->\n<title>raxxa Canva: Wellensittich Freunde - raxxa<\/title>\n<meta name=\"robots\" content=\"index, follow, max-snippet:-1, max-image-preview:large, max-video-preview:-1\" \/>\n<link rel=\"canonical\" href=\"https:\/\/www.raxxa.com\/en\/shop\/raxxa-canva-wellensittich-freunde\/\" \/>\n<meta property=\"og:locale\" content=\"en_US\" \/>\n<meta property=\"og:type\" content=\"article\" \/>\n<meta property=\"og:title\" content=\"raxxa Canva: Wellensittich Freunde\" \/>\n<meta property=\"og:description\" content=\"&quot;Wellensittich Freunde&quot; by Kerstin Waurick Diese humorvollen, stilisierten 3D-Illustrationen zeigen lebhafte und neugierige Wellensittiche in charmanten Alltagsszenen. Ob verspielt, frech oder voller Entdeckerdrang \u2013 jede Szene f\u00e4ngt die typische Pers\u00f6nlichkeit dieser beliebten Haustiere auf liebevolle und oft \u00fcberraschende Weise ein. Die Motive wurden mithilfe moderner KI gestaltet und verbinden niedliche Charaktere mit lebendiger Dynamik und [&hellip;]\" \/>\n<meta property=\"og:url\" content=\"https:\/\/www.raxxa.com\/en\/shop\/raxxa-canva-wellensittich-freunde\/\" \/>\n<meta property=\"og:site_name\" content=\"raxxa\" \/>\n<meta property=\"article:publisher\" content=\"https:\/\/facebook.com\/raxxacom\" \/>\n<meta property=\"article:modified_time\" content=\"2026-03-19T20:45:55+00:00\" \/>\n<meta name=\"twitter:card\" content=\"summary_large_image\" \/>\n<meta name=\"twitter:label1\" content=\"Availability\" \/>\n\t<meta name=\"twitter:data1\" content=\"In stock\" \/>\n<script type=\"application\/ld+json\" class=\"yoast-schema-graph\">{\"@context\":\"https:\\\/\\\/schema.org\",\"@graph\":[{\"@type\":[\"WebPage\",\"ItemPage\"],\"@id\":\"https:\\\/\\\/www.raxxa.com\\\/shop\\\/raxxa-canva-wellensittich-freunde\\\/\",\"url\":\"https:\\\/\\\/www.raxxa.com\\\/shop\\\/raxxa-canva-wellensittich-freunde\\\/\",\"name\":\"raxxa Canva: Wellensittich Freunde - raxxa\",\"isPartOf\":{\"@id\":\"https:\\\/\\\/www.raxxa.com\\\/#website\"},\"primaryImageOfPage\":{\"@id\":\"https:\\\/\\\/www.raxxa.com\\\/shop\\\/raxxa-canva-wellensittich-freunde\\\/#primaryimage\"},\"image\":{\"@id\":\"https:\\\/\\\/www.raxxa.com\\\/shop\\\/raxxa-canva-wellensittich-freunde\\\/#primaryimage\"},\"thumbnailUrl\":\"https:\\\/\\\/www.raxxa.com\\\/wp-content\\\/uploads\\\/2026\\\/03\\\/raxxa-Canvas-373-24135-133-Kerstin-Waurick-Wellensittich-Freunde-8-scaled.jpg\",\"datePublished\":\"2026-03-19T20:44:20+00:00\",\"dateModified\":\"2026-03-19T20:45:55+00:00\",\"breadcrumb\":{\"@id\":\"https:\\\/\\\/www.raxxa.com\\\/shop\\\/raxxa-canva-wellensittich-freunde\\\/#breadcrumb\"},\"inLanguage\":\"en-US\",\"potentialAction\":[{\"@type\":\"ReadAction\",\"target\":[\"https:\\\/\\\/www.raxxa.com\\\/shop\\\/raxxa-canva-wellensittich-freunde\\\/\"]}]},{\"@type\":\"ImageObject\",\"inLanguage\":\"en-US\",\"@id\":\"https:\\\/\\\/www.raxxa.com\\\/shop\\\/raxxa-canva-wellensittich-freunde\\\/#primaryimage\",\"url\":\"https:\\\/\\\/www.raxxa.com\\\/wp-content\\\/uploads\\\/2026\\\/03\\\/raxxa-Canvas-373-24135-133-Kerstin-Waurick-Wellensittich-Freunde-8-scaled.jpg\",\"contentUrl\":\"https:\\\/\\\/www.raxxa.com\\\/wp-content\\\/uploads\\\/2026\\\/03\\\/raxxa-Canvas-373-24135-133-Kerstin-Waurick-Wellensittich-Freunde-8-scaled.jpg\",\"width\":2560,\"height\":2560},{\"@type\":\"BreadcrumbList\",\"@id\":\"https:\\\/\\\/www.raxxa.com\\\/shop\\\/raxxa-canva-wellensittich-freunde\\\/#breadcrumb\",\"itemListElement\":[{\"@type\":\"ListItem\",\"position\":1,\"name\":\"Startseite\",\"item\":\"https:\\\/\\\/www.raxxa.com\\\/\"},{\"@type\":\"ListItem\",\"position\":2,\"name\":\"Shop\",\"item\":\"https:\\\/\\\/www.raxxa.com\\\/it\\\/shop\\\/\"},{\"@type\":\"ListItem\",\"position\":3,\"name\":\"raxxa Canva: Wellensittich Freunde\"}]},{\"@type\":\"WebSite\",\"@id\":\"https:\\\/\\\/www.raxxa.com\\\/#website\",\"url\":\"https:\\\/\\\/www.raxxa.com\\\/\",\"name\":\"raxxa\",\"description\":\"Einzigartige individuelle Produkte von unseren Designern\",\"publisher\":{\"@id\":\"https:\\\/\\\/www.raxxa.com\\\/#organization\"},\"potentialAction\":[{\"@type\":\"SearchAction\",\"target\":{\"@type\":\"EntryPoint\",\"urlTemplate\":\"https:\\\/\\\/www.raxxa.com\\\/?s={search_term_string}\"},\"query-input\":{\"@type\":\"PropertyValueSpecification\",\"valueRequired\":true,\"valueName\":\"search_term_string\"}}],\"inLanguage\":\"en-US\"},{\"@type\":\"Organization\",\"@id\":\"https:\\\/\\\/www.raxxa.com\\\/#organization\",\"name\":\"raxxa\",\"url\":\"https:\\\/\\\/www.raxxa.com\\\/\",\"logo\":{\"@type\":\"ImageObject\",\"inLanguage\":\"en-US\",\"@id\":\"https:\\\/\\\/www.raxxa.com\\\/#\\\/schema\\\/logo\\\/image\\\/\",\"url\":\"https:\\\/\\\/www.raxxa.com\\\/wp-content\\\/uploads\\\/2022\\\/07\\\/logo_v2.png\",\"contentUrl\":\"https:\\\/\\\/www.raxxa.com\\\/wp-content\\\/uploads\\\/2022\\\/07\\\/logo_v2.png\",\"width\":380,\"height\":382,\"caption\":\"raxxa\"},\"image\":{\"@id\":\"https:\\\/\\\/www.raxxa.com\\\/#\\\/schema\\\/logo\\\/image\\\/\"},\"sameAs\":[\"https:\\\/\\\/facebook.com\\\/raxxacom\"]}]}<\/script>\n<meta property=\"og:availability\" content=\"instock\" \/>\n<meta property=\"product:availability\" content=\"instock\" \/>\n<meta property=\"product:retailer_item_id\" content=\"1-133-24135-373\" \/>\n<meta property=\"product:condition\" content=\"new\" \/>\n<!-- \/ Yoast SEO Premium plugin. -->","yoast_head_json":{"title":"raxxa Canva: Wellensittich Freunde - raxxa","robots":{"index":"index","follow":"follow","max-snippet":"max-snippet:-1","max-image-preview":"max-image-preview:large","max-video-preview":"max-video-preview:-1"},"canonical":"https:\/\/www.raxxa.com\/en\/shop\/raxxa-canva-wellensittich-freunde\/","og_locale":"en_US","og_type":"article","og_title":"raxxa Canva: Wellensittich Freunde","og_description":"&quot;Wellensittich Freunde&quot; by Kerstin Waurick Diese humorvollen, stilisierten 3D-Illustrationen zeigen lebhafte und neugierige Wellensittiche in charmanten Alltagsszenen. Ob verspielt, frech oder voller Entdeckerdrang \u2013 jede Szene f\u00e4ngt die typische Pers\u00f6nlichkeit dieser beliebten Haustiere auf liebevolle und oft \u00fcberraschende Weise ein. Die Motive wurden mithilfe moderner KI gestaltet und verbinden niedliche Charaktere mit lebendiger Dynamik und [&hellip;]","og_url":"https:\/\/www.raxxa.com\/en\/shop\/raxxa-canva-wellensittich-freunde\/","og_site_name":"raxxa","article_publisher":"https:\/\/facebook.com\/raxxacom","article_modified_time":"2026-03-19T20:45:55+00:00","twitter_card":"summary_large_image","twitter_misc":{"Availability":"In stock"},"schema":{"@context":"https:\/\/schema.org","@graph":[{"@type":["WebPage","ItemPage"],"@id":"https:\/\/www.raxxa.com\/shop\/raxxa-canva-wellensittich-freunde\/","url":"https:\/\/www.raxxa.com\/shop\/raxxa-canva-wellensittich-freunde\/","name":"raxxa Canva: Wellensittich Freunde - raxxa","isPartOf":{"@id":"https:\/\/www.raxxa.com\/#website"},"primaryImageOfPage":{"@id":"https:\/\/www.raxxa.com\/shop\/raxxa-canva-wellensittich-freunde\/#primaryimage"},"image":{"@id":"https:\/\/www.raxxa.com\/shop\/raxxa-canva-wellensittich-freunde\/#primaryimage"},"thumbnailUrl":"https:\/\/www.raxxa.com\/wp-content\/uploads\/2026\/03\/raxxa-Canvas-373-24135-133-Kerstin-Waurick-Wellensittich-Freunde-8-scaled.jpg","datePublished":"2026-03-19T20:44:20+00:00","dateModified":"2026-03-19T20:45:55+00:00","breadcrumb":{"@id":"https:\/\/www.raxxa.com\/shop\/raxxa-canva-wellensittich-freunde\/#breadcrumb"},"inLanguage":"en-US","potentialAction":[{"@type":"ReadAction","target":["https:\/\/www.raxxa.com\/shop\/raxxa-canva-wellensittich-freunde\/"]}]},{"@type":"ImageObject","inLanguage":"en-US","@id":"https:\/\/www.raxxa.com\/shop\/raxxa-canva-wellensittich-freunde\/#primaryimage","url":"https:\/\/www.raxxa.com\/wp-content\/uploads\/2026\/03\/raxxa-Canvas-373-24135-133-Kerstin-Waurick-Wellensittich-Freunde-8-scaled.jpg","contentUrl":"https:\/\/www.raxxa.com\/wp-content\/uploads\/2026\/03\/raxxa-Canvas-373-24135-133-Kerstin-Waurick-Wellensittich-Freunde-8-scaled.jpg","width":2560,"height":2560},{"@type":"BreadcrumbList","@id":"https:\/\/www.raxxa.com\/shop\/raxxa-canva-wellensittich-freunde\/#breadcrumb","itemListElement":[{"@type":"ListItem","position":1,"name":"Startseite","item":"https:\/\/www.raxxa.com\/"},{"@type":"ListItem","position":2,"name":"Shop","item":"https:\/\/www.raxxa.com\/it\/shop\/"},{"@type":"ListItem","position":3,"name":"raxxa Canva: Wellensittich Freunde"}]},{"@type":"WebSite","@id":"https:\/\/www.raxxa.com\/#website","url":"https:\/\/www.raxxa.com\/","name":"raxxa","description":"Unique individual products from our designers","publisher":{"@id":"https:\/\/www.raxxa.com\/#organization"},"potentialAction":[{"@type":"SearchAction","target":{"@type":"EntryPoint","urlTemplate":"https:\/\/www.raxxa.com\/?s={search_term_string}"},"query-input":{"@type":"PropertyValueSpecification","valueRequired":true,"valueName":"search_term_string"}}],"inLanguage":"en-US"},{"@type":"Organization","@id":"https:\/\/www.raxxa.com\/#organization","name":"raxxa","url":"https:\/\/www.raxxa.com\/","logo":{"@type":"ImageObject","inLanguage":"en-US","@id":"https:\/\/www.raxxa.com\/#\/schema\/logo\/image\/","url":"https:\/\/www.raxxa.com\/wp-content\/uploads\/2022\/07\/logo_v2.png","contentUrl":"https:\/\/www.raxxa.com\/wp-content\/uploads\/2022\/07\/logo_v2.png","width":380,"height":382,"caption":"raxxa"},"image":{"@id":"https:\/\/www.raxxa.com\/#\/schema\/logo\/image\/"},"sameAs":["https:\/\/facebook.com\/raxxacom"]}]},"og_availability":"instock","product_availability":"instock","product_retailer_item_id":"1-133-24135-373","product_condition":"new"},"jetpack_sharing_enabled":true,"_links":{"self":[{"href":"https:\/\/www.raxxa.com\/en\/wp-json\/wp\/v2\/product\/301679","targetHints":{"allow":["GET"]}}],"collection":[{"href":"https:\/\/www.raxxa.com\/en\/wp-json\/wp\/v2\/product"}],"about":[{"href":"https:\/\/www.raxxa.com\/en\/wp-json\/wp\/v2\/types\/product"}],"replies":[{"embeddable":true,"href":"https:\/\/www.raxxa.com\/en\/wp-json\/wp\/v2\/comments?post=301679"}],"wp:featuredmedia":[{"embeddable":true,"href":"https:\/\/www.raxxa.com\/en\/wp-json\/wp\/v2\/media\/301680"}],"wp:attachment":[{"href":"https:\/\/www.raxxa.com\/en\/wp-json\/wp\/v2\/media?parent=301679"}],"wp:term":[{"taxonomy":"product_brand","embeddable":true,"href":"https:\/\/www.raxxa.com\/en\/wp-json\/wp\/v2\/product_brand?post=301679"},{"taxonomy":"product_cat","embeddable":true,"href":"https:\/\/www.raxxa.com\/en\/wp-json\/wp\/v2\/product_cat?post=301679"},{"taxonomy":"product_tag","embeddable":true,"href":"https:\/\/www.raxxa.com\/en\/wp-json\/wp\/v2\/product_tag?post=301679"}],"curies":[{"name":"wp","href":"https:\/\/api.w.org\/{rel}","templated":true}]}}