{"id":288958,"date":"2026-03-01T18:04:33","date_gmt":"2026-03-01T16:04:33","guid":{"rendered":"https:\/\/www.raxxa.com\/shop\/raxxa-postkarte-maritime-traumlandschaft-segelschiff-und-kuestenidylle\/"},"modified":"2026-03-01T18:06:09","modified_gmt":"2026-03-01T16:06:09","slug":"raxxa-postkarte-maritime-traumlandschaft-segelschiff-und-kuestenidylle","status":"publish","type":"product","link":"https:\/\/www.raxxa.com\/en\/shop\/raxxa-postkarte-maritime-traumlandschaft-segelschiff-und-kuestenidylle\/","title":{"rendered":"raxxa Postkarte: Maritime Traumlandschaft \u2013 Segelschiff und K\u00fcstenidylle"},"content":{"rendered":"<h3><strong>&quot;Maritime Traumlandschaft \u2013 Segelschiff und K\u00fcstenidylle&quot; by Slothy<\/strong><\/h3>\n<p><strong><\/strong><\/p>\n<p>In diesem Motiv sieht man ein malerisches Meeresszenario mit einem gro\u00dfen Segelschiff, das auf den Wellen f\u00e4hrt. Im Hintergrund sind dunkle Wolken und ein weiteres kleineres Segelschiff zu sehen. Am Strand liegt ein Rettungsring, und die K\u00fcstenlinie zeigt eine gr\u00fcne Landschaft.<\/p>\n<p>&nbsp;<\/p>\n<ul><li>We print your desired postcard blank or with a personal greeting and send it worldwide to any person or to yourself.<\/li><li>Ideal for online postcrossing or individual greetings to your loved ones, friends, relatives and acquaintances.<\/li><li>Alternatively, as a pure motif blank card to collect or send yourself.<\/li><li>Postcards DIN A6 (14.8 cm x 10.5 cm).<\/li><\/ul><br><br><b>How do I create\/design my personal postcard?<\/b><br><br>1) Simply enter the text of your message or greeting (max. 500 characters).<br>2) If you want to send your postcard for Postcrossing, enter the PostcrossingID.<br>Otherwise, simply leave this field blank.<br>3) Enter the first and last name, street + house number, postal code, city and country for the desired recipient of the postcard in the input fields.<br>4) You can now add your designed postcard to the shopping cart and order it at the checkout.<br><br>We will now print your personalized postcard, stamp it and send it to your specified recipient.<br><br>If you have any questions, simply send us a message or email<br>","protected":false},"excerpt":{"rendered":"<p>&quot;Maritime Traumlandschaft \u2013 Segelschiff und K\u00fcstenidylle&quot; by Slothy In diesem Motiv sieht man ein malerisches Meeresszenario mit einem gro\u00dfen Segelschiff, das auf den Wellen f\u00e4hrt. Im Hintergrund sind dunkle Wolken und ein weiteres kleineres Segelschiff zu sehen. Am Strand liegt ein Rettungsring, und die K\u00fcstenlinie zeigt eine gr\u00fcne Landschaft. &nbsp;<\/p>","protected":false},"featured_media":288959,"comment_status":"open","ping_status":"closed","template":"","meta":[],"product_brand":[],"product_cat":[11600,11884,10765],"product_tag":[],"class_list":{"0":"post-288958","1":"product","2":"type-product","3":"status-publish","4":"has-post-thumbnail","6":"product_cat-fantasy-mythologie","7":"product_cat-postkarten","8":"product_cat-slothy","10":"first","11":"instock","12":"taxable","13":"shipping-taxable","14":"purchasable","15":"product-type-variable"},"yoast_head":"<!-- This site is optimized with the Yoast SEO Premium plugin v27.2 (Yoast SEO v27.3) - https:\/\/yoast.com\/product\/yoast-seo-premium-wordpress\/ -->\n<title>raxxa Postkarte: Maritime Traumlandschaft \u2013 Segelschiff und K\u00fcstenidylle - raxxa<\/title>\n<meta name=\"robots\" content=\"index, follow, max-snippet:-1, max-image-preview:large, max-video-preview:-1\" \/>\n<link rel=\"canonical\" href=\"https:\/\/www.raxxa.com\/en\/shop\/raxxa-postkarte-maritime-traumlandschaft-segelschiff-und-kuestenidylle\/\" \/>\n<meta property=\"og:locale\" content=\"en_US\" \/>\n<meta property=\"og:type\" content=\"article\" \/>\n<meta property=\"og:title\" content=\"raxxa Postkarte: Maritime Traumlandschaft \u2013 Segelschiff und K\u00fcstenidylle\" \/>\n<meta property=\"og:description\" content=\"&quot;Maritime Traumlandschaft \u2013 Segelschiff und K\u00fcstenidylle&quot; by Slothy In diesem Motiv sieht man ein malerisches Meeresszenario mit einem gro\u00dfen Segelschiff, das auf den Wellen f\u00e4hrt. Im Hintergrund sind dunkle Wolken und ein weiteres kleineres Segelschiff zu sehen. Am Strand liegt ein Rettungsring, und die K\u00fcstenlinie zeigt eine gr\u00fcne Landschaft. &nbsp;\" \/>\n<meta property=\"og:url\" content=\"https:\/\/www.raxxa.com\/en\/shop\/raxxa-postkarte-maritime-traumlandschaft-segelschiff-und-kuestenidylle\/\" \/>\n<meta property=\"og:site_name\" content=\"raxxa\" \/>\n<meta property=\"article:publisher\" content=\"https:\/\/facebook.com\/raxxacom\" \/>\n<meta property=\"article:modified_time\" content=\"2026-03-01T16:06:09+00:00\" \/>\n<meta name=\"twitter:card\" content=\"summary_large_image\" \/>\n<meta name=\"twitter:label1\" content=\"Availability\" \/>\n\t<meta name=\"twitter:data1\" content=\"In stock\" \/>\n<script type=\"application\/ld+json\" class=\"yoast-schema-graph\">{\"@context\":\"https:\\\/\\\/schema.org\",\"@graph\":[{\"@type\":[\"WebPage\",\"ItemPage\"],\"@id\":\"https:\\\/\\\/www.raxxa.com\\\/shop\\\/raxxa-postkarte-maritime-traumlandschaft-segelschiff-und-kuestenidylle\\\/\",\"url\":\"https:\\\/\\\/www.raxxa.com\\\/shop\\\/raxxa-postkarte-maritime-traumlandschaft-segelschiff-und-kuestenidylle\\\/\",\"name\":\"raxxa Postkarte: Maritime Traumlandschaft \u2013 Segelschiff und K\u00fcstenidylle - raxxa\",\"isPartOf\":{\"@id\":\"https:\\\/\\\/www.raxxa.com\\\/#website\"},\"primaryImageOfPage\":{\"@id\":\"https:\\\/\\\/www.raxxa.com\\\/shop\\\/raxxa-postkarte-maritime-traumlandschaft-segelschiff-und-kuestenidylle\\\/#primaryimage\"},\"image\":{\"@id\":\"https:\\\/\\\/www.raxxa.com\\\/shop\\\/raxxa-postkarte-maritime-traumlandschaft-segelschiff-und-kuestenidylle\\\/#primaryimage\"},\"thumbnailUrl\":\"https:\\\/\\\/www.raxxa.com\\\/wp-content\\\/uploads\\\/2026\\\/03\\\/raxxa-268-19493-185-Slothy-Maritime-Traumlandschaft-\u2013-Segelschiff-und-Kuestenidylle-5-scaled.jpg\",\"datePublished\":\"2026-03-01T16:04:33+00:00\",\"dateModified\":\"2026-03-01T16:06:09+00:00\",\"breadcrumb\":{\"@id\":\"https:\\\/\\\/www.raxxa.com\\\/shop\\\/raxxa-postkarte-maritime-traumlandschaft-segelschiff-und-kuestenidylle\\\/#breadcrumb\"},\"inLanguage\":\"en-US\",\"potentialAction\":[{\"@type\":\"ReadAction\",\"target\":[\"https:\\\/\\\/www.raxxa.com\\\/shop\\\/raxxa-postkarte-maritime-traumlandschaft-segelschiff-und-kuestenidylle\\\/\"]}]},{\"@type\":\"ImageObject\",\"inLanguage\":\"en-US\",\"@id\":\"https:\\\/\\\/www.raxxa.com\\\/shop\\\/raxxa-postkarte-maritime-traumlandschaft-segelschiff-und-kuestenidylle\\\/#primaryimage\",\"url\":\"https:\\\/\\\/www.raxxa.com\\\/wp-content\\\/uploads\\\/2026\\\/03\\\/raxxa-268-19493-185-Slothy-Maritime-Traumlandschaft-\u2013-Segelschiff-und-Kuestenidylle-5-scaled.jpg\",\"contentUrl\":\"https:\\\/\\\/www.raxxa.com\\\/wp-content\\\/uploads\\\/2026\\\/03\\\/raxxa-268-19493-185-Slothy-Maritime-Traumlandschaft-\u2013-Segelschiff-und-Kuestenidylle-5-scaled.jpg\",\"width\":2560,\"height\":1920},{\"@type\":\"BreadcrumbList\",\"@id\":\"https:\\\/\\\/www.raxxa.com\\\/shop\\\/raxxa-postkarte-maritime-traumlandschaft-segelschiff-und-kuestenidylle\\\/#breadcrumb\",\"itemListElement\":[{\"@type\":\"ListItem\",\"position\":1,\"name\":\"Startseite\",\"item\":\"https:\\\/\\\/www.raxxa.com\\\/\"},{\"@type\":\"ListItem\",\"position\":2,\"name\":\"Shop\",\"item\":\"https:\\\/\\\/www.raxxa.com\\\/it\\\/shop\\\/\"},{\"@type\":\"ListItem\",\"position\":3,\"name\":\"raxxa Postkarte: Maritime Traumlandschaft \u2013 Segelschiff und K\u00fcstenidylle\"}]},{\"@type\":\"WebSite\",\"@id\":\"https:\\\/\\\/www.raxxa.com\\\/#website\",\"url\":\"https:\\\/\\\/www.raxxa.com\\\/\",\"name\":\"raxxa\",\"description\":\"Einzigartige individuelle Produkte von unseren Designern\",\"publisher\":{\"@id\":\"https:\\\/\\\/www.raxxa.com\\\/#organization\"},\"potentialAction\":[{\"@type\":\"SearchAction\",\"target\":{\"@type\":\"EntryPoint\",\"urlTemplate\":\"https:\\\/\\\/www.raxxa.com\\\/?s={search_term_string}\"},\"query-input\":{\"@type\":\"PropertyValueSpecification\",\"valueRequired\":true,\"valueName\":\"search_term_string\"}}],\"inLanguage\":\"en-US\"},{\"@type\":\"Organization\",\"@id\":\"https:\\\/\\\/www.raxxa.com\\\/#organization\",\"name\":\"raxxa\",\"url\":\"https:\\\/\\\/www.raxxa.com\\\/\",\"logo\":{\"@type\":\"ImageObject\",\"inLanguage\":\"en-US\",\"@id\":\"https:\\\/\\\/www.raxxa.com\\\/#\\\/schema\\\/logo\\\/image\\\/\",\"url\":\"https:\\\/\\\/www.raxxa.com\\\/wp-content\\\/uploads\\\/2022\\\/07\\\/logo_v2.png\",\"contentUrl\":\"https:\\\/\\\/www.raxxa.com\\\/wp-content\\\/uploads\\\/2022\\\/07\\\/logo_v2.png\",\"width\":380,\"height\":382,\"caption\":\"raxxa\"},\"image\":{\"@id\":\"https:\\\/\\\/www.raxxa.com\\\/#\\\/schema\\\/logo\\\/image\\\/\"},\"sameAs\":[\"https:\\\/\\\/facebook.com\\\/raxxacom\"]}]}<\/script>\n<meta property=\"og:availability\" content=\"instock\" \/>\n<meta property=\"product:availability\" content=\"instock\" \/>\n<meta property=\"product:retailer_item_id\" content=\"1-185-19493-268\" \/>\n<meta property=\"product:condition\" content=\"new\" \/>\n<!-- \/ Yoast SEO Premium plugin. -->","yoast_head_json":{"title":"raxxa Postkarte: Maritime Traumlandschaft \u2013 Segelschiff und K\u00fcstenidylle - raxxa","robots":{"index":"index","follow":"follow","max-snippet":"max-snippet:-1","max-image-preview":"max-image-preview:large","max-video-preview":"max-video-preview:-1"},"canonical":"https:\/\/www.raxxa.com\/en\/shop\/raxxa-postkarte-maritime-traumlandschaft-segelschiff-und-kuestenidylle\/","og_locale":"en_US","og_type":"article","og_title":"raxxa Postkarte: Maritime Traumlandschaft \u2013 Segelschiff und K\u00fcstenidylle","og_description":"&quot;Maritime Traumlandschaft \u2013 Segelschiff und K\u00fcstenidylle&quot; by Slothy In diesem Motiv sieht man ein malerisches Meeresszenario mit einem gro\u00dfen Segelschiff, das auf den Wellen f\u00e4hrt. Im Hintergrund sind dunkle Wolken und ein weiteres kleineres Segelschiff zu sehen. Am Strand liegt ein Rettungsring, und die K\u00fcstenlinie zeigt eine gr\u00fcne Landschaft. &nbsp;","og_url":"https:\/\/www.raxxa.com\/en\/shop\/raxxa-postkarte-maritime-traumlandschaft-segelschiff-und-kuestenidylle\/","og_site_name":"raxxa","article_publisher":"https:\/\/facebook.com\/raxxacom","article_modified_time":"2026-03-01T16:06:09+00:00","twitter_card":"summary_large_image","twitter_misc":{"Availability":"In stock"},"schema":{"@context":"https:\/\/schema.org","@graph":[{"@type":["WebPage","ItemPage"],"@id":"https:\/\/www.raxxa.com\/shop\/raxxa-postkarte-maritime-traumlandschaft-segelschiff-und-kuestenidylle\/","url":"https:\/\/www.raxxa.com\/shop\/raxxa-postkarte-maritime-traumlandschaft-segelschiff-und-kuestenidylle\/","name":"raxxa Postkarte: Maritime Traumlandschaft \u2013 Segelschiff und K\u00fcstenidylle - raxxa","isPartOf":{"@id":"https:\/\/www.raxxa.com\/#website"},"primaryImageOfPage":{"@id":"https:\/\/www.raxxa.com\/shop\/raxxa-postkarte-maritime-traumlandschaft-segelschiff-und-kuestenidylle\/#primaryimage"},"image":{"@id":"https:\/\/www.raxxa.com\/shop\/raxxa-postkarte-maritime-traumlandschaft-segelschiff-und-kuestenidylle\/#primaryimage"},"thumbnailUrl":"https:\/\/www.raxxa.com\/wp-content\/uploads\/2026\/03\/raxxa-268-19493-185-Slothy-Maritime-Traumlandschaft-\u2013-Segelschiff-und-Kuestenidylle-5-scaled.jpg","datePublished":"2026-03-01T16:04:33+00:00","dateModified":"2026-03-01T16:06:09+00:00","breadcrumb":{"@id":"https:\/\/www.raxxa.com\/shop\/raxxa-postkarte-maritime-traumlandschaft-segelschiff-und-kuestenidylle\/#breadcrumb"},"inLanguage":"en-US","potentialAction":[{"@type":"ReadAction","target":["https:\/\/www.raxxa.com\/shop\/raxxa-postkarte-maritime-traumlandschaft-segelschiff-und-kuestenidylle\/"]}]},{"@type":"ImageObject","inLanguage":"en-US","@id":"https:\/\/www.raxxa.com\/shop\/raxxa-postkarte-maritime-traumlandschaft-segelschiff-und-kuestenidylle\/#primaryimage","url":"https:\/\/www.raxxa.com\/wp-content\/uploads\/2026\/03\/raxxa-268-19493-185-Slothy-Maritime-Traumlandschaft-\u2013-Segelschiff-und-Kuestenidylle-5-scaled.jpg","contentUrl":"https:\/\/www.raxxa.com\/wp-content\/uploads\/2026\/03\/raxxa-268-19493-185-Slothy-Maritime-Traumlandschaft-\u2013-Segelschiff-und-Kuestenidylle-5-scaled.jpg","width":2560,"height":1920},{"@type":"BreadcrumbList","@id":"https:\/\/www.raxxa.com\/shop\/raxxa-postkarte-maritime-traumlandschaft-segelschiff-und-kuestenidylle\/#breadcrumb","itemListElement":[{"@type":"ListItem","position":1,"name":"Startseite","item":"https:\/\/www.raxxa.com\/"},{"@type":"ListItem","position":2,"name":"Shop","item":"https:\/\/www.raxxa.com\/it\/shop\/"},{"@type":"ListItem","position":3,"name":"raxxa Postkarte: Maritime Traumlandschaft \u2013 Segelschiff und K\u00fcstenidylle"}]},{"@type":"WebSite","@id":"https:\/\/www.raxxa.com\/#website","url":"https:\/\/www.raxxa.com\/","name":"raxxa","description":"Unique individual products from our designers","publisher":{"@id":"https:\/\/www.raxxa.com\/#organization"},"potentialAction":[{"@type":"SearchAction","target":{"@type":"EntryPoint","urlTemplate":"https:\/\/www.raxxa.com\/?s={search_term_string}"},"query-input":{"@type":"PropertyValueSpecification","valueRequired":true,"valueName":"search_term_string"}}],"inLanguage":"en-US"},{"@type":"Organization","@id":"https:\/\/www.raxxa.com\/#organization","name":"raxxa","url":"https:\/\/www.raxxa.com\/","logo":{"@type":"ImageObject","inLanguage":"en-US","@id":"https:\/\/www.raxxa.com\/#\/schema\/logo\/image\/","url":"https:\/\/www.raxxa.com\/wp-content\/uploads\/2022\/07\/logo_v2.png","contentUrl":"https:\/\/www.raxxa.com\/wp-content\/uploads\/2022\/07\/logo_v2.png","width":380,"height":382,"caption":"raxxa"},"image":{"@id":"https:\/\/www.raxxa.com\/#\/schema\/logo\/image\/"},"sameAs":["https:\/\/facebook.com\/raxxacom"]}]},"og_availability":"instock","product_availability":"instock","product_retailer_item_id":"1-185-19493-268","product_condition":"new"},"jetpack_sharing_enabled":true,"_links":{"self":[{"href":"https:\/\/www.raxxa.com\/en\/wp-json\/wp\/v2\/product\/288958","targetHints":{"allow":["GET"]}}],"collection":[{"href":"https:\/\/www.raxxa.com\/en\/wp-json\/wp\/v2\/product"}],"about":[{"href":"https:\/\/www.raxxa.com\/en\/wp-json\/wp\/v2\/types\/product"}],"replies":[{"embeddable":true,"href":"https:\/\/www.raxxa.com\/en\/wp-json\/wp\/v2\/comments?post=288958"}],"wp:featuredmedia":[{"embeddable":true,"href":"https:\/\/www.raxxa.com\/en\/wp-json\/wp\/v2\/media\/288959"}],"wp:attachment":[{"href":"https:\/\/www.raxxa.com\/en\/wp-json\/wp\/v2\/media?parent=288958"}],"wp:term":[{"taxonomy":"product_brand","embeddable":true,"href":"https:\/\/www.raxxa.com\/en\/wp-json\/wp\/v2\/product_brand?post=288958"},{"taxonomy":"product_cat","embeddable":true,"href":"https:\/\/www.raxxa.com\/en\/wp-json\/wp\/v2\/product_cat?post=288958"},{"taxonomy":"product_tag","embeddable":true,"href":"https:\/\/www.raxxa.com\/en\/wp-json\/wp\/v2\/product_tag?post=288958"}],"curies":[{"name":"wp","href":"https:\/\/api.w.org\/{rel}","templated":true}]}}