{"id":272099,"date":"2026-01-20T20:22:14","date_gmt":"2026-01-20T18:22:14","guid":{"rendered":"https:\/\/www.raxxa.com\/?post_type=product&#038;p=272099"},"modified":"2026-01-20T20:24:27","modified_gmt":"2026-01-20T18:24:27","slug":"kissen-playful-cheetah-cub-and-butterflies","status":"publish","type":"product","link":"https:\/\/www.raxxa.com\/en\/shop\/kissen-playful-cheetah-cub-and-butterflies\/","title":{"rendered":"Kissen: Playful Cheetah Cub and Butterflies"},"content":{"rendered":"<div><span style='font-weight: bolder; font-size: 1rem;'>raxxa Premium Kissen Playful Cheetah Cub and Butterflies<\/span><\/div>\n<div><span style='font-weight: bolder;'>designed by Anja Frost<\/span><\/div>\n<div><span style='font-size: 1rem;'><br \/><\/span><span style='font-size: 1rem;'>Mit jedem Kauf eines raxxa Produkts wird direkt ein K\u00fcnstler unterst\u00fctzt.<\/span><\/div>\n<div><span style='font-weight: bolder;'><br \/><\/span><\/div>\n<div>Energetic cheetah cub jumping through grass, surrounded by fluttering butterflies in a vivid watercolor style.<\/div>\n<div><span style='font-size: 1rem;'>Dieses raxxa Premium-Kissen im trendigen Design ist der perfekte Deko-Akzent als besonderer Blickfang zum Wohlf\u00fchlen. Wirkungsvoll zur Geltung kommt es auf dem Bett, Sessel und der Couch. Es f\u00fchlt sich wie hochwertiges Leinen an und dient als zeitgem\u00e4\u00dfes Einrichtungselement.<\/span><\/div>\n<div>  <span style='font-size: 1rem;'><br \/><\/span><span style='font-size: 1rem;'>Materialhinweise:<\/span><\/div>\n<p><\/p>\n<div><span style='font-size: 1rem;'><\/p>\n<ul style='list-style-position: inside'>\n<li>100 % vorgeschrumpfte Polyesterh\u00fclle<\/li>\n<li>Stoffgewicht: 275 g\/m\u00b2<\/li>\n<li>Leinen\u00e4hnlicher Stoff<\/li>\n<li>Feiner Druck auf beiden Seiten der Kissenh\u00fclle<\/li>\n<li>Verborgener Rei\u00dfverschluss<\/li>\n<li>H\u00fclle kann in der Waschmaschine gewaschen werden<\/li>\n<li>Inkl. formbest\u00e4ndige 100 % Polyesterf\u00fcllung (darf nur von Hand gewaschen werden)<\/li>\n<\/ul>\n<p><\/span><\/div>\n<div>  <span style='font-size: 1rem;'><br \/><\/span><span style='font-size: 1rem;'>Gr\u00f6ssenhinweise in cm \/ Zoll:<\/span><\/div>\n<p><\/p>\n<table  cellspacing='5' cellpadding='5' border='1'>\n<tbody>\n<tr>\n<td><b>Gr\u00f6sse [cm \/ Zoll]<\/b><\/td>\n<td><b>Breite [cm \/ Zoll]<\/b><\/td>\n<td><b>L\u00e4nge [cm \/ Zoll]<\/b><\/td>\n<td><b>Tiefe [cm \/ Zoll]<\/b><\/td>\n<td><b>L\u00e4nge des Reisverschlusses [cm \/ Zoll]<\/b><\/td>\n<\/tr>\n<tr>\n<td>45 x 45 cm \/ 18\u2033 \u00d7 18\u2033<\/td>\n<td>45 cm \/ 18\u2033<\/td>\n<td>45 cm \/ 18\u2033<\/td>\n<td>12.5 cm \/ 4 \u215e<\/td>\n<td>39 cm \/ 15 \u215c<\/td>\n<\/tr>\n<tr>\n<td>50 x 30 cm \/ 20\u2033 \u00d7 12\u2033<\/td>\n<td>50 cm \/ 20\u2033<\/td>\n<td>30 cm \/ 12\u2033<\/td>\n<td>12.5 cm \/ 4 \u215e<\/td>\n<td>43 cm \/ 16 \u215e<\/td>\n<\/tr>\n<tr>\n<td>56 x 56 cm \/ 22\u2033 \u00d7 22\u2033<\/td>\n<td>56 cm \/ 22\u2033<\/td>\n<td>56 cm \/ 22\u2033<\/td>\n<td>12.5 cm \/  4 \u215e<\/td>\n<td>48 cm \/ 18 \u215e<\/td>\n<\/tr>\n<\/tbody>\n<\/table>\n<p><\/p>\n<div><span style='font-size: 1rem;'>Alle Produkte der raxxa-Kollektion werden extra f\u00fcr Sie in dem gew\u00fcnschten Design und\u00a0Gr\u00f6\u00dfe nach Ihrem Bestelleingang hergestellt.&nbsp;<\/span><\/div>\n","protected":false},"excerpt":{"rendered":"<p>raxxa Premium Kissen Playful Cheetah Cub and Butterflies designed by Anja Frost Mit jedem Kauf eines raxxa Produkts wird direkt ein K\u00fcnstler unterst\u00fctzt. Energetic cheetah cub jumping through grass, surrounded by fluttering butterflies in a vivid watercolor style. Dieses raxxa Premium-Kissen im trendigen Design ist der perfekte Deko-Akzent als besonderer Blickfang zum Wohlf\u00fchlen. Wirkungsvoll zur [&hellip;]<\/p>\n","protected":false},"featured_media":272120,"comment_status":"open","ping_status":"closed","template":"","meta":[],"product_brand":[],"product_cat":[13428,10313,10314],"product_tag":[],"class_list":{"0":"post-272099","1":"product","2":"type-product","3":"status-publish","4":"has-post-thumbnail","6":"product_cat-anja-frost","7":"product_cat-home-living","8":"product_cat-kissen","9":"product_shipping_class-versand-t-shirts1","11":"first","12":"instock","13":"taxable","14":"shipping-taxable","15":"purchasable","16":"product-type-variable"},"yoast_head":"<!-- This site is optimized with the Yoast SEO Premium plugin v27.2 (Yoast SEO v27.3) - https:\/\/yoast.com\/product\/yoast-seo-premium-wordpress\/ -->\n<title>Kissen: Playful Cheetah Cub and Butterflies - raxxa<\/title>\n<meta name=\"robots\" content=\"index, follow, max-snippet:-1, max-image-preview:large, max-video-preview:-1\" \/>\n<link rel=\"canonical\" href=\"https:\/\/www.raxxa.com\/en\/shop\/kissen-playful-cheetah-cub-and-butterflies\/\" \/>\n<meta property=\"og:locale\" content=\"en_US\" \/>\n<meta property=\"og:type\" content=\"article\" \/>\n<meta property=\"og:title\" content=\"Kissen: Playful Cheetah Cub and Butterflies\" \/>\n<meta property=\"og:description\" content=\"raxxa Premium Kissen Playful Cheetah Cub and Butterflies designed by Anja Frost Mit jedem Kauf eines raxxa Produkts wird direkt ein K\u00fcnstler unterst\u00fctzt. Energetic cheetah cub jumping through grass, surrounded by fluttering butterflies in a vivid watercolor style. Dieses raxxa Premium-Kissen im trendigen Design ist der perfekte Deko-Akzent als besonderer Blickfang zum Wohlf\u00fchlen. Wirkungsvoll zur [&hellip;]\" \/>\n<meta property=\"og:url\" content=\"https:\/\/www.raxxa.com\/en\/shop\/kissen-playful-cheetah-cub-and-butterflies\/\" \/>\n<meta property=\"og:site_name\" content=\"raxxa\" \/>\n<meta property=\"article:publisher\" content=\"https:\/\/facebook.com\/raxxacom\" \/>\n<meta property=\"article:modified_time\" content=\"2026-01-20T18:24:27+00:00\" \/>\n<meta name=\"twitter:card\" content=\"summary_large_image\" \/>\n<meta name=\"twitter:label1\" content=\"Availability\" \/>\n\t<meta name=\"twitter:data1\" content=\"In stock\" \/>\n<script type=\"application\/ld+json\" class=\"yoast-schema-graph\">{\"@context\":\"https:\\\/\\\/schema.org\",\"@graph\":[{\"@type\":[\"WebPage\",\"ItemPage\"],\"@id\":\"https:\\\/\\\/www.raxxa.com\\\/shop\\\/kissen-playful-cheetah-cub-and-butterflies\\\/\",\"url\":\"https:\\\/\\\/www.raxxa.com\\\/shop\\\/kissen-playful-cheetah-cub-and-butterflies\\\/\",\"name\":\"Kissen: Playful Cheetah Cub and Butterflies - raxxa\",\"isPartOf\":{\"@id\":\"https:\\\/\\\/www.raxxa.com\\\/#website\"},\"primaryImageOfPage\":{\"@id\":\"https:\\\/\\\/www.raxxa.com\\\/shop\\\/kissen-playful-cheetah-cub-and-butterflies\\\/#primaryimage\"},\"image\":{\"@id\":\"https:\\\/\\\/www.raxxa.com\\\/shop\\\/kissen-playful-cheetah-cub-and-butterflies\\\/#primaryimage\"},\"thumbnailUrl\":\"https:\\\/\\\/www.raxxa.com\\\/wp-content\\\/uploads\\\/2026\\\/01\\\/raxxa-Kissen-371-22417-112-Anja-Frost-Playful-Cheetah-Cub-and-Butterflies-4.jpg\",\"datePublished\":\"2026-01-20T18:22:14+00:00\",\"dateModified\":\"2026-01-20T18:24:27+00:00\",\"breadcrumb\":{\"@id\":\"https:\\\/\\\/www.raxxa.com\\\/shop\\\/kissen-playful-cheetah-cub-and-butterflies\\\/#breadcrumb\"},\"inLanguage\":\"en-US\",\"potentialAction\":[{\"@type\":\"ReadAction\",\"target\":[\"https:\\\/\\\/www.raxxa.com\\\/shop\\\/kissen-playful-cheetah-cub-and-butterflies\\\/\"]}]},{\"@type\":\"ImageObject\",\"inLanguage\":\"en-US\",\"@id\":\"https:\\\/\\\/www.raxxa.com\\\/shop\\\/kissen-playful-cheetah-cub-and-butterflies\\\/#primaryimage\",\"url\":\"https:\\\/\\\/www.raxxa.com\\\/wp-content\\\/uploads\\\/2026\\\/01\\\/raxxa-Kissen-371-22417-112-Anja-Frost-Playful-Cheetah-Cub-and-Butterflies-4.jpg\",\"contentUrl\":\"https:\\\/\\\/www.raxxa.com\\\/wp-content\\\/uploads\\\/2026\\\/01\\\/raxxa-Kissen-371-22417-112-Anja-Frost-Playful-Cheetah-Cub-and-Butterflies-4.jpg\",\"width\":2100,\"height\":2100},{\"@type\":\"BreadcrumbList\",\"@id\":\"https:\\\/\\\/www.raxxa.com\\\/shop\\\/kissen-playful-cheetah-cub-and-butterflies\\\/#breadcrumb\",\"itemListElement\":[{\"@type\":\"ListItem\",\"position\":1,\"name\":\"Startseite\",\"item\":\"https:\\\/\\\/www.raxxa.com\\\/\"},{\"@type\":\"ListItem\",\"position\":2,\"name\":\"Shop\",\"item\":\"https:\\\/\\\/www.raxxa.com\\\/it\\\/shop\\\/\"},{\"@type\":\"ListItem\",\"position\":3,\"name\":\"Kissen: Playful Cheetah Cub and Butterflies\"}]},{\"@type\":\"WebSite\",\"@id\":\"https:\\\/\\\/www.raxxa.com\\\/#website\",\"url\":\"https:\\\/\\\/www.raxxa.com\\\/\",\"name\":\"raxxa\",\"description\":\"Einzigartige individuelle Produkte von unseren Designern\",\"publisher\":{\"@id\":\"https:\\\/\\\/www.raxxa.com\\\/#organization\"},\"potentialAction\":[{\"@type\":\"SearchAction\",\"target\":{\"@type\":\"EntryPoint\",\"urlTemplate\":\"https:\\\/\\\/www.raxxa.com\\\/?s={search_term_string}\"},\"query-input\":{\"@type\":\"PropertyValueSpecification\",\"valueRequired\":true,\"valueName\":\"search_term_string\"}}],\"inLanguage\":\"en-US\"},{\"@type\":\"Organization\",\"@id\":\"https:\\\/\\\/www.raxxa.com\\\/#organization\",\"name\":\"raxxa\",\"url\":\"https:\\\/\\\/www.raxxa.com\\\/\",\"logo\":{\"@type\":\"ImageObject\",\"inLanguage\":\"en-US\",\"@id\":\"https:\\\/\\\/www.raxxa.com\\\/#\\\/schema\\\/logo\\\/image\\\/\",\"url\":\"https:\\\/\\\/www.raxxa.com\\\/wp-content\\\/uploads\\\/2022\\\/07\\\/logo_v2.png\",\"contentUrl\":\"https:\\\/\\\/www.raxxa.com\\\/wp-content\\\/uploads\\\/2022\\\/07\\\/logo_v2.png\",\"width\":380,\"height\":382,\"caption\":\"raxxa\"},\"image\":{\"@id\":\"https:\\\/\\\/www.raxxa.com\\\/#\\\/schema\\\/logo\\\/image\\\/\"},\"sameAs\":[\"https:\\\/\\\/facebook.com\\\/raxxacom\"]}]}<\/script>\n<meta property=\"og:availability\" content=\"instock\" \/>\n<meta property=\"product:availability\" content=\"instock\" \/>\n<meta property=\"product:retailer_item_id\" content=\"1-112-22417-371\" \/>\n<meta property=\"product:condition\" content=\"new\" \/>\n<!-- \/ Yoast SEO Premium plugin. -->","yoast_head_json":{"title":"Kissen: Playful Cheetah Cub and Butterflies - raxxa","robots":{"index":"index","follow":"follow","max-snippet":"max-snippet:-1","max-image-preview":"max-image-preview:large","max-video-preview":"max-video-preview:-1"},"canonical":"https:\/\/www.raxxa.com\/en\/shop\/kissen-playful-cheetah-cub-and-butterflies\/","og_locale":"en_US","og_type":"article","og_title":"Kissen: Playful Cheetah Cub and Butterflies","og_description":"raxxa Premium Kissen Playful Cheetah Cub and Butterflies designed by Anja Frost Mit jedem Kauf eines raxxa Produkts wird direkt ein K\u00fcnstler unterst\u00fctzt. Energetic cheetah cub jumping through grass, surrounded by fluttering butterflies in a vivid watercolor style. Dieses raxxa Premium-Kissen im trendigen Design ist der perfekte Deko-Akzent als besonderer Blickfang zum Wohlf\u00fchlen. Wirkungsvoll zur [&hellip;]","og_url":"https:\/\/www.raxxa.com\/en\/shop\/kissen-playful-cheetah-cub-and-butterflies\/","og_site_name":"raxxa","article_publisher":"https:\/\/facebook.com\/raxxacom","article_modified_time":"2026-01-20T18:24:27+00:00","twitter_card":"summary_large_image","twitter_misc":{"Availability":"In stock"},"schema":{"@context":"https:\/\/schema.org","@graph":[{"@type":["WebPage","ItemPage"],"@id":"https:\/\/www.raxxa.com\/shop\/kissen-playful-cheetah-cub-and-butterflies\/","url":"https:\/\/www.raxxa.com\/shop\/kissen-playful-cheetah-cub-and-butterflies\/","name":"Kissen: Playful Cheetah Cub and Butterflies - raxxa","isPartOf":{"@id":"https:\/\/www.raxxa.com\/#website"},"primaryImageOfPage":{"@id":"https:\/\/www.raxxa.com\/shop\/kissen-playful-cheetah-cub-and-butterflies\/#primaryimage"},"image":{"@id":"https:\/\/www.raxxa.com\/shop\/kissen-playful-cheetah-cub-and-butterflies\/#primaryimage"},"thumbnailUrl":"https:\/\/www.raxxa.com\/wp-content\/uploads\/2026\/01\/raxxa-Kissen-371-22417-112-Anja-Frost-Playful-Cheetah-Cub-and-Butterflies-4.jpg","datePublished":"2026-01-20T18:22:14+00:00","dateModified":"2026-01-20T18:24:27+00:00","breadcrumb":{"@id":"https:\/\/www.raxxa.com\/shop\/kissen-playful-cheetah-cub-and-butterflies\/#breadcrumb"},"inLanguage":"en-US","potentialAction":[{"@type":"ReadAction","target":["https:\/\/www.raxxa.com\/shop\/kissen-playful-cheetah-cub-and-butterflies\/"]}]},{"@type":"ImageObject","inLanguage":"en-US","@id":"https:\/\/www.raxxa.com\/shop\/kissen-playful-cheetah-cub-and-butterflies\/#primaryimage","url":"https:\/\/www.raxxa.com\/wp-content\/uploads\/2026\/01\/raxxa-Kissen-371-22417-112-Anja-Frost-Playful-Cheetah-Cub-and-Butterflies-4.jpg","contentUrl":"https:\/\/www.raxxa.com\/wp-content\/uploads\/2026\/01\/raxxa-Kissen-371-22417-112-Anja-Frost-Playful-Cheetah-Cub-and-Butterflies-4.jpg","width":2100,"height":2100},{"@type":"BreadcrumbList","@id":"https:\/\/www.raxxa.com\/shop\/kissen-playful-cheetah-cub-and-butterflies\/#breadcrumb","itemListElement":[{"@type":"ListItem","position":1,"name":"Startseite","item":"https:\/\/www.raxxa.com\/"},{"@type":"ListItem","position":2,"name":"Shop","item":"https:\/\/www.raxxa.com\/it\/shop\/"},{"@type":"ListItem","position":3,"name":"Kissen: Playful Cheetah Cub and Butterflies"}]},{"@type":"WebSite","@id":"https:\/\/www.raxxa.com\/#website","url":"https:\/\/www.raxxa.com\/","name":"raxxa","description":"Unique individual products from our designers","publisher":{"@id":"https:\/\/www.raxxa.com\/#organization"},"potentialAction":[{"@type":"SearchAction","target":{"@type":"EntryPoint","urlTemplate":"https:\/\/www.raxxa.com\/?s={search_term_string}"},"query-input":{"@type":"PropertyValueSpecification","valueRequired":true,"valueName":"search_term_string"}}],"inLanguage":"en-US"},{"@type":"Organization","@id":"https:\/\/www.raxxa.com\/#organization","name":"raxxa","url":"https:\/\/www.raxxa.com\/","logo":{"@type":"ImageObject","inLanguage":"en-US","@id":"https:\/\/www.raxxa.com\/#\/schema\/logo\/image\/","url":"https:\/\/www.raxxa.com\/wp-content\/uploads\/2022\/07\/logo_v2.png","contentUrl":"https:\/\/www.raxxa.com\/wp-content\/uploads\/2022\/07\/logo_v2.png","width":380,"height":382,"caption":"raxxa"},"image":{"@id":"https:\/\/www.raxxa.com\/#\/schema\/logo\/image\/"},"sameAs":["https:\/\/facebook.com\/raxxacom"]}]},"og_availability":"instock","product_availability":"instock","product_retailer_item_id":"1-112-22417-371","product_condition":"new"},"jetpack_sharing_enabled":true,"_links":{"self":[{"href":"https:\/\/www.raxxa.com\/en\/wp-json\/wp\/v2\/product\/272099","targetHints":{"allow":["GET"]}}],"collection":[{"href":"https:\/\/www.raxxa.com\/en\/wp-json\/wp\/v2\/product"}],"about":[{"href":"https:\/\/www.raxxa.com\/en\/wp-json\/wp\/v2\/types\/product"}],"replies":[{"embeddable":true,"href":"https:\/\/www.raxxa.com\/en\/wp-json\/wp\/v2\/comments?post=272099"}],"wp:featuredmedia":[{"embeddable":true,"href":"https:\/\/www.raxxa.com\/en\/wp-json\/wp\/v2\/media\/272120"}],"wp:attachment":[{"href":"https:\/\/www.raxxa.com\/en\/wp-json\/wp\/v2\/media?parent=272099"}],"wp:term":[{"taxonomy":"product_brand","embeddable":true,"href":"https:\/\/www.raxxa.com\/en\/wp-json\/wp\/v2\/product_brand?post=272099"},{"taxonomy":"product_cat","embeddable":true,"href":"https:\/\/www.raxxa.com\/en\/wp-json\/wp\/v2\/product_cat?post=272099"},{"taxonomy":"product_tag","embeddable":true,"href":"https:\/\/www.raxxa.com\/en\/wp-json\/wp\/v2\/product_tag?post=272099"}],"curies":[{"name":"wp","href":"https:\/\/api.w.org\/{rel}","templated":true}]}}