{"id":230984,"date":"2025-07-29T22:03:37","date_gmt":"2025-07-29T20:03:37","guid":{"rendered":"https:\/\/www.raxxa.com\/?post_type=product&#038;p=230984"},"modified":"2025-07-29T22:04:58","modified_gmt":"2025-07-29T20:04:58","slug":"raxxa-canva-rotterdam","status":"publish","type":"product","link":"https:\/\/www.raxxa.com\/en\/shop\/raxxa-canva-rotterdam\/","title":{"rendered":"raxxa Canva: Rotterdam"},"content":{"rendered":"<h3><strong>&quot;Rotterdam&quot; by Steffen Gierok-Latniak<\/strong><\/h3>\n<p><strong><\/strong><\/p>\n<p>Genie\u00dfen Sie das atemberaubende Stadtpanorama dieser k\u00fcnstlerischen Darstellung, die die harmonische Verbindung von historischen Geb\u00e4uden und moderner Architektur einf\u00e4ngt. Diese malerische Szenerie zeigt charmante H\u00e4user mit bunten Fassaden, die am ruhigen Wasser eines Kanals stehen. Im Hintergrund erhebt sich eine beeindruckende Br\u00fccke, die traditionelle und moderne Elemente auf elegante Weise vereint.<\/p>\n<p>&nbsp;<\/p>\n<ul><li>Classic canvas with 2 cm edge, 100 % polyester.<\/li><li>High-quality HP latex inks with UV protection that ensure vibrant colors and lightfastness.<\/li><li>Wooden frame FSC-certified<\/li><li>This product can be made especially for you in the size and design you require.<\/li><\/ul>","protected":false},"excerpt":{"rendered":"<p>&quot;Rotterdam&quot; by Steffen Gierok-Latniak Genie\u00dfen Sie das atemberaubende Stadtpanorama dieser k\u00fcnstlerischen Darstellung, die die harmonische Verbindung von historischen Geb\u00e4uden und moderner Architektur einf\u00e4ngt. Diese malerische Szenerie zeigt charmante H\u00e4user mit bunten Fassaden, die am ruhigen Wasser eines Kanals stehen. Im Hintergrund erhebt sich eine beeindruckende Br\u00fccke, die traditionelle und moderne Elemente auf elegante Weise vereint. [&hellip;]<\/p>\n","protected":false},"featured_media":230990,"comment_status":"open","ping_status":"closed","template":"","meta":[],"product_brand":[],"product_cat":[12937,12580,134],"product_tag":[13392],"class_list":{"0":"post-230984","1":"product","2":"type-product","3":"status-publish","4":"has-post-thumbnail","6":"product_cat-canvas","7":"product_cat-steffen-gierok","8":"product_cat-orte","9":"product_tag-stadtansicht-architektur-moderne-kunst-historische-gebaeude-geschenkidee-urban-art-landschaftsmalerei-kuenstlerische-rotterdam-niederlande-holland","10":"product_shipping_class-versand-canvas","12":"first","13":"instock","14":"taxable","15":"shipping-taxable","16":"purchasable","17":"product-type-variable"},"yoast_head":"<!-- This site is optimized with the Yoast SEO Premium plugin v27.2 (Yoast SEO v27.3) - https:\/\/yoast.com\/product\/yoast-seo-premium-wordpress\/ -->\n<title>raxxa Canva: Rotterdam - raxxa<\/title>\n<meta name=\"robots\" content=\"index, follow, max-snippet:-1, max-image-preview:large, max-video-preview:-1\" \/>\n<link rel=\"canonical\" href=\"https:\/\/www.raxxa.com\/en\/shop\/raxxa-canva-rotterdam\/\" \/>\n<meta property=\"og:locale\" content=\"en_US\" \/>\n<meta property=\"og:type\" content=\"article\" \/>\n<meta property=\"og:title\" content=\"raxxa Canva: Rotterdam\" \/>\n<meta property=\"og:description\" content=\"&quot;Rotterdam&quot; by Steffen Gierok-Latniak Genie\u00dfen Sie das atemberaubende Stadtpanorama dieser k\u00fcnstlerischen Darstellung, die die harmonische Verbindung von historischen Geb\u00e4uden und moderner Architektur einf\u00e4ngt. Diese malerische Szenerie zeigt charmante H\u00e4user mit bunten Fassaden, die am ruhigen Wasser eines Kanals stehen. Im Hintergrund erhebt sich eine beeindruckende Br\u00fccke, die traditionelle und moderne Elemente auf elegante Weise vereint. [&hellip;]\" \/>\n<meta property=\"og:url\" content=\"https:\/\/www.raxxa.com\/en\/shop\/raxxa-canva-rotterdam\/\" \/>\n<meta property=\"og:site_name\" content=\"raxxa\" \/>\n<meta property=\"article:publisher\" content=\"https:\/\/facebook.com\/raxxacom\" \/>\n<meta property=\"article:modified_time\" content=\"2025-07-29T20:04:58+00:00\" \/>\n<meta name=\"twitter:card\" content=\"summary_large_image\" \/>\n<meta name=\"twitter:label1\" content=\"Availability\" \/>\n\t<meta name=\"twitter:data1\" content=\"In stock\" \/>\n<script type=\"application\/ld+json\" class=\"yoast-schema-graph\">{\"@context\":\"https:\\\/\\\/schema.org\",\"@graph\":[{\"@type\":[\"WebPage\",\"ItemPage\"],\"@id\":\"https:\\\/\\\/www.raxxa.com\\\/shop\\\/raxxa-canva-rotterdam\\\/\",\"url\":\"https:\\\/\\\/www.raxxa.com\\\/shop\\\/raxxa-canva-rotterdam\\\/\",\"name\":\"raxxa Canva: Rotterdam - raxxa\",\"isPartOf\":{\"@id\":\"https:\\\/\\\/www.raxxa.com\\\/#website\"},\"primaryImageOfPage\":{\"@id\":\"https:\\\/\\\/www.raxxa.com\\\/shop\\\/raxxa-canva-rotterdam\\\/#primaryimage\"},\"image\":{\"@id\":\"https:\\\/\\\/www.raxxa.com\\\/shop\\\/raxxa-canva-rotterdam\\\/#primaryimage\"},\"thumbnailUrl\":\"https:\\\/\\\/www.raxxa.com\\\/wp-content\\\/uploads\\\/2025\\\/07\\\/raxxa-Canvas-331-19540-133-Steffen-Gierok-Latniak-Rotterdam-4-scaled.jpg\",\"datePublished\":\"2025-07-29T20:03:37+00:00\",\"dateModified\":\"2025-07-29T20:04:58+00:00\",\"breadcrumb\":{\"@id\":\"https:\\\/\\\/www.raxxa.com\\\/shop\\\/raxxa-canva-rotterdam\\\/#breadcrumb\"},\"inLanguage\":\"en-US\",\"potentialAction\":[{\"@type\":\"ReadAction\",\"target\":[\"https:\\\/\\\/www.raxxa.com\\\/shop\\\/raxxa-canva-rotterdam\\\/\"]}]},{\"@type\":\"ImageObject\",\"inLanguage\":\"en-US\",\"@id\":\"https:\\\/\\\/www.raxxa.com\\\/shop\\\/raxxa-canva-rotterdam\\\/#primaryimage\",\"url\":\"https:\\\/\\\/www.raxxa.com\\\/wp-content\\\/uploads\\\/2025\\\/07\\\/raxxa-Canvas-331-19540-133-Steffen-Gierok-Latniak-Rotterdam-4-scaled.jpg\",\"contentUrl\":\"https:\\\/\\\/www.raxxa.com\\\/wp-content\\\/uploads\\\/2025\\\/07\\\/raxxa-Canvas-331-19540-133-Steffen-Gierok-Latniak-Rotterdam-4-scaled.jpg\",\"width\":2560,\"height\":2560},{\"@type\":\"BreadcrumbList\",\"@id\":\"https:\\\/\\\/www.raxxa.com\\\/shop\\\/raxxa-canva-rotterdam\\\/#breadcrumb\",\"itemListElement\":[{\"@type\":\"ListItem\",\"position\":1,\"name\":\"Startseite\",\"item\":\"https:\\\/\\\/www.raxxa.com\\\/\"},{\"@type\":\"ListItem\",\"position\":2,\"name\":\"Shop\",\"item\":\"https:\\\/\\\/www.raxxa.com\\\/it\\\/shop\\\/\"},{\"@type\":\"ListItem\",\"position\":3,\"name\":\"raxxa Canva: Rotterdam\"}]},{\"@type\":\"WebSite\",\"@id\":\"https:\\\/\\\/www.raxxa.com\\\/#website\",\"url\":\"https:\\\/\\\/www.raxxa.com\\\/\",\"name\":\"raxxa\",\"description\":\"Einzigartige individuelle Produkte von unseren Designern\",\"publisher\":{\"@id\":\"https:\\\/\\\/www.raxxa.com\\\/#organization\"},\"potentialAction\":[{\"@type\":\"SearchAction\",\"target\":{\"@type\":\"EntryPoint\",\"urlTemplate\":\"https:\\\/\\\/www.raxxa.com\\\/?s={search_term_string}\"},\"query-input\":{\"@type\":\"PropertyValueSpecification\",\"valueRequired\":true,\"valueName\":\"search_term_string\"}}],\"inLanguage\":\"en-US\"},{\"@type\":\"Organization\",\"@id\":\"https:\\\/\\\/www.raxxa.com\\\/#organization\",\"name\":\"raxxa\",\"url\":\"https:\\\/\\\/www.raxxa.com\\\/\",\"logo\":{\"@type\":\"ImageObject\",\"inLanguage\":\"en-US\",\"@id\":\"https:\\\/\\\/www.raxxa.com\\\/#\\\/schema\\\/logo\\\/image\\\/\",\"url\":\"https:\\\/\\\/www.raxxa.com\\\/wp-content\\\/uploads\\\/2022\\\/07\\\/logo_v2.png\",\"contentUrl\":\"https:\\\/\\\/www.raxxa.com\\\/wp-content\\\/uploads\\\/2022\\\/07\\\/logo_v2.png\",\"width\":380,\"height\":382,\"caption\":\"raxxa\"},\"image\":{\"@id\":\"https:\\\/\\\/www.raxxa.com\\\/#\\\/schema\\\/logo\\\/image\\\/\"},\"sameAs\":[\"https:\\\/\\\/facebook.com\\\/raxxacom\"]}]}<\/script>\n<meta property=\"og:availability\" content=\"instock\" \/>\n<meta property=\"product:availability\" content=\"instock\" \/>\n<meta property=\"product:retailer_item_id\" content=\"1-133-19540-331\" \/>\n<meta property=\"product:condition\" content=\"new\" \/>\n<!-- \/ Yoast SEO Premium plugin. -->","yoast_head_json":{"title":"raxxa Canva: Rotterdam - raxxa","robots":{"index":"index","follow":"follow","max-snippet":"max-snippet:-1","max-image-preview":"max-image-preview:large","max-video-preview":"max-video-preview:-1"},"canonical":"https:\/\/www.raxxa.com\/en\/shop\/raxxa-canva-rotterdam\/","og_locale":"en_US","og_type":"article","og_title":"raxxa Canva: Rotterdam","og_description":"&quot;Rotterdam&quot; by Steffen Gierok-Latniak Genie\u00dfen Sie das atemberaubende Stadtpanorama dieser k\u00fcnstlerischen Darstellung, die die harmonische Verbindung von historischen Geb\u00e4uden und moderner Architektur einf\u00e4ngt. Diese malerische Szenerie zeigt charmante H\u00e4user mit bunten Fassaden, die am ruhigen Wasser eines Kanals stehen. Im Hintergrund erhebt sich eine beeindruckende Br\u00fccke, die traditionelle und moderne Elemente auf elegante Weise vereint. [&hellip;]","og_url":"https:\/\/www.raxxa.com\/en\/shop\/raxxa-canva-rotterdam\/","og_site_name":"raxxa","article_publisher":"https:\/\/facebook.com\/raxxacom","article_modified_time":"2025-07-29T20:04:58+00:00","twitter_card":"summary_large_image","twitter_misc":{"Availability":"In stock"},"schema":{"@context":"https:\/\/schema.org","@graph":[{"@type":["WebPage","ItemPage"],"@id":"https:\/\/www.raxxa.com\/shop\/raxxa-canva-rotterdam\/","url":"https:\/\/www.raxxa.com\/shop\/raxxa-canva-rotterdam\/","name":"raxxa Canva: Rotterdam - raxxa","isPartOf":{"@id":"https:\/\/www.raxxa.com\/#website"},"primaryImageOfPage":{"@id":"https:\/\/www.raxxa.com\/shop\/raxxa-canva-rotterdam\/#primaryimage"},"image":{"@id":"https:\/\/www.raxxa.com\/shop\/raxxa-canva-rotterdam\/#primaryimage"},"thumbnailUrl":"https:\/\/www.raxxa.com\/wp-content\/uploads\/2025\/07\/raxxa-Canvas-331-19540-133-Steffen-Gierok-Latniak-Rotterdam-4-scaled.jpg","datePublished":"2025-07-29T20:03:37+00:00","dateModified":"2025-07-29T20:04:58+00:00","breadcrumb":{"@id":"https:\/\/www.raxxa.com\/shop\/raxxa-canva-rotterdam\/#breadcrumb"},"inLanguage":"en-US","potentialAction":[{"@type":"ReadAction","target":["https:\/\/www.raxxa.com\/shop\/raxxa-canva-rotterdam\/"]}]},{"@type":"ImageObject","inLanguage":"en-US","@id":"https:\/\/www.raxxa.com\/shop\/raxxa-canva-rotterdam\/#primaryimage","url":"https:\/\/www.raxxa.com\/wp-content\/uploads\/2025\/07\/raxxa-Canvas-331-19540-133-Steffen-Gierok-Latniak-Rotterdam-4-scaled.jpg","contentUrl":"https:\/\/www.raxxa.com\/wp-content\/uploads\/2025\/07\/raxxa-Canvas-331-19540-133-Steffen-Gierok-Latniak-Rotterdam-4-scaled.jpg","width":2560,"height":2560},{"@type":"BreadcrumbList","@id":"https:\/\/www.raxxa.com\/shop\/raxxa-canva-rotterdam\/#breadcrumb","itemListElement":[{"@type":"ListItem","position":1,"name":"Startseite","item":"https:\/\/www.raxxa.com\/"},{"@type":"ListItem","position":2,"name":"Shop","item":"https:\/\/www.raxxa.com\/it\/shop\/"},{"@type":"ListItem","position":3,"name":"raxxa Canva: Rotterdam"}]},{"@type":"WebSite","@id":"https:\/\/www.raxxa.com\/#website","url":"https:\/\/www.raxxa.com\/","name":"raxxa","description":"Unique individual products from our designers","publisher":{"@id":"https:\/\/www.raxxa.com\/#organization"},"potentialAction":[{"@type":"SearchAction","target":{"@type":"EntryPoint","urlTemplate":"https:\/\/www.raxxa.com\/?s={search_term_string}"},"query-input":{"@type":"PropertyValueSpecification","valueRequired":true,"valueName":"search_term_string"}}],"inLanguage":"en-US"},{"@type":"Organization","@id":"https:\/\/www.raxxa.com\/#organization","name":"raxxa","url":"https:\/\/www.raxxa.com\/","logo":{"@type":"ImageObject","inLanguage":"en-US","@id":"https:\/\/www.raxxa.com\/#\/schema\/logo\/image\/","url":"https:\/\/www.raxxa.com\/wp-content\/uploads\/2022\/07\/logo_v2.png","contentUrl":"https:\/\/www.raxxa.com\/wp-content\/uploads\/2022\/07\/logo_v2.png","width":380,"height":382,"caption":"raxxa"},"image":{"@id":"https:\/\/www.raxxa.com\/#\/schema\/logo\/image\/"},"sameAs":["https:\/\/facebook.com\/raxxacom"]}]},"og_availability":"instock","product_availability":"instock","product_retailer_item_id":"1-133-19540-331","product_condition":"new"},"jetpack_sharing_enabled":true,"_links":{"self":[{"href":"https:\/\/www.raxxa.com\/en\/wp-json\/wp\/v2\/product\/230984","targetHints":{"allow":["GET"]}}],"collection":[{"href":"https:\/\/www.raxxa.com\/en\/wp-json\/wp\/v2\/product"}],"about":[{"href":"https:\/\/www.raxxa.com\/en\/wp-json\/wp\/v2\/types\/product"}],"replies":[{"embeddable":true,"href":"https:\/\/www.raxxa.com\/en\/wp-json\/wp\/v2\/comments?post=230984"}],"wp:featuredmedia":[{"embeddable":true,"href":"https:\/\/www.raxxa.com\/en\/wp-json\/wp\/v2\/media\/230990"}],"wp:attachment":[{"href":"https:\/\/www.raxxa.com\/en\/wp-json\/wp\/v2\/media?parent=230984"}],"wp:term":[{"taxonomy":"product_brand","embeddable":true,"href":"https:\/\/www.raxxa.com\/en\/wp-json\/wp\/v2\/product_brand?post=230984"},{"taxonomy":"product_cat","embeddable":true,"href":"https:\/\/www.raxxa.com\/en\/wp-json\/wp\/v2\/product_cat?post=230984"},{"taxonomy":"product_tag","embeddable":true,"href":"https:\/\/www.raxxa.com\/en\/wp-json\/wp\/v2\/product_tag?post=230984"}],"curies":[{"name":"wp","href":"https:\/\/api.w.org\/{rel}","templated":true}]}}