{"id":230921,"date":"2025-07-29T21:58:47","date_gmt":"2025-07-29T19:58:47","guid":{"rendered":"https:\/\/www.raxxa.com\/?post_type=product&#038;p=230921"},"modified":"2025-07-29T22:00:09","modified_gmt":"2025-07-29T20:00:09","slug":"raxxa-canva-budapest","status":"publish","type":"product","link":"https:\/\/www.raxxa.com\/en\/shop\/raxxa-canva-budapest\/","title":{"rendered":"raxxa Canva: Budapest"},"content":{"rendered":"<h3><strong>&quot;Budapest&quot; by Steffen Gierok-Latniak<\/strong><\/h3>\n<p><strong><\/strong><\/p>\n<p>Entdecken Sie die Sch\u00f6nheit von Budapest mit unserem einzigartigen Produkten des ungarischen Parlamentsgeb\u00e4udes, das am Ufer der Donau thront. Dieses beeindruckende Bild f\u00e4ngt den majest\u00e4tischen Charme des historischen Geb\u00e4udes ein, umgeben von der malerischen Kulisse der Stadt. Die lebendigen Farben und der romantische Himmel verleihen jedem Raum eine einladende Atmosph\u00e4re.<\/p>\n<p>&nbsp;<\/p>\n<ul><li>Classic canvas with 2 cm edge, 100 % polyester.<\/li><li>High-quality HP latex inks with UV protection that ensure vibrant colors and lightfastness.<\/li><li>Wooden frame FSC-certified<\/li><li>This product can be made especially for you in the size and design you require.<\/li><\/ul>","protected":false},"excerpt":{"rendered":"<p>&quot;Budapest&quot; by Steffen Gierok-Latniak Entdecken Sie die Sch\u00f6nheit von Budapest mit unserem einzigartigen Produkten des ungarischen Parlamentsgeb\u00e4udes, das am Ufer der Donau thront. Dieses beeindruckende Bild f\u00e4ngt den majest\u00e4tischen Charme des historischen Geb\u00e4udes ein, umgeben von der malerischen Kulisse der Stadt. Die lebendigen Farben und der romantische Himmel verleihen jedem Raum eine einladende Atmosph\u00e4re. &nbsp;<\/p>","protected":false},"featured_media":230927,"comment_status":"open","ping_status":"closed","template":"","meta":[],"product_brand":[],"product_cat":[12937,12580,134],"product_tag":[13385],"class_list":{"0":"post-230921","1":"product","2":"type-product","3":"status-publish","4":"has-post-thumbnail","6":"product_cat-canvas","7":"product_cat-steffen-gierok","8":"product_cat-orte","9":"product_tag-budapest-ungarisches-parlament-architektur-kunstdruck-wanddekoration-stadtansicht-reise-geschenkidee-malerei-druck-historisch-kultur-landschaft-donau-europaeische-staedte-postcrossing-postcard-puzzle","10":"product_shipping_class-versand-canvas","12":"first","13":"instock","14":"taxable","15":"shipping-taxable","16":"purchasable","17":"product-type-variable"},"yoast_head":"<!-- This site is optimized with the Yoast SEO Premium plugin v27.2 (Yoast SEO v27.3) - https:\/\/yoast.com\/product\/yoast-seo-premium-wordpress\/ -->\n<title>raxxa Canva: Budapest - raxxa<\/title>\n<meta name=\"robots\" content=\"index, follow, max-snippet:-1, max-image-preview:large, max-video-preview:-1\" \/>\n<link rel=\"canonical\" href=\"https:\/\/www.raxxa.com\/en\/shop\/raxxa-canva-budapest\/\" \/>\n<meta property=\"og:locale\" content=\"en_US\" \/>\n<meta property=\"og:type\" content=\"article\" \/>\n<meta property=\"og:title\" content=\"raxxa Canva: Budapest\" \/>\n<meta property=\"og:description\" content=\"&quot;Budapest&quot; by Steffen Gierok-Latniak Entdecken Sie die Sch\u00f6nheit von Budapest mit unserem einzigartigen Produkten des ungarischen Parlamentsgeb\u00e4udes, das am Ufer der Donau thront. Dieses beeindruckende Bild f\u00e4ngt den majest\u00e4tischen Charme des historischen Geb\u00e4udes ein, umgeben von der malerischen Kulisse der Stadt. Die lebendigen Farben und der romantische Himmel verleihen jedem Raum eine einladende Atmosph\u00e4re. &nbsp;\" \/>\n<meta property=\"og:url\" content=\"https:\/\/www.raxxa.com\/en\/shop\/raxxa-canva-budapest\/\" \/>\n<meta property=\"og:site_name\" content=\"raxxa\" \/>\n<meta property=\"article:publisher\" content=\"https:\/\/facebook.com\/raxxacom\" \/>\n<meta property=\"article:modified_time\" content=\"2025-07-29T20:00:09+00:00\" \/>\n<meta name=\"twitter:card\" content=\"summary_large_image\" \/>\n<meta name=\"twitter:label1\" content=\"Availability\" \/>\n\t<meta name=\"twitter:data1\" content=\"In stock\" \/>\n<script type=\"application\/ld+json\" class=\"yoast-schema-graph\">{\"@context\":\"https:\\\/\\\/schema.org\",\"@graph\":[{\"@type\":[\"WebPage\",\"ItemPage\"],\"@id\":\"https:\\\/\\\/www.raxxa.com\\\/shop\\\/raxxa-canva-budapest\\\/\",\"url\":\"https:\\\/\\\/www.raxxa.com\\\/shop\\\/raxxa-canva-budapest\\\/\",\"name\":\"raxxa Canva: Budapest - raxxa\",\"isPartOf\":{\"@id\":\"https:\\\/\\\/www.raxxa.com\\\/#website\"},\"primaryImageOfPage\":{\"@id\":\"https:\\\/\\\/www.raxxa.com\\\/shop\\\/raxxa-canva-budapest\\\/#primaryimage\"},\"image\":{\"@id\":\"https:\\\/\\\/www.raxxa.com\\\/shop\\\/raxxa-canva-budapest\\\/#primaryimage\"},\"thumbnailUrl\":\"https:\\\/\\\/www.raxxa.com\\\/wp-content\\\/uploads\\\/2025\\\/07\\\/raxxa-Canvas-331-19532-133-Steffen-Gierok-Latniak-Budapest-9-scaled.jpg\",\"datePublished\":\"2025-07-29T19:58:47+00:00\",\"dateModified\":\"2025-07-29T20:00:09+00:00\",\"breadcrumb\":{\"@id\":\"https:\\\/\\\/www.raxxa.com\\\/shop\\\/raxxa-canva-budapest\\\/#breadcrumb\"},\"inLanguage\":\"en-US\",\"potentialAction\":[{\"@type\":\"ReadAction\",\"target\":[\"https:\\\/\\\/www.raxxa.com\\\/shop\\\/raxxa-canva-budapest\\\/\"]}]},{\"@type\":\"ImageObject\",\"inLanguage\":\"en-US\",\"@id\":\"https:\\\/\\\/www.raxxa.com\\\/shop\\\/raxxa-canva-budapest\\\/#primaryimage\",\"url\":\"https:\\\/\\\/www.raxxa.com\\\/wp-content\\\/uploads\\\/2025\\\/07\\\/raxxa-Canvas-331-19532-133-Steffen-Gierok-Latniak-Budapest-9-scaled.jpg\",\"contentUrl\":\"https:\\\/\\\/www.raxxa.com\\\/wp-content\\\/uploads\\\/2025\\\/07\\\/raxxa-Canvas-331-19532-133-Steffen-Gierok-Latniak-Budapest-9-scaled.jpg\",\"width\":2560,\"height\":2276},{\"@type\":\"BreadcrumbList\",\"@id\":\"https:\\\/\\\/www.raxxa.com\\\/shop\\\/raxxa-canva-budapest\\\/#breadcrumb\",\"itemListElement\":[{\"@type\":\"ListItem\",\"position\":1,\"name\":\"Startseite\",\"item\":\"https:\\\/\\\/www.raxxa.com\\\/\"},{\"@type\":\"ListItem\",\"position\":2,\"name\":\"Shop\",\"item\":\"https:\\\/\\\/www.raxxa.com\\\/it\\\/shop\\\/\"},{\"@type\":\"ListItem\",\"position\":3,\"name\":\"raxxa Canva: Budapest\"}]},{\"@type\":\"WebSite\",\"@id\":\"https:\\\/\\\/www.raxxa.com\\\/#website\",\"url\":\"https:\\\/\\\/www.raxxa.com\\\/\",\"name\":\"raxxa\",\"description\":\"Einzigartige individuelle Produkte von unseren Designern\",\"publisher\":{\"@id\":\"https:\\\/\\\/www.raxxa.com\\\/#organization\"},\"potentialAction\":[{\"@type\":\"SearchAction\",\"target\":{\"@type\":\"EntryPoint\",\"urlTemplate\":\"https:\\\/\\\/www.raxxa.com\\\/?s={search_term_string}\"},\"query-input\":{\"@type\":\"PropertyValueSpecification\",\"valueRequired\":true,\"valueName\":\"search_term_string\"}}],\"inLanguage\":\"en-US\"},{\"@type\":\"Organization\",\"@id\":\"https:\\\/\\\/www.raxxa.com\\\/#organization\",\"name\":\"raxxa\",\"url\":\"https:\\\/\\\/www.raxxa.com\\\/\",\"logo\":{\"@type\":\"ImageObject\",\"inLanguage\":\"en-US\",\"@id\":\"https:\\\/\\\/www.raxxa.com\\\/#\\\/schema\\\/logo\\\/image\\\/\",\"url\":\"https:\\\/\\\/www.raxxa.com\\\/wp-content\\\/uploads\\\/2022\\\/07\\\/logo_v2.png\",\"contentUrl\":\"https:\\\/\\\/www.raxxa.com\\\/wp-content\\\/uploads\\\/2022\\\/07\\\/logo_v2.png\",\"width\":380,\"height\":382,\"caption\":\"raxxa\"},\"image\":{\"@id\":\"https:\\\/\\\/www.raxxa.com\\\/#\\\/schema\\\/logo\\\/image\\\/\"},\"sameAs\":[\"https:\\\/\\\/facebook.com\\\/raxxacom\"]}]}<\/script>\n<meta property=\"og:availability\" content=\"instock\" \/>\n<meta property=\"product:availability\" content=\"instock\" \/>\n<meta property=\"product:retailer_item_id\" content=\"1-133-19532-331\" \/>\n<meta property=\"product:condition\" content=\"new\" \/>\n<!-- \/ Yoast SEO Premium plugin. -->","yoast_head_json":{"title":"raxxa Canva: Budapest - raxxa","robots":{"index":"index","follow":"follow","max-snippet":"max-snippet:-1","max-image-preview":"max-image-preview:large","max-video-preview":"max-video-preview:-1"},"canonical":"https:\/\/www.raxxa.com\/en\/shop\/raxxa-canva-budapest\/","og_locale":"en_US","og_type":"article","og_title":"raxxa Canva: Budapest","og_description":"&quot;Budapest&quot; by Steffen Gierok-Latniak Entdecken Sie die Sch\u00f6nheit von Budapest mit unserem einzigartigen Produkten des ungarischen Parlamentsgeb\u00e4udes, das am Ufer der Donau thront. Dieses beeindruckende Bild f\u00e4ngt den majest\u00e4tischen Charme des historischen Geb\u00e4udes ein, umgeben von der malerischen Kulisse der Stadt. Die lebendigen Farben und der romantische Himmel verleihen jedem Raum eine einladende Atmosph\u00e4re. &nbsp;","og_url":"https:\/\/www.raxxa.com\/en\/shop\/raxxa-canva-budapest\/","og_site_name":"raxxa","article_publisher":"https:\/\/facebook.com\/raxxacom","article_modified_time":"2025-07-29T20:00:09+00:00","twitter_card":"summary_large_image","twitter_misc":{"Availability":"In stock"},"schema":{"@context":"https:\/\/schema.org","@graph":[{"@type":["WebPage","ItemPage"],"@id":"https:\/\/www.raxxa.com\/shop\/raxxa-canva-budapest\/","url":"https:\/\/www.raxxa.com\/shop\/raxxa-canva-budapest\/","name":"raxxa Canva: Budapest - raxxa","isPartOf":{"@id":"https:\/\/www.raxxa.com\/#website"},"primaryImageOfPage":{"@id":"https:\/\/www.raxxa.com\/shop\/raxxa-canva-budapest\/#primaryimage"},"image":{"@id":"https:\/\/www.raxxa.com\/shop\/raxxa-canva-budapest\/#primaryimage"},"thumbnailUrl":"https:\/\/www.raxxa.com\/wp-content\/uploads\/2025\/07\/raxxa-Canvas-331-19532-133-Steffen-Gierok-Latniak-Budapest-9-scaled.jpg","datePublished":"2025-07-29T19:58:47+00:00","dateModified":"2025-07-29T20:00:09+00:00","breadcrumb":{"@id":"https:\/\/www.raxxa.com\/shop\/raxxa-canva-budapest\/#breadcrumb"},"inLanguage":"en-US","potentialAction":[{"@type":"ReadAction","target":["https:\/\/www.raxxa.com\/shop\/raxxa-canva-budapest\/"]}]},{"@type":"ImageObject","inLanguage":"en-US","@id":"https:\/\/www.raxxa.com\/shop\/raxxa-canva-budapest\/#primaryimage","url":"https:\/\/www.raxxa.com\/wp-content\/uploads\/2025\/07\/raxxa-Canvas-331-19532-133-Steffen-Gierok-Latniak-Budapest-9-scaled.jpg","contentUrl":"https:\/\/www.raxxa.com\/wp-content\/uploads\/2025\/07\/raxxa-Canvas-331-19532-133-Steffen-Gierok-Latniak-Budapest-9-scaled.jpg","width":2560,"height":2276},{"@type":"BreadcrumbList","@id":"https:\/\/www.raxxa.com\/shop\/raxxa-canva-budapest\/#breadcrumb","itemListElement":[{"@type":"ListItem","position":1,"name":"Startseite","item":"https:\/\/www.raxxa.com\/"},{"@type":"ListItem","position":2,"name":"Shop","item":"https:\/\/www.raxxa.com\/it\/shop\/"},{"@type":"ListItem","position":3,"name":"raxxa Canva: Budapest"}]},{"@type":"WebSite","@id":"https:\/\/www.raxxa.com\/#website","url":"https:\/\/www.raxxa.com\/","name":"raxxa","description":"Unique individual products from our designers","publisher":{"@id":"https:\/\/www.raxxa.com\/#organization"},"potentialAction":[{"@type":"SearchAction","target":{"@type":"EntryPoint","urlTemplate":"https:\/\/www.raxxa.com\/?s={search_term_string}"},"query-input":{"@type":"PropertyValueSpecification","valueRequired":true,"valueName":"search_term_string"}}],"inLanguage":"en-US"},{"@type":"Organization","@id":"https:\/\/www.raxxa.com\/#organization","name":"raxxa","url":"https:\/\/www.raxxa.com\/","logo":{"@type":"ImageObject","inLanguage":"en-US","@id":"https:\/\/www.raxxa.com\/#\/schema\/logo\/image\/","url":"https:\/\/www.raxxa.com\/wp-content\/uploads\/2022\/07\/logo_v2.png","contentUrl":"https:\/\/www.raxxa.com\/wp-content\/uploads\/2022\/07\/logo_v2.png","width":380,"height":382,"caption":"raxxa"},"image":{"@id":"https:\/\/www.raxxa.com\/#\/schema\/logo\/image\/"},"sameAs":["https:\/\/facebook.com\/raxxacom"]}]},"og_availability":"instock","product_availability":"instock","product_retailer_item_id":"1-133-19532-331","product_condition":"new"},"jetpack_sharing_enabled":true,"_links":{"self":[{"href":"https:\/\/www.raxxa.com\/en\/wp-json\/wp\/v2\/product\/230921","targetHints":{"allow":["GET"]}}],"collection":[{"href":"https:\/\/www.raxxa.com\/en\/wp-json\/wp\/v2\/product"}],"about":[{"href":"https:\/\/www.raxxa.com\/en\/wp-json\/wp\/v2\/types\/product"}],"replies":[{"embeddable":true,"href":"https:\/\/www.raxxa.com\/en\/wp-json\/wp\/v2\/comments?post=230921"}],"wp:featuredmedia":[{"embeddable":true,"href":"https:\/\/www.raxxa.com\/en\/wp-json\/wp\/v2\/media\/230927"}],"wp:attachment":[{"href":"https:\/\/www.raxxa.com\/en\/wp-json\/wp\/v2\/media?parent=230921"}],"wp:term":[{"taxonomy":"product_brand","embeddable":true,"href":"https:\/\/www.raxxa.com\/en\/wp-json\/wp\/v2\/product_brand?post=230921"},{"taxonomy":"product_cat","embeddable":true,"href":"https:\/\/www.raxxa.com\/en\/wp-json\/wp\/v2\/product_cat?post=230921"},{"taxonomy":"product_tag","embeddable":true,"href":"https:\/\/www.raxxa.com\/en\/wp-json\/wp\/v2\/product_tag?post=230921"}],"curies":[{"name":"wp","href":"https:\/\/api.w.org\/{rel}","templated":true}]}}