{"id":217755,"date":"2025-02-22T23:51:25","date_gmt":"2025-02-22T21:51:25","guid":{"rendered":"https:\/\/www.raxxa.com\/?post_type=product&#038;p=217755"},"modified":"2025-10-30T23:24:34","modified_gmt":"2025-10-30T21:24:34","slug":"poster-der-hafen-von-buesum","status":"publish","type":"product","link":"https:\/\/www.raxxa.com\/en\/shop\/poster-der-hafen-von-buesum\/","title":{"rendered":"Poster: The harbor of B\u00fcsum"},"content":{"rendered":"<h3><strong>\"The harbor of B\u00fcsum\" by Andrea Potratz<\/strong><\/h3>\n<p><strong><\/strong><\/p>\n<p>The port of B\u00fcsum is a lively and central part of the North German coastal town on the North Sea. It serves both as a fishing port and as a starting point for numerous leisure activities and ferry connections to the nearby islands, such as Helgoland.<\/p>\n<p>&nbsp;<\/p>\n<ul><li>Museum quality poster on durable matte (uncoated) archival paper.<\/li><li>Paper weight: 250 g \/ m\u00b2.<\/li><li>Shipped in a sturdy package to protect the poster.<\/li><li>This product can be made especially for you in the size and design you require.<\/li><\/ul>","protected":false},"excerpt":{"rendered":"<p>&quot;Der Hafen von B\u00fcsum&quot; by Andrea Potratz Der Hafen von B\u00fcsum ist ein lebendiger und zentraler Bestandteil des norddeutschen K\u00fcstenortes an der Nordsee. Er dient sowohl als Fischereihafen als auch als Ausgangspunkt f\u00fcr zahlreiche Freizeitaktivit\u00e4ten und F\u00e4hrverbindungen zu den nahegelegenen Inseln, wie z.B. Helgoland. &nbsp;<\/p>","protected":false},"featured_media":245421,"comment_status":"open","ping_status":"closed","template":"","meta":[],"product_brand":[],"product_cat":[10378,12973,163],"product_tag":[12988],"class_list":{"0":"post-217755","1":"product","2":"type-product","3":"status-publish","4":"has-post-thumbnail","6":"product_cat-poster","7":"product_cat-andrea-potratz","8":"product_cat-stimmung","9":"product_tag-nordsee-buesum-haffen-schiffe","10":"product_shipping_class-versand-t-shirts1","12":"first","13":"instock","14":"taxable","15":"shipping-taxable","16":"purchasable","17":"product-type-variable"},"yoast_head":"<!-- This site is optimized with the Yoast SEO Premium plugin v27.2 (Yoast SEO v27.3) - https:\/\/yoast.com\/product\/yoast-seo-premium-wordpress\/ -->\n<title>Poster: Der Hafen von B\u00fcsum - raxxa<\/title>\n<meta name=\"robots\" content=\"index, follow, max-snippet:-1, max-image-preview:large, max-video-preview:-1\" \/>\n<link rel=\"canonical\" href=\"https:\/\/www.raxxa.com\/en\/shop\/poster-der-hafen-von-buesum\/\" \/>\n<meta property=\"og:locale\" content=\"en_US\" \/>\n<meta property=\"og:type\" content=\"article\" \/>\n<meta property=\"og:title\" content=\"Poster: Der Hafen von B\u00fcsum\" \/>\n<meta property=\"og:description\" content=\"&quot;Der Hafen von B\u00fcsum&quot; by Andrea Potratz Der Hafen von B\u00fcsum ist ein lebendiger und zentraler Bestandteil des norddeutschen K\u00fcstenortes an der Nordsee. Er dient sowohl als Fischereihafen als auch als Ausgangspunkt f\u00fcr zahlreiche Freizeitaktivit\u00e4ten und F\u00e4hrverbindungen zu den nahegelegenen Inseln, wie z.B. Helgoland. &nbsp;\" \/>\n<meta property=\"og:url\" content=\"https:\/\/www.raxxa.com\/en\/shop\/poster-der-hafen-von-buesum\/\" \/>\n<meta property=\"og:site_name\" content=\"raxxa\" \/>\n<meta property=\"article:publisher\" content=\"https:\/\/facebook.com\/raxxacom\" \/>\n<meta property=\"article:modified_time\" content=\"2025-10-30T21:24:34+00:00\" \/>\n<meta property=\"og:image\" content=\"https:\/\/www.raxxa.com\/wp-content\/uploads\/2025\/02\/raxxa-Wallart-348-19694-84-Andrea-Potratz-Der-Hafen-von-Buesum-10.jpg\" \/>\n\t<meta property=\"og:image:width\" content=\"1024\" \/>\n\t<meta property=\"og:image:height\" content=\"1024\" \/>\n\t<meta property=\"og:image:type\" content=\"image\/jpeg\" \/>\n<meta name=\"twitter:card\" content=\"summary_large_image\" \/>\n<meta name=\"twitter:label1\" content=\"Availability\" \/>\n\t<meta name=\"twitter:data1\" content=\"In stock\" \/>\n<script type=\"application\/ld+json\" class=\"yoast-schema-graph\">{\"@context\":\"https:\\\/\\\/schema.org\",\"@graph\":[{\"@type\":[\"WebPage\",\"ItemPage\"],\"@id\":\"https:\\\/\\\/www.raxxa.com\\\/shop\\\/poster-der-hafen-von-buesum\\\/\",\"url\":\"https:\\\/\\\/www.raxxa.com\\\/shop\\\/poster-der-hafen-von-buesum\\\/\",\"name\":\"Poster: Der Hafen von B\u00fcsum - raxxa\",\"isPartOf\":{\"@id\":\"https:\\\/\\\/www.raxxa.com\\\/#website\"},\"primaryImageOfPage\":{\"@id\":\"https:\\\/\\\/www.raxxa.com\\\/shop\\\/poster-der-hafen-von-buesum\\\/#primaryimage\"},\"image\":{\"@id\":\"https:\\\/\\\/www.raxxa.com\\\/shop\\\/poster-der-hafen-von-buesum\\\/#primaryimage\"},\"thumbnailUrl\":\"https:\\\/\\\/www.raxxa.com\\\/wp-content\\\/uploads\\\/2025\\\/02\\\/raxxa-Wallart-348-19694-84-Andrea-Potratz-Der-Hafen-von-Buesum-18-1.jpg\",\"datePublished\":\"2025-02-22T21:51:25+00:00\",\"dateModified\":\"2025-10-30T21:24:34+00:00\",\"breadcrumb\":{\"@id\":\"https:\\\/\\\/www.raxxa.com\\\/shop\\\/poster-der-hafen-von-buesum\\\/#breadcrumb\"},\"inLanguage\":\"en-US\",\"potentialAction\":[{\"@type\":\"ReadAction\",\"target\":[\"https:\\\/\\\/www.raxxa.com\\\/shop\\\/poster-der-hafen-von-buesum\\\/\"]}]},{\"@type\":\"ImageObject\",\"inLanguage\":\"en-US\",\"@id\":\"https:\\\/\\\/www.raxxa.com\\\/shop\\\/poster-der-hafen-von-buesum\\\/#primaryimage\",\"url\":\"https:\\\/\\\/www.raxxa.com\\\/wp-content\\\/uploads\\\/2025\\\/02\\\/raxxa-Wallart-348-19694-84-Andrea-Potratz-Der-Hafen-von-Buesum-18-1.jpg\",\"contentUrl\":\"https:\\\/\\\/www.raxxa.com\\\/wp-content\\\/uploads\\\/2025\\\/02\\\/raxxa-Wallart-348-19694-84-Andrea-Potratz-Der-Hafen-von-Buesum-18-1.jpg\",\"width\":1024,\"height\":1024},{\"@type\":\"BreadcrumbList\",\"@id\":\"https:\\\/\\\/www.raxxa.com\\\/shop\\\/poster-der-hafen-von-buesum\\\/#breadcrumb\",\"itemListElement\":[{\"@type\":\"ListItem\",\"position\":1,\"name\":\"Startseite\",\"item\":\"https:\\\/\\\/www.raxxa.com\\\/\"},{\"@type\":\"ListItem\",\"position\":2,\"name\":\"Shop\",\"item\":\"https:\\\/\\\/www.raxxa.com\\\/it\\\/shop\\\/\"},{\"@type\":\"ListItem\",\"position\":3,\"name\":\"Poster: Der Hafen von B\u00fcsum\"}]},{\"@type\":\"WebSite\",\"@id\":\"https:\\\/\\\/www.raxxa.com\\\/#website\",\"url\":\"https:\\\/\\\/www.raxxa.com\\\/\",\"name\":\"raxxa\",\"description\":\"Einzigartige individuelle Produkte von unseren Designern\",\"publisher\":{\"@id\":\"https:\\\/\\\/www.raxxa.com\\\/#organization\"},\"potentialAction\":[{\"@type\":\"SearchAction\",\"target\":{\"@type\":\"EntryPoint\",\"urlTemplate\":\"https:\\\/\\\/www.raxxa.com\\\/?s={search_term_string}\"},\"query-input\":{\"@type\":\"PropertyValueSpecification\",\"valueRequired\":true,\"valueName\":\"search_term_string\"}}],\"inLanguage\":\"en-US\"},{\"@type\":\"Organization\",\"@id\":\"https:\\\/\\\/www.raxxa.com\\\/#organization\",\"name\":\"raxxa\",\"url\":\"https:\\\/\\\/www.raxxa.com\\\/\",\"logo\":{\"@type\":\"ImageObject\",\"inLanguage\":\"en-US\",\"@id\":\"https:\\\/\\\/www.raxxa.com\\\/#\\\/schema\\\/logo\\\/image\\\/\",\"url\":\"https:\\\/\\\/www.raxxa.com\\\/wp-content\\\/uploads\\\/2022\\\/07\\\/logo_v2.png\",\"contentUrl\":\"https:\\\/\\\/www.raxxa.com\\\/wp-content\\\/uploads\\\/2022\\\/07\\\/logo_v2.png\",\"width\":380,\"height\":382,\"caption\":\"raxxa\"},\"image\":{\"@id\":\"https:\\\/\\\/www.raxxa.com\\\/#\\\/schema\\\/logo\\\/image\\\/\"},\"sameAs\":[\"https:\\\/\\\/facebook.com\\\/raxxacom\"]}]}<\/script>\n<meta property=\"og:availability\" content=\"instock\" \/>\n<meta property=\"product:availability\" content=\"instock\" \/>\n<meta property=\"product:retailer_item_id\" content=\"1-84-19694-348\" \/>\n<meta property=\"product:condition\" content=\"new\" \/>\n<!-- \/ Yoast SEO Premium plugin. -->","yoast_head_json":{"title":"Poster: Der Hafen von B\u00fcsum - raxxa","robots":{"index":"index","follow":"follow","max-snippet":"max-snippet:-1","max-image-preview":"max-image-preview:large","max-video-preview":"max-video-preview:-1"},"canonical":"https:\/\/www.raxxa.com\/en\/shop\/poster-der-hafen-von-buesum\/","og_locale":"en_US","og_type":"article","og_title":"Poster: Der Hafen von B\u00fcsum","og_description":"&quot;Der Hafen von B\u00fcsum&quot; by Andrea Potratz Der Hafen von B\u00fcsum ist ein lebendiger und zentraler Bestandteil des norddeutschen K\u00fcstenortes an der Nordsee. Er dient sowohl als Fischereihafen als auch als Ausgangspunkt f\u00fcr zahlreiche Freizeitaktivit\u00e4ten und F\u00e4hrverbindungen zu den nahegelegenen Inseln, wie z.B. Helgoland. &nbsp;","og_url":"https:\/\/www.raxxa.com\/en\/shop\/poster-der-hafen-von-buesum\/","og_site_name":"raxxa","article_publisher":"https:\/\/facebook.com\/raxxacom","article_modified_time":"2025-10-30T21:24:34+00:00","og_image":[{"width":1024,"height":1024,"url":"https:\/\/www.raxxa.com\/wp-content\/uploads\/2025\/02\/raxxa-Wallart-348-19694-84-Andrea-Potratz-Der-Hafen-von-Buesum-10.jpg","type":"image\/jpeg"}],"twitter_card":"summary_large_image","twitter_misc":{"Availability":"In stock"},"schema":{"@context":"https:\/\/schema.org","@graph":[{"@type":["WebPage","ItemPage"],"@id":"https:\/\/www.raxxa.com\/shop\/poster-der-hafen-von-buesum\/","url":"https:\/\/www.raxxa.com\/shop\/poster-der-hafen-von-buesum\/","name":"Poster: Der Hafen von B\u00fcsum - raxxa","isPartOf":{"@id":"https:\/\/www.raxxa.com\/#website"},"primaryImageOfPage":{"@id":"https:\/\/www.raxxa.com\/shop\/poster-der-hafen-von-buesum\/#primaryimage"},"image":{"@id":"https:\/\/www.raxxa.com\/shop\/poster-der-hafen-von-buesum\/#primaryimage"},"thumbnailUrl":"https:\/\/www.raxxa.com\/wp-content\/uploads\/2025\/02\/raxxa-Wallart-348-19694-84-Andrea-Potratz-Der-Hafen-von-Buesum-18-1.jpg","datePublished":"2025-02-22T21:51:25+00:00","dateModified":"2025-10-30T21:24:34+00:00","breadcrumb":{"@id":"https:\/\/www.raxxa.com\/shop\/poster-der-hafen-von-buesum\/#breadcrumb"},"inLanguage":"en-US","potentialAction":[{"@type":"ReadAction","target":["https:\/\/www.raxxa.com\/shop\/poster-der-hafen-von-buesum\/"]}]},{"@type":"ImageObject","inLanguage":"en-US","@id":"https:\/\/www.raxxa.com\/shop\/poster-der-hafen-von-buesum\/#primaryimage","url":"https:\/\/www.raxxa.com\/wp-content\/uploads\/2025\/02\/raxxa-Wallart-348-19694-84-Andrea-Potratz-Der-Hafen-von-Buesum-18-1.jpg","contentUrl":"https:\/\/www.raxxa.com\/wp-content\/uploads\/2025\/02\/raxxa-Wallart-348-19694-84-Andrea-Potratz-Der-Hafen-von-Buesum-18-1.jpg","width":1024,"height":1024},{"@type":"BreadcrumbList","@id":"https:\/\/www.raxxa.com\/shop\/poster-der-hafen-von-buesum\/#breadcrumb","itemListElement":[{"@type":"ListItem","position":1,"name":"Startseite","item":"https:\/\/www.raxxa.com\/"},{"@type":"ListItem","position":2,"name":"Shop","item":"https:\/\/www.raxxa.com\/it\/shop\/"},{"@type":"ListItem","position":3,"name":"Poster: Der Hafen von B\u00fcsum"}]},{"@type":"WebSite","@id":"https:\/\/www.raxxa.com\/#website","url":"https:\/\/www.raxxa.com\/","name":"raxxa","description":"Unique individual products from our designers","publisher":{"@id":"https:\/\/www.raxxa.com\/#organization"},"potentialAction":[{"@type":"SearchAction","target":{"@type":"EntryPoint","urlTemplate":"https:\/\/www.raxxa.com\/?s={search_term_string}"},"query-input":{"@type":"PropertyValueSpecification","valueRequired":true,"valueName":"search_term_string"}}],"inLanguage":"en-US"},{"@type":"Organization","@id":"https:\/\/www.raxxa.com\/#organization","name":"raxxa","url":"https:\/\/www.raxxa.com\/","logo":{"@type":"ImageObject","inLanguage":"en-US","@id":"https:\/\/www.raxxa.com\/#\/schema\/logo\/image\/","url":"https:\/\/www.raxxa.com\/wp-content\/uploads\/2022\/07\/logo_v2.png","contentUrl":"https:\/\/www.raxxa.com\/wp-content\/uploads\/2022\/07\/logo_v2.png","width":380,"height":382,"caption":"raxxa"},"image":{"@id":"https:\/\/www.raxxa.com\/#\/schema\/logo\/image\/"},"sameAs":["https:\/\/facebook.com\/raxxacom"]}]},"og_availability":"instock","product_availability":"instock","product_retailer_item_id":"1-84-19694-348","product_condition":"new"},"jetpack_sharing_enabled":true,"_links":{"self":[{"href":"https:\/\/www.raxxa.com\/en\/wp-json\/wp\/v2\/product\/217755","targetHints":{"allow":["GET"]}}],"collection":[{"href":"https:\/\/www.raxxa.com\/en\/wp-json\/wp\/v2\/product"}],"about":[{"href":"https:\/\/www.raxxa.com\/en\/wp-json\/wp\/v2\/types\/product"}],"replies":[{"embeddable":true,"href":"https:\/\/www.raxxa.com\/en\/wp-json\/wp\/v2\/comments?post=217755"}],"wp:featuredmedia":[{"embeddable":true,"href":"https:\/\/www.raxxa.com\/en\/wp-json\/wp\/v2\/media\/245421"}],"wp:attachment":[{"href":"https:\/\/www.raxxa.com\/en\/wp-json\/wp\/v2\/media?parent=217755"}],"wp:term":[{"taxonomy":"product_brand","embeddable":true,"href":"https:\/\/www.raxxa.com\/en\/wp-json\/wp\/v2\/product_brand?post=217755"},{"taxonomy":"product_cat","embeddable":true,"href":"https:\/\/www.raxxa.com\/en\/wp-json\/wp\/v2\/product_cat?post=217755"},{"taxonomy":"product_tag","embeddable":true,"href":"https:\/\/www.raxxa.com\/en\/wp-json\/wp\/v2\/product_tag?post=217755"}],"curies":[{"name":"wp","href":"https:\/\/api.w.org\/{rel}","templated":true}]}}