{"id":208138,"date":"2024-10-16T13:32:51","date_gmt":"2024-10-16T11:32:51","guid":{"rendered":"https:\/\/www.raxxa.com\/?post_type=product&#038;p=208138"},"modified":"2025-11-02T10:03:27","modified_gmt":"2025-11-02T08:03:27","slug":"raxxa-postkarte-leichte-anmut","status":"publish","type":"product","link":"https:\/\/www.raxxa.com\/en\/shop\/raxxa-postkarte-leichte-anmut\/","title":{"rendered":"raxxa postcard: Light grace"},"content":{"rendered":"<h3><strong>\"Light grace\" by Uta Naumann<\/strong><\/h3>\n<p><strong><\/strong><\/p>\n<p>In this modern abstract dandelion painting, bright dandelions and their feathery seeds dominate a minimalist backdrop of soft gray against the light. The flowers almost seem to glow, breaking the monochrome stillness of the surroundings. The seeds float evenly and seem to float weightlessly in the air, a timeless representation of the beauty and fragility of the moment. This artwork captures the magic of an urban moment, where the simple elegance of nature merges with the modern world.<\/p>\n<p>&nbsp;<\/p>\n<ul><li>We print your desired postcard blank or with a personal greeting and send it worldwide to any person or to yourself.<\/li><li>Ideal for online postcrossing or individual greetings to your loved ones, friends, relatives and acquaintances.<\/li><li>Alternatively, as a pure motif blank card to collect or send yourself.<\/li><li>Postcards DIN A6 (14.8 cm x 10.5 cm).<\/li><\/ul><br><br><b>How do I create\/design my personal postcard?<\/b><br><br>1) Simply enter the text of your message or greeting (max. 500 characters).<br>2) If you want to send your postcard for Postcrossing, enter the PostcrossingID.<br>Otherwise, simply leave this field blank.<br>3) Enter the first and last name, street + house number, postal code, city and country for the desired recipient of the postcard in the input fields.<br>4) You can now add your designed postcard to the shopping cart and order it at the checkout.<br><br>We will now print your personalized postcard, stamp it and send it to your specified recipient.<br><br>If you have any questions, simply send us a message or email<br>","protected":false},"excerpt":{"rendered":"<p>&quot;Leichte Anmut&quot; by Uta Naumann In diesem modernen abstrakten Dandelion-Bild dominieren leuchtende Pusteblumen und ihre federleichten Samen eine minimalistische Kulisse aus sanftem Grau im Gegenlicht. Die Bl\u00fcten scheinen fast zu leuchten und brechen die monochrome Stille der Umgebung. Die Samen schweben gleichm\u00e4\u00dfig und scheinen schwerelos in der Luft zu schweben, eine zeitlose Darstellung der Sch\u00f6nheit [&hellip;]<\/p>\n","protected":false},"featured_media":247467,"comment_status":"open","ping_status":"closed","template":"","meta":[],"product_brand":[],"product_cat":[136,11218,11884],"product_tag":[12581],"class_list":{"0":"post-208138","1":"product","2":"type-product","3":"status-publish","4":"has-post-thumbnail","6":"product_cat-natur","7":"product_cat-uta-naumann","8":"product_cat-postkarten","9":"product_tag-blume-loewenzahn-pusteblume-floral-botanisch-natur-abstrakt-modern-zeitgenoessisch-minimalistisch-urban-collage-illustration-lounge-lobby-sommer-silber-grau-gold","11":"first","12":"instock","13":"taxable","14":"shipping-taxable","15":"purchasable","16":"product-type-variable"},"yoast_head":"<!-- This site is optimized with the Yoast SEO Premium plugin v27.5 (Yoast SEO v27.5) - https:\/\/yoast.com\/product\/yoast-seo-premium-wordpress\/ -->\n<title>raxxa Postkarte: Leichte Anmut - raxxa<\/title>\n<meta name=\"robots\" content=\"index, follow, max-snippet:-1, max-image-preview:large, max-video-preview:-1\" \/>\n<link rel=\"canonical\" href=\"https:\/\/www.raxxa.com\/en\/shop\/raxxa-postkarte-leichte-anmut\/\" \/>\n<meta property=\"og:locale\" content=\"en_US\" \/>\n<meta property=\"og:type\" content=\"article\" \/>\n<meta property=\"og:title\" content=\"raxxa Postkarte: Leichte Anmut\" \/>\n<meta property=\"og:description\" content=\"&quot;Leichte Anmut&quot; by Uta Naumann In diesem modernen abstrakten Dandelion-Bild dominieren leuchtende Pusteblumen und ihre federleichten Samen eine minimalistische Kulisse aus sanftem Grau im Gegenlicht. Die Bl\u00fcten scheinen fast zu leuchten und brechen die monochrome Stille der Umgebung. Die Samen schweben gleichm\u00e4\u00dfig und scheinen schwerelos in der Luft zu schweben, eine zeitlose Darstellung der Sch\u00f6nheit [&hellip;]\" \/>\n<meta property=\"og:url\" content=\"https:\/\/www.raxxa.com\/en\/shop\/raxxa-postkarte-leichte-anmut\/\" \/>\n<meta property=\"og:site_name\" content=\"raxxa\" \/>\n<meta property=\"article:publisher\" content=\"https:\/\/facebook.com\/raxxacom\" \/>\n<meta property=\"article:modified_time\" content=\"2025-11-02T08:03:27+00:00\" \/>\n<meta property=\"og:image\" content=\"https:\/\/www.raxxa.com\/wp-content\/uploads\/2024\/10\/raxxa-282-7333-185-Uta-Naumann-Leichte-Anmut-24.jpg\" \/>\n\t<meta property=\"og:image:width\" content=\"1024\" \/>\n\t<meta property=\"og:image:height\" content=\"1024\" \/>\n\t<meta property=\"og:image:type\" content=\"image\/jpeg\" \/>\n<meta name=\"twitter:card\" content=\"summary_large_image\" \/>\n<meta name=\"twitter:label1\" content=\"Availability\" \/>\n\t<meta name=\"twitter:data1\" content=\"In stock\" \/>\n<script type=\"application\/ld+json\" class=\"yoast-schema-graph\">{\"@context\":\"https:\\\/\\\/schema.org\",\"@graph\":[{\"@type\":[\"WebPage\",\"ItemPage\"],\"@id\":\"https:\\\/\\\/www.raxxa.com\\\/shop\\\/raxxa-postkarte-leichte-anmut\\\/\",\"url\":\"https:\\\/\\\/www.raxxa.com\\\/shop\\\/raxxa-postkarte-leichte-anmut\\\/\",\"name\":\"raxxa Postkarte: Leichte Anmut - raxxa\",\"isPartOf\":{\"@id\":\"https:\\\/\\\/www.raxxa.com\\\/#website\"},\"primaryImageOfPage\":{\"@id\":\"https:\\\/\\\/www.raxxa.com\\\/shop\\\/raxxa-postkarte-leichte-anmut\\\/#primaryimage\"},\"image\":{\"@id\":\"https:\\\/\\\/www.raxxa.com\\\/shop\\\/raxxa-postkarte-leichte-anmut\\\/#primaryimage\"},\"thumbnailUrl\":\"https:\\\/\\\/www.raxxa.com\\\/wp-content\\\/uploads\\\/2024\\\/10\\\/raxxa-282-7333-185-Uta-Naumann-Leichte-Anmut-24.jpg\",\"datePublished\":\"2024-10-16T11:32:51+00:00\",\"dateModified\":\"2025-11-02T08:03:27+00:00\",\"breadcrumb\":{\"@id\":\"https:\\\/\\\/www.raxxa.com\\\/shop\\\/raxxa-postkarte-leichte-anmut\\\/#breadcrumb\"},\"inLanguage\":\"en-US\",\"potentialAction\":[{\"@type\":\"ReadAction\",\"target\":[\"https:\\\/\\\/www.raxxa.com\\\/shop\\\/raxxa-postkarte-leichte-anmut\\\/\"]}]},{\"@type\":\"ImageObject\",\"inLanguage\":\"en-US\",\"@id\":\"https:\\\/\\\/www.raxxa.com\\\/shop\\\/raxxa-postkarte-leichte-anmut\\\/#primaryimage\",\"url\":\"https:\\\/\\\/www.raxxa.com\\\/wp-content\\\/uploads\\\/2024\\\/10\\\/raxxa-282-7333-185-Uta-Naumann-Leichte-Anmut-24.jpg\",\"contentUrl\":\"https:\\\/\\\/www.raxxa.com\\\/wp-content\\\/uploads\\\/2024\\\/10\\\/raxxa-282-7333-185-Uta-Naumann-Leichte-Anmut-24.jpg\",\"width\":1024,\"height\":1024},{\"@type\":\"BreadcrumbList\",\"@id\":\"https:\\\/\\\/www.raxxa.com\\\/shop\\\/raxxa-postkarte-leichte-anmut\\\/#breadcrumb\",\"itemListElement\":[{\"@type\":\"ListItem\",\"position\":1,\"name\":\"Startseite\",\"item\":\"https:\\\/\\\/www.raxxa.com\\\/\"},{\"@type\":\"ListItem\",\"position\":2,\"name\":\"Shop\",\"item\":\"https:\\\/\\\/www.raxxa.com\\\/it\\\/shop\\\/\"},{\"@type\":\"ListItem\",\"position\":3,\"name\":\"raxxa Postkarte: Leichte Anmut\"}]},{\"@type\":\"WebSite\",\"@id\":\"https:\\\/\\\/www.raxxa.com\\\/#website\",\"url\":\"https:\\\/\\\/www.raxxa.com\\\/\",\"name\":\"raxxa\",\"description\":\"Einzigartige individuelle Produkte von unseren Designern\",\"publisher\":{\"@id\":\"https:\\\/\\\/www.raxxa.com\\\/#organization\"},\"potentialAction\":[{\"@type\":\"SearchAction\",\"target\":{\"@type\":\"EntryPoint\",\"urlTemplate\":\"https:\\\/\\\/www.raxxa.com\\\/?s={search_term_string}\"},\"query-input\":{\"@type\":\"PropertyValueSpecification\",\"valueRequired\":true,\"valueName\":\"search_term_string\"}}],\"inLanguage\":\"en-US\"},{\"@type\":\"Organization\",\"@id\":\"https:\\\/\\\/www.raxxa.com\\\/#organization\",\"name\":\"raxxa\",\"url\":\"https:\\\/\\\/www.raxxa.com\\\/\",\"logo\":{\"@type\":\"ImageObject\",\"inLanguage\":\"en-US\",\"@id\":\"https:\\\/\\\/www.raxxa.com\\\/#\\\/schema\\\/logo\\\/image\\\/\",\"url\":\"https:\\\/\\\/www.raxxa.com\\\/wp-content\\\/uploads\\\/2022\\\/07\\\/logo_v2.png\",\"contentUrl\":\"https:\\\/\\\/www.raxxa.com\\\/wp-content\\\/uploads\\\/2022\\\/07\\\/logo_v2.png\",\"width\":380,\"height\":382,\"caption\":\"raxxa\"},\"image\":{\"@id\":\"https:\\\/\\\/www.raxxa.com\\\/#\\\/schema\\\/logo\\\/image\\\/\"},\"sameAs\":[\"https:\\\/\\\/facebook.com\\\/raxxacom\"]}]}<\/script>\n<meta property=\"og:availability\" content=\"instock\" \/>\n<meta property=\"product:availability\" content=\"instock\" \/>\n<meta property=\"product:retailer_item_id\" content=\"1-185-7333-282\" \/>\n<meta property=\"product:condition\" content=\"new\" \/>\n<!-- \/ Yoast SEO Premium plugin. -->","yoast_head_json":{"title":"raxxa Postkarte: Leichte Anmut - raxxa","robots":{"index":"index","follow":"follow","max-snippet":"max-snippet:-1","max-image-preview":"max-image-preview:large","max-video-preview":"max-video-preview:-1"},"canonical":"https:\/\/www.raxxa.com\/en\/shop\/raxxa-postkarte-leichte-anmut\/","og_locale":"en_US","og_type":"article","og_title":"raxxa Postkarte: Leichte Anmut","og_description":"&quot;Leichte Anmut&quot; by Uta Naumann In diesem modernen abstrakten Dandelion-Bild dominieren leuchtende Pusteblumen und ihre federleichten Samen eine minimalistische Kulisse aus sanftem Grau im Gegenlicht. Die Bl\u00fcten scheinen fast zu leuchten und brechen die monochrome Stille der Umgebung. Die Samen schweben gleichm\u00e4\u00dfig und scheinen schwerelos in der Luft zu schweben, eine zeitlose Darstellung der Sch\u00f6nheit [&hellip;]","og_url":"https:\/\/www.raxxa.com\/en\/shop\/raxxa-postkarte-leichte-anmut\/","og_site_name":"raxxa","article_publisher":"https:\/\/facebook.com\/raxxacom","article_modified_time":"2025-11-02T08:03:27+00:00","og_image":[{"width":1024,"height":1024,"url":"https:\/\/www.raxxa.com\/wp-content\/uploads\/2024\/10\/raxxa-282-7333-185-Uta-Naumann-Leichte-Anmut-24.jpg","type":"image\/jpeg"}],"twitter_card":"summary_large_image","twitter_misc":{"Availability":"In stock"},"schema":{"@context":"https:\/\/schema.org","@graph":[{"@type":["WebPage","ItemPage"],"@id":"https:\/\/www.raxxa.com\/shop\/raxxa-postkarte-leichte-anmut\/","url":"https:\/\/www.raxxa.com\/shop\/raxxa-postkarte-leichte-anmut\/","name":"raxxa Postkarte: Leichte Anmut - raxxa","isPartOf":{"@id":"https:\/\/www.raxxa.com\/#website"},"primaryImageOfPage":{"@id":"https:\/\/www.raxxa.com\/shop\/raxxa-postkarte-leichte-anmut\/#primaryimage"},"image":{"@id":"https:\/\/www.raxxa.com\/shop\/raxxa-postkarte-leichte-anmut\/#primaryimage"},"thumbnailUrl":"https:\/\/www.raxxa.com\/wp-content\/uploads\/2024\/10\/raxxa-282-7333-185-Uta-Naumann-Leichte-Anmut-24.jpg","datePublished":"2024-10-16T11:32:51+00:00","dateModified":"2025-11-02T08:03:27+00:00","breadcrumb":{"@id":"https:\/\/www.raxxa.com\/shop\/raxxa-postkarte-leichte-anmut\/#breadcrumb"},"inLanguage":"en-US","potentialAction":[{"@type":"ReadAction","target":["https:\/\/www.raxxa.com\/shop\/raxxa-postkarte-leichte-anmut\/"]}]},{"@type":"ImageObject","inLanguage":"en-US","@id":"https:\/\/www.raxxa.com\/shop\/raxxa-postkarte-leichte-anmut\/#primaryimage","url":"https:\/\/www.raxxa.com\/wp-content\/uploads\/2024\/10\/raxxa-282-7333-185-Uta-Naumann-Leichte-Anmut-24.jpg","contentUrl":"https:\/\/www.raxxa.com\/wp-content\/uploads\/2024\/10\/raxxa-282-7333-185-Uta-Naumann-Leichte-Anmut-24.jpg","width":1024,"height":1024},{"@type":"BreadcrumbList","@id":"https:\/\/www.raxxa.com\/shop\/raxxa-postkarte-leichte-anmut\/#breadcrumb","itemListElement":[{"@type":"ListItem","position":1,"name":"Startseite","item":"https:\/\/www.raxxa.com\/"},{"@type":"ListItem","position":2,"name":"Shop","item":"https:\/\/www.raxxa.com\/it\/shop\/"},{"@type":"ListItem","position":3,"name":"raxxa Postkarte: Leichte Anmut"}]},{"@type":"WebSite","@id":"https:\/\/www.raxxa.com\/#website","url":"https:\/\/www.raxxa.com\/","name":"raxxa","description":"Unique individual products from our designers","publisher":{"@id":"https:\/\/www.raxxa.com\/#organization"},"potentialAction":[{"@type":"SearchAction","target":{"@type":"EntryPoint","urlTemplate":"https:\/\/www.raxxa.com\/?s={search_term_string}"},"query-input":{"@type":"PropertyValueSpecification","valueRequired":true,"valueName":"search_term_string"}}],"inLanguage":"en-US"},{"@type":"Organization","@id":"https:\/\/www.raxxa.com\/#organization","name":"raxxa","url":"https:\/\/www.raxxa.com\/","logo":{"@type":"ImageObject","inLanguage":"en-US","@id":"https:\/\/www.raxxa.com\/#\/schema\/logo\/image\/","url":"https:\/\/www.raxxa.com\/wp-content\/uploads\/2022\/07\/logo_v2.png","contentUrl":"https:\/\/www.raxxa.com\/wp-content\/uploads\/2022\/07\/logo_v2.png","width":380,"height":382,"caption":"raxxa"},"image":{"@id":"https:\/\/www.raxxa.com\/#\/schema\/logo\/image\/"},"sameAs":["https:\/\/facebook.com\/raxxacom"]}]},"og_availability":"instock","product_availability":"instock","product_retailer_item_id":"1-185-7333-282","product_condition":"new"},"jetpack_sharing_enabled":true,"_links":{"self":[{"href":"https:\/\/www.raxxa.com\/en\/wp-json\/wp\/v2\/product\/208138","targetHints":{"allow":["GET"]}}],"collection":[{"href":"https:\/\/www.raxxa.com\/en\/wp-json\/wp\/v2\/product"}],"about":[{"href":"https:\/\/www.raxxa.com\/en\/wp-json\/wp\/v2\/types\/product"}],"replies":[{"embeddable":true,"href":"https:\/\/www.raxxa.com\/en\/wp-json\/wp\/v2\/comments?post=208138"}],"wp:featuredmedia":[{"embeddable":true,"href":"https:\/\/www.raxxa.com\/en\/wp-json\/wp\/v2\/media\/247467"}],"wp:attachment":[{"href":"https:\/\/www.raxxa.com\/en\/wp-json\/wp\/v2\/media?parent=208138"}],"wp:term":[{"taxonomy":"product_brand","embeddable":true,"href":"https:\/\/www.raxxa.com\/en\/wp-json\/wp\/v2\/product_brand?post=208138"},{"taxonomy":"product_cat","embeddable":true,"href":"https:\/\/www.raxxa.com\/en\/wp-json\/wp\/v2\/product_cat?post=208138"},{"taxonomy":"product_tag","embeddable":true,"href":"https:\/\/www.raxxa.com\/en\/wp-json\/wp\/v2\/product_tag?post=208138"}],"curies":[{"name":"wp","href":"https:\/\/api.w.org\/{rel}","templated":true}]}}