{"id":208099,"date":"2024-10-16T13:31:58","date_gmt":"2024-10-16T11:31:58","guid":{"rendered":"https:\/\/www.raxxa.com\/?post_type=product&#038;p=208099"},"modified":"2025-11-02T10:04:59","modified_gmt":"2025-11-02T08:04:59","slug":"raxxa-postkarte-nostalgischer-dschungel-paradiesvogel","status":"publish","type":"product","link":"https:\/\/www.raxxa.com\/en\/shop\/raxxa-postkarte-nostalgischer-dschungel-paradiesvogel\/","title":{"rendered":"raxxa postcard: Nostalgic jungle bird of paradise"},"content":{"rendered":"<h3><strong>\"Nostalgic jungle bird of paradise\" by Uta Naumann<\/strong><\/h3>\n<p><strong><\/strong><\/p>\n<p>In this vintage illustration, an enchanting bird of paradise takes center stage, surrounded by a lush frame of antique flowers and leaves. The background, a soft shade of green, emphasizes the tropical and exotic ambience of the scene. The parrots' plumage is bursting with lush, colorful hues, creating a striking contrast to the delicate pastel background. This composition transports the viewer to a bygone era of elegance and the lure of faraway, lush tropical paradises. The intricate details and vibrant color palette make this illustration a captivating snapshot of nature's beauty.<\/p>\n<p>&nbsp;<\/p>\n<ul><li>We print your desired postcard blank or with a personal greeting and send it worldwide to any person or to yourself.<\/li><li>Ideal for online postcrossing or individual greetings to your loved ones, friends, relatives and acquaintances.<\/li><li>Alternatively, as a pure motif blank card to collect or send yourself.<\/li><li>Postcards DIN A6 (14.8 cm x 10.5 cm).<\/li><\/ul><br><br><b>How do I create\/design my personal postcard?<\/b><br><br>1) Simply enter the text of your message or greeting (max. 500 characters).<br>2) If you want to send your postcard for Postcrossing, enter the PostcrossingID.<br>Otherwise, simply leave this field blank.<br>3) Enter the first and last name, street + house number, postal code, city and country for the desired recipient of the postcard in the input fields.<br>4) You can now add your designed postcard to the shopping cart and order it at the checkout.<br><br>We will now print your personalized postcard, stamp it and send it to your specified recipient.<br><br>If you have any questions, simply send us a message or email<br>","protected":false},"excerpt":{"rendered":"<p>&quot;Nostalgischer Dschungel Paradiesvogel&quot; by Uta Naumann In dieser Vintage-Illustration steht ein zauberhafter Paradiesvogel im Mittelpunkt, umgeben von einem \u00fcppigen Rahmen aus antiken Blumen und Bl\u00e4ttern. Der Hintergrund, ein sanfter Gr\u00fcnton, unterstreicht das tropische und exotische Ambiente der Szene. Das Gefieder der Papageien strotzt vor \u00fcppigen, farbenfrohen T\u00f6nen und bildet einen auff\u00e4lligen Kontrast zu dem zarten [&hellip;]<\/p>\n","protected":false},"featured_media":247472,"comment_status":"open","ping_status":"closed","template":"","meta":[],"product_brand":[],"product_cat":[136,11218,11884],"product_tag":[],"class_list":{"0":"post-208099","1":"product","2":"type-product","3":"status-publish","4":"has-post-thumbnail","6":"product_cat-natur","7":"product_cat-uta-naumann","8":"product_cat-postkarten","10":"first","11":"instock","12":"taxable","13":"shipping-taxable","14":"purchasable","15":"product-type-variable"},"yoast_head":"<!-- This site is optimized with the Yoast SEO Premium plugin v27.5 (Yoast SEO v27.6) - https:\/\/yoast.com\/product\/yoast-seo-premium-wordpress\/ -->\n<title>raxxa Postkarte: Nostalgischer Dschungel Paradiesvogel - raxxa<\/title>\n<meta name=\"robots\" content=\"index, follow, max-snippet:-1, max-image-preview:large, max-video-preview:-1\" \/>\n<link rel=\"canonical\" href=\"https:\/\/www.raxxa.com\/en\/shop\/raxxa-postkarte-nostalgischer-dschungel-paradiesvogel\/\" \/>\n<meta property=\"og:locale\" content=\"en_US\" \/>\n<meta property=\"og:type\" content=\"article\" \/>\n<meta property=\"og:title\" content=\"raxxa Postkarte: Nostalgischer Dschungel Paradiesvogel\" \/>\n<meta property=\"og:description\" content=\"&quot;Nostalgischer Dschungel Paradiesvogel&quot; by Uta Naumann In dieser Vintage-Illustration steht ein zauberhafter Paradiesvogel im Mittelpunkt, umgeben von einem \u00fcppigen Rahmen aus antiken Blumen und Bl\u00e4ttern. Der Hintergrund, ein sanfter Gr\u00fcnton, unterstreicht das tropische und exotische Ambiente der Szene. Das Gefieder der Papageien strotzt vor \u00fcppigen, farbenfrohen T\u00f6nen und bildet einen auff\u00e4lligen Kontrast zu dem zarten [&hellip;]\" \/>\n<meta property=\"og:url\" content=\"https:\/\/www.raxxa.com\/en\/shop\/raxxa-postkarte-nostalgischer-dschungel-paradiesvogel\/\" \/>\n<meta property=\"og:site_name\" content=\"raxxa\" \/>\n<meta property=\"article:publisher\" content=\"https:\/\/facebook.com\/raxxacom\" \/>\n<meta property=\"article:modified_time\" content=\"2025-11-02T08:04:59+00:00\" \/>\n<meta property=\"og:image\" content=\"https:\/\/www.raxxa.com\/wp-content\/uploads\/2024\/10\/raxxa-282-7320-185-Uta-Naumann-Nostalgischer-Dschungel-Paradiesvogel-20.jpg\" \/>\n\t<meta property=\"og:image:width\" content=\"1024\" \/>\n\t<meta property=\"og:image:height\" content=\"1024\" \/>\n\t<meta property=\"og:image:type\" content=\"image\/jpeg\" \/>\n<meta name=\"twitter:card\" content=\"summary_large_image\" \/>\n<meta name=\"twitter:label1\" content=\"Availability\" \/>\n\t<meta name=\"twitter:data1\" content=\"In stock\" \/>\n<script type=\"application\/ld+json\" class=\"yoast-schema-graph\">{\"@context\":\"https:\\\/\\\/schema.org\",\"@graph\":[{\"@type\":[\"WebPage\",\"ItemPage\"],\"@id\":\"https:\\\/\\\/www.raxxa.com\\\/en\\\/shop\\\/raxxa-postkarte-nostalgischer-dschungel-paradiesvogel\\\/\",\"url\":\"https:\\\/\\\/www.raxxa.com\\\/en\\\/shop\\\/raxxa-postkarte-nostalgischer-dschungel-paradiesvogel\\\/\",\"name\":\"raxxa Postkarte: Nostalgischer Dschungel Paradiesvogel - raxxa\",\"isPartOf\":{\"@id\":\"https:\\\/\\\/www.raxxa.com\\\/#website\"},\"primaryImageOfPage\":{\"@id\":\"https:\\\/\\\/www.raxxa.com\\\/en\\\/shop\\\/raxxa-postkarte-nostalgischer-dschungel-paradiesvogel\\\/#primaryimage\"},\"image\":{\"@id\":\"https:\\\/\\\/www.raxxa.com\\\/en\\\/shop\\\/raxxa-postkarte-nostalgischer-dschungel-paradiesvogel\\\/#primaryimage\"},\"thumbnailUrl\":\"https:\\\/\\\/www.raxxa.com\\\/wp-content\\\/uploads\\\/2024\\\/10\\\/raxxa-282-7320-185-Uta-Naumann-Nostalgischer-Dschungel-Paradiesvogel-20.jpg\",\"datePublished\":\"2024-10-16T11:31:58+00:00\",\"dateModified\":\"2025-11-02T08:04:59+00:00\",\"breadcrumb\":{\"@id\":\"https:\\\/\\\/www.raxxa.com\\\/en\\\/shop\\\/raxxa-postkarte-nostalgischer-dschungel-paradiesvogel\\\/#breadcrumb\"},\"inLanguage\":\"en-US\",\"potentialAction\":[{\"@type\":\"ReadAction\",\"target\":[\"https:\\\/\\\/www.raxxa.com\\\/en\\\/shop\\\/raxxa-postkarte-nostalgischer-dschungel-paradiesvogel\\\/\"]}]},{\"@type\":\"ImageObject\",\"inLanguage\":\"en-US\",\"@id\":\"https:\\\/\\\/www.raxxa.com\\\/en\\\/shop\\\/raxxa-postkarte-nostalgischer-dschungel-paradiesvogel\\\/#primaryimage\",\"url\":\"https:\\\/\\\/www.raxxa.com\\\/wp-content\\\/uploads\\\/2024\\\/10\\\/raxxa-282-7320-185-Uta-Naumann-Nostalgischer-Dschungel-Paradiesvogel-20.jpg\",\"contentUrl\":\"https:\\\/\\\/www.raxxa.com\\\/wp-content\\\/uploads\\\/2024\\\/10\\\/raxxa-282-7320-185-Uta-Naumann-Nostalgischer-Dschungel-Paradiesvogel-20.jpg\",\"width\":1024,\"height\":1024},{\"@type\":\"BreadcrumbList\",\"@id\":\"https:\\\/\\\/www.raxxa.com\\\/en\\\/shop\\\/raxxa-postkarte-nostalgischer-dschungel-paradiesvogel\\\/#breadcrumb\",\"itemListElement\":[{\"@type\":\"ListItem\",\"position\":1,\"name\":\"Startseite\",\"item\":\"https:\\\/\\\/www.raxxa.com\\\/\"},{\"@type\":\"ListItem\",\"position\":2,\"name\":\"Shop\",\"item\":\"https:\\\/\\\/www.raxxa.com\\\/it\\\/shop\\\/\"},{\"@type\":\"ListItem\",\"position\":3,\"name\":\"raxxa Postkarte: Nostalgischer Dschungel Paradiesvogel\"}]},{\"@type\":\"WebSite\",\"@id\":\"https:\\\/\\\/www.raxxa.com\\\/#website\",\"url\":\"https:\\\/\\\/www.raxxa.com\\\/\",\"name\":\"raxxa\",\"description\":\"Einzigartige individuelle Produkte von unseren Designern\",\"publisher\":{\"@id\":\"https:\\\/\\\/www.raxxa.com\\\/#organization\"},\"potentialAction\":[{\"@type\":\"SearchAction\",\"target\":{\"@type\":\"EntryPoint\",\"urlTemplate\":\"https:\\\/\\\/www.raxxa.com\\\/?s={search_term_string}\"},\"query-input\":{\"@type\":\"PropertyValueSpecification\",\"valueRequired\":true,\"valueName\":\"search_term_string\"}}],\"inLanguage\":\"en-US\"},{\"@type\":\"Organization\",\"@id\":\"https:\\\/\\\/www.raxxa.com\\\/#organization\",\"name\":\"raxxa\",\"url\":\"https:\\\/\\\/www.raxxa.com\\\/\",\"logo\":{\"@type\":\"ImageObject\",\"inLanguage\":\"en-US\",\"@id\":\"https:\\\/\\\/www.raxxa.com\\\/#\\\/schema\\\/logo\\\/image\\\/\",\"url\":\"https:\\\/\\\/www.raxxa.com\\\/wp-content\\\/uploads\\\/2022\\\/07\\\/logo_v2.png\",\"contentUrl\":\"https:\\\/\\\/www.raxxa.com\\\/wp-content\\\/uploads\\\/2022\\\/07\\\/logo_v2.png\",\"width\":380,\"height\":382,\"caption\":\"raxxa\"},\"image\":{\"@id\":\"https:\\\/\\\/www.raxxa.com\\\/#\\\/schema\\\/logo\\\/image\\\/\"},\"sameAs\":[\"https:\\\/\\\/facebook.com\\\/raxxacom\"]}]}<\/script>\n<meta property=\"og:availability\" content=\"instock\" \/>\n<meta property=\"product:availability\" content=\"instock\" \/>\n<meta property=\"product:retailer_item_id\" content=\"1-185-7320-282\" \/>\n<meta property=\"product:condition\" content=\"new\" \/>\n<!-- \/ Yoast SEO Premium plugin. -->","yoast_head_json":{"title":"raxxa postcard: Nostalgic jungle bird of paradise - raxxa","robots":{"index":"index","follow":"follow","max-snippet":"max-snippet:-1","max-image-preview":"max-image-preview:large","max-video-preview":"max-video-preview:-1"},"canonical":"https:\/\/www.raxxa.com\/en\/shop\/raxxa-postkarte-nostalgischer-dschungel-paradiesvogel\/","og_locale":"en_US","og_type":"article","og_title":"raxxa Postkarte: Nostalgischer Dschungel Paradiesvogel","og_description":"&quot;Nostalgischer Dschungel Paradiesvogel&quot; by Uta Naumann In dieser Vintage-Illustration steht ein zauberhafter Paradiesvogel im Mittelpunkt, umgeben von einem \u00fcppigen Rahmen aus antiken Blumen und Bl\u00e4ttern. Der Hintergrund, ein sanfter Gr\u00fcnton, unterstreicht das tropische und exotische Ambiente der Szene. Das Gefieder der Papageien strotzt vor \u00fcppigen, farbenfrohen T\u00f6nen und bildet einen auff\u00e4lligen Kontrast zu dem zarten [&hellip;]","og_url":"https:\/\/www.raxxa.com\/en\/shop\/raxxa-postkarte-nostalgischer-dschungel-paradiesvogel\/","og_site_name":"raxxa","article_publisher":"https:\/\/facebook.com\/raxxacom","article_modified_time":"2025-11-02T08:04:59+00:00","og_image":[{"width":1024,"height":1024,"url":"https:\/\/www.raxxa.com\/wp-content\/uploads\/2024\/10\/raxxa-282-7320-185-Uta-Naumann-Nostalgischer-Dschungel-Paradiesvogel-20.jpg","type":"image\/jpeg"}],"twitter_card":"summary_large_image","twitter_misc":{"Availability":"In stock"},"schema":{"@context":"https:\/\/schema.org","@graph":[{"@type":["WebPage","ItemPage"],"@id":"https:\/\/www.raxxa.com\/en\/shop\/raxxa-postkarte-nostalgischer-dschungel-paradiesvogel\/","url":"https:\/\/www.raxxa.com\/en\/shop\/raxxa-postkarte-nostalgischer-dschungel-paradiesvogel\/","name":"raxxa postcard: Nostalgic jungle bird of paradise - raxxa","isPartOf":{"@id":"https:\/\/www.raxxa.com\/#website"},"primaryImageOfPage":{"@id":"https:\/\/www.raxxa.com\/en\/shop\/raxxa-postkarte-nostalgischer-dschungel-paradiesvogel\/#primaryimage"},"image":{"@id":"https:\/\/www.raxxa.com\/en\/shop\/raxxa-postkarte-nostalgischer-dschungel-paradiesvogel\/#primaryimage"},"thumbnailUrl":"https:\/\/www.raxxa.com\/wp-content\/uploads\/2024\/10\/raxxa-282-7320-185-Uta-Naumann-Nostalgischer-Dschungel-Paradiesvogel-20.jpg","datePublished":"2024-10-16T11:31:58+00:00","dateModified":"2025-11-02T08:04:59+00:00","breadcrumb":{"@id":"https:\/\/www.raxxa.com\/en\/shop\/raxxa-postkarte-nostalgischer-dschungel-paradiesvogel\/#breadcrumb"},"inLanguage":"en-US","potentialAction":[{"@type":"ReadAction","target":["https:\/\/www.raxxa.com\/en\/shop\/raxxa-postkarte-nostalgischer-dschungel-paradiesvogel\/"]}]},{"@type":"ImageObject","inLanguage":"en-US","@id":"https:\/\/www.raxxa.com\/en\/shop\/raxxa-postkarte-nostalgischer-dschungel-paradiesvogel\/#primaryimage","url":"https:\/\/www.raxxa.com\/wp-content\/uploads\/2024\/10\/raxxa-282-7320-185-Uta-Naumann-Nostalgischer-Dschungel-Paradiesvogel-20.jpg","contentUrl":"https:\/\/www.raxxa.com\/wp-content\/uploads\/2024\/10\/raxxa-282-7320-185-Uta-Naumann-Nostalgischer-Dschungel-Paradiesvogel-20.jpg","width":1024,"height":1024},{"@type":"BreadcrumbList","@id":"https:\/\/www.raxxa.com\/en\/shop\/raxxa-postkarte-nostalgischer-dschungel-paradiesvogel\/#breadcrumb","itemListElement":[{"@type":"ListItem","position":1,"name":"Startseite","item":"https:\/\/www.raxxa.com\/"},{"@type":"ListItem","position":2,"name":"Shop","item":"https:\/\/www.raxxa.com\/it\/shop\/"},{"@type":"ListItem","position":3,"name":"raxxa Postkarte: Nostalgischer Dschungel Paradiesvogel"}]},{"@type":"WebSite","@id":"https:\/\/www.raxxa.com\/#website","url":"https:\/\/www.raxxa.com\/","name":"raxxa","description":"Unique individual products from our designers","publisher":{"@id":"https:\/\/www.raxxa.com\/#organization"},"potentialAction":[{"@type":"SearchAction","target":{"@type":"EntryPoint","urlTemplate":"https:\/\/www.raxxa.com\/?s={search_term_string}"},"query-input":{"@type":"PropertyValueSpecification","valueRequired":true,"valueName":"search_term_string"}}],"inLanguage":"en-US"},{"@type":"Organization","@id":"https:\/\/www.raxxa.com\/#organization","name":"raxxa","url":"https:\/\/www.raxxa.com\/","logo":{"@type":"ImageObject","inLanguage":"en-US","@id":"https:\/\/www.raxxa.com\/#\/schema\/logo\/image\/","url":"https:\/\/www.raxxa.com\/wp-content\/uploads\/2022\/07\/logo_v2.png","contentUrl":"https:\/\/www.raxxa.com\/wp-content\/uploads\/2022\/07\/logo_v2.png","width":380,"height":382,"caption":"raxxa"},"image":{"@id":"https:\/\/www.raxxa.com\/#\/schema\/logo\/image\/"},"sameAs":["https:\/\/facebook.com\/raxxacom"]}]},"og_availability":"instock","product_availability":"instock","product_retailer_item_id":"1-185-7320-282","product_condition":"new"},"jetpack_sharing_enabled":true,"_links":{"self":[{"href":"https:\/\/www.raxxa.com\/en\/wp-json\/wp\/v2\/product\/208099","targetHints":{"allow":["GET"]}}],"collection":[{"href":"https:\/\/www.raxxa.com\/en\/wp-json\/wp\/v2\/product"}],"about":[{"href":"https:\/\/www.raxxa.com\/en\/wp-json\/wp\/v2\/types\/product"}],"replies":[{"embeddable":true,"href":"https:\/\/www.raxxa.com\/en\/wp-json\/wp\/v2\/comments?post=208099"}],"wp:featuredmedia":[{"embeddable":true,"href":"https:\/\/www.raxxa.com\/en\/wp-json\/wp\/v2\/media\/247472"}],"wp:attachment":[{"href":"https:\/\/www.raxxa.com\/en\/wp-json\/wp\/v2\/media?parent=208099"}],"wp:term":[{"taxonomy":"product_brand","embeddable":true,"href":"https:\/\/www.raxxa.com\/en\/wp-json\/wp\/v2\/product_brand?post=208099"},{"taxonomy":"product_cat","embeddable":true,"href":"https:\/\/www.raxxa.com\/en\/wp-json\/wp\/v2\/product_cat?post=208099"},{"taxonomy":"product_tag","embeddable":true,"href":"https:\/\/www.raxxa.com\/en\/wp-json\/wp\/v2\/product_tag?post=208099"}],"curies":[{"name":"wp","href":"https:\/\/api.w.org\/{rel}","templated":true}]}}