{"id":204403,"date":"2024-09-01T10:34:16","date_gmt":"2024-09-01T08:34:16","guid":{"rendered":"https:\/\/www.raxxa.com\/?post_type=product&#038;p=204403"},"modified":"2025-11-03T08:35:28","modified_gmt":"2025-11-03T06:35:28","slug":"poster-mujer-y-sus-colores-alegres","status":"publish","type":"product","link":"https:\/\/www.raxxa.com\/en\/shop\/poster-mujer-y-sus-colores-alegres\/","title":{"rendered":"Poster: Mujer y sus colores alegres"},"content":{"rendered":"<h3><strong>\"Mujer y sus colores alegres\" by Nuria Art<\/strong><\/h3>\n<p><strong><\/strong><\/p>\n<p>Mujer y sus colores alegres, es una mujer que disfruta de las monta\u00f1as, divertida, viajera, alegre. Le preocupa m\u00e1s su interior que su apariencia f\u00edsica, aunque tambi\u00e9n la cuida con simpat\u00eda. Es una mujer en evoluci\u00f3n.<\/p>\n<p>&nbsp;<\/p>\n<ul><li>Museum quality poster on durable matte (uncoated) archival paper.<\/li><li>Paper weight: 250 g \/ m\u00b2.<\/li><li>Shipped in a sturdy package to protect the poster.<\/li><li>This product can be made especially for you in the size and design you require.<\/li><\/ul>","protected":false},"excerpt":{"rendered":"<p>&quot;Mujer y sus colores alegres&quot; by Nuria Art Mujer y sus colores alegres, es una mujer que disfruta de las monta\u00f1as, divertida, viajera, alegre. Le preocupa m\u00e1s su interior que su apariencia f\u00edsica, aunque tambi\u00e9n la cuida con simpat\u00eda. Es una mujer en evoluci\u00f3n. &nbsp;<\/p>","protected":false},"featured_media":253798,"comment_status":"open","ping_status":"closed","template":"","meta":[],"product_brand":[],"product_cat":[137,12508,10378],"product_tag":[12532],"class_list":{"0":"post-204403","1":"product","2":"type-product","3":"status-publish","4":"has-post-thumbnail","6":"product_cat-abstrakt","7":"product_cat-nuria-art","8":"product_cat-poster","9":"product_tag-abstract-contemporary-contemporarypainting-modernart-arte-art-artistsoninstagram-originales-brightcolors-colorsofnature-beautifulwoman","10":"product_shipping_class-versand-t-shirts1","12":"first","13":"instock","14":"taxable","15":"shipping-taxable","16":"purchasable","17":"product-type-variable"},"yoast_head":"<!-- This site is optimized with the Yoast SEO Premium plugin v27.5 (Yoast SEO v27.5) - https:\/\/yoast.com\/product\/yoast-seo-premium-wordpress\/ -->\n<title>Poster: Mujer y sus colores alegres - raxxa<\/title>\n<meta name=\"robots\" content=\"index, follow, max-snippet:-1, max-image-preview:large, max-video-preview:-1\" \/>\n<link rel=\"canonical\" href=\"https:\/\/www.raxxa.com\/en\/shop\/poster-mujer-y-sus-colores-alegres\/\" \/>\n<meta property=\"og:locale\" content=\"en_US\" \/>\n<meta property=\"og:type\" content=\"article\" \/>\n<meta property=\"og:title\" content=\"Poster: Mujer y sus colores alegres\" \/>\n<meta property=\"og:description\" content=\"&quot;Mujer y sus colores alegres&quot; by Nuria Art Mujer y sus colores alegres, es una mujer que disfruta de las monta\u00f1as, divertida, viajera, alegre. Le preocupa m\u00e1s su interior que su apariencia f\u00edsica, aunque tambi\u00e9n la cuida con simpat\u00eda. Es una mujer en evoluci\u00f3n. &nbsp;\" \/>\n<meta property=\"og:url\" content=\"https:\/\/www.raxxa.com\/en\/shop\/poster-mujer-y-sus-colores-alegres\/\" \/>\n<meta property=\"og:site_name\" content=\"raxxa\" \/>\n<meta property=\"article:publisher\" content=\"https:\/\/facebook.com\/raxxacom\" \/>\n<meta property=\"article:modified_time\" content=\"2025-11-03T06:35:28+00:00\" \/>\n<meta property=\"og:image\" content=\"https:\/\/www.raxxa.com\/wp-content\/uploads\/2024\/09\/raxxa-Wallart-324-17451-84-Nuria-Art-Mujer-y-sus-colores-alegres-16.jpg\" \/>\n\t<meta property=\"og:image:width\" content=\"1024\" \/>\n\t<meta property=\"og:image:height\" content=\"1024\" \/>\n\t<meta property=\"og:image:type\" content=\"image\/jpeg\" \/>\n<meta name=\"twitter:card\" content=\"summary_large_image\" \/>\n<meta name=\"twitter:label1\" content=\"Availability\" \/>\n\t<meta name=\"twitter:data1\" content=\"In stock\" \/>\n<script type=\"application\/ld+json\" class=\"yoast-schema-graph\">{\"@context\":\"https:\\\/\\\/schema.org\",\"@graph\":[{\"@type\":[\"WebPage\",\"ItemPage\"],\"@id\":\"https:\\\/\\\/www.raxxa.com\\\/shop\\\/poster-mujer-y-sus-colores-alegres\\\/\",\"url\":\"https:\\\/\\\/www.raxxa.com\\\/shop\\\/poster-mujer-y-sus-colores-alegres\\\/\",\"name\":\"Poster: Mujer y sus colores alegres - raxxa\",\"isPartOf\":{\"@id\":\"https:\\\/\\\/www.raxxa.com\\\/#website\"},\"primaryImageOfPage\":{\"@id\":\"https:\\\/\\\/www.raxxa.com\\\/shop\\\/poster-mujer-y-sus-colores-alegres\\\/#primaryimage\"},\"image\":{\"@id\":\"https:\\\/\\\/www.raxxa.com\\\/shop\\\/poster-mujer-y-sus-colores-alegres\\\/#primaryimage\"},\"thumbnailUrl\":\"https:\\\/\\\/www.raxxa.com\\\/wp-content\\\/uploads\\\/2024\\\/09\\\/raxxa-Wallart-324-17451-84-Nuria-Art-Mujer-y-sus-colores-alegres-16.jpg\",\"datePublished\":\"2024-09-01T08:34:16+00:00\",\"dateModified\":\"2025-11-03T06:35:28+00:00\",\"breadcrumb\":{\"@id\":\"https:\\\/\\\/www.raxxa.com\\\/shop\\\/poster-mujer-y-sus-colores-alegres\\\/#breadcrumb\"},\"inLanguage\":\"en-US\",\"potentialAction\":[{\"@type\":\"ReadAction\",\"target\":[\"https:\\\/\\\/www.raxxa.com\\\/shop\\\/poster-mujer-y-sus-colores-alegres\\\/\"]}]},{\"@type\":\"ImageObject\",\"inLanguage\":\"en-US\",\"@id\":\"https:\\\/\\\/www.raxxa.com\\\/shop\\\/poster-mujer-y-sus-colores-alegres\\\/#primaryimage\",\"url\":\"https:\\\/\\\/www.raxxa.com\\\/wp-content\\\/uploads\\\/2024\\\/09\\\/raxxa-Wallart-324-17451-84-Nuria-Art-Mujer-y-sus-colores-alegres-16.jpg\",\"contentUrl\":\"https:\\\/\\\/www.raxxa.com\\\/wp-content\\\/uploads\\\/2024\\\/09\\\/raxxa-Wallart-324-17451-84-Nuria-Art-Mujer-y-sus-colores-alegres-16.jpg\",\"width\":1024,\"height\":1024},{\"@type\":\"BreadcrumbList\",\"@id\":\"https:\\\/\\\/www.raxxa.com\\\/shop\\\/poster-mujer-y-sus-colores-alegres\\\/#breadcrumb\",\"itemListElement\":[{\"@type\":\"ListItem\",\"position\":1,\"name\":\"Startseite\",\"item\":\"https:\\\/\\\/www.raxxa.com\\\/\"},{\"@type\":\"ListItem\",\"position\":2,\"name\":\"Shop\",\"item\":\"https:\\\/\\\/www.raxxa.com\\\/it\\\/shop\\\/\"},{\"@type\":\"ListItem\",\"position\":3,\"name\":\"Poster: Mujer y sus colores alegres\"}]},{\"@type\":\"WebSite\",\"@id\":\"https:\\\/\\\/www.raxxa.com\\\/#website\",\"url\":\"https:\\\/\\\/www.raxxa.com\\\/\",\"name\":\"raxxa\",\"description\":\"Einzigartige individuelle Produkte von unseren Designern\",\"publisher\":{\"@id\":\"https:\\\/\\\/www.raxxa.com\\\/#organization\"},\"potentialAction\":[{\"@type\":\"SearchAction\",\"target\":{\"@type\":\"EntryPoint\",\"urlTemplate\":\"https:\\\/\\\/www.raxxa.com\\\/?s={search_term_string}\"},\"query-input\":{\"@type\":\"PropertyValueSpecification\",\"valueRequired\":true,\"valueName\":\"search_term_string\"}}],\"inLanguage\":\"en-US\"},{\"@type\":\"Organization\",\"@id\":\"https:\\\/\\\/www.raxxa.com\\\/#organization\",\"name\":\"raxxa\",\"url\":\"https:\\\/\\\/www.raxxa.com\\\/\",\"logo\":{\"@type\":\"ImageObject\",\"inLanguage\":\"en-US\",\"@id\":\"https:\\\/\\\/www.raxxa.com\\\/#\\\/schema\\\/logo\\\/image\\\/\",\"url\":\"https:\\\/\\\/www.raxxa.com\\\/wp-content\\\/uploads\\\/2022\\\/07\\\/logo_v2.png\",\"contentUrl\":\"https:\\\/\\\/www.raxxa.com\\\/wp-content\\\/uploads\\\/2022\\\/07\\\/logo_v2.png\",\"width\":380,\"height\":382,\"caption\":\"raxxa\"},\"image\":{\"@id\":\"https:\\\/\\\/www.raxxa.com\\\/#\\\/schema\\\/logo\\\/image\\\/\"},\"sameAs\":[\"https:\\\/\\\/facebook.com\\\/raxxacom\"]}]}<\/script>\n<meta property=\"og:availability\" content=\"instock\" \/>\n<meta property=\"product:availability\" content=\"instock\" \/>\n<meta property=\"product:retailer_item_id\" content=\"1-84-17451-324\" \/>\n<meta property=\"product:condition\" content=\"new\" \/>\n<!-- \/ Yoast SEO Premium plugin. -->","yoast_head_json":{"title":"Poster: Mujer y sus colores alegres - raxxa","robots":{"index":"index","follow":"follow","max-snippet":"max-snippet:-1","max-image-preview":"max-image-preview:large","max-video-preview":"max-video-preview:-1"},"canonical":"https:\/\/www.raxxa.com\/en\/shop\/poster-mujer-y-sus-colores-alegres\/","og_locale":"en_US","og_type":"article","og_title":"Poster: Mujer y sus colores alegres","og_description":"&quot;Mujer y sus colores alegres&quot; by Nuria Art Mujer y sus colores alegres, es una mujer que disfruta de las monta\u00f1as, divertida, viajera, alegre. Le preocupa m\u00e1s su interior que su apariencia f\u00edsica, aunque tambi\u00e9n la cuida con simpat\u00eda. Es una mujer en evoluci\u00f3n. &nbsp;","og_url":"https:\/\/www.raxxa.com\/en\/shop\/poster-mujer-y-sus-colores-alegres\/","og_site_name":"raxxa","article_publisher":"https:\/\/facebook.com\/raxxacom","article_modified_time":"2025-11-03T06:35:28+00:00","og_image":[{"width":1024,"height":1024,"url":"https:\/\/www.raxxa.com\/wp-content\/uploads\/2024\/09\/raxxa-Wallart-324-17451-84-Nuria-Art-Mujer-y-sus-colores-alegres-16.jpg","type":"image\/jpeg"}],"twitter_card":"summary_large_image","twitter_misc":{"Availability":"In stock"},"schema":{"@context":"https:\/\/schema.org","@graph":[{"@type":["WebPage","ItemPage"],"@id":"https:\/\/www.raxxa.com\/shop\/poster-mujer-y-sus-colores-alegres\/","url":"https:\/\/www.raxxa.com\/shop\/poster-mujer-y-sus-colores-alegres\/","name":"Poster: Mujer y sus colores alegres - raxxa","isPartOf":{"@id":"https:\/\/www.raxxa.com\/#website"},"primaryImageOfPage":{"@id":"https:\/\/www.raxxa.com\/shop\/poster-mujer-y-sus-colores-alegres\/#primaryimage"},"image":{"@id":"https:\/\/www.raxxa.com\/shop\/poster-mujer-y-sus-colores-alegres\/#primaryimage"},"thumbnailUrl":"https:\/\/www.raxxa.com\/wp-content\/uploads\/2024\/09\/raxxa-Wallart-324-17451-84-Nuria-Art-Mujer-y-sus-colores-alegres-16.jpg","datePublished":"2024-09-01T08:34:16+00:00","dateModified":"2025-11-03T06:35:28+00:00","breadcrumb":{"@id":"https:\/\/www.raxxa.com\/shop\/poster-mujer-y-sus-colores-alegres\/#breadcrumb"},"inLanguage":"en-US","potentialAction":[{"@type":"ReadAction","target":["https:\/\/www.raxxa.com\/shop\/poster-mujer-y-sus-colores-alegres\/"]}]},{"@type":"ImageObject","inLanguage":"en-US","@id":"https:\/\/www.raxxa.com\/shop\/poster-mujer-y-sus-colores-alegres\/#primaryimage","url":"https:\/\/www.raxxa.com\/wp-content\/uploads\/2024\/09\/raxxa-Wallart-324-17451-84-Nuria-Art-Mujer-y-sus-colores-alegres-16.jpg","contentUrl":"https:\/\/www.raxxa.com\/wp-content\/uploads\/2024\/09\/raxxa-Wallart-324-17451-84-Nuria-Art-Mujer-y-sus-colores-alegres-16.jpg","width":1024,"height":1024},{"@type":"BreadcrumbList","@id":"https:\/\/www.raxxa.com\/shop\/poster-mujer-y-sus-colores-alegres\/#breadcrumb","itemListElement":[{"@type":"ListItem","position":1,"name":"Startseite","item":"https:\/\/www.raxxa.com\/"},{"@type":"ListItem","position":2,"name":"Shop","item":"https:\/\/www.raxxa.com\/it\/shop\/"},{"@type":"ListItem","position":3,"name":"Poster: Mujer y sus colores alegres"}]},{"@type":"WebSite","@id":"https:\/\/www.raxxa.com\/#website","url":"https:\/\/www.raxxa.com\/","name":"raxxa","description":"Unique individual products from our designers","publisher":{"@id":"https:\/\/www.raxxa.com\/#organization"},"potentialAction":[{"@type":"SearchAction","target":{"@type":"EntryPoint","urlTemplate":"https:\/\/www.raxxa.com\/?s={search_term_string}"},"query-input":{"@type":"PropertyValueSpecification","valueRequired":true,"valueName":"search_term_string"}}],"inLanguage":"en-US"},{"@type":"Organization","@id":"https:\/\/www.raxxa.com\/#organization","name":"raxxa","url":"https:\/\/www.raxxa.com\/","logo":{"@type":"ImageObject","inLanguage":"en-US","@id":"https:\/\/www.raxxa.com\/#\/schema\/logo\/image\/","url":"https:\/\/www.raxxa.com\/wp-content\/uploads\/2022\/07\/logo_v2.png","contentUrl":"https:\/\/www.raxxa.com\/wp-content\/uploads\/2022\/07\/logo_v2.png","width":380,"height":382,"caption":"raxxa"},"image":{"@id":"https:\/\/www.raxxa.com\/#\/schema\/logo\/image\/"},"sameAs":["https:\/\/facebook.com\/raxxacom"]}]},"og_availability":"instock","product_availability":"instock","product_retailer_item_id":"1-84-17451-324","product_condition":"new"},"jetpack_sharing_enabled":true,"_links":{"self":[{"href":"https:\/\/www.raxxa.com\/en\/wp-json\/wp\/v2\/product\/204403","targetHints":{"allow":["GET"]}}],"collection":[{"href":"https:\/\/www.raxxa.com\/en\/wp-json\/wp\/v2\/product"}],"about":[{"href":"https:\/\/www.raxxa.com\/en\/wp-json\/wp\/v2\/types\/product"}],"replies":[{"embeddable":true,"href":"https:\/\/www.raxxa.com\/en\/wp-json\/wp\/v2\/comments?post=204403"}],"wp:featuredmedia":[{"embeddable":true,"href":"https:\/\/www.raxxa.com\/en\/wp-json\/wp\/v2\/media\/253798"}],"wp:attachment":[{"href":"https:\/\/www.raxxa.com\/en\/wp-json\/wp\/v2\/media?parent=204403"}],"wp:term":[{"taxonomy":"product_brand","embeddable":true,"href":"https:\/\/www.raxxa.com\/en\/wp-json\/wp\/v2\/product_brand?post=204403"},{"taxonomy":"product_cat","embeddable":true,"href":"https:\/\/www.raxxa.com\/en\/wp-json\/wp\/v2\/product_cat?post=204403"},{"taxonomy":"product_tag","embeddable":true,"href":"https:\/\/www.raxxa.com\/en\/wp-json\/wp\/v2\/product_tag?post=204403"}],"curies":[{"name":"wp","href":"https:\/\/api.w.org\/{rel}","templated":true}]}}